{"id":959,"date":"2014-07-31T19:40:05","date_gmt":"2014-07-31T19:40:05","guid":{"rendered":"https:\/\/www.travel-slovenia.si\/?page_id=959"},"modified":"2015-09-17T12:14:59","modified_gmt":"2015-09-17T12:14:59","slug":"posavski-konj","status":"publish","type":"page","link":"https:\/\/www.travel-slovenia.si\/slo\/slovensko\/posavski-konj\/","title":{"rendered":"Posavski konj"},"content":{"rendered":"<figure id=\"attachment_3608\" class=\"wp-caption alignleft\" style=\"max-width: 300px\"><img loading=\"lazy\" decoding=\"async\" class=\"size-medium wp-image-3608\" src=\"https:\/\/www.travel-slovenia.si\/slo\/wp-content\/uploads\/2014\/07\/travel-slovenia-posavski-konj-300x224.jpg\" alt=\"Posavski konj na dvori\u0161\u010du\" width=\"300\" height=\"224\" srcset=\"https:\/\/www.travel-slovenia.si\/slo\/wp-content\/uploads\/2014\/07\/travel-slovenia-posavski-konj-300x224.jpg 300w, https:\/\/www.travel-slovenia.si\/slo\/wp-content\/uploads\/2014\/07\/travel-slovenia-posavski-konj-24x18.jpg 24w, https:\/\/www.travel-slovenia.si\/slo\/wp-content\/uploads\/2014\/07\/travel-slovenia-posavski-konj-36x27.jpg 36w, https:\/\/www.travel-slovenia.si\/slo\/wp-content\/uploads\/2014\/07\/travel-slovenia-posavski-konj-48x36.jpg 48w, https:\/\/www.travel-slovenia.si\/slo\/wp-content\/uploads\/2014\/07\/travel-slovenia-posavski-konj.jpg 600w\" sizes=\"auto, (max-width: 300px) 100vw, 300px\" \/><figcaption class=\"wp-caption-text\">Posavski konj na dvori\u0161\u010du<\/figcaption><\/figure>\n<p style=\"text-align: justify;\">Ta pasma konj je zna\u010dilna za obmo\u010dje Posavja, \u0161e posebej na obmo\u010dju Kr\u0161kega polja in Bre\u017eic. Redijo pa ga tudi na Hrva\u0161kem. Pasma je nastala, ko so jo kmetje nena\u010drtno kri\u017eali s konji razli\u010dnih pasem, predvsem hladnokrvnimi belgijskega tipa. Vzreja konj je temeljila na pa\u0161nem na\u010dinu. Odlikuje pa jih dobro izkori\u0161\u010danje voluminozne krme, ki je lahko tudi slab\u0161e kakovosti. Je mirnega temperamenta in zato primeren za pa\u0161o skupaj z govedom in drobnico, s \u010dimer ugodno vpliva na strukturo rastlin na pa\u0161niku. Rodovni\u0161ko knjigo te pasme vodijo od leta 1993 dalje. Od leta 2003 je registriranih 152 rejcev, ki so vzredili 345 plemenskih kobil in \u017erebcev. Konj je v Sloveniji priznan kot avtohtona pasma konj in s tem vklju\u010den v program reje avtohtonih pasem. Do leta 2000 je bilo vpisanih 150 kobil in 18 \u017erebcev.<\/p>\n<p style=\"text-align: justify;\">Ohranjanje reje posavskih konj v Sloveniji sega v leto 1993, ko je bila uvedena rodovni\u0161ka knjiga za to pasmo. Do leta 2000 je bilo vpisanih okoli 150 kobil in 18 \u017erebcev.<\/p>\n<h3>ZNA\u010cILNOSTI PASME<\/h3>\n<p style=\"text-align: justify;\">Konj je manj\u0161e suhe glave, ravnega profila, s srednje dolgim vratom s kratkim hrbtom, kratkega in zelo \u0161irokega zmerno pobitega kri\u017ea. Ima razmeroma velika in \u010dvrsta kopita. Noge so pora\u0161\u010dene z za\u0161\u010ditno dlako. Je dobrohoten in miren. Pasma ima \u010dvrsto konstitucijo in je dobro plodna. Konj je\u00a0primeren za vprego ter za vzrejo klavnih \u017erebet.<\/p>\n","protected":false},"excerpt":{"rendered":"<p>Ta pasma konj je zna\u010dilna za obmo\u010dje Posavja, \u0161e posebej na obmo\u010dju Kr\u0161kega polja in Bre\u017eic. Redijo pa ga tudi na Hrva\u0161kem. Pasma je nastala, ko so jo kmetje nena\u010drtno kri\u017eali s konji razli\u010dnih pasem, predvsem hladnokrvnimi belgijskega tipa. Vzreja konj je temeljila na pa\u0161nem na\u010dinu. Odlikuje pa jih dobro izkori\u0161\u010danje voluminozne krme, ki je [&hellip;]<\/p>\n","protected":false},"author":111,"featured_media":0,"parent":10,"menu_order":0,"comment_status":"closed","ping_status":"closed","template":"","meta":{"footnotes":""},"class_list":["post-959","page","type-page","status-publish","hentry"],"yoast_head":"<!-- This site is optimized with the Yoast SEO plugin v25.4 - https:\/\/yoast.com\/wordpress\/plugins\/seo\/ -->\n<title>Posavski konj : Travel-Slovenia<\/title>\n<meta name=\"description\" content=\"Pasma posavski konj je zna\u010dilna za obmo\u010dje Posavja, \u0161e posebej na obmo\u010dju Kr\u0161kega polja in Bre\u017eic.\" \/>\n<meta name=\"robots\" content=\"index, follow, max-snippet:-1, max-image-preview:large, max-video-preview:-1\" \/>\n<link rel=\"canonical\" href=\"https:\/\/www.travel-slovenia.si\/slo\/slovensko\/posavski-konj\/\" \/>\n<meta property=\"og:locale\" content=\"sl_SI\" \/>\n<meta property=\"og:type\" content=\"article\" \/>\n<meta property=\"og:title\" content=\"Posavski konj : Travel-Slovenia\" \/>\n<meta property=\"og:description\" content=\"Pasma posavski konj je zna\u010dilna za obmo\u010dje Posavja, \u0161e posebej na obmo\u010dju Kr\u0161kega polja in Bre\u017eic.\" \/>\n<meta property=\"og:url\" content=\"https:\/\/www.travel-slovenia.si\/slo\/slovensko\/posavski-konj\/\" \/>\n<meta property=\"og:site_name\" content=\"Travel Slovenia - Sledite lepotam na\u0161e male dr\u017eavice\" \/>\n<meta property=\"article:modified_time\" content=\"2015-09-17T12:14:59+00:00\" \/>\n<meta property=\"og:image\" content=\"https:\/\/www.travel-slovenia.si\/slo\/wp-content\/uploads\/2014\/07\/travel-slovenia-posavski-konj.jpg\" \/>\n\t<meta property=\"og:image:width\" content=\"600\" \/>\n\t<meta property=\"og:image:height\" content=\"448\" \/>\n\t<meta property=\"og:image:type\" content=\"image\/jpeg\" \/>\n<meta name=\"twitter:card\" content=\"summary_large_image\" \/>\n<meta name=\"twitter:title\" content=\"Posavski konj : Travel-Slovenia\" \/>\n<meta name=\"twitter:description\" content=\"Pasma posavski konj je zna\u010dilna za obmo\u010dje Posavja, \u0161e posebej na obmo\u010dju Kr\u0161kega polja in Bre\u017eic.\" \/>\n<meta name=\"twitter:image\" content=\"https:\/\/www.travel-slovenia.si\/slo\/wp-content\/uploads\/2014\/07\/travel-slovenia-posavski-konj.jpg\" \/>\n<meta name=\"twitter:label1\" content=\"Est. reading time\" \/>\n\t<meta name=\"twitter:data1\" content=\"1 minuta\" \/>\n<script type=\"application\/ld+json\" class=\"yoast-schema-graph\">{\"@context\":\"https:\/\/schema.org\",\"@graph\":[{\"@type\":\"WebPage\",\"@id\":\"https:\/\/www.travel-slovenia.si\/slo\/slovensko\/posavski-konj\/\",\"url\":\"https:\/\/www.travel-slovenia.si\/slo\/slovensko\/posavski-konj\/\",\"name\":\"Posavski konj : Travel-Slovenia\",\"isPartOf\":{\"@id\":\"https:\/\/www.travel-slovenia.si\/slo\/#website\"},\"primaryImageOfPage\":{\"@id\":\"https:\/\/www.travel-slovenia.si\/slo\/slovensko\/posavski-konj\/#primaryimage\"},\"image\":{\"@id\":\"https:\/\/www.travel-slovenia.si\/slo\/slovensko\/posavski-konj\/#primaryimage\"},\"thumbnailUrl\":\"https:\/\/www.travel-slovenia.si\/slo\/wp-content\/uploads\/2014\/07\/travel-slovenia-posavski-konj-300x224.jpg\",\"datePublished\":\"2014-07-31T19:40:05+00:00\",\"dateModified\":\"2015-09-17T12:14:59+00:00\",\"description\":\"Pasma posavski konj je zna\u010dilna za obmo\u010dje Posavja, \u0161e posebej na obmo\u010dju Kr\u0161kega polja in Bre\u017eic.\",\"breadcrumb\":{\"@id\":\"https:\/\/www.travel-slovenia.si\/slo\/slovensko\/posavski-konj\/#breadcrumb\"},\"inLanguage\":\"sl-SI\",\"potentialAction\":[{\"@type\":\"ReadAction\",\"target\":[\"https:\/\/www.travel-slovenia.si\/slo\/slovensko\/posavski-konj\/\"]}]},{\"@type\":\"ImageObject\",\"inLanguage\":\"sl-SI\",\"@id\":\"https:\/\/www.travel-slovenia.si\/slo\/slovensko\/posavski-konj\/#primaryimage\",\"url\":\"https:\/\/www.travel-slovenia.si\/slo\/wp-content\/uploads\/2014\/07\/travel-slovenia-posavski-konj.jpg\",\"contentUrl\":\"https:\/\/www.travel-slovenia.si\/slo\/wp-content\/uploads\/2014\/07\/travel-slovenia-posavski-konj.jpg\",\"width\":600,\"height\":448,\"caption\":\"Posavski konj na dvori\u0161\u010du\"},{\"@type\":\"BreadcrumbList\",\"@id\":\"https:\/\/www.travel-slovenia.si\/slo\/slovensko\/posavski-konj\/#breadcrumb\",\"itemListElement\":[{\"@type\":\"ListItem\",\"position\":1,\"name\":\"Home\",\"item\":\"https:\/\/www.travel-slovenia.si\/slo\/\"},{\"@type\":\"ListItem\",\"position\":2,\"name\":\"SLOVENSKO\",\"item\":\"https:\/\/www.travel-slovenia.si\/slo\/slovensko\/\"},{\"@type\":\"ListItem\",\"position\":3,\"name\":\"Posavski konj\"}]},{\"@type\":\"WebSite\",\"@id\":\"https:\/\/www.travel-slovenia.si\/slo\/#website\",\"url\":\"https:\/\/www.travel-slovenia.si\/slo\/\",\"name\":\"Travel Slovenia - Sledite lepotam na\u0161e male dr\u017eavice\",\"description\":\"\",\"potentialAction\":[{\"@type\":\"SearchAction\",\"target\":{\"@type\":\"EntryPoint\",\"urlTemplate\":\"https:\/\/www.travel-slovenia.si\/slo\/?s={search_term_string}\"},\"query-input\":{\"@type\":\"PropertyValueSpecification\",\"valueRequired\":true,\"valueName\":\"search_term_string\"}}],\"inLanguage\":\"sl-SI\"}]}<\/script>\n<!-- \/ Yoast SEO plugin. -->","yoast_head_json":{"title":"Posavski konj : Travel-Slovenia","description":"Pasma posavski konj je zna\u010dilna za obmo\u010dje Posavja, \u0161e posebej na obmo\u010dju Kr\u0161kega polja in Bre\u017eic.","robots":{"index":"index","follow":"follow","max-snippet":"max-snippet:-1","max-image-preview":"max-image-preview:large","max-video-preview":"max-video-preview:-1"},"canonical":"https:\/\/www.travel-slovenia.si\/slo\/slovensko\/posavski-konj\/","og_locale":"sl_SI","og_type":"article","og_title":"Posavski konj : Travel-Slovenia","og_description":"Pasma posavski konj je zna\u010dilna za obmo\u010dje Posavja, \u0161e posebej na obmo\u010dju Kr\u0161kega polja in Bre\u017eic.","og_url":"https:\/\/www.travel-slovenia.si\/slo\/slovensko\/posavski-konj\/","og_site_name":"Travel Slovenia - Sledite lepotam na\u0161e male dr\u017eavice","article_modified_time":"2015-09-17T12:14:59+00:00","og_image":[{"width":600,"height":448,"url":"https:\/\/www.travel-slovenia.si\/slo\/wp-content\/uploads\/2014\/07\/travel-slovenia-posavski-konj.jpg","type":"image\/jpeg"}],"twitter_card":"summary_large_image","twitter_title":"Posavski konj : Travel-Slovenia","twitter_description":"Pasma posavski konj je zna\u010dilna za obmo\u010dje Posavja, \u0161e posebej na obmo\u010dju Kr\u0161kega polja in Bre\u017eic.","twitter_image":"https:\/\/www.travel-slovenia.si\/slo\/wp-content\/uploads\/2014\/07\/travel-slovenia-posavski-konj.jpg","twitter_misc":{"Est. reading time":"1 minuta"},"schema":{"@context":"https:\/\/schema.org","@graph":[{"@type":"WebPage","@id":"https:\/\/www.travel-slovenia.si\/slo\/slovensko\/posavski-konj\/","url":"https:\/\/www.travel-slovenia.si\/slo\/slovensko\/posavski-konj\/","name":"Posavski konj : Travel-Slovenia","isPartOf":{"@id":"https:\/\/www.travel-slovenia.si\/slo\/#website"},"primaryImageOfPage":{"@id":"https:\/\/www.travel-slovenia.si\/slo\/slovensko\/posavski-konj\/#primaryimage"},"image":{"@id":"https:\/\/www.travel-slovenia.si\/slo\/slovensko\/posavski-konj\/#primaryimage"},"thumbnailUrl":"https:\/\/www.travel-slovenia.si\/slo\/wp-content\/uploads\/2014\/07\/travel-slovenia-posavski-konj-300x224.jpg","datePublished":"2014-07-31T19:40:05+00:00","dateModified":"2015-09-17T12:14:59+00:00","description":"Pasma posavski konj je zna\u010dilna za obmo\u010dje Posavja, \u0161e posebej na obmo\u010dju Kr\u0161kega polja in Bre\u017eic.","breadcrumb":{"@id":"https:\/\/www.travel-slovenia.si\/slo\/slovensko\/posavski-konj\/#breadcrumb"},"inLanguage":"sl-SI","potentialAction":[{"@type":"ReadAction","target":["https:\/\/www.travel-slovenia.si\/slo\/slovensko\/posavski-konj\/"]}]},{"@type":"ImageObject","inLanguage":"sl-SI","@id":"https:\/\/www.travel-slovenia.si\/slo\/slovensko\/posavski-konj\/#primaryimage","url":"https:\/\/www.travel-slovenia.si\/slo\/wp-content\/uploads\/2014\/07\/travel-slovenia-posavski-konj.jpg","contentUrl":"https:\/\/www.travel-slovenia.si\/slo\/wp-content\/uploads\/2014\/07\/travel-slovenia-posavski-konj.jpg","width":600,"height":448,"caption":"Posavski konj na dvori\u0161\u010du"},{"@type":"BreadcrumbList","@id":"https:\/\/www.travel-slovenia.si\/slo\/slovensko\/posavski-konj\/#breadcrumb","itemListElement":[{"@type":"ListItem","position":1,"name":"Home","item":"https:\/\/www.travel-slovenia.si\/slo\/"},{"@type":"ListItem","position":2,"name":"SLOVENSKO","item":"https:\/\/www.travel-slovenia.si\/slo\/slovensko\/"},{"@type":"ListItem","position":3,"name":"Posavski konj"}]},{"@type":"WebSite","@id":"https:\/\/www.travel-slovenia.si\/slo\/#website","url":"https:\/\/www.travel-slovenia.si\/slo\/","name":"Travel Slovenia - Sledite lepotam na\u0161e male dr\u017eavice","description":"","potentialAction":[{"@type":"SearchAction","target":{"@type":"EntryPoint","urlTemplate":"https:\/\/www.travel-slovenia.si\/slo\/?s={search_term_string}"},"query-input":{"@type":"PropertyValueSpecification","valueRequired":true,"valueName":"search_term_string"}}],"inLanguage":"sl-SI"}]}},"post_mailing_queue_ids":[],"_links":{"self":[{"href":"https:\/\/www.travel-slovenia.si\/slo\/wp-json\/wp\/v2\/pages\/959","targetHints":{"allow":["GET"]}}],"collection":[{"href":"https:\/\/www.travel-slovenia.si\/slo\/wp-json\/wp\/v2\/pages"}],"about":[{"href":"https:\/\/www.travel-slovenia.si\/slo\/wp-json\/wp\/v2\/types\/page"}],"author":[{"embeddable":true,"href":"https:\/\/www.travel-slovenia.si\/slo\/wp-json\/wp\/v2\/users\/111"}],"replies":[{"embeddable":true,"href":"https:\/\/www.travel-slovenia.si\/slo\/wp-json\/wp\/v2\/comments?post=959"}],"version-history":[{"count":8,"href":"https:\/\/www.travel-slovenia.si\/slo\/wp-json\/wp\/v2\/pages\/959\/revisions"}],"predecessor-version":[{"id":3635,"href":"https:\/\/www.travel-slovenia.si\/slo\/wp-json\/wp\/v2\/pages\/959\/revisions\/3635"}],"up":[{"embeddable":true,"href":"https:\/\/www.travel-slovenia.si\/slo\/wp-json\/wp\/v2\/pages\/10"}],"wp:attachment":[{"href":"https:\/\/www.travel-slovenia.si\/slo\/wp-json\/wp\/v2\/media?parent=959"}],"curies":[{"name":"wp","href":"https:\/\/api.w.org\/{rel}","templated":true}]}}