{"id":941,"date":"2014-07-31T18:56:16","date_gmt":"2014-07-31T18:56:16","guid":{"rendered":"https:\/\/www.travel-slovenia.si\/?page_id=941"},"modified":"2015-10-02T12:41:08","modified_gmt":"2015-10-02T12:41:08","slug":"cikasto-govedo","status":"publish","type":"page","link":"https:\/\/www.travel-slovenia.si\/slo\/slovensko\/cikasto-govedo\/","title":{"rendered":"Cikasto govedo"},"content":{"rendered":"<figure id=\"attachment_3931\" class=\"wp-caption alignleft\" style=\"max-width: 300px\"><img loading=\"lazy\" decoding=\"async\" class=\"size-medium wp-image-3931\" src=\"https:\/\/www.travel-slovenia.si\/slo\/wp-content\/uploads\/2014\/07\/travel-slovenia-cikasto-govedo-300x225.jpg\" alt=\"Cikasto govedo med hranjenjem\" width=\"300\" height=\"225\" srcset=\"https:\/\/www.travel-slovenia.si\/slo\/wp-content\/uploads\/2014\/07\/travel-slovenia-cikasto-govedo-300x225.jpg 300w, https:\/\/www.travel-slovenia.si\/slo\/wp-content\/uploads\/2014\/07\/travel-slovenia-cikasto-govedo-24x18.jpg 24w, https:\/\/www.travel-slovenia.si\/slo\/wp-content\/uploads\/2014\/07\/travel-slovenia-cikasto-govedo-36x27.jpg 36w, https:\/\/www.travel-slovenia.si\/slo\/wp-content\/uploads\/2014\/07\/travel-slovenia-cikasto-govedo-48x36.jpg 48w, https:\/\/www.travel-slovenia.si\/slo\/wp-content\/uploads\/2014\/07\/travel-slovenia-cikasto-govedo.jpg 600w\" sizes=\"auto, (max-width: 300px) 100vw, 300px\" \/><figcaption class=\"wp-caption-text\">Cikasto govedo med hranjenjem<\/figcaption><\/figure>\n<p style=\"text-align: justify;\">Cikasto govedo ali Cika je tradicionalna slovenska pasma doma\u010dega goveda, neko\u010d zelo popularna na gorenjskem in obmo\u010dju Tolmina.<\/p>\n<p style=\"text-align: justify;\">Cikasto govedo je bilo v Sloveniji ustvarjeno s parjenjem z domorodnim keltskim govedom in pasmami pincgaver ter belanskimi biki v drugi polovici 19. stoletja.<\/p>\n<p style=\"text-align: justify;\">Ustvarili so dva tipa cikastega goveda:<br \/>\n<em>&#8211; Tolmnsko cikasto govedo, ki je ni\u017eje rasti in zato bolj primerno za pa\u0161o na pobo\u010djih,<\/em><br \/>\n<em>&#8211; Gorenjsko cikasto govedo, ki je vi\u0161je rasti in zato bolj primerno za ravninske predele<\/em><\/p>\n<figure id=\"attachment_3932\" class=\"wp-caption alignright\" style=\"max-width: 300px\"><a href=\"https:\/\/www.travel-slovenia.si\/slo\/wp-content\/uploads\/2014\/07\/travel-slovenia-cikasto-govedo-obmocje.jpg\"><img loading=\"lazy\" decoding=\"async\" class=\"wp-image-3932 size-medium\" src=\"https:\/\/www.travel-slovenia.si\/slo\/wp-content\/uploads\/2014\/07\/travel-slovenia-cikasto-govedo-obmocje-300x206.jpg\" alt=\"Obmo\u010dje cikastega goveda\" width=\"300\" height=\"206\" srcset=\"https:\/\/www.travel-slovenia.si\/slo\/wp-content\/uploads\/2014\/07\/travel-slovenia-cikasto-govedo-obmocje-300x206.jpg 300w, https:\/\/www.travel-slovenia.si\/slo\/wp-content\/uploads\/2014\/07\/travel-slovenia-cikasto-govedo-obmocje-24x16.jpg 24w, https:\/\/www.travel-slovenia.si\/slo\/wp-content\/uploads\/2014\/07\/travel-slovenia-cikasto-govedo-obmocje-36x25.jpg 36w, https:\/\/www.travel-slovenia.si\/slo\/wp-content\/uploads\/2014\/07\/travel-slovenia-cikasto-govedo-obmocje-48x33.jpg 48w, https:\/\/www.travel-slovenia.si\/slo\/wp-content\/uploads\/2014\/07\/travel-slovenia-cikasto-govedo-obmocje.jpg 600w\" sizes=\"auto, (max-width: 300px) 100vw, 300px\" \/><\/a><figcaption class=\"wp-caption-text\">Obmo\u010dje cikastega goveda<\/figcaption><\/figure>\n<p style=\"text-align: justify;\">Cika pasma je rde\u010de barve s tipi\u010dnimi belimi lisami. Bela lisa se pri\u010dne na vihru in poteka po hrbtu do repa, se po repu tudi nadaljuje, nato poteka po stegnih, trebuhu in prsnem ko\u0161u ter \u010dez goleno. Bela lisa se zdru\u017ei pod vratom in naj ne bi segala preko kri\u017ene kosti. Meja med rde\u010do in belo barvo je nazob\u010dana. \u017divali dobro izkori\u0161\u010dajo krmo in imajo glede na svojo maso dobro mle\u010dnost.<\/p>\n<p style=\"text-align: justify;\">V letu 2002 je novo ustanovljeno dru\u0161tvo za ohranitev cikastega goveda v Sloveniji pri\u010delo z rejskim programom, katerega glavni cilj je obnovitev te pasme goveda.<\/p>\n","protected":false},"excerpt":{"rendered":"<p>Cikasto govedo ali Cika je tradicionalna slovenska pasma doma\u010dega goveda, neko\u010d zelo popularna na gorenjskem in obmo\u010dju Tolmina. Cikasto govedo je bilo v Sloveniji ustvarjeno s parjenjem z domorodnim keltskim govedom in pasmami pincgaver ter belanskimi biki v drugi polovici 19. stoletja. Ustvarili so dva tipa cikastega goveda: &#8211; Tolmnsko cikasto govedo, ki je ni\u017eje [&hellip;]<\/p>\n","protected":false},"author":111,"featured_media":0,"parent":10,"menu_order":0,"comment_status":"closed","ping_status":"closed","template":"","meta":{"footnotes":""},"class_list":["post-941","page","type-page","status-publish","hentry"],"yoast_head":"<!-- This site is optimized with the Yoast SEO plugin v25.4 - https:\/\/yoast.com\/wordpress\/plugins\/seo\/ -->\n<title>Cikasto govedo : Travel-Slovenia<\/title>\n<meta name=\"description\" content=\"Cikasto govedo ali Cika je tradicionalna slovenska pasma doma\u010dega goveda, neko\u010d zelo popularna na gorenjskem in obmo\u010dju Tolmina.\" \/>\n<meta name=\"robots\" content=\"index, follow, max-snippet:-1, max-image-preview:large, max-video-preview:-1\" \/>\n<link rel=\"canonical\" href=\"https:\/\/www.travel-slovenia.si\/slo\/slovensko\/cikasto-govedo\/\" \/>\n<meta property=\"og:locale\" content=\"sl_SI\" \/>\n<meta property=\"og:type\" content=\"article\" \/>\n<meta property=\"og:title\" content=\"Cikasto govedo : Travel-Slovenia\" \/>\n<meta property=\"og:description\" content=\"Cikasto govedo ali Cika je tradicionalna slovenska pasma doma\u010dega goveda, neko\u010d zelo popularna na gorenjskem in obmo\u010dju Tolmina.\" \/>\n<meta property=\"og:url\" content=\"https:\/\/www.travel-slovenia.si\/slo\/slovensko\/cikasto-govedo\/\" \/>\n<meta property=\"og:site_name\" content=\"Travel Slovenia - Sledite lepotam na\u0161e male dr\u017eavice\" \/>\n<meta property=\"article:modified_time\" content=\"2015-10-02T12:41:08+00:00\" \/>\n<meta property=\"og:image\" content=\"https:\/\/www.travel-slovenia.si\/slo\/wp-content\/uploads\/2014\/07\/travel-slovenia-cikasto-govedo.jpg\" \/>\n\t<meta property=\"og:image:width\" content=\"600\" \/>\n\t<meta property=\"og:image:height\" content=\"450\" \/>\n\t<meta property=\"og:image:type\" content=\"image\/jpeg\" \/>\n<meta name=\"twitter:card\" content=\"summary_large_image\" \/>\n<meta name=\"twitter:title\" content=\"Cikasto govedo : Travel-Slovenia\" \/>\n<meta name=\"twitter:description\" content=\"Cikasto govedo ali Cika je tradicionalna slovenska pasma doma\u010dega goveda, neko\u010d zelo popularna na gorenjskem in obmo\u010dju Tolmina.\" \/>\n<meta name=\"twitter:image\" content=\"https:\/\/www.travel-slovenia.si\/slo\/wp-content\/uploads\/2014\/07\/travel-slovenia-cikasto-govedo.jpg\" \/>\n<meta name=\"twitter:label1\" content=\"Est. reading time\" \/>\n\t<meta name=\"twitter:data1\" content=\"1 minuta\" \/>\n<script type=\"application\/ld+json\" class=\"yoast-schema-graph\">{\"@context\":\"https:\/\/schema.org\",\"@graph\":[{\"@type\":\"WebPage\",\"@id\":\"https:\/\/www.travel-slovenia.si\/slo\/slovensko\/cikasto-govedo\/\",\"url\":\"https:\/\/www.travel-slovenia.si\/slo\/slovensko\/cikasto-govedo\/\",\"name\":\"Cikasto govedo : Travel-Slovenia\",\"isPartOf\":{\"@id\":\"https:\/\/www.travel-slovenia.si\/slo\/#website\"},\"primaryImageOfPage\":{\"@id\":\"https:\/\/www.travel-slovenia.si\/slo\/slovensko\/cikasto-govedo\/#primaryimage\"},\"image\":{\"@id\":\"https:\/\/www.travel-slovenia.si\/slo\/slovensko\/cikasto-govedo\/#primaryimage\"},\"thumbnailUrl\":\"https:\/\/www.travel-slovenia.si\/slo\/wp-content\/uploads\/2014\/07\/travel-slovenia-cikasto-govedo-300x225.jpg\",\"datePublished\":\"2014-07-31T18:56:16+00:00\",\"dateModified\":\"2015-10-02T12:41:08+00:00\",\"description\":\"Cikasto govedo ali Cika je tradicionalna slovenska pasma doma\u010dega goveda, neko\u010d zelo popularna na gorenjskem in obmo\u010dju Tolmina.\",\"breadcrumb\":{\"@id\":\"https:\/\/www.travel-slovenia.si\/slo\/slovensko\/cikasto-govedo\/#breadcrumb\"},\"inLanguage\":\"sl-SI\",\"potentialAction\":[{\"@type\":\"ReadAction\",\"target\":[\"https:\/\/www.travel-slovenia.si\/slo\/slovensko\/cikasto-govedo\/\"]}]},{\"@type\":\"ImageObject\",\"inLanguage\":\"sl-SI\",\"@id\":\"https:\/\/www.travel-slovenia.si\/slo\/slovensko\/cikasto-govedo\/#primaryimage\",\"url\":\"https:\/\/www.travel-slovenia.si\/slo\/wp-content\/uploads\/2014\/07\/travel-slovenia-cikasto-govedo.jpg\",\"contentUrl\":\"https:\/\/www.travel-slovenia.si\/slo\/wp-content\/uploads\/2014\/07\/travel-slovenia-cikasto-govedo.jpg\",\"width\":600,\"height\":450,\"caption\":\"Cikasto govedo med hranjenjem\"},{\"@type\":\"BreadcrumbList\",\"@id\":\"https:\/\/www.travel-slovenia.si\/slo\/slovensko\/cikasto-govedo\/#breadcrumb\",\"itemListElement\":[{\"@type\":\"ListItem\",\"position\":1,\"name\":\"Home\",\"item\":\"https:\/\/www.travel-slovenia.si\/slo\/\"},{\"@type\":\"ListItem\",\"position\":2,\"name\":\"SLOVENSKO\",\"item\":\"https:\/\/www.travel-slovenia.si\/slo\/slovensko\/\"},{\"@type\":\"ListItem\",\"position\":3,\"name\":\"Cikasto govedo\"}]},{\"@type\":\"WebSite\",\"@id\":\"https:\/\/www.travel-slovenia.si\/slo\/#website\",\"url\":\"https:\/\/www.travel-slovenia.si\/slo\/\",\"name\":\"Travel Slovenia - Sledite lepotam na\u0161e male dr\u017eavice\",\"description\":\"\",\"potentialAction\":[{\"@type\":\"SearchAction\",\"target\":{\"@type\":\"EntryPoint\",\"urlTemplate\":\"https:\/\/www.travel-slovenia.si\/slo\/?s={search_term_string}\"},\"query-input\":{\"@type\":\"PropertyValueSpecification\",\"valueRequired\":true,\"valueName\":\"search_term_string\"}}],\"inLanguage\":\"sl-SI\"}]}<\/script>\n<!-- \/ Yoast SEO plugin. -->","yoast_head_json":{"title":"Cikasto govedo : Travel-Slovenia","description":"Cikasto govedo ali Cika je tradicionalna slovenska pasma doma\u010dega goveda, neko\u010d zelo popularna na gorenjskem in obmo\u010dju Tolmina.","robots":{"index":"index","follow":"follow","max-snippet":"max-snippet:-1","max-image-preview":"max-image-preview:large","max-video-preview":"max-video-preview:-1"},"canonical":"https:\/\/www.travel-slovenia.si\/slo\/slovensko\/cikasto-govedo\/","og_locale":"sl_SI","og_type":"article","og_title":"Cikasto govedo : Travel-Slovenia","og_description":"Cikasto govedo ali Cika je tradicionalna slovenska pasma doma\u010dega goveda, neko\u010d zelo popularna na gorenjskem in obmo\u010dju Tolmina.","og_url":"https:\/\/www.travel-slovenia.si\/slo\/slovensko\/cikasto-govedo\/","og_site_name":"Travel Slovenia - Sledite lepotam na\u0161e male dr\u017eavice","article_modified_time":"2015-10-02T12:41:08+00:00","og_image":[{"width":600,"height":450,"url":"https:\/\/www.travel-slovenia.si\/slo\/wp-content\/uploads\/2014\/07\/travel-slovenia-cikasto-govedo.jpg","type":"image\/jpeg"}],"twitter_card":"summary_large_image","twitter_title":"Cikasto govedo : Travel-Slovenia","twitter_description":"Cikasto govedo ali Cika je tradicionalna slovenska pasma doma\u010dega goveda, neko\u010d zelo popularna na gorenjskem in obmo\u010dju Tolmina.","twitter_image":"https:\/\/www.travel-slovenia.si\/slo\/wp-content\/uploads\/2014\/07\/travel-slovenia-cikasto-govedo.jpg","twitter_misc":{"Est. reading time":"1 minuta"},"schema":{"@context":"https:\/\/schema.org","@graph":[{"@type":"WebPage","@id":"https:\/\/www.travel-slovenia.si\/slo\/slovensko\/cikasto-govedo\/","url":"https:\/\/www.travel-slovenia.si\/slo\/slovensko\/cikasto-govedo\/","name":"Cikasto govedo : Travel-Slovenia","isPartOf":{"@id":"https:\/\/www.travel-slovenia.si\/slo\/#website"},"primaryImageOfPage":{"@id":"https:\/\/www.travel-slovenia.si\/slo\/slovensko\/cikasto-govedo\/#primaryimage"},"image":{"@id":"https:\/\/www.travel-slovenia.si\/slo\/slovensko\/cikasto-govedo\/#primaryimage"},"thumbnailUrl":"https:\/\/www.travel-slovenia.si\/slo\/wp-content\/uploads\/2014\/07\/travel-slovenia-cikasto-govedo-300x225.jpg","datePublished":"2014-07-31T18:56:16+00:00","dateModified":"2015-10-02T12:41:08+00:00","description":"Cikasto govedo ali Cika je tradicionalna slovenska pasma doma\u010dega goveda, neko\u010d zelo popularna na gorenjskem in obmo\u010dju Tolmina.","breadcrumb":{"@id":"https:\/\/www.travel-slovenia.si\/slo\/slovensko\/cikasto-govedo\/#breadcrumb"},"inLanguage":"sl-SI","potentialAction":[{"@type":"ReadAction","target":["https:\/\/www.travel-slovenia.si\/slo\/slovensko\/cikasto-govedo\/"]}]},{"@type":"ImageObject","inLanguage":"sl-SI","@id":"https:\/\/www.travel-slovenia.si\/slo\/slovensko\/cikasto-govedo\/#primaryimage","url":"https:\/\/www.travel-slovenia.si\/slo\/wp-content\/uploads\/2014\/07\/travel-slovenia-cikasto-govedo.jpg","contentUrl":"https:\/\/www.travel-slovenia.si\/slo\/wp-content\/uploads\/2014\/07\/travel-slovenia-cikasto-govedo.jpg","width":600,"height":450,"caption":"Cikasto govedo med hranjenjem"},{"@type":"BreadcrumbList","@id":"https:\/\/www.travel-slovenia.si\/slo\/slovensko\/cikasto-govedo\/#breadcrumb","itemListElement":[{"@type":"ListItem","position":1,"name":"Home","item":"https:\/\/www.travel-slovenia.si\/slo\/"},{"@type":"ListItem","position":2,"name":"SLOVENSKO","item":"https:\/\/www.travel-slovenia.si\/slo\/slovensko\/"},{"@type":"ListItem","position":3,"name":"Cikasto govedo"}]},{"@type":"WebSite","@id":"https:\/\/www.travel-slovenia.si\/slo\/#website","url":"https:\/\/www.travel-slovenia.si\/slo\/","name":"Travel Slovenia - Sledite lepotam na\u0161e male dr\u017eavice","description":"","potentialAction":[{"@type":"SearchAction","target":{"@type":"EntryPoint","urlTemplate":"https:\/\/www.travel-slovenia.si\/slo\/?s={search_term_string}"},"query-input":{"@type":"PropertyValueSpecification","valueRequired":true,"valueName":"search_term_string"}}],"inLanguage":"sl-SI"}]}},"post_mailing_queue_ids":[],"_links":{"self":[{"href":"https:\/\/www.travel-slovenia.si\/slo\/wp-json\/wp\/v2\/pages\/941","targetHints":{"allow":["GET"]}}],"collection":[{"href":"https:\/\/www.travel-slovenia.si\/slo\/wp-json\/wp\/v2\/pages"}],"about":[{"href":"https:\/\/www.travel-slovenia.si\/slo\/wp-json\/wp\/v2\/types\/page"}],"author":[{"embeddable":true,"href":"https:\/\/www.travel-slovenia.si\/slo\/wp-json\/wp\/v2\/users\/111"}],"replies":[{"embeddable":true,"href":"https:\/\/www.travel-slovenia.si\/slo\/wp-json\/wp\/v2\/comments?post=941"}],"version-history":[{"count":16,"href":"https:\/\/www.travel-slovenia.si\/slo\/wp-json\/wp\/v2\/pages\/941\/revisions"}],"predecessor-version":[{"id":3933,"href":"https:\/\/www.travel-slovenia.si\/slo\/wp-json\/wp\/v2\/pages\/941\/revisions\/3933"}],"up":[{"embeddable":true,"href":"https:\/\/www.travel-slovenia.si\/slo\/wp-json\/wp\/v2\/pages\/10"}],"wp:attachment":[{"href":"https:\/\/www.travel-slovenia.si\/slo\/wp-json\/wp\/v2\/media?parent=941"}],"curies":[{"name":"wp","href":"https:\/\/api.w.org\/{rel}","templated":true}]}}