{"id":9210,"date":"2021-03-17T22:37:36","date_gmt":"2021-03-17T21:37:36","guid":{"rendered":"https:\/\/www.travel-slovenia.si\/slo\/?page_id=9210"},"modified":"2021-03-22T11:31:28","modified_gmt":"2021-03-22T10:31:28","slug":"travel-slovenia-vas-vabi-na-odkrivanje-slovenije","status":"publish","type":"page","link":"https:\/\/www.travel-slovenia.si\/slo\/travel-slovenia-vas-vabi-na-odkrivanje-slovenije\/","title":{"rendered":"Travel-Slovenia vas vabi na odkrivanje Slovenije"},"content":{"rendered":"<p><img loading=\"lazy\" decoding=\"async\" class=\"aligncenter wp-image-7001 size-medium\" src=\"https:\/\/www.travel-slovenia.si\/slo\/wp-content\/uploads\/2016\/10\/travel-slovenia-oglasevanje-logo-SI-300x149.jpg\" alt=\"\" width=\"300\" height=\"149\" srcset=\"https:\/\/www.travel-slovenia.si\/slo\/wp-content\/uploads\/2016\/10\/travel-slovenia-oglasevanje-logo-SI-300x149.jpg 300w, https:\/\/www.travel-slovenia.si\/slo\/wp-content\/uploads\/2016\/10\/travel-slovenia-oglasevanje-logo-SI-24x12.jpg 24w, https:\/\/www.travel-slovenia.si\/slo\/wp-content\/uploads\/2016\/10\/travel-slovenia-oglasevanje-logo-SI-36x18.jpg 36w, https:\/\/www.travel-slovenia.si\/slo\/wp-content\/uploads\/2016\/10\/travel-slovenia-oglasevanje-logo-SI-48x24.jpg 48w, https:\/\/www.travel-slovenia.si\/slo\/wp-content\/uploads\/2016\/10\/travel-slovenia-oglasevanje-logo-SI.jpg 600w\" sizes=\"auto, (max-width: 300px) 100vw, 300px\" \/><\/p>\n<p style=\"text-align: justify;\">Travel-Slovenia v sodelovanju z Dragon Lines organizira spletna vodenja <strong>V \u017dIVO<\/strong>, kjer bomo odkrivali Ljubljano, Kamnik, Bled, \u0160kofjo loko in druge kraje po Sloveniji. Odpeljali vas bomo na vodenje v \u017eivo\u00a0s profesionalnim turisti\u010dnim vodi\u010dem Draganom, ki ima ve\u010d letne izku\u0161nje na tem podro\u010dju. Skupaj bomo spoznavali mnoga zanimiva dejstva o krajih, obenem pa boste lahko tudi kaj povpra\u0161ali. Sprehod skozi sedanjost, prihodnost in zgodovino. Vodenja po Ljubljani bodo obogatena s TaleUp aplikacijo, ki vam bo mesto prikazala v \u010disto druga\u010dni lu\u010di.<\/p>\n<p style=\"text-align: justify;\">Rezervirajte svoj termin preko e-po\u0161te <span style=\"color: #7fa540;\"><strong><em>travel.slovenia.en@gmail.com<\/em><\/strong><\/span> in se podajte na dogodiv\u0161\u010dino raziskovanja Slovenije in njenih lepot. V kolikor pa vam bi bilo vodenje v\u0161e\u010dno, nas lahko tudi podprete s prispevkom preko PayPala<\/p>\nRead article for donation information.\n<p style=\"text-align: center;\">_________________<\/p>\n<p><iframe loading=\"lazy\" title=\"Travel-Slovenia vas vabi na odkrivanje Slovenije\" width=\"640\" height=\"360\" src=\"https:\/\/www.youtube.com\/embed\/Ocn1sSm4rUM?feature=oembed\" frameborder=\"0\" allow=\"accelerometer; autoplay; clipboard-write; encrypted-media; gyroscope; picture-in-picture; web-share\" referrerpolicy=\"strict-origin-when-cross-origin\" allowfullscreen><\/iframe><\/p>\n<p style=\"text-align: center;\">_________________<\/p>\n<h2 style=\"text-align: justify;\"><span style=\"color: #7fa540;\">LJUBLJANA<\/span><\/h2>\n<ul>\n<li style=\"text-align: justify;\"><strong>POT PO LJUBLJANI 1<\/strong><br \/>\nLjubljana, kljub temu, da je glavno mesto Slovenije, ni veliko mesto, a ima veliko za pokazati. Tromostovje, Pre\u0161ernov trg, Mesarski in Zmajski most, stolnico in magistrat &#8211; vsi prepolni lepote in zanimivih zgodb.<\/li>\n<li style=\"text-align: justify;\"><strong>POT PO LJUBLJANI 2<\/strong><br \/>\nNa\u0161 najve\u010dji arhitekt Jo\u017ee Ple\u010dnik je izdelal na\u010drte za mnoge \u010dudovite mojstrovine, ki si jih lahko ogledamo v \u017eivo: Tromostovje, arkade ob Ljubljanici, Trnovski most \u010dez Grada\u0161\u010dico, Narodno univerzitetno knji\u017enico NUK, Vegova ulica, Kongresni trg, \u017dale in \u0161e mnogo drugega. Stopite z nami po poti Jo\u017eeta Ple\u010dnika in spoznajte Ljubljano kot si jo je zamislil.<\/li>\n<li style=\"text-align: justify;\"><strong>POT PO LJUBLJANI 3<\/strong><br \/>\nPred ve\u010d kot dva tiso\u010d leti so Rimljani naselili obmo\u010dje, kjer danes le\u017ei Ljubljana. Ostanke te kulture, ki je bila neverjetno razvita lahko vidimo \u0161e danes. Spoznajte prebivalce nekdanje Emone, ki so se razvili ravno na tem obmo\u010dju, sprehodimo se v preteklost in spoznajmo njihovo \u017eivljenje.<\/li>\n<\/ul>\n<p><img loading=\"lazy\" decoding=\"async\" class=\"aligncenter size-full wp-image-9244\" src=\"https:\/\/www.travel-slovenia.si\/slo\/wp-content\/uploads\/2021\/03\/travel-slovenia-odkrivajte-ljubljano.jpg\" alt=\"\" width=\"1000\" height=\"750\" srcset=\"https:\/\/www.travel-slovenia.si\/slo\/wp-content\/uploads\/2021\/03\/travel-slovenia-odkrivajte-ljubljano.jpg 1000w, https:\/\/www.travel-slovenia.si\/slo\/wp-content\/uploads\/2021\/03\/travel-slovenia-odkrivajte-ljubljano-300x225.jpg 300w, https:\/\/www.travel-slovenia.si\/slo\/wp-content\/uploads\/2021\/03\/travel-slovenia-odkrivajte-ljubljano-768x576.jpg 768w, https:\/\/www.travel-slovenia.si\/slo\/wp-content\/uploads\/2021\/03\/travel-slovenia-odkrivajte-ljubljano-24x18.jpg 24w, https:\/\/www.travel-slovenia.si\/slo\/wp-content\/uploads\/2021\/03\/travel-slovenia-odkrivajte-ljubljano-36x27.jpg 36w, https:\/\/www.travel-slovenia.si\/slo\/wp-content\/uploads\/2021\/03\/travel-slovenia-odkrivajte-ljubljano-48x36.jpg 48w\" sizes=\"auto, (max-width: 1000px) 100vw, 1000px\" \/><\/p>\n<p style=\"text-align: center;\">_________________<\/p>\n<h2 style=\"text-align: justify;\"><span style=\"color: #7fa540;\">BLED<\/span><\/h2>\n<p style=\"text-align: justify;\">Je prvi in najlep\u0161i biser Slovenije. Ali ste vedeli, da je blejski otok s cerkvico postal eden izmed mednarodnih simbolov za turizem? Eifflov stolp, Kolosej, londonski most in blejski otok se najpogosteje pojavljajo na fotografijah, ki jih vidimo izobe\u0161ene po turisti\u010dnih agencijah, ki ho\u010dejo privabiti turiste naj se z njimi podajo na potovanje. Celo na Kitajskem promovirajo (svoje) destinacije s sliko blejskega otoka, tako velika znamenitost je postal.<\/p>\n<p style=\"text-align: justify;\">Toda \u010darobnost Bleda ni le v otoku s cerkvijo Marijinega vnebovzetja. Ob jezeru se nahaja tudi misti\u010dni grad, ki kraljuje visoko nad jezerom, kot da bi \u010duval dragulj sredi jezera &#8211; otok.<\/p>\n<p style=\"text-align: justify;\">Ampak lahko na Bledu do\u017eivite \u0161e veliko ve\u010d, saj se tu nahajajo neverjetno zanimive lokacije. Podajte se na pot z nami in do\u017eivite Bled v vsem njegovem sijaju.<\/p>\n<p><img loading=\"lazy\" decoding=\"async\" class=\"aligncenter size-full wp-image-9237\" src=\"https:\/\/www.travel-slovenia.si\/slo\/wp-content\/uploads\/2021\/03\/travel-slovenia-odkrivajte-Bled.jpg\" alt=\"\" width=\"1000\" height=\"750\" srcset=\"https:\/\/www.travel-slovenia.si\/slo\/wp-content\/uploads\/2021\/03\/travel-slovenia-odkrivajte-Bled.jpg 1000w, https:\/\/www.travel-slovenia.si\/slo\/wp-content\/uploads\/2021\/03\/travel-slovenia-odkrivajte-Bled-300x225.jpg 300w, https:\/\/www.travel-slovenia.si\/slo\/wp-content\/uploads\/2021\/03\/travel-slovenia-odkrivajte-Bled-768x576.jpg 768w, https:\/\/www.travel-slovenia.si\/slo\/wp-content\/uploads\/2021\/03\/travel-slovenia-odkrivajte-Bled-24x18.jpg 24w, https:\/\/www.travel-slovenia.si\/slo\/wp-content\/uploads\/2021\/03\/travel-slovenia-odkrivajte-Bled-36x27.jpg 36w, https:\/\/www.travel-slovenia.si\/slo\/wp-content\/uploads\/2021\/03\/travel-slovenia-odkrivajte-Bled-48x36.jpg 48w\" sizes=\"auto, (max-width: 1000px) 100vw, 1000px\" \/><\/p>\n<p style=\"text-align: center;\">_________________<\/p>\n<h2 style=\"text-align: justify;\"><span style=\"color: #7fa540;\">KAMNIK<\/span><\/h2>\n<p style=\"text-align: justify;\">Prisr\u010dno mestece na severu Slovenije, ki je bilo omenjeno \u017ee leta 1061. Tu je bila v srednjem veku kovnica denarja, ko je bil Kamnik poleg Ljubljane najvplivnej\u0161e de\u017eelno mesto.<\/p>\n<p style=\"text-align: justify;\">Prijeten sprehod \u010dez \u0160utno do Malega gradu in naprej do kraljeve \u017eelezni\u0161ke postaje nas bo o\u010daral s svojim pridihom preteklosti. V tem malem mestecu se je rodil sloviti general Rudolf Meister, Ple\u010dnik pa je tu naredil eno svojih najlep\u0161ih del &#8211; Bo\u017eji grob, katere video si lahko ogledate <a href=\"https:\/\/youtu.be\/iB1oh-9EPr8\" target=\"_blank\" rel=\"noopener noreferrer\"><strong>TUKAJ<\/strong><\/a>.<\/p>\n<p><img loading=\"lazy\" decoding=\"async\" class=\"aligncenter size-full wp-image-9235\" src=\"https:\/\/www.travel-slovenia.si\/slo\/wp-content\/uploads\/2021\/03\/travel-slovenia-odkrivajte-Kamnik.jpg\" alt=\"\" width=\"1000\" height=\"750\" srcset=\"https:\/\/www.travel-slovenia.si\/slo\/wp-content\/uploads\/2021\/03\/travel-slovenia-odkrivajte-Kamnik.jpg 1000w, https:\/\/www.travel-slovenia.si\/slo\/wp-content\/uploads\/2021\/03\/travel-slovenia-odkrivajte-Kamnik-300x225.jpg 300w, https:\/\/www.travel-slovenia.si\/slo\/wp-content\/uploads\/2021\/03\/travel-slovenia-odkrivajte-Kamnik-768x576.jpg 768w, https:\/\/www.travel-slovenia.si\/slo\/wp-content\/uploads\/2021\/03\/travel-slovenia-odkrivajte-Kamnik-24x18.jpg 24w, https:\/\/www.travel-slovenia.si\/slo\/wp-content\/uploads\/2021\/03\/travel-slovenia-odkrivajte-Kamnik-36x27.jpg 36w, https:\/\/www.travel-slovenia.si\/slo\/wp-content\/uploads\/2021\/03\/travel-slovenia-odkrivajte-Kamnik-48x36.jpg 48w\" sizes=\"auto, (max-width: 1000px) 100vw, 1000px\" \/><\/p>\n<p style=\"text-align: center;\">_________________<\/p>\n<h2 style=\"text-align: justify;\"><span style=\"color: #7fa540;\">\u0160KOFJA LOKA<\/span><\/h2>\n<p style=\"text-align: justify;\">Mesto velja za eno najstarej\u0161ih srednjeve\u0161kih mest na na\u0161ih tleh. Prvi\u010d je bilo omenjeno \u017ee leta 973 z imenom Lonca.<\/p>\n<p style=\"text-align: justify;\">Zanimivost \u0161kofjelo\u0161kega grba je zamorec, ki je povezan z legendo o freisin\u0161kem zemlji\u0161kem gospodu, Abrahamu, ki ga je na poti v Poljansko dolino napadel medved. Abrahamov podlo\u017enik, po poreklu Afri\u010dan, je medveda ubil. V zahvalo, ker mu je re\u0161il \u017eivljenje, pa je Abraham njegovo podobo dal vstaviti v mestni grb. Na poti bomo sli\u0161ali tak\u0161ne in druga\u010dne zgodbe mesta, zato se kar hitro podajte na pot z nami.<\/p>\n<p><img loading=\"lazy\" decoding=\"async\" class=\"aligncenter size-full wp-image-9239\" src=\"https:\/\/www.travel-slovenia.si\/slo\/wp-content\/uploads\/2021\/03\/travel-slovenia-odkrivajte-skofjo-loko.jpg\" alt=\"\" width=\"1000\" height=\"750\" srcset=\"https:\/\/www.travel-slovenia.si\/slo\/wp-content\/uploads\/2021\/03\/travel-slovenia-odkrivajte-skofjo-loko.jpg 1000w, https:\/\/www.travel-slovenia.si\/slo\/wp-content\/uploads\/2021\/03\/travel-slovenia-odkrivajte-skofjo-loko-300x225.jpg 300w, https:\/\/www.travel-slovenia.si\/slo\/wp-content\/uploads\/2021\/03\/travel-slovenia-odkrivajte-skofjo-loko-768x576.jpg 768w, https:\/\/www.travel-slovenia.si\/slo\/wp-content\/uploads\/2021\/03\/travel-slovenia-odkrivajte-skofjo-loko-24x18.jpg 24w, https:\/\/www.travel-slovenia.si\/slo\/wp-content\/uploads\/2021\/03\/travel-slovenia-odkrivajte-skofjo-loko-36x27.jpg 36w, https:\/\/www.travel-slovenia.si\/slo\/wp-content\/uploads\/2021\/03\/travel-slovenia-odkrivajte-skofjo-loko-48x36.jpg 48w\" sizes=\"auto, (max-width: 1000px) 100vw, 1000px\" \/><\/p>\n<p style=\"text-align: center;\">_________________<\/p>\n<h2 style=\"text-align: justify;\"><span style=\"color: #7fa540;\">SEVNICA<\/span><\/h2>\n<p style=\"text-align: justify;\">Rojstni kraj po vsej verjetnosti najbolj znane Slovenke, Melanije Trump. Med ogledom tega dolenjskega mesta bomo videli bolnico, v kateri se je rodila, stanovanjski blok, v katerem je pre\u017eivela prva leta \u017eivljenja in hi\u0161i, ki jo je kasneje kupila njena dru\u017eina. Na poti bomo videli prekrasen srednjeve\u0161ki grad, ki se bohoti nad mestom in reko.<\/p>\n<p><img loading=\"lazy\" decoding=\"async\" class=\"aligncenter size-full wp-image-9246\" src=\"https:\/\/www.travel-slovenia.si\/slo\/wp-content\/uploads\/2021\/03\/travel-slovenia-odkrivajte-sevnico.jpg\" alt=\"\" width=\"1000\" height=\"750\" srcset=\"https:\/\/www.travel-slovenia.si\/slo\/wp-content\/uploads\/2021\/03\/travel-slovenia-odkrivajte-sevnico.jpg 1000w, https:\/\/www.travel-slovenia.si\/slo\/wp-content\/uploads\/2021\/03\/travel-slovenia-odkrivajte-sevnico-300x225.jpg 300w, https:\/\/www.travel-slovenia.si\/slo\/wp-content\/uploads\/2021\/03\/travel-slovenia-odkrivajte-sevnico-768x576.jpg 768w, https:\/\/www.travel-slovenia.si\/slo\/wp-content\/uploads\/2021\/03\/travel-slovenia-odkrivajte-sevnico-24x18.jpg 24w, https:\/\/www.travel-slovenia.si\/slo\/wp-content\/uploads\/2021\/03\/travel-slovenia-odkrivajte-sevnico-36x27.jpg 36w, https:\/\/www.travel-slovenia.si\/slo\/wp-content\/uploads\/2021\/03\/travel-slovenia-odkrivajte-sevnico-48x36.jpg 48w\" sizes=\"auto, (max-width: 1000px) 100vw, 1000px\" \/><\/p>\n<p style=\"text-align: center;\">_________________<\/p>\n<h2 style=\"text-align: justify;\"><span style=\"color: #7fa540;\">KOBARID<\/span><\/h2>\n<p style=\"text-align: justify;\">Majno mestece na zahodu Slovenije, tik ob italijanski meji, zaznamovano z vojnami, zlasti prva svetovna vojna je tu pustila velik pe\u010dat, ki ga lahko do\u017eivimo v tem kraju. Z mestom so povezane prenoge slavne osebnosti, mesto so obiskali tudi mnogi dr\u017eavniki. Toda, lepota mesta se v vsej svoji veli\u010dini prika\u017ee nekoliko vstran, ob reki So\u010di ter najlep\u0161em slapu v Sloveniji &#8211; Kozjaku.<\/p>\n<p><img loading=\"lazy\" decoding=\"async\" class=\"aligncenter size-full wp-image-9242\" src=\"https:\/\/www.travel-slovenia.si\/slo\/wp-content\/uploads\/2021\/03\/travel-slovenia-odkrivajte-kobarid.jpg\" alt=\"\" width=\"1000\" height=\"750\" srcset=\"https:\/\/www.travel-slovenia.si\/slo\/wp-content\/uploads\/2021\/03\/travel-slovenia-odkrivajte-kobarid.jpg 1000w, https:\/\/www.travel-slovenia.si\/slo\/wp-content\/uploads\/2021\/03\/travel-slovenia-odkrivajte-kobarid-300x225.jpg 300w, https:\/\/www.travel-slovenia.si\/slo\/wp-content\/uploads\/2021\/03\/travel-slovenia-odkrivajte-kobarid-768x576.jpg 768w, https:\/\/www.travel-slovenia.si\/slo\/wp-content\/uploads\/2021\/03\/travel-slovenia-odkrivajte-kobarid-24x18.jpg 24w, https:\/\/www.travel-slovenia.si\/slo\/wp-content\/uploads\/2021\/03\/travel-slovenia-odkrivajte-kobarid-36x27.jpg 36w, https:\/\/www.travel-slovenia.si\/slo\/wp-content\/uploads\/2021\/03\/travel-slovenia-odkrivajte-kobarid-48x36.jpg 48w\" sizes=\"auto, (max-width: 1000px) 100vw, 1000px\" \/><\/p>\n<p style=\"text-align: center;\">_________________<\/p>\n<h2 style=\"text-align: justify;\"><span style=\"color: #7fa540;\">JAVORCA<\/span><\/h2>\n<p style=\"text-align: justify;\">Misti\u010dni kraj z misti\u010dno cerkvijo, obdano z mogo\u010dnimi gorami. Skrivnosten, navidez te\u017eko dostopen kraj, kjer so sredi Velike vojne Avstrijci zgradili cerkev svetega Duha, posve\u010deno padlim vojakom. Raj na zemlji s sr\u010diko \u010dlove\u0161kega trpljenja.<\/p>\n<p><img loading=\"lazy\" decoding=\"async\" class=\"aligncenter size-full wp-image-9248\" src=\"https:\/\/www.travel-slovenia.si\/slo\/wp-content\/uploads\/2021\/03\/travel-slovenia-odkrivajte-javorco.jpg\" alt=\"\" width=\"1000\" height=\"750\" srcset=\"https:\/\/www.travel-slovenia.si\/slo\/wp-content\/uploads\/2021\/03\/travel-slovenia-odkrivajte-javorco.jpg 1000w, https:\/\/www.travel-slovenia.si\/slo\/wp-content\/uploads\/2021\/03\/travel-slovenia-odkrivajte-javorco-300x225.jpg 300w, https:\/\/www.travel-slovenia.si\/slo\/wp-content\/uploads\/2021\/03\/travel-slovenia-odkrivajte-javorco-768x576.jpg 768w, https:\/\/www.travel-slovenia.si\/slo\/wp-content\/uploads\/2021\/03\/travel-slovenia-odkrivajte-javorco-24x18.jpg 24w, https:\/\/www.travel-slovenia.si\/slo\/wp-content\/uploads\/2021\/03\/travel-slovenia-odkrivajte-javorco-36x27.jpg 36w, https:\/\/www.travel-slovenia.si\/slo\/wp-content\/uploads\/2021\/03\/travel-slovenia-odkrivajte-javorco-48x36.jpg 48w\" sizes=\"auto, (max-width: 1000px) 100vw, 1000px\" \/><\/p>\n<p>&nbsp;<\/p>\n<h1 style=\"text-align: center;\"><span style=\"color: #7fa540;\">DOBRODO\u0160LI V SLOVENIJI, <\/span><span style=\"color: #7fa540;\">DE\u017dELI MAJHNIH \u010cUDE\u017dEV.<\/span><\/h1>\n","protected":false},"excerpt":{"rendered":"<p>Travel-Slovenia v sodelovanju z Dragon Lines organizira spletna vodenja V \u017dIVO, kjer bomo odkrivali Ljubljano, Kamnik, Bled, \u0160kofjo loko in druge kraje po Sloveniji. Odpeljali vas bomo na vodenje v \u017eivo\u00a0s profesionalnim turisti\u010dnim vodi\u010dem Draganom, ki ima ve\u010d letne izku\u0161nje na tem podro\u010dju. Skupaj bomo spoznavali mnoga zanimiva dejstva o krajih, obenem pa boste lahko [&hellip;]<\/p>\n","protected":false},"author":111,"featured_media":9211,"parent":0,"menu_order":0,"comment_status":"closed","ping_status":"closed","template":"","meta":{"footnotes":""},"class_list":["post-9210","page","type-page","status-publish","has-post-thumbnail","hentry"],"yoast_head":"<!-- This site is optimized with the Yoast SEO plugin v25.4 - https:\/\/yoast.com\/wordpress\/plugins\/seo\/ -->\n<title>Travel-Slovenia vas vabi na odkrivanje Slovenije : Travel-Slovenia<\/title>\n<meta name=\"description\" content=\"Travel-Slovenia v sodelovanju z Dragon Lines organizira spletna vodenja, odkrivali bomo Ljubljano, Kamnik, Bled, \u0160kofjo loko in druge kraje.\" \/>\n<meta name=\"robots\" content=\"index, follow, max-snippet:-1, max-image-preview:large, max-video-preview:-1\" \/>\n<link rel=\"canonical\" href=\"https:\/\/www.travel-slovenia.si\/slo\/travel-slovenia-vas-vabi-na-odkrivanje-slovenije\/\" \/>\n<meta property=\"og:locale\" content=\"sl_SI\" \/>\n<meta property=\"og:type\" content=\"article\" \/>\n<meta property=\"og:title\" content=\"Travel-Slovenia vas vabi na odkrivanje Slovenije : Travel-Slovenia\" \/>\n<meta property=\"og:description\" content=\"Travel-Slovenia v sodelovanju z Dragon Lines organizira spletna vodenja, odkrivali bomo Ljubljano, Kamnik, Bled, \u0160kofjo loko in druge kraje.\" \/>\n<meta property=\"og:url\" content=\"https:\/\/www.travel-slovenia.si\/slo\/travel-slovenia-vas-vabi-na-odkrivanje-slovenije\/\" \/>\n<meta property=\"og:site_name\" content=\"Travel Slovenia - Sledite lepotam na\u0161e male dr\u017eavice\" \/>\n<meta property=\"article:modified_time\" content=\"2021-03-22T10:31:28+00:00\" \/>\n<meta property=\"og:image\" content=\"https:\/\/www.travel-slovenia.si\/slo\/wp-content\/uploads\/2021\/03\/travel-slovenia-spletna-vodenja.jpg\" \/>\n\t<meta property=\"og:image:width\" content=\"1000\" \/>\n\t<meta property=\"og:image:height\" content=\"563\" \/>\n\t<meta property=\"og:image:type\" content=\"image\/jpeg\" \/>\n<meta name=\"twitter:card\" content=\"summary_large_image\" \/>\n<meta name=\"twitter:title\" content=\"Travel-Slovenia vas vabi na odkrivanje Slovenije : Travel-Slovenia\" \/>\n<meta name=\"twitter:description\" content=\"Travel-Slovenia v sodelovanju z Dragon Lines organizira spletna vodenja, odkrivali bomo Ljubljano, Kamnik, Bled, \u0160kofjo loko in druge kraje.\" \/>\n<meta name=\"twitter:image\" content=\"https:\/\/www.travel-slovenia.si\/slo\/wp-content\/uploads\/2021\/03\/travel-slovenia-spletna-vodenja.jpg\" \/>\n<meta name=\"twitter:label1\" content=\"Est. reading time\" \/>\n\t<meta name=\"twitter:data1\" content=\"5 minut\" \/>\n<script type=\"application\/ld+json\" class=\"yoast-schema-graph\">{\"@context\":\"https:\/\/schema.org\",\"@graph\":[{\"@type\":\"WebPage\",\"@id\":\"https:\/\/www.travel-slovenia.si\/slo\/travel-slovenia-vas-vabi-na-odkrivanje-slovenije\/\",\"url\":\"https:\/\/www.travel-slovenia.si\/slo\/travel-slovenia-vas-vabi-na-odkrivanje-slovenije\/\",\"name\":\"Travel-Slovenia vas vabi na odkrivanje Slovenije : Travel-Slovenia\",\"isPartOf\":{\"@id\":\"https:\/\/www.travel-slovenia.si\/slo\/#website\"},\"primaryImageOfPage\":{\"@id\":\"https:\/\/www.travel-slovenia.si\/slo\/travel-slovenia-vas-vabi-na-odkrivanje-slovenije\/#primaryimage\"},\"image\":{\"@id\":\"https:\/\/www.travel-slovenia.si\/slo\/travel-slovenia-vas-vabi-na-odkrivanje-slovenije\/#primaryimage\"},\"thumbnailUrl\":\"https:\/\/www.travel-slovenia.si\/slo\/wp-content\/uploads\/2021\/03\/travel-slovenia-spletna-vodenja.jpg\",\"datePublished\":\"2021-03-17T21:37:36+00:00\",\"dateModified\":\"2021-03-22T10:31:28+00:00\",\"description\":\"Travel-Slovenia v sodelovanju z Dragon Lines organizira spletna vodenja, odkrivali bomo Ljubljano, Kamnik, Bled, \u0160kofjo loko in druge kraje.\",\"breadcrumb\":{\"@id\":\"https:\/\/www.travel-slovenia.si\/slo\/travel-slovenia-vas-vabi-na-odkrivanje-slovenije\/#breadcrumb\"},\"inLanguage\":\"sl-SI\",\"potentialAction\":[{\"@type\":\"ReadAction\",\"target\":[\"https:\/\/www.travel-slovenia.si\/slo\/travel-slovenia-vas-vabi-na-odkrivanje-slovenije\/\"]}]},{\"@type\":\"ImageObject\",\"inLanguage\":\"sl-SI\",\"@id\":\"https:\/\/www.travel-slovenia.si\/slo\/travel-slovenia-vas-vabi-na-odkrivanje-slovenije\/#primaryimage\",\"url\":\"https:\/\/www.travel-slovenia.si\/slo\/wp-content\/uploads\/2021\/03\/travel-slovenia-spletna-vodenja.jpg\",\"contentUrl\":\"https:\/\/www.travel-slovenia.si\/slo\/wp-content\/uploads\/2021\/03\/travel-slovenia-spletna-vodenja.jpg\",\"width\":1000,\"height\":563},{\"@type\":\"BreadcrumbList\",\"@id\":\"https:\/\/www.travel-slovenia.si\/slo\/travel-slovenia-vas-vabi-na-odkrivanje-slovenije\/#breadcrumb\",\"itemListElement\":[{\"@type\":\"ListItem\",\"position\":1,\"name\":\"Home\",\"item\":\"https:\/\/www.travel-slovenia.si\/slo\/\"},{\"@type\":\"ListItem\",\"position\":2,\"name\":\"Travel-Slovenia vas vabi na odkrivanje Slovenije\"}]},{\"@type\":\"WebSite\",\"@id\":\"https:\/\/www.travel-slovenia.si\/slo\/#website\",\"url\":\"https:\/\/www.travel-slovenia.si\/slo\/\",\"name\":\"Travel Slovenia - Sledite lepotam na\u0161e male dr\u017eavice\",\"description\":\"\",\"potentialAction\":[{\"@type\":\"SearchAction\",\"target\":{\"@type\":\"EntryPoint\",\"urlTemplate\":\"https:\/\/www.travel-slovenia.si\/slo\/?s={search_term_string}\"},\"query-input\":{\"@type\":\"PropertyValueSpecification\",\"valueRequired\":true,\"valueName\":\"search_term_string\"}}],\"inLanguage\":\"sl-SI\"}]}<\/script>\n<!-- \/ Yoast SEO plugin. -->","yoast_head_json":{"title":"Travel-Slovenia vas vabi na odkrivanje Slovenije : Travel-Slovenia","description":"Travel-Slovenia v sodelovanju z Dragon Lines organizira spletna vodenja, odkrivali bomo Ljubljano, Kamnik, Bled, \u0160kofjo loko in druge kraje.","robots":{"index":"index","follow":"follow","max-snippet":"max-snippet:-1","max-image-preview":"max-image-preview:large","max-video-preview":"max-video-preview:-1"},"canonical":"https:\/\/www.travel-slovenia.si\/slo\/travel-slovenia-vas-vabi-na-odkrivanje-slovenije\/","og_locale":"sl_SI","og_type":"article","og_title":"Travel-Slovenia vas vabi na odkrivanje Slovenije : Travel-Slovenia","og_description":"Travel-Slovenia v sodelovanju z Dragon Lines organizira spletna vodenja, odkrivali bomo Ljubljano, Kamnik, Bled, \u0160kofjo loko in druge kraje.","og_url":"https:\/\/www.travel-slovenia.si\/slo\/travel-slovenia-vas-vabi-na-odkrivanje-slovenije\/","og_site_name":"Travel Slovenia - Sledite lepotam na\u0161e male dr\u017eavice","article_modified_time":"2021-03-22T10:31:28+00:00","og_image":[{"width":1000,"height":563,"url":"https:\/\/www.travel-slovenia.si\/slo\/wp-content\/uploads\/2021\/03\/travel-slovenia-spletna-vodenja.jpg","type":"image\/jpeg"}],"twitter_card":"summary_large_image","twitter_title":"Travel-Slovenia vas vabi na odkrivanje Slovenije : Travel-Slovenia","twitter_description":"Travel-Slovenia v sodelovanju z Dragon Lines organizira spletna vodenja, odkrivali bomo Ljubljano, Kamnik, Bled, \u0160kofjo loko in druge kraje.","twitter_image":"https:\/\/www.travel-slovenia.si\/slo\/wp-content\/uploads\/2021\/03\/travel-slovenia-spletna-vodenja.jpg","twitter_misc":{"Est. reading time":"5 minut"},"schema":{"@context":"https:\/\/schema.org","@graph":[{"@type":"WebPage","@id":"https:\/\/www.travel-slovenia.si\/slo\/travel-slovenia-vas-vabi-na-odkrivanje-slovenije\/","url":"https:\/\/www.travel-slovenia.si\/slo\/travel-slovenia-vas-vabi-na-odkrivanje-slovenije\/","name":"Travel-Slovenia vas vabi na odkrivanje Slovenije : Travel-Slovenia","isPartOf":{"@id":"https:\/\/www.travel-slovenia.si\/slo\/#website"},"primaryImageOfPage":{"@id":"https:\/\/www.travel-slovenia.si\/slo\/travel-slovenia-vas-vabi-na-odkrivanje-slovenije\/#primaryimage"},"image":{"@id":"https:\/\/www.travel-slovenia.si\/slo\/travel-slovenia-vas-vabi-na-odkrivanje-slovenije\/#primaryimage"},"thumbnailUrl":"https:\/\/www.travel-slovenia.si\/slo\/wp-content\/uploads\/2021\/03\/travel-slovenia-spletna-vodenja.jpg","datePublished":"2021-03-17T21:37:36+00:00","dateModified":"2021-03-22T10:31:28+00:00","description":"Travel-Slovenia v sodelovanju z Dragon Lines organizira spletna vodenja, odkrivali bomo Ljubljano, Kamnik, Bled, \u0160kofjo loko in druge kraje.","breadcrumb":{"@id":"https:\/\/www.travel-slovenia.si\/slo\/travel-slovenia-vas-vabi-na-odkrivanje-slovenije\/#breadcrumb"},"inLanguage":"sl-SI","potentialAction":[{"@type":"ReadAction","target":["https:\/\/www.travel-slovenia.si\/slo\/travel-slovenia-vas-vabi-na-odkrivanje-slovenije\/"]}]},{"@type":"ImageObject","inLanguage":"sl-SI","@id":"https:\/\/www.travel-slovenia.si\/slo\/travel-slovenia-vas-vabi-na-odkrivanje-slovenije\/#primaryimage","url":"https:\/\/www.travel-slovenia.si\/slo\/wp-content\/uploads\/2021\/03\/travel-slovenia-spletna-vodenja.jpg","contentUrl":"https:\/\/www.travel-slovenia.si\/slo\/wp-content\/uploads\/2021\/03\/travel-slovenia-spletna-vodenja.jpg","width":1000,"height":563},{"@type":"BreadcrumbList","@id":"https:\/\/www.travel-slovenia.si\/slo\/travel-slovenia-vas-vabi-na-odkrivanje-slovenije\/#breadcrumb","itemListElement":[{"@type":"ListItem","position":1,"name":"Home","item":"https:\/\/www.travel-slovenia.si\/slo\/"},{"@type":"ListItem","position":2,"name":"Travel-Slovenia vas vabi na odkrivanje Slovenije"}]},{"@type":"WebSite","@id":"https:\/\/www.travel-slovenia.si\/slo\/#website","url":"https:\/\/www.travel-slovenia.si\/slo\/","name":"Travel Slovenia - Sledite lepotam na\u0161e male dr\u017eavice","description":"","potentialAction":[{"@type":"SearchAction","target":{"@type":"EntryPoint","urlTemplate":"https:\/\/www.travel-slovenia.si\/slo\/?s={search_term_string}"},"query-input":{"@type":"PropertyValueSpecification","valueRequired":true,"valueName":"search_term_string"}}],"inLanguage":"sl-SI"}]}},"post_mailing_queue_ids":[],"_links":{"self":[{"href":"https:\/\/www.travel-slovenia.si\/slo\/wp-json\/wp\/v2\/pages\/9210","targetHints":{"allow":["GET"]}}],"collection":[{"href":"https:\/\/www.travel-slovenia.si\/slo\/wp-json\/wp\/v2\/pages"}],"about":[{"href":"https:\/\/www.travel-slovenia.si\/slo\/wp-json\/wp\/v2\/types\/page"}],"author":[{"embeddable":true,"href":"https:\/\/www.travel-slovenia.si\/slo\/wp-json\/wp\/v2\/users\/111"}],"replies":[{"embeddable":true,"href":"https:\/\/www.travel-slovenia.si\/slo\/wp-json\/wp\/v2\/comments?post=9210"}],"version-history":[{"count":30,"href":"https:\/\/www.travel-slovenia.si\/slo\/wp-json\/wp\/v2\/pages\/9210\/revisions"}],"predecessor-version":[{"id":9261,"href":"https:\/\/www.travel-slovenia.si\/slo\/wp-json\/wp\/v2\/pages\/9210\/revisions\/9261"}],"wp:featuredmedia":[{"embeddable":true,"href":"https:\/\/www.travel-slovenia.si\/slo\/wp-json\/wp\/v2\/media\/9211"}],"wp:attachment":[{"href":"https:\/\/www.travel-slovenia.si\/slo\/wp-json\/wp\/v2\/media?parent=9210"}],"curies":[{"name":"wp","href":"https:\/\/api.w.org\/{rel}","templated":true}]}}