{"id":9073,"date":"2020-07-31T09:35:57","date_gmt":"2020-07-31T07:35:57","guid":{"rendered":"https:\/\/www.travel-slovenia.si\/slo\/?page_id=9073"},"modified":"2020-07-31T09:35:57","modified_gmt":"2020-07-31T07:35:57","slug":"prihajajoci-dogodki-v-vesoljskem-centru-noordung","status":"publish","type":"page","link":"https:\/\/www.travel-slovenia.si\/slo\/prihajajoci-dogodki-v-vesoljskem-centru-noordung\/","title":{"rendered":"Prihajajo\u010di dogodki v Vesoljskem centru Noordung"},"content":{"rendered":"<h3><strong>7. avgust 2020 @ 19:00<\/strong><br \/>\n<span style=\"color: #3366ff;\">OTVORITEV RAZSTAVE KORONA PO KORONI<\/span><\/h3>\n<p style=\"text-align: justify;\">Umetniki v \u010dasu korone s svojim pogledom in ustvarjanjem komentirajo trenutna dogajanja veliko bolj subtilno in predvsem dru\u017ebeno anga\u017eirano. Zato je prav, da njihova dela, njihov pogled prezentiramo in tako omogo\u010dimo dru\u017ebeni diskurz.<\/p>\n<p style=\"text-align: justify;\">Ve\u010d informacij: <a href=\"https:\/\/www.travel-slovenia.si\/slo\/dogodki\/otvoritev-razstave-korona-po-koroni\/\" target=\"_blank\" rel=\"noopener noreferrer\">TUKAJ<\/a><\/p>\n<p><img loading=\"lazy\" decoding=\"async\" class=\"aligncenter size-full wp-image-10263\" src=\"https:\/\/www.travel-slovenia.si\/wp-content\/uploads\/2020\/07\/travel-slovenia-umetnos-korone-po-koroni.jpg\" alt=\"\" width=\"800\" height=\"436\" \/><\/p>\n<hr \/>\n<h3><strong>12. avgust 2020 @ 19:00<\/strong><br \/>\n<span style=\"color: #3366ff;\">OPAZOVANJE METEORSKEGA ROJA PERZEIDOV<\/span><\/h3>\n<p style=\"text-align: justify;\">Tudi leto\u0161njega avgusta bomo dele\u017eni meteorskega de\u017eja Perzeidov. Perzeidi so meteorji, ki jih je mo\u017eno opazovati \u017ee od sredine julija vse do konca avgusta. Svoj vrhunec dose\u017eejo 12. avgusta in takrat lahko vidimo ve\u010d kot 60 meteorjev na uro.<\/p>\n<p style=\"text-align: justify;\">More information: <a href=\"https:\/\/www.travel-slovenia.si\/slo\/dogodki\/opazovanje-meteorskega-roja-perzeidov\/\" target=\"_blank\" rel=\"noopener noreferrer\">TUKAJ<\/a><\/p>\n<p><img loading=\"lazy\" decoding=\"async\" class=\"aligncenter size-full wp-image-10266\" src=\"https:\/\/www.travel-slovenia.si\/wp-content\/uploads\/2020\/07\/travel-slovenia-observation-of-the-perseid-meteor-swarm.jpg\" alt=\"\" width=\"800\" height=\"384\" \/><\/p>\n<hr \/>\n<h3><strong>18. September 2020 @ 18:30<\/strong><br \/>\n<span style=\"color: #3366ff;\">\u017dIVLJENJE K. E. CIOLKOVSKEGA \u2013 \u201cIN JAZ SEM PRI\u017dGAL TA OGENJ\u201d<\/span><\/h3>\n<p style=\"text-align: justify;\">Koknstantin Edvardovi\u010d Cilkovski je veliki ruski metematik, fizik, letalski in raketni konstruktor, in\u017eenir, pedagog in pisatelj. Skozi \u017eivljenje in delo velikega misleca nas bo vodila Tatjana Toma\u017ein Daki\u0107, mag. posl. ved, ki \u017ee nekaj let ljubiteljsko raziskuje tematiko ruskega kozmizma v katerega pri\u0161tevamo tudi izjemnega Ciolkovskega.<\/p>\n<p style=\"text-align: justify;\">More information: <a href=\"https:\/\/www.travel-slovenia.si\/slo\/dogodki\/zivljenje-k-e-ciolkovskega-in-jaz-sem-prizgal-ta-ogenj\/\" target=\"_blank\" rel=\"noopener noreferrer\">TUKAJ<\/a><br \/>\n<img loading=\"lazy\" decoding=\"async\" class=\"aligncenter size-full wp-image-10270\" src=\"https:\/\/www.travel-slovenia.si\/wp-content\/uploads\/2020\/07\/travel-slovenia-life-of-KE-ciolkovski.jpg\" alt=\"\" width=\"800\" height=\"349\" \/><\/p>\n<hr \/>\n<figure id=\"attachment_9077\" class=\"wp-caption aligncenter\" style=\"max-width: 800px\"><img loading=\"lazy\" decoding=\"async\" class=\"size-full wp-image-9077\" src=\"https:\/\/www.travel-slovenia.si\/wp-content\/uploads\/2019\/08\/travel-slovenia-The-Herman-Poto\u010dnik-Noorgund-Center-of-space-technologies.jpg\" alt=\"\" width=\"800\" height=\"285\" \/><figcaption class=\"wp-caption-text\">The Herman Poto\u010dnik Noordung Center of space technologies (Photo by: Dan Bri\u0161ki)<\/figcaption><\/figure>\n<p style=\"text-align: justify;\">Center vesoljskih tehnologij Hermana Poto\u010dnika Noordunga, kraj\u0161e Center Noordung se nahaja v kraju Vitanje, ki le\u017ei v kotlini sredi hribovite pokrajine na obronkih jugozahodnega Pohorja in podalj\u0161ka Karavank. \u017de s svojim imenom prepoznavno in ponosno ka\u017ee, da je posve\u010den dejavnosti enega izmed pionirjev vesoljskih znanosti, Hermanu Poto\u010dniku Noordungu.<\/p>\n<p style=\"text-align: justify;\">Ve\u010d informacij o Centru vesoljskih tehnologij Hermana Poto\u010dnika Noordunga <a href=\"https:\/\/www.travel-slovenia.si\/slo\/location\/center-vesoljskih-tehnologij-hermana-potocnika-noordunga\/\" target=\"_blank\" rel=\"noopener noreferrer\">TUKAJ<\/a>.<\/p>\n","protected":false},"excerpt":{"rendered":"<p>7. avgust 2020 @ 19:00 OTVORITEV RAZSTAVE KORONA PO KORONI Umetniki v \u010dasu korone s svojim pogledom in ustvarjanjem komentirajo trenutna dogajanja veliko bolj subtilno in predvsem dru\u017ebeno anga\u017eirano. Zato je prav, da njihova dela, njihov pogled prezentiramo in tako omogo\u010dimo dru\u017ebeni diskurz. Ve\u010d informacij: TUKAJ 12. avgust 2020 @ 19:00 OPAZOVANJE METEORSKEGA ROJA PERZEIDOV [&hellip;]<\/p>\n","protected":false},"author":111,"featured_media":0,"parent":0,"menu_order":0,"comment_status":"closed","ping_status":"closed","template":"","meta":{"footnotes":""},"class_list":["post-9073","page","type-page","status-publish","hentry"],"yoast_head":"<!-- This site is optimized with the Yoast SEO plugin v25.4 - https:\/\/yoast.com\/wordpress\/plugins\/seo\/ -->\n<title>Prihajajo\u010di dogodki v Vesoljskem centru Noordung : Travel-Slovenia<\/title>\n<meta name=\"description\" content=\"Prihajajo\u010di dogodki v Vesoljskega centra Hermana Poto\u010dnika Noordunga, ki se nahaja v Vitanju. Vse potrebne informacije za obiskovalce.\" \/>\n<meta name=\"robots\" content=\"index, follow, max-snippet:-1, max-image-preview:large, max-video-preview:-1\" \/>\n<link rel=\"canonical\" href=\"https:\/\/www.travel-slovenia.si\/slo\/prihajajoci-dogodki-v-vesoljskem-centru-noordung\/\" \/>\n<meta property=\"og:locale\" content=\"sl_SI\" \/>\n<meta property=\"og:type\" content=\"article\" \/>\n<meta property=\"og:title\" content=\"Prihajajo\u010di dogodki v Vesoljskem centru Noordung : Travel-Slovenia\" \/>\n<meta property=\"og:description\" content=\"Prihajajo\u010di dogodki v Vesoljskega centra Hermana Poto\u010dnika Noordunga, ki se nahaja v Vitanju. Vse potrebne informacije za obiskovalce.\" \/>\n<meta property=\"og:url\" content=\"https:\/\/www.travel-slovenia.si\/slo\/prihajajoci-dogodki-v-vesoljskem-centru-noordung\/\" \/>\n<meta property=\"og:site_name\" content=\"Travel Slovenia - Sledite lepotam na\u0161e male dr\u017eavice\" \/>\n<meta property=\"og:image\" content=\"https:\/\/www.travel-slovenia.si\/slo\/wp-content\/uploads\/2020\/07\/travel-slovenia-noordung-center.jpg\" \/>\n\t<meta property=\"og:image:width\" content=\"800\" \/>\n\t<meta property=\"og:image:height\" content=\"450\" \/>\n\t<meta property=\"og:image:type\" content=\"image\/jpeg\" \/>\n<meta name=\"twitter:card\" content=\"summary_large_image\" \/>\n<meta name=\"twitter:title\" content=\"Prihajajo\u010di dogodki v Vesoljskem centru Noordung : Travel-Slovenia\" \/>\n<meta name=\"twitter:description\" content=\"Prihajajo\u010di dogodki v Vesoljskega centra Hermana Poto\u010dnika Noordunga, ki se nahaja v Vitanju. Vse potrebne informacije za obiskovalce.\" \/>\n<meta name=\"twitter:image\" content=\"https:\/\/www.travel-slovenia.si\/slo\/wp-content\/uploads\/2020\/07\/travel-slovenia-noordung-center.jpg\" \/>\n<meta name=\"twitter:label1\" content=\"Est. reading time\" \/>\n\t<meta name=\"twitter:data1\" content=\"1 minuta\" \/>\n<script type=\"application\/ld+json\" class=\"yoast-schema-graph\">{\"@context\":\"https:\/\/schema.org\",\"@graph\":[{\"@type\":\"WebPage\",\"@id\":\"https:\/\/www.travel-slovenia.si\/slo\/prihajajoci-dogodki-v-vesoljskem-centru-noordung\/\",\"url\":\"https:\/\/www.travel-slovenia.si\/slo\/prihajajoci-dogodki-v-vesoljskem-centru-noordung\/\",\"name\":\"Prihajajo\u010di dogodki v Vesoljskem centru Noordung : Travel-Slovenia\",\"isPartOf\":{\"@id\":\"https:\/\/www.travel-slovenia.si\/slo\/#website\"},\"primaryImageOfPage\":{\"@id\":\"https:\/\/www.travel-slovenia.si\/slo\/prihajajoci-dogodki-v-vesoljskem-centru-noordung\/#primaryimage\"},\"image\":{\"@id\":\"https:\/\/www.travel-slovenia.si\/slo\/prihajajoci-dogodki-v-vesoljskem-centru-noordung\/#primaryimage\"},\"thumbnailUrl\":\"https:\/\/www.travel-slovenia.si\/wp-content\/uploads\/2020\/07\/travel-slovenia-umetnos-korone-po-koroni.jpg\",\"datePublished\":\"2020-07-31T07:35:57+00:00\",\"description\":\"Prihajajo\u010di dogodki v Vesoljskega centra Hermana Poto\u010dnika Noordunga, ki se nahaja v Vitanju. Vse potrebne informacije za obiskovalce.\",\"breadcrumb\":{\"@id\":\"https:\/\/www.travel-slovenia.si\/slo\/prihajajoci-dogodki-v-vesoljskem-centru-noordung\/#breadcrumb\"},\"inLanguage\":\"sl-SI\",\"potentialAction\":[{\"@type\":\"ReadAction\",\"target\":[\"https:\/\/www.travel-slovenia.si\/slo\/prihajajoci-dogodki-v-vesoljskem-centru-noordung\/\"]}]},{\"@type\":\"ImageObject\",\"inLanguage\":\"sl-SI\",\"@id\":\"https:\/\/www.travel-slovenia.si\/slo\/prihajajoci-dogodki-v-vesoljskem-centru-noordung\/#primaryimage\",\"url\":\"https:\/\/www.travel-slovenia.si\/wp-content\/uploads\/2020\/07\/travel-slovenia-umetnos-korone-po-koroni.jpg\",\"contentUrl\":\"https:\/\/www.travel-slovenia.si\/wp-content\/uploads\/2020\/07\/travel-slovenia-umetnos-korone-po-koroni.jpg\"},{\"@type\":\"BreadcrumbList\",\"@id\":\"https:\/\/www.travel-slovenia.si\/slo\/prihajajoci-dogodki-v-vesoljskem-centru-noordung\/#breadcrumb\",\"itemListElement\":[{\"@type\":\"ListItem\",\"position\":1,\"name\":\"Home\",\"item\":\"https:\/\/www.travel-slovenia.si\/slo\/\"},{\"@type\":\"ListItem\",\"position\":2,\"name\":\"Prihajajo\u010di dogodki v Vesoljskem centru Noordung\"}]},{\"@type\":\"WebSite\",\"@id\":\"https:\/\/www.travel-slovenia.si\/slo\/#website\",\"url\":\"https:\/\/www.travel-slovenia.si\/slo\/\",\"name\":\"Travel Slovenia - Sledite lepotam na\u0161e male dr\u017eavice\",\"description\":\"\",\"potentialAction\":[{\"@type\":\"SearchAction\",\"target\":{\"@type\":\"EntryPoint\",\"urlTemplate\":\"https:\/\/www.travel-slovenia.si\/slo\/?s={search_term_string}\"},\"query-input\":{\"@type\":\"PropertyValueSpecification\",\"valueRequired\":true,\"valueName\":\"search_term_string\"}}],\"inLanguage\":\"sl-SI\"}]}<\/script>\n<!-- \/ Yoast SEO plugin. -->","yoast_head_json":{"title":"Prihajajo\u010di dogodki v Vesoljskem centru Noordung : Travel-Slovenia","description":"Prihajajo\u010di dogodki v Vesoljskega centra Hermana Poto\u010dnika Noordunga, ki se nahaja v Vitanju. Vse potrebne informacije za obiskovalce.","robots":{"index":"index","follow":"follow","max-snippet":"max-snippet:-1","max-image-preview":"max-image-preview:large","max-video-preview":"max-video-preview:-1"},"canonical":"https:\/\/www.travel-slovenia.si\/slo\/prihajajoci-dogodki-v-vesoljskem-centru-noordung\/","og_locale":"sl_SI","og_type":"article","og_title":"Prihajajo\u010di dogodki v Vesoljskem centru Noordung : Travel-Slovenia","og_description":"Prihajajo\u010di dogodki v Vesoljskega centra Hermana Poto\u010dnika Noordunga, ki se nahaja v Vitanju. Vse potrebne informacije za obiskovalce.","og_url":"https:\/\/www.travel-slovenia.si\/slo\/prihajajoci-dogodki-v-vesoljskem-centru-noordung\/","og_site_name":"Travel Slovenia - Sledite lepotam na\u0161e male dr\u017eavice","og_image":[{"width":800,"height":450,"url":"https:\/\/www.travel-slovenia.si\/slo\/wp-content\/uploads\/2020\/07\/travel-slovenia-noordung-center.jpg","type":"image\/jpeg"}],"twitter_card":"summary_large_image","twitter_title":"Prihajajo\u010di dogodki v Vesoljskem centru Noordung : Travel-Slovenia","twitter_description":"Prihajajo\u010di dogodki v Vesoljskega centra Hermana Poto\u010dnika Noordunga, ki se nahaja v Vitanju. Vse potrebne informacije za obiskovalce.","twitter_image":"https:\/\/www.travel-slovenia.si\/slo\/wp-content\/uploads\/2020\/07\/travel-slovenia-noordung-center.jpg","twitter_misc":{"Est. reading time":"1 minuta"},"schema":{"@context":"https:\/\/schema.org","@graph":[{"@type":"WebPage","@id":"https:\/\/www.travel-slovenia.si\/slo\/prihajajoci-dogodki-v-vesoljskem-centru-noordung\/","url":"https:\/\/www.travel-slovenia.si\/slo\/prihajajoci-dogodki-v-vesoljskem-centru-noordung\/","name":"Prihajajo\u010di dogodki v Vesoljskem centru Noordung : Travel-Slovenia","isPartOf":{"@id":"https:\/\/www.travel-slovenia.si\/slo\/#website"},"primaryImageOfPage":{"@id":"https:\/\/www.travel-slovenia.si\/slo\/prihajajoci-dogodki-v-vesoljskem-centru-noordung\/#primaryimage"},"image":{"@id":"https:\/\/www.travel-slovenia.si\/slo\/prihajajoci-dogodki-v-vesoljskem-centru-noordung\/#primaryimage"},"thumbnailUrl":"https:\/\/www.travel-slovenia.si\/wp-content\/uploads\/2020\/07\/travel-slovenia-umetnos-korone-po-koroni.jpg","datePublished":"2020-07-31T07:35:57+00:00","description":"Prihajajo\u010di dogodki v Vesoljskega centra Hermana Poto\u010dnika Noordunga, ki se nahaja v Vitanju. Vse potrebne informacije za obiskovalce.","breadcrumb":{"@id":"https:\/\/www.travel-slovenia.si\/slo\/prihajajoci-dogodki-v-vesoljskem-centru-noordung\/#breadcrumb"},"inLanguage":"sl-SI","potentialAction":[{"@type":"ReadAction","target":["https:\/\/www.travel-slovenia.si\/slo\/prihajajoci-dogodki-v-vesoljskem-centru-noordung\/"]}]},{"@type":"ImageObject","inLanguage":"sl-SI","@id":"https:\/\/www.travel-slovenia.si\/slo\/prihajajoci-dogodki-v-vesoljskem-centru-noordung\/#primaryimage","url":"https:\/\/www.travel-slovenia.si\/wp-content\/uploads\/2020\/07\/travel-slovenia-umetnos-korone-po-koroni.jpg","contentUrl":"https:\/\/www.travel-slovenia.si\/wp-content\/uploads\/2020\/07\/travel-slovenia-umetnos-korone-po-koroni.jpg"},{"@type":"BreadcrumbList","@id":"https:\/\/www.travel-slovenia.si\/slo\/prihajajoci-dogodki-v-vesoljskem-centru-noordung\/#breadcrumb","itemListElement":[{"@type":"ListItem","position":1,"name":"Home","item":"https:\/\/www.travel-slovenia.si\/slo\/"},{"@type":"ListItem","position":2,"name":"Prihajajo\u010di dogodki v Vesoljskem centru Noordung"}]},{"@type":"WebSite","@id":"https:\/\/www.travel-slovenia.si\/slo\/#website","url":"https:\/\/www.travel-slovenia.si\/slo\/","name":"Travel Slovenia - Sledite lepotam na\u0161e male dr\u017eavice","description":"","potentialAction":[{"@type":"SearchAction","target":{"@type":"EntryPoint","urlTemplate":"https:\/\/www.travel-slovenia.si\/slo\/?s={search_term_string}"},"query-input":{"@type":"PropertyValueSpecification","valueRequired":true,"valueName":"search_term_string"}}],"inLanguage":"sl-SI"}]}},"post_mailing_queue_ids":[],"_links":{"self":[{"href":"https:\/\/www.travel-slovenia.si\/slo\/wp-json\/wp\/v2\/pages\/9073","targetHints":{"allow":["GET"]}}],"collection":[{"href":"https:\/\/www.travel-slovenia.si\/slo\/wp-json\/wp\/v2\/pages"}],"about":[{"href":"https:\/\/www.travel-slovenia.si\/slo\/wp-json\/wp\/v2\/types\/page"}],"author":[{"embeddable":true,"href":"https:\/\/www.travel-slovenia.si\/slo\/wp-json\/wp\/v2\/users\/111"}],"replies":[{"embeddable":true,"href":"https:\/\/www.travel-slovenia.si\/slo\/wp-json\/wp\/v2\/comments?post=9073"}],"version-history":[{"count":1,"href":"https:\/\/www.travel-slovenia.si\/slo\/wp-json\/wp\/v2\/pages\/9073\/revisions"}],"predecessor-version":[{"id":9075,"href":"https:\/\/www.travel-slovenia.si\/slo\/wp-json\/wp\/v2\/pages\/9073\/revisions\/9075"}],"wp:attachment":[{"href":"https:\/\/www.travel-slovenia.si\/slo\/wp-json\/wp\/v2\/media?parent=9073"}],"curies":[{"name":"wp","href":"https:\/\/api.w.org\/{rel}","templated":true}]}}