{"id":8949,"date":"2020-05-31T22:40:03","date_gmt":"2020-05-31T20:40:03","guid":{"rendered":"https:\/\/www.travel-slovenia.si\/slo\/?page_id=8949"},"modified":"2020-05-31T22:40:03","modified_gmt":"2020-05-31T20:40:03","slug":"lokalna-ponudba-in-izkusnja","status":"publish","type":"page","link":"https:\/\/www.travel-slovenia.si\/slo\/lokalna-ponudba-in-izkusnja\/","title":{"rendered":"Lokalna ponudba in izku\u0161nja"},"content":{"rendered":"<p style=\"text-align: justify;\"><a href=\"https:\/\/www.travel-slovenia.si\/slo\/kmetije\/\"><img loading=\"lazy\" decoding=\"async\" class=\"alignleft size-full wp-image-10134\" src=\"https:\/\/www.travel-slovenia.si\/wp-content\/uploads\/2020\/05\/travel-slovenia-farm.jpg\" alt=\"\" width=\"150\" height=\"150\" \/><\/a><a href=\"https:\/\/www.travel-slovenia.si\/slo\/kmetije\/\"><strong><em>Kmetije<\/em><\/strong><\/a><br \/>\nKmetija je zemlji\u0161\u010de s hi\u0161o in gospodarskimi poslopji za izvajanje razli\u010dnih kmetijskih dejavnosti. Poleg tega lahko opravljajo \u0161e gostinske in turisti\u010dne dejavnosti ali nudijo nastanitev. V Sloveniji imamo ve\u010dinoma manj\u0161e kmetije, katerih dejavnosti so me\u0161ane. [<a href=\"https:\/\/www.travel-slovenia.si\/slo\/kmetije\/\">_Preberite ve\u010d_<\/a>]\n","protected":false},"excerpt":{"rendered":"<p>Kmetije Kmetija je zemlji\u0161\u010de s hi\u0161o in gospodarskimi poslopji za izvajanje razli\u010dnih kmetijskih dejavnosti. Poleg tega lahko opravljajo \u0161e gostinske in turisti\u010dne dejavnosti ali nudijo nastanitev. V Sloveniji imamo ve\u010dinoma manj\u0161e kmetije, katerih dejavnosti so me\u0161ane. [_Preberite ve\u010d_]<\/p>\n","protected":false},"author":111,"featured_media":0,"parent":0,"menu_order":0,"comment_status":"closed","ping_status":"closed","template":"","meta":{"footnotes":""},"class_list":["post-8949","page","type-page","status-publish","hentry"],"yoast_head":"<!-- This site is optimized with the Yoast SEO plugin v25.4 - https:\/\/yoast.com\/wordpress\/plugins\/seo\/ -->\n<title>Lokalna ponudba in izku\u0161nja : Travel-Slovenia<\/title>\n<meta name=\"description\" content=\"Slovenija s svojo raznolikostjo nudi veliko mo\u017enosti za spro\u0161\u010danje, aktivnosti in predvsem pridobitev novih izku\u0161enj. Do\u017eivite jo lokalno.\" \/>\n<meta name=\"robots\" content=\"index, follow, max-snippet:-1, max-image-preview:large, max-video-preview:-1\" \/>\n<link rel=\"canonical\" href=\"https:\/\/www.travel-slovenia.si\/slo\/lokalna-ponudba-in-izkusnja\/\" \/>\n<meta property=\"og:locale\" content=\"sl_SI\" \/>\n<meta property=\"og:type\" content=\"article\" \/>\n<meta property=\"og:title\" content=\"Lokalna ponudba in izku\u0161nja : Travel-Slovenia\" \/>\n<meta property=\"og:description\" content=\"Slovenija s svojo raznolikostjo nudi veliko mo\u017enosti za spro\u0161\u010danje, aktivnosti in predvsem pridobitev novih izku\u0161enj. Do\u017eivite jo lokalno.\" \/>\n<meta property=\"og:url\" content=\"https:\/\/www.travel-slovenia.si\/slo\/lokalna-ponudba-in-izkusnja\/\" \/>\n<meta property=\"og:site_name\" content=\"Travel Slovenia - Sledite lepotam na\u0161e male dr\u017eavice\" \/>\n<meta property=\"og:image\" content=\"https:\/\/www.travel-slovenia.si\/slo\/wp-content\/uploads\/2020\/05\/travel-slovenia-experience.jpg\" \/>\n\t<meta property=\"og:image:width\" content=\"600\" \/>\n\t<meta property=\"og:image:height\" content=\"400\" \/>\n\t<meta property=\"og:image:type\" content=\"image\/jpeg\" \/>\n<meta name=\"twitter:card\" content=\"summary_large_image\" \/>\n<meta name=\"twitter:title\" content=\"Lokalna ponudba in izku\u0161nja : Travel-Slovenia\" \/>\n<meta name=\"twitter:description\" content=\"Slovenija s svojo raznolikostjo nudi veliko mo\u017enosti za spro\u0161\u010danje, aktivnosti in predvsem pridobitev novih izku\u0161enj. Do\u017eivite jo lokalno.\" \/>\n<meta name=\"twitter:image\" content=\"https:\/\/www.travel-slovenia.si\/slo\/wp-content\/uploads\/2020\/05\/travel-slovenia-experience.jpg\" \/>\n<script type=\"application\/ld+json\" class=\"yoast-schema-graph\">{\"@context\":\"https:\/\/schema.org\",\"@graph\":[{\"@type\":\"WebPage\",\"@id\":\"https:\/\/www.travel-slovenia.si\/slo\/lokalna-ponudba-in-izkusnja\/\",\"url\":\"https:\/\/www.travel-slovenia.si\/slo\/lokalna-ponudba-in-izkusnja\/\",\"name\":\"Lokalna ponudba in izku\u0161nja : Travel-Slovenia\",\"isPartOf\":{\"@id\":\"https:\/\/www.travel-slovenia.si\/slo\/#website\"},\"primaryImageOfPage\":{\"@id\":\"https:\/\/www.travel-slovenia.si\/slo\/lokalna-ponudba-in-izkusnja\/#primaryimage\"},\"image\":{\"@id\":\"https:\/\/www.travel-slovenia.si\/slo\/lokalna-ponudba-in-izkusnja\/#primaryimage\"},\"thumbnailUrl\":\"https:\/\/www.travel-slovenia.si\/wp-content\/uploads\/2020\/05\/travel-slovenia-farm.jpg\",\"datePublished\":\"2020-05-31T20:40:03+00:00\",\"description\":\"Slovenija s svojo raznolikostjo nudi veliko mo\u017enosti za spro\u0161\u010danje, aktivnosti in predvsem pridobitev novih izku\u0161enj. Do\u017eivite jo lokalno.\",\"breadcrumb\":{\"@id\":\"https:\/\/www.travel-slovenia.si\/slo\/lokalna-ponudba-in-izkusnja\/#breadcrumb\"},\"inLanguage\":\"sl-SI\",\"potentialAction\":[{\"@type\":\"ReadAction\",\"target\":[\"https:\/\/www.travel-slovenia.si\/slo\/lokalna-ponudba-in-izkusnja\/\"]}]},{\"@type\":\"ImageObject\",\"inLanguage\":\"sl-SI\",\"@id\":\"https:\/\/www.travel-slovenia.si\/slo\/lokalna-ponudba-in-izkusnja\/#primaryimage\",\"url\":\"https:\/\/www.travel-slovenia.si\/wp-content\/uploads\/2020\/05\/travel-slovenia-farm.jpg\",\"contentUrl\":\"https:\/\/www.travel-slovenia.si\/wp-content\/uploads\/2020\/05\/travel-slovenia-farm.jpg\"},{\"@type\":\"BreadcrumbList\",\"@id\":\"https:\/\/www.travel-slovenia.si\/slo\/lokalna-ponudba-in-izkusnja\/#breadcrumb\",\"itemListElement\":[{\"@type\":\"ListItem\",\"position\":1,\"name\":\"Home\",\"item\":\"https:\/\/www.travel-slovenia.si\/slo\/\"},{\"@type\":\"ListItem\",\"position\":2,\"name\":\"Lokalna ponudba in izku\u0161nja\"}]},{\"@type\":\"WebSite\",\"@id\":\"https:\/\/www.travel-slovenia.si\/slo\/#website\",\"url\":\"https:\/\/www.travel-slovenia.si\/slo\/\",\"name\":\"Travel Slovenia - Sledite lepotam na\u0161e male dr\u017eavice\",\"description\":\"\",\"potentialAction\":[{\"@type\":\"SearchAction\",\"target\":{\"@type\":\"EntryPoint\",\"urlTemplate\":\"https:\/\/www.travel-slovenia.si\/slo\/?s={search_term_string}\"},\"query-input\":{\"@type\":\"PropertyValueSpecification\",\"valueRequired\":true,\"valueName\":\"search_term_string\"}}],\"inLanguage\":\"sl-SI\"}]}<\/script>\n<!-- \/ Yoast SEO plugin. -->","yoast_head_json":{"title":"Lokalna ponudba in izku\u0161nja : Travel-Slovenia","description":"Slovenija s svojo raznolikostjo nudi veliko mo\u017enosti za spro\u0161\u010danje, aktivnosti in predvsem pridobitev novih izku\u0161enj. Do\u017eivite jo lokalno.","robots":{"index":"index","follow":"follow","max-snippet":"max-snippet:-1","max-image-preview":"max-image-preview:large","max-video-preview":"max-video-preview:-1"},"canonical":"https:\/\/www.travel-slovenia.si\/slo\/lokalna-ponudba-in-izkusnja\/","og_locale":"sl_SI","og_type":"article","og_title":"Lokalna ponudba in izku\u0161nja : Travel-Slovenia","og_description":"Slovenija s svojo raznolikostjo nudi veliko mo\u017enosti za spro\u0161\u010danje, aktivnosti in predvsem pridobitev novih izku\u0161enj. Do\u017eivite jo lokalno.","og_url":"https:\/\/www.travel-slovenia.si\/slo\/lokalna-ponudba-in-izkusnja\/","og_site_name":"Travel Slovenia - Sledite lepotam na\u0161e male dr\u017eavice","og_image":[{"width":600,"height":400,"url":"https:\/\/www.travel-slovenia.si\/slo\/wp-content\/uploads\/2020\/05\/travel-slovenia-experience.jpg","type":"image\/jpeg"}],"twitter_card":"summary_large_image","twitter_title":"Lokalna ponudba in izku\u0161nja : Travel-Slovenia","twitter_description":"Slovenija s svojo raznolikostjo nudi veliko mo\u017enosti za spro\u0161\u010danje, aktivnosti in predvsem pridobitev novih izku\u0161enj. Do\u017eivite jo lokalno.","twitter_image":"https:\/\/www.travel-slovenia.si\/slo\/wp-content\/uploads\/2020\/05\/travel-slovenia-experience.jpg","schema":{"@context":"https:\/\/schema.org","@graph":[{"@type":"WebPage","@id":"https:\/\/www.travel-slovenia.si\/slo\/lokalna-ponudba-in-izkusnja\/","url":"https:\/\/www.travel-slovenia.si\/slo\/lokalna-ponudba-in-izkusnja\/","name":"Lokalna ponudba in izku\u0161nja : Travel-Slovenia","isPartOf":{"@id":"https:\/\/www.travel-slovenia.si\/slo\/#website"},"primaryImageOfPage":{"@id":"https:\/\/www.travel-slovenia.si\/slo\/lokalna-ponudba-in-izkusnja\/#primaryimage"},"image":{"@id":"https:\/\/www.travel-slovenia.si\/slo\/lokalna-ponudba-in-izkusnja\/#primaryimage"},"thumbnailUrl":"https:\/\/www.travel-slovenia.si\/wp-content\/uploads\/2020\/05\/travel-slovenia-farm.jpg","datePublished":"2020-05-31T20:40:03+00:00","description":"Slovenija s svojo raznolikostjo nudi veliko mo\u017enosti za spro\u0161\u010danje, aktivnosti in predvsem pridobitev novih izku\u0161enj. Do\u017eivite jo lokalno.","breadcrumb":{"@id":"https:\/\/www.travel-slovenia.si\/slo\/lokalna-ponudba-in-izkusnja\/#breadcrumb"},"inLanguage":"sl-SI","potentialAction":[{"@type":"ReadAction","target":["https:\/\/www.travel-slovenia.si\/slo\/lokalna-ponudba-in-izkusnja\/"]}]},{"@type":"ImageObject","inLanguage":"sl-SI","@id":"https:\/\/www.travel-slovenia.si\/slo\/lokalna-ponudba-in-izkusnja\/#primaryimage","url":"https:\/\/www.travel-slovenia.si\/wp-content\/uploads\/2020\/05\/travel-slovenia-farm.jpg","contentUrl":"https:\/\/www.travel-slovenia.si\/wp-content\/uploads\/2020\/05\/travel-slovenia-farm.jpg"},{"@type":"BreadcrumbList","@id":"https:\/\/www.travel-slovenia.si\/slo\/lokalna-ponudba-in-izkusnja\/#breadcrumb","itemListElement":[{"@type":"ListItem","position":1,"name":"Home","item":"https:\/\/www.travel-slovenia.si\/slo\/"},{"@type":"ListItem","position":2,"name":"Lokalna ponudba in izku\u0161nja"}]},{"@type":"WebSite","@id":"https:\/\/www.travel-slovenia.si\/slo\/#website","url":"https:\/\/www.travel-slovenia.si\/slo\/","name":"Travel Slovenia - Sledite lepotam na\u0161e male dr\u017eavice","description":"","potentialAction":[{"@type":"SearchAction","target":{"@type":"EntryPoint","urlTemplate":"https:\/\/www.travel-slovenia.si\/slo\/?s={search_term_string}"},"query-input":{"@type":"PropertyValueSpecification","valueRequired":true,"valueName":"search_term_string"}}],"inLanguage":"sl-SI"}]}},"post_mailing_queue_ids":[],"_links":{"self":[{"href":"https:\/\/www.travel-slovenia.si\/slo\/wp-json\/wp\/v2\/pages\/8949","targetHints":{"allow":["GET"]}}],"collection":[{"href":"https:\/\/www.travel-slovenia.si\/slo\/wp-json\/wp\/v2\/pages"}],"about":[{"href":"https:\/\/www.travel-slovenia.si\/slo\/wp-json\/wp\/v2\/types\/page"}],"author":[{"embeddable":true,"href":"https:\/\/www.travel-slovenia.si\/slo\/wp-json\/wp\/v2\/users\/111"}],"replies":[{"embeddable":true,"href":"https:\/\/www.travel-slovenia.si\/slo\/wp-json\/wp\/v2\/comments?post=8949"}],"version-history":[{"count":1,"href":"https:\/\/www.travel-slovenia.si\/slo\/wp-json\/wp\/v2\/pages\/8949\/revisions"}],"predecessor-version":[{"id":8953,"href":"https:\/\/www.travel-slovenia.si\/slo\/wp-json\/wp\/v2\/pages\/8949\/revisions\/8953"}],"wp:attachment":[{"href":"https:\/\/www.travel-slovenia.si\/slo\/wp-json\/wp\/v2\/media?parent=8949"}],"curies":[{"name":"wp","href":"https:\/\/api.w.org\/{rel}","templated":true}]}}