{"id":8922,"date":"2020-05-18T11:11:34","date_gmt":"2020-05-18T09:11:34","guid":{"rendered":"https:\/\/www.travel-slovenia.si\/slo\/?page_id=8922"},"modified":"2020-05-18T11:11:34","modified_gmt":"2020-05-18T09:11:34","slug":"milan-ciglar","status":"publish","type":"page","link":"https:\/\/www.travel-slovenia.si\/slo\/milan-ciglar\/","title":{"rendered":"Milan Ciglar"},"content":{"rendered":"<figure id=\"attachment_10095\" class=\"wp-caption alignleft\" style=\"max-width: 300px\"><img loading=\"lazy\" decoding=\"async\" class=\"wp-image-10095\" src=\"https:\/\/www.travel-slovenia.si\/wp-content\/uploads\/2020\/05\/travel-slovenia-european-footpath-e6-01.jpg\" alt=\"\" width=\"300\" height=\"400\" \/><figcaption class=\"wp-caption-text\">Markacija pe\u0161poti E-6<\/figcaption><\/figure>\n<p style=\"text-align: justify;\">Milan Ciglar je bil slovenski gozdarski in\u017eenir, naravovarstvenik in organizator popotni\u0161tva, ki se je rodil 3. decembra 1923 v Zagrebu, umrl pa je 6. marca 1977 v Grintovcu. Ciglar se je specializiral za prostorsko problematiko gozdov ter varstvo narave. Bil je glavni urednik Gozdarskega vestnika, od leta 1975 pa vse do smrti. Bil je ve\u010d letni \u010dlan jugoslovanske komisije v FAO (Organizacija za prehrano in kmetijstvo). Veliko je prispeval pri organizaciji popotni\u0161tva, njegov dele\u017e pri tem je bil zelo pomemben. V Sloveniji je organiziral popotni\u0161tvo in naravoslovne u\u010dne poti. Skupaj s \u0161tudenti je ozna\u010dil zadnji del Evropske pe\u0161poti E-6, ki gre skozi Slovenijo in je poimenovana Ciglarjeva pot, pot se razprostira med Dravo in Jadranskim morjem<\/p>\n<figure id=\"attachment_10094\" class=\"wp-caption alignright\" style=\"max-width: 300px\"><img loading=\"lazy\" decoding=\"async\" class=\"size-medium wp-image-10094\" src=\"https:\/\/www.travel-slovenia.si\/wp-content\/uploads\/2020\/05\/travel-slovenia-european-footpath-e6-300x210.jpg\" alt=\"\" width=\"300\" height=\"210\" \/><figcaption class=\"wp-caption-text\">Slovenski del pe\u0161poti E-6<\/figcaption><\/figure>\n<p style=\"text-align: justify;\">V NOB je bil Ciglar politi\u010dni komisar v Gub\u010devi in Levstikovi brigadi. Na \u0161tudij na ljubljanski Agronomsko-gozdarski fakulteti se vpi\u0161e po koncu vojne. Leta 1955 tudi diplomira. Po koncu \u0161tudija se zaposli na Gozdnem gospodarstvu Bled, na Repuli\u0161kem sekretariatu za kmetijstvo in gozdarstvo je slu\u017eboval od leta 1962 dalje. Med leti 1965 in 1966 je bil republi\u0161ki gozdarski in\u0161pektor. In\u0161titut za gozdno in lesno gospodarstvo Slovenije je vodil med leti 1966 in 1971. V okviru slu\u017ebovanja je ustanovil odsek za prostorsko planiranje in krajinarstvo. V Freiburgu v Nem\u010diji so mu leta 1977 na podlagi predlo\u017eene disertacije posmrtno podelili doktorat.<\/p>\n<p>&nbsp;<\/p>\n<table>\n<tbody>\n<tr>\n<td style=\"text-align: center;\"><a href=\"https:\/\/www.travel-slovenia.si\/slo\/zgodovinske-osebnosti\/\"><img loading=\"lazy\" decoding=\"async\" class=\"alignleft wp-image-4499 size-full\" src=\"https:\/\/www.travel-slovenia.si\/slo\/wp-content\/uploads\/2014\/09\/travel-slovenia-povezava-na-drugo.jpg\" alt=\"travel-slovenia-povezava-na-drugo\" width=\"128\" height=\"22\" srcset=\"https:\/\/www.travel-slovenia.si\/slo\/wp-content\/uploads\/2014\/09\/travel-slovenia-povezava-na-drugo.jpg 128w, https:\/\/www.travel-slovenia.si\/slo\/wp-content\/uploads\/2014\/09\/travel-slovenia-povezava-na-drugo-24x4.jpg 24w, https:\/\/www.travel-slovenia.si\/slo\/wp-content\/uploads\/2014\/09\/travel-slovenia-povezava-na-drugo-36x6.jpg 36w, https:\/\/www.travel-slovenia.si\/slo\/wp-content\/uploads\/2014\/09\/travel-slovenia-povezava-na-drugo-48x8.jpg 48w\" sizes=\"auto, (max-width: 128px) 100vw, 128px\" \/><\/a><a href=\"https:\/\/www.travel-slovenia.si\/slo\/zgodovinske-osebnosti\/\">Poglejte \u0161e druge zgodovinske osebnosti!<\/a><a href=\"https:\/\/www.travel-slovenia.si\/slo\/zgodovinske-osebnosti\/\"><img loading=\"lazy\" decoding=\"async\" class=\"alignright wp-image-4500 size-full\" src=\"https:\/\/www.travel-slovenia.si\/slo\/wp-content\/uploads\/2014\/09\/travel-slovenia-povezava-na-drugo2.jpg\" alt=\"travel-slovenia-povezava-na-drugo2\" width=\"128\" height=\"22\" srcset=\"https:\/\/www.travel-slovenia.si\/slo\/wp-content\/uploads\/2014\/09\/travel-slovenia-povezava-na-drugo2.jpg 128w, https:\/\/www.travel-slovenia.si\/slo\/wp-content\/uploads\/2014\/09\/travel-slovenia-povezava-na-drugo2-24x4.jpg 24w, https:\/\/www.travel-slovenia.si\/slo\/wp-content\/uploads\/2014\/09\/travel-slovenia-povezava-na-drugo2-36x6.jpg 36w, https:\/\/www.travel-slovenia.si\/slo\/wp-content\/uploads\/2014\/09\/travel-slovenia-povezava-na-drugo2-48x8.jpg 48w\" sizes=\"auto, (max-width: 128px) 100vw, 128px\" \/><\/a><\/td>\n<\/tr>\n<\/tbody>\n<\/table>\n<p>&nbsp;<\/p>\n<hr \/>\n<p style=\"text-align: justify;\"><a href=\"https:\/\/www.travel-slovenia.si\/slo\/location\/grad-vodriz\/\"><img loading=\"lazy\" decoding=\"async\" class=\"alignleft size-full wp-image-10008\" src=\"https:\/\/www.travel-slovenia.si\/wp-content\/uploads\/2020\/05\/travel-slovenia-castle-vodriz-view.jpg\" alt=\"\" width=\"150\" height=\"150\" \/><\/a><a href=\"https:\/\/www.travel-slovenia.si\/slo\/location\/grad-vodriz\/\"><strong><em>Grad Vodri\u017e<\/em><\/strong><\/a><br \/>\nGrad Vodri\u017e, nem\u0161ko Wiederdries, je dru\u017einski grad zgrajen v gotskem slogu. Njegovi ostaniki stojijo pri naselju Vodri\u017e v mestni ob\u010dini Slovenj Gradec. Grad so postavili oglejski fevdi, vitezi Hebenstreiti, okoli leta 1300. Dana\u0161nje razvaline so \u0161e vedno dobro ohranjene in vredne ogleda. [<a href=\"https:\/\/www.travel-slovenia.si\/slo\/location\/grad-vodriz\/\">_Preberite ve\u010d_<\/a>]\n","protected":false},"excerpt":{"rendered":"<p>Milan Ciglar je bil slovenski gozdarski in\u017eenir, naravovarstvenik in organizator popotni\u0161tva, ki se je rodil 3. decembra 1923 v Zagrebu, umrl pa je 6. marca 1977 v Grintovcu. Ciglar se je specializiral za prostorsko problematiko gozdov ter varstvo narave. Bil je glavni urednik Gozdarskega vestnika, od leta 1975 pa vse do smrti. Bil je ve\u010d [&hellip;]<\/p>\n","protected":false},"author":111,"featured_media":0,"parent":0,"menu_order":0,"comment_status":"closed","ping_status":"closed","template":"","meta":{"footnotes":""},"class_list":["post-8922","page","type-page","status-publish","hentry"],"yoast_head":"<!-- This site is optimized with the Yoast SEO plugin v25.4 - https:\/\/yoast.com\/wordpress\/plugins\/seo\/ -->\n<title>Milan Ciglar : Travel-Slovenia<\/title>\n<meta name=\"description\" content=\"Milan Ciglar je bil slovenski gozdarski in\u017eenir, naravovarstvenik in organizator popotni\u0161tva, ki se je rodil 3. decembra 1923 v Zagrebu.\" \/>\n<meta name=\"robots\" content=\"index, follow, max-snippet:-1, max-image-preview:large, max-video-preview:-1\" \/>\n<link rel=\"canonical\" href=\"https:\/\/www.travel-slovenia.si\/slo\/milan-ciglar\/\" \/>\n<meta property=\"og:locale\" content=\"sl_SI\" \/>\n<meta property=\"og:type\" content=\"article\" \/>\n<meta property=\"og:title\" content=\"Milan Ciglar : Travel-Slovenia\" \/>\n<meta property=\"og:description\" content=\"Milan Ciglar je bil slovenski gozdarski in\u017eenir, naravovarstvenik in organizator popotni\u0161tva, ki se je rodil 3. decembra 1923 v Zagrebu.\" \/>\n<meta property=\"og:url\" content=\"https:\/\/www.travel-slovenia.si\/slo\/milan-ciglar\/\" \/>\n<meta property=\"og:site_name\" content=\"Travel Slovenia - Sledite lepotam na\u0161e male dr\u017eavice\" \/>\n<meta property=\"og:image\" content=\"https:\/\/www.travel-slovenia.si\/slo\/wp-content\/uploads\/2020\/05\/travel-slovenia-european-footpath-e6-01.jpg\" \/>\n\t<meta property=\"og:image:width\" content=\"600\" \/>\n\t<meta property=\"og:image:height\" content=\"800\" \/>\n\t<meta property=\"og:image:type\" content=\"image\/jpeg\" \/>\n<meta name=\"twitter:card\" content=\"summary_large_image\" \/>\n<meta name=\"twitter:title\" content=\"Milan Ciglar : Travel-Slovenia\" \/>\n<meta name=\"twitter:description\" content=\"Milan Ciglar je bil slovenski gozdarski in\u017eenir, naravovarstvenik in organizator popotni\u0161tva, ki se je rodil 3. decembra 1923 v Zagrebu.\" \/>\n<meta name=\"twitter:image\" content=\"https:\/\/www.travel-slovenia.si\/slo\/wp-content\/uploads\/2020\/05\/travel-slovenia-european-footpath-e6-01.jpg\" \/>\n<meta name=\"twitter:label1\" content=\"Est. reading time\" \/>\n\t<meta name=\"twitter:data1\" content=\"2 minuti\" \/>\n<script type=\"application\/ld+json\" class=\"yoast-schema-graph\">{\"@context\":\"https:\/\/schema.org\",\"@graph\":[{\"@type\":\"WebPage\",\"@id\":\"https:\/\/www.travel-slovenia.si\/slo\/milan-ciglar\/\",\"url\":\"https:\/\/www.travel-slovenia.si\/slo\/milan-ciglar\/\",\"name\":\"Milan Ciglar : Travel-Slovenia\",\"isPartOf\":{\"@id\":\"https:\/\/www.travel-slovenia.si\/slo\/#website\"},\"primaryImageOfPage\":{\"@id\":\"https:\/\/www.travel-slovenia.si\/slo\/milan-ciglar\/#primaryimage\"},\"image\":{\"@id\":\"https:\/\/www.travel-slovenia.si\/slo\/milan-ciglar\/#primaryimage\"},\"thumbnailUrl\":\"https:\/\/www.travel-slovenia.si\/wp-content\/uploads\/2020\/05\/travel-slovenia-european-footpath-e6-01.jpg\",\"datePublished\":\"2020-05-18T09:11:34+00:00\",\"description\":\"Milan Ciglar je bil slovenski gozdarski in\u017eenir, naravovarstvenik in organizator popotni\u0161tva, ki se je rodil 3. decembra 1923 v Zagrebu.\",\"breadcrumb\":{\"@id\":\"https:\/\/www.travel-slovenia.si\/slo\/milan-ciglar\/#breadcrumb\"},\"inLanguage\":\"sl-SI\",\"potentialAction\":[{\"@type\":\"ReadAction\",\"target\":[\"https:\/\/www.travel-slovenia.si\/slo\/milan-ciglar\/\"]}]},{\"@type\":\"ImageObject\",\"inLanguage\":\"sl-SI\",\"@id\":\"https:\/\/www.travel-slovenia.si\/slo\/milan-ciglar\/#primaryimage\",\"url\":\"https:\/\/www.travel-slovenia.si\/wp-content\/uploads\/2020\/05\/travel-slovenia-european-footpath-e6-01.jpg\",\"contentUrl\":\"https:\/\/www.travel-slovenia.si\/wp-content\/uploads\/2020\/05\/travel-slovenia-european-footpath-e6-01.jpg\"},{\"@type\":\"BreadcrumbList\",\"@id\":\"https:\/\/www.travel-slovenia.si\/slo\/milan-ciglar\/#breadcrumb\",\"itemListElement\":[{\"@type\":\"ListItem\",\"position\":1,\"name\":\"Home\",\"item\":\"https:\/\/www.travel-slovenia.si\/slo\/\"},{\"@type\":\"ListItem\",\"position\":2,\"name\":\"Milan Ciglar\"}]},{\"@type\":\"WebSite\",\"@id\":\"https:\/\/www.travel-slovenia.si\/slo\/#website\",\"url\":\"https:\/\/www.travel-slovenia.si\/slo\/\",\"name\":\"Travel Slovenia - Sledite lepotam na\u0161e male dr\u017eavice\",\"description\":\"\",\"potentialAction\":[{\"@type\":\"SearchAction\",\"target\":{\"@type\":\"EntryPoint\",\"urlTemplate\":\"https:\/\/www.travel-slovenia.si\/slo\/?s={search_term_string}\"},\"query-input\":{\"@type\":\"PropertyValueSpecification\",\"valueRequired\":true,\"valueName\":\"search_term_string\"}}],\"inLanguage\":\"sl-SI\"}]}<\/script>\n<!-- \/ Yoast SEO plugin. -->","yoast_head_json":{"title":"Milan Ciglar : Travel-Slovenia","description":"Milan Ciglar je bil slovenski gozdarski in\u017eenir, naravovarstvenik in organizator popotni\u0161tva, ki se je rodil 3. decembra 1923 v Zagrebu.","robots":{"index":"index","follow":"follow","max-snippet":"max-snippet:-1","max-image-preview":"max-image-preview:large","max-video-preview":"max-video-preview:-1"},"canonical":"https:\/\/www.travel-slovenia.si\/slo\/milan-ciglar\/","og_locale":"sl_SI","og_type":"article","og_title":"Milan Ciglar : Travel-Slovenia","og_description":"Milan Ciglar je bil slovenski gozdarski in\u017eenir, naravovarstvenik in organizator popotni\u0161tva, ki se je rodil 3. decembra 1923 v Zagrebu.","og_url":"https:\/\/www.travel-slovenia.si\/slo\/milan-ciglar\/","og_site_name":"Travel Slovenia - Sledite lepotam na\u0161e male dr\u017eavice","og_image":[{"width":600,"height":800,"url":"https:\/\/www.travel-slovenia.si\/slo\/wp-content\/uploads\/2020\/05\/travel-slovenia-european-footpath-e6-01.jpg","type":"image\/jpeg"}],"twitter_card":"summary_large_image","twitter_title":"Milan Ciglar : Travel-Slovenia","twitter_description":"Milan Ciglar je bil slovenski gozdarski in\u017eenir, naravovarstvenik in organizator popotni\u0161tva, ki se je rodil 3. decembra 1923 v Zagrebu.","twitter_image":"https:\/\/www.travel-slovenia.si\/slo\/wp-content\/uploads\/2020\/05\/travel-slovenia-european-footpath-e6-01.jpg","twitter_misc":{"Est. reading time":"2 minuti"},"schema":{"@context":"https:\/\/schema.org","@graph":[{"@type":"WebPage","@id":"https:\/\/www.travel-slovenia.si\/slo\/milan-ciglar\/","url":"https:\/\/www.travel-slovenia.si\/slo\/milan-ciglar\/","name":"Milan Ciglar : Travel-Slovenia","isPartOf":{"@id":"https:\/\/www.travel-slovenia.si\/slo\/#website"},"primaryImageOfPage":{"@id":"https:\/\/www.travel-slovenia.si\/slo\/milan-ciglar\/#primaryimage"},"image":{"@id":"https:\/\/www.travel-slovenia.si\/slo\/milan-ciglar\/#primaryimage"},"thumbnailUrl":"https:\/\/www.travel-slovenia.si\/wp-content\/uploads\/2020\/05\/travel-slovenia-european-footpath-e6-01.jpg","datePublished":"2020-05-18T09:11:34+00:00","description":"Milan Ciglar je bil slovenski gozdarski in\u017eenir, naravovarstvenik in organizator popotni\u0161tva, ki se je rodil 3. decembra 1923 v Zagrebu.","breadcrumb":{"@id":"https:\/\/www.travel-slovenia.si\/slo\/milan-ciglar\/#breadcrumb"},"inLanguage":"sl-SI","potentialAction":[{"@type":"ReadAction","target":["https:\/\/www.travel-slovenia.si\/slo\/milan-ciglar\/"]}]},{"@type":"ImageObject","inLanguage":"sl-SI","@id":"https:\/\/www.travel-slovenia.si\/slo\/milan-ciglar\/#primaryimage","url":"https:\/\/www.travel-slovenia.si\/wp-content\/uploads\/2020\/05\/travel-slovenia-european-footpath-e6-01.jpg","contentUrl":"https:\/\/www.travel-slovenia.si\/wp-content\/uploads\/2020\/05\/travel-slovenia-european-footpath-e6-01.jpg"},{"@type":"BreadcrumbList","@id":"https:\/\/www.travel-slovenia.si\/slo\/milan-ciglar\/#breadcrumb","itemListElement":[{"@type":"ListItem","position":1,"name":"Home","item":"https:\/\/www.travel-slovenia.si\/slo\/"},{"@type":"ListItem","position":2,"name":"Milan Ciglar"}]},{"@type":"WebSite","@id":"https:\/\/www.travel-slovenia.si\/slo\/#website","url":"https:\/\/www.travel-slovenia.si\/slo\/","name":"Travel Slovenia - Sledite lepotam na\u0161e male dr\u017eavice","description":"","potentialAction":[{"@type":"SearchAction","target":{"@type":"EntryPoint","urlTemplate":"https:\/\/www.travel-slovenia.si\/slo\/?s={search_term_string}"},"query-input":{"@type":"PropertyValueSpecification","valueRequired":true,"valueName":"search_term_string"}}],"inLanguage":"sl-SI"}]}},"post_mailing_queue_ids":[],"_links":{"self":[{"href":"https:\/\/www.travel-slovenia.si\/slo\/wp-json\/wp\/v2\/pages\/8922","targetHints":{"allow":["GET"]}}],"collection":[{"href":"https:\/\/www.travel-slovenia.si\/slo\/wp-json\/wp\/v2\/pages"}],"about":[{"href":"https:\/\/www.travel-slovenia.si\/slo\/wp-json\/wp\/v2\/types\/page"}],"author":[{"embeddable":true,"href":"https:\/\/www.travel-slovenia.si\/slo\/wp-json\/wp\/v2\/users\/111"}],"replies":[{"embeddable":true,"href":"https:\/\/www.travel-slovenia.si\/slo\/wp-json\/wp\/v2\/comments?post=8922"}],"version-history":[{"count":1,"href":"https:\/\/www.travel-slovenia.si\/slo\/wp-json\/wp\/v2\/pages\/8922\/revisions"}],"predecessor-version":[{"id":8925,"href":"https:\/\/www.travel-slovenia.si\/slo\/wp-json\/wp\/v2\/pages\/8922\/revisions\/8925"}],"wp:attachment":[{"href":"https:\/\/www.travel-slovenia.si\/slo\/wp-json\/wp\/v2\/media?parent=8922"}],"curies":[{"name":"wp","href":"https:\/\/api.w.org\/{rel}","templated":true}]}}