{"id":8911,"date":"2020-05-18T10:28:55","date_gmt":"2020-05-18T08:28:55","guid":{"rendered":"https:\/\/www.travel-slovenia.si\/slo\/?page_id=8911"},"modified":"2020-05-18T10:30:09","modified_gmt":"2020-05-18T08:30:09","slug":"hugo-wolf","status":"publish","type":"page","link":"https:\/\/www.travel-slovenia.si\/slo\/hugo-wolf\/","title":{"rendered":"Hugo Wolf"},"content":{"rendered":"<figure id=\"attachment_10081\" class=\"wp-caption alignleft\" style=\"max-width: 300px\"><img loading=\"lazy\" decoding=\"async\" class=\"wp-image-10081\" src=\"https:\/\/www.travel-slovenia.si\/wp-content\/uploads\/2020\/05\/travel-slovenia-hugo-wolf.jpg\" alt=\"\" width=\"300\" height=\"436\" \/><figcaption class=\"wp-caption-text\">Hugo Wolf (1885)<\/figcaption><\/figure>\n<p style=\"text-align: justify;\">Hugo Wolf, polno ime Hugo Philipp Jakob Wolf, je v Sloveniji rojen svetovno znan skladatelj in glasbeni kritik. Rodil se je 13. marca 1860 v Slovenj Gradcu, umrl je 22. februarja 1903 na Dunaju. Rojen je bil kot tretji otrok v nem\u0161ko govore\u010do dru\u017eino usnjarja, uglednega me\u0161\u010dana in glasbenega navdu\u0161enca Filipa Wolfa ter \u017eeni Katarini, rojena Nussbaumer. Oba star\u0161a sta imela slovenske prednike. Vse do prihoda v Slovenj Gradec so se pisali Volki, a ker je bila naselbina prete\u017eno nem\u0161ka so se uveljavili s priimkom Wolf. \u017de kot zelo mlad fant je pri\u010del igrati klavir in violino ter velja za zelo nadarjenega glasbenega otroka z absolutnim posluhom. Prve glasbene u\u010dne ure dobi pri o\u010detu in doma\u010dem u\u010ditelju Sebastianu Weixlerju. Pri tem je bil vklju\u010den \u0161e v o\u010detov hi\u0161ni orkester v katerem je Hugo igral violino.<\/p>\n<p style=\"text-align: justify;\">V Slovenj Gradcu je obiskoval dvojezi\u010dno \u0161tirirazrednico, \u0161olanje nadaljuje v Gradcu, potem v \u0160entpavlu v Labotski dolini ter kasneje enako neuspe\u0161no v Mariboru. Po neuspe\u0161nem \u0161olanju se vrne v Slovenj Gradec, doma je \u0161tudiral dunajske klasike in v Mariboru nastanejo prve skladbe &#8211; klavirska sonata, variacije za klavir, pet samospevov, med drugim \u0161tiri po Goethejevih pesmih, nekaj skic za godalni kvartet in zborovske pesmi.<\/p>\n<figure id=\"attachment_10084\" class=\"wp-caption alignright\" style=\"max-width: 300px\"><img loading=\"lazy\" decoding=\"async\" class=\"size-medium wp-image-10084\" src=\"https:\/\/www.travel-slovenia.si\/wp-content\/uploads\/2020\/05\/travel-slovenia-hugo-wolf-square-Vienna-300x300.jpg\" alt=\"\" width=\"300\" height=\"300\" \/><figcaption class=\"wp-caption-text\">Hugo-Wolf-Park na Dunaju (D\u00f6bling) leta 1920<\/figcaption><\/figure>\n<p style=\"text-align: justify;\">Po \u017eelji, da ho\u010de \u017eiveti z glasbo pri\u010dne leta 1875 obiskovati konservatorij na Dunaju, kjer uspe\u0161no zaklju\u010di prvo leto. Vendar pa ga v drugem letniku izklju\u010dijo zaradi disciplinskega prekr\u0161ka. Tako pride nazaj v Slovenj Gradec ter tu poleti 1877 nastanejo prvi ciklusi zborovskih pesmi in samospevov. Novembra istega leta se vrne nazaj na Dunaj, kjer se pri skoraj 18 letih oku\u017ei s sifilisom, ki vse do njegove zgodnje smrti leta 1903 zaznamuje njegovo \u017eivljenje in ustvarjanje. S klavirjem in finan\u010dno podporo svojega o\u010deta je na Dunaju \u017eivel ve\u010d let. Kot asistent dirigent v mestnem gledali\u0161\u010du v Salzburgu se zaposli leta 1881. A je po treh mesecih odstopil in tako nikoli ve\u010d ni bil najet kot glasbenik.<\/p>\n<figure id=\"attachment_10082\" class=\"wp-caption alignleft\" style=\"max-width: 300px\"><img loading=\"lazy\" decoding=\"async\" class=\"wp-image-10082\" src=\"https:\/\/www.travel-slovenia.si\/wp-content\/uploads\/2020\/05\/travel-slovenia-hugo-wolf-01.jpg\" alt=\"\" width=\"300\" height=\"427\" \/><figcaption class=\"wp-caption-text\">Hugo Wolf<\/figcaption><\/figure>\n<p style=\"text-align: justify;\">Glasbeni kritik pri bulvarskem \u010dasopisu Viennaer Salonblatt postane leta 1884. Bil je vnet ob\u010dudovalec Wagnerja, kritiziral je Brahmsa. Leta 1887 objavi 12 svojih pesmi, odstopi s polo\u017eaja pri \u010dasopisu in se popolnoma posveti komponiranju. Naslednjih devet let \u017eivi na vi\u0161ku svoje skladateljske slave. Med leti 1888 in 1891 je bil razpet med Avstrijo in Nem\u010dijo, a je zanj to najbolj ustvarjalno obdobje. V letu 1888 ustvari prvega izmed nesmrtnih samospevov na lirske predloge Eduarda M\u00f6rikeja. V tem letu uglasbi kar 43 samospevov. V istem letu sledi ve\u010d koncertov z njegovimi samospevi. V letu 1889 nastanejo prve pesmi iz monumentalnega Goethejevega cikla, v letu 1890 ve\u010dkrat potuje v Nem\u010dijo, kjer si ustvari krog znancev, kot so Ludwig Strecker, ki je bil vodja pomembne zalo\u017ebe Schott. Tako njegove pesmarice kon\u010dno prodrejo v \u0161ir\u0161o glasbeno javnost.<\/p>\n<p style=\"text-align: justify;\">Obdobje med leti 1891 in 1895 sledi obdobje ne-ustvarjanja zaradi napredovanja bolezni. Po dalj\u0161em obdobju neaktivnosti, pride leto 1895, ki rezultira v novi verziji predelave Alarconove \u0161panske novele Trirogeljnik, kasneje preimenovana v Correidor. V polnem zamahu pa ob\u010dinstvo osvoji \u0161ele v post-humanem obdobju med leti 1902 in 1906. V zadnjih letih svojega \u017eivljenja je Hugo zaradi napredovanja bolezni hospitaliziran na najbolj\u0161em oddelku ni\u017eje-avstrijske dr\u017eavne umobolnice na Dunaju, kjer 22. februarja 1903 umre.<\/p>\n<p style=\"text-align: justify;\">Wolf je vse do svoje smrti trpel skrajno rev\u0161\u010dino, kar je bilo te\u017eko breme zaradi njegovega zdravstvenega stanja in ponosa. Dohodek je pri\u0161el izklju\u010dno zaradi vztrajnega prizadevanja majhne skupine prijateljev, glasbenih kritikov in pevcev, ki so izvajali njegove pesmi, podpore dunajske akademske dru\u017ebe Wagner in ustanovitev zdru\u017eenja Hugo Wolf v letu 1897 z Michaelom Haberlandtom na Dunaju.<\/p>\n<p style=\"text-align: justify;\">Pokopan je na centralnem dunajskem pokopali\u0161\u010du, posmrtno masko je izdelal Franz Seifert. \u0160e istega leta na Dunaju po njem poimenujejo ulico Hugo-Wolf-Gasse.<\/p>\n<p>&nbsp;<\/p>\n<table>\n<tbody>\n<tr>\n<td style=\"text-align: center;\"><a href=\"https:\/\/www.travel-slovenia.si\/slo\/zgodovinske-osebnosti\/\"><img loading=\"lazy\" decoding=\"async\" class=\"alignleft wp-image-4499 size-full\" src=\"https:\/\/www.travel-slovenia.si\/slo\/wp-content\/uploads\/2014\/09\/travel-slovenia-povezava-na-drugo.jpg\" alt=\"travel-slovenia-povezava-na-drugo\" width=\"128\" height=\"22\" srcset=\"https:\/\/www.travel-slovenia.si\/slo\/wp-content\/uploads\/2014\/09\/travel-slovenia-povezava-na-drugo.jpg 128w, https:\/\/www.travel-slovenia.si\/slo\/wp-content\/uploads\/2014\/09\/travel-slovenia-povezava-na-drugo-24x4.jpg 24w, https:\/\/www.travel-slovenia.si\/slo\/wp-content\/uploads\/2014\/09\/travel-slovenia-povezava-na-drugo-36x6.jpg 36w, https:\/\/www.travel-slovenia.si\/slo\/wp-content\/uploads\/2014\/09\/travel-slovenia-povezava-na-drugo-48x8.jpg 48w\" sizes=\"auto, (max-width: 128px) 100vw, 128px\" \/><\/a><a href=\"https:\/\/www.travel-slovenia.si\/slo\/zgodovinske-osebnosti\/\">Poglejte \u0161e druge zgodovinske osebnosti!<\/a><a href=\"https:\/\/www.travel-slovenia.si\/slo\/zgodovinske-osebnosti\/\"><img loading=\"lazy\" decoding=\"async\" class=\"alignright wp-image-4500 size-full\" src=\"https:\/\/www.travel-slovenia.si\/slo\/wp-content\/uploads\/2014\/09\/travel-slovenia-povezava-na-drugo2.jpg\" alt=\"travel-slovenia-povezava-na-drugo2\" width=\"128\" height=\"22\" srcset=\"https:\/\/www.travel-slovenia.si\/slo\/wp-content\/uploads\/2014\/09\/travel-slovenia-povezava-na-drugo2.jpg 128w, https:\/\/www.travel-slovenia.si\/slo\/wp-content\/uploads\/2014\/09\/travel-slovenia-povezava-na-drugo2-24x4.jpg 24w, https:\/\/www.travel-slovenia.si\/slo\/wp-content\/uploads\/2014\/09\/travel-slovenia-povezava-na-drugo2-36x6.jpg 36w, https:\/\/www.travel-slovenia.si\/slo\/wp-content\/uploads\/2014\/09\/travel-slovenia-povezava-na-drugo2-48x8.jpg 48w\" sizes=\"auto, (max-width: 128px) 100vw, 128px\" \/><\/a><\/td>\n<\/tr>\n<\/tbody>\n<\/table>\n<p>&nbsp;<\/p>\n<hr \/>\n<p style=\"text-align: justify;\"><a href=\"https:\/\/www.travel-slovenia.si\/slo\/location\/rojstna-hisa-huga-wolfa\/\"><img loading=\"lazy\" decoding=\"async\" class=\"alignleft size-full wp-image-9997\" src=\"https:\/\/www.travel-slovenia.si\/wp-content\/uploads\/2020\/05\/travel-slovenia-hugo-wolf-birth-house-view.jpg\" alt=\"\" width=\"150\" height=\"150\" \/><\/a><a href=\"https:\/\/www.travel-slovenia.si\/slo\/location\/rojstna-hisa-huga-wolfa\/\"><em><strong>Rojstna hi\u0161a Huga Wolfa<\/strong><\/em><\/a><br \/>\nRojstna hi\u0161a Huga Wolfa se nahaja na Glavnem trgu v Slovenj Gradcu, njeno pro\u010delje hi\u0161e krasi spominska plo\u0161\u010da iz leta 1903, v nem\u0161kem napisu, \u0161e od \u010dasa smrti velikega skladatelja, ki pa je bila po drugi svetovni vojni umaknjena. Gre za neorenesan\u010dno stavbo s poznoklasicisti\u010dnimi vratnicami. [<a href=\"https:\/\/www.travel-slovenia.si\/slo\/location\/rojstna-hisa-huga-wolfa\/\">_Preberite ve\u010d_<\/a>]\n<hr \/>\n<p style=\"text-align: justify;\"><a href=\"https:\/\/www.travel-slovenia.si\/slo\/location\/slovenj-gradec\/\"><img loading=\"lazy\" decoding=\"async\" class=\"alignleft size-full wp-image-9997\" src=\"https:\/\/www.travel-slovenia.si\/wp-content\/uploads\/2014\/08\/travel-slovenia-slovenj-gradec-city-view.jpg\" alt=\"\" width=\"150\" height=\"150\" \/><\/a><a href=\"https:\/\/www.travel-slovenia.si\/slo\/location\/slovenj-gradec\/\"><em><strong>Slovenj Gradec<\/strong><\/em><\/a><br \/>\nNaselje Slovenj Gradec je sede\u017e edine mestne ob\u010dine v Koro\u0161ki regiji, obenem pa upravno, gospodarsko, ban\u010dno, \u0161olsko, informacijsko, zdravstveno, oskrbovalno in prometno sredi\u0161\u010de Mislinjske doline ter \u0161ir\u0161ega obmo\u010dja Koro\u0161ke. Je tudi slovenski sinonim za kulturno sredi\u0161\u010de. [<a href=\"https:\/\/www.travel-slovenia.si\/slo\/location\/slovenj-gradec\/\">_Preberite ve\u010d_<\/a>]\n","protected":false},"excerpt":{"rendered":"<p>Hugo Wolf, polno ime Hugo Philipp Jakob Wolf, je v Sloveniji rojen svetovno znan skladatelj in glasbeni kritik. Rodil se je 13. marca 1860 v Slovenj Gradcu, umrl je 22. februarja 1903 na Dunaju. Rojen je bil kot tretji otrok v nem\u0161ko govore\u010do dru\u017eino usnjarja, uglednega me\u0161\u010dana in glasbenega navdu\u0161enca Filipa Wolfa ter \u017eeni Katarini, [&hellip;]<\/p>\n","protected":false},"author":111,"featured_media":0,"parent":0,"menu_order":0,"comment_status":"closed","ping_status":"closed","template":"","meta":{"footnotes":""},"class_list":["post-8911","page","type-page","status-publish","hentry"],"yoast_head":"<!-- This site is optimized with the Yoast SEO plugin v25.4 - https:\/\/yoast.com\/wordpress\/plugins\/seo\/ -->\n<title>Hugo Wolf : Travel-Slovenia<\/title>\n<meta name=\"description\" content=\"Hugo Wolf, polno ime Hugo Philipp Jakob Wolf, je v Sloveniji rojen svetovno znan skladatelj in glasbeni kritik. Rodil se je 13. marca 1860 v Slovenj Gradcu.\" \/>\n<meta name=\"robots\" content=\"index, follow, max-snippet:-1, max-image-preview:large, max-video-preview:-1\" \/>\n<link rel=\"canonical\" href=\"https:\/\/www.travel-slovenia.si\/slo\/hugo-wolf\/\" \/>\n<meta property=\"og:locale\" content=\"sl_SI\" \/>\n<meta property=\"og:type\" content=\"article\" \/>\n<meta property=\"og:title\" content=\"Hugo Wolf : Travel-Slovenia\" \/>\n<meta property=\"og:description\" content=\"Hugo Wolf, polno ime Hugo Philipp Jakob Wolf, je v Sloveniji rojen svetovno znan skladatelj in glasbeni kritik. Rodil se je 13. marca 1860 v Slovenj Gradcu.\" \/>\n<meta property=\"og:url\" content=\"https:\/\/www.travel-slovenia.si\/slo\/hugo-wolf\/\" \/>\n<meta property=\"og:site_name\" content=\"Travel Slovenia - Sledite lepotam na\u0161e male dr\u017eavice\" \/>\n<meta property=\"article:modified_time\" content=\"2020-05-18T08:30:09+00:00\" \/>\n<meta property=\"og:image\" content=\"https:\/\/www.travel-slovenia.si\/slo\/wp-content\/uploads\/2020\/05\/travel-slovenia-hugo-wolf.jpg\" \/>\n\t<meta property=\"og:image:width\" content=\"600\" \/>\n\t<meta property=\"og:image:height\" content=\"871\" \/>\n\t<meta property=\"og:image:type\" content=\"image\/jpeg\" \/>\n<meta name=\"twitter:card\" content=\"summary_large_image\" \/>\n<meta name=\"twitter:title\" content=\"Hugo Wolf : Travel-Slovenia\" \/>\n<meta name=\"twitter:description\" content=\"Hugo Wolf, polno ime Hugo Philipp Jakob Wolf, je v Sloveniji rojen svetovno znan skladatelj in glasbeni kritik. Rodil se je 13. marca 1860 v Slovenj Gradcu.\" \/>\n<meta name=\"twitter:image\" content=\"https:\/\/www.travel-slovenia.si\/slo\/wp-content\/uploads\/2020\/05\/travel-slovenia-hugo-wolf.jpg\" \/>\n<meta name=\"twitter:label1\" content=\"Est. reading time\" \/>\n\t<meta name=\"twitter:data1\" content=\"4 minute\" \/>\n<script type=\"application\/ld+json\" class=\"yoast-schema-graph\">{\"@context\":\"https:\/\/schema.org\",\"@graph\":[{\"@type\":\"WebPage\",\"@id\":\"https:\/\/www.travel-slovenia.si\/slo\/hugo-wolf\/\",\"url\":\"https:\/\/www.travel-slovenia.si\/slo\/hugo-wolf\/\",\"name\":\"Hugo Wolf : Travel-Slovenia\",\"isPartOf\":{\"@id\":\"https:\/\/www.travel-slovenia.si\/slo\/#website\"},\"primaryImageOfPage\":{\"@id\":\"https:\/\/www.travel-slovenia.si\/slo\/hugo-wolf\/#primaryimage\"},\"image\":{\"@id\":\"https:\/\/www.travel-slovenia.si\/slo\/hugo-wolf\/#primaryimage\"},\"thumbnailUrl\":\"https:\/\/www.travel-slovenia.si\/wp-content\/uploads\/2020\/05\/travel-slovenia-hugo-wolf.jpg\",\"datePublished\":\"2020-05-18T08:28:55+00:00\",\"dateModified\":\"2020-05-18T08:30:09+00:00\",\"description\":\"Hugo Wolf, polno ime Hugo Philipp Jakob Wolf, je v Sloveniji rojen svetovno znan skladatelj in glasbeni kritik. Rodil se je 13. marca 1860 v Slovenj Gradcu.\",\"breadcrumb\":{\"@id\":\"https:\/\/www.travel-slovenia.si\/slo\/hugo-wolf\/#breadcrumb\"},\"inLanguage\":\"sl-SI\",\"potentialAction\":[{\"@type\":\"ReadAction\",\"target\":[\"https:\/\/www.travel-slovenia.si\/slo\/hugo-wolf\/\"]}]},{\"@type\":\"ImageObject\",\"inLanguage\":\"sl-SI\",\"@id\":\"https:\/\/www.travel-slovenia.si\/slo\/hugo-wolf\/#primaryimage\",\"url\":\"https:\/\/www.travel-slovenia.si\/wp-content\/uploads\/2020\/05\/travel-slovenia-hugo-wolf.jpg\",\"contentUrl\":\"https:\/\/www.travel-slovenia.si\/wp-content\/uploads\/2020\/05\/travel-slovenia-hugo-wolf.jpg\"},{\"@type\":\"BreadcrumbList\",\"@id\":\"https:\/\/www.travel-slovenia.si\/slo\/hugo-wolf\/#breadcrumb\",\"itemListElement\":[{\"@type\":\"ListItem\",\"position\":1,\"name\":\"Home\",\"item\":\"https:\/\/www.travel-slovenia.si\/slo\/\"},{\"@type\":\"ListItem\",\"position\":2,\"name\":\"Hugo Wolf\"}]},{\"@type\":\"WebSite\",\"@id\":\"https:\/\/www.travel-slovenia.si\/slo\/#website\",\"url\":\"https:\/\/www.travel-slovenia.si\/slo\/\",\"name\":\"Travel Slovenia - Sledite lepotam na\u0161e male dr\u017eavice\",\"description\":\"\",\"potentialAction\":[{\"@type\":\"SearchAction\",\"target\":{\"@type\":\"EntryPoint\",\"urlTemplate\":\"https:\/\/www.travel-slovenia.si\/slo\/?s={search_term_string}\"},\"query-input\":{\"@type\":\"PropertyValueSpecification\",\"valueRequired\":true,\"valueName\":\"search_term_string\"}}],\"inLanguage\":\"sl-SI\"}]}<\/script>\n<!-- \/ Yoast SEO plugin. -->","yoast_head_json":{"title":"Hugo Wolf : Travel-Slovenia","description":"Hugo Wolf, polno ime Hugo Philipp Jakob Wolf, je v Sloveniji rojen svetovno znan skladatelj in glasbeni kritik. Rodil se je 13. marca 1860 v Slovenj Gradcu.","robots":{"index":"index","follow":"follow","max-snippet":"max-snippet:-1","max-image-preview":"max-image-preview:large","max-video-preview":"max-video-preview:-1"},"canonical":"https:\/\/www.travel-slovenia.si\/slo\/hugo-wolf\/","og_locale":"sl_SI","og_type":"article","og_title":"Hugo Wolf : Travel-Slovenia","og_description":"Hugo Wolf, polno ime Hugo Philipp Jakob Wolf, je v Sloveniji rojen svetovno znan skladatelj in glasbeni kritik. Rodil se je 13. marca 1860 v Slovenj Gradcu.","og_url":"https:\/\/www.travel-slovenia.si\/slo\/hugo-wolf\/","og_site_name":"Travel Slovenia - Sledite lepotam na\u0161e male dr\u017eavice","article_modified_time":"2020-05-18T08:30:09+00:00","og_image":[{"width":600,"height":871,"url":"https:\/\/www.travel-slovenia.si\/slo\/wp-content\/uploads\/2020\/05\/travel-slovenia-hugo-wolf.jpg","type":"image\/jpeg"}],"twitter_card":"summary_large_image","twitter_title":"Hugo Wolf : Travel-Slovenia","twitter_description":"Hugo Wolf, polno ime Hugo Philipp Jakob Wolf, je v Sloveniji rojen svetovno znan skladatelj in glasbeni kritik. Rodil se je 13. marca 1860 v Slovenj Gradcu.","twitter_image":"https:\/\/www.travel-slovenia.si\/slo\/wp-content\/uploads\/2020\/05\/travel-slovenia-hugo-wolf.jpg","twitter_misc":{"Est. reading time":"4 minute"},"schema":{"@context":"https:\/\/schema.org","@graph":[{"@type":"WebPage","@id":"https:\/\/www.travel-slovenia.si\/slo\/hugo-wolf\/","url":"https:\/\/www.travel-slovenia.si\/slo\/hugo-wolf\/","name":"Hugo Wolf : Travel-Slovenia","isPartOf":{"@id":"https:\/\/www.travel-slovenia.si\/slo\/#website"},"primaryImageOfPage":{"@id":"https:\/\/www.travel-slovenia.si\/slo\/hugo-wolf\/#primaryimage"},"image":{"@id":"https:\/\/www.travel-slovenia.si\/slo\/hugo-wolf\/#primaryimage"},"thumbnailUrl":"https:\/\/www.travel-slovenia.si\/wp-content\/uploads\/2020\/05\/travel-slovenia-hugo-wolf.jpg","datePublished":"2020-05-18T08:28:55+00:00","dateModified":"2020-05-18T08:30:09+00:00","description":"Hugo Wolf, polno ime Hugo Philipp Jakob Wolf, je v Sloveniji rojen svetovno znan skladatelj in glasbeni kritik. Rodil se je 13. marca 1860 v Slovenj Gradcu.","breadcrumb":{"@id":"https:\/\/www.travel-slovenia.si\/slo\/hugo-wolf\/#breadcrumb"},"inLanguage":"sl-SI","potentialAction":[{"@type":"ReadAction","target":["https:\/\/www.travel-slovenia.si\/slo\/hugo-wolf\/"]}]},{"@type":"ImageObject","inLanguage":"sl-SI","@id":"https:\/\/www.travel-slovenia.si\/slo\/hugo-wolf\/#primaryimage","url":"https:\/\/www.travel-slovenia.si\/wp-content\/uploads\/2020\/05\/travel-slovenia-hugo-wolf.jpg","contentUrl":"https:\/\/www.travel-slovenia.si\/wp-content\/uploads\/2020\/05\/travel-slovenia-hugo-wolf.jpg"},{"@type":"BreadcrumbList","@id":"https:\/\/www.travel-slovenia.si\/slo\/hugo-wolf\/#breadcrumb","itemListElement":[{"@type":"ListItem","position":1,"name":"Home","item":"https:\/\/www.travel-slovenia.si\/slo\/"},{"@type":"ListItem","position":2,"name":"Hugo Wolf"}]},{"@type":"WebSite","@id":"https:\/\/www.travel-slovenia.si\/slo\/#website","url":"https:\/\/www.travel-slovenia.si\/slo\/","name":"Travel Slovenia - Sledite lepotam na\u0161e male dr\u017eavice","description":"","potentialAction":[{"@type":"SearchAction","target":{"@type":"EntryPoint","urlTemplate":"https:\/\/www.travel-slovenia.si\/slo\/?s={search_term_string}"},"query-input":{"@type":"PropertyValueSpecification","valueRequired":true,"valueName":"search_term_string"}}],"inLanguage":"sl-SI"}]}},"post_mailing_queue_ids":[],"_links":{"self":[{"href":"https:\/\/www.travel-slovenia.si\/slo\/wp-json\/wp\/v2\/pages\/8911","targetHints":{"allow":["GET"]}}],"collection":[{"href":"https:\/\/www.travel-slovenia.si\/slo\/wp-json\/wp\/v2\/pages"}],"about":[{"href":"https:\/\/www.travel-slovenia.si\/slo\/wp-json\/wp\/v2\/types\/page"}],"author":[{"embeddable":true,"href":"https:\/\/www.travel-slovenia.si\/slo\/wp-json\/wp\/v2\/users\/111"}],"replies":[{"embeddable":true,"href":"https:\/\/www.travel-slovenia.si\/slo\/wp-json\/wp\/v2\/comments?post=8911"}],"version-history":[{"count":2,"href":"https:\/\/www.travel-slovenia.si\/slo\/wp-json\/wp\/v2\/pages\/8911\/revisions"}],"predecessor-version":[{"id":8915,"href":"https:\/\/www.travel-slovenia.si\/slo\/wp-json\/wp\/v2\/pages\/8911\/revisions\/8915"}],"wp:attachment":[{"href":"https:\/\/www.travel-slovenia.si\/slo\/wp-json\/wp\/v2\/media?parent=8911"}],"curies":[{"name":"wp","href":"https:\/\/api.w.org\/{rel}","templated":true}]}}