{"id":8831,"date":"2020-03-19T15:32:36","date_gmt":"2020-03-19T14:32:36","guid":{"rendered":"https:\/\/www.travel-slovenia.si\/slo\/?page_id=8831"},"modified":"2020-07-02T14:32:34","modified_gmt":"2020-07-02T12:32:34","slug":"podprte-naprave-za-taleup-aplikacijo","status":"publish","type":"page","link":"https:\/\/www.travel-slovenia.si\/slo\/podprte-naprave-za-taleup-aplikacijo\/","title":{"rendered":"Podprte naprave za TaleUp aplikacijo"},"content":{"rendered":"<h3>ANDROID NAPRAVE<\/h3>\n<p style=\"text-align: justify;\">seznam naprav z Androidnim operacijskim sistemom, ki podpirajo delovanje aplikacije. V kolikor va\u0161 telefon ni na seznamu, to \u0161e ne pomeni, da aplikacija ni podprta za delovanje. Aplikacija mora delovati na vseh napravah, ki omogo\u010dajo zaznavanje tal ter ni starej\u0161a od leta 2017.<\/p>\n<p style=\"text-align: justify;\">Asus &#8211; ROG Phone<br \/>\nAsus &#8211; ROG Phone II<br \/>\nAsus &#8211; Zenfone 6<br \/>\nAsus &#8211; Zenfone AR<br \/>\nAsus &#8211; Zenfone ARES<br \/>\nGeneral Mobile &#8211; GM 9 Plus<br \/>\nGoogle &#8211; Nexus 5X (potrebuje Android 8.0 ali novej\u0161i)<br \/>\nGoogle &#8211; Nexus 6P (potrebuje Android 8.0 ali novej\u0161i)<br \/>\nGoogle &#8211; Pixel<br \/>\nGoogle &#8211; Pixel XL<br \/>\nGoogle &#8211; Pixel 2<br \/>\nGoogle &#8211; Pixel 2 XL<br \/>\nGoogle &#8211; Pixel 3<br \/>\nGoogle &#8211; Pixel 3 XL<br \/>\nGoogle &#8211; Pixel 3a<br \/>\nGoogle &#8211; Pixel 3a XL<br \/>\nGoogle &#8211; Pixel 4<br \/>\nGoogle &#8211; Pixel 4 XL<br \/>\nHMD Global &#8211; Nokia 6 (2018) (poznana tudi kot Nokia 6.1)<br \/>\nHMD Global &#8211; Nokia 6.1 Plus<br \/>\nHMD Global &#8211; Nokia 7 Plus<br \/>\nHMD Global &#8211; Nokia 7.1<br \/>\nHMD Global &#8211; Nokia 8 (potrebuje Android 8.0 ali novej\u0161i)<br \/>\nHMD Global &#8211; Nokia 8 Sirocco<br \/>\nHMD Global &#8211; Nokia 8.1<br \/>\nHuawei &#8211; Honor 8X<br \/>\nHuawei &#8211; Honor 10<br \/>\nHuawei &#8211; Honor View 10 Lite<br \/>\nHuawei &#8211; Honor V20<br \/>\nHuawei &#8211; Mate 20 Lite<br \/>\nHuawei &#8211; Mate 20<br \/>\nHuawei &#8211; Mate 20 Pro<br \/>\nHuawei &#8211; Mate 20 X<br \/>\nHuawei &#8211; Nova 3<br \/>\nHuawei &#8211; Nova 3i<br \/>\nHuawei &#8211; Nova 4<br \/>\nHuawei &#8211; P20<br \/>\nHuawei &#8211; P20 Pro<br \/>\nHuawei &#8211; P30<br \/>\nHuawei &#8211; P30 Pro<br \/>\nHuawei &#8211; Porsche Design Mate RS<br \/>\nHuawei &#8211; Porsche Design Mate 20 RS<br \/>\nHuawei &#8211; Y9 2019<br \/>\nInfinix Mobile &#8211; Note 6<br \/>\nKyocera &#8211; Torque G04<br \/>\nLG &#8211; G6 (potrebuje Android 8.0 ali novej\u0161i)<br \/>\nLG &#8211; G7 Fit<br \/>\nLG &#8211; G7 One<br \/>\nLG &#8211; G7 ThinQ<br \/>\nLG &#8211; G8 ThinQ<br \/>\nLG &#8211; G8S ThinQ<br \/>\nLG &#8211; G8X ThinQ<br \/>\nLG &#8211; Q6<br \/>\nLG &#8211; Q70<br \/>\nLG &#8211; Q8<br \/>\nLG &#8211; style2<br \/>\nLG &#8211; Stylo 5<br \/>\nLG &#8211; V30 (potrebuje Android 8.0 ali novej\u0161i)<br \/>\nLG &#8211; V30+ (potrebuje Android 8.0 ali novej\u0161i)<br \/>\nLG &#8211; V30+ JOJO (potrebuje Android 8.0 ali novej\u0161i)<br \/>\nLG &#8211; LG Signature Edition 2017 (potrebuje Android 8.0 ali novej\u0161i)<br \/>\nLG &#8211; V35 ThinQ<br \/>\nLG &#8211; LG Signature Edition 2018<br \/>\nLG &#8211; V40 ThinQ<br \/>\nLG &#8211; V50 ThinQ<br \/>\nMotorola &#8211; moto g5? plus<br \/>\nMotorola &#8211; moto g6<br \/>\nMotorola &#8211; moto g6 plus<br \/>\nMotorola &#8211; moto g7<br \/>\nMotorola &#8211; moto g7 plus<br \/>\nMotorola &#8211; moto g7 power<br \/>\nMotorola &#8211; moto g7 play<br \/>\nMotorola &#8211; motorola one<br \/>\nMotorola &#8211; motorola one action<br \/>\nMotorola &#8211; motorola one power<br \/>\nMotorola &#8211; motorola one vision<br \/>\nMotorola &#8211; motorola one zoom<br \/>\nMotorola &#8211; moto x4 (potrebuje Android 8.0 ali novej\u0161i)<br \/>\nMotorola &#8211; moto z2 force (potrebuje Android 8.0 ali novej\u0161i)<br \/>\nMotorola &#8211; moto z3<br \/>\nMotorola &#8211; moto z3 play<br \/>\nMotorola &#8211; moto z4<br \/>\nOnePlus &#8211; OnePlus 3T (potrebuje Android 8.0 ali novej\u0161i)<br \/>\nOnePlus &#8211; OnePlus 5<br \/>\nOnePlus &#8211; OnePlus 5T<br \/>\nOnePlus &#8211; OnePlus 6<br \/>\nOnePlus &#8211; OnePlus 6T<br \/>\nOnePlus &#8211; OnePlus 7<br \/>\nOnePlus &#8211; OnePlus 7 Pro<br \/>\nOnePlus &#8211; OnePlus 7 Pro 5G<br \/>\nOnePlus &#8211; OnePlus 7T<br \/>\nOnePlus &#8211; OnePlus 7T Pro<br \/>\nOppo &#8211; F11 Pro<br \/>\nOppo &#8211; K5<br \/>\nOppo &#8211; R17 Pro<br \/>\nOppo &#8211; realme 5<br \/>\nOppo &#8211; realme 5 Pro<br \/>\nOppo &#8211; realme Q<br \/>\nOppo &#8211; realme X<br \/>\nOppo &#8211; realme X Lite<br \/>\nOppo &#8211; realme XT<br \/>\nOppo &#8211; realme X2<br \/>\nOppo &#8211; realme X2 Pro<br \/>\nOppo &#8211; Reno<br \/>\nOppo &#8211; Reno2<br \/>\nOppo &#8211; Reno2 F<br \/>\nOppo &#8211; Reno2 Z<br \/>\nOppo &#8211; Reno 10x Zoom<br \/>\nOppo &#8211; Reno A<br \/>\nOppo &#8211; Reno Z<br \/>\nSamsung &#8211; Galaxy A3 (2017) (potrebuje Android 8.0 ali novej\u0161i)<br \/>\nSamsung &#8211; Galaxy A5 (2017)<br \/>\nSamsung &#8211; Galaxy A6 (2018)<br \/>\nSamsung &#8211; Galaxy A7 (2017)<br \/>\nSamsung &#8211; Galaxy A7 (2018) (potrebuje Android 9.0 ali novej\u0161i)<br \/>\nSamsung &#8211; Galaxy A8<br \/>\nSamsung &#8211; Galaxy A8+ (2018)<br \/>\nSamsung &#8211; Galaxy A30<br \/>\nSamsung &#8211; Galaxy A40<br \/>\nSamsung &#8211; Galaxy A50<br \/>\nSamsung &#8211; Galaxy A50s<br \/>\nSamsung &#8211; Galaxy A60<br \/>\nSamsung &#8211; Galaxy A70<br \/>\nSamsung &#8211; Galaxy A80<br \/>\nSamsung &#8211; Galaxy A90 5G<br \/>\nSamsung &#8211; Galaxy Fold<br \/>\nSamsung &#8211; Galaxy J5 (2017) &#8211; SM-J530 models<br \/>\nSamsung &#8211; Galaxy J5 Pro &#8211; SM-J530 models<br \/>\nSamsung &#8211; Galaxy J7 (2017) &#8211; SM-J730 models<br \/>\nSamsung &#8211; Galaxy J7 Pro &#8211; SM-J730 models<br \/>\nSamsung &#8211; Galaxy M30s<br \/>\nSamsung &#8211; Galaxy Note8<br \/>\nSamsung &#8211; Galaxy Note9<br \/>\nSamsung &#8211; Galaxy Note10<br \/>\nSamsung &#8211; Galaxy Note10+<br \/>\nSamsung &#8211; Galaxy S7<br \/>\nSamsung &#8211; Galaxy S7 edge<br \/>\nSamsung &#8211; Galaxy S8<br \/>\nSamsung &#8211; Galaxy S8+<br \/>\nSamsung &#8211; Galaxy S9<br \/>\nSamsung &#8211; Galaxy S9+<br \/>\nSamsung &#8211; Galaxy S10e<br \/>\nSamsung &#8211; Galaxy S10<br \/>\nSamsung &#8211; Galaxy S10+<br \/>\nSamsung &#8211; Galaxy S10 5G<br \/>\nSamsung &#8211; Galaxy Tab Active Pro<br \/>\nSamsung &#8211; Galaxy Tab S3<br \/>\nSamsung &#8211; Galaxy Tab S4<br \/>\nSamsung &#8211; Galaxy Tab S5e<br \/>\nSamsung &#8211; Galaxy Tab S6<br \/>\nSharp &#8211; AQUOS R3<br \/>\nSharp &#8211; AQUOS sense3<br \/>\nSharp &#8211; AQUOS sense3 plus<br \/>\nSharp &#8211; AQUOS zero2<br \/>\nSony &#8211; Xperia XZ Premium (potrebuje Android 8.0 ali novej\u0161i)<br \/>\nSony &#8211; Xperia XZ1 (potrebuje Android 8.0 ali novej\u0161i)<br \/>\nSony &#8211; Xperia XZ1 Compact (potrebuje Android 8.0 ali novej\u0161i)<br \/>\nSony &#8211; Xperia XZ2 (potrebuje Android 8.0 ali novej\u0161i z nadgradnjo sistema po avgustu 2018)<br \/>\nSony &#8211; Xperia XZ2 Compact (potrebuje Android 8.0 ali novej\u0161i z nadgradnjo sistema po avgustu 2018)<br \/>\nSony &#8211; Xperia XZ2 Premium (potrebuje Android 8.0 ali novej\u0161i z nadgradnjo sistema po avgustu 2018)<br \/>\nSony &#8211; Xperia XZ3<br \/>\nSony &#8211; Xperia 1<br \/>\nSony &#8211; Xperia 5<br \/>\nTecno &#8211; Camon 12 Pro<br \/>\nTecno &#8211; Phantom 9<br \/>\nVivo &#8211; NEX S<br \/>\nVivo &#8211; NEX Dual Display Edition<br \/>\nWiko &#8211; View 3 Pro<br \/>\nXiaomi &#8211; Mi 8<br \/>\nXiaomi &#8211; Mi 8 SE<br \/>\nXiaomi &#8211; Mi 9<br \/>\nXiaomi &#8211; Mi 9 SE<br \/>\nXiaomi &#8211; Mi A3<br \/>\nXiaomi &#8211; Mi Mix 2S<br \/>\nXiaomi &#8211; Mi Mix 3<br \/>\nXiaomi &#8211; Pocophone F1<br \/>\nXiaomi &#8211; Redmi K20<br \/>\nXiaomi &#8211; Redmi K20 Pro<br \/>\nXiaomi &#8211; Redmi Note 7<br \/>\nXiaomi &#8211; Redmi Note 7 Pro<br \/>\nZebra &#8211; TC52 WLAN Touch Computer<br \/>\nZebra &#8211; TC57 WWAN Touch Computer<br \/>\nZebra &#8211; TC72 WLAN Touch Computer<br \/>\nZebra &#8211; TC77 WWAN Touch Computer<\/p>\n<p>&nbsp;<\/p>\n<p><a href=\"https:\/\/www.travel-slovenia.si\/slo\/taleup-ustvarjamo-zgodbe\/\"><img loading=\"lazy\" decoding=\"async\" class=\"aligncenter wp-image-8839\" src=\"https:\/\/www.travel-slovenia.si\/slo\/wp-content\/uploads\/2020\/03\/gumb-nazaj-300x109.png\" alt=\"\" width=\"100\" height=\"36\" srcset=\"https:\/\/www.travel-slovenia.si\/slo\/wp-content\/uploads\/2020\/03\/gumb-nazaj-300x109.png 300w, https:\/\/www.travel-slovenia.si\/slo\/wp-content\/uploads\/2020\/03\/gumb-nazaj-24x9.png 24w, https:\/\/www.travel-slovenia.si\/slo\/wp-content\/uploads\/2020\/03\/gumb-nazaj-36x13.png 36w, https:\/\/www.travel-slovenia.si\/slo\/wp-content\/uploads\/2020\/03\/gumb-nazaj-48x17.png 48w, https:\/\/www.travel-slovenia.si\/slo\/wp-content\/uploads\/2020\/03\/gumb-nazaj.png 535w\" sizes=\"auto, (max-width: 100px) 100vw, 100px\" \/><\/a><\/p>\n","protected":false},"excerpt":{"rendered":"<p>ANDROID NAPRAVE seznam naprav z Androidnim operacijskim sistemom, ki podpirajo delovanje aplikacije. V kolikor va\u0161 telefon ni na seznamu, to \u0161e ne pomeni, da aplikacija ni podprta za delovanje. Aplikacija mora delovati na vseh napravah, ki omogo\u010dajo zaznavanje tal ter ni starej\u0161a od leta 2017. Asus &#8211; ROG Phone Asus &#8211; ROG Phone II Asus [&hellip;]<\/p>\n","protected":false},"author":111,"featured_media":0,"parent":0,"menu_order":0,"comment_status":"closed","ping_status":"closed","template":"","meta":{"footnotes":""},"class_list":["post-8831","page","type-page","status-publish","hentry"],"yoast_head":"<!-- This site is optimized with the Yoast SEO plugin v25.4 - https:\/\/yoast.com\/wordpress\/plugins\/seo\/ -->\n<title>Podprte naprave za TaleUp aplikacijo : Travel-Slovenia<\/title>\n<meta name=\"description\" content=\"Seznam naprav, ki podpirajo aplikacijo TaleUp z Androidnim ali iOS operacijskim sistemom. Naprava mora imeti funkcijo zaznavanja tal.\" \/>\n<meta name=\"robots\" content=\"index, follow, max-snippet:-1, max-image-preview:large, max-video-preview:-1\" \/>\n<link rel=\"canonical\" href=\"https:\/\/www.travel-slovenia.si\/slo\/podprte-naprave-za-taleup-aplikacijo\/\" \/>\n<meta property=\"og:locale\" content=\"sl_SI\" \/>\n<meta property=\"og:type\" content=\"article\" \/>\n<meta property=\"og:title\" content=\"Podprte naprave za TaleUp aplikacijo : Travel-Slovenia\" \/>\n<meta property=\"og:description\" content=\"Seznam naprav, ki podpirajo aplikacijo TaleUp z Androidnim ali iOS operacijskim sistemom. Naprava mora imeti funkcijo zaznavanja tal.\" \/>\n<meta property=\"og:url\" content=\"https:\/\/www.travel-slovenia.si\/slo\/podprte-naprave-za-taleup-aplikacijo\/\" \/>\n<meta property=\"og:site_name\" content=\"Travel Slovenia - Sledite lepotam na\u0161e male dr\u017eavice\" \/>\n<meta property=\"article:modified_time\" content=\"2020-07-02T12:32:34+00:00\" \/>\n<meta property=\"og:image\" content=\"https:\/\/www.travel-slovenia.si\/slo\/wp-content\/uploads\/2020\/03\/Logo-pasica.jpg\" \/>\n\t<meta property=\"og:image:width\" content=\"1024\" \/>\n\t<meta property=\"og:image:height\" content=\"500\" \/>\n\t<meta property=\"og:image:type\" content=\"image\/jpeg\" \/>\n<meta name=\"twitter:card\" content=\"summary_large_image\" \/>\n<meta name=\"twitter:title\" content=\"Podprte naprave za TaleUp aplikacijo : Travel-Slovenia\" \/>\n<meta name=\"twitter:description\" content=\"Seznam naprav, ki podpirajo aplikacijo TaleUp z Androidnim ali iOS operacijskim sistemom. Naprava mora imeti funkcijo zaznavanja tal.\" \/>\n<meta name=\"twitter:image\" content=\"https:\/\/www.travel-slovenia.si\/slo\/wp-content\/uploads\/2020\/03\/Logo-pasica.jpg\" \/>\n<meta name=\"twitter:label1\" content=\"Est. reading time\" \/>\n\t<meta name=\"twitter:data1\" content=\"5 minut\" \/>\n<script type=\"application\/ld+json\" class=\"yoast-schema-graph\">{\"@context\":\"https:\/\/schema.org\",\"@graph\":[{\"@type\":\"WebPage\",\"@id\":\"https:\/\/www.travel-slovenia.si\/slo\/podprte-naprave-za-taleup-aplikacijo\/\",\"url\":\"https:\/\/www.travel-slovenia.si\/slo\/podprte-naprave-za-taleup-aplikacijo\/\",\"name\":\"Podprte naprave za TaleUp aplikacijo : Travel-Slovenia\",\"isPartOf\":{\"@id\":\"https:\/\/www.travel-slovenia.si\/slo\/#website\"},\"primaryImageOfPage\":{\"@id\":\"https:\/\/www.travel-slovenia.si\/slo\/podprte-naprave-za-taleup-aplikacijo\/#primaryimage\"},\"image\":{\"@id\":\"https:\/\/www.travel-slovenia.si\/slo\/podprte-naprave-za-taleup-aplikacijo\/#primaryimage\"},\"thumbnailUrl\":\"https:\/\/www.travel-slovenia.si\/slo\/wp-content\/uploads\/2020\/03\/gumb-nazaj-300x109.png\",\"datePublished\":\"2020-03-19T14:32:36+00:00\",\"dateModified\":\"2020-07-02T12:32:34+00:00\",\"description\":\"Seznam naprav, ki podpirajo aplikacijo TaleUp z Androidnim ali iOS operacijskim sistemom. Naprava mora imeti funkcijo zaznavanja tal.\",\"breadcrumb\":{\"@id\":\"https:\/\/www.travel-slovenia.si\/slo\/podprte-naprave-za-taleup-aplikacijo\/#breadcrumb\"},\"inLanguage\":\"sl-SI\",\"potentialAction\":[{\"@type\":\"ReadAction\",\"target\":[\"https:\/\/www.travel-slovenia.si\/slo\/podprte-naprave-za-taleup-aplikacijo\/\"]}]},{\"@type\":\"ImageObject\",\"inLanguage\":\"sl-SI\",\"@id\":\"https:\/\/www.travel-slovenia.si\/slo\/podprte-naprave-za-taleup-aplikacijo\/#primaryimage\",\"url\":\"https:\/\/www.travel-slovenia.si\/slo\/wp-content\/uploads\/2020\/03\/gumb-nazaj.png\",\"contentUrl\":\"https:\/\/www.travel-slovenia.si\/slo\/wp-content\/uploads\/2020\/03\/gumb-nazaj.png\",\"width\":535,\"height\":194},{\"@type\":\"BreadcrumbList\",\"@id\":\"https:\/\/www.travel-slovenia.si\/slo\/podprte-naprave-za-taleup-aplikacijo\/#breadcrumb\",\"itemListElement\":[{\"@type\":\"ListItem\",\"position\":1,\"name\":\"Home\",\"item\":\"https:\/\/www.travel-slovenia.si\/slo\/\"},{\"@type\":\"ListItem\",\"position\":2,\"name\":\"Podprte naprave za TaleUp aplikacijo\"}]},{\"@type\":\"WebSite\",\"@id\":\"https:\/\/www.travel-slovenia.si\/slo\/#website\",\"url\":\"https:\/\/www.travel-slovenia.si\/slo\/\",\"name\":\"Travel Slovenia - Sledite lepotam na\u0161e male dr\u017eavice\",\"description\":\"\",\"potentialAction\":[{\"@type\":\"SearchAction\",\"target\":{\"@type\":\"EntryPoint\",\"urlTemplate\":\"https:\/\/www.travel-slovenia.si\/slo\/?s={search_term_string}\"},\"query-input\":{\"@type\":\"PropertyValueSpecification\",\"valueRequired\":true,\"valueName\":\"search_term_string\"}}],\"inLanguage\":\"sl-SI\"}]}<\/script>\n<!-- \/ Yoast SEO plugin. -->","yoast_head_json":{"title":"Podprte naprave za TaleUp aplikacijo : Travel-Slovenia","description":"Seznam naprav, ki podpirajo aplikacijo TaleUp z Androidnim ali iOS operacijskim sistemom. Naprava mora imeti funkcijo zaznavanja tal.","robots":{"index":"index","follow":"follow","max-snippet":"max-snippet:-1","max-image-preview":"max-image-preview:large","max-video-preview":"max-video-preview:-1"},"canonical":"https:\/\/www.travel-slovenia.si\/slo\/podprte-naprave-za-taleup-aplikacijo\/","og_locale":"sl_SI","og_type":"article","og_title":"Podprte naprave za TaleUp aplikacijo : Travel-Slovenia","og_description":"Seznam naprav, ki podpirajo aplikacijo TaleUp z Androidnim ali iOS operacijskim sistemom. Naprava mora imeti funkcijo zaznavanja tal.","og_url":"https:\/\/www.travel-slovenia.si\/slo\/podprte-naprave-za-taleup-aplikacijo\/","og_site_name":"Travel Slovenia - Sledite lepotam na\u0161e male dr\u017eavice","article_modified_time":"2020-07-02T12:32:34+00:00","og_image":[{"width":1024,"height":500,"url":"https:\/\/www.travel-slovenia.si\/slo\/wp-content\/uploads\/2020\/03\/Logo-pasica.jpg","type":"image\/jpeg"}],"twitter_card":"summary_large_image","twitter_title":"Podprte naprave za TaleUp aplikacijo : Travel-Slovenia","twitter_description":"Seznam naprav, ki podpirajo aplikacijo TaleUp z Androidnim ali iOS operacijskim sistemom. Naprava mora imeti funkcijo zaznavanja tal.","twitter_image":"https:\/\/www.travel-slovenia.si\/slo\/wp-content\/uploads\/2020\/03\/Logo-pasica.jpg","twitter_misc":{"Est. reading time":"5 minut"},"schema":{"@context":"https:\/\/schema.org","@graph":[{"@type":"WebPage","@id":"https:\/\/www.travel-slovenia.si\/slo\/podprte-naprave-za-taleup-aplikacijo\/","url":"https:\/\/www.travel-slovenia.si\/slo\/podprte-naprave-za-taleup-aplikacijo\/","name":"Podprte naprave za TaleUp aplikacijo : Travel-Slovenia","isPartOf":{"@id":"https:\/\/www.travel-slovenia.si\/slo\/#website"},"primaryImageOfPage":{"@id":"https:\/\/www.travel-slovenia.si\/slo\/podprte-naprave-za-taleup-aplikacijo\/#primaryimage"},"image":{"@id":"https:\/\/www.travel-slovenia.si\/slo\/podprte-naprave-za-taleup-aplikacijo\/#primaryimage"},"thumbnailUrl":"https:\/\/www.travel-slovenia.si\/slo\/wp-content\/uploads\/2020\/03\/gumb-nazaj-300x109.png","datePublished":"2020-03-19T14:32:36+00:00","dateModified":"2020-07-02T12:32:34+00:00","description":"Seznam naprav, ki podpirajo aplikacijo TaleUp z Androidnim ali iOS operacijskim sistemom. Naprava mora imeti funkcijo zaznavanja tal.","breadcrumb":{"@id":"https:\/\/www.travel-slovenia.si\/slo\/podprte-naprave-za-taleup-aplikacijo\/#breadcrumb"},"inLanguage":"sl-SI","potentialAction":[{"@type":"ReadAction","target":["https:\/\/www.travel-slovenia.si\/slo\/podprte-naprave-za-taleup-aplikacijo\/"]}]},{"@type":"ImageObject","inLanguage":"sl-SI","@id":"https:\/\/www.travel-slovenia.si\/slo\/podprte-naprave-za-taleup-aplikacijo\/#primaryimage","url":"https:\/\/www.travel-slovenia.si\/slo\/wp-content\/uploads\/2020\/03\/gumb-nazaj.png","contentUrl":"https:\/\/www.travel-slovenia.si\/slo\/wp-content\/uploads\/2020\/03\/gumb-nazaj.png","width":535,"height":194},{"@type":"BreadcrumbList","@id":"https:\/\/www.travel-slovenia.si\/slo\/podprte-naprave-za-taleup-aplikacijo\/#breadcrumb","itemListElement":[{"@type":"ListItem","position":1,"name":"Home","item":"https:\/\/www.travel-slovenia.si\/slo\/"},{"@type":"ListItem","position":2,"name":"Podprte naprave za TaleUp aplikacijo"}]},{"@type":"WebSite","@id":"https:\/\/www.travel-slovenia.si\/slo\/#website","url":"https:\/\/www.travel-slovenia.si\/slo\/","name":"Travel Slovenia - Sledite lepotam na\u0161e male dr\u017eavice","description":"","potentialAction":[{"@type":"SearchAction","target":{"@type":"EntryPoint","urlTemplate":"https:\/\/www.travel-slovenia.si\/slo\/?s={search_term_string}"},"query-input":{"@type":"PropertyValueSpecification","valueRequired":true,"valueName":"search_term_string"}}],"inLanguage":"sl-SI"}]}},"post_mailing_queue_ids":[],"_links":{"self":[{"href":"https:\/\/www.travel-slovenia.si\/slo\/wp-json\/wp\/v2\/pages\/8831","targetHints":{"allow":["GET"]}}],"collection":[{"href":"https:\/\/www.travel-slovenia.si\/slo\/wp-json\/wp\/v2\/pages"}],"about":[{"href":"https:\/\/www.travel-slovenia.si\/slo\/wp-json\/wp\/v2\/types\/page"}],"author":[{"embeddable":true,"href":"https:\/\/www.travel-slovenia.si\/slo\/wp-json\/wp\/v2\/users\/111"}],"replies":[{"embeddable":true,"href":"https:\/\/www.travel-slovenia.si\/slo\/wp-json\/wp\/v2\/comments?post=8831"}],"version-history":[{"count":6,"href":"https:\/\/www.travel-slovenia.si\/slo\/wp-json\/wp\/v2\/pages\/8831\/revisions"}],"predecessor-version":[{"id":9033,"href":"https:\/\/www.travel-slovenia.si\/slo\/wp-json\/wp\/v2\/pages\/8831\/revisions\/9033"}],"wp:attachment":[{"href":"https:\/\/www.travel-slovenia.si\/slo\/wp-json\/wp\/v2\/media?parent=8831"}],"curies":[{"name":"wp","href":"https:\/\/api.w.org\/{rel}","templated":true}]}}