{"id":8766,"date":"2020-02-11T13:57:06","date_gmt":"2020-02-11T12:57:06","guid":{"rendered":"https:\/\/www.travel-slovenia.si\/slo\/?page_id=8766"},"modified":"2020-02-13T13:00:07","modified_gmt":"2020-02-13T12:00:07","slug":"zajbljev-pohod-vojscica","status":"publish","type":"page","link":"https:\/\/www.travel-slovenia.si\/slo\/zajbljev-pohod-vojscica\/","title":{"rendered":"\u017dajbljev pohod"},"content":{"rendered":"<p><img loading=\"lazy\" decoding=\"async\" class=\"aligncenter size-full wp-image-8772\" src=\"https:\/\/www.travel-slovenia.si\/slo\/wp-content\/uploads\/2020\/02\/travel-slovenia-sage-hike-2019-03.jpg\" alt=\"\" width=\"600\" height=\"450\" srcset=\"https:\/\/www.travel-slovenia.si\/slo\/wp-content\/uploads\/2020\/02\/travel-slovenia-sage-hike-2019-03.jpg 600w, https:\/\/www.travel-slovenia.si\/slo\/wp-content\/uploads\/2020\/02\/travel-slovenia-sage-hike-2019-03-300x225.jpg 300w, https:\/\/www.travel-slovenia.si\/slo\/wp-content\/uploads\/2020\/02\/travel-slovenia-sage-hike-2019-03-24x18.jpg 24w, https:\/\/www.travel-slovenia.si\/slo\/wp-content\/uploads\/2020\/02\/travel-slovenia-sage-hike-2019-03-36x27.jpg 36w, https:\/\/www.travel-slovenia.si\/slo\/wp-content\/uploads\/2020\/02\/travel-slovenia-sage-hike-2019-03-48x36.jpg 48w\" sizes=\"auto, (max-width: 600px) 100vw, 600px\" \/><\/p>\n<p style=\"text-align: justify;\">\u017dajbljev pohod je tradicionalen vsakoletni pohod, ki se odvija prvo nedeljo v aprilu, s pri\u010detkom v vasi Voj\u0161\u010dica, pred staro \u0161olo. Pohod je ime dobil, ker je del trase speljan po obronkih Brstovske doline, kjer na skalnatem grebenu rastejo nasadi \u017eajblja. V \u010dasu pohoda, spomladi, je \u017eajbelj ravno v za\u010detni fazi cvetenja, zaradi \u010desar neverjetno dobro di\u0161i, kar pohodnike vsako leto povsem prevzame. V tem obdobju je mogo\u010de ob poti opaziti tudi divje \u0161parglje, ki se visoko in mogo\u010dno dvigajo iznad kra\u0161kih pobo\u010dij.<\/p>\n<p style=\"text-align: justify;\">\u017dajbljev pohod se organizira \u017ee od leta 2007 dalje. Vse do leta 2015 je bila organizacija pohoda v rokah Krajevne skupnosti Voj\u0161\u010dica, ki pa je organizacijo naslednje leto, leta 2016, predala novoustanovljenemu dru\u0161tvu Farjovca, \u0161portno-kulturno-turisti\u010dno dru\u0161tvo, ki od samega za\u010detka skrbi za va\u0161ki razvoj.<\/p>\n<p style=\"text-align: justify;\">Za\u010detek in zaklju\u010dek pohoda je vsako leto na enaki lokaciji, pred staro \u0161olo v Voj\u0161\u010dici. Trasa pohoda pa se iz leta v leto nekoliko spreminja. Pot ni zahtevna, zato je primerna za vse generacije.<\/p>\n<p style=\"text-align: justify;\">Med pohodom so organizirani kraj\u0161i postanki z ogledom ostankov dedi\u0161\u010dine, naravnih in drugih znamenitosti Krasa. Pohod vodi usposobljen lokalni turisti\u010dni vodnik.<\/p>\n<p>&nbsp;<\/p>\n<table style=\"width: 100%; border-collapse: collapse;\">\n<tbody>\n<tr>\n<td style=\"width: 100%;\"><img loading=\"lazy\" decoding=\"async\" class=\"alignright wp-image-8770\" src=\"https:\/\/www.travel-slovenia.si\/slo\/wp-content\/uploads\/2020\/02\/travel-slovenia-sage-hike-2019-01-300x225.jpg\" alt=\"\" width=\"290\" height=\"218\" srcset=\"https:\/\/www.travel-slovenia.si\/slo\/wp-content\/uploads\/2020\/02\/travel-slovenia-sage-hike-2019-01-300x225.jpg 300w, https:\/\/www.travel-slovenia.si\/slo\/wp-content\/uploads\/2020\/02\/travel-slovenia-sage-hike-2019-01-24x18.jpg 24w, https:\/\/www.travel-slovenia.si\/slo\/wp-content\/uploads\/2020\/02\/travel-slovenia-sage-hike-2019-01-36x27.jpg 36w, https:\/\/www.travel-slovenia.si\/slo\/wp-content\/uploads\/2020\/02\/travel-slovenia-sage-hike-2019-01-48x36.jpg 48w, https:\/\/www.travel-slovenia.si\/slo\/wp-content\/uploads\/2020\/02\/travel-slovenia-sage-hike-2019-01.jpg 600w\" sizes=\"auto, (max-width: 290px) 100vw, 290px\" \/><img loading=\"lazy\" decoding=\"async\" class=\"alignleft wp-image-8771\" src=\"https:\/\/www.travel-slovenia.si\/slo\/wp-content\/uploads\/2020\/02\/travel-slovenia-sage-hike-2019-02-300x225.jpg\" alt=\"\" width=\"290\" height=\"218\" srcset=\"https:\/\/www.travel-slovenia.si\/slo\/wp-content\/uploads\/2020\/02\/travel-slovenia-sage-hike-2019-02-300x225.jpg 300w, https:\/\/www.travel-slovenia.si\/slo\/wp-content\/uploads\/2020\/02\/travel-slovenia-sage-hike-2019-02-24x18.jpg 24w, https:\/\/www.travel-slovenia.si\/slo\/wp-content\/uploads\/2020\/02\/travel-slovenia-sage-hike-2019-02-36x27.jpg 36w, https:\/\/www.travel-slovenia.si\/slo\/wp-content\/uploads\/2020\/02\/travel-slovenia-sage-hike-2019-02-48x36.jpg 48w, https:\/\/www.travel-slovenia.si\/slo\/wp-content\/uploads\/2020\/02\/travel-slovenia-sage-hike-2019-02.jpg 600w\" sizes=\"auto, (max-width: 290px) 100vw, 290px\" \/><\/td>\n<\/tr>\n<\/tbody>\n<\/table>\n<p>&nbsp;<\/p>\n<h3>OSNOVNE INFORMACIJE O POHODU<\/h3>\n<ul>\n<li><strong>Za\u010detek pohoda:<\/strong> Voj\u0161\u010dica \u2013 nekdanja va\u0161ka \u0161ola, z zborom ob 9. uri<\/li>\n<li><strong>Dol\u017eina trase:<\/strong> pribli\u017eno 10 kilometrov<\/li>\n<li><strong>Trajanje pohoda:<\/strong> pribli\u017eno 4 ure<\/li>\n<li><strong>Zahtevnost pohoda:<\/strong> srednja zahtevnost<\/li>\n<li><strong>Oprema:<\/strong> primerna pohodni\u0161ka obutev, v primeru slabega vremena je priporo\u010dljiv de\u017eni pla\u0161\u010d<\/li>\n<li><strong>Vstopnina:<\/strong> 8 evr (cena vklju\u010duje vodenje z usposobljenim vodnikom, za\u010detni in vmesni aperitiv, prigrizek ter zaklju\u010dno kosilo)<\/li>\n<li><strong>Opombe:<\/strong> v kolikor kdo od pohodnikov ne \u017eeli kosila, je cena pohoda v tem primeru 4 evre. Za otroke do 10. leta starosti je udele\u017eba na pohodu brezpla\u010dna<\/li>\n<li><strong>Dodatek:<\/strong> v kolikor bi kdo od pohodnikov \u017eelel vegetarijanski meni, naj se obrne na organizatorja<\/li>\n<\/ul>\n<p>&nbsp;<\/p>\n<h3>KONTAKTNI PODATKI:<\/h3>\n<p><strong>E-po\u0161ta:<\/strong> farjovca@gmail.com<br \/>\n<strong>Tel.:<\/strong> 041-825-569 (Tadej)<br \/>\n<strong>FB:<\/strong> \u0160KT dru\u0161tvo Farjovca<\/p>\n<p>&nbsp;<\/p>\n<hr \/>\n<p style=\"text-align: justify;\"><a href=\"https:\/\/www.travel-slovenia.si\/slo\/sportno-kulturno-turisticno-drustvo-farjovca\/\"><strong><em><img loading=\"lazy\" decoding=\"async\" class=\"size-thumbnail wp-image-9060 alignleft\" src=\"https:\/\/www.travel-slovenia.si\/wp-content\/uploads\/2019\/08\/travel-slovenia-vojscica-na-mivki-2019-post01-150x150.jpg\" alt=\"\" width=\"150\" height=\"150\" \/><\/em><\/strong><\/a><a href=\"https:\/\/www.travel-slovenia.si\/slo\/sportno-kulturno-turisticno-drustvo-farjovca\/\"><strong><em>\u0160portno kulturno turisti\u010dno dru\u0161tvo Farjovca<\/em><\/strong><\/a><br \/>\n\u0160KT dru\u0161tvo Farjovca je bilo ustanovljeno leta 2016 v vasi Voj\u0161\u010dica na Krasu in danes \u0161teje okoli 40 \u010dlanov. Skrbijo za kulturo in \u0161port v vasi in bli\u017enji okolici. Obenem pa omogo\u010dajo prepoznavnost in predstavitev zgodovinskih ter naravnih lepot v Voj\u0161\u010dici in njeni neposredni bli\u017eini. [<a href=\"https:\/\/www.travel-slovenia.si\/slo\/sportno-kulturno-turisticno-drustvo-farjovca\/\">_Preberite ve\u010d_<\/a>]\n<hr \/>\n<p style=\"text-align: justify;\"><a href=\"https:\/\/www.travel-slovenia.si\/slo\/location\/vojscica\/\"><img loading=\"lazy\" decoding=\"async\" class=\"alignleft size-full wp-image-8265\" src=\"https:\/\/www.travel-slovenia.si\/wp-content\/uploads\/2018\/11\/travel-slovenia-vojscica-view.jpg\" alt=\"\" width=\"150\" height=\"150\" \/><\/a><a href=\"https:\/\/www.travel-slovenia.si\/slo\/location\/vojscica\/\"><strong><em>Voj\u0161\u010dica<\/em><\/strong><\/a><br \/>\nVoj\u0161\u010dica je tipi\u010dna kra\u0161ka vas z nekaj ohranjenimi kra\u0161kimi doma\u010dijami in vodnjaki. Nahaja se jugo-vzhodno od Kostanjevice, v ob\u010dini Miren-Kostanjevica, v bli\u017eini slovensko-italijanske meje. Sredi vasi se nahaja cerkev Sv. Vida, ki je bila postavljena med leti 1924 in 1928. [<a href=\"https:\/\/www.travel-slovenia.si\/slo\/location\/vojscica\/\">_Read more_<\/a>]\n<hr \/>\n<h3>PRISPEVEK S POHODNEGA BLOGA<\/h3>\n<p style=\"text-align: justify;\"><a href=\"https:\/\/travelaroundslovenia.wordpress.com\/zajbljev-pohod-2019\/\" target=\"_blank\" rel=\"noopener noreferrer\"><img loading=\"lazy\" decoding=\"async\" class=\"size-thumbnail wp-image-9047 alignleft\" src=\"https:\/\/www.travel-slovenia.si\/wp-content\/uploads\/2019\/08\/travel-slovenia-zajbljev-pohod-post-150x150.jpg\" alt=\"\" width=\"150\" height=\"150\" \/><\/a><a href=\"https:\/\/travelaroundslovenia.wordpress.com\/zajbljev-pohod-2019\/\" target=\"_blank\" rel=\"noopener noreferrer\"><strong><em>\u017dajbljev pohod 2019<\/em><\/strong><\/a><br \/>\nPot nas je ponovno ponesla v malo kra\u0161ko vasico blizu italijanske meje, Voj\u0161\u010dico. Udele\u017eili organiziranega \u017dajbljevega pohoda 2019, ki je bil \u017ee 13. po vrsti. Prvi pohod je davnega leta 2007 organizirala Lokalna skupnost Voj\u0161\u010dica, ki pa je pred tremi leti organizacijo pohoda predala \u0160KT dru\u0161tvu Farjovca. [<a href=\"https:\/\/travelaroundslovenia.wordpress.com\/zajbljev-pohod-2019\/\" target=\"_blank\" rel=\"noopener noreferrer\">_Preberite ve\u010d_<\/a>]\n","protected":false},"excerpt":{"rendered":"<p>\u017dajbljev pohod je tradicionalen vsakoletni pohod, ki se odvija prvo nedeljo v aprilu, s pri\u010detkom v vasi Voj\u0161\u010dica, pred staro \u0161olo. Pohod je ime dobil, ker je del trase speljan po obronkih Brstovske doline, kjer na skalnatem grebenu rastejo nasadi \u017eajblja. V \u010dasu pohoda, spomladi, je \u017eajbelj ravno v za\u010detni fazi cvetenja, zaradi \u010desar neverjetno [&hellip;]<\/p>\n","protected":false},"author":111,"featured_media":0,"parent":0,"menu_order":0,"comment_status":"closed","ping_status":"closed","template":"","meta":{"footnotes":""},"class_list":["post-8766","page","type-page","status-publish","hentry"],"yoast_head":"<!-- This site is optimized with the Yoast SEO plugin v25.4 - https:\/\/yoast.com\/wordpress\/plugins\/seo\/ -->\n<title>\u017dajbljev pohod : Travel-Slovenia<\/title>\n<meta name=\"description\" content=\"\u017dajbljev pohod je tradicionalen vsakoletni pohod s pri\u010detkom v vasi Voj\u0161\u010dica. Pohod je dobil ime po delu trase, kjer rastejo nasadi \u017eajblja.\" \/>\n<meta name=\"robots\" content=\"index, follow, max-snippet:-1, max-image-preview:large, max-video-preview:-1\" \/>\n<link rel=\"canonical\" href=\"https:\/\/www.travel-slovenia.si\/slo\/zajbljev-pohod-vojscica\/\" \/>\n<meta property=\"og:locale\" content=\"sl_SI\" \/>\n<meta property=\"og:type\" content=\"article\" \/>\n<meta property=\"og:title\" content=\"\u017dajbljev pohod : Travel-Slovenia\" \/>\n<meta property=\"og:description\" content=\"\u017dajbljev pohod je tradicionalen vsakoletni pohod s pri\u010detkom v vasi Voj\u0161\u010dica. Pohod je dobil ime po delu trase, kjer rastejo nasadi \u017eajblja.\" \/>\n<meta property=\"og:url\" content=\"https:\/\/www.travel-slovenia.si\/slo\/zajbljev-pohod-vojscica\/\" \/>\n<meta property=\"og:site_name\" content=\"Travel Slovenia - Sledite lepotam na\u0161e male dr\u017eavice\" \/>\n<meta property=\"article:modified_time\" content=\"2020-02-13T12:00:07+00:00\" \/>\n<meta property=\"og:image\" content=\"https:\/\/www.travel-slovenia.si\/slo\/wp-content\/uploads\/2020\/02\/travel-slovenia-sage-hike-2019-01.jpg\" \/>\n\t<meta property=\"og:image:width\" content=\"600\" \/>\n\t<meta property=\"og:image:height\" content=\"450\" \/>\n\t<meta property=\"og:image:type\" content=\"image\/jpeg\" \/>\n<meta name=\"twitter:card\" content=\"summary_large_image\" \/>\n<meta name=\"twitter:title\" content=\"\u017dajbljev pohod : Travel-Slovenia\" \/>\n<meta name=\"twitter:description\" content=\"\u017dajbljev pohod je tradicionalen vsakoletni pohod s pri\u010detkom v vasi Voj\u0161\u010dica. Pohod je dobil ime po delu trase, kjer rastejo nasadi \u017eajblja.\" \/>\n<meta name=\"twitter:image\" content=\"https:\/\/www.travel-slovenia.si\/slo\/wp-content\/uploads\/2020\/02\/travel-slovenia-sage-hike-2019-01.jpg\" \/>\n<meta name=\"twitter:label1\" content=\"Est. reading time\" \/>\n\t<meta name=\"twitter:data1\" content=\"2 minuti\" \/>\n<script type=\"application\/ld+json\" class=\"yoast-schema-graph\">{\"@context\":\"https:\/\/schema.org\",\"@graph\":[{\"@type\":\"WebPage\",\"@id\":\"https:\/\/www.travel-slovenia.si\/slo\/zajbljev-pohod-vojscica\/\",\"url\":\"https:\/\/www.travel-slovenia.si\/slo\/zajbljev-pohod-vojscica\/\",\"name\":\"\u017dajbljev pohod : Travel-Slovenia\",\"isPartOf\":{\"@id\":\"https:\/\/www.travel-slovenia.si\/slo\/#website\"},\"primaryImageOfPage\":{\"@id\":\"https:\/\/www.travel-slovenia.si\/slo\/zajbljev-pohod-vojscica\/#primaryimage\"},\"image\":{\"@id\":\"https:\/\/www.travel-slovenia.si\/slo\/zajbljev-pohod-vojscica\/#primaryimage\"},\"thumbnailUrl\":\"https:\/\/www.travel-slovenia.si\/slo\/wp-content\/uploads\/2020\/02\/travel-slovenia-sage-hike-2019-03.jpg\",\"datePublished\":\"2020-02-11T12:57:06+00:00\",\"dateModified\":\"2020-02-13T12:00:07+00:00\",\"description\":\"\u017dajbljev pohod je tradicionalen vsakoletni pohod s pri\u010detkom v vasi Voj\u0161\u010dica. Pohod je dobil ime po delu trase, kjer rastejo nasadi \u017eajblja.\",\"breadcrumb\":{\"@id\":\"https:\/\/www.travel-slovenia.si\/slo\/zajbljev-pohod-vojscica\/#breadcrumb\"},\"inLanguage\":\"sl-SI\",\"potentialAction\":[{\"@type\":\"ReadAction\",\"target\":[\"https:\/\/www.travel-slovenia.si\/slo\/zajbljev-pohod-vojscica\/\"]}]},{\"@type\":\"ImageObject\",\"inLanguage\":\"sl-SI\",\"@id\":\"https:\/\/www.travel-slovenia.si\/slo\/zajbljev-pohod-vojscica\/#primaryimage\",\"url\":\"https:\/\/www.travel-slovenia.si\/slo\/wp-content\/uploads\/2020\/02\/travel-slovenia-sage-hike-2019-03.jpg\",\"contentUrl\":\"https:\/\/www.travel-slovenia.si\/slo\/wp-content\/uploads\/2020\/02\/travel-slovenia-sage-hike-2019-03.jpg\",\"width\":600,\"height\":450},{\"@type\":\"BreadcrumbList\",\"@id\":\"https:\/\/www.travel-slovenia.si\/slo\/zajbljev-pohod-vojscica\/#breadcrumb\",\"itemListElement\":[{\"@type\":\"ListItem\",\"position\":1,\"name\":\"Home\",\"item\":\"https:\/\/www.travel-slovenia.si\/slo\/\"},{\"@type\":\"ListItem\",\"position\":2,\"name\":\"\u017dajbljev pohod\"}]},{\"@type\":\"WebSite\",\"@id\":\"https:\/\/www.travel-slovenia.si\/slo\/#website\",\"url\":\"https:\/\/www.travel-slovenia.si\/slo\/\",\"name\":\"Travel Slovenia - Sledite lepotam na\u0161e male dr\u017eavice\",\"description\":\"\",\"potentialAction\":[{\"@type\":\"SearchAction\",\"target\":{\"@type\":\"EntryPoint\",\"urlTemplate\":\"https:\/\/www.travel-slovenia.si\/slo\/?s={search_term_string}\"},\"query-input\":{\"@type\":\"PropertyValueSpecification\",\"valueRequired\":true,\"valueName\":\"search_term_string\"}}],\"inLanguage\":\"sl-SI\"}]}<\/script>\n<!-- \/ Yoast SEO plugin. -->","yoast_head_json":{"title":"\u017dajbljev pohod : Travel-Slovenia","description":"\u017dajbljev pohod je tradicionalen vsakoletni pohod s pri\u010detkom v vasi Voj\u0161\u010dica. Pohod je dobil ime po delu trase, kjer rastejo nasadi \u017eajblja.","robots":{"index":"index","follow":"follow","max-snippet":"max-snippet:-1","max-image-preview":"max-image-preview:large","max-video-preview":"max-video-preview:-1"},"canonical":"https:\/\/www.travel-slovenia.si\/slo\/zajbljev-pohod-vojscica\/","og_locale":"sl_SI","og_type":"article","og_title":"\u017dajbljev pohod : Travel-Slovenia","og_description":"\u017dajbljev pohod je tradicionalen vsakoletni pohod s pri\u010detkom v vasi Voj\u0161\u010dica. Pohod je dobil ime po delu trase, kjer rastejo nasadi \u017eajblja.","og_url":"https:\/\/www.travel-slovenia.si\/slo\/zajbljev-pohod-vojscica\/","og_site_name":"Travel Slovenia - Sledite lepotam na\u0161e male dr\u017eavice","article_modified_time":"2020-02-13T12:00:07+00:00","og_image":[{"width":600,"height":450,"url":"https:\/\/www.travel-slovenia.si\/slo\/wp-content\/uploads\/2020\/02\/travel-slovenia-sage-hike-2019-01.jpg","type":"image\/jpeg"}],"twitter_card":"summary_large_image","twitter_title":"\u017dajbljev pohod : Travel-Slovenia","twitter_description":"\u017dajbljev pohod je tradicionalen vsakoletni pohod s pri\u010detkom v vasi Voj\u0161\u010dica. Pohod je dobil ime po delu trase, kjer rastejo nasadi \u017eajblja.","twitter_image":"https:\/\/www.travel-slovenia.si\/slo\/wp-content\/uploads\/2020\/02\/travel-slovenia-sage-hike-2019-01.jpg","twitter_misc":{"Est. reading time":"2 minuti"},"schema":{"@context":"https:\/\/schema.org","@graph":[{"@type":"WebPage","@id":"https:\/\/www.travel-slovenia.si\/slo\/zajbljev-pohod-vojscica\/","url":"https:\/\/www.travel-slovenia.si\/slo\/zajbljev-pohod-vojscica\/","name":"\u017dajbljev pohod : Travel-Slovenia","isPartOf":{"@id":"https:\/\/www.travel-slovenia.si\/slo\/#website"},"primaryImageOfPage":{"@id":"https:\/\/www.travel-slovenia.si\/slo\/zajbljev-pohod-vojscica\/#primaryimage"},"image":{"@id":"https:\/\/www.travel-slovenia.si\/slo\/zajbljev-pohod-vojscica\/#primaryimage"},"thumbnailUrl":"https:\/\/www.travel-slovenia.si\/slo\/wp-content\/uploads\/2020\/02\/travel-slovenia-sage-hike-2019-03.jpg","datePublished":"2020-02-11T12:57:06+00:00","dateModified":"2020-02-13T12:00:07+00:00","description":"\u017dajbljev pohod je tradicionalen vsakoletni pohod s pri\u010detkom v vasi Voj\u0161\u010dica. Pohod je dobil ime po delu trase, kjer rastejo nasadi \u017eajblja.","breadcrumb":{"@id":"https:\/\/www.travel-slovenia.si\/slo\/zajbljev-pohod-vojscica\/#breadcrumb"},"inLanguage":"sl-SI","potentialAction":[{"@type":"ReadAction","target":["https:\/\/www.travel-slovenia.si\/slo\/zajbljev-pohod-vojscica\/"]}]},{"@type":"ImageObject","inLanguage":"sl-SI","@id":"https:\/\/www.travel-slovenia.si\/slo\/zajbljev-pohod-vojscica\/#primaryimage","url":"https:\/\/www.travel-slovenia.si\/slo\/wp-content\/uploads\/2020\/02\/travel-slovenia-sage-hike-2019-03.jpg","contentUrl":"https:\/\/www.travel-slovenia.si\/slo\/wp-content\/uploads\/2020\/02\/travel-slovenia-sage-hike-2019-03.jpg","width":600,"height":450},{"@type":"BreadcrumbList","@id":"https:\/\/www.travel-slovenia.si\/slo\/zajbljev-pohod-vojscica\/#breadcrumb","itemListElement":[{"@type":"ListItem","position":1,"name":"Home","item":"https:\/\/www.travel-slovenia.si\/slo\/"},{"@type":"ListItem","position":2,"name":"\u017dajbljev pohod"}]},{"@type":"WebSite","@id":"https:\/\/www.travel-slovenia.si\/slo\/#website","url":"https:\/\/www.travel-slovenia.si\/slo\/","name":"Travel Slovenia - Sledite lepotam na\u0161e male dr\u017eavice","description":"","potentialAction":[{"@type":"SearchAction","target":{"@type":"EntryPoint","urlTemplate":"https:\/\/www.travel-slovenia.si\/slo\/?s={search_term_string}"},"query-input":{"@type":"PropertyValueSpecification","valueRequired":true,"valueName":"search_term_string"}}],"inLanguage":"sl-SI"}]}},"post_mailing_queue_ids":[],"_links":{"self":[{"href":"https:\/\/www.travel-slovenia.si\/slo\/wp-json\/wp\/v2\/pages\/8766","targetHints":{"allow":["GET"]}}],"collection":[{"href":"https:\/\/www.travel-slovenia.si\/slo\/wp-json\/wp\/v2\/pages"}],"about":[{"href":"https:\/\/www.travel-slovenia.si\/slo\/wp-json\/wp\/v2\/types\/page"}],"author":[{"embeddable":true,"href":"https:\/\/www.travel-slovenia.si\/slo\/wp-json\/wp\/v2\/users\/111"}],"replies":[{"embeddable":true,"href":"https:\/\/www.travel-slovenia.si\/slo\/wp-json\/wp\/v2\/comments?post=8766"}],"version-history":[{"count":8,"href":"https:\/\/www.travel-slovenia.si\/slo\/wp-json\/wp\/v2\/pages\/8766\/revisions"}],"predecessor-version":[{"id":8780,"href":"https:\/\/www.travel-slovenia.si\/slo\/wp-json\/wp\/v2\/pages\/8766\/revisions\/8780"}],"wp:attachment":[{"href":"https:\/\/www.travel-slovenia.si\/slo\/wp-json\/wp\/v2\/media?parent=8766"}],"curies":[{"name":"wp","href":"https:\/\/api.w.org\/{rel}","templated":true}]}}