{"id":8725,"date":"2020-01-22T23:07:48","date_gmt":"2020-01-22T22:07:48","guid":{"rendered":"https:\/\/www.travel-slovenia.si\/slo\/?page_id=8725"},"modified":"2020-01-22T23:07:48","modified_gmt":"2020-01-22T22:07:48","slug":"vrtovi-2","status":"publish","type":"page","link":"https:\/\/www.travel-slovenia.si\/slo\/vrtovi-2\/","title":{"rendered":"Vrtovi"},"content":{"rendered":"<p>Vrtovi<br \/>\n[<a href=\"https:\/\/www.travel-slovenia.si\/slo\/vrtovi\/\">_Preberite ve\u010d_<\/a>]\nBotani\u010dni vrtovi<br \/>\n[<a href=\"https:\/\/www.travel-slovenia.si\/slo\/botanicni-vrtovi\/\">_Preberite ve\u010d_<\/a>]\n","protected":false},"excerpt":{"rendered":"<p>Vrtovi [_Preberite ve\u010d_] Botani\u010dni vrtovi [_Preberite ve\u010d_]<\/p>\n","protected":false},"author":111,"featured_media":0,"parent":0,"menu_order":0,"comment_status":"closed","ping_status":"closed","template":"","meta":{"footnotes":""},"class_list":["post-8725","page","type-page","status-publish","hentry"],"yoast_head":"<!-- This site is optimized with the Yoast SEO plugin v25.4 - https:\/\/yoast.com\/wordpress\/plugins\/seo\/ -->\n<title>Vrtovi - Travel Slovenia - Sledite lepotam na\u0161e male dr\u017eavice<\/title>\n<meta name=\"robots\" content=\"index, follow, max-snippet:-1, max-image-preview:large, max-video-preview:-1\" \/>\n<link rel=\"canonical\" href=\"https:\/\/www.travel-slovenia.si\/slo\/vrtovi-2\/\" \/>\n<meta property=\"og:locale\" content=\"sl_SI\" \/>\n<meta property=\"og:type\" content=\"article\" \/>\n<meta property=\"og:title\" content=\"Vrtovi - Travel Slovenia - Sledite lepotam na\u0161e male dr\u017eavice\" \/>\n<meta property=\"og:description\" content=\"Vrtovi [_Preberite ve\u010d_] Botani\u010dni vrtovi [_Preberite ve\u010d_]\" \/>\n<meta property=\"og:url\" content=\"https:\/\/www.travel-slovenia.si\/slo\/vrtovi-2\/\" \/>\n<meta property=\"og:site_name\" content=\"Travel Slovenia - Sledite lepotam na\u0161e male dr\u017eavice\" \/>\n<meta name=\"twitter:card\" content=\"summary_large_image\" \/>\n<script type=\"application\/ld+json\" class=\"yoast-schema-graph\">{\"@context\":\"https:\/\/schema.org\",\"@graph\":[{\"@type\":\"WebPage\",\"@id\":\"https:\/\/www.travel-slovenia.si\/slo\/vrtovi-2\/\",\"url\":\"https:\/\/www.travel-slovenia.si\/slo\/vrtovi-2\/\",\"name\":\"Vrtovi - Travel Slovenia - Sledite lepotam na\u0161e male dr\u017eavice\",\"isPartOf\":{\"@id\":\"https:\/\/www.travel-slovenia.si\/slo\/#website\"},\"datePublished\":\"2020-01-22T22:07:48+00:00\",\"breadcrumb\":{\"@id\":\"https:\/\/www.travel-slovenia.si\/slo\/vrtovi-2\/#breadcrumb\"},\"inLanguage\":\"sl-SI\",\"potentialAction\":[{\"@type\":\"ReadAction\",\"target\":[\"https:\/\/www.travel-slovenia.si\/slo\/vrtovi-2\/\"]}]},{\"@type\":\"BreadcrumbList\",\"@id\":\"https:\/\/www.travel-slovenia.si\/slo\/vrtovi-2\/#breadcrumb\",\"itemListElement\":[{\"@type\":\"ListItem\",\"position\":1,\"name\":\"Home\",\"item\":\"https:\/\/www.travel-slovenia.si\/slo\/\"},{\"@type\":\"ListItem\",\"position\":2,\"name\":\"Vrtovi\"}]},{\"@type\":\"WebSite\",\"@id\":\"https:\/\/www.travel-slovenia.si\/slo\/#website\",\"url\":\"https:\/\/www.travel-slovenia.si\/slo\/\",\"name\":\"Travel Slovenia - Sledite lepotam na\u0161e male dr\u017eavice\",\"description\":\"\",\"potentialAction\":[{\"@type\":\"SearchAction\",\"target\":{\"@type\":\"EntryPoint\",\"urlTemplate\":\"https:\/\/www.travel-slovenia.si\/slo\/?s={search_term_string}\"},\"query-input\":{\"@type\":\"PropertyValueSpecification\",\"valueRequired\":true,\"valueName\":\"search_term_string\"}}],\"inLanguage\":\"sl-SI\"}]}<\/script>\n<!-- \/ Yoast SEO plugin. -->","yoast_head_json":{"title":"Vrtovi - Travel Slovenia - Sledite lepotam na\u0161e male dr\u017eavice","robots":{"index":"index","follow":"follow","max-snippet":"max-snippet:-1","max-image-preview":"max-image-preview:large","max-video-preview":"max-video-preview:-1"},"canonical":"https:\/\/www.travel-slovenia.si\/slo\/vrtovi-2\/","og_locale":"sl_SI","og_type":"article","og_title":"Vrtovi - Travel Slovenia - Sledite lepotam na\u0161e male dr\u017eavice","og_description":"Vrtovi [_Preberite ve\u010d_] Botani\u010dni vrtovi [_Preberite ve\u010d_]","og_url":"https:\/\/www.travel-slovenia.si\/slo\/vrtovi-2\/","og_site_name":"Travel Slovenia - Sledite lepotam na\u0161e male dr\u017eavice","twitter_card":"summary_large_image","schema":{"@context":"https:\/\/schema.org","@graph":[{"@type":"WebPage","@id":"https:\/\/www.travel-slovenia.si\/slo\/vrtovi-2\/","url":"https:\/\/www.travel-slovenia.si\/slo\/vrtovi-2\/","name":"Vrtovi - Travel Slovenia - Sledite lepotam na\u0161e male dr\u017eavice","isPartOf":{"@id":"https:\/\/www.travel-slovenia.si\/slo\/#website"},"datePublished":"2020-01-22T22:07:48+00:00","breadcrumb":{"@id":"https:\/\/www.travel-slovenia.si\/slo\/vrtovi-2\/#breadcrumb"},"inLanguage":"sl-SI","potentialAction":[{"@type":"ReadAction","target":["https:\/\/www.travel-slovenia.si\/slo\/vrtovi-2\/"]}]},{"@type":"BreadcrumbList","@id":"https:\/\/www.travel-slovenia.si\/slo\/vrtovi-2\/#breadcrumb","itemListElement":[{"@type":"ListItem","position":1,"name":"Home","item":"https:\/\/www.travel-slovenia.si\/slo\/"},{"@type":"ListItem","position":2,"name":"Vrtovi"}]},{"@type":"WebSite","@id":"https:\/\/www.travel-slovenia.si\/slo\/#website","url":"https:\/\/www.travel-slovenia.si\/slo\/","name":"Travel Slovenia - Sledite lepotam na\u0161e male dr\u017eavice","description":"","potentialAction":[{"@type":"SearchAction","target":{"@type":"EntryPoint","urlTemplate":"https:\/\/www.travel-slovenia.si\/slo\/?s={search_term_string}"},"query-input":{"@type":"PropertyValueSpecification","valueRequired":true,"valueName":"search_term_string"}}],"inLanguage":"sl-SI"}]}},"post_mailing_queue_ids":[],"_links":{"self":[{"href":"https:\/\/www.travel-slovenia.si\/slo\/wp-json\/wp\/v2\/pages\/8725","targetHints":{"allow":["GET"]}}],"collection":[{"href":"https:\/\/www.travel-slovenia.si\/slo\/wp-json\/wp\/v2\/pages"}],"about":[{"href":"https:\/\/www.travel-slovenia.si\/slo\/wp-json\/wp\/v2\/types\/page"}],"author":[{"embeddable":true,"href":"https:\/\/www.travel-slovenia.si\/slo\/wp-json\/wp\/v2\/users\/111"}],"replies":[{"embeddable":true,"href":"https:\/\/www.travel-slovenia.si\/slo\/wp-json\/wp\/v2\/comments?post=8725"}],"version-history":[{"count":1,"href":"https:\/\/www.travel-slovenia.si\/slo\/wp-json\/wp\/v2\/pages\/8725\/revisions"}],"predecessor-version":[{"id":8726,"href":"https:\/\/www.travel-slovenia.si\/slo\/wp-json\/wp\/v2\/pages\/8725\/revisions\/8726"}],"wp:attachment":[{"href":"https:\/\/www.travel-slovenia.si\/slo\/wp-json\/wp\/v2\/media?parent=8725"}],"curies":[{"name":"wp","href":"https:\/\/api.w.org\/{rel}","templated":true}]}}