{"id":8699,"date":"2020-01-22T01:12:37","date_gmt":"2020-01-22T00:12:37","guid":{"rendered":"https:\/\/www.travel-slovenia.si\/slo\/?page_id=8699"},"modified":"2020-01-22T23:05:12","modified_gmt":"2020-01-22T22:05:12","slug":"anton-mahnic","status":"publish","type":"page","link":"https:\/\/www.travel-slovenia.si\/slo\/anton-mahnic\/","title":{"rendered":"Anton Mahni\u010d"},"content":{"rendered":"<figure id=\"attachment_9757\" class=\"wp-caption alignleft\" style=\"max-width: 300px\"><img loading=\"lazy\" decoding=\"async\" class=\"wp-image-9757\" src=\"https:\/\/www.travel-slovenia.si\/wp-content\/uploads\/2020\/01\/travel-slovenia-anton-mahnic.jpg\" alt=\"\" width=\"300\" height=\"430\" \/><figcaption class=\"wp-caption-text\">Anton Mahni\u010d<\/figcaption><\/figure>\n<p style=\"text-align: justify;\">Anton Mahni\u010d je bil slovenski teolog, \u0161kof, pesnik, pisatelj in kritik slovenskega kulturnega in duhovnega \u017eivljenja ter urednik, ki se je rodil 14. septembra 1850 v Kobdilju, v \u017eupniji \u0160tanjel na gori\u0161kem Krasu, umrl pa 14. decembra 1920 v Zagrebu.<\/p>\n<p style=\"text-align: justify;\">Anton je gimnazijo v Gorici kon\u010dal leta 1871, leta 1874 \u0161e teologijo in potem postal duhovnik. 30. avgusta 1874 sprejme ma\u0161ni\u0161ko posve\u010denje v gori\u0161ki stolnici. Med oktobrom 1875 in septembrom 1891 je bil prefekt oziroma vzgojitelj, zatem ravnatelj v de\u0161kem semeni\u0161\u010du v Gorici do leta 1895. V semeni\u0161\u010du se je pripravljal na doktorat, obenem pa se je vpisal na dunajsko univerzo. 11. maja 1881 je na Dunaju doktoriral iz teologije. Suplent v gori\u0161kem bogoslovju postane 20. septembra 1880, profesor svetega pisma nove zaveze na blagoslovskem u\u010diteljstvu v Gorici pa 29. julija 1881, kjer deluje vse do imenovanja za \u0161kofa.<\/p>\n<p style=\"text-align: justify;\">Za \u0161kofa ga je imenoval Leon XIII leta 1896 na Krku. Posve\u010den je bil v gori\u0161ki stolnici 3. decembra 1896. Na Krku je bil branitelj hrva\u0161kega naroda na otoku proti italijanski okupaciji in bil zaradi tega preganjan. Pro-italijansko usmerjeni pripadniki so ga to\u017eili celo v Vatikanu, sam je po koncu prve svetovne vojne ve\u010dkrat protestiral proti italijanskim oblastem. Zaradi tega so ga za leto dni konfinirali v Italiji v Frascatiju pri Rimu, od tu se je vrnil bolan in na koncu je umrl v Zagrebu.<\/p>\n<p style=\"text-align: justify;\">V mladosti je objavljal poezijo in prozo. Uredni\u0161tvo \u0161kofijskega lista Folium preiodicum je prevzel novembra 1884, kjer je v latin\u0161\u010dini pisal vzgojna pisma Paedagogica (1881 do 1889). Med drugim je nastopal tudi kot kritik \u017ee v latinskih prispevkih. V poljudni obliki je svoje misli prelil v podlistke Dvanajst ve\u010derov, kjer je razvijal zamisel katoli\u0161ke estetike. V listu Rimski katolik se loti realizma, naturalizma, ateizma, panteizma in nihilizma, ki ga je prepoznal v delih Trdine, Jur\u010di\u010da, Tav\u010darja in Levstika. Da bi svoji tezi dal te\u017eo, se je sprva lotil Pre\u0161erna, ko je odklanjal njegovo gre\u0161no ljubezen. Na podoben na\u010din je raz\u010dlenjeval tudi Gregor\u010di\u010da, zlasti njegovo pesnitev \u010cloveka nikar.<\/p>\n<p style=\"text-align: justify;\">Tako je pri\u0161lo do peresne vojne, ki jo je za\u010del Mahni\u010d, in iz tega razloga je Ivan Tav\u010dar leta 1891 napisal satiri\u010dno utopijo 4000, s katero je sklenil osme\u0161iti Mahni\u010devo po\u010detje in njegov pogled na svet in \u017eivljenje. Po Tav\u010darju je Mahni\u010d obsojal vse, kar ni bilo v skladu s cerkvenimi dogmami, zahteval je, da vsi Slovenci kot katoli\u0161ki narod uredijo narodno, politi\u010dno in literarno \u017eivljenje po katoli\u0161kih na\u010delih.<\/p>\n<p>&nbsp;<\/p>\n<table>\n<tbody>\n<tr>\n<td style=\"text-align: center;\"><a href=\"https:\/\/www.travel-slovenia.si\/slo\/zgodovinske-osebnosti\/\"><img loading=\"lazy\" decoding=\"async\" class=\"alignleft wp-image-4499 size-full\" src=\"https:\/\/www.travel-slovenia.si\/slo\/wp-content\/uploads\/2014\/09\/travel-slovenia-povezava-na-drugo.jpg\" alt=\"travel-slovenia-povezava-na-drugo\" width=\"128\" height=\"22\" srcset=\"https:\/\/www.travel-slovenia.si\/slo\/wp-content\/uploads\/2014\/09\/travel-slovenia-povezava-na-drugo.jpg 128w, https:\/\/www.travel-slovenia.si\/slo\/wp-content\/uploads\/2014\/09\/travel-slovenia-povezava-na-drugo-24x4.jpg 24w, https:\/\/www.travel-slovenia.si\/slo\/wp-content\/uploads\/2014\/09\/travel-slovenia-povezava-na-drugo-36x6.jpg 36w, https:\/\/www.travel-slovenia.si\/slo\/wp-content\/uploads\/2014\/09\/travel-slovenia-povezava-na-drugo-48x8.jpg 48w\" sizes=\"auto, (max-width: 128px) 100vw, 128px\" \/><\/a><a href=\"https:\/\/www.travel-slovenia.si\/slo\/zgodovinske-osebnosti\/\">Poglejte \u0161e druge zgodovinske osebnosti!<\/a><a href=\"https:\/\/www.travel-slovenia.si\/slo\/zgodovinske-osebnosti\/\"><img loading=\"lazy\" decoding=\"async\" class=\"alignright wp-image-4500 size-full\" src=\"https:\/\/www.travel-slovenia.si\/slo\/wp-content\/uploads\/2014\/09\/travel-slovenia-povezava-na-drugo2.jpg\" alt=\"travel-slovenia-povezava-na-drugo2\" width=\"128\" height=\"22\" srcset=\"https:\/\/www.travel-slovenia.si\/slo\/wp-content\/uploads\/2014\/09\/travel-slovenia-povezava-na-drugo2.jpg 128w, https:\/\/www.travel-slovenia.si\/slo\/wp-content\/uploads\/2014\/09\/travel-slovenia-povezava-na-drugo2-24x4.jpg 24w, https:\/\/www.travel-slovenia.si\/slo\/wp-content\/uploads\/2014\/09\/travel-slovenia-povezava-na-drugo2-36x6.jpg 36w, https:\/\/www.travel-slovenia.si\/slo\/wp-content\/uploads\/2014\/09\/travel-slovenia-povezava-na-drugo2-48x8.jpg 48w\" sizes=\"auto, (max-width: 128px) 100vw, 128px\" \/><\/a><\/td>\n<\/tr>\n<\/tbody>\n<\/table>\n<p>&nbsp;<\/p>\n<hr \/>\n<p style=\"text-align: justify;\"><a href=\"https:\/\/www.travel-slovenia.si\/slo\/location\/spomenik-antonu-mahnicu\/\"><strong><em><img loading=\"lazy\" decoding=\"async\" class=\"alignleft size-full wp-image-9768\" src=\"https:\/\/www.travel-slovenia.si\/wp-content\/uploads\/2020\/01\/travel-slovenia-monument-anton-mahnic-stanjel-view.jpg\" alt=\"\" width=\"150\" height=\"150\" \/><\/em><\/strong><\/a><a href=\"https:\/\/www.travel-slovenia.si\/slo\/location\/spomenik-antonu-mahnicu\/\"><strong><em>Spomenik Antonu Mahni\u010du<\/em><\/strong><\/a><br \/>\nNa pro\u010delju zakristije cerkve Sv. Danijela v \u0160tanjelu je vzidan spomenik \u0161kofu Antonu Mahni\u010du. Spomenik je delo Evgena Gu\u0161tina. Spomenik so postavili ob 150-obletnici rojstva in 80-obletnici smrti Antona Mahni\u010da. V gravuri se nahaja napis IN CRUCE SALUS. [<a href=\"https:\/\/www.travel-slovenia.si\/slo\/location\/spomenik-antonu-mahnicu\/\">_Preberite ve\u010d_<\/a>]\n<hr \/>\n<p style=\"text-align: justify;\"><a href=\"https:\/\/www.travel-slovenia.si\/slo\/location\/stanjel\/\"><strong><em><img loading=\"lazy\" decoding=\"async\" class=\"alignleft size-full wp-image-9682\" src=\"https:\/\/www.travel-slovenia.si\/wp-content\/uploads\/2020\/01\/travel-slovenia-stanjel-view.jpg\" alt=\"\" width=\"150\" height=\"150\" \/><\/em><\/strong><\/a><a href=\"https:\/\/www.travel-slovenia.si\/slo\/location\/stanjel\/\"><strong><em>\u0160tanjel<\/em><\/strong><\/a><br \/>\n\u0160tanjel se nahaja na robu kra\u0161ke planote, sestavljata ga stari del ali Gornja vas, ki le\u017ei na pobo\u010dju Turna in novej\u0161i del ali Dolnja vas, ki le\u017ei ob cesti Nova Gorica \u2013 Se\u017eana. Je eno najstarej\u0161ih naselij na Krasu, prepoznano po starem mestnem jedru. Ime je dobil po zavetniku cerkve, Svetem Danijelu. [<a href=\"https:\/\/www.travel-slovenia.si\/slo\/location\/stanjel\/\">_Preberite ve\u010d_<\/a>]\n","protected":false},"excerpt":{"rendered":"<p>Anton Mahni\u010d je bil slovenski teolog, \u0161kof, pesnik, pisatelj in kritik slovenskega kulturnega in duhovnega \u017eivljenja ter urednik, ki se je rodil 14. septembra 1850 v Kobdilju, v \u017eupniji \u0160tanjel na gori\u0161kem Krasu, umrl pa 14. decembra 1920 v Zagrebu. Anton je gimnazijo v Gorici kon\u010dal leta 1871, leta 1874 \u0161e teologijo in potem postal [&hellip;]<\/p>\n","protected":false},"author":111,"featured_media":0,"parent":0,"menu_order":0,"comment_status":"closed","ping_status":"closed","template":"","meta":{"footnotes":""},"class_list":["post-8699","page","type-page","status-publish","hentry"],"yoast_head":"<!-- This site is optimized with the Yoast SEO plugin v25.4 - https:\/\/yoast.com\/wordpress\/plugins\/seo\/ -->\n<title>Anton Mahni\u010d : Travel-Slovenia<\/title>\n<meta name=\"description\" content=\"Anton Mahni\u010d je bil slovenski teolog, \u0161kof, pesnik, pisatelj in kritik slovenskega kulturnega in duhovnega \u017eivljenja ter urednik, rojen 14. septembra 1850.\" \/>\n<meta name=\"robots\" content=\"index, follow, max-snippet:-1, max-image-preview:large, max-video-preview:-1\" \/>\n<link rel=\"canonical\" href=\"https:\/\/www.travel-slovenia.si\/slo\/anton-mahnic\/\" \/>\n<meta property=\"og:locale\" content=\"sl_SI\" \/>\n<meta property=\"og:type\" content=\"article\" \/>\n<meta property=\"og:title\" content=\"Anton Mahni\u010d : Travel-Slovenia\" \/>\n<meta property=\"og:description\" content=\"Anton Mahni\u010d je bil slovenski teolog, \u0161kof, pesnik, pisatelj in kritik slovenskega kulturnega in duhovnega \u017eivljenja ter urednik, rojen 14. septembra 1850.\" \/>\n<meta property=\"og:url\" content=\"https:\/\/www.travel-slovenia.si\/slo\/anton-mahnic\/\" \/>\n<meta property=\"og:site_name\" content=\"Travel Slovenia - Sledite lepotam na\u0161e male dr\u017eavice\" \/>\n<meta property=\"article:modified_time\" content=\"2020-01-22T22:05:12+00:00\" \/>\n<meta property=\"og:image\" content=\"https:\/\/www.travel-slovenia.si\/slo\/wp-content\/uploads\/2020\/01\/travel-slovenia-anton-mahnic.jpg\" \/>\n\t<meta property=\"og:image:width\" content=\"600\" \/>\n\t<meta property=\"og:image:height\" content=\"861\" \/>\n\t<meta property=\"og:image:type\" content=\"image\/jpeg\" \/>\n<meta name=\"twitter:card\" content=\"summary_large_image\" \/>\n<meta name=\"twitter:title\" content=\"Anton Mahni\u010d : Travel-Slovenia\" \/>\n<meta name=\"twitter:description\" content=\"Anton Mahni\u010d je bil slovenski teolog, \u0161kof, pesnik, pisatelj in kritik slovenskega kulturnega in duhovnega \u017eivljenja ter urednik, rojen 14. septembra 1850.\" \/>\n<meta name=\"twitter:image\" content=\"https:\/\/www.travel-slovenia.si\/slo\/wp-content\/uploads\/2020\/01\/travel-slovenia-anton-mahnic.jpg\" \/>\n<meta name=\"twitter:label1\" content=\"Est. reading time\" \/>\n\t<meta name=\"twitter:data1\" content=\"3 minute\" \/>\n<script type=\"application\/ld+json\" class=\"yoast-schema-graph\">{\"@context\":\"https:\/\/schema.org\",\"@graph\":[{\"@type\":\"WebPage\",\"@id\":\"https:\/\/www.travel-slovenia.si\/slo\/anton-mahnic\/\",\"url\":\"https:\/\/www.travel-slovenia.si\/slo\/anton-mahnic\/\",\"name\":\"Anton Mahni\u010d : Travel-Slovenia\",\"isPartOf\":{\"@id\":\"https:\/\/www.travel-slovenia.si\/slo\/#website\"},\"primaryImageOfPage\":{\"@id\":\"https:\/\/www.travel-slovenia.si\/slo\/anton-mahnic\/#primaryimage\"},\"image\":{\"@id\":\"https:\/\/www.travel-slovenia.si\/slo\/anton-mahnic\/#primaryimage\"},\"thumbnailUrl\":\"https:\/\/www.travel-slovenia.si\/wp-content\/uploads\/2020\/01\/travel-slovenia-anton-mahnic.jpg\",\"datePublished\":\"2020-01-22T00:12:37+00:00\",\"dateModified\":\"2020-01-22T22:05:12+00:00\",\"description\":\"Anton Mahni\u010d je bil slovenski teolog, \u0161kof, pesnik, pisatelj in kritik slovenskega kulturnega in duhovnega \u017eivljenja ter urednik, rojen 14. septembra 1850.\",\"breadcrumb\":{\"@id\":\"https:\/\/www.travel-slovenia.si\/slo\/anton-mahnic\/#breadcrumb\"},\"inLanguage\":\"sl-SI\",\"potentialAction\":[{\"@type\":\"ReadAction\",\"target\":[\"https:\/\/www.travel-slovenia.si\/slo\/anton-mahnic\/\"]}]},{\"@type\":\"ImageObject\",\"inLanguage\":\"sl-SI\",\"@id\":\"https:\/\/www.travel-slovenia.si\/slo\/anton-mahnic\/#primaryimage\",\"url\":\"https:\/\/www.travel-slovenia.si\/wp-content\/uploads\/2020\/01\/travel-slovenia-anton-mahnic.jpg\",\"contentUrl\":\"https:\/\/www.travel-slovenia.si\/wp-content\/uploads\/2020\/01\/travel-slovenia-anton-mahnic.jpg\"},{\"@type\":\"BreadcrumbList\",\"@id\":\"https:\/\/www.travel-slovenia.si\/slo\/anton-mahnic\/#breadcrumb\",\"itemListElement\":[{\"@type\":\"ListItem\",\"position\":1,\"name\":\"Home\",\"item\":\"https:\/\/www.travel-slovenia.si\/slo\/\"},{\"@type\":\"ListItem\",\"position\":2,\"name\":\"Anton Mahni\u010d\"}]},{\"@type\":\"WebSite\",\"@id\":\"https:\/\/www.travel-slovenia.si\/slo\/#website\",\"url\":\"https:\/\/www.travel-slovenia.si\/slo\/\",\"name\":\"Travel Slovenia - Sledite lepotam na\u0161e male dr\u017eavice\",\"description\":\"\",\"potentialAction\":[{\"@type\":\"SearchAction\",\"target\":{\"@type\":\"EntryPoint\",\"urlTemplate\":\"https:\/\/www.travel-slovenia.si\/slo\/?s={search_term_string}\"},\"query-input\":{\"@type\":\"PropertyValueSpecification\",\"valueRequired\":true,\"valueName\":\"search_term_string\"}}],\"inLanguage\":\"sl-SI\"}]}<\/script>\n<!-- \/ Yoast SEO plugin. -->","yoast_head_json":{"title":"Anton Mahni\u010d : Travel-Slovenia","description":"Anton Mahni\u010d je bil slovenski teolog, \u0161kof, pesnik, pisatelj in kritik slovenskega kulturnega in duhovnega \u017eivljenja ter urednik, rojen 14. septembra 1850.","robots":{"index":"index","follow":"follow","max-snippet":"max-snippet:-1","max-image-preview":"max-image-preview:large","max-video-preview":"max-video-preview:-1"},"canonical":"https:\/\/www.travel-slovenia.si\/slo\/anton-mahnic\/","og_locale":"sl_SI","og_type":"article","og_title":"Anton Mahni\u010d : Travel-Slovenia","og_description":"Anton Mahni\u010d je bil slovenski teolog, \u0161kof, pesnik, pisatelj in kritik slovenskega kulturnega in duhovnega \u017eivljenja ter urednik, rojen 14. septembra 1850.","og_url":"https:\/\/www.travel-slovenia.si\/slo\/anton-mahnic\/","og_site_name":"Travel Slovenia - Sledite lepotam na\u0161e male dr\u017eavice","article_modified_time":"2020-01-22T22:05:12+00:00","og_image":[{"width":600,"height":861,"url":"https:\/\/www.travel-slovenia.si\/slo\/wp-content\/uploads\/2020\/01\/travel-slovenia-anton-mahnic.jpg","type":"image\/jpeg"}],"twitter_card":"summary_large_image","twitter_title":"Anton Mahni\u010d : Travel-Slovenia","twitter_description":"Anton Mahni\u010d je bil slovenski teolog, \u0161kof, pesnik, pisatelj in kritik slovenskega kulturnega in duhovnega \u017eivljenja ter urednik, rojen 14. septembra 1850.","twitter_image":"https:\/\/www.travel-slovenia.si\/slo\/wp-content\/uploads\/2020\/01\/travel-slovenia-anton-mahnic.jpg","twitter_misc":{"Est. reading time":"3 minute"},"schema":{"@context":"https:\/\/schema.org","@graph":[{"@type":"WebPage","@id":"https:\/\/www.travel-slovenia.si\/slo\/anton-mahnic\/","url":"https:\/\/www.travel-slovenia.si\/slo\/anton-mahnic\/","name":"Anton Mahni\u010d : Travel-Slovenia","isPartOf":{"@id":"https:\/\/www.travel-slovenia.si\/slo\/#website"},"primaryImageOfPage":{"@id":"https:\/\/www.travel-slovenia.si\/slo\/anton-mahnic\/#primaryimage"},"image":{"@id":"https:\/\/www.travel-slovenia.si\/slo\/anton-mahnic\/#primaryimage"},"thumbnailUrl":"https:\/\/www.travel-slovenia.si\/wp-content\/uploads\/2020\/01\/travel-slovenia-anton-mahnic.jpg","datePublished":"2020-01-22T00:12:37+00:00","dateModified":"2020-01-22T22:05:12+00:00","description":"Anton Mahni\u010d je bil slovenski teolog, \u0161kof, pesnik, pisatelj in kritik slovenskega kulturnega in duhovnega \u017eivljenja ter urednik, rojen 14. septembra 1850.","breadcrumb":{"@id":"https:\/\/www.travel-slovenia.si\/slo\/anton-mahnic\/#breadcrumb"},"inLanguage":"sl-SI","potentialAction":[{"@type":"ReadAction","target":["https:\/\/www.travel-slovenia.si\/slo\/anton-mahnic\/"]}]},{"@type":"ImageObject","inLanguage":"sl-SI","@id":"https:\/\/www.travel-slovenia.si\/slo\/anton-mahnic\/#primaryimage","url":"https:\/\/www.travel-slovenia.si\/wp-content\/uploads\/2020\/01\/travel-slovenia-anton-mahnic.jpg","contentUrl":"https:\/\/www.travel-slovenia.si\/wp-content\/uploads\/2020\/01\/travel-slovenia-anton-mahnic.jpg"},{"@type":"BreadcrumbList","@id":"https:\/\/www.travel-slovenia.si\/slo\/anton-mahnic\/#breadcrumb","itemListElement":[{"@type":"ListItem","position":1,"name":"Home","item":"https:\/\/www.travel-slovenia.si\/slo\/"},{"@type":"ListItem","position":2,"name":"Anton Mahni\u010d"}]},{"@type":"WebSite","@id":"https:\/\/www.travel-slovenia.si\/slo\/#website","url":"https:\/\/www.travel-slovenia.si\/slo\/","name":"Travel Slovenia - Sledite lepotam na\u0161e male dr\u017eavice","description":"","potentialAction":[{"@type":"SearchAction","target":{"@type":"EntryPoint","urlTemplate":"https:\/\/www.travel-slovenia.si\/slo\/?s={search_term_string}"},"query-input":{"@type":"PropertyValueSpecification","valueRequired":true,"valueName":"search_term_string"}}],"inLanguage":"sl-SI"}]}},"post_mailing_queue_ids":[],"_links":{"self":[{"href":"https:\/\/www.travel-slovenia.si\/slo\/wp-json\/wp\/v2\/pages\/8699","targetHints":{"allow":["GET"]}}],"collection":[{"href":"https:\/\/www.travel-slovenia.si\/slo\/wp-json\/wp\/v2\/pages"}],"about":[{"href":"https:\/\/www.travel-slovenia.si\/slo\/wp-json\/wp\/v2\/types\/page"}],"author":[{"embeddable":true,"href":"https:\/\/www.travel-slovenia.si\/slo\/wp-json\/wp\/v2\/users\/111"}],"replies":[{"embeddable":true,"href":"https:\/\/www.travel-slovenia.si\/slo\/wp-json\/wp\/v2\/comments?post=8699"}],"version-history":[{"count":2,"href":"https:\/\/www.travel-slovenia.si\/slo\/wp-json\/wp\/v2\/pages\/8699\/revisions"}],"predecessor-version":[{"id":8722,"href":"https:\/\/www.travel-slovenia.si\/slo\/wp-json\/wp\/v2\/pages\/8699\/revisions\/8722"}],"wp:attachment":[{"href":"https:\/\/www.travel-slovenia.si\/slo\/wp-json\/wp\/v2\/media?parent=8699"}],"curies":[{"name":"wp","href":"https:\/\/api.w.org\/{rel}","templated":true}]}}