{"id":8450,"date":"2019-10-16T17:11:05","date_gmt":"2019-10-16T15:11:05","guid":{"rendered":"https:\/\/www.travel-slovenia.si\/slo\/?page_id=8450"},"modified":"2019-10-16T17:13:11","modified_gmt":"2019-10-16T15:13:11","slug":"karel-destovnik-kajuh-slovenska-pesem","status":"publish","type":"page","link":"https:\/\/www.travel-slovenia.si\/slo\/karel-destovnik-kajuh-slovenska-pesem\/","title":{"rendered":"Karel Destovnik Kajuh &#8211; Slovenska pesem"},"content":{"rendered":"<p style=\"text-align: justify;\">Slovenska pesem je domovinska, socialnokriti\u010dna, uporni\u0161ka in obto\u017eujo\u010da pesem. Ugotavlja, da smo majhen narod. Vseen nas trplenje nikoli ne bo zlomilo. Slovencem dviguje samozavest, \u010deprav so med nami tudi hlapci, ki se niso pripravljeni boriti, ampak se vdajo. Kljub temu pa bomo pre\u017eiveli zaradi ljudi, ki razmi\u0161ljajo s svojo glavo.<\/p>\n<p>&nbsp;<\/p>\n<h3 style=\"text-align: center;\">KAREL DESTOVNIK KAJUH &#8211; SLOVENSKA PESEM<\/h3>\n<p>&nbsp;<\/p>\n<p style=\"text-align: center;\">Samo milijon nas je,<br \/>\nmilijon umirajo\u010dih med mrli\u010di,<br \/>\nmilijon, ki pijejo mu kri biri\u010di,<br \/>\nen sam milijon,<br \/>\nki ga trpljenje krotovi\u010di<br \/>\nin vendar ga nikoli ne uni\u010di!<\/p>\n<p style=\"text-align: center;\">Nikoli in nikdar!<\/p>\n<p style=\"text-align: center;\">Zato, ker nismo trhle bilke,<br \/>\nki po to\u010di ovene,<br \/>\nker mi nismo le \u0161tevilke,<br \/>\nsmo ljudje!<\/p>\n<p style=\"text-align: center;\">Edino hlapci cvilijo poni\u017eno kakor psi<br \/>\nin lajajo, da nas je malo,<br \/>\nda bi v uporu vse pobralo &#8230;<\/p>\n<p style=\"text-align: center;\">O, \u010de ljudi bi ne bilo pri nas,<br \/>\nljudi, ki ne ubogajo na vsak ukaz,<br \/>\ntedaj bi nas \u017ee kdaj odnesel plaz.<\/p>\n<p style=\"text-align: center;\">Tako pa \u0161e \u017eivimo,<br \/>\n\u010deprav nas je milijon samo,<br \/>\nzdahnili bi, da ne trpimo<br \/>\nz uporno, dvignjeno glavo!<\/p>\n<p>&nbsp;<\/p>\n<p><img loading=\"lazy\" decoding=\"async\" class=\"size-full wp-image-9367 aligncenter\" src=\"https:\/\/www.travel-slovenia.si\/wp-content\/uploads\/2019\/10\/travel-slovenia-karel-destovnik-kajuh-slovenska-pesem.jpg\" alt=\"\" width=\"600\" height=\"807\" \/><\/p>\n<p><iframe loading=\"lazy\" src=\"https:\/\/www.youtube.com\/embed\/4Zn5r_hwzls\" width=\"560\" height=\"315\" frameborder=\"0\" allowfullscreen=\"allowfullscreen\"><\/iframe><\/p>\n<p><iframe loading=\"lazy\" src=\"https:\/\/www.youtube.com\/embed\/640f3ooKKA0\" width=\"560\" height=\"315\" frameborder=\"0\" allowfullscreen=\"allowfullscreen\"><\/iframe><\/p>\n<p>&nbsp;<\/p>\n<table>\n<tbody>\n<tr>\n<td style=\"text-align: center;\"><a href=\"https:\/\/www.travel-slovenia.si\/slo\/v-besedi\/\"><img loading=\"lazy\" decoding=\"async\" class=\"alignleft wp-image-4499 size-full\" src=\"https:\/\/www.travel-slovenia.si\/slo\/wp-content\/uploads\/2014\/09\/travel-slovenia-povezava-na-drugo.jpg\" alt=\"travel-slovenia-povezava-na-drugo\" width=\"128\" height=\"22\" srcset=\"https:\/\/www.travel-slovenia.si\/slo\/wp-content\/uploads\/2014\/09\/travel-slovenia-povezava-na-drugo.jpg 128w, https:\/\/www.travel-slovenia.si\/slo\/wp-content\/uploads\/2014\/09\/travel-slovenia-povezava-na-drugo-24x4.jpg 24w, https:\/\/www.travel-slovenia.si\/slo\/wp-content\/uploads\/2014\/09\/travel-slovenia-povezava-na-drugo-36x6.jpg 36w, https:\/\/www.travel-slovenia.si\/slo\/wp-content\/uploads\/2014\/09\/travel-slovenia-povezava-na-drugo-48x8.jpg 48w\" sizes=\"auto, (max-width: 128px) 100vw, 128px\" \/><\/a><a href=\"https:\/\/www.travel-slovenia.si\/slo\/v-besedi\/\">Poglejte \u0161e druga besedila o Sloveniji!<\/a><a href=\"https:\/\/www.travel-slovenia.si\/slo\/v-besedi\/\"><img loading=\"lazy\" decoding=\"async\" class=\"alignright wp-image-4500 size-full\" src=\"https:\/\/www.travel-slovenia.si\/slo\/wp-content\/uploads\/2014\/09\/travel-slovenia-povezava-na-drugo2.jpg\" alt=\"travel-slovenia-povezava-na-drugo2\" width=\"128\" height=\"22\" srcset=\"https:\/\/www.travel-slovenia.si\/slo\/wp-content\/uploads\/2014\/09\/travel-slovenia-povezava-na-drugo2.jpg 128w, https:\/\/www.travel-slovenia.si\/slo\/wp-content\/uploads\/2014\/09\/travel-slovenia-povezava-na-drugo2-24x4.jpg 24w, https:\/\/www.travel-slovenia.si\/slo\/wp-content\/uploads\/2014\/09\/travel-slovenia-povezava-na-drugo2-36x6.jpg 36w, https:\/\/www.travel-slovenia.si\/slo\/wp-content\/uploads\/2014\/09\/travel-slovenia-povezava-na-drugo2-48x8.jpg 48w\" sizes=\"auto, (max-width: 128px) 100vw, 128px\" \/><\/a><\/td>\n<\/tr>\n<\/tbody>\n<\/table>\n<p>&nbsp;<\/p>\n<hr \/>\n<p style=\"text-align: justify;\"><a href=\"https:\/\/www.travel-slovenia.si\/slo\/karel-destovnik-kajuh\/\"><img loading=\"lazy\" decoding=\"async\" class=\"alignleft size-full wp-image-9365\" src=\"https:\/\/www.travel-slovenia.si\/wp-content\/uploads\/2019\/10\/travel-slovenia-karel-destovnik-kajuh-view.jpg\" alt=\"\" width=\"150\" height=\"150\" \/><\/a><a href=\"https:\/\/www.travel-slovenia.si\/slo\/karel-destovnik-kajuh\/\"><strong><em>Karel Destovnik Kajuh<\/em><\/strong><\/a><br \/>\nKarel Destovnik, poznan pod partizanskim imenom Kajuh, je bil slovenski pesnik, prevajalec in narodni heroj, ki se je rodil 13. decembra 1922 v \u0160o\u0161tanju, umrl je 22. februarja 1944 na \u017dlebnikovi doma\u010diji v \u0160entvidu nad Zavodnjami. Rodil se je Mariji Vasle in Jo\u017eetu Destovniku. [<a href=\"https:\/\/www.travel-slovenia.si\/slo\/karel-destovnik-kajuh\/\">_Preberite ve\u010d_<\/a>]\n","protected":false},"excerpt":{"rendered":"<p>Slovenska pesem je domovinska, socialnokriti\u010dna, uporni\u0161ka in obto\u017eujo\u010da pesem. Ugotavlja, da smo majhen narod. Vseen nas trplenje nikoli ne bo zlomilo. Slovencem dviguje samozavest, \u010deprav so med nami tudi hlapci, ki se niso pripravljeni boriti, ampak se vdajo. Kljub temu pa bomo pre\u017eiveli zaradi ljudi, ki razmi\u0161ljajo s svojo glavo. &nbsp; KAREL DESTOVNIK KAJUH &#8211; [&hellip;]<\/p>\n","protected":false},"author":111,"featured_media":0,"parent":0,"menu_order":0,"comment_status":"closed","ping_status":"closed","template":"","meta":{"footnotes":""},"class_list":["post-8450","page","type-page","status-publish","hentry"],"yoast_head":"<!-- This site is optimized with the Yoast SEO plugin v25.4 - https:\/\/yoast.com\/wordpress\/plugins\/seo\/ -->\n<title>Karel Destovnik Kajuh - Slovenska pesem : Travel-Slovenia<\/title>\n<meta name=\"description\" content=\"Slovenska pesem je domovinska, socialnokriti\u010dna, uporni\u0161ka in obto\u017eujo\u010da pesem. Ugotavlja, da smo majhen narod. Vseen nas trplenje nikoli ne bo zlomilo.\" \/>\n<meta name=\"robots\" content=\"index, follow, max-snippet:-1, max-image-preview:large, max-video-preview:-1\" \/>\n<link rel=\"canonical\" href=\"https:\/\/www.travel-slovenia.si\/slo\/karel-destovnik-kajuh-slovenska-pesem\/\" \/>\n<meta property=\"og:locale\" content=\"sl_SI\" \/>\n<meta property=\"og:type\" content=\"article\" \/>\n<meta property=\"og:title\" content=\"Karel Destovnik Kajuh - Slovenska pesem : Travel-Slovenia\" \/>\n<meta property=\"og:description\" content=\"Slovenska pesem je domovinska, socialnokriti\u010dna, uporni\u0161ka in obto\u017eujo\u010da pesem. Ugotavlja, da smo majhen narod. Vseen nas trplenje nikoli ne bo zlomilo.\" \/>\n<meta property=\"og:url\" content=\"https:\/\/www.travel-slovenia.si\/slo\/karel-destovnik-kajuh-slovenska-pesem\/\" \/>\n<meta property=\"og:site_name\" content=\"Travel Slovenia - Sledite lepotam na\u0161e male dr\u017eavice\" \/>\n<meta property=\"article:modified_time\" content=\"2019-10-16T15:13:11+00:00\" \/>\n<meta property=\"og:image\" content=\"https:\/\/www.travel-slovenia.si\/slo\/wp-content\/uploads\/2019\/10\/travel-slovenia-karel-destovnik-kajuh-slovenska-pesem.jpg\" \/>\n\t<meta property=\"og:image:width\" content=\"600\" \/>\n\t<meta property=\"og:image:height\" content=\"807\" \/>\n\t<meta property=\"og:image:type\" content=\"image\/jpeg\" \/>\n<meta name=\"twitter:card\" content=\"summary_large_image\" \/>\n<meta name=\"twitter:title\" content=\"Karel Destovnik Kajuh - Slovenska pesem : Travel-Slovenia\" \/>\n<meta name=\"twitter:description\" content=\"Slovenska pesem je domovinska, socialnokriti\u010dna, uporni\u0161ka in obto\u017eujo\u010da pesem. Ugotavlja, da smo majhen narod. Vseen nas trplenje nikoli ne bo zlomilo.\" \/>\n<meta name=\"twitter:image\" content=\"https:\/\/www.travel-slovenia.si\/slo\/wp-content\/uploads\/2019\/10\/travel-slovenia-karel-destovnik-kajuh-slovenska-pesem.jpg\" \/>\n<meta name=\"twitter:label1\" content=\"Est. reading time\" \/>\n\t<meta name=\"twitter:data1\" content=\"1 minuta\" \/>\n<script type=\"application\/ld+json\" class=\"yoast-schema-graph\">{\"@context\":\"https:\/\/schema.org\",\"@graph\":[{\"@type\":\"WebPage\",\"@id\":\"https:\/\/www.travel-slovenia.si\/slo\/karel-destovnik-kajuh-slovenska-pesem\/\",\"url\":\"https:\/\/www.travel-slovenia.si\/slo\/karel-destovnik-kajuh-slovenska-pesem\/\",\"name\":\"Karel Destovnik Kajuh - Slovenska pesem : Travel-Slovenia\",\"isPartOf\":{\"@id\":\"https:\/\/www.travel-slovenia.si\/slo\/#website\"},\"primaryImageOfPage\":{\"@id\":\"https:\/\/www.travel-slovenia.si\/slo\/karel-destovnik-kajuh-slovenska-pesem\/#primaryimage\"},\"image\":{\"@id\":\"https:\/\/www.travel-slovenia.si\/slo\/karel-destovnik-kajuh-slovenska-pesem\/#primaryimage\"},\"thumbnailUrl\":\"https:\/\/www.travel-slovenia.si\/wp-content\/uploads\/2019\/10\/travel-slovenia-karel-destovnik-kajuh-slovenska-pesem.jpg\",\"datePublished\":\"2019-10-16T15:11:05+00:00\",\"dateModified\":\"2019-10-16T15:13:11+00:00\",\"description\":\"Slovenska pesem je domovinska, socialnokriti\u010dna, uporni\u0161ka in obto\u017eujo\u010da pesem. Ugotavlja, da smo majhen narod. Vseen nas trplenje nikoli ne bo zlomilo.\",\"breadcrumb\":{\"@id\":\"https:\/\/www.travel-slovenia.si\/slo\/karel-destovnik-kajuh-slovenska-pesem\/#breadcrumb\"},\"inLanguage\":\"sl-SI\",\"potentialAction\":[{\"@type\":\"ReadAction\",\"target\":[\"https:\/\/www.travel-slovenia.si\/slo\/karel-destovnik-kajuh-slovenska-pesem\/\"]}]},{\"@type\":\"ImageObject\",\"inLanguage\":\"sl-SI\",\"@id\":\"https:\/\/www.travel-slovenia.si\/slo\/karel-destovnik-kajuh-slovenska-pesem\/#primaryimage\",\"url\":\"https:\/\/www.travel-slovenia.si\/wp-content\/uploads\/2019\/10\/travel-slovenia-karel-destovnik-kajuh-slovenska-pesem.jpg\",\"contentUrl\":\"https:\/\/www.travel-slovenia.si\/wp-content\/uploads\/2019\/10\/travel-slovenia-karel-destovnik-kajuh-slovenska-pesem.jpg\"},{\"@type\":\"BreadcrumbList\",\"@id\":\"https:\/\/www.travel-slovenia.si\/slo\/karel-destovnik-kajuh-slovenska-pesem\/#breadcrumb\",\"itemListElement\":[{\"@type\":\"ListItem\",\"position\":1,\"name\":\"Home\",\"item\":\"https:\/\/www.travel-slovenia.si\/slo\/\"},{\"@type\":\"ListItem\",\"position\":2,\"name\":\"Karel Destovnik Kajuh &#8211; Slovenska pesem\"}]},{\"@type\":\"WebSite\",\"@id\":\"https:\/\/www.travel-slovenia.si\/slo\/#website\",\"url\":\"https:\/\/www.travel-slovenia.si\/slo\/\",\"name\":\"Travel Slovenia - Sledite lepotam na\u0161e male dr\u017eavice\",\"description\":\"\",\"potentialAction\":[{\"@type\":\"SearchAction\",\"target\":{\"@type\":\"EntryPoint\",\"urlTemplate\":\"https:\/\/www.travel-slovenia.si\/slo\/?s={search_term_string}\"},\"query-input\":{\"@type\":\"PropertyValueSpecification\",\"valueRequired\":true,\"valueName\":\"search_term_string\"}}],\"inLanguage\":\"sl-SI\"}]}<\/script>\n<!-- \/ Yoast SEO plugin. -->","yoast_head_json":{"title":"Karel Destovnik Kajuh - Slovenska pesem : Travel-Slovenia","description":"Slovenska pesem je domovinska, socialnokriti\u010dna, uporni\u0161ka in obto\u017eujo\u010da pesem. Ugotavlja, da smo majhen narod. Vseen nas trplenje nikoli ne bo zlomilo.","robots":{"index":"index","follow":"follow","max-snippet":"max-snippet:-1","max-image-preview":"max-image-preview:large","max-video-preview":"max-video-preview:-1"},"canonical":"https:\/\/www.travel-slovenia.si\/slo\/karel-destovnik-kajuh-slovenska-pesem\/","og_locale":"sl_SI","og_type":"article","og_title":"Karel Destovnik Kajuh - Slovenska pesem : Travel-Slovenia","og_description":"Slovenska pesem je domovinska, socialnokriti\u010dna, uporni\u0161ka in obto\u017eujo\u010da pesem. Ugotavlja, da smo majhen narod. Vseen nas trplenje nikoli ne bo zlomilo.","og_url":"https:\/\/www.travel-slovenia.si\/slo\/karel-destovnik-kajuh-slovenska-pesem\/","og_site_name":"Travel Slovenia - Sledite lepotam na\u0161e male dr\u017eavice","article_modified_time":"2019-10-16T15:13:11+00:00","og_image":[{"width":600,"height":807,"url":"https:\/\/www.travel-slovenia.si\/slo\/wp-content\/uploads\/2019\/10\/travel-slovenia-karel-destovnik-kajuh-slovenska-pesem.jpg","type":"image\/jpeg"}],"twitter_card":"summary_large_image","twitter_title":"Karel Destovnik Kajuh - Slovenska pesem : Travel-Slovenia","twitter_description":"Slovenska pesem je domovinska, socialnokriti\u010dna, uporni\u0161ka in obto\u017eujo\u010da pesem. Ugotavlja, da smo majhen narod. Vseen nas trplenje nikoli ne bo zlomilo.","twitter_image":"https:\/\/www.travel-slovenia.si\/slo\/wp-content\/uploads\/2019\/10\/travel-slovenia-karel-destovnik-kajuh-slovenska-pesem.jpg","twitter_misc":{"Est. reading time":"1 minuta"},"schema":{"@context":"https:\/\/schema.org","@graph":[{"@type":"WebPage","@id":"https:\/\/www.travel-slovenia.si\/slo\/karel-destovnik-kajuh-slovenska-pesem\/","url":"https:\/\/www.travel-slovenia.si\/slo\/karel-destovnik-kajuh-slovenska-pesem\/","name":"Karel Destovnik Kajuh - Slovenska pesem : Travel-Slovenia","isPartOf":{"@id":"https:\/\/www.travel-slovenia.si\/slo\/#website"},"primaryImageOfPage":{"@id":"https:\/\/www.travel-slovenia.si\/slo\/karel-destovnik-kajuh-slovenska-pesem\/#primaryimage"},"image":{"@id":"https:\/\/www.travel-slovenia.si\/slo\/karel-destovnik-kajuh-slovenska-pesem\/#primaryimage"},"thumbnailUrl":"https:\/\/www.travel-slovenia.si\/wp-content\/uploads\/2019\/10\/travel-slovenia-karel-destovnik-kajuh-slovenska-pesem.jpg","datePublished":"2019-10-16T15:11:05+00:00","dateModified":"2019-10-16T15:13:11+00:00","description":"Slovenska pesem je domovinska, socialnokriti\u010dna, uporni\u0161ka in obto\u017eujo\u010da pesem. Ugotavlja, da smo majhen narod. Vseen nas trplenje nikoli ne bo zlomilo.","breadcrumb":{"@id":"https:\/\/www.travel-slovenia.si\/slo\/karel-destovnik-kajuh-slovenska-pesem\/#breadcrumb"},"inLanguage":"sl-SI","potentialAction":[{"@type":"ReadAction","target":["https:\/\/www.travel-slovenia.si\/slo\/karel-destovnik-kajuh-slovenska-pesem\/"]}]},{"@type":"ImageObject","inLanguage":"sl-SI","@id":"https:\/\/www.travel-slovenia.si\/slo\/karel-destovnik-kajuh-slovenska-pesem\/#primaryimage","url":"https:\/\/www.travel-slovenia.si\/wp-content\/uploads\/2019\/10\/travel-slovenia-karel-destovnik-kajuh-slovenska-pesem.jpg","contentUrl":"https:\/\/www.travel-slovenia.si\/wp-content\/uploads\/2019\/10\/travel-slovenia-karel-destovnik-kajuh-slovenska-pesem.jpg"},{"@type":"BreadcrumbList","@id":"https:\/\/www.travel-slovenia.si\/slo\/karel-destovnik-kajuh-slovenska-pesem\/#breadcrumb","itemListElement":[{"@type":"ListItem","position":1,"name":"Home","item":"https:\/\/www.travel-slovenia.si\/slo\/"},{"@type":"ListItem","position":2,"name":"Karel Destovnik Kajuh &#8211; Slovenska pesem"}]},{"@type":"WebSite","@id":"https:\/\/www.travel-slovenia.si\/slo\/#website","url":"https:\/\/www.travel-slovenia.si\/slo\/","name":"Travel Slovenia - Sledite lepotam na\u0161e male dr\u017eavice","description":"","potentialAction":[{"@type":"SearchAction","target":{"@type":"EntryPoint","urlTemplate":"https:\/\/www.travel-slovenia.si\/slo\/?s={search_term_string}"},"query-input":{"@type":"PropertyValueSpecification","valueRequired":true,"valueName":"search_term_string"}}],"inLanguage":"sl-SI"}]}},"post_mailing_queue_ids":[],"_links":{"self":[{"href":"https:\/\/www.travel-slovenia.si\/slo\/wp-json\/wp\/v2\/pages\/8450","targetHints":{"allow":["GET"]}}],"collection":[{"href":"https:\/\/www.travel-slovenia.si\/slo\/wp-json\/wp\/v2\/pages"}],"about":[{"href":"https:\/\/www.travel-slovenia.si\/slo\/wp-json\/wp\/v2\/types\/page"}],"author":[{"embeddable":true,"href":"https:\/\/www.travel-slovenia.si\/slo\/wp-json\/wp\/v2\/users\/111"}],"replies":[{"embeddable":true,"href":"https:\/\/www.travel-slovenia.si\/slo\/wp-json\/wp\/v2\/comments?post=8450"}],"version-history":[{"count":3,"href":"https:\/\/www.travel-slovenia.si\/slo\/wp-json\/wp\/v2\/pages\/8450\/revisions"}],"predecessor-version":[{"id":8455,"href":"https:\/\/www.travel-slovenia.si\/slo\/wp-json\/wp\/v2\/pages\/8450\/revisions\/8455"}],"wp:attachment":[{"href":"https:\/\/www.travel-slovenia.si\/slo\/wp-json\/wp\/v2\/media?parent=8450"}],"curies":[{"name":"wp","href":"https:\/\/api.w.org\/{rel}","templated":true}]}}