{"id":8274,"date":"2019-08-31T20:25:50","date_gmt":"2019-08-31T18:25:50","guid":{"rendered":"https:\/\/www.travel-slovenia.si\/slo\/?page_id=8274"},"modified":"2019-08-31T20:26:14","modified_gmt":"2019-08-31T18:26:14","slug":"22-december","status":"publish","type":"page","link":"https:\/\/www.travel-slovenia.si\/slo\/22-december\/","title":{"rendered":"22. december"},"content":{"rendered":"<p style=\"text-align: justify;\"><span><a href=\"https:\/\/www.travel-slovenia.si\/slo\/herman-potocnik\/\"><img loading=\"lazy\" decoding=\"async\" class=\"alignleft size-full wp-image-9101\" src=\"https:\/\/www.travel-slovenia.si\/wp-content\/uploads\/2019\/08\/travel-slovenia-heman-potocnik-noordung-view.jpg\" alt=\"\" width=\"150\" height=\"150\" \/><\/a><a href=\"https:\/\/www.travel-slovenia.si\/slo\/herman-potocnik\/\"><strong><em>Herman Poto\u010dnik<\/em><\/strong><\/a><br \/>\nNa dana\u0161nji dan leta 1892 se je v Pulju (dana\u0161nja Hrva\u0161ka) rodil slovenski raketni in\u017eenir, \u010dastnik, pionir kozmonavtike (astronavtike), vesoljskih poletov in tehnologij, Herman Poto\u010dnik, poznan tudi pod psevdonimom Hermann Noordung. Umrl je 27. avgusta 1929 na Dunaju, Avstrija. [<a href=\"https:\/\/www.travel-slovenia.si\/slo\/herman-potocnik\/\">_Preberite ve\u010d_<\/a>]<\/span><\/p>\n","protected":false},"excerpt":{"rendered":"<p>Herman Poto\u010dnik Na dana\u0161nji dan leta 1892 se je v Pulju (dana\u0161nja Hrva\u0161ka) rodil slovenski raketni in\u017eenir, \u010dastnik, pionir kozmonavtike (astronavtike), vesoljskih poletov in tehnologij, Herman Poto\u010dnik, poznan tudi pod psevdonimom Hermann Noordung. Umrl je 27. avgusta 1929 na Dunaju, Avstrija. [_Preberite ve\u010d_]<\/p>\n","protected":false},"author":111,"featured_media":0,"parent":0,"menu_order":0,"comment_status":"closed","ping_status":"closed","template":"","meta":{"footnotes":""},"class_list":["post-8274","page","type-page","status-publish","hentry"],"yoast_head":"<!-- This site is optimized with the Yoast SEO plugin v25.4 - https:\/\/yoast.com\/wordpress\/plugins\/seo\/ -->\n<title>22. december : Travel-Slovenia<\/title>\n<meta name=\"description\" content=\"Pretekli dogodki, ki so se zgodili na datum 22. decembra in so v dolo\u010deni meri zaznamovali Slovenijo.\" \/>\n<meta name=\"robots\" content=\"index, follow, max-snippet:-1, max-image-preview:large, max-video-preview:-1\" \/>\n<link rel=\"canonical\" href=\"https:\/\/www.travel-slovenia.si\/slo\/22-december\/\" \/>\n<meta property=\"og:locale\" content=\"sl_SI\" \/>\n<meta property=\"og:type\" content=\"article\" \/>\n<meta property=\"og:title\" content=\"22. december : Travel-Slovenia\" \/>\n<meta property=\"og:description\" content=\"Pretekli dogodki, ki so se zgodili na datum 22. decembra in so v dolo\u010deni meri zaznamovali Slovenijo.\" \/>\n<meta property=\"og:url\" content=\"https:\/\/www.travel-slovenia.si\/slo\/22-december\/\" \/>\n<meta property=\"og:site_name\" content=\"Travel Slovenia - Sledite lepotam na\u0161e male dr\u017eavice\" \/>\n<meta property=\"article:modified_time\" content=\"2019-08-31T18:26:14+00:00\" \/>\n<meta property=\"og:image\" content=\"https:\/\/www.travel-slovenia.si\/slo\/wp-content\/uploads\/2019\/08\/travel-slovenia-heman-potocnik-noordung.jpg\" \/>\n\t<meta property=\"og:image:width\" content=\"600\" \/>\n\t<meta property=\"og:image:height\" content=\"768\" \/>\n\t<meta property=\"og:image:type\" content=\"image\/jpeg\" \/>\n<meta name=\"twitter:card\" content=\"summary_large_image\" \/>\n<meta name=\"twitter:title\" content=\"22. december : Travel-Slovenia\" \/>\n<meta name=\"twitter:description\" content=\"Pretekli dogodki, ki so se zgodili na datum 22. decembra in so v dolo\u010deni meri zaznamovali Slovenijo.\" \/>\n<meta name=\"twitter:image\" content=\"https:\/\/www.travel-slovenia.si\/slo\/wp-content\/uploads\/2019\/08\/travel-slovenia-heman-potocnik-noordung.jpg\" \/>\n<script type=\"application\/ld+json\" class=\"yoast-schema-graph\">{\"@context\":\"https:\/\/schema.org\",\"@graph\":[{\"@type\":\"WebPage\",\"@id\":\"https:\/\/www.travel-slovenia.si\/slo\/22-december\/\",\"url\":\"https:\/\/www.travel-slovenia.si\/slo\/22-december\/\",\"name\":\"22. december : Travel-Slovenia\",\"isPartOf\":{\"@id\":\"https:\/\/www.travel-slovenia.si\/slo\/#website\"},\"primaryImageOfPage\":{\"@id\":\"https:\/\/www.travel-slovenia.si\/slo\/22-december\/#primaryimage\"},\"image\":{\"@id\":\"https:\/\/www.travel-slovenia.si\/slo\/22-december\/#primaryimage\"},\"thumbnailUrl\":\"https:\/\/www.travel-slovenia.si\/wp-content\/uploads\/2019\/08\/travel-slovenia-heman-potocnik-noordung-view.jpg\",\"datePublished\":\"2019-08-31T18:25:50+00:00\",\"dateModified\":\"2019-08-31T18:26:14+00:00\",\"description\":\"Pretekli dogodki, ki so se zgodili na datum 22. decembra in so v dolo\u010deni meri zaznamovali Slovenijo.\",\"breadcrumb\":{\"@id\":\"https:\/\/www.travel-slovenia.si\/slo\/22-december\/#breadcrumb\"},\"inLanguage\":\"sl-SI\",\"potentialAction\":[{\"@type\":\"ReadAction\",\"target\":[\"https:\/\/www.travel-slovenia.si\/slo\/22-december\/\"]}]},{\"@type\":\"ImageObject\",\"inLanguage\":\"sl-SI\",\"@id\":\"https:\/\/www.travel-slovenia.si\/slo\/22-december\/#primaryimage\",\"url\":\"https:\/\/www.travel-slovenia.si\/wp-content\/uploads\/2019\/08\/travel-slovenia-heman-potocnik-noordung-view.jpg\",\"contentUrl\":\"https:\/\/www.travel-slovenia.si\/wp-content\/uploads\/2019\/08\/travel-slovenia-heman-potocnik-noordung-view.jpg\"},{\"@type\":\"BreadcrumbList\",\"@id\":\"https:\/\/www.travel-slovenia.si\/slo\/22-december\/#breadcrumb\",\"itemListElement\":[{\"@type\":\"ListItem\",\"position\":1,\"name\":\"Home\",\"item\":\"https:\/\/www.travel-slovenia.si\/slo\/\"},{\"@type\":\"ListItem\",\"position\":2,\"name\":\"22. december\"}]},{\"@type\":\"WebSite\",\"@id\":\"https:\/\/www.travel-slovenia.si\/slo\/#website\",\"url\":\"https:\/\/www.travel-slovenia.si\/slo\/\",\"name\":\"Travel Slovenia - Sledite lepotam na\u0161e male dr\u017eavice\",\"description\":\"\",\"potentialAction\":[{\"@type\":\"SearchAction\",\"target\":{\"@type\":\"EntryPoint\",\"urlTemplate\":\"https:\/\/www.travel-slovenia.si\/slo\/?s={search_term_string}\"},\"query-input\":{\"@type\":\"PropertyValueSpecification\",\"valueRequired\":true,\"valueName\":\"search_term_string\"}}],\"inLanguage\":\"sl-SI\"}]}<\/script>\n<!-- \/ Yoast SEO plugin. -->","yoast_head_json":{"title":"22. december : Travel-Slovenia","description":"Pretekli dogodki, ki so se zgodili na datum 22. decembra in so v dolo\u010deni meri zaznamovali Slovenijo.","robots":{"index":"index","follow":"follow","max-snippet":"max-snippet:-1","max-image-preview":"max-image-preview:large","max-video-preview":"max-video-preview:-1"},"canonical":"https:\/\/www.travel-slovenia.si\/slo\/22-december\/","og_locale":"sl_SI","og_type":"article","og_title":"22. december : Travel-Slovenia","og_description":"Pretekli dogodki, ki so se zgodili na datum 22. decembra in so v dolo\u010deni meri zaznamovali Slovenijo.","og_url":"https:\/\/www.travel-slovenia.si\/slo\/22-december\/","og_site_name":"Travel Slovenia - Sledite lepotam na\u0161e male dr\u017eavice","article_modified_time":"2019-08-31T18:26:14+00:00","og_image":[{"width":600,"height":768,"url":"https:\/\/www.travel-slovenia.si\/slo\/wp-content\/uploads\/2019\/08\/travel-slovenia-heman-potocnik-noordung.jpg","type":"image\/jpeg"}],"twitter_card":"summary_large_image","twitter_title":"22. december : Travel-Slovenia","twitter_description":"Pretekli dogodki, ki so se zgodili na datum 22. decembra in so v dolo\u010deni meri zaznamovali Slovenijo.","twitter_image":"https:\/\/www.travel-slovenia.si\/slo\/wp-content\/uploads\/2019\/08\/travel-slovenia-heman-potocnik-noordung.jpg","schema":{"@context":"https:\/\/schema.org","@graph":[{"@type":"WebPage","@id":"https:\/\/www.travel-slovenia.si\/slo\/22-december\/","url":"https:\/\/www.travel-slovenia.si\/slo\/22-december\/","name":"22. december : Travel-Slovenia","isPartOf":{"@id":"https:\/\/www.travel-slovenia.si\/slo\/#website"},"primaryImageOfPage":{"@id":"https:\/\/www.travel-slovenia.si\/slo\/22-december\/#primaryimage"},"image":{"@id":"https:\/\/www.travel-slovenia.si\/slo\/22-december\/#primaryimage"},"thumbnailUrl":"https:\/\/www.travel-slovenia.si\/wp-content\/uploads\/2019\/08\/travel-slovenia-heman-potocnik-noordung-view.jpg","datePublished":"2019-08-31T18:25:50+00:00","dateModified":"2019-08-31T18:26:14+00:00","description":"Pretekli dogodki, ki so se zgodili na datum 22. decembra in so v dolo\u010deni meri zaznamovali Slovenijo.","breadcrumb":{"@id":"https:\/\/www.travel-slovenia.si\/slo\/22-december\/#breadcrumb"},"inLanguage":"sl-SI","potentialAction":[{"@type":"ReadAction","target":["https:\/\/www.travel-slovenia.si\/slo\/22-december\/"]}]},{"@type":"ImageObject","inLanguage":"sl-SI","@id":"https:\/\/www.travel-slovenia.si\/slo\/22-december\/#primaryimage","url":"https:\/\/www.travel-slovenia.si\/wp-content\/uploads\/2019\/08\/travel-slovenia-heman-potocnik-noordung-view.jpg","contentUrl":"https:\/\/www.travel-slovenia.si\/wp-content\/uploads\/2019\/08\/travel-slovenia-heman-potocnik-noordung-view.jpg"},{"@type":"BreadcrumbList","@id":"https:\/\/www.travel-slovenia.si\/slo\/22-december\/#breadcrumb","itemListElement":[{"@type":"ListItem","position":1,"name":"Home","item":"https:\/\/www.travel-slovenia.si\/slo\/"},{"@type":"ListItem","position":2,"name":"22. december"}]},{"@type":"WebSite","@id":"https:\/\/www.travel-slovenia.si\/slo\/#website","url":"https:\/\/www.travel-slovenia.si\/slo\/","name":"Travel Slovenia - Sledite lepotam na\u0161e male dr\u017eavice","description":"","potentialAction":[{"@type":"SearchAction","target":{"@type":"EntryPoint","urlTemplate":"https:\/\/www.travel-slovenia.si\/slo\/?s={search_term_string}"},"query-input":{"@type":"PropertyValueSpecification","valueRequired":true,"valueName":"search_term_string"}}],"inLanguage":"sl-SI"}]}},"post_mailing_queue_ids":[],"_links":{"self":[{"href":"https:\/\/www.travel-slovenia.si\/slo\/wp-json\/wp\/v2\/pages\/8274","targetHints":{"allow":["GET"]}}],"collection":[{"href":"https:\/\/www.travel-slovenia.si\/slo\/wp-json\/wp\/v2\/pages"}],"about":[{"href":"https:\/\/www.travel-slovenia.si\/slo\/wp-json\/wp\/v2\/types\/page"}],"author":[{"embeddable":true,"href":"https:\/\/www.travel-slovenia.si\/slo\/wp-json\/wp\/v2\/users\/111"}],"replies":[{"embeddable":true,"href":"https:\/\/www.travel-slovenia.si\/slo\/wp-json\/wp\/v2\/comments?post=8274"}],"version-history":[{"count":2,"href":"https:\/\/www.travel-slovenia.si\/slo\/wp-json\/wp\/v2\/pages\/8274\/revisions"}],"predecessor-version":[{"id":8276,"href":"https:\/\/www.travel-slovenia.si\/slo\/wp-json\/wp\/v2\/pages\/8274\/revisions\/8276"}],"wp:attachment":[{"href":"https:\/\/www.travel-slovenia.si\/slo\/wp-json\/wp\/v2\/media?parent=8274"}],"curies":[{"name":"wp","href":"https:\/\/api.w.org\/{rel}","templated":true}]}}