{"id":8237,"date":"2019-08-25T01:04:18","date_gmt":"2019-08-24T23:04:18","guid":{"rendered":"https:\/\/www.travel-slovenia.si\/slo\/?page_id=8237"},"modified":"2019-08-25T01:13:33","modified_gmt":"2019-08-24T23:13:33","slug":"sportno-kulturno-turisticno-drustvo-farjovca","status":"publish","type":"page","link":"https:\/\/www.travel-slovenia.si\/slo\/sportno-kulturno-turisticno-drustvo-farjovca\/","title":{"rendered":"\u0160portno kulturno turisti\u010dno dru\u0161tvo Farjovca"},"content":{"rendered":"<p><img loading=\"lazy\" decoding=\"async\" class=\"aligncenter size-full wp-image-9042\" src=\"https:\/\/www.travel-slovenia.si\/wp-content\/uploads\/2019\/08\/travel-slovenia-farjovca-plant.jpg\" alt=\"\" width=\"800\" height=\"292\" \/><\/p>\n<p style=\"text-align: justify;\">\u0160portno kulturno turisti\u010dno dru\u0161tvo Farjovca je bilo ustanovljeno leta 2016 v vasi Voj\u0161\u010dica na Krasu in danes \u0161teje okoli 40 \u010dlanov. Skrbijo za kulturo in \u0161port v vasi in bli\u017enji okolici. Obenem pa omogo\u010dajo prepoznavnost in predstavitev zgodovinskih ter naravnih lepot v Voj\u0161\u010dici in njeni neposredni bli\u017eini. Dru\u0161tvo je bilo ustanovljeno zato, da bi se prebivalci med seboj intenzivneje povezovali, se dru\u017eili ter organizirali najrazli\u010dnej\u0161e dogodke. Re\u010demo lahko, da sedaj predstavlja pomemben podporni steber KS Voj\u0161\u010dica, saj ji je v veliko pomo\u010d pri izvajanju razli\u010dnih aktivnosti. Prirejajo prireditve tradicionalnega in prilo\u017enostnega zna\u010daja.<\/p>\n<h3>IME DRU\u0160TVA<\/h3>\n<p style=\"text-align: justify;\">Ideja o imenu dru\u0161tva izhaja iz rastline Farjovca &#8211; bodi\u010dasto pripotje ali ametistasta mo\u017eina, ki je zna\u010dilna za okolico vasi in predstavlja \u010dudovito modro &#8211; bodi\u010dasto rastlino, s katero so se v\u010dasih \u02ddmladinci\u02dd na vasi pozabavali in se zaradi ostrih trnjev z njo obmetavali. Tako je vsem ostala v globokem in posebnem spominu.<\/p>\n<h3>CILJ DRU\u0160TVA<\/h3>\n<p style=\"text-align: justify;\">Cilji in poslanstvo \u0160KT dru\u0161tva Farjovca v osnovi strmijo k medsebojnem povezovanju ter dru\u017eenju va\u0161\u010danov oziroma vseh \u010dlanov in ne\u010dlanov dru\u0161tva. S skupnimi mo\u010dmi bo dru\u0161tvo tako skrbelo za ohranjanje naravne in kulturne dedi\u0161\u010dine vasi, izvajanje \u0161portnih, kulturnih, turisti\u010dnih in drugih programov, ki bodo o\u017eiveli va\u0161ko dogajanje, ohranjali tradicijo in vzpodbujali medsebojno povezovanje.<\/p>\n<p><img loading=\"lazy\" decoding=\"async\" class=\"aligncenter size-full wp-image-9041\" src=\"https:\/\/www.travel-slovenia.si\/wp-content\/uploads\/2019\/08\/travel-slovenia-farjovca-logo.jpg\" alt=\"\" width=\"800\" height=\"371\" \/><\/p>\n<h3>TRADICIONALNI LETNI DOGODKI<\/h3>\n<ul>\n<li style=\"text-align: justify;\"><strong>\u017dAJBLJEV POHOD<\/strong>, ki se izvaja prvo nedeljo v aprilu, je tradicionalni pohod srednje zahtevnosti, ki v dol\u017eino meri okrog 10 kilometrov in traja pribli\u017eno 4 ure. Pohodnike vodijo po okoli\u0161kih gozdnih poteh, kjer spoznavajo zanimivosti Krasa in Voj\u0161\u010dice. Posebnost pohoda je z \u017eajbljem obdan del terase in \u010dudovit panoramski razgled nad Brestov\u0161ko dolino.<\/li>\n<li style=\"text-align: justify;\"><strong>KRESOVANJE IN POSTAVLJANJE MLAJA<\/strong>, 31. april in 1. maj. Na ta dan se v zgodnjem popoldnevu tradicionalno zberejo vsi va\u0161\u010dani, nakar se odpravijo v bli\u017enji gozd na se\u010dnjo najlep\u0161ega mlaja. Sledita njegova postavitev in kres. Za popestritev celotnega dogajanja ob hrani in pija\u010di poskrbijo va\u0161ki muzikanti.<\/li>\n<li style=\"text-align: justify;\"><strong>BUDNICA PIHALNEGA ORKESTRA<\/strong> se izvaja 1. maja pred va\u0161ko gostilno Pri Mariji. \u017de ve\u010d let zapored na 1. maj v dopoldanskih urah gostijo Pihalni orkester Komen, ki pripravi pravo tradicionalno budnico.<\/li>\n<li style=\"text-align: justify;\"><strong>VA\u0160KI PRAZNIK<\/strong> se tradicionalno praznuje prvo soboto po prazniku Sv. Vida, ki je zavetnik va\u0161ke cerkve. Navadno priredijo razli\u010dne igre (od poznavanja Voj\u0161\u010dice in njene zgodovine do \u0161portnih in zabavnih izzivov), kjer se med seboj pomerijo obiskovalci vseh starosti. Seveda ne manjka hrane in pija\u010de ter prepevanja ob zvokih doma\u010dih harmonik.<\/li>\n<li style=\"text-align: justify;\"><strong>PIKNIK VINA IN KOSTANJA<\/strong> se prireja vsako leto v novembru. Na dogodku zberejo najbolj\u0161e rde\u010de in belo vino, kar tudi nagradijo. Dogodek popestrijo va\u0161ki muzikantje in okusna hrana, ki jo obi\u010dajno pripravijo kar doma\u010dini.<\/li>\n<li style=\"text-align: justify;\"><strong>JESENSKI POHOD NA TRSTELJ<\/strong> se izvaja prvo nedeljo v novembru. Gre za tradicionalni pohod srednje zahtevnosti, ki v dol\u017eino meri 12 kilometrov in traja pribli\u017eno 5 ur. Pohodnike vodijo po gozdnih poteh od Voj\u0161\u010dice do hriba Trstelj in nazaj. Med pohodom obiskovalci spoznavajo lepote kra\u0161ke narave in druge znamenitosti Krasa.<\/li>\n<\/ul>\n<p><img loading=\"lazy\" decoding=\"async\" class=\"aligncenter size-full wp-image-9040\" src=\"https:\/\/www.travel-slovenia.si\/wp-content\/uploads\/2019\/08\/travel-slovenia-farjovca.jpg\" alt=\"\" width=\"800\" height=\"533\" \/><\/p>\n<p style=\"text-align: center;\"><strong>\u0160KT dru\u0161tvo Fajovca<\/strong> &#8211; E-po\u0161ta: farjovca@gmail.com &#8211; FB: <a href=\"https:\/\/www.facebook.com\/SKTDFarjovca\" target=\"_blank\" rel=\"noopener\">facebook.com\/SKTDFarjovca<\/a><\/p>\n<p>&nbsp;<\/p>\n<hr \/>\n<h3><a href=\"https:\/\/travelaroundslovenia.wordpress.com\">PRISPEVKI TRAVEL-SLOVENIA POTOVALNEGA BLOGA<\/a><\/h3>\n<p style=\"text-align: justify;\"><a href=\"https:\/\/travelaroundslovenia.wordpress.com\/vojscicka-festa-n-mivki-2019\/\" target=\"_blank\" rel=\"noopener\"><img loading=\"lazy\" decoding=\"async\" class=\"size-thumbnail wp-image-8730 alignleft\" src=\"https:\/\/www.travel-slovenia.si\/wp-content\/uploads\/2019\/06\/travel-slovneia-vojscica-holiday-2019-post-150x150.jpg\" alt=\"\" width=\"150\" height=\"150\" \/><\/a><a href=\"https:\/\/travelaroundslovenia.wordpress.com\/vojscicka-festa-n-mivki-2019\/\" target=\"_blank\" rel=\"noopener\"><strong><em>Voj\u0161\u010di\u010dka fe\u0161ta n&#8217; mivki 2019<\/em><\/strong><\/a><br \/>\nV soboto, 15. junija, smo se ponovno odpravili v prelepo kra\u0161ko vasico po imenu Voj\u0161\u010dica, ki je tokrat praznovala svoj praznik. Praznik Sv. Vida, po katerem se imenuje va\u0161ka cerkev, obenem pa je Sv. Vid zavetnik vasi. Praznik so \u010dlani Farjovce v letu 2018 poimenovali Voj\u0161\u010di\u010dka fe\u0161ta n\u2019 mivki. [<a href=\"https:\/\/travelaroundslovenia.wordpress.com\/vojscicka-festa-n-mivki-2019\/\" target=\"_blank\" rel=\"noopener\">_Preberite ve\u010d_<\/a>]\n<p style=\"text-align: justify;\"><a href=\"https:\/\/travelaroundslovenia.wordpress.com\/zajbljev-pohod-2019\/\" target=\"_blank\" rel=\"noopener\"><img loading=\"lazy\" decoding=\"async\" class=\"size-thumbnail wp-image-9047 alignleft\" src=\"https:\/\/www.travel-slovenia.si\/wp-content\/uploads\/2019\/08\/travel-slovenia-zajbljev-pohod-post-150x150.jpg\" alt=\"\" width=\"150\" height=\"150\" \/><\/a><a href=\"https:\/\/travelaroundslovenia.wordpress.com\/zajbljev-pohod-2019\/\" target=\"_blank\" rel=\"noopener\"><strong><em>\u017dajbljev pohod 2019<\/em><\/strong><\/a><br \/>\nPot nas je ponovno ponesla v malo kra\u0161ko vasico blizu italijanske meje, Voj\u0161\u010dico. Udele\u017eili organiziranega \u017dajbljevega pohoda 2019, ki je bil \u017ee 13. po vrsti. Prvi pohod je davnega leta 2007 organizirala Lokalna skupnost Voj\u0161\u010dica, ki pa je pred tremi leti organizacijo pohoda predala \u0160KT dru\u0161tvu Farjovca. [<a href=\"https:\/\/travelaroundslovenia.wordpress.com\/zajbljev-pohod-2019\/\" target=\"_blank\" rel=\"noopener\">_Preberite ve\u010d_<\/a>]\n<p style=\"text-align: justify;\"><a href=\"https:\/\/travelaroundslovenia.wordpress.com\/2018\/11\/13\/autumn-hike-on-trstelj-2018\/\" target=\"_blank\" rel=\"noopener\"><img loading=\"lazy\" decoding=\"async\" class=\"size-thumbnail wp-image-8252 alignleft\" src=\"https:\/\/www.travel-slovenia.si\/wp-content\/uploads\/2018\/10\/travel-slovenia-hike-on-trstelj-post-150x150.jpg\" alt=\"\" width=\"150\" height=\"150\" \/><\/a><a href=\"https:\/\/travelaroundslovenia.wordpress.com\/2018\/11\/13\/autumn-hike-on-trstelj-2018\/\" target=\"_blank\" rel=\"noopener\"><strong><em>Jesenski pohod na Trstelj 2018<\/em><\/strong><\/a><br \/>\nTokrat nas je pot popeljala na Kras, v majhno kra\u0161ko vasico blizu italijanske meje, imenovano Voj\u0161\u010dica. Pridru\u017eili smo se organiziranemu Jesenskemu pohodu na Trstelj, najvi\u0161ji vrh slovenskega krasa. Dogodil se je 4. novembra 2018, s pri\u010detkom pred staro \u0161olo in cerkvijo Sv. Vida. [<a href=\"https:\/\/travelaroundslovenia.wordpress.com\/2018\/11\/13\/autumn-hike-on-trstelj-2018\/\" target=\"_blank\" rel=\"noopener\">_Preberite ve\u010d_<\/a>]\n","protected":false},"excerpt":{"rendered":"<p>\u0160portno kulturno turisti\u010dno dru\u0161tvo Farjovca je bilo ustanovljeno leta 2016 v vasi Voj\u0161\u010dica na Krasu in danes \u0161teje okoli 40 \u010dlanov. Skrbijo za kulturo in \u0161port v vasi in bli\u017enji okolici. Obenem pa omogo\u010dajo prepoznavnost in predstavitev zgodovinskih ter naravnih lepot v Voj\u0161\u010dici in njeni neposredni bli\u017eini. Dru\u0161tvo je bilo ustanovljeno zato, da bi se [&hellip;]<\/p>\n","protected":false},"author":111,"featured_media":0,"parent":0,"menu_order":0,"comment_status":"closed","ping_status":"closed","template":"","meta":{"footnotes":""},"class_list":["post-8237","page","type-page","status-publish","hentry"],"yoast_head":"<!-- This site is optimized with the Yoast SEO plugin v25.4 - https:\/\/yoast.com\/wordpress\/plugins\/seo\/ -->\n<title>\u0160portno kulturno turisti\u010dno dru\u0161tvo Farjovca : Travel-Slovenia<\/title>\n<meta name=\"description\" content=\"\u0160portno kulturno turisti\u010dno dru\u0161tvo Farjovca je bilo ustanovljeno leta 2016 v vasi Voj\u0161\u010dica na Krasu in danes \u0161teje okoli 40 \u010dlanov.\" \/>\n<meta name=\"robots\" content=\"index, follow, max-snippet:-1, max-image-preview:large, max-video-preview:-1\" \/>\n<link rel=\"canonical\" href=\"https:\/\/www.travel-slovenia.si\/slo\/sportno-kulturno-turisticno-drustvo-farjovca\/\" \/>\n<meta property=\"og:locale\" content=\"sl_SI\" \/>\n<meta property=\"og:type\" content=\"article\" \/>\n<meta property=\"og:title\" content=\"\u0160portno kulturno turisti\u010dno dru\u0161tvo Farjovca : Travel-Slovenia\" \/>\n<meta property=\"og:description\" content=\"\u0160portno kulturno turisti\u010dno dru\u0161tvo Farjovca je bilo ustanovljeno leta 2016 v vasi Voj\u0161\u010dica na Krasu in danes \u0161teje okoli 40 \u010dlanov.\" \/>\n<meta property=\"og:url\" content=\"https:\/\/www.travel-slovenia.si\/slo\/sportno-kulturno-turisticno-drustvo-farjovca\/\" \/>\n<meta property=\"og:site_name\" content=\"Travel Slovenia - Sledite lepotam na\u0161e male dr\u017eavice\" \/>\n<meta property=\"article:modified_time\" content=\"2019-08-24T23:13:33+00:00\" \/>\n<meta property=\"og:image\" content=\"https:\/\/www.travel-slovenia.si\/slo\/wp-content\/uploads\/2019\/08\/travel-slovenia-farjovca.jpg\" \/>\n\t<meta property=\"og:image:width\" content=\"600\" \/>\n\t<meta property=\"og:image:height\" content=\"450\" \/>\n\t<meta property=\"og:image:type\" content=\"image\/jpeg\" \/>\n<meta name=\"twitter:card\" content=\"summary_large_image\" \/>\n<meta name=\"twitter:title\" content=\"\u0160portno kulturno turisti\u010dno dru\u0161tvo Farjovca : Travel-Slovenia\" \/>\n<meta name=\"twitter:description\" content=\"\u0160portno kulturno turisti\u010dno dru\u0161tvo Farjovca je bilo ustanovljeno leta 2016 v vasi Voj\u0161\u010dica na Krasu in danes \u0161teje okoli 40 \u010dlanov.\" \/>\n<meta name=\"twitter:image\" content=\"https:\/\/www.travel-slovenia.si\/slo\/wp-content\/uploads\/2019\/08\/travel-slovenia-farjovca.jpg\" \/>\n<meta name=\"twitter:label1\" content=\"Est. reading time\" \/>\n\t<meta name=\"twitter:data1\" content=\"4 minute\" \/>\n<script type=\"application\/ld+json\" class=\"yoast-schema-graph\">{\"@context\":\"https:\/\/schema.org\",\"@graph\":[{\"@type\":\"WebPage\",\"@id\":\"https:\/\/www.travel-slovenia.si\/slo\/sportno-kulturno-turisticno-drustvo-farjovca\/\",\"url\":\"https:\/\/www.travel-slovenia.si\/slo\/sportno-kulturno-turisticno-drustvo-farjovca\/\",\"name\":\"\u0160portno kulturno turisti\u010dno dru\u0161tvo Farjovca : Travel-Slovenia\",\"isPartOf\":{\"@id\":\"https:\/\/www.travel-slovenia.si\/slo\/#website\"},\"primaryImageOfPage\":{\"@id\":\"https:\/\/www.travel-slovenia.si\/slo\/sportno-kulturno-turisticno-drustvo-farjovca\/#primaryimage\"},\"image\":{\"@id\":\"https:\/\/www.travel-slovenia.si\/slo\/sportno-kulturno-turisticno-drustvo-farjovca\/#primaryimage\"},\"thumbnailUrl\":\"https:\/\/www.travel-slovenia.si\/wp-content\/uploads\/2019\/08\/travel-slovenia-farjovca-plant.jpg\",\"datePublished\":\"2019-08-24T23:04:18+00:00\",\"dateModified\":\"2019-08-24T23:13:33+00:00\",\"description\":\"\u0160portno kulturno turisti\u010dno dru\u0161tvo Farjovca je bilo ustanovljeno leta 2016 v vasi Voj\u0161\u010dica na Krasu in danes \u0161teje okoli 40 \u010dlanov.\",\"breadcrumb\":{\"@id\":\"https:\/\/www.travel-slovenia.si\/slo\/sportno-kulturno-turisticno-drustvo-farjovca\/#breadcrumb\"},\"inLanguage\":\"sl-SI\",\"potentialAction\":[{\"@type\":\"ReadAction\",\"target\":[\"https:\/\/www.travel-slovenia.si\/slo\/sportno-kulturno-turisticno-drustvo-farjovca\/\"]}]},{\"@type\":\"ImageObject\",\"inLanguage\":\"sl-SI\",\"@id\":\"https:\/\/www.travel-slovenia.si\/slo\/sportno-kulturno-turisticno-drustvo-farjovca\/#primaryimage\",\"url\":\"https:\/\/www.travel-slovenia.si\/wp-content\/uploads\/2019\/08\/travel-slovenia-farjovca-plant.jpg\",\"contentUrl\":\"https:\/\/www.travel-slovenia.si\/wp-content\/uploads\/2019\/08\/travel-slovenia-farjovca-plant.jpg\"},{\"@type\":\"BreadcrumbList\",\"@id\":\"https:\/\/www.travel-slovenia.si\/slo\/sportno-kulturno-turisticno-drustvo-farjovca\/#breadcrumb\",\"itemListElement\":[{\"@type\":\"ListItem\",\"position\":1,\"name\":\"Home\",\"item\":\"https:\/\/www.travel-slovenia.si\/slo\/\"},{\"@type\":\"ListItem\",\"position\":2,\"name\":\"\u0160portno kulturno turisti\u010dno dru\u0161tvo Farjovca\"}]},{\"@type\":\"WebSite\",\"@id\":\"https:\/\/www.travel-slovenia.si\/slo\/#website\",\"url\":\"https:\/\/www.travel-slovenia.si\/slo\/\",\"name\":\"Travel Slovenia - Sledite lepotam na\u0161e male dr\u017eavice\",\"description\":\"\",\"potentialAction\":[{\"@type\":\"SearchAction\",\"target\":{\"@type\":\"EntryPoint\",\"urlTemplate\":\"https:\/\/www.travel-slovenia.si\/slo\/?s={search_term_string}\"},\"query-input\":{\"@type\":\"PropertyValueSpecification\",\"valueRequired\":true,\"valueName\":\"search_term_string\"}}],\"inLanguage\":\"sl-SI\"}]}<\/script>\n<!-- \/ Yoast SEO plugin. -->","yoast_head_json":{"title":"\u0160portno kulturno turisti\u010dno dru\u0161tvo Farjovca : Travel-Slovenia","description":"\u0160portno kulturno turisti\u010dno dru\u0161tvo Farjovca je bilo ustanovljeno leta 2016 v vasi Voj\u0161\u010dica na Krasu in danes \u0161teje okoli 40 \u010dlanov.","robots":{"index":"index","follow":"follow","max-snippet":"max-snippet:-1","max-image-preview":"max-image-preview:large","max-video-preview":"max-video-preview:-1"},"canonical":"https:\/\/www.travel-slovenia.si\/slo\/sportno-kulturno-turisticno-drustvo-farjovca\/","og_locale":"sl_SI","og_type":"article","og_title":"\u0160portno kulturno turisti\u010dno dru\u0161tvo Farjovca : Travel-Slovenia","og_description":"\u0160portno kulturno turisti\u010dno dru\u0161tvo Farjovca je bilo ustanovljeno leta 2016 v vasi Voj\u0161\u010dica na Krasu in danes \u0161teje okoli 40 \u010dlanov.","og_url":"https:\/\/www.travel-slovenia.si\/slo\/sportno-kulturno-turisticno-drustvo-farjovca\/","og_site_name":"Travel Slovenia - Sledite lepotam na\u0161e male dr\u017eavice","article_modified_time":"2019-08-24T23:13:33+00:00","og_image":[{"width":600,"height":450,"url":"https:\/\/www.travel-slovenia.si\/slo\/wp-content\/uploads\/2019\/08\/travel-slovenia-farjovca.jpg","type":"image\/jpeg"}],"twitter_card":"summary_large_image","twitter_title":"\u0160portno kulturno turisti\u010dno dru\u0161tvo Farjovca : Travel-Slovenia","twitter_description":"\u0160portno kulturno turisti\u010dno dru\u0161tvo Farjovca je bilo ustanovljeno leta 2016 v vasi Voj\u0161\u010dica na Krasu in danes \u0161teje okoli 40 \u010dlanov.","twitter_image":"https:\/\/www.travel-slovenia.si\/slo\/wp-content\/uploads\/2019\/08\/travel-slovenia-farjovca.jpg","twitter_misc":{"Est. reading time":"4 minute"},"schema":{"@context":"https:\/\/schema.org","@graph":[{"@type":"WebPage","@id":"https:\/\/www.travel-slovenia.si\/slo\/sportno-kulturno-turisticno-drustvo-farjovca\/","url":"https:\/\/www.travel-slovenia.si\/slo\/sportno-kulturno-turisticno-drustvo-farjovca\/","name":"\u0160portno kulturno turisti\u010dno dru\u0161tvo Farjovca : Travel-Slovenia","isPartOf":{"@id":"https:\/\/www.travel-slovenia.si\/slo\/#website"},"primaryImageOfPage":{"@id":"https:\/\/www.travel-slovenia.si\/slo\/sportno-kulturno-turisticno-drustvo-farjovca\/#primaryimage"},"image":{"@id":"https:\/\/www.travel-slovenia.si\/slo\/sportno-kulturno-turisticno-drustvo-farjovca\/#primaryimage"},"thumbnailUrl":"https:\/\/www.travel-slovenia.si\/wp-content\/uploads\/2019\/08\/travel-slovenia-farjovca-plant.jpg","datePublished":"2019-08-24T23:04:18+00:00","dateModified":"2019-08-24T23:13:33+00:00","description":"\u0160portno kulturno turisti\u010dno dru\u0161tvo Farjovca je bilo ustanovljeno leta 2016 v vasi Voj\u0161\u010dica na Krasu in danes \u0161teje okoli 40 \u010dlanov.","breadcrumb":{"@id":"https:\/\/www.travel-slovenia.si\/slo\/sportno-kulturno-turisticno-drustvo-farjovca\/#breadcrumb"},"inLanguage":"sl-SI","potentialAction":[{"@type":"ReadAction","target":["https:\/\/www.travel-slovenia.si\/slo\/sportno-kulturno-turisticno-drustvo-farjovca\/"]}]},{"@type":"ImageObject","inLanguage":"sl-SI","@id":"https:\/\/www.travel-slovenia.si\/slo\/sportno-kulturno-turisticno-drustvo-farjovca\/#primaryimage","url":"https:\/\/www.travel-slovenia.si\/wp-content\/uploads\/2019\/08\/travel-slovenia-farjovca-plant.jpg","contentUrl":"https:\/\/www.travel-slovenia.si\/wp-content\/uploads\/2019\/08\/travel-slovenia-farjovca-plant.jpg"},{"@type":"BreadcrumbList","@id":"https:\/\/www.travel-slovenia.si\/slo\/sportno-kulturno-turisticno-drustvo-farjovca\/#breadcrumb","itemListElement":[{"@type":"ListItem","position":1,"name":"Home","item":"https:\/\/www.travel-slovenia.si\/slo\/"},{"@type":"ListItem","position":2,"name":"\u0160portno kulturno turisti\u010dno dru\u0161tvo Farjovca"}]},{"@type":"WebSite","@id":"https:\/\/www.travel-slovenia.si\/slo\/#website","url":"https:\/\/www.travel-slovenia.si\/slo\/","name":"Travel Slovenia - Sledite lepotam na\u0161e male dr\u017eavice","description":"","potentialAction":[{"@type":"SearchAction","target":{"@type":"EntryPoint","urlTemplate":"https:\/\/www.travel-slovenia.si\/slo\/?s={search_term_string}"},"query-input":{"@type":"PropertyValueSpecification","valueRequired":true,"valueName":"search_term_string"}}],"inLanguage":"sl-SI"}]}},"post_mailing_queue_ids":[],"_links":{"self":[{"href":"https:\/\/www.travel-slovenia.si\/slo\/wp-json\/wp\/v2\/pages\/8237","targetHints":{"allow":["GET"]}}],"collection":[{"href":"https:\/\/www.travel-slovenia.si\/slo\/wp-json\/wp\/v2\/pages"}],"about":[{"href":"https:\/\/www.travel-slovenia.si\/slo\/wp-json\/wp\/v2\/types\/page"}],"author":[{"embeddable":true,"href":"https:\/\/www.travel-slovenia.si\/slo\/wp-json\/wp\/v2\/users\/111"}],"replies":[{"embeddable":true,"href":"https:\/\/www.travel-slovenia.si\/slo\/wp-json\/wp\/v2\/comments?post=8237"}],"version-history":[{"count":7,"href":"https:\/\/www.travel-slovenia.si\/slo\/wp-json\/wp\/v2\/pages\/8237\/revisions"}],"predecessor-version":[{"id":8245,"href":"https:\/\/www.travel-slovenia.si\/slo\/wp-json\/wp\/v2\/pages\/8237\/revisions\/8245"}],"wp:attachment":[{"href":"https:\/\/www.travel-slovenia.si\/slo\/wp-json\/wp\/v2\/media?parent=8237"}],"curies":[{"name":"wp","href":"https:\/\/api.w.org\/{rel}","templated":true}]}}