{"id":8169,"date":"2019-08-22T14:29:06","date_gmt":"2019-08-22T12:29:06","guid":{"rendered":"https:\/\/www.travel-slovenia.si\/slo\/?page_id=8169"},"modified":"2020-05-17T23:42:23","modified_gmt":"2020-05-17T21:42:23","slug":"muzeji","status":"publish","type":"page","link":"https:\/\/www.travel-slovenia.si\/slo\/muzeji\/","title":{"rendered":"Muzeji"},"content":{"rendered":"<p style=\"text-align: justify;\"><a href=\"https:\/\/www.travel-slovenia.si\/slo\/notranji-muzeji\/\"><img loading=\"lazy\" decoding=\"async\" class=\"alignleft size-full wp-image-8922\" src=\"https:\/\/www.travel-slovenia.si\/wp-content\/uploads\/2019\/08\/travel-slovenia-museums.jpg\" alt=\"\" width=\"150\" height=\"150\" \/><\/a><a href=\"https:\/\/www.travel-slovenia.si\/slo\/notranji-muzeji\/\"><strong><em>Muzeji<\/em><\/strong><\/a><br \/>\nMuzej je kulturna ustanova, katere glavna naloga je dokumentiranje, vrednotenje, interpretiranje, raziskovanje, ohranjanje in predstavljanje javnosti predmetov premi\u010dne kulturne dedi\u0161\u010dine. Namen sodobnega muzeja je razstavljanje predmetov ter jih \u010dim bolj pribli\u017eati obiskovalcem. [<a href=\"https:\/\/www.travel-slovenia.si\/slo\/notranji-muzeji\/\">_Preberite ve\u010d_<\/a>]\n<p><span style=\"display: inline !important; float: none; background-color: #ffffff; color: #333333; cursor: text; font-family: Georgia,'Times New Roman','Bitstream Charter',Times,serif; font-size: 16px; font-style: normal; font-variant: normal; font-weight: 400; letter-spacing: normal; orphans: 2; text-align: left; text-decoration: none; text-indent: 0px; text-transform: none; -webkit-text-stroke-width: 0px; white-space: normal; word-spacing: 0px;\"><a href=\"https:\/\/www.travel-slovenia.si\/slo\/rojstne-hise\/\"><em><strong>Rojstne hi\u0161e<\/strong><\/em><\/a> [<\/span><a href=\"https:\/\/www.travel-slovenia.si\/slo\/rojstne-hise\/\">_Preberite ve\u010d_<\/a><span style=\"display: inline !important; float: none; background-color: #ffffff; color: #333333; cursor: text; font-family: Georgia,'Times New Roman','Bitstream Charter',Times,serif; font-size: 16px; font-style: normal; font-variant: normal; font-weight: 400; letter-spacing: normal; orphans: 2; text-align: left; text-decoration: none; text-indent: 0px; text-transform: none; -webkit-text-stroke-width: 0px; white-space: normal; word-spacing: 0px;\">]<\/span><\/p>\n","protected":false},"excerpt":{"rendered":"<p>Muzeji Muzej je kulturna ustanova, katere glavna naloga je dokumentiranje, vrednotenje, interpretiranje, raziskovanje, ohranjanje in predstavljanje javnosti predmetov premi\u010dne kulturne dedi\u0161\u010dine. Namen sodobnega muzeja je razstavljanje predmetov ter jih \u010dim bolj pribli\u017eati obiskovalcem. [_Preberite ve\u010d_] Rojstne hi\u0161e [_Preberite ve\u010d_]<\/p>\n","protected":false},"author":111,"featured_media":0,"parent":0,"menu_order":0,"comment_status":"closed","ping_status":"closed","template":"","meta":{"footnotes":""},"class_list":["post-8169","page","type-page","status-publish","hentry"],"yoast_head":"<!-- This site is optimized with the Yoast SEO plugin v25.4 - https:\/\/yoast.com\/wordpress\/plugins\/seo\/ -->\n<title>Muzeji : Travel-Slovenia<\/title>\n<meta name=\"description\" content=\"Muzej je ustanova, katere glavna naloga je dokumentiranje, vrednotenje, interpretiranje, raziskovanje, ohranjanje in predstavljanje javnosti predmetov.\" \/>\n<meta name=\"robots\" content=\"index, follow, max-snippet:-1, max-image-preview:large, max-video-preview:-1\" \/>\n<link rel=\"canonical\" href=\"https:\/\/www.travel-slovenia.si\/slo\/muzeji\/\" \/>\n<meta property=\"og:locale\" content=\"sl_SI\" \/>\n<meta property=\"og:type\" content=\"article\" \/>\n<meta property=\"og:title\" content=\"Muzeji : Travel-Slovenia\" \/>\n<meta property=\"og:description\" content=\"Muzej je ustanova, katere glavna naloga je dokumentiranje, vrednotenje, interpretiranje, raziskovanje, ohranjanje in predstavljanje javnosti predmetov.\" \/>\n<meta property=\"og:url\" content=\"https:\/\/www.travel-slovenia.si\/slo\/muzeji\/\" \/>\n<meta property=\"og:site_name\" content=\"Travel Slovenia - Sledite lepotam na\u0161e male dr\u017eavice\" \/>\n<meta property=\"article:modified_time\" content=\"2020-05-17T21:42:23+00:00\" \/>\n<meta property=\"og:image\" content=\"https:\/\/www.travel-slovenia.si\/slo\/wp-content\/uploads\/2019\/08\/travel-slovenia-post-and-communication-museum-02.jpg\" \/>\n\t<meta property=\"og:image:width\" content=\"600\" \/>\n\t<meta property=\"og:image:height\" content=\"400\" \/>\n\t<meta property=\"og:image:type\" content=\"image\/jpeg\" \/>\n<meta name=\"twitter:card\" content=\"summary_large_image\" \/>\n<meta name=\"twitter:title\" content=\"Muzeji : Travel-Slovenia\" \/>\n<meta name=\"twitter:description\" content=\"Muzej je ustanova, katere glavna naloga je dokumentiranje, vrednotenje, interpretiranje, raziskovanje, ohranjanje in predstavljanje javnosti predmetov.\" \/>\n<meta name=\"twitter:image\" content=\"https:\/\/www.travel-slovenia.si\/slo\/wp-content\/uploads\/2019\/08\/travel-slovenia-post-and-communication-museum-02.jpg\" \/>\n<script type=\"application\/ld+json\" class=\"yoast-schema-graph\">{\"@context\":\"https:\/\/schema.org\",\"@graph\":[{\"@type\":\"WebPage\",\"@id\":\"https:\/\/www.travel-slovenia.si\/slo\/muzeji\/\",\"url\":\"https:\/\/www.travel-slovenia.si\/slo\/muzeji\/\",\"name\":\"Muzeji : Travel-Slovenia\",\"isPartOf\":{\"@id\":\"https:\/\/www.travel-slovenia.si\/slo\/#website\"},\"primaryImageOfPage\":{\"@id\":\"https:\/\/www.travel-slovenia.si\/slo\/muzeji\/#primaryimage\"},\"image\":{\"@id\":\"https:\/\/www.travel-slovenia.si\/slo\/muzeji\/#primaryimage\"},\"thumbnailUrl\":\"https:\/\/www.travel-slovenia.si\/wp-content\/uploads\/2019\/08\/travel-slovenia-museums.jpg\",\"datePublished\":\"2019-08-22T12:29:06+00:00\",\"dateModified\":\"2020-05-17T21:42:23+00:00\",\"description\":\"Muzej je ustanova, katere glavna naloga je dokumentiranje, vrednotenje, interpretiranje, raziskovanje, ohranjanje in predstavljanje javnosti predmetov.\",\"breadcrumb\":{\"@id\":\"https:\/\/www.travel-slovenia.si\/slo\/muzeji\/#breadcrumb\"},\"inLanguage\":\"sl-SI\",\"potentialAction\":[{\"@type\":\"ReadAction\",\"target\":[\"https:\/\/www.travel-slovenia.si\/slo\/muzeji\/\"]}]},{\"@type\":\"ImageObject\",\"inLanguage\":\"sl-SI\",\"@id\":\"https:\/\/www.travel-slovenia.si\/slo\/muzeji\/#primaryimage\",\"url\":\"https:\/\/www.travel-slovenia.si\/wp-content\/uploads\/2019\/08\/travel-slovenia-museums.jpg\",\"contentUrl\":\"https:\/\/www.travel-slovenia.si\/wp-content\/uploads\/2019\/08\/travel-slovenia-museums.jpg\"},{\"@type\":\"BreadcrumbList\",\"@id\":\"https:\/\/www.travel-slovenia.si\/slo\/muzeji\/#breadcrumb\",\"itemListElement\":[{\"@type\":\"ListItem\",\"position\":1,\"name\":\"Home\",\"item\":\"https:\/\/www.travel-slovenia.si\/slo\/\"},{\"@type\":\"ListItem\",\"position\":2,\"name\":\"Muzeji\"}]},{\"@type\":\"WebSite\",\"@id\":\"https:\/\/www.travel-slovenia.si\/slo\/#website\",\"url\":\"https:\/\/www.travel-slovenia.si\/slo\/\",\"name\":\"Travel Slovenia - Sledite lepotam na\u0161e male dr\u017eavice\",\"description\":\"\",\"potentialAction\":[{\"@type\":\"SearchAction\",\"target\":{\"@type\":\"EntryPoint\",\"urlTemplate\":\"https:\/\/www.travel-slovenia.si\/slo\/?s={search_term_string}\"},\"query-input\":{\"@type\":\"PropertyValueSpecification\",\"valueRequired\":true,\"valueName\":\"search_term_string\"}}],\"inLanguage\":\"sl-SI\"}]}<\/script>\n<!-- \/ Yoast SEO plugin. -->","yoast_head_json":{"title":"Muzeji : Travel-Slovenia","description":"Muzej je ustanova, katere glavna naloga je dokumentiranje, vrednotenje, interpretiranje, raziskovanje, ohranjanje in predstavljanje javnosti predmetov.","robots":{"index":"index","follow":"follow","max-snippet":"max-snippet:-1","max-image-preview":"max-image-preview:large","max-video-preview":"max-video-preview:-1"},"canonical":"https:\/\/www.travel-slovenia.si\/slo\/muzeji\/","og_locale":"sl_SI","og_type":"article","og_title":"Muzeji : Travel-Slovenia","og_description":"Muzej je ustanova, katere glavna naloga je dokumentiranje, vrednotenje, interpretiranje, raziskovanje, ohranjanje in predstavljanje javnosti predmetov.","og_url":"https:\/\/www.travel-slovenia.si\/slo\/muzeji\/","og_site_name":"Travel Slovenia - Sledite lepotam na\u0161e male dr\u017eavice","article_modified_time":"2020-05-17T21:42:23+00:00","og_image":[{"width":600,"height":400,"url":"https:\/\/www.travel-slovenia.si\/slo\/wp-content\/uploads\/2019\/08\/travel-slovenia-post-and-communication-museum-02.jpg","type":"image\/jpeg"}],"twitter_card":"summary_large_image","twitter_title":"Muzeji : Travel-Slovenia","twitter_description":"Muzej je ustanova, katere glavna naloga je dokumentiranje, vrednotenje, interpretiranje, raziskovanje, ohranjanje in predstavljanje javnosti predmetov.","twitter_image":"https:\/\/www.travel-slovenia.si\/slo\/wp-content\/uploads\/2019\/08\/travel-slovenia-post-and-communication-museum-02.jpg","schema":{"@context":"https:\/\/schema.org","@graph":[{"@type":"WebPage","@id":"https:\/\/www.travel-slovenia.si\/slo\/muzeji\/","url":"https:\/\/www.travel-slovenia.si\/slo\/muzeji\/","name":"Muzeji : Travel-Slovenia","isPartOf":{"@id":"https:\/\/www.travel-slovenia.si\/slo\/#website"},"primaryImageOfPage":{"@id":"https:\/\/www.travel-slovenia.si\/slo\/muzeji\/#primaryimage"},"image":{"@id":"https:\/\/www.travel-slovenia.si\/slo\/muzeji\/#primaryimage"},"thumbnailUrl":"https:\/\/www.travel-slovenia.si\/wp-content\/uploads\/2019\/08\/travel-slovenia-museums.jpg","datePublished":"2019-08-22T12:29:06+00:00","dateModified":"2020-05-17T21:42:23+00:00","description":"Muzej je ustanova, katere glavna naloga je dokumentiranje, vrednotenje, interpretiranje, raziskovanje, ohranjanje in predstavljanje javnosti predmetov.","breadcrumb":{"@id":"https:\/\/www.travel-slovenia.si\/slo\/muzeji\/#breadcrumb"},"inLanguage":"sl-SI","potentialAction":[{"@type":"ReadAction","target":["https:\/\/www.travel-slovenia.si\/slo\/muzeji\/"]}]},{"@type":"ImageObject","inLanguage":"sl-SI","@id":"https:\/\/www.travel-slovenia.si\/slo\/muzeji\/#primaryimage","url":"https:\/\/www.travel-slovenia.si\/wp-content\/uploads\/2019\/08\/travel-slovenia-museums.jpg","contentUrl":"https:\/\/www.travel-slovenia.si\/wp-content\/uploads\/2019\/08\/travel-slovenia-museums.jpg"},{"@type":"BreadcrumbList","@id":"https:\/\/www.travel-slovenia.si\/slo\/muzeji\/#breadcrumb","itemListElement":[{"@type":"ListItem","position":1,"name":"Home","item":"https:\/\/www.travel-slovenia.si\/slo\/"},{"@type":"ListItem","position":2,"name":"Muzeji"}]},{"@type":"WebSite","@id":"https:\/\/www.travel-slovenia.si\/slo\/#website","url":"https:\/\/www.travel-slovenia.si\/slo\/","name":"Travel Slovenia - Sledite lepotam na\u0161e male dr\u017eavice","description":"","potentialAction":[{"@type":"SearchAction","target":{"@type":"EntryPoint","urlTemplate":"https:\/\/www.travel-slovenia.si\/slo\/?s={search_term_string}"},"query-input":{"@type":"PropertyValueSpecification","valueRequired":true,"valueName":"search_term_string"}}],"inLanguage":"sl-SI"}]}},"post_mailing_queue_ids":[],"_links":{"self":[{"href":"https:\/\/www.travel-slovenia.si\/slo\/wp-json\/wp\/v2\/pages\/8169","targetHints":{"allow":["GET"]}}],"collection":[{"href":"https:\/\/www.travel-slovenia.si\/slo\/wp-json\/wp\/v2\/pages"}],"about":[{"href":"https:\/\/www.travel-slovenia.si\/slo\/wp-json\/wp\/v2\/types\/page"}],"author":[{"embeddable":true,"href":"https:\/\/www.travel-slovenia.si\/slo\/wp-json\/wp\/v2\/users\/111"}],"replies":[{"embeddable":true,"href":"https:\/\/www.travel-slovenia.si\/slo\/wp-json\/wp\/v2\/comments?post=8169"}],"version-history":[{"count":6,"href":"https:\/\/www.travel-slovenia.si\/slo\/wp-json\/wp\/v2\/pages\/8169\/revisions"}],"predecessor-version":[{"id":8904,"href":"https:\/\/www.travel-slovenia.si\/slo\/wp-json\/wp\/v2\/pages\/8169\/revisions\/8904"}],"wp:attachment":[{"href":"https:\/\/www.travel-slovenia.si\/slo\/wp-json\/wp\/v2\/media?parent=8169"}],"curies":[{"name":"wp","href":"https:\/\/api.w.org\/{rel}","templated":true}]}}