{"id":7988,"date":"2019-05-24T10:49:23","date_gmt":"2019-05-24T08:49:23","guid":{"rendered":"https:\/\/www.travel-slovenia.si\/slo\/?page_id=7988"},"modified":"2019-05-24T10:49:51","modified_gmt":"2019-05-24T08:49:51","slug":"borut-lesjak","status":"publish","type":"page","link":"https:\/\/www.travel-slovenia.si\/slo\/borut-lesjak\/","title":{"rendered":"Borut Lesjak"},"content":{"rendered":"<figure id=\"attachment_7989\" class=\"wp-caption alignleft\" style=\"max-width: 300px\"><img loading=\"lazy\" decoding=\"async\" class=\"size-full wp-image-7989\" src=\"https:\/\/www.travel-slovenia.si\/slo\/wp-content\/uploads\/2019\/05\/travel-slovenia-borut-lesjak.jpg\" alt=\"\" width=\"300\" height=\"401\" srcset=\"https:\/\/www.travel-slovenia.si\/slo\/wp-content\/uploads\/2019\/05\/travel-slovenia-borut-lesjak.jpg 300w, https:\/\/www.travel-slovenia.si\/slo\/wp-content\/uploads\/2019\/05\/travel-slovenia-borut-lesjak-224x300.jpg 224w, https:\/\/www.travel-slovenia.si\/slo\/wp-content\/uploads\/2019\/05\/travel-slovenia-borut-lesjak-18x24.jpg 18w, https:\/\/www.travel-slovenia.si\/slo\/wp-content\/uploads\/2019\/05\/travel-slovenia-borut-lesjak-27x36.jpg 27w, https:\/\/www.travel-slovenia.si\/slo\/wp-content\/uploads\/2019\/05\/travel-slovenia-borut-lesjak-36x48.jpg 36w\" sizes=\"auto, (max-width: 300px) 100vw, 300px\" \/><figcaption class=\"wp-caption-text\">Borut Lesjak<\/figcaption><\/figure>\n<p style=\"text-align: justify;\">Borut Lesjak je bil slovenski skladatelj in aran\u017eer, ki se je rodil 25. maja 1931 v Ljubljani, umrl je 25. avgusta 1995 v Ljubljani. \u0160tudij klavirja je na Akademiji za glasbo v Ljubljani zaklju\u010dil leta 1954. Ve\u010dino \u017eivljenja je deloval kot samostojni kulturni delavec. Obvladal je razli\u010dne glasbene stile. Skladal je glasbo za radio, film, gledali\u0161\u010de, televizijo, kot tudi za jazzovske ansamble in simfoni\u010dne zasedbe. S skladbo Ne \u010dakaj na maj se je zapisal v zgodovino slovenske popevke. Svoje mesto v glasbeni zgodovini si je prislu\u017eil z vsestransko ustvarjalnostjo, ki je izhajala iz njegove ljubezni do glasbe.<\/p>\n<p style=\"text-align: justify;\">Srednjo \u0161olo je kon\u010dal kot in\u0161trumentalist &#8211; klarinetist, a to sam ozna\u010duje kot njegova mladostna zabloda. Pri plesnem orkestru je igral saksofon, a se je kasneje vrnil nazaj k svojemu in\u0161trumentu &#8211; klavirju. V \u010dasu nemega filma je na klavirju spremljal filme, kar mu je bilo v veliko zadovoljstvo. V tem \u010dasu so ljudje govorili, gremo poslu\u0161ati Lesjaka, in morda \u0161e kdo, gremo gledat film.<\/p>\n<p>&nbsp;<\/p>\n<table>\n<tbody>\n<tr>\n<td style=\"text-align: center;\"><a href=\"https:\/\/www.travel-slovenia.si\/slo\/zgodovinske-osebnosti\/\"><img loading=\"lazy\" decoding=\"async\" class=\"alignleft wp-image-4499 size-full\" src=\"https:\/\/www.travel-slovenia.si\/slo\/wp-content\/uploads\/2014\/09\/travel-slovenia-povezava-na-drugo.jpg\" alt=\"travel-slovenia-povezava-na-drugo\" width=\"128\" height=\"22\" srcset=\"https:\/\/www.travel-slovenia.si\/slo\/wp-content\/uploads\/2014\/09\/travel-slovenia-povezava-na-drugo.jpg 128w, https:\/\/www.travel-slovenia.si\/slo\/wp-content\/uploads\/2014\/09\/travel-slovenia-povezava-na-drugo-24x4.jpg 24w, https:\/\/www.travel-slovenia.si\/slo\/wp-content\/uploads\/2014\/09\/travel-slovenia-povezava-na-drugo-36x6.jpg 36w, https:\/\/www.travel-slovenia.si\/slo\/wp-content\/uploads\/2014\/09\/travel-slovenia-povezava-na-drugo-48x8.jpg 48w\" sizes=\"auto, (max-width: 128px) 100vw, 128px\" \/><\/a><a href=\"https:\/\/www.travel-slovenia.si\/slo\/zgodovinske-osebnosti\/\">Poglejte \u0161e druge zgodovinske osebnosti!<\/a><a href=\"https:\/\/www.travel-slovenia.si\/slo\/zgodovinske-osebnosti\/\"><img loading=\"lazy\" decoding=\"async\" class=\"alignright wp-image-4500 size-full\" src=\"https:\/\/www.travel-slovenia.si\/slo\/wp-content\/uploads\/2014\/09\/travel-slovenia-povezava-na-drugo2.jpg\" alt=\"travel-slovenia-povezava-na-drugo2\" width=\"128\" height=\"22\" srcset=\"https:\/\/www.travel-slovenia.si\/slo\/wp-content\/uploads\/2014\/09\/travel-slovenia-povezava-na-drugo2.jpg 128w, https:\/\/www.travel-slovenia.si\/slo\/wp-content\/uploads\/2014\/09\/travel-slovenia-povezava-na-drugo2-24x4.jpg 24w, https:\/\/www.travel-slovenia.si\/slo\/wp-content\/uploads\/2014\/09\/travel-slovenia-povezava-na-drugo2-36x6.jpg 36w, https:\/\/www.travel-slovenia.si\/slo\/wp-content\/uploads\/2014\/09\/travel-slovenia-povezava-na-drugo2-48x8.jpg 48w\" sizes=\"auto, (max-width: 128px) 100vw, 128px\" \/><\/a><\/td>\n<\/tr>\n<\/tbody>\n<\/table>\n","protected":false},"excerpt":{"rendered":"<p>Borut Lesjak je bil slovenski skladatelj in aran\u017eer, ki se je rodil 25. maja 1931 v Ljubljani, umrl je 25. avgusta 1995 v Ljubljani. \u0160tudij klavirja je na Akademiji za glasbo v Ljubljani zaklju\u010dil leta 1954. Ve\u010dino \u017eivljenja je deloval kot samostojni kulturni delavec. Obvladal je razli\u010dne glasbene stile. Skladal je glasbo za radio, film, [&hellip;]<\/p>\n","protected":false},"author":111,"featured_media":0,"parent":0,"menu_order":0,"comment_status":"closed","ping_status":"closed","template":"","meta":{"footnotes":""},"class_list":["post-7988","page","type-page","status-publish","hentry"],"yoast_head":"<!-- This site is optimized with the Yoast SEO plugin v25.4 - https:\/\/yoast.com\/wordpress\/plugins\/seo\/ -->\n<title>Borut Lesjak : Travel-Slovenia<\/title>\n<meta name=\"description\" content=\"Borut Lesjak je bil slovenski skladatelj in aran\u017eer, ki se je rodil 25. maja 1931 v Ljubljani, umrl je 25. avgusta 1995 v Ljubljani.\" \/>\n<meta name=\"robots\" content=\"index, follow, max-snippet:-1, max-image-preview:large, max-video-preview:-1\" \/>\n<link rel=\"canonical\" href=\"https:\/\/www.travel-slovenia.si\/slo\/borut-lesjak\/\" \/>\n<meta property=\"og:locale\" content=\"sl_SI\" \/>\n<meta property=\"og:type\" content=\"article\" \/>\n<meta property=\"og:title\" content=\"Borut Lesjak : Travel-Slovenia\" \/>\n<meta property=\"og:description\" content=\"Borut Lesjak je bil slovenski skladatelj in aran\u017eer, ki se je rodil 25. maja 1931 v Ljubljani, umrl je 25. avgusta 1995 v Ljubljani.\" \/>\n<meta property=\"og:url\" content=\"https:\/\/www.travel-slovenia.si\/slo\/borut-lesjak\/\" \/>\n<meta property=\"og:site_name\" content=\"Travel Slovenia - Sledite lepotam na\u0161e male dr\u017eavice\" \/>\n<meta property=\"article:modified_time\" content=\"2019-05-24T08:49:51+00:00\" \/>\n<meta property=\"og:image\" content=\"https:\/\/www.travel-slovenia.si\/slo\/wp-content\/uploads\/2019\/05\/travel-slovenia-borut-lesjak.jpg\" \/>\n\t<meta property=\"og:image:width\" content=\"300\" \/>\n\t<meta property=\"og:image:height\" content=\"401\" \/>\n\t<meta property=\"og:image:type\" content=\"image\/jpeg\" \/>\n<meta name=\"twitter:card\" content=\"summary_large_image\" \/>\n<meta name=\"twitter:title\" content=\"Borut Lesjak : Travel-Slovenia\" \/>\n<meta name=\"twitter:description\" content=\"Borut Lesjak je bil slovenski skladatelj in aran\u017eer, ki se je rodil 25. maja 1931 v Ljubljani, umrl je 25. avgusta 1995 v Ljubljani.\" \/>\n<meta name=\"twitter:image\" content=\"https:\/\/www.travel-slovenia.si\/slo\/wp-content\/uploads\/2019\/05\/travel-slovenia-borut-lesjak.jpg\" \/>\n<meta name=\"twitter:label1\" content=\"Est. reading time\" \/>\n\t<meta name=\"twitter:data1\" content=\"1 minuta\" \/>\n<script type=\"application\/ld+json\" class=\"yoast-schema-graph\">{\"@context\":\"https:\/\/schema.org\",\"@graph\":[{\"@type\":\"WebPage\",\"@id\":\"https:\/\/www.travel-slovenia.si\/slo\/borut-lesjak\/\",\"url\":\"https:\/\/www.travel-slovenia.si\/slo\/borut-lesjak\/\",\"name\":\"Borut Lesjak : Travel-Slovenia\",\"isPartOf\":{\"@id\":\"https:\/\/www.travel-slovenia.si\/slo\/#website\"},\"primaryImageOfPage\":{\"@id\":\"https:\/\/www.travel-slovenia.si\/slo\/borut-lesjak\/#primaryimage\"},\"image\":{\"@id\":\"https:\/\/www.travel-slovenia.si\/slo\/borut-lesjak\/#primaryimage\"},\"thumbnailUrl\":\"https:\/\/www.travel-slovenia.si\/slo\/wp-content\/uploads\/2019\/05\/travel-slovenia-borut-lesjak.jpg\",\"datePublished\":\"2019-05-24T08:49:23+00:00\",\"dateModified\":\"2019-05-24T08:49:51+00:00\",\"description\":\"Borut Lesjak je bil slovenski skladatelj in aran\u017eer, ki se je rodil 25. maja 1931 v Ljubljani, umrl je 25. avgusta 1995 v Ljubljani.\",\"breadcrumb\":{\"@id\":\"https:\/\/www.travel-slovenia.si\/slo\/borut-lesjak\/#breadcrumb\"},\"inLanguage\":\"sl-SI\",\"potentialAction\":[{\"@type\":\"ReadAction\",\"target\":[\"https:\/\/www.travel-slovenia.si\/slo\/borut-lesjak\/\"]}]},{\"@type\":\"ImageObject\",\"inLanguage\":\"sl-SI\",\"@id\":\"https:\/\/www.travel-slovenia.si\/slo\/borut-lesjak\/#primaryimage\",\"url\":\"https:\/\/www.travel-slovenia.si\/slo\/wp-content\/uploads\/2019\/05\/travel-slovenia-borut-lesjak.jpg\",\"contentUrl\":\"https:\/\/www.travel-slovenia.si\/slo\/wp-content\/uploads\/2019\/05\/travel-slovenia-borut-lesjak.jpg\",\"width\":300,\"height\":401,\"caption\":\"Borut Lesjak\"},{\"@type\":\"BreadcrumbList\",\"@id\":\"https:\/\/www.travel-slovenia.si\/slo\/borut-lesjak\/#breadcrumb\",\"itemListElement\":[{\"@type\":\"ListItem\",\"position\":1,\"name\":\"Home\",\"item\":\"https:\/\/www.travel-slovenia.si\/slo\/\"},{\"@type\":\"ListItem\",\"position\":2,\"name\":\"Borut Lesjak\"}]},{\"@type\":\"WebSite\",\"@id\":\"https:\/\/www.travel-slovenia.si\/slo\/#website\",\"url\":\"https:\/\/www.travel-slovenia.si\/slo\/\",\"name\":\"Travel Slovenia - Sledite lepotam na\u0161e male dr\u017eavice\",\"description\":\"\",\"potentialAction\":[{\"@type\":\"SearchAction\",\"target\":{\"@type\":\"EntryPoint\",\"urlTemplate\":\"https:\/\/www.travel-slovenia.si\/slo\/?s={search_term_string}\"},\"query-input\":{\"@type\":\"PropertyValueSpecification\",\"valueRequired\":true,\"valueName\":\"search_term_string\"}}],\"inLanguage\":\"sl-SI\"}]}<\/script>\n<!-- \/ Yoast SEO plugin. -->","yoast_head_json":{"title":"Borut Lesjak : Travel-Slovenia","description":"Borut Lesjak je bil slovenski skladatelj in aran\u017eer, ki se je rodil 25. maja 1931 v Ljubljani, umrl je 25. avgusta 1995 v Ljubljani.","robots":{"index":"index","follow":"follow","max-snippet":"max-snippet:-1","max-image-preview":"max-image-preview:large","max-video-preview":"max-video-preview:-1"},"canonical":"https:\/\/www.travel-slovenia.si\/slo\/borut-lesjak\/","og_locale":"sl_SI","og_type":"article","og_title":"Borut Lesjak : Travel-Slovenia","og_description":"Borut Lesjak je bil slovenski skladatelj in aran\u017eer, ki se je rodil 25. maja 1931 v Ljubljani, umrl je 25. avgusta 1995 v Ljubljani.","og_url":"https:\/\/www.travel-slovenia.si\/slo\/borut-lesjak\/","og_site_name":"Travel Slovenia - Sledite lepotam na\u0161e male dr\u017eavice","article_modified_time":"2019-05-24T08:49:51+00:00","og_image":[{"width":300,"height":401,"url":"https:\/\/www.travel-slovenia.si\/slo\/wp-content\/uploads\/2019\/05\/travel-slovenia-borut-lesjak.jpg","type":"image\/jpeg"}],"twitter_card":"summary_large_image","twitter_title":"Borut Lesjak : Travel-Slovenia","twitter_description":"Borut Lesjak je bil slovenski skladatelj in aran\u017eer, ki se je rodil 25. maja 1931 v Ljubljani, umrl je 25. avgusta 1995 v Ljubljani.","twitter_image":"https:\/\/www.travel-slovenia.si\/slo\/wp-content\/uploads\/2019\/05\/travel-slovenia-borut-lesjak.jpg","twitter_misc":{"Est. reading time":"1 minuta"},"schema":{"@context":"https:\/\/schema.org","@graph":[{"@type":"WebPage","@id":"https:\/\/www.travel-slovenia.si\/slo\/borut-lesjak\/","url":"https:\/\/www.travel-slovenia.si\/slo\/borut-lesjak\/","name":"Borut Lesjak : Travel-Slovenia","isPartOf":{"@id":"https:\/\/www.travel-slovenia.si\/slo\/#website"},"primaryImageOfPage":{"@id":"https:\/\/www.travel-slovenia.si\/slo\/borut-lesjak\/#primaryimage"},"image":{"@id":"https:\/\/www.travel-slovenia.si\/slo\/borut-lesjak\/#primaryimage"},"thumbnailUrl":"https:\/\/www.travel-slovenia.si\/slo\/wp-content\/uploads\/2019\/05\/travel-slovenia-borut-lesjak.jpg","datePublished":"2019-05-24T08:49:23+00:00","dateModified":"2019-05-24T08:49:51+00:00","description":"Borut Lesjak je bil slovenski skladatelj in aran\u017eer, ki se je rodil 25. maja 1931 v Ljubljani, umrl je 25. avgusta 1995 v Ljubljani.","breadcrumb":{"@id":"https:\/\/www.travel-slovenia.si\/slo\/borut-lesjak\/#breadcrumb"},"inLanguage":"sl-SI","potentialAction":[{"@type":"ReadAction","target":["https:\/\/www.travel-slovenia.si\/slo\/borut-lesjak\/"]}]},{"@type":"ImageObject","inLanguage":"sl-SI","@id":"https:\/\/www.travel-slovenia.si\/slo\/borut-lesjak\/#primaryimage","url":"https:\/\/www.travel-slovenia.si\/slo\/wp-content\/uploads\/2019\/05\/travel-slovenia-borut-lesjak.jpg","contentUrl":"https:\/\/www.travel-slovenia.si\/slo\/wp-content\/uploads\/2019\/05\/travel-slovenia-borut-lesjak.jpg","width":300,"height":401,"caption":"Borut Lesjak"},{"@type":"BreadcrumbList","@id":"https:\/\/www.travel-slovenia.si\/slo\/borut-lesjak\/#breadcrumb","itemListElement":[{"@type":"ListItem","position":1,"name":"Home","item":"https:\/\/www.travel-slovenia.si\/slo\/"},{"@type":"ListItem","position":2,"name":"Borut Lesjak"}]},{"@type":"WebSite","@id":"https:\/\/www.travel-slovenia.si\/slo\/#website","url":"https:\/\/www.travel-slovenia.si\/slo\/","name":"Travel Slovenia - Sledite lepotam na\u0161e male dr\u017eavice","description":"","potentialAction":[{"@type":"SearchAction","target":{"@type":"EntryPoint","urlTemplate":"https:\/\/www.travel-slovenia.si\/slo\/?s={search_term_string}"},"query-input":{"@type":"PropertyValueSpecification","valueRequired":true,"valueName":"search_term_string"}}],"inLanguage":"sl-SI"}]}},"post_mailing_queue_ids":[],"_links":{"self":[{"href":"https:\/\/www.travel-slovenia.si\/slo\/wp-json\/wp\/v2\/pages\/7988","targetHints":{"allow":["GET"]}}],"collection":[{"href":"https:\/\/www.travel-slovenia.si\/slo\/wp-json\/wp\/v2\/pages"}],"about":[{"href":"https:\/\/www.travel-slovenia.si\/slo\/wp-json\/wp\/v2\/types\/page"}],"author":[{"embeddable":true,"href":"https:\/\/www.travel-slovenia.si\/slo\/wp-json\/wp\/v2\/users\/111"}],"replies":[{"embeddable":true,"href":"https:\/\/www.travel-slovenia.si\/slo\/wp-json\/wp\/v2\/comments?post=7988"}],"version-history":[{"count":2,"href":"https:\/\/www.travel-slovenia.si\/slo\/wp-json\/wp\/v2\/pages\/7988\/revisions"}],"predecessor-version":[{"id":7993,"href":"https:\/\/www.travel-slovenia.si\/slo\/wp-json\/wp\/v2\/pages\/7988\/revisions\/7993"}],"wp:attachment":[{"href":"https:\/\/www.travel-slovenia.si\/slo\/wp-json\/wp\/v2\/media?parent=7988"}],"curies":[{"name":"wp","href":"https:\/\/api.w.org\/{rel}","templated":true}]}}