{"id":7897,"date":"2019-05-07T22:29:00","date_gmt":"2019-05-07T20:29:00","guid":{"rendered":"https:\/\/www.travel-slovenia.si\/slo\/?page_id=7897"},"modified":"2019-07-12T12:07:55","modified_gmt":"2019-07-12T10:07:55","slug":"travel-slovenia-povezuje-slovenijo","status":"publish","type":"page","link":"https:\/\/www.travel-slovenia.si\/slo\/travel-slovenia-povezuje-slovenijo\/","title":{"rendered":"TRAVEL-SLOVENIA POVEZUJE SLOVENIJO"},"content":{"rendered":"<p><img loading=\"lazy\" decoding=\"async\" class=\"aligncenter size-full wp-image-7887\" src=\"https:\/\/www.travel-slovenia.si\/slo\/wp-content\/uploads\/2019\/05\/travel-slovenia-povezuje-Slovenijo.jpg\" alt=\"\" width=\"1000\" height=\"300\" \/><\/p>\n<p style=\"text-align: justify;\"><strong>Projekt Travel-Slovenia povezuje Slovenijo je namenjen povezovanju ve\u010djih, manj\u0161ih, kulturnih, znamenitih in drugih krajev po Sloveniji. S povezovanjem \u017eelimo obiskovalcem Slovenije, tujim kot doma\u010dim, omogo\u010diti \u010dim bolj\u0161o mobilnost po na\u0161i mali pod alpski dr\u017eavici. Da bo va\u0161e potovanje po Sloveniji \u010dim bolj udobno, varno, brezskrbno in v stilu. Bodite del zgodbe in do\u017eivite Slovenijo v vsej njeni veli\u010dini.<\/strong><\/p>\n<p style=\"text-align: justify;\"><em>Ideja za projekt je pri\u0161la zaradi velikega povpra\u0161evanju tujih obiskovalcev (in tudi doma\u010dih), kako priti do zanimiv krajev v kolikor nimajo lastnega prevoza. S povezovanjem Slovenije \u017eelimo povezati vse kraje in omogo\u010diti \u010dim bolj\u0161o izku\u0161njo ob obisku Slovenije in njenih skritih koti\u010dkov.<\/em><\/p>\n<p><img loading=\"lazy\" decoding=\"async\" class=\"aligncenter size-full wp-image-7898\" src=\"https:\/\/www.travel-slovenia.si\/slo\/wp-content\/uploads\/2019\/05\/travel-slovenia-mobility.jpg\" alt=\"\" width=\"1000\" height=\"277\" srcset=\"https:\/\/www.travel-slovenia.si\/slo\/wp-content\/uploads\/2019\/05\/travel-slovenia-mobility.jpg 1000w, https:\/\/www.travel-slovenia.si\/slo\/wp-content\/uploads\/2019\/05\/travel-slovenia-mobility-300x83.jpg 300w, https:\/\/www.travel-slovenia.si\/slo\/wp-content\/uploads\/2019\/05\/travel-slovenia-mobility-768x213.jpg 768w, https:\/\/www.travel-slovenia.si\/slo\/wp-content\/uploads\/2019\/05\/travel-slovenia-mobility-24x7.jpg 24w, https:\/\/www.travel-slovenia.si\/slo\/wp-content\/uploads\/2019\/05\/travel-slovenia-mobility-36x10.jpg 36w, https:\/\/www.travel-slovenia.si\/slo\/wp-content\/uploads\/2019\/05\/travel-slovenia-mobility-48x13.jpg 48w\" sizes=\"auto, (max-width: 1000px) 100vw, 1000px\" \/><\/p>\n<p>&nbsp;<\/p>\n<hr \/>\n<p><img loading=\"lazy\" decoding=\"async\" class=\"aligncenter size-full wp-image-8519\" src=\"https:\/\/www.travel-slovenia.si\/slo\/wp-content\/uploads\/2019\/06\/travel-slovenia-nomago-pasica.jpg\" alt=\"\" width=\"1000\" height=\"200\" \/><\/p>\n<p style=\"text-align: justify;\"><a href=\"https:\/\/www.travel-slovenia.si\/slo\/nomago-pridi-z-nami\/\">Nomago<\/a> je najve\u010dji ponudnik storitev mobilnosti in potovanj v Sloveniji s podru\u017enicami na Hrva\u0161kem in v Italiji. Zdru\u017euje ve\u010d kot 650 avtobusov in 500 rednih linij ter ponuja celovito storitev potovanj in mobilnosti \u2013 od prevozov na letali\u0161\u010da, letalskih kart, preno\u010di\u0161\u010d, potovalnih zavarovanj in paketov do najema prevozov in VIP-prevozov.<\/p>\n<h3 style=\"text-align: center;\"><span style=\"color: #ff9900;\">NOMAGO &#8211; ZAPELJE TE TJA, KAMOR \u017dELI\u0160 PRITI.<\/span><\/h3>\n<p style=\"text-align: justify;\"><strong>JAVNI TRANSPORT &#8211; AVTOBUSNE POTI &#8211; PREVOZ NA\/Z LETALI\u0160\u010cA &#8211; LETALSKE KARTE &#8211; POTOVALNA AGENCIJA &#8211; KOLESA &#8211; NAJEM PREVOZA | <\/strong><a href=\"https:\/\/www.travel-slovenia.si\/slo\/nomago-pridi-z-nami\/\">VE\u010c INFORMACIJ<\/a> <strong>|<\/strong><\/p>\n","protected":false},"excerpt":{"rendered":"<p>Projekt Travel-Slovenia povezuje Slovenijo je namenjen povezovanju ve\u010djih, manj\u0161ih, kulturnih, znamenitih in drugih krajev po Sloveniji. S povezovanjem \u017eelimo obiskovalcem Slovenije, tujim kot doma\u010dim, omogo\u010diti \u010dim bolj\u0161o mobilnost po na\u0161i mali pod alpski dr\u017eavici. Da bo va\u0161e potovanje po Sloveniji \u010dim bolj udobno, varno, brezskrbno in v stilu. Bodite del zgodbe in do\u017eivite Slovenijo v [&hellip;]<\/p>\n","protected":false},"author":111,"featured_media":0,"parent":0,"menu_order":0,"comment_status":"closed","ping_status":"closed","template":"","meta":{"footnotes":""},"class_list":["post-7897","page","type-page","status-publish","hentry"],"yoast_head":"<!-- This site is optimized with the Yoast SEO plugin v25.4 - https:\/\/yoast.com\/wordpress\/plugins\/seo\/ -->\n<title>Travel-Slovenia povezuje Slovenijo : Travel-Slovenia<\/title>\n<meta name=\"description\" content=\"Projekt Travel-Slovenia povezuje Slovenijo je namenjen povezovanju ve\u010djih, manj\u0161ih, kulturnih, znamenitih in drugih krajev po Sloveniji.\" \/>\n<meta name=\"robots\" content=\"index, follow, max-snippet:-1, max-image-preview:large, max-video-preview:-1\" \/>\n<link rel=\"canonical\" href=\"https:\/\/www.travel-slovenia.si\/slo\/travel-slovenia-povezuje-slovenijo\/\" \/>\n<meta property=\"og:locale\" content=\"sl_SI\" \/>\n<meta property=\"og:type\" content=\"article\" \/>\n<meta property=\"og:title\" content=\"Travel-Slovenia povezuje Slovenijo : Travel-Slovenia\" \/>\n<meta property=\"og:description\" content=\"Projekt Travel-Slovenia povezuje Slovenijo je namenjen povezovanju ve\u010djih, manj\u0161ih, kulturnih, znamenitih in drugih krajev po Sloveniji.\" \/>\n<meta property=\"og:url\" content=\"https:\/\/www.travel-slovenia.si\/slo\/travel-slovenia-povezuje-slovenijo\/\" \/>\n<meta property=\"og:site_name\" content=\"Travel Slovenia - Sledite lepotam na\u0161e male dr\u017eavice\" \/>\n<meta property=\"article:modified_time\" content=\"2019-07-12T10:07:55+00:00\" \/>\n<meta property=\"og:image\" content=\"https:\/\/www.travel-slovenia.si\/slo\/wp-content\/uploads\/2019\/05\/travel-slovenia-connets-Slovenia-PROJEKT.jpg\" \/>\n\t<meta property=\"og:image:width\" content=\"1000\" \/>\n\t<meta property=\"og:image:height\" content=\"330\" \/>\n\t<meta property=\"og:image:type\" content=\"image\/jpeg\" \/>\n<meta name=\"twitter:card\" content=\"summary_large_image\" \/>\n<meta name=\"twitter:title\" content=\"Travel-Slovenia povezuje Slovenijo : Travel-Slovenia\" \/>\n<meta name=\"twitter:description\" content=\"Projekt Travel-Slovenia povezuje Slovenijo je namenjen povezovanju ve\u010djih, manj\u0161ih, kulturnih, znamenitih in drugih krajev po Sloveniji.\" \/>\n<meta name=\"twitter:image\" content=\"https:\/\/www.travel-slovenia.si\/slo\/wp-content\/uploads\/2019\/05\/travel-slovenia-connets-Slovenia-PROJEKT.jpg\" \/>\n<meta name=\"twitter:label1\" content=\"Est. reading time\" \/>\n\t<meta name=\"twitter:data1\" content=\"1 minuta\" \/>\n<script type=\"application\/ld+json\" class=\"yoast-schema-graph\">{\"@context\":\"https:\/\/schema.org\",\"@graph\":[{\"@type\":\"WebPage\",\"@id\":\"https:\/\/www.travel-slovenia.si\/slo\/travel-slovenia-povezuje-slovenijo\/\",\"url\":\"https:\/\/www.travel-slovenia.si\/slo\/travel-slovenia-povezuje-slovenijo\/\",\"name\":\"Travel-Slovenia povezuje Slovenijo : Travel-Slovenia\",\"isPartOf\":{\"@id\":\"https:\/\/www.travel-slovenia.si\/slo\/#website\"},\"primaryImageOfPage\":{\"@id\":\"https:\/\/www.travel-slovenia.si\/slo\/travel-slovenia-povezuje-slovenijo\/#primaryimage\"},\"image\":{\"@id\":\"https:\/\/www.travel-slovenia.si\/slo\/travel-slovenia-povezuje-slovenijo\/#primaryimage\"},\"thumbnailUrl\":\"https:\/\/www.travel-slovenia.si\/slo\/wp-content\/uploads\/2019\/05\/travel-slovenia-povezuje-Slovenijo.jpg\",\"datePublished\":\"2019-05-07T20:29:00+00:00\",\"dateModified\":\"2019-07-12T10:07:55+00:00\",\"description\":\"Projekt Travel-Slovenia povezuje Slovenijo je namenjen povezovanju ve\u010djih, manj\u0161ih, kulturnih, znamenitih in drugih krajev po Sloveniji.\",\"breadcrumb\":{\"@id\":\"https:\/\/www.travel-slovenia.si\/slo\/travel-slovenia-povezuje-slovenijo\/#breadcrumb\"},\"inLanguage\":\"sl-SI\",\"potentialAction\":[{\"@type\":\"ReadAction\",\"target\":[\"https:\/\/www.travel-slovenia.si\/slo\/travel-slovenia-povezuje-slovenijo\/\"]}]},{\"@type\":\"ImageObject\",\"inLanguage\":\"sl-SI\",\"@id\":\"https:\/\/www.travel-slovenia.si\/slo\/travel-slovenia-povezuje-slovenijo\/#primaryimage\",\"url\":\"https:\/\/www.travel-slovenia.si\/slo\/wp-content\/uploads\/2019\/05\/travel-slovenia-povezuje-Slovenijo.jpg\",\"contentUrl\":\"https:\/\/www.travel-slovenia.si\/slo\/wp-content\/uploads\/2019\/05\/travel-slovenia-povezuje-Slovenijo.jpg\"},{\"@type\":\"BreadcrumbList\",\"@id\":\"https:\/\/www.travel-slovenia.si\/slo\/travel-slovenia-povezuje-slovenijo\/#breadcrumb\",\"itemListElement\":[{\"@type\":\"ListItem\",\"position\":1,\"name\":\"Home\",\"item\":\"https:\/\/www.travel-slovenia.si\/slo\/\"},{\"@type\":\"ListItem\",\"position\":2,\"name\":\"TRAVEL-SLOVENIA POVEZUJE SLOVENIJO\"}]},{\"@type\":\"WebSite\",\"@id\":\"https:\/\/www.travel-slovenia.si\/slo\/#website\",\"url\":\"https:\/\/www.travel-slovenia.si\/slo\/\",\"name\":\"Travel Slovenia - Sledite lepotam na\u0161e male dr\u017eavice\",\"description\":\"\",\"potentialAction\":[{\"@type\":\"SearchAction\",\"target\":{\"@type\":\"EntryPoint\",\"urlTemplate\":\"https:\/\/www.travel-slovenia.si\/slo\/?s={search_term_string}\"},\"query-input\":{\"@type\":\"PropertyValueSpecification\",\"valueRequired\":true,\"valueName\":\"search_term_string\"}}],\"inLanguage\":\"sl-SI\"}]}<\/script>\n<!-- \/ Yoast SEO plugin. -->","yoast_head_json":{"title":"Travel-Slovenia povezuje Slovenijo : Travel-Slovenia","description":"Projekt Travel-Slovenia povezuje Slovenijo je namenjen povezovanju ve\u010djih, manj\u0161ih, kulturnih, znamenitih in drugih krajev po Sloveniji.","robots":{"index":"index","follow":"follow","max-snippet":"max-snippet:-1","max-image-preview":"max-image-preview:large","max-video-preview":"max-video-preview:-1"},"canonical":"https:\/\/www.travel-slovenia.si\/slo\/travel-slovenia-povezuje-slovenijo\/","og_locale":"sl_SI","og_type":"article","og_title":"Travel-Slovenia povezuje Slovenijo : Travel-Slovenia","og_description":"Projekt Travel-Slovenia povezuje Slovenijo je namenjen povezovanju ve\u010djih, manj\u0161ih, kulturnih, znamenitih in drugih krajev po Sloveniji.","og_url":"https:\/\/www.travel-slovenia.si\/slo\/travel-slovenia-povezuje-slovenijo\/","og_site_name":"Travel Slovenia - Sledite lepotam na\u0161e male dr\u017eavice","article_modified_time":"2019-07-12T10:07:55+00:00","og_image":[{"width":1000,"height":330,"url":"https:\/\/www.travel-slovenia.si\/slo\/wp-content\/uploads\/2019\/05\/travel-slovenia-connets-Slovenia-PROJEKT.jpg","type":"image\/jpeg"}],"twitter_card":"summary_large_image","twitter_title":"Travel-Slovenia povezuje Slovenijo : Travel-Slovenia","twitter_description":"Projekt Travel-Slovenia povezuje Slovenijo je namenjen povezovanju ve\u010djih, manj\u0161ih, kulturnih, znamenitih in drugih krajev po Sloveniji.","twitter_image":"https:\/\/www.travel-slovenia.si\/slo\/wp-content\/uploads\/2019\/05\/travel-slovenia-connets-Slovenia-PROJEKT.jpg","twitter_misc":{"Est. reading time":"1 minuta"},"schema":{"@context":"https:\/\/schema.org","@graph":[{"@type":"WebPage","@id":"https:\/\/www.travel-slovenia.si\/slo\/travel-slovenia-povezuje-slovenijo\/","url":"https:\/\/www.travel-slovenia.si\/slo\/travel-slovenia-povezuje-slovenijo\/","name":"Travel-Slovenia povezuje Slovenijo : Travel-Slovenia","isPartOf":{"@id":"https:\/\/www.travel-slovenia.si\/slo\/#website"},"primaryImageOfPage":{"@id":"https:\/\/www.travel-slovenia.si\/slo\/travel-slovenia-povezuje-slovenijo\/#primaryimage"},"image":{"@id":"https:\/\/www.travel-slovenia.si\/slo\/travel-slovenia-povezuje-slovenijo\/#primaryimage"},"thumbnailUrl":"https:\/\/www.travel-slovenia.si\/slo\/wp-content\/uploads\/2019\/05\/travel-slovenia-povezuje-Slovenijo.jpg","datePublished":"2019-05-07T20:29:00+00:00","dateModified":"2019-07-12T10:07:55+00:00","description":"Projekt Travel-Slovenia povezuje Slovenijo je namenjen povezovanju ve\u010djih, manj\u0161ih, kulturnih, znamenitih in drugih krajev po Sloveniji.","breadcrumb":{"@id":"https:\/\/www.travel-slovenia.si\/slo\/travel-slovenia-povezuje-slovenijo\/#breadcrumb"},"inLanguage":"sl-SI","potentialAction":[{"@type":"ReadAction","target":["https:\/\/www.travel-slovenia.si\/slo\/travel-slovenia-povezuje-slovenijo\/"]}]},{"@type":"ImageObject","inLanguage":"sl-SI","@id":"https:\/\/www.travel-slovenia.si\/slo\/travel-slovenia-povezuje-slovenijo\/#primaryimage","url":"https:\/\/www.travel-slovenia.si\/slo\/wp-content\/uploads\/2019\/05\/travel-slovenia-povezuje-Slovenijo.jpg","contentUrl":"https:\/\/www.travel-slovenia.si\/slo\/wp-content\/uploads\/2019\/05\/travel-slovenia-povezuje-Slovenijo.jpg"},{"@type":"BreadcrumbList","@id":"https:\/\/www.travel-slovenia.si\/slo\/travel-slovenia-povezuje-slovenijo\/#breadcrumb","itemListElement":[{"@type":"ListItem","position":1,"name":"Home","item":"https:\/\/www.travel-slovenia.si\/slo\/"},{"@type":"ListItem","position":2,"name":"TRAVEL-SLOVENIA POVEZUJE SLOVENIJO"}]},{"@type":"WebSite","@id":"https:\/\/www.travel-slovenia.si\/slo\/#website","url":"https:\/\/www.travel-slovenia.si\/slo\/","name":"Travel Slovenia - Sledite lepotam na\u0161e male dr\u017eavice","description":"","potentialAction":[{"@type":"SearchAction","target":{"@type":"EntryPoint","urlTemplate":"https:\/\/www.travel-slovenia.si\/slo\/?s={search_term_string}"},"query-input":{"@type":"PropertyValueSpecification","valueRequired":true,"valueName":"search_term_string"}}],"inLanguage":"sl-SI"}]}},"post_mailing_queue_ids":[],"_links":{"self":[{"href":"https:\/\/www.travel-slovenia.si\/slo\/wp-json\/wp\/v2\/pages\/7897","targetHints":{"allow":["GET"]}}],"collection":[{"href":"https:\/\/www.travel-slovenia.si\/slo\/wp-json\/wp\/v2\/pages"}],"about":[{"href":"https:\/\/www.travel-slovenia.si\/slo\/wp-json\/wp\/v2\/types\/page"}],"author":[{"embeddable":true,"href":"https:\/\/www.travel-slovenia.si\/slo\/wp-json\/wp\/v2\/users\/111"}],"replies":[{"embeddable":true,"href":"https:\/\/www.travel-slovenia.si\/slo\/wp-json\/wp\/v2\/comments?post=7897"}],"version-history":[{"count":14,"href":"https:\/\/www.travel-slovenia.si\/slo\/wp-json\/wp\/v2\/pages\/7897\/revisions"}],"predecessor-version":[{"id":8043,"href":"https:\/\/www.travel-slovenia.si\/slo\/wp-json\/wp\/v2\/pages\/7897\/revisions\/8043"}],"wp:attachment":[{"href":"https:\/\/www.travel-slovenia.si\/slo\/wp-json\/wp\/v2\/media?parent=7897"}],"curies":[{"name":"wp","href":"https:\/\/api.w.org\/{rel}","templated":true}]}}