{"id":7844,"date":"2019-04-09T00:41:53","date_gmt":"2019-04-08T22:41:53","guid":{"rendered":"https:\/\/www.travel-slovenia.si\/slo\/?page_id=7844"},"modified":"2019-04-09T00:41:53","modified_gmt":"2019-04-08T22:41:53","slug":"frtalja","status":"publish","type":"page","link":"https:\/\/www.travel-slovenia.si\/slo\/frtalja\/","title":{"rendered":"Frtalja"},"content":{"rendered":"<figure id=\"attachment_8464\" class=\"wp-caption alignleft\" style=\"max-width: 300px\"><img loading=\"lazy\" decoding=\"async\" class=\"size-medium wp-image-8464\" src=\"https:\/\/www.travel-slovenia.si\/wp-content\/uploads\/2019\/04\/travel-slovenia-frtalja-300x159.jpg\" alt=\"\" width=\"300\" height=\"159\" \/><figcaption class=\"wp-caption-text\">Frtalja<\/figcaption><\/figure>\n<p style=\"text-align: justify;\">Frtalja (it. Frittata) je preprosta slovenska samostojna kme\u010dka jed. Gre za jaj\u010dno jed, ki je poznana predvsem v primorski kuhinji. Drugje po Sloveniji jo poznamo pod imenom omleta, \u0161morn ali pala\u010dinka, a se frtalja bistveno razlikuje od vseh treh. Omlete in pala\u010dinke so tanke in namazane, \u0161morn je zdrobljena pala\u010dinka, a pri obeh testo navadno ne vsebuje zeli\u0161\u010d. Frtalja ima obliko torte, v vi\u0161ino meri pribli\u017eno 3 centimetre, v testo pa so vme\u0161ana zeli\u0161\u010da, zelenjava ali suho meso (narezana klobasa ali pr\u0161ut). Neko\u010d je bila frtalja nekako obvezna jed ob prazniku za 1. maj (Vol\u010dji grad, Temnica), kar je povezano z vra\u017eo, da prva frtalja odganja modrase. Prva frtalja je navadno narejena s koroma\u010dem.<\/p>\n<p style=\"text-align: justify;\">Danes frtalja predstavlja del lahke gostinske ponudbe, saj je hitro pripravljena, so\u010dna, okusna in raznolika glede okusa. Postre\u017ee se lahko ob vseh prilo\u017enostih, kot predjed poleg narezka ali kot samostojna jed z omako ali prikuha poleg pe\u010denke. Najpogosteje pa se jo uporablja kot izdatna malica ali kot popotnica na dalj\u0161ih izletih in pohodih.<\/p>\n<h3 style=\"text-align: justify;\">Priprava:<\/h3>\n<p style=\"text-align: justify;\">Frtaljo pripravimo iz stepenih jajc, moke in razli\u010dnih \u017eeli\u0161\u010de ter dodatkov. Lahko jo nasolimo ali sladkamo, odvisno od izbranih sestavin. Pomembno je, da prevladujejo zeli\u0161\u010da, jajce in moka se uporabljata zgolj za vezivo. Zeli\u0161\u010da morajo biti sve\u017ea. Ko vse sestavine preme\u0161amo, frtaljo spe\u010demo v visoki ponvi, v kateri smo predhodno segreli mast ali olje. Med samo peko je potrebno frtaljo obra\u010dati, da dobi zna\u010dilen zlatorumen videz.<\/p>\n<p>&nbsp;<\/p>\n<table>\n<tbody>\n<tr>\n<td style=\"text-align: center;\"><a href=\"https:\/\/www.travel-slovenia.si\/slo\/slovensko\/kulinaricne-dobrote\/\"><img loading=\"lazy\" decoding=\"async\" class=\"alignleft wp-image-4499 size-full\" src=\"https:\/\/www.travel-slovenia.si\/slo\/wp-content\/uploads\/2014\/09\/travel-slovenia-povezava-na-drugo.jpg\" alt=\"travel-slovenia-povezava-na-drugo\" width=\"128\" height=\"22\" srcset=\"https:\/\/www.travel-slovenia.si\/slo\/wp-content\/uploads\/2014\/09\/travel-slovenia-povezava-na-drugo.jpg 128w, https:\/\/www.travel-slovenia.si\/slo\/wp-content\/uploads\/2014\/09\/travel-slovenia-povezava-na-drugo-24x4.jpg 24w, https:\/\/www.travel-slovenia.si\/slo\/wp-content\/uploads\/2014\/09\/travel-slovenia-povezava-na-drugo-36x6.jpg 36w, https:\/\/www.travel-slovenia.si\/slo\/wp-content\/uploads\/2014\/09\/travel-slovenia-povezava-na-drugo-48x8.jpg 48w\" sizes=\"auto, (max-width: 128px) 100vw, 128px\" \/><\/a><a href=\"https:\/\/www.travel-slovenia.si\/slo\/slovensko\/kulinaricne-dobrote\/\">Poglejte \u0161e druge kulinari\u010dne dobrote!<\/a><a href=\"https:\/\/www.travel-slovenia.si\/slo\/slovensko\/kulinaricne-dobrote\/\"><img loading=\"lazy\" decoding=\"async\" class=\"alignright wp-image-4500 size-full\" src=\"https:\/\/www.travel-slovenia.si\/slo\/wp-content\/uploads\/2014\/09\/travel-slovenia-povezava-na-drugo2.jpg\" alt=\"travel-slovenia-povezava-na-drugo2\" width=\"128\" height=\"22\" srcset=\"https:\/\/www.travel-slovenia.si\/slo\/wp-content\/uploads\/2014\/09\/travel-slovenia-povezava-na-drugo2.jpg 128w, https:\/\/www.travel-slovenia.si\/slo\/wp-content\/uploads\/2014\/09\/travel-slovenia-povezava-na-drugo2-24x4.jpg 24w, https:\/\/www.travel-slovenia.si\/slo\/wp-content\/uploads\/2014\/09\/travel-slovenia-povezava-na-drugo2-36x6.jpg 36w, https:\/\/www.travel-slovenia.si\/slo\/wp-content\/uploads\/2014\/09\/travel-slovenia-povezava-na-drugo2-48x8.jpg 48w\" sizes=\"auto, (max-width: 128px) 100vw, 128px\" \/><\/a><\/td>\n<\/tr>\n<\/tbody>\n<\/table>\n","protected":false},"excerpt":{"rendered":"<p>Frtalja (it. Frittata) je preprosta slovenska samostojna kme\u010dka jed. Gre za jaj\u010dno jed, ki je poznana predvsem v primorski kuhinji. Drugje po Sloveniji jo poznamo pod imenom omleta, \u0161morn ali pala\u010dinka, a se frtalja bistveno razlikuje od vseh treh. Omlete in pala\u010dinke so tanke in namazane, \u0161morn je zdrobljena pala\u010dinka, a pri obeh testo navadno [&hellip;]<\/p>\n","protected":false},"author":111,"featured_media":0,"parent":0,"menu_order":0,"comment_status":"closed","ping_status":"closed","template":"","meta":{"footnotes":""},"class_list":["post-7844","page","type-page","status-publish","hentry"],"yoast_head":"<!-- This site is optimized with the Yoast SEO plugin v25.4 - https:\/\/yoast.com\/wordpress\/plugins\/seo\/ -->\n<title>Frtalja : Travel-Slovenia<\/title>\n<meta name=\"description\" content=\"Frtalja je slovenska samostojna kme\u010dka jed. Jaj\u010dna jed, ki je poznana predvsem v primorski kuhinji. Drugje jo poznamo kot omleta, \u0161morn ali pala\u010dinka.\" \/>\n<meta name=\"robots\" content=\"index, follow, max-snippet:-1, max-image-preview:large, max-video-preview:-1\" \/>\n<link rel=\"canonical\" href=\"https:\/\/www.travel-slovenia.si\/slo\/frtalja\/\" \/>\n<meta property=\"og:locale\" content=\"sl_SI\" \/>\n<meta property=\"og:type\" content=\"article\" \/>\n<meta property=\"og:title\" content=\"Frtalja : Travel-Slovenia\" \/>\n<meta property=\"og:description\" content=\"Frtalja je slovenska samostojna kme\u010dka jed. Jaj\u010dna jed, ki je poznana predvsem v primorski kuhinji. Drugje jo poznamo kot omleta, \u0161morn ali pala\u010dinka.\" \/>\n<meta property=\"og:url\" content=\"https:\/\/www.travel-slovenia.si\/slo\/frtalja\/\" \/>\n<meta property=\"og:site_name\" content=\"Travel Slovenia - Sledite lepotam na\u0161e male dr\u017eavice\" \/>\n<meta property=\"og:image\" content=\"https:\/\/www.travel-slovenia.si\/slo\/wp-content\/uploads\/2019\/04\/travel-slovenia-frtalja.jpg\" \/>\n\t<meta property=\"og:image:width\" content=\"600\" \/>\n\t<meta property=\"og:image:height\" content=\"317\" \/>\n\t<meta property=\"og:image:type\" content=\"image\/jpeg\" \/>\n<meta name=\"twitter:card\" content=\"summary_large_image\" \/>\n<meta name=\"twitter:title\" content=\"Frtalja : Travel-Slovenia\" \/>\n<meta name=\"twitter:description\" content=\"Frtalja je slovenska samostojna kme\u010dka jed. Jaj\u010dna jed, ki je poznana predvsem v primorski kuhinji. Drugje jo poznamo kot omleta, \u0161morn ali pala\u010dinka.\" \/>\n<meta name=\"twitter:image\" content=\"https:\/\/www.travel-slovenia.si\/slo\/wp-content\/uploads\/2019\/04\/travel-slovenia-frtalja.jpg\" \/>\n<meta name=\"twitter:label1\" content=\"Est. reading time\" \/>\n\t<meta name=\"twitter:data1\" content=\"1 minuta\" \/>\n<script type=\"application\/ld+json\" class=\"yoast-schema-graph\">{\"@context\":\"https:\/\/schema.org\",\"@graph\":[{\"@type\":\"WebPage\",\"@id\":\"https:\/\/www.travel-slovenia.si\/slo\/frtalja\/\",\"url\":\"https:\/\/www.travel-slovenia.si\/slo\/frtalja\/\",\"name\":\"Frtalja : Travel-Slovenia\",\"isPartOf\":{\"@id\":\"https:\/\/www.travel-slovenia.si\/slo\/#website\"},\"primaryImageOfPage\":{\"@id\":\"https:\/\/www.travel-slovenia.si\/slo\/frtalja\/#primaryimage\"},\"image\":{\"@id\":\"https:\/\/www.travel-slovenia.si\/slo\/frtalja\/#primaryimage\"},\"thumbnailUrl\":\"https:\/\/www.travel-slovenia.si\/wp-content\/uploads\/2019\/04\/travel-slovenia-frtalja-300x159.jpg\",\"datePublished\":\"2019-04-08T22:41:53+00:00\",\"description\":\"Frtalja je slovenska samostojna kme\u010dka jed. Jaj\u010dna jed, ki je poznana predvsem v primorski kuhinji. Drugje jo poznamo kot omleta, \u0161morn ali pala\u010dinka.\",\"breadcrumb\":{\"@id\":\"https:\/\/www.travel-slovenia.si\/slo\/frtalja\/#breadcrumb\"},\"inLanguage\":\"sl-SI\",\"potentialAction\":[{\"@type\":\"ReadAction\",\"target\":[\"https:\/\/www.travel-slovenia.si\/slo\/frtalja\/\"]}]},{\"@type\":\"ImageObject\",\"inLanguage\":\"sl-SI\",\"@id\":\"https:\/\/www.travel-slovenia.si\/slo\/frtalja\/#primaryimage\",\"url\":\"https:\/\/www.travel-slovenia.si\/wp-content\/uploads\/2019\/04\/travel-slovenia-frtalja-300x159.jpg\",\"contentUrl\":\"https:\/\/www.travel-slovenia.si\/wp-content\/uploads\/2019\/04\/travel-slovenia-frtalja-300x159.jpg\"},{\"@type\":\"BreadcrumbList\",\"@id\":\"https:\/\/www.travel-slovenia.si\/slo\/frtalja\/#breadcrumb\",\"itemListElement\":[{\"@type\":\"ListItem\",\"position\":1,\"name\":\"Home\",\"item\":\"https:\/\/www.travel-slovenia.si\/slo\/\"},{\"@type\":\"ListItem\",\"position\":2,\"name\":\"Frtalja\"}]},{\"@type\":\"WebSite\",\"@id\":\"https:\/\/www.travel-slovenia.si\/slo\/#website\",\"url\":\"https:\/\/www.travel-slovenia.si\/slo\/\",\"name\":\"Travel Slovenia - Sledite lepotam na\u0161e male dr\u017eavice\",\"description\":\"\",\"potentialAction\":[{\"@type\":\"SearchAction\",\"target\":{\"@type\":\"EntryPoint\",\"urlTemplate\":\"https:\/\/www.travel-slovenia.si\/slo\/?s={search_term_string}\"},\"query-input\":{\"@type\":\"PropertyValueSpecification\",\"valueRequired\":true,\"valueName\":\"search_term_string\"}}],\"inLanguage\":\"sl-SI\"}]}<\/script>\n<!-- \/ Yoast SEO plugin. -->","yoast_head_json":{"title":"Frtalja : Travel-Slovenia","description":"Frtalja je slovenska samostojna kme\u010dka jed. Jaj\u010dna jed, ki je poznana predvsem v primorski kuhinji. Drugje jo poznamo kot omleta, \u0161morn ali pala\u010dinka.","robots":{"index":"index","follow":"follow","max-snippet":"max-snippet:-1","max-image-preview":"max-image-preview:large","max-video-preview":"max-video-preview:-1"},"canonical":"https:\/\/www.travel-slovenia.si\/slo\/frtalja\/","og_locale":"sl_SI","og_type":"article","og_title":"Frtalja : Travel-Slovenia","og_description":"Frtalja je slovenska samostojna kme\u010dka jed. Jaj\u010dna jed, ki je poznana predvsem v primorski kuhinji. Drugje jo poznamo kot omleta, \u0161morn ali pala\u010dinka.","og_url":"https:\/\/www.travel-slovenia.si\/slo\/frtalja\/","og_site_name":"Travel Slovenia - Sledite lepotam na\u0161e male dr\u017eavice","og_image":[{"width":600,"height":317,"url":"https:\/\/www.travel-slovenia.si\/slo\/wp-content\/uploads\/2019\/04\/travel-slovenia-frtalja.jpg","type":"image\/jpeg"}],"twitter_card":"summary_large_image","twitter_title":"Frtalja : Travel-Slovenia","twitter_description":"Frtalja je slovenska samostojna kme\u010dka jed. Jaj\u010dna jed, ki je poznana predvsem v primorski kuhinji. Drugje jo poznamo kot omleta, \u0161morn ali pala\u010dinka.","twitter_image":"https:\/\/www.travel-slovenia.si\/slo\/wp-content\/uploads\/2019\/04\/travel-slovenia-frtalja.jpg","twitter_misc":{"Est. reading time":"1 minuta"},"schema":{"@context":"https:\/\/schema.org","@graph":[{"@type":"WebPage","@id":"https:\/\/www.travel-slovenia.si\/slo\/frtalja\/","url":"https:\/\/www.travel-slovenia.si\/slo\/frtalja\/","name":"Frtalja : Travel-Slovenia","isPartOf":{"@id":"https:\/\/www.travel-slovenia.si\/slo\/#website"},"primaryImageOfPage":{"@id":"https:\/\/www.travel-slovenia.si\/slo\/frtalja\/#primaryimage"},"image":{"@id":"https:\/\/www.travel-slovenia.si\/slo\/frtalja\/#primaryimage"},"thumbnailUrl":"https:\/\/www.travel-slovenia.si\/wp-content\/uploads\/2019\/04\/travel-slovenia-frtalja-300x159.jpg","datePublished":"2019-04-08T22:41:53+00:00","description":"Frtalja je slovenska samostojna kme\u010dka jed. Jaj\u010dna jed, ki je poznana predvsem v primorski kuhinji. Drugje jo poznamo kot omleta, \u0161morn ali pala\u010dinka.","breadcrumb":{"@id":"https:\/\/www.travel-slovenia.si\/slo\/frtalja\/#breadcrumb"},"inLanguage":"sl-SI","potentialAction":[{"@type":"ReadAction","target":["https:\/\/www.travel-slovenia.si\/slo\/frtalja\/"]}]},{"@type":"ImageObject","inLanguage":"sl-SI","@id":"https:\/\/www.travel-slovenia.si\/slo\/frtalja\/#primaryimage","url":"https:\/\/www.travel-slovenia.si\/wp-content\/uploads\/2019\/04\/travel-slovenia-frtalja-300x159.jpg","contentUrl":"https:\/\/www.travel-slovenia.si\/wp-content\/uploads\/2019\/04\/travel-slovenia-frtalja-300x159.jpg"},{"@type":"BreadcrumbList","@id":"https:\/\/www.travel-slovenia.si\/slo\/frtalja\/#breadcrumb","itemListElement":[{"@type":"ListItem","position":1,"name":"Home","item":"https:\/\/www.travel-slovenia.si\/slo\/"},{"@type":"ListItem","position":2,"name":"Frtalja"}]},{"@type":"WebSite","@id":"https:\/\/www.travel-slovenia.si\/slo\/#website","url":"https:\/\/www.travel-slovenia.si\/slo\/","name":"Travel Slovenia - Sledite lepotam na\u0161e male dr\u017eavice","description":"","potentialAction":[{"@type":"SearchAction","target":{"@type":"EntryPoint","urlTemplate":"https:\/\/www.travel-slovenia.si\/slo\/?s={search_term_string}"},"query-input":{"@type":"PropertyValueSpecification","valueRequired":true,"valueName":"search_term_string"}}],"inLanguage":"sl-SI"}]}},"post_mailing_queue_ids":[],"_links":{"self":[{"href":"https:\/\/www.travel-slovenia.si\/slo\/wp-json\/wp\/v2\/pages\/7844","targetHints":{"allow":["GET"]}}],"collection":[{"href":"https:\/\/www.travel-slovenia.si\/slo\/wp-json\/wp\/v2\/pages"}],"about":[{"href":"https:\/\/www.travel-slovenia.si\/slo\/wp-json\/wp\/v2\/types\/page"}],"author":[{"embeddable":true,"href":"https:\/\/www.travel-slovenia.si\/slo\/wp-json\/wp\/v2\/users\/111"}],"replies":[{"embeddable":true,"href":"https:\/\/www.travel-slovenia.si\/slo\/wp-json\/wp\/v2\/comments?post=7844"}],"version-history":[{"count":1,"href":"https:\/\/www.travel-slovenia.si\/slo\/wp-json\/wp\/v2\/pages\/7844\/revisions"}],"predecessor-version":[{"id":7847,"href":"https:\/\/www.travel-slovenia.si\/slo\/wp-json\/wp\/v2\/pages\/7844\/revisions\/7847"}],"wp:attachment":[{"href":"https:\/\/www.travel-slovenia.si\/slo\/wp-json\/wp\/v2\/media?parent=7844"}],"curies":[{"name":"wp","href":"https:\/\/api.w.org\/{rel}","templated":true}]}}