{"id":7828,"date":"2019-04-04T23:22:31","date_gmt":"2019-04-04T21:22:31","guid":{"rendered":"https:\/\/www.travel-slovenia.si\/slo\/?page_id=7828"},"modified":"2019-04-04T23:26:01","modified_gmt":"2019-04-04T21:26:01","slug":"josip-ogrinec","status":"publish","type":"page","link":"https:\/\/www.travel-slovenia.si\/slo\/josip-ogrinec\/","title":{"rendered":"Josip Ogrinec"},"content":{"rendered":"<div style=\"text-align: justify;\">\n<figure id=\"attachment_8441\" class=\"wp-caption alignleft\" style=\"max-width: 300px\"><img loading=\"lazy\" decoding=\"async\" class=\"wp-image-8441\" src=\"https:\/\/www.travel-slovenia.si\/wp-content\/uploads\/2019\/04\/travel-slovenia-josip-ogrinec.jpg\" alt=\"\" width=\"300\" height=\"455\" \/><figcaption class=\"wp-caption-text\">Josip Ogrinec<\/figcaption><\/figure>\n<div style=\"text-align: justify;\">Josip Ogrinec je slovenski dramatik, prevajalec, pripovednik, \u0161ahist in pedagog, ki se je rodil kme\u010dki dru\u017eini 5. aprila 1844 v Podgorju v Kamniku, umrl je 13. maja 1879 v Vinkovcih na Hrva\u0161kem. O\u010de, Jo\u017eef (1815-1875), je bil izobra\u017een in podjeten posestnik pri Medvedu, ki se je uspel iz skromnih razmer povzpeti do precej\u0161njega blagostanja. Ve\u010d let je bil tudi \u017eupan. Mati, Ne\u017ea (1821-1888), je bila iz Zlatega polja. Odlo\u010dna in trda \u017eenska. Po kon\u010dani osnovni \u0161oli pri kamni\u0161kih fran\u010di\u0161kanih se Josip odpravi na gimnazijo v Ljubljani. Po kon\u010danem \u0161tudiju, se na materino \u017eeljo vpi\u0161e na \u0161tudij bogoslovja, ki ga opusti po prvem letniku. Leta 1866 se odpravi v Zagreb na pravno akademijo, a se \u0161e istega leta odseli na Dunaj na \u0161tudij naravoslovnih ved, tu ostane do leta 1870. Za nekaj \u010dasa se odpravi v Gradec, kjer se je pre\u017eivljal kot privatni u\u010ditelj. Zatem za nekaj \u010dasa odide v Ljubljano. Med leti 1872 in 1873 se zaposli kot suplent na gimnaziji v Novem mestu, leta 1878 postane profesor na gimnaziji v Vinkovcih. Istega leta v Budimpe\u0161ti opravi profesorski izpit iz naravoslovja kot glavni predmet ter matematiko in fiziko kot stranska predmeta. V starosti 35 let umre za sr\u010dno hibo. Josip je bil stric bratov Alojzija, Josipa in Iva Benkovi\u010da. V Kamniku je po njem poimenovana ulica.<\/div>\n<p><\/p>\n<div style=\"text-align: justify;\">Josip se je ukvarjal tudi s \u0161ahom in \u0161ahovsko teorijo. V Slovenskem glasniku je leta 1868 objavil \u0161tiri \u0161ahovske probleme. Ko je glasnik konec leta prenehal izhajati, je tudi Josip nehal objavljati \u0161ahovske probleme. A kljub temu ga \u0161tejemo za prvega, ki se je na slovenskem lotil \u0161ahovske teorije.<\/div>\n<p><\/p>\n<div style=\"text-align: justify;\">S pisanjem pri\u010dne \u017ee na ljubljanskem semeni\u0161\u010du, ukvarjal pa se je s poezijo, pripovedno prozo in dramatiko. Opise in do\u017eivljaje iz narave je z naslovom Obrazi iz narave objavljal v Slovenskem glasniku (1868), Glasniku (1869), Besedniku (1869) in Zvonu (1870). Kasneje se posveti obrazom iz narodnega \u017eivljenja, najzna\u010dilnej\u0161a sta Cunjar in Va\u0161kega \u0161olnika nedelja (1872). Za Slovenski narod (1876) je pisal dalj\u0161e novele in povesti iz kme\u010dkega \u017eivljenja pod naslovom \u010cast in sramota. Z zgodovinsko snovjo pa Vojnimir ali poganstvo in kerst (1871), ki pripoveduje o slovenski zgodovini v 8. stoletju. Prevajal je \u0161e manj znana odrska dela, sam pa je napisal \u010ditalni\u0161ki igri V Ljubljano jo dajmo! (1869) in Kje je meja? (1879). Igro v Ljubljano jo dajmo! je v osmem zvezku izdala Slovenska Talija leta 1869. V svojih obrazih je z opazovanjem, posnemavnjem in opisovanjem stvarnosti kazal slovenski knji\u017eevnosti pot v realizem. Svoja dela je le redko podpisal, saj je raje uporabljal ve\u010d psevdonimov.<\/div>\n<p>&nbsp;<\/p>\n<table>\n<tbody>\n<tr>\n<td style=\"text-align: center;\"><a href=\"https:\/\/www.travel-slovenia.si\/slo\/zgodovinske-osebnosti\/\"><img loading=\"lazy\" decoding=\"async\" class=\"alignleft wp-image-4499 size-full\" src=\"https:\/\/www.travel-slovenia.si\/slo\/wp-content\/uploads\/2014\/09\/travel-slovenia-povezava-na-drugo.jpg\" alt=\"travel-slovenia-povezava-na-drugo\" width=\"128\" height=\"22\" srcset=\"https:\/\/www.travel-slovenia.si\/slo\/wp-content\/uploads\/2014\/09\/travel-slovenia-povezava-na-drugo.jpg 128w, https:\/\/www.travel-slovenia.si\/slo\/wp-content\/uploads\/2014\/09\/travel-slovenia-povezava-na-drugo-24x4.jpg 24w, https:\/\/www.travel-slovenia.si\/slo\/wp-content\/uploads\/2014\/09\/travel-slovenia-povezava-na-drugo-36x6.jpg 36w, https:\/\/www.travel-slovenia.si\/slo\/wp-content\/uploads\/2014\/09\/travel-slovenia-povezava-na-drugo-48x8.jpg 48w\" sizes=\"auto, (max-width: 128px) 100vw, 128px\" \/><\/a><a href=\"https:\/\/www.travel-slovenia.si\/slo\/zgodovinske-osebnosti\/\">Poglejte \u0161e druge zgodovinske osebnosti!<\/a><a href=\"https:\/\/www.travel-slovenia.si\/slo\/zgodovinske-osebnosti\/\"><img loading=\"lazy\" decoding=\"async\" class=\"alignright wp-image-4500 size-full\" src=\"https:\/\/www.travel-slovenia.si\/slo\/wp-content\/uploads\/2014\/09\/travel-slovenia-povezava-na-drugo2.jpg\" alt=\"travel-slovenia-povezava-na-drugo2\" width=\"128\" height=\"22\" srcset=\"https:\/\/www.travel-slovenia.si\/slo\/wp-content\/uploads\/2014\/09\/travel-slovenia-povezava-na-drugo2.jpg 128w, https:\/\/www.travel-slovenia.si\/slo\/wp-content\/uploads\/2014\/09\/travel-slovenia-povezava-na-drugo2-24x4.jpg 24w, https:\/\/www.travel-slovenia.si\/slo\/wp-content\/uploads\/2014\/09\/travel-slovenia-povezava-na-drugo2-36x6.jpg 36w, https:\/\/www.travel-slovenia.si\/slo\/wp-content\/uploads\/2014\/09\/travel-slovenia-povezava-na-drugo2-48x8.jpg 48w\" sizes=\"auto, (max-width: 128px) 100vw, 128px\" \/><\/a><\/td>\n<\/tr>\n<\/tbody>\n<\/table>\n<\/div>\n","protected":false},"excerpt":{"rendered":"<p>Josip Ogrinec je slovenski dramatik, prevajalec, pripovednik, \u0161ahist in pedagog, ki se je rodil kme\u010dki dru\u017eini 5. aprila 1844 v Podgorju v Kamniku, umrl je 13. maja 1879 v Vinkovcih na Hrva\u0161kem. O\u010de, Jo\u017eef (1815-1875), je bil izobra\u017een in podjeten posestnik pri Medvedu, ki se je uspel iz skromnih razmer povzpeti do precej\u0161njega blagostanja. Ve\u010d [&hellip;]<\/p>\n","protected":false},"author":111,"featured_media":0,"parent":0,"menu_order":0,"comment_status":"closed","ping_status":"closed","template":"","meta":{"footnotes":""},"class_list":["post-7828","page","type-page","status-publish","hentry"],"yoast_head":"<!-- This site is optimized with the Yoast SEO plugin v25.4 - https:\/\/yoast.com\/wordpress\/plugins\/seo\/ -->\n<title>Josip Ogrinec : Travel-Slovenia<\/title>\n<meta name=\"description\" content=\"Josip Ogrinec je slovenski dramatik, prevajalec, pripovednik, \u0161ahist in pedagog, ki se je rodil kme\u010dki dru\u017eini 5. aprila 1844 v Podgorju v Kamniku.\" \/>\n<meta name=\"robots\" content=\"index, follow, max-snippet:-1, max-image-preview:large, max-video-preview:-1\" \/>\n<link rel=\"canonical\" href=\"https:\/\/www.travel-slovenia.si\/slo\/josip-ogrinec\/\" \/>\n<meta property=\"og:locale\" content=\"sl_SI\" \/>\n<meta property=\"og:type\" content=\"article\" \/>\n<meta property=\"og:title\" content=\"Josip Ogrinec : Travel-Slovenia\" \/>\n<meta property=\"og:description\" content=\"Josip Ogrinec je slovenski dramatik, prevajalec, pripovednik, \u0161ahist in pedagog, ki se je rodil kme\u010dki dru\u017eini 5. aprila 1844 v Podgorju v Kamniku.\" \/>\n<meta property=\"og:url\" content=\"https:\/\/www.travel-slovenia.si\/slo\/josip-ogrinec\/\" \/>\n<meta property=\"og:site_name\" content=\"Travel Slovenia - Sledite lepotam na\u0161e male dr\u017eavice\" \/>\n<meta property=\"article:modified_time\" content=\"2019-04-04T21:26:01+00:00\" \/>\n<meta property=\"og:image\" content=\"https:\/\/www.travel-slovenia.si\/slo\/wp-content\/uploads\/2019\/04\/travel-slovenia-josip-ogrinec.jpg\" \/>\n\t<meta property=\"og:image:width\" content=\"400\" \/>\n\t<meta property=\"og:image:height\" content=\"607\" \/>\n\t<meta property=\"og:image:type\" content=\"image\/jpeg\" \/>\n<meta name=\"twitter:card\" content=\"summary_large_image\" \/>\n<meta name=\"twitter:title\" content=\"Josip Ogrinec : Travel-Slovenia\" \/>\n<meta name=\"twitter:description\" content=\"Josip Ogrinec je slovenski dramatik, prevajalec, pripovednik, \u0161ahist in pedagog, ki se je rodil kme\u010dki dru\u017eini 5. aprila 1844 v Podgorju v Kamniku.\" \/>\n<meta name=\"twitter:image\" content=\"https:\/\/www.travel-slovenia.si\/slo\/wp-content\/uploads\/2019\/04\/travel-slovenia-josip-ogrinec.jpg\" \/>\n<meta name=\"twitter:label1\" content=\"Est. reading time\" \/>\n\t<meta name=\"twitter:data1\" content=\"2 minuti\" \/>\n<script type=\"application\/ld+json\" class=\"yoast-schema-graph\">{\"@context\":\"https:\/\/schema.org\",\"@graph\":[{\"@type\":\"WebPage\",\"@id\":\"https:\/\/www.travel-slovenia.si\/slo\/josip-ogrinec\/\",\"url\":\"https:\/\/www.travel-slovenia.si\/slo\/josip-ogrinec\/\",\"name\":\"Josip Ogrinec : Travel-Slovenia\",\"isPartOf\":{\"@id\":\"https:\/\/www.travel-slovenia.si\/slo\/#website\"},\"primaryImageOfPage\":{\"@id\":\"https:\/\/www.travel-slovenia.si\/slo\/josip-ogrinec\/#primaryimage\"},\"image\":{\"@id\":\"https:\/\/www.travel-slovenia.si\/slo\/josip-ogrinec\/#primaryimage\"},\"thumbnailUrl\":\"https:\/\/www.travel-slovenia.si\/wp-content\/uploads\/2019\/04\/travel-slovenia-josip-ogrinec.jpg\",\"datePublished\":\"2019-04-04T21:22:31+00:00\",\"dateModified\":\"2019-04-04T21:26:01+00:00\",\"description\":\"Josip Ogrinec je slovenski dramatik, prevajalec, pripovednik, \u0161ahist in pedagog, ki se je rodil kme\u010dki dru\u017eini 5. aprila 1844 v Podgorju v Kamniku.\",\"breadcrumb\":{\"@id\":\"https:\/\/www.travel-slovenia.si\/slo\/josip-ogrinec\/#breadcrumb\"},\"inLanguage\":\"sl-SI\",\"potentialAction\":[{\"@type\":\"ReadAction\",\"target\":[\"https:\/\/www.travel-slovenia.si\/slo\/josip-ogrinec\/\"]}]},{\"@type\":\"ImageObject\",\"inLanguage\":\"sl-SI\",\"@id\":\"https:\/\/www.travel-slovenia.si\/slo\/josip-ogrinec\/#primaryimage\",\"url\":\"https:\/\/www.travel-slovenia.si\/wp-content\/uploads\/2019\/04\/travel-slovenia-josip-ogrinec.jpg\",\"contentUrl\":\"https:\/\/www.travel-slovenia.si\/wp-content\/uploads\/2019\/04\/travel-slovenia-josip-ogrinec.jpg\"},{\"@type\":\"BreadcrumbList\",\"@id\":\"https:\/\/www.travel-slovenia.si\/slo\/josip-ogrinec\/#breadcrumb\",\"itemListElement\":[{\"@type\":\"ListItem\",\"position\":1,\"name\":\"Home\",\"item\":\"https:\/\/www.travel-slovenia.si\/slo\/\"},{\"@type\":\"ListItem\",\"position\":2,\"name\":\"Josip Ogrinec\"}]},{\"@type\":\"WebSite\",\"@id\":\"https:\/\/www.travel-slovenia.si\/slo\/#website\",\"url\":\"https:\/\/www.travel-slovenia.si\/slo\/\",\"name\":\"Travel Slovenia - Sledite lepotam na\u0161e male dr\u017eavice\",\"description\":\"\",\"potentialAction\":[{\"@type\":\"SearchAction\",\"target\":{\"@type\":\"EntryPoint\",\"urlTemplate\":\"https:\/\/www.travel-slovenia.si\/slo\/?s={search_term_string}\"},\"query-input\":{\"@type\":\"PropertyValueSpecification\",\"valueRequired\":true,\"valueName\":\"search_term_string\"}}],\"inLanguage\":\"sl-SI\"}]}<\/script>\n<!-- \/ Yoast SEO plugin. -->","yoast_head_json":{"title":"Josip Ogrinec : Travel-Slovenia","description":"Josip Ogrinec je slovenski dramatik, prevajalec, pripovednik, \u0161ahist in pedagog, ki se je rodil kme\u010dki dru\u017eini 5. aprila 1844 v Podgorju v Kamniku.","robots":{"index":"index","follow":"follow","max-snippet":"max-snippet:-1","max-image-preview":"max-image-preview:large","max-video-preview":"max-video-preview:-1"},"canonical":"https:\/\/www.travel-slovenia.si\/slo\/josip-ogrinec\/","og_locale":"sl_SI","og_type":"article","og_title":"Josip Ogrinec : Travel-Slovenia","og_description":"Josip Ogrinec je slovenski dramatik, prevajalec, pripovednik, \u0161ahist in pedagog, ki se je rodil kme\u010dki dru\u017eini 5. aprila 1844 v Podgorju v Kamniku.","og_url":"https:\/\/www.travel-slovenia.si\/slo\/josip-ogrinec\/","og_site_name":"Travel Slovenia - Sledite lepotam na\u0161e male dr\u017eavice","article_modified_time":"2019-04-04T21:26:01+00:00","og_image":[{"width":400,"height":607,"url":"https:\/\/www.travel-slovenia.si\/slo\/wp-content\/uploads\/2019\/04\/travel-slovenia-josip-ogrinec.jpg","type":"image\/jpeg"}],"twitter_card":"summary_large_image","twitter_title":"Josip Ogrinec : Travel-Slovenia","twitter_description":"Josip Ogrinec je slovenski dramatik, prevajalec, pripovednik, \u0161ahist in pedagog, ki se je rodil kme\u010dki dru\u017eini 5. aprila 1844 v Podgorju v Kamniku.","twitter_image":"https:\/\/www.travel-slovenia.si\/slo\/wp-content\/uploads\/2019\/04\/travel-slovenia-josip-ogrinec.jpg","twitter_misc":{"Est. reading time":"2 minuti"},"schema":{"@context":"https:\/\/schema.org","@graph":[{"@type":"WebPage","@id":"https:\/\/www.travel-slovenia.si\/slo\/josip-ogrinec\/","url":"https:\/\/www.travel-slovenia.si\/slo\/josip-ogrinec\/","name":"Josip Ogrinec : Travel-Slovenia","isPartOf":{"@id":"https:\/\/www.travel-slovenia.si\/slo\/#website"},"primaryImageOfPage":{"@id":"https:\/\/www.travel-slovenia.si\/slo\/josip-ogrinec\/#primaryimage"},"image":{"@id":"https:\/\/www.travel-slovenia.si\/slo\/josip-ogrinec\/#primaryimage"},"thumbnailUrl":"https:\/\/www.travel-slovenia.si\/wp-content\/uploads\/2019\/04\/travel-slovenia-josip-ogrinec.jpg","datePublished":"2019-04-04T21:22:31+00:00","dateModified":"2019-04-04T21:26:01+00:00","description":"Josip Ogrinec je slovenski dramatik, prevajalec, pripovednik, \u0161ahist in pedagog, ki se je rodil kme\u010dki dru\u017eini 5. aprila 1844 v Podgorju v Kamniku.","breadcrumb":{"@id":"https:\/\/www.travel-slovenia.si\/slo\/josip-ogrinec\/#breadcrumb"},"inLanguage":"sl-SI","potentialAction":[{"@type":"ReadAction","target":["https:\/\/www.travel-slovenia.si\/slo\/josip-ogrinec\/"]}]},{"@type":"ImageObject","inLanguage":"sl-SI","@id":"https:\/\/www.travel-slovenia.si\/slo\/josip-ogrinec\/#primaryimage","url":"https:\/\/www.travel-slovenia.si\/wp-content\/uploads\/2019\/04\/travel-slovenia-josip-ogrinec.jpg","contentUrl":"https:\/\/www.travel-slovenia.si\/wp-content\/uploads\/2019\/04\/travel-slovenia-josip-ogrinec.jpg"},{"@type":"BreadcrumbList","@id":"https:\/\/www.travel-slovenia.si\/slo\/josip-ogrinec\/#breadcrumb","itemListElement":[{"@type":"ListItem","position":1,"name":"Home","item":"https:\/\/www.travel-slovenia.si\/slo\/"},{"@type":"ListItem","position":2,"name":"Josip Ogrinec"}]},{"@type":"WebSite","@id":"https:\/\/www.travel-slovenia.si\/slo\/#website","url":"https:\/\/www.travel-slovenia.si\/slo\/","name":"Travel Slovenia - Sledite lepotam na\u0161e male dr\u017eavice","description":"","potentialAction":[{"@type":"SearchAction","target":{"@type":"EntryPoint","urlTemplate":"https:\/\/www.travel-slovenia.si\/slo\/?s={search_term_string}"},"query-input":{"@type":"PropertyValueSpecification","valueRequired":true,"valueName":"search_term_string"}}],"inLanguage":"sl-SI"}]}},"post_mailing_queue_ids":[],"_links":{"self":[{"href":"https:\/\/www.travel-slovenia.si\/slo\/wp-json\/wp\/v2\/pages\/7828","targetHints":{"allow":["GET"]}}],"collection":[{"href":"https:\/\/www.travel-slovenia.si\/slo\/wp-json\/wp\/v2\/pages"}],"about":[{"href":"https:\/\/www.travel-slovenia.si\/slo\/wp-json\/wp\/v2\/types\/page"}],"author":[{"embeddable":true,"href":"https:\/\/www.travel-slovenia.si\/slo\/wp-json\/wp\/v2\/users\/111"}],"replies":[{"embeddable":true,"href":"https:\/\/www.travel-slovenia.si\/slo\/wp-json\/wp\/v2\/comments?post=7828"}],"version-history":[{"count":5,"href":"https:\/\/www.travel-slovenia.si\/slo\/wp-json\/wp\/v2\/pages\/7828\/revisions"}],"predecessor-version":[{"id":7835,"href":"https:\/\/www.travel-slovenia.si\/slo\/wp-json\/wp\/v2\/pages\/7828\/revisions\/7835"}],"wp:attachment":[{"href":"https:\/\/www.travel-slovenia.si\/slo\/wp-json\/wp\/v2\/media?parent=7828"}],"curies":[{"name":"wp","href":"https:\/\/api.w.org\/{rel}","templated":true}]}}