{"id":7649,"date":"2018-09-27T12:44:02","date_gmt":"2018-09-27T10:44:02","guid":{"rendered":"https:\/\/www.travel-slovenia.si\/slo\/?page_id=7649"},"modified":"2018-09-27T12:44:02","modified_gmt":"2018-09-27T10:44:02","slug":"fran-levstik","status":"publish","type":"page","link":"https:\/\/www.travel-slovenia.si\/slo\/fran-levstik\/","title":{"rendered":"Fran Levstik"},"content":{"rendered":"<figure id=\"attachment_8195\" class=\"wp-caption alignleft\" style=\"max-width: 300px\"><img loading=\"lazy\" decoding=\"async\" class=\"wp-image-8195\" src=\"https:\/\/www.travel-slovenia.si\/wp-content\/uploads\/2018\/09\/travel-slovenia-fran-levstik.jpg\" alt=\"\" width=\"300\" height=\"420\" \/><figcaption class=\"wp-caption-text\">Fran Levstik<\/figcaption><\/figure>\n<p style=\"text-align: justify;\">Fran Levstik je bil slovenski pisatelj, dramatik, pesnik, kritik in jezikoslovec, ki se je rodil 28. septembra 1831 v Dolnjih Retjah pri Velikih La\u0161\u010dah, kme\u010dki dru\u017eini, umrl je 16. novembra 1887 v Ljubljani. \u0160olal se je na ljubljanski normalki in gimnaziji, mature zaradi sporov s \u0161olskimi oblastmi ni dokon\u010dal. Deloval je kot doma\u010di u\u010ditelj, pozneje pa kot tajnik in urednik. \u017de zelo zgodaj je kazal vsa znamenja bistrega in vsestranskega nadarjenega de\u010dka.<\/p>\n<p style=\"text-align: justify;\">V letu 1869 je na Dunaju pri\u010del z izdajanjem zabavljivo \u0161aljivega lista Pavliha. Prepoved izdajanja \u010dasopisa je dobil po izdani sedmi \u0161tevilki, \u010de\u0161 da z njim prejema dr\u017eavno podporo, obenem pa je bil obto\u017een narodnega izdajstva. Kasneje je pomagal pri urejanju Ljubljanskega zvona. Zatem dobi mesto skriptorja v ljubljanski licejski knji\u017enici, delo je opravljal do svoje smrti. Ko se vrne v Ljubljana, se posvem umakne iz javnega in politi\u010dnega \u017eivljenja, zaradi telesnih in psihi\u010dnih naporov zboli za du\u0161evno boleznijo. Tako umre 16. novembra 1887 v Ljubljani.<\/p>\n<p style=\"text-align: justify;\">Fran Levstik je bil nadarjen za mnoga razli\u010dna podro\u010dja delovanja &#8211; pesni\u0161tvo, pripovedni\u0161tvo, dramatika, esejistika, literarna kritika in zgodovina. Bil je za\u010detnik lieterarne smeri, ki se pojavi leta 1858 in \u017eivela je kot vzporedni pojav slovenskega realizma.<\/p>\n<figure id=\"attachment_8206\" class=\"wp-caption alignright\" style=\"max-width: 300px\"><img loading=\"lazy\" decoding=\"async\" class=\"size-full wp-image-8206\" src=\"https:\/\/www.travel-slovenia.si\/wp-content\/uploads\/2018\/09\/travel-slovenia-fran-levstik-martin-krpan1.jpg\" alt=\"\" width=\"300\" height=\"304\" \/><figcaption class=\"wp-caption-text\">Fran Levstik &#8211; Martin Krpan<\/figcaption><\/figure>\n<p style=\"text-align: justify;\">Najbolj znana dela Frana Levstika so Martin Krpan z Vrha (1858), Popotovanje iz Litije do \u010cate\u017ea (1858), Deseti brat (1863), Pesmi (1854), Franjine pesmi (1870) in Tugomer (1876).<\/p>\n<p style=\"text-align: justify;\">Fran Levstik je rasel v dobi mar\u010dne revolucije, ko se je kme\u010dko ljudstvo potegovalo za odpravo zemlji\u0161kega tla\u010danstva. Val velikih narodnih in socialno osvobodilnih idej je zajel tudi njega. Po kon\u010dani peti \u0161oli mu ravnatelj Alojzijevi\u0161\u010da svetuje, da zavod zapusti, saj njegovi nazori ne ustrezajo duhovnemu poklicu, za katerega pripravljajo gojence v zavodu. Levstik je bil velik pisatelj, Slovenec, politik in jezikoslovec. Svojemu na\u010delu ostane zvest do zadnjega trenutka \u017eivljenja, ki ga zapi\u0161e v Tugomerju: &#8220;<em>Trd bodi, neizprosen, mo\u017e jeklen, kadar braniti je \u010dasti in pravde narodu in jeziku svojemu!<\/em>&#8220;<\/p>\n<p style=\"text-align: justify;\">Dve leti po njegovi smrti Levstiku v Velikih La\u0161\u010dah postavijo spomenik, zamislil in postavil ga je velikola\u0161ki podobar Franc Jontez. Odkritja spomenika se je udele\u017eilo nad 40 razli\u010dnih dru\u0161tev, dr\u017eavni in de\u017eelni poslanci, doktorji, profesorji, gostje s Koro\u0161ke, Dunaja, \u010ce\u0161ke, nepregledna kolona vozov in ko\u010dij iz Ljubljane ter ostalih krajev. Ob tej prilo\u017enosti se je manifestiralo slovenstvo v naj\u0161tevil\u010dnej\u0161i in naj\u010distej\u0161i obliki. Slavnostni govornik je bil pisatelj Janko Kersnik, prisoten je bil tudi Ivan Tav\u010dar. Za to prilo\u017enost je Josip Stritar pripravil pesem:<\/p>\n<p style=\"text-align: center;\"><em>&#8220;Jeklena volja, neupognjen vrat,<\/em><br \/>\n<em>prijatelj stanoviten, \u010dlovek zlat.<\/em><br \/>\n<em>V nevihti mo\u017e, naprej, pokonci glavo!<\/em><br \/>\n<em>Visoko nosil sveto je zastavo.&#8221;<\/em><\/p>\n<p style=\"text-align: justify;\">Fran Levstik je bil med sodobniki poznan po samozavesti, kriti\u010dnosti, svojeglavosti in doslednosti. Cenil je svobodnega srednjega kmeta, ki ga je videl v patriarhalni idealnosti in idili\u010dnosti. Spada med generacijo, ki ji pripadata Janez Trdina in Matija Valjavec. Odlo\u010den podpornik vsakega resnega literarnega dela. Obvladal je celotno tedanjo slovensko literaturo in bil zelo kriti\u010den do vsega, kar po njegovem mnenju ni bilo slovensko in slovansko. Njegova jugoslovanska ideja je temeljila na lo\u010dveanju med politi\u010dnim jugoslovanstvom in jezikovnim oziroma kulturnim unitarizmom. Prepri\u010dan je bil, da je jezik eden najve\u017enej\u0161ih znakov narodnosti, da je izraz narodne samobitnosti in merilo kulture. Fran Levstik je bil utemeljitelj slovenstva. Vsako narodno dejanje mu je bilo pomembno.<\/p>\n<p style=\"text-align: justify;\">Dejaven je bil pri taborskem gibanju, Slovenski matici, Ju\u017enem sokolu, v Dramati\u010dnem dru\u0161tvu in ljubljanski \u010ditalnici. Zahteval je odlo\u010den in brezobziren boj za slovenski jezik in narodnost. Je najvidnej\u0161i predstavnik mladoslovencev v boju zoper konservativna politi\u010dna na\u010dela staroslovencev. Po njem so poimenovali Levstikov trg v Ljubljani, Levstikovo ulico v Ljubljani, Levstikovo ulico v Novem mestu, Levstikovo pot in Levstikovo nagrado.<\/p>\n<p>&nbsp;<\/p>\n<table>\n<tbody>\n<tr>\n<td style=\"text-align: center;\"><a href=\"https:\/\/www.travel-slovenia.si\/slo\/zgodovinske-osebnosti\/\"><img loading=\"lazy\" decoding=\"async\" class=\"alignleft wp-image-4499 size-full\" src=\"https:\/\/www.travel-slovenia.si\/slo\/wp-content\/uploads\/2014\/09\/travel-slovenia-povezava-na-drugo.jpg\" alt=\"travel-slovenia-povezava-na-drugo\" width=\"128\" height=\"22\" srcset=\"https:\/\/www.travel-slovenia.si\/slo\/wp-content\/uploads\/2014\/09\/travel-slovenia-povezava-na-drugo.jpg 128w, https:\/\/www.travel-slovenia.si\/slo\/wp-content\/uploads\/2014\/09\/travel-slovenia-povezava-na-drugo-24x4.jpg 24w, https:\/\/www.travel-slovenia.si\/slo\/wp-content\/uploads\/2014\/09\/travel-slovenia-povezava-na-drugo-36x6.jpg 36w, https:\/\/www.travel-slovenia.si\/slo\/wp-content\/uploads\/2014\/09\/travel-slovenia-povezava-na-drugo-48x8.jpg 48w\" sizes=\"auto, (max-width: 128px) 100vw, 128px\" \/><\/a><a href=\"https:\/\/www.travel-slovenia.si\/slo\/zgodovinske-osebnosti\/\">Poglejte \u0161e druge zgodovinske osebnosti!<\/a><a href=\"https:\/\/www.travel-slovenia.si\/slo\/zgodovinske-osebnosti\/\"><img loading=\"lazy\" decoding=\"async\" class=\"alignright wp-image-4500 size-full\" src=\"https:\/\/www.travel-slovenia.si\/slo\/wp-content\/uploads\/2014\/09\/travel-slovenia-povezava-na-drugo2.jpg\" alt=\"travel-slovenia-povezava-na-drugo2\" width=\"128\" height=\"22\" srcset=\"https:\/\/www.travel-slovenia.si\/slo\/wp-content\/uploads\/2014\/09\/travel-slovenia-povezava-na-drugo2.jpg 128w, https:\/\/www.travel-slovenia.si\/slo\/wp-content\/uploads\/2014\/09\/travel-slovenia-povezava-na-drugo2-24x4.jpg 24w, https:\/\/www.travel-slovenia.si\/slo\/wp-content\/uploads\/2014\/09\/travel-slovenia-povezava-na-drugo2-36x6.jpg 36w, https:\/\/www.travel-slovenia.si\/slo\/wp-content\/uploads\/2014\/09\/travel-slovenia-povezava-na-drugo2-48x8.jpg 48w\" sizes=\"auto, (max-width: 128px) 100vw, 128px\" \/><\/a><\/td>\n<\/tr>\n<\/tbody>\n<\/table>\n","protected":false},"excerpt":{"rendered":"<p>Fran Levstik je bil slovenski pisatelj, dramatik, pesnik, kritik in jezikoslovec, ki se je rodil 28. septembra 1831 v Dolnjih Retjah pri Velikih La\u0161\u010dah, kme\u010dki dru\u017eini, umrl je 16. novembra 1887 v Ljubljani. \u0160olal se je na ljubljanski normalki in gimnaziji, mature zaradi sporov s \u0161olskimi oblastmi ni dokon\u010dal. Deloval je kot doma\u010di u\u010ditelj, pozneje [&hellip;]<\/p>\n","protected":false},"author":111,"featured_media":0,"parent":0,"menu_order":0,"comment_status":"closed","ping_status":"closed","template":"","meta":{"footnotes":""},"class_list":["post-7649","page","type-page","status-publish","hentry"],"yoast_head":"<!-- This site is optimized with the Yoast SEO plugin v25.4 - https:\/\/yoast.com\/wordpress\/plugins\/seo\/ -->\n<title>Fran Levstik : Travel-Slovenia<\/title>\n<meta name=\"description\" content=\"Fran Levstik je bil slovenski pisatelj, dramatik, pesnik, kritik in jezikoslovec, ki se je rodil 28. septembra 1831 v Dolnjih Retjah pri Velikih La\u0161\u010dah.\" \/>\n<meta name=\"robots\" content=\"index, follow, max-snippet:-1, max-image-preview:large, max-video-preview:-1\" \/>\n<link rel=\"canonical\" href=\"https:\/\/www.travel-slovenia.si\/slo\/fran-levstik\/\" \/>\n<meta property=\"og:locale\" content=\"sl_SI\" \/>\n<meta property=\"og:type\" content=\"article\" \/>\n<meta property=\"og:title\" content=\"Fran Levstik : Travel-Slovenia\" \/>\n<meta property=\"og:description\" content=\"Fran Levstik je bil slovenski pisatelj, dramatik, pesnik, kritik in jezikoslovec, ki se je rodil 28. septembra 1831 v Dolnjih Retjah pri Velikih La\u0161\u010dah.\" \/>\n<meta property=\"og:url\" content=\"https:\/\/www.travel-slovenia.si\/slo\/fran-levstik\/\" \/>\n<meta property=\"og:site_name\" content=\"Travel Slovenia - Sledite lepotam na\u0161e male dr\u017eavice\" \/>\n<meta property=\"og:image\" content=\"https:\/\/www.travel-slovenia.si\/slo\/wp-content\/uploads\/2018\/09\/travel-slovenia-fran-levstik.jpg\" \/>\n\t<meta property=\"og:image:width\" content=\"600\" \/>\n\t<meta property=\"og:image:height\" content=\"840\" \/>\n\t<meta property=\"og:image:type\" content=\"image\/jpeg\" \/>\n<meta name=\"twitter:card\" content=\"summary_large_image\" \/>\n<meta name=\"twitter:title\" content=\"Fran Levstik : Travel-Slovenia\" \/>\n<meta name=\"twitter:description\" content=\"Fran Levstik je bil slovenski pisatelj, dramatik, pesnik, kritik in jezikoslovec, ki se je rodil 28. septembra 1831 v Dolnjih Retjah pri Velikih La\u0161\u010dah.\" \/>\n<meta name=\"twitter:image\" content=\"https:\/\/www.travel-slovenia.si\/slo\/wp-content\/uploads\/2018\/09\/travel-slovenia-fran-levstik.jpg\" \/>\n<meta name=\"twitter:label1\" content=\"Est. reading time\" \/>\n\t<meta name=\"twitter:data1\" content=\"3 minute\" \/>\n<script type=\"application\/ld+json\" class=\"yoast-schema-graph\">{\"@context\":\"https:\/\/schema.org\",\"@graph\":[{\"@type\":\"WebPage\",\"@id\":\"https:\/\/www.travel-slovenia.si\/slo\/fran-levstik\/\",\"url\":\"https:\/\/www.travel-slovenia.si\/slo\/fran-levstik\/\",\"name\":\"Fran Levstik : Travel-Slovenia\",\"isPartOf\":{\"@id\":\"https:\/\/www.travel-slovenia.si\/slo\/#website\"},\"primaryImageOfPage\":{\"@id\":\"https:\/\/www.travel-slovenia.si\/slo\/fran-levstik\/#primaryimage\"},\"image\":{\"@id\":\"https:\/\/www.travel-slovenia.si\/slo\/fran-levstik\/#primaryimage\"},\"thumbnailUrl\":\"https:\/\/www.travel-slovenia.si\/wp-content\/uploads\/2018\/09\/travel-slovenia-fran-levstik.jpg\",\"datePublished\":\"2018-09-27T10:44:02+00:00\",\"description\":\"Fran Levstik je bil slovenski pisatelj, dramatik, pesnik, kritik in jezikoslovec, ki se je rodil 28. septembra 1831 v Dolnjih Retjah pri Velikih La\u0161\u010dah.\",\"breadcrumb\":{\"@id\":\"https:\/\/www.travel-slovenia.si\/slo\/fran-levstik\/#breadcrumb\"},\"inLanguage\":\"sl-SI\",\"potentialAction\":[{\"@type\":\"ReadAction\",\"target\":[\"https:\/\/www.travel-slovenia.si\/slo\/fran-levstik\/\"]}]},{\"@type\":\"ImageObject\",\"inLanguage\":\"sl-SI\",\"@id\":\"https:\/\/www.travel-slovenia.si\/slo\/fran-levstik\/#primaryimage\",\"url\":\"https:\/\/www.travel-slovenia.si\/wp-content\/uploads\/2018\/09\/travel-slovenia-fran-levstik.jpg\",\"contentUrl\":\"https:\/\/www.travel-slovenia.si\/wp-content\/uploads\/2018\/09\/travel-slovenia-fran-levstik.jpg\"},{\"@type\":\"BreadcrumbList\",\"@id\":\"https:\/\/www.travel-slovenia.si\/slo\/fran-levstik\/#breadcrumb\",\"itemListElement\":[{\"@type\":\"ListItem\",\"position\":1,\"name\":\"Home\",\"item\":\"https:\/\/www.travel-slovenia.si\/slo\/\"},{\"@type\":\"ListItem\",\"position\":2,\"name\":\"Fran Levstik\"}]},{\"@type\":\"WebSite\",\"@id\":\"https:\/\/www.travel-slovenia.si\/slo\/#website\",\"url\":\"https:\/\/www.travel-slovenia.si\/slo\/\",\"name\":\"Travel Slovenia - Sledite lepotam na\u0161e male dr\u017eavice\",\"description\":\"\",\"potentialAction\":[{\"@type\":\"SearchAction\",\"target\":{\"@type\":\"EntryPoint\",\"urlTemplate\":\"https:\/\/www.travel-slovenia.si\/slo\/?s={search_term_string}\"},\"query-input\":{\"@type\":\"PropertyValueSpecification\",\"valueRequired\":true,\"valueName\":\"search_term_string\"}}],\"inLanguage\":\"sl-SI\"}]}<\/script>\n<!-- \/ Yoast SEO plugin. -->","yoast_head_json":{"title":"Fran Levstik : Travel-Slovenia","description":"Fran Levstik je bil slovenski pisatelj, dramatik, pesnik, kritik in jezikoslovec, ki se je rodil 28. septembra 1831 v Dolnjih Retjah pri Velikih La\u0161\u010dah.","robots":{"index":"index","follow":"follow","max-snippet":"max-snippet:-1","max-image-preview":"max-image-preview:large","max-video-preview":"max-video-preview:-1"},"canonical":"https:\/\/www.travel-slovenia.si\/slo\/fran-levstik\/","og_locale":"sl_SI","og_type":"article","og_title":"Fran Levstik : Travel-Slovenia","og_description":"Fran Levstik je bil slovenski pisatelj, dramatik, pesnik, kritik in jezikoslovec, ki se je rodil 28. septembra 1831 v Dolnjih Retjah pri Velikih La\u0161\u010dah.","og_url":"https:\/\/www.travel-slovenia.si\/slo\/fran-levstik\/","og_site_name":"Travel Slovenia - Sledite lepotam na\u0161e male dr\u017eavice","og_image":[{"width":600,"height":840,"url":"https:\/\/www.travel-slovenia.si\/slo\/wp-content\/uploads\/2018\/09\/travel-slovenia-fran-levstik.jpg","type":"image\/jpeg"}],"twitter_card":"summary_large_image","twitter_title":"Fran Levstik : Travel-Slovenia","twitter_description":"Fran Levstik je bil slovenski pisatelj, dramatik, pesnik, kritik in jezikoslovec, ki se je rodil 28. septembra 1831 v Dolnjih Retjah pri Velikih La\u0161\u010dah.","twitter_image":"https:\/\/www.travel-slovenia.si\/slo\/wp-content\/uploads\/2018\/09\/travel-slovenia-fran-levstik.jpg","twitter_misc":{"Est. reading time":"3 minute"},"schema":{"@context":"https:\/\/schema.org","@graph":[{"@type":"WebPage","@id":"https:\/\/www.travel-slovenia.si\/slo\/fran-levstik\/","url":"https:\/\/www.travel-slovenia.si\/slo\/fran-levstik\/","name":"Fran Levstik : Travel-Slovenia","isPartOf":{"@id":"https:\/\/www.travel-slovenia.si\/slo\/#website"},"primaryImageOfPage":{"@id":"https:\/\/www.travel-slovenia.si\/slo\/fran-levstik\/#primaryimage"},"image":{"@id":"https:\/\/www.travel-slovenia.si\/slo\/fran-levstik\/#primaryimage"},"thumbnailUrl":"https:\/\/www.travel-slovenia.si\/wp-content\/uploads\/2018\/09\/travel-slovenia-fran-levstik.jpg","datePublished":"2018-09-27T10:44:02+00:00","description":"Fran Levstik je bil slovenski pisatelj, dramatik, pesnik, kritik in jezikoslovec, ki se je rodil 28. septembra 1831 v Dolnjih Retjah pri Velikih La\u0161\u010dah.","breadcrumb":{"@id":"https:\/\/www.travel-slovenia.si\/slo\/fran-levstik\/#breadcrumb"},"inLanguage":"sl-SI","potentialAction":[{"@type":"ReadAction","target":["https:\/\/www.travel-slovenia.si\/slo\/fran-levstik\/"]}]},{"@type":"ImageObject","inLanguage":"sl-SI","@id":"https:\/\/www.travel-slovenia.si\/slo\/fran-levstik\/#primaryimage","url":"https:\/\/www.travel-slovenia.si\/wp-content\/uploads\/2018\/09\/travel-slovenia-fran-levstik.jpg","contentUrl":"https:\/\/www.travel-slovenia.si\/wp-content\/uploads\/2018\/09\/travel-slovenia-fran-levstik.jpg"},{"@type":"BreadcrumbList","@id":"https:\/\/www.travel-slovenia.si\/slo\/fran-levstik\/#breadcrumb","itemListElement":[{"@type":"ListItem","position":1,"name":"Home","item":"https:\/\/www.travel-slovenia.si\/slo\/"},{"@type":"ListItem","position":2,"name":"Fran Levstik"}]},{"@type":"WebSite","@id":"https:\/\/www.travel-slovenia.si\/slo\/#website","url":"https:\/\/www.travel-slovenia.si\/slo\/","name":"Travel Slovenia - Sledite lepotam na\u0161e male dr\u017eavice","description":"","potentialAction":[{"@type":"SearchAction","target":{"@type":"EntryPoint","urlTemplate":"https:\/\/www.travel-slovenia.si\/slo\/?s={search_term_string}"},"query-input":{"@type":"PropertyValueSpecification","valueRequired":true,"valueName":"search_term_string"}}],"inLanguage":"sl-SI"}]}},"post_mailing_queue_ids":[],"_links":{"self":[{"href":"https:\/\/www.travel-slovenia.si\/slo\/wp-json\/wp\/v2\/pages\/7649","targetHints":{"allow":["GET"]}}],"collection":[{"href":"https:\/\/www.travel-slovenia.si\/slo\/wp-json\/wp\/v2\/pages"}],"about":[{"href":"https:\/\/www.travel-slovenia.si\/slo\/wp-json\/wp\/v2\/types\/page"}],"author":[{"embeddable":true,"href":"https:\/\/www.travel-slovenia.si\/slo\/wp-json\/wp\/v2\/users\/111"}],"replies":[{"embeddable":true,"href":"https:\/\/www.travel-slovenia.si\/slo\/wp-json\/wp\/v2\/comments?post=7649"}],"version-history":[{"count":1,"href":"https:\/\/www.travel-slovenia.si\/slo\/wp-json\/wp\/v2\/pages\/7649\/revisions"}],"predecessor-version":[{"id":7652,"href":"https:\/\/www.travel-slovenia.si\/slo\/wp-json\/wp\/v2\/pages\/7649\/revisions\/7652"}],"wp:attachment":[{"href":"https:\/\/www.travel-slovenia.si\/slo\/wp-json\/wp\/v2\/media?parent=7649"}],"curies":[{"name":"wp","href":"https:\/\/api.w.org\/{rel}","templated":true}]}}