{"id":7613,"date":"2018-09-17T12:53:52","date_gmt":"2018-09-17T10:53:52","guid":{"rendered":"https:\/\/www.travel-slovenia.si\/slo\/?page_id=7613"},"modified":"2018-09-17T13:51:37","modified_gmt":"2018-09-17T11:51:37","slug":"miha-arih","status":"publish","type":"page","link":"https:\/\/www.travel-slovenia.si\/slo\/miha-arih\/","title":{"rendered":"Miha Arih"},"content":{"rendered":"<figure id=\"attachment_7614\" class=\"wp-caption alignleft\" style=\"max-width: 300px\"><img loading=\"lazy\" decoding=\"async\" class=\"wp-image-7614 size-medium\" src=\"https:\/\/www.travel-slovenia.si\/slo\/wp-content\/uploads\/2018\/09\/travel-slovenia-miha-arih-300x176.jpg\" alt=\"\" width=\"300\" height=\"176\" srcset=\"https:\/\/www.travel-slovenia.si\/slo\/wp-content\/uploads\/2018\/09\/travel-slovenia-miha-arih-300x176.jpg 300w, https:\/\/www.travel-slovenia.si\/slo\/wp-content\/uploads\/2018\/09\/travel-slovenia-miha-arih-24x14.jpg 24w, https:\/\/www.travel-slovenia.si\/slo\/wp-content\/uploads\/2018\/09\/travel-slovenia-miha-arih-36x21.jpg 36w, https:\/\/www.travel-slovenia.si\/slo\/wp-content\/uploads\/2018\/09\/travel-slovenia-miha-arih-48x28.jpg 48w, https:\/\/www.travel-slovenia.si\/slo\/wp-content\/uploads\/2018\/09\/travel-slovenia-miha-arih.jpg 495w\" sizes=\"auto, (max-width: 300px) 100vw, 300px\" \/><figcaption class=\"wp-caption-text\">Miha Arih &#8211; Mihol<\/figcaption><\/figure>\n<p style=\"text-align: justify;\">Miha Arih je bil slovenski alpinist in partizan, ki se je rodil 17. septembra 1918, umrl je 9. februarja 1944 v Podkorenu.<\/p>\n<p style=\"text-align: justify;\">Miha Arih se je rodil kme\u010dki dru\u017eini, o\u010detu Jo\u017eetu in materi Ne\u017ei, rojen kot Oman. Poznan pod vzdevkom Mihol. V Hru\u0161ici je delal kot mizar v \u017eelezni\u0161ki mizarski delavnici. Delal je tudi v jeseni\u0161ki \u017eelezarni in v Bosni. Bil je gorski re\u0161evalec in eden najbolj\u0161ih zimskih alpinistov svojega \u010dasa. Alpinisti\u010dnih podvigov se je loteval tudi pozimi ter smeri do 6. te\u017eavnostne stopnje. Lotil se je prvenstvenih smeri v Rakovi \u0161pici (2545 metrov), centralni severni rez v Roglici (2547 metrov, Dolkova \u0161pica). Pre\u010dil je smer \u0160krlatica \u2013 Rakova \u0161pica.<\/p>\n<p style=\"text-align: justify;\">V drugi svetovni vojni je sodeloval v narodno osvobodilnem boju (NOB). Njegova pot se je kon\u010dala, ko ga je ubil sosed, ko je v oskrbovalni partizanski akciji \u017eelel vdreti v njegovo hi\u0161o. Umrl je zaradi izdajstva doma\u010dina. Po njem so poimenovali dom na Vr\u0161i\u010du, Mihov dom. Na doma\u010di hi\u0161i je postavljena spominska plo\u0161\u010da, ob zidu cerkve v Podkorenu pa je ograjen nagrobni kamen. Tja so ga pripeljali doma\u010dini iz mesta, kjer so se med vojno sestajali aktivisti.<\/p>\n<p>&nbsp;<\/p>\n<table>\n<tbody>\n<tr>\n<td style=\"text-align: center;\"><a href=\"https:\/\/www.travel-slovenia.si\/slo\/zgodovinske-osebnosti\/\"><img loading=\"lazy\" decoding=\"async\" class=\"alignleft wp-image-4499 size-full\" src=\"https:\/\/www.travel-slovenia.si\/slo\/wp-content\/uploads\/2014\/09\/travel-slovenia-povezava-na-drugo.jpg\" alt=\"travel-slovenia-povezava-na-drugo\" width=\"128\" height=\"22\" srcset=\"https:\/\/www.travel-slovenia.si\/slo\/wp-content\/uploads\/2014\/09\/travel-slovenia-povezava-na-drugo.jpg 128w, https:\/\/www.travel-slovenia.si\/slo\/wp-content\/uploads\/2014\/09\/travel-slovenia-povezava-na-drugo-24x4.jpg 24w, https:\/\/www.travel-slovenia.si\/slo\/wp-content\/uploads\/2014\/09\/travel-slovenia-povezava-na-drugo-36x6.jpg 36w, https:\/\/www.travel-slovenia.si\/slo\/wp-content\/uploads\/2014\/09\/travel-slovenia-povezava-na-drugo-48x8.jpg 48w\" sizes=\"auto, (max-width: 128px) 100vw, 128px\" \/><\/a><a href=\"https:\/\/www.travel-slovenia.si\/slo\/zgodovinske-osebnosti\/\">Poglejte \u0161e druge zgodovinske osebnosti!<\/a><a href=\"https:\/\/www.travel-slovenia.si\/slo\/zgodovinske-osebnosti\/\"><img loading=\"lazy\" decoding=\"async\" class=\"alignright wp-image-4500 size-full\" src=\"https:\/\/www.travel-slovenia.si\/slo\/wp-content\/uploads\/2014\/09\/travel-slovenia-povezava-na-drugo2.jpg\" alt=\"travel-slovenia-povezava-na-drugo2\" width=\"128\" height=\"22\" srcset=\"https:\/\/www.travel-slovenia.si\/slo\/wp-content\/uploads\/2014\/09\/travel-slovenia-povezava-na-drugo2.jpg 128w, https:\/\/www.travel-slovenia.si\/slo\/wp-content\/uploads\/2014\/09\/travel-slovenia-povezava-na-drugo2-24x4.jpg 24w, https:\/\/www.travel-slovenia.si\/slo\/wp-content\/uploads\/2014\/09\/travel-slovenia-povezava-na-drugo2-36x6.jpg 36w, https:\/\/www.travel-slovenia.si\/slo\/wp-content\/uploads\/2014\/09\/travel-slovenia-povezava-na-drugo2-48x8.jpg 48w\" sizes=\"auto, (max-width: 128px) 100vw, 128px\" \/><\/a><\/td>\n<\/tr>\n<\/tbody>\n<\/table>\n","protected":false},"excerpt":{"rendered":"<p>Miha Arih je bil slovenski alpinist in partizan, ki se je rodil 17. septembra 1918, umrl je 9. februarja 1944 v Podkorenu. Miha Arih se je rodil kme\u010dki dru\u017eini, o\u010detu Jo\u017eetu in materi Ne\u017ei, rojen kot Oman. Poznan pod vzdevkom Mihol. V Hru\u0161ici je delal kot mizar v \u017eelezni\u0161ki mizarski delavnici. Delal je tudi v [&hellip;]<\/p>\n","protected":false},"author":111,"featured_media":0,"parent":0,"menu_order":0,"comment_status":"closed","ping_status":"closed","template":"","meta":{"footnotes":""},"class_list":["post-7613","page","type-page","status-publish","hentry"],"yoast_head":"<!-- This site is optimized with the Yoast SEO plugin v25.4 - https:\/\/yoast.com\/wordpress\/plugins\/seo\/ -->\n<title>Miha Arih : Travel-Slovenia<\/title>\n<meta name=\"description\" content=\"Miha Arih je bil slovenski alpinist in partizan, ki se je rodil 17. septembra 1918, umrl je 9. februarja 1944 v Podkorenu.\" \/>\n<meta name=\"robots\" content=\"index, follow, max-snippet:-1, max-image-preview:large, max-video-preview:-1\" \/>\n<link rel=\"canonical\" href=\"https:\/\/www.travel-slovenia.si\/slo\/miha-arih\/\" \/>\n<meta property=\"og:locale\" content=\"sl_SI\" \/>\n<meta property=\"og:type\" content=\"article\" \/>\n<meta property=\"og:title\" content=\"Miha Arih : Travel-Slovenia\" \/>\n<meta property=\"og:description\" content=\"Miha Arih je bil slovenski alpinist in partizan, ki se je rodil 17. septembra 1918, umrl je 9. februarja 1944 v Podkorenu.\" \/>\n<meta property=\"og:url\" content=\"https:\/\/www.travel-slovenia.si\/slo\/miha-arih\/\" \/>\n<meta property=\"og:site_name\" content=\"Travel Slovenia - Sledite lepotam na\u0161e male dr\u017eavice\" \/>\n<meta property=\"article:modified_time\" content=\"2018-09-17T11:51:37+00:00\" \/>\n<meta property=\"og:image\" content=\"https:\/\/www.travel-slovenia.si\/slo\/wp-content\/uploads\/2018\/09\/travel-slovenia-miha-arih.jpg\" \/>\n\t<meta property=\"og:image:width\" content=\"495\" \/>\n\t<meta property=\"og:image:height\" content=\"290\" \/>\n\t<meta property=\"og:image:type\" content=\"image\/jpeg\" \/>\n<meta name=\"twitter:card\" content=\"summary_large_image\" \/>\n<meta name=\"twitter:title\" content=\"Miha Arih : Travel-Slovenia\" \/>\n<meta name=\"twitter:description\" content=\"Miha Arih je bil slovenski alpinist in partizan, ki se je rodil 17. septembra 1918, umrl je 9. februarja 1944 v Podkorenu.\" \/>\n<meta name=\"twitter:image\" content=\"https:\/\/www.travel-slovenia.si\/slo\/wp-content\/uploads\/2018\/09\/travel-slovenia-miha-arih.jpg\" \/>\n<meta name=\"twitter:label1\" content=\"Est. reading time\" \/>\n\t<meta name=\"twitter:data1\" content=\"1 minuta\" \/>\n<script type=\"application\/ld+json\" class=\"yoast-schema-graph\">{\"@context\":\"https:\/\/schema.org\",\"@graph\":[{\"@type\":\"WebPage\",\"@id\":\"https:\/\/www.travel-slovenia.si\/slo\/miha-arih\/\",\"url\":\"https:\/\/www.travel-slovenia.si\/slo\/miha-arih\/\",\"name\":\"Miha Arih : Travel-Slovenia\",\"isPartOf\":{\"@id\":\"https:\/\/www.travel-slovenia.si\/slo\/#website\"},\"primaryImageOfPage\":{\"@id\":\"https:\/\/www.travel-slovenia.si\/slo\/miha-arih\/#primaryimage\"},\"image\":{\"@id\":\"https:\/\/www.travel-slovenia.si\/slo\/miha-arih\/#primaryimage\"},\"thumbnailUrl\":\"https:\/\/www.travel-slovenia.si\/slo\/wp-content\/uploads\/2018\/09\/travel-slovenia-miha-arih-300x176.jpg\",\"datePublished\":\"2018-09-17T10:53:52+00:00\",\"dateModified\":\"2018-09-17T11:51:37+00:00\",\"description\":\"Miha Arih je bil slovenski alpinist in partizan, ki se je rodil 17. septembra 1918, umrl je 9. februarja 1944 v Podkorenu.\",\"breadcrumb\":{\"@id\":\"https:\/\/www.travel-slovenia.si\/slo\/miha-arih\/#breadcrumb\"},\"inLanguage\":\"sl-SI\",\"potentialAction\":[{\"@type\":\"ReadAction\",\"target\":[\"https:\/\/www.travel-slovenia.si\/slo\/miha-arih\/\"]}]},{\"@type\":\"ImageObject\",\"inLanguage\":\"sl-SI\",\"@id\":\"https:\/\/www.travel-slovenia.si\/slo\/miha-arih\/#primaryimage\",\"url\":\"https:\/\/www.travel-slovenia.si\/slo\/wp-content\/uploads\/2018\/09\/travel-slovenia-miha-arih.jpg\",\"contentUrl\":\"https:\/\/www.travel-slovenia.si\/slo\/wp-content\/uploads\/2018\/09\/travel-slovenia-miha-arih.jpg\",\"width\":495,\"height\":290,\"caption\":\"Miha Arih - Mihol\"},{\"@type\":\"BreadcrumbList\",\"@id\":\"https:\/\/www.travel-slovenia.si\/slo\/miha-arih\/#breadcrumb\",\"itemListElement\":[{\"@type\":\"ListItem\",\"position\":1,\"name\":\"Home\",\"item\":\"https:\/\/www.travel-slovenia.si\/slo\/\"},{\"@type\":\"ListItem\",\"position\":2,\"name\":\"Miha Arih\"}]},{\"@type\":\"WebSite\",\"@id\":\"https:\/\/www.travel-slovenia.si\/slo\/#website\",\"url\":\"https:\/\/www.travel-slovenia.si\/slo\/\",\"name\":\"Travel Slovenia - Sledite lepotam na\u0161e male dr\u017eavice\",\"description\":\"\",\"potentialAction\":[{\"@type\":\"SearchAction\",\"target\":{\"@type\":\"EntryPoint\",\"urlTemplate\":\"https:\/\/www.travel-slovenia.si\/slo\/?s={search_term_string}\"},\"query-input\":{\"@type\":\"PropertyValueSpecification\",\"valueRequired\":true,\"valueName\":\"search_term_string\"}}],\"inLanguage\":\"sl-SI\"}]}<\/script>\n<!-- \/ Yoast SEO plugin. -->","yoast_head_json":{"title":"Miha Arih : Travel-Slovenia","description":"Miha Arih je bil slovenski alpinist in partizan, ki se je rodil 17. septembra 1918, umrl je 9. februarja 1944 v Podkorenu.","robots":{"index":"index","follow":"follow","max-snippet":"max-snippet:-1","max-image-preview":"max-image-preview:large","max-video-preview":"max-video-preview:-1"},"canonical":"https:\/\/www.travel-slovenia.si\/slo\/miha-arih\/","og_locale":"sl_SI","og_type":"article","og_title":"Miha Arih : Travel-Slovenia","og_description":"Miha Arih je bil slovenski alpinist in partizan, ki se je rodil 17. septembra 1918, umrl je 9. februarja 1944 v Podkorenu.","og_url":"https:\/\/www.travel-slovenia.si\/slo\/miha-arih\/","og_site_name":"Travel Slovenia - Sledite lepotam na\u0161e male dr\u017eavice","article_modified_time":"2018-09-17T11:51:37+00:00","og_image":[{"width":495,"height":290,"url":"https:\/\/www.travel-slovenia.si\/slo\/wp-content\/uploads\/2018\/09\/travel-slovenia-miha-arih.jpg","type":"image\/jpeg"}],"twitter_card":"summary_large_image","twitter_title":"Miha Arih : Travel-Slovenia","twitter_description":"Miha Arih je bil slovenski alpinist in partizan, ki se je rodil 17. septembra 1918, umrl je 9. februarja 1944 v Podkorenu.","twitter_image":"https:\/\/www.travel-slovenia.si\/slo\/wp-content\/uploads\/2018\/09\/travel-slovenia-miha-arih.jpg","twitter_misc":{"Est. reading time":"1 minuta"},"schema":{"@context":"https:\/\/schema.org","@graph":[{"@type":"WebPage","@id":"https:\/\/www.travel-slovenia.si\/slo\/miha-arih\/","url":"https:\/\/www.travel-slovenia.si\/slo\/miha-arih\/","name":"Miha Arih : Travel-Slovenia","isPartOf":{"@id":"https:\/\/www.travel-slovenia.si\/slo\/#website"},"primaryImageOfPage":{"@id":"https:\/\/www.travel-slovenia.si\/slo\/miha-arih\/#primaryimage"},"image":{"@id":"https:\/\/www.travel-slovenia.si\/slo\/miha-arih\/#primaryimage"},"thumbnailUrl":"https:\/\/www.travel-slovenia.si\/slo\/wp-content\/uploads\/2018\/09\/travel-slovenia-miha-arih-300x176.jpg","datePublished":"2018-09-17T10:53:52+00:00","dateModified":"2018-09-17T11:51:37+00:00","description":"Miha Arih je bil slovenski alpinist in partizan, ki se je rodil 17. septembra 1918, umrl je 9. februarja 1944 v Podkorenu.","breadcrumb":{"@id":"https:\/\/www.travel-slovenia.si\/slo\/miha-arih\/#breadcrumb"},"inLanguage":"sl-SI","potentialAction":[{"@type":"ReadAction","target":["https:\/\/www.travel-slovenia.si\/slo\/miha-arih\/"]}]},{"@type":"ImageObject","inLanguage":"sl-SI","@id":"https:\/\/www.travel-slovenia.si\/slo\/miha-arih\/#primaryimage","url":"https:\/\/www.travel-slovenia.si\/slo\/wp-content\/uploads\/2018\/09\/travel-slovenia-miha-arih.jpg","contentUrl":"https:\/\/www.travel-slovenia.si\/slo\/wp-content\/uploads\/2018\/09\/travel-slovenia-miha-arih.jpg","width":495,"height":290,"caption":"Miha Arih - Mihol"},{"@type":"BreadcrumbList","@id":"https:\/\/www.travel-slovenia.si\/slo\/miha-arih\/#breadcrumb","itemListElement":[{"@type":"ListItem","position":1,"name":"Home","item":"https:\/\/www.travel-slovenia.si\/slo\/"},{"@type":"ListItem","position":2,"name":"Miha Arih"}]},{"@type":"WebSite","@id":"https:\/\/www.travel-slovenia.si\/slo\/#website","url":"https:\/\/www.travel-slovenia.si\/slo\/","name":"Travel Slovenia - Sledite lepotam na\u0161e male dr\u017eavice","description":"","potentialAction":[{"@type":"SearchAction","target":{"@type":"EntryPoint","urlTemplate":"https:\/\/www.travel-slovenia.si\/slo\/?s={search_term_string}"},"query-input":{"@type":"PropertyValueSpecification","valueRequired":true,"valueName":"search_term_string"}}],"inLanguage":"sl-SI"}]}},"post_mailing_queue_ids":[],"_links":{"self":[{"href":"https:\/\/www.travel-slovenia.si\/slo\/wp-json\/wp\/v2\/pages\/7613","targetHints":{"allow":["GET"]}}],"collection":[{"href":"https:\/\/www.travel-slovenia.si\/slo\/wp-json\/wp\/v2\/pages"}],"about":[{"href":"https:\/\/www.travel-slovenia.si\/slo\/wp-json\/wp\/v2\/types\/page"}],"author":[{"embeddable":true,"href":"https:\/\/www.travel-slovenia.si\/slo\/wp-json\/wp\/v2\/users\/111"}],"replies":[{"embeddable":true,"href":"https:\/\/www.travel-slovenia.si\/slo\/wp-json\/wp\/v2\/comments?post=7613"}],"version-history":[{"count":3,"href":"https:\/\/www.travel-slovenia.si\/slo\/wp-json\/wp\/v2\/pages\/7613\/revisions"}],"predecessor-version":[{"id":7625,"href":"https:\/\/www.travel-slovenia.si\/slo\/wp-json\/wp\/v2\/pages\/7613\/revisions\/7625"}],"wp:attachment":[{"href":"https:\/\/www.travel-slovenia.si\/slo\/wp-json\/wp\/v2\/media?parent=7613"}],"curies":[{"name":"wp","href":"https:\/\/api.w.org\/{rel}","templated":true}]}}