{"id":759,"date":"2014-07-07T19:15:56","date_gmt":"2014-07-07T19:15:56","guid":{"rendered":"https:\/\/www.travel-slovenia.si\/?page_id=759"},"modified":"2015-12-25T20:59:38","modified_gmt":"2015-12-25T19:59:38","slug":"pohodnistvo","status":"publish","type":"page","link":"https:\/\/www.travel-slovenia.si\/slo\/pohodnistvo\/","title":{"rendered":"Pohodni\u0161tvo"},"content":{"rendered":"<p style=\"text-align: justify;\">Pohodni\u0161tvo v Sloveniji je lahko zabavno, zaradi njenega raznolikega terena. Z ravninami na vzhodu, gorami na severu, kra\u0161kim svetom na zahodu, obalo na jugo-zahodu, hribi in trtami na jugu ter\u00a0vmes doline, soteske in razli\u010dni parki. Prijetno se je tudi odpraviti na planine in planote ter u\u017eivati v razledu, ki ga ponujajo.<\/p>\n<p style=\"text-align: justify;\"><strong><em><img loading=\"lazy\" decoding=\"async\" class=\"alignleft size-full wp-image-3568\" src=\"https:\/\/www.travel-slovenia.si\/slo\/wp-content\/uploads\/2014\/07\/travel-sloveina-sosteska.jpg\" alt=\"travel-sloveina-sosteska\" width=\"150\" height=\"150\" srcset=\"https:\/\/www.travel-slovenia.si\/slo\/wp-content\/uploads\/2014\/07\/travel-sloveina-sosteska.jpg 150w, https:\/\/www.travel-slovenia.si\/slo\/wp-content\/uploads\/2014\/07\/travel-sloveina-sosteska-83x83.jpg 83w, https:\/\/www.travel-slovenia.si\/slo\/wp-content\/uploads\/2014\/07\/travel-sloveina-sosteska-55x55.jpg 55w, https:\/\/www.travel-slovenia.si\/slo\/wp-content\/uploads\/2014\/07\/travel-sloveina-sosteska-24x24.jpg 24w, https:\/\/www.travel-slovenia.si\/slo\/wp-content\/uploads\/2014\/07\/travel-sloveina-sosteska-36x36.jpg 36w, https:\/\/www.travel-slovenia.si\/slo\/wp-content\/uploads\/2014\/07\/travel-sloveina-sosteska-48x48.jpg 48w\" sizes=\"auto, (max-width: 150px) 100vw, 150px\" \/>Soteske<\/em><\/strong><br \/>\nSoteska (tudi: duplina, kanjon, soteska, grapa) je globoka ozka dolina s strmimi, delno kamnitimi pobo\u010dji in obi\u010dajno s teko\u010do vodo na dnu. Skozi sotesko po navadi vodi transportna pot (kot je cesta, \u017eeleznica, pe\u0161pot, &#8230;). Nastanek sosteske je posledica globinske erozije.\u00a0[<a href=\"https:\/\/www.travel-slovenia.si\/slo\/soteske\/\">_Obi\u0161\u010dite lokacije_<\/a>]\n<p style=\"text-align: justify;\"><em><strong><img loading=\"lazy\" decoding=\"async\" class=\"alignleft size-full wp-image-3569\" src=\"https:\/\/www.travel-slovenia.si\/slo\/wp-content\/uploads\/2014\/07\/travel-slovenia-dolina.jpg\" alt=\"travel-slovenia-dolina\" width=\"150\" height=\"150\" srcset=\"https:\/\/www.travel-slovenia.si\/slo\/wp-content\/uploads\/2014\/07\/travel-slovenia-dolina.jpg 150w, https:\/\/www.travel-slovenia.si\/slo\/wp-content\/uploads\/2014\/07\/travel-slovenia-dolina-83x83.jpg 83w, https:\/\/www.travel-slovenia.si\/slo\/wp-content\/uploads\/2014\/07\/travel-slovenia-dolina-55x55.jpg 55w, https:\/\/www.travel-slovenia.si\/slo\/wp-content\/uploads\/2014\/07\/travel-slovenia-dolina-24x24.jpg 24w, https:\/\/www.travel-slovenia.si\/slo\/wp-content\/uploads\/2014\/07\/travel-slovenia-dolina-36x36.jpg 36w, https:\/\/www.travel-slovenia.si\/slo\/wp-content\/uploads\/2014\/07\/travel-slovenia-dolina-48x48.jpg 48w\" sizes=\"auto, (max-width: 150px) 100vw, 150px\" \/>Doline<\/strong><\/em><br \/>\nDolina je geografi\u010dno povr\u0161inske oblike, ki je obi\u010dajno preprosta, obkro\u017eena z vi\u0161jimi predeli (hribi ali gorami). Dolina lahko pokriva podro\u010dje nekaj kvadratnih kilometrov do nekaj tiso\u010d kvadratnih kilometrov. Doline so po izvoru deljene na re\u010dne in ledeni\u0161ke. Lahko imajo \u0161iroko ali globoko dno. [<a href=\"https:\/\/www.travel-slovenia.si\/slo\/doline\/\">_Obi\u0161\u010dite lokacije_<\/a>]\n<p style=\"text-align: justify;\"><em><strong><img loading=\"lazy\" decoding=\"async\" class=\"alignleft size-full wp-image-3573\" src=\"https:\/\/www.travel-slovenia.si\/slo\/wp-content\/uploads\/2014\/07\/travel-slovenia-planina.jpg\" alt=\"travel-slovenia-planina\" width=\"150\" height=\"150\" srcset=\"https:\/\/www.travel-slovenia.si\/slo\/wp-content\/uploads\/2014\/07\/travel-slovenia-planina.jpg 150w, https:\/\/www.travel-slovenia.si\/slo\/wp-content\/uploads\/2014\/07\/travel-slovenia-planina-83x83.jpg 83w, https:\/\/www.travel-slovenia.si\/slo\/wp-content\/uploads\/2014\/07\/travel-slovenia-planina-55x55.jpg 55w, https:\/\/www.travel-slovenia.si\/slo\/wp-content\/uploads\/2014\/07\/travel-slovenia-planina-24x24.jpg 24w, https:\/\/www.travel-slovenia.si\/slo\/wp-content\/uploads\/2014\/07\/travel-slovenia-planina-36x36.jpg 36w, https:\/\/www.travel-slovenia.si\/slo\/wp-content\/uploads\/2014\/07\/travel-slovenia-planina-48x48.jpg 48w\" sizes=\"auto, (max-width: 150px) 100vw, 150px\" \/>Planine<\/strong><\/em><br \/>\nPlanina je \u010dasovno omejena pa\u0161na povr\u0161ina. Je podro\u010dje, kjer se pase govedo, konji ali ovce, in kjer so obi\u010dajno stavbe za \u017eivino ter pastirje, pogosto tudi stavbe za predelavo mleka. Planinske pa\u0161nike je ustvaril \u010dlovek z izsekavanjem gozda in s skrbno rabo prilagodil razmeram.\u00a0[<a href=\"https:\/\/www.travel-slovenia.si\/slo\/planine\/\">_Obi\u0161\u010dite lokacije_<\/a>]\n<p style=\"text-align: justify;\"><strong><em><img loading=\"lazy\" decoding=\"async\" class=\"alignleft size-full wp-image-3574\" src=\"https:\/\/www.travel-slovenia.si\/slo\/wp-content\/uploads\/2014\/07\/travel-slovenia-planota.jpg\" alt=\"travel-slovenia-planota\" width=\"150\" height=\"150\" srcset=\"https:\/\/www.travel-slovenia.si\/slo\/wp-content\/uploads\/2014\/07\/travel-slovenia-planota.jpg 150w, https:\/\/www.travel-slovenia.si\/slo\/wp-content\/uploads\/2014\/07\/travel-slovenia-planota-83x83.jpg 83w, https:\/\/www.travel-slovenia.si\/slo\/wp-content\/uploads\/2014\/07\/travel-slovenia-planota-55x55.jpg 55w, https:\/\/www.travel-slovenia.si\/slo\/wp-content\/uploads\/2014\/07\/travel-slovenia-planota-24x24.jpg 24w, https:\/\/www.travel-slovenia.si\/slo\/wp-content\/uploads\/2014\/07\/travel-slovenia-planota-36x36.jpg 36w, https:\/\/www.travel-slovenia.si\/slo\/wp-content\/uploads\/2014\/07\/travel-slovenia-planota-48x48.jpg 48w\" sizes=\"auto, (max-width: 150px) 100vw, 150px\" \/>Planote<\/em><\/strong><br \/>\nPlanota je ravninska, lahko tudi rahlo razgibano geografsko obmo\u010dje na razmeroma visoki nadmorski vi\u0161ini. Planota je sestavni del hribovja ali gorovja. Praviloma je njihova oblika kot prisekan sto\u017eec, obkro\u017een z dolinami. Planota je lahko nastala z vulkansko lavo ali z erozijo s pomo\u010djo vode ali ledenika.\u00a0[<a href=\"https:\/\/www.travel-slovenia.si\/slo\/planote\/\">_Obi\u0161\u010dite lokacije_<\/a>]\n<p style=\"text-align: justify;\"><em><strong><img loading=\"lazy\" decoding=\"async\" class=\"alignleft size-full wp-image-3571\" src=\"https:\/\/www.travel-slovenia.si\/slo\/wp-content\/uploads\/2014\/07\/travel-slovenia-gric.jpg\" alt=\"travel-slovenia-gric\" width=\"150\" height=\"150\" srcset=\"https:\/\/www.travel-slovenia.si\/slo\/wp-content\/uploads\/2014\/07\/travel-slovenia-gric.jpg 150w, https:\/\/www.travel-slovenia.si\/slo\/wp-content\/uploads\/2014\/07\/travel-slovenia-gric-83x83.jpg 83w, https:\/\/www.travel-slovenia.si\/slo\/wp-content\/uploads\/2014\/07\/travel-slovenia-gric-55x55.jpg 55w, https:\/\/www.travel-slovenia.si\/slo\/wp-content\/uploads\/2014\/07\/travel-slovenia-gric-24x24.jpg 24w, https:\/\/www.travel-slovenia.si\/slo\/wp-content\/uploads\/2014\/07\/travel-slovenia-gric-36x36.jpg 36w, https:\/\/www.travel-slovenia.si\/slo\/wp-content\/uploads\/2014\/07\/travel-slovenia-gric-48x48.jpg 48w\" sizes=\"auto, (max-width: 150px) 100vw, 150px\" \/>Gri\u010di<br \/>\n<\/strong>Nadmorska vi\u0161ina od\u00a050 &#8211; 200 metrov<br \/>\n<\/em>Gri\u010d (starodavno holm) je manj\u0161a vzpetina na zemljinem povr\u0161ju. Gri\u010d je lahko sto\u017easte ali okrogle oblike. Ve\u010d med seboj povezanih gri\u010dev\u00a0 se imenujemo gri\u010devje. Majhen gri\u010d, lo\u010den od gri\u010devja, kot je naprimer gora, je gri\u010dek. [<a href=\"https:\/\/www.travel-slovenia.si\/slo\/grici\/\">_Obi\u0161\u010dite lokacije_<\/a>]\n<p style=\"text-align: justify;\"><em><strong><img loading=\"lazy\" decoding=\"async\" class=\"alignleft size-full wp-image-3572\" src=\"https:\/\/www.travel-slovenia.si\/slo\/wp-content\/uploads\/2014\/07\/travel-slovenia-hrib.jpg\" alt=\"travel-slovenia-hrib\" width=\"150\" height=\"150\" srcset=\"https:\/\/www.travel-slovenia.si\/slo\/wp-content\/uploads\/2014\/07\/travel-slovenia-hrib.jpg 150w, https:\/\/www.travel-slovenia.si\/slo\/wp-content\/uploads\/2014\/07\/travel-slovenia-hrib-83x83.jpg 83w, https:\/\/www.travel-slovenia.si\/slo\/wp-content\/uploads\/2014\/07\/travel-slovenia-hrib-55x55.jpg 55w, https:\/\/www.travel-slovenia.si\/slo\/wp-content\/uploads\/2014\/07\/travel-slovenia-hrib-24x24.jpg 24w, https:\/\/www.travel-slovenia.si\/slo\/wp-content\/uploads\/2014\/07\/travel-slovenia-hrib-36x36.jpg 36w, https:\/\/www.travel-slovenia.si\/slo\/wp-content\/uploads\/2014\/07\/travel-slovenia-hrib-48x48.jpg 48w\" sizes=\"auto, (max-width: 150px) 100vw, 150px\" \/>Hribi<br \/>\n<\/strong>Nadmorska vi\u0161ina od 200 &#8211; 800 metrov<br \/>\n<\/em>Hrib je srednje velika vzpetina na zemljinem povr\u0161ju, ki ima enega ali ve\u010d vrhov. Hrib se pojavi, ko gora postopoma prehaja v ni\u017eino. Vrhovi in grebeni so vedno manj\u0161i in manj strmi. Ve\u010d\u00a0med seboj povezanih hribov\u00a0imenujemo hribovje. [<a href=\"https:\/\/www.travel-slovenia.si\/slo\/hribi\/\">_Obi\u0161\u010dite lokacije_<\/a>]\n<p style=\"text-align: justify;\"><em><strong><img loading=\"lazy\" decoding=\"async\" class=\"alignleft size-full wp-image-3570\" src=\"https:\/\/www.travel-slovenia.si\/slo\/wp-content\/uploads\/2014\/07\/travel-slovenia-gora.jpg\" alt=\"travel-slovenia-gora\" width=\"150\" height=\"150\" srcset=\"https:\/\/www.travel-slovenia.si\/slo\/wp-content\/uploads\/2014\/07\/travel-slovenia-gora.jpg 150w, https:\/\/www.travel-slovenia.si\/slo\/wp-content\/uploads\/2014\/07\/travel-slovenia-gora-83x83.jpg 83w, https:\/\/www.travel-slovenia.si\/slo\/wp-content\/uploads\/2014\/07\/travel-slovenia-gora-55x55.jpg 55w, https:\/\/www.travel-slovenia.si\/slo\/wp-content\/uploads\/2014\/07\/travel-slovenia-gora-24x24.jpg 24w, https:\/\/www.travel-slovenia.si\/slo\/wp-content\/uploads\/2014\/07\/travel-slovenia-gora-36x36.jpg 36w, https:\/\/www.travel-slovenia.si\/slo\/wp-content\/uploads\/2014\/07\/travel-slovenia-gora-48x48.jpg 48w\" sizes=\"auto, (max-width: 150px) 100vw, 150px\" \/>Gore<br \/>\n<\/strong>Nadmorska vi\u0161ina od\u00a0800 metrov dalje<strong><br \/>\n<\/strong><\/em>Gora je izrazita vzpetina na zemljinem povr\u0161ju, ki se dviga visoko nad okolico, ponavadi v obliki vrha. Gora je navadno bolj strma od hriba. Nastane pa preko tektonskih sil in vulkanov. Ve\u010d med seboj povezanih gora imenujemo gorovje.\u00a0[<a href=\"https:\/\/www.travel-slovenia.si\/slo\/gore\/\">_Obi\u0161\u010dite lokacije_<\/a>]\n","protected":false},"excerpt":{"rendered":"<p>Pohodni\u0161tvo v Sloveniji je lahko zabavno, zaradi njenega raznolikega terena. Z ravninami na vzhodu, gorami na severu, kra\u0161kim svetom na zahodu, obalo na jugo-zahodu, hribi in trtami na jugu ter\u00a0vmes doline, soteske in razli\u010dni parki. Prijetno se je tudi odpraviti na planine in planote ter u\u017eivati v razledu, ki ga ponujajo. Soteske Soteska (tudi: duplina, [&hellip;]<\/p>\n","protected":false},"author":111,"featured_media":0,"parent":0,"menu_order":0,"comment_status":"closed","ping_status":"closed","template":"","meta":{"footnotes":""},"class_list":["post-759","page","type-page","status-publish","hentry"],"yoast_head":"<!-- This site is optimized with the Yoast SEO plugin v25.4 - https:\/\/yoast.com\/wordpress\/plugins\/seo\/ -->\n<title>Pohodni\u0161tvo : Travel-Slovenia<\/title>\n<meta name=\"description\" content=\"Pohodni\u0161tvo v Sloveniji je lahko zabavno, zaradi njenega raznolikega terena. Od dolin in stotesk, preko planin, planot in hribo do najvi\u0161jih gora.\" \/>\n<meta name=\"robots\" content=\"index, follow, max-snippet:-1, max-image-preview:large, max-video-preview:-1\" \/>\n<link rel=\"canonical\" href=\"https:\/\/www.travel-slovenia.si\/slo\/pohodnistvo\/\" \/>\n<meta property=\"og:locale\" content=\"sl_SI\" \/>\n<meta property=\"og:type\" content=\"article\" \/>\n<meta property=\"og:title\" content=\"Pohodni\u0161tvo : Travel-Slovenia\" \/>\n<meta property=\"og:description\" content=\"Pohodni\u0161tvo v Sloveniji je lahko zabavno, zaradi njenega raznolikega terena. Od dolin in stotesk, preko planin, planot in hribo do najvi\u0161jih gora.\" \/>\n<meta property=\"og:url\" content=\"https:\/\/www.travel-slovenia.si\/slo\/pohodnistvo\/\" \/>\n<meta property=\"og:site_name\" content=\"Travel Slovenia - Sledite lepotam na\u0161e male dr\u017eavice\" \/>\n<meta property=\"article:modified_time\" content=\"2015-12-25T19:59:38+00:00\" \/>\n<meta property=\"og:image\" content=\"https:\/\/www.travel-slovenia.si\/slo\/wp-content\/uploads\/2014\/07\/travel-slovenia-gora.jpg\" \/>\n\t<meta property=\"og:image:width\" content=\"150\" \/>\n\t<meta property=\"og:image:height\" content=\"150\" \/>\n\t<meta property=\"og:image:type\" content=\"image\/jpeg\" \/>\n<meta name=\"twitter:card\" content=\"summary_large_image\" \/>\n<meta name=\"twitter:title\" content=\"Pohodni\u0161tvo : Travel-Slovenia\" \/>\n<meta name=\"twitter:description\" content=\"Pohodni\u0161tvo v Sloveniji je lahko zabavno, zaradi njenega raznolikega terena. Od dolin in stotesk, preko planin, planot in hribo do najvi\u0161jih gora.\" \/>\n<meta name=\"twitter:image\" content=\"https:\/\/www.travel-slovenia.si\/slo\/wp-content\/uploads\/2014\/07\/travel-slovenia-gora.jpg\" \/>\n<meta name=\"twitter:label1\" content=\"Est. reading time\" \/>\n\t<meta name=\"twitter:data1\" content=\"2 minuti\" \/>\n<script type=\"application\/ld+json\" class=\"yoast-schema-graph\">{\"@context\":\"https:\/\/schema.org\",\"@graph\":[{\"@type\":\"WebPage\",\"@id\":\"https:\/\/www.travel-slovenia.si\/slo\/pohodnistvo\/\",\"url\":\"https:\/\/www.travel-slovenia.si\/slo\/pohodnistvo\/\",\"name\":\"Pohodni\u0161tvo : Travel-Slovenia\",\"isPartOf\":{\"@id\":\"https:\/\/www.travel-slovenia.si\/slo\/#website\"},\"primaryImageOfPage\":{\"@id\":\"https:\/\/www.travel-slovenia.si\/slo\/pohodnistvo\/#primaryimage\"},\"image\":{\"@id\":\"https:\/\/www.travel-slovenia.si\/slo\/pohodnistvo\/#primaryimage\"},\"thumbnailUrl\":\"https:\/\/www.travel-slovenia.si\/slo\/wp-content\/uploads\/2014\/07\/travel-sloveina-sosteska.jpg\",\"datePublished\":\"2014-07-07T19:15:56+00:00\",\"dateModified\":\"2015-12-25T19:59:38+00:00\",\"description\":\"Pohodni\u0161tvo v Sloveniji je lahko zabavno, zaradi njenega raznolikega terena. Od dolin in stotesk, preko planin, planot in hribo do najvi\u0161jih gora.\",\"breadcrumb\":{\"@id\":\"https:\/\/www.travel-slovenia.si\/slo\/pohodnistvo\/#breadcrumb\"},\"inLanguage\":\"sl-SI\",\"potentialAction\":[{\"@type\":\"ReadAction\",\"target\":[\"https:\/\/www.travel-slovenia.si\/slo\/pohodnistvo\/\"]}]},{\"@type\":\"ImageObject\",\"inLanguage\":\"sl-SI\",\"@id\":\"https:\/\/www.travel-slovenia.si\/slo\/pohodnistvo\/#primaryimage\",\"url\":\"https:\/\/www.travel-slovenia.si\/slo\/wp-content\/uploads\/2014\/07\/travel-sloveina-sosteska.jpg\",\"contentUrl\":\"https:\/\/www.travel-slovenia.si\/slo\/wp-content\/uploads\/2014\/07\/travel-sloveina-sosteska.jpg\",\"width\":150,\"height\":150},{\"@type\":\"BreadcrumbList\",\"@id\":\"https:\/\/www.travel-slovenia.si\/slo\/pohodnistvo\/#breadcrumb\",\"itemListElement\":[{\"@type\":\"ListItem\",\"position\":1,\"name\":\"Home\",\"item\":\"https:\/\/www.travel-slovenia.si\/slo\/\"},{\"@type\":\"ListItem\",\"position\":2,\"name\":\"Pohodni\u0161tvo\"}]},{\"@type\":\"WebSite\",\"@id\":\"https:\/\/www.travel-slovenia.si\/slo\/#website\",\"url\":\"https:\/\/www.travel-slovenia.si\/slo\/\",\"name\":\"Travel Slovenia - Sledite lepotam na\u0161e male dr\u017eavice\",\"description\":\"\",\"potentialAction\":[{\"@type\":\"SearchAction\",\"target\":{\"@type\":\"EntryPoint\",\"urlTemplate\":\"https:\/\/www.travel-slovenia.si\/slo\/?s={search_term_string}\"},\"query-input\":{\"@type\":\"PropertyValueSpecification\",\"valueRequired\":true,\"valueName\":\"search_term_string\"}}],\"inLanguage\":\"sl-SI\"}]}<\/script>\n<!-- \/ Yoast SEO plugin. -->","yoast_head_json":{"title":"Pohodni\u0161tvo : Travel-Slovenia","description":"Pohodni\u0161tvo v Sloveniji je lahko zabavno, zaradi njenega raznolikega terena. Od dolin in stotesk, preko planin, planot in hribo do najvi\u0161jih gora.","robots":{"index":"index","follow":"follow","max-snippet":"max-snippet:-1","max-image-preview":"max-image-preview:large","max-video-preview":"max-video-preview:-1"},"canonical":"https:\/\/www.travel-slovenia.si\/slo\/pohodnistvo\/","og_locale":"sl_SI","og_type":"article","og_title":"Pohodni\u0161tvo : Travel-Slovenia","og_description":"Pohodni\u0161tvo v Sloveniji je lahko zabavno, zaradi njenega raznolikega terena. Od dolin in stotesk, preko planin, planot in hribo do najvi\u0161jih gora.","og_url":"https:\/\/www.travel-slovenia.si\/slo\/pohodnistvo\/","og_site_name":"Travel Slovenia - Sledite lepotam na\u0161e male dr\u017eavice","article_modified_time":"2015-12-25T19:59:38+00:00","og_image":[{"width":150,"height":150,"url":"https:\/\/www.travel-slovenia.si\/slo\/wp-content\/uploads\/2014\/07\/travel-slovenia-gora.jpg","type":"image\/jpeg"}],"twitter_card":"summary_large_image","twitter_title":"Pohodni\u0161tvo : Travel-Slovenia","twitter_description":"Pohodni\u0161tvo v Sloveniji je lahko zabavno, zaradi njenega raznolikega terena. Od dolin in stotesk, preko planin, planot in hribo do najvi\u0161jih gora.","twitter_image":"https:\/\/www.travel-slovenia.si\/slo\/wp-content\/uploads\/2014\/07\/travel-slovenia-gora.jpg","twitter_misc":{"Est. reading time":"2 minuti"},"schema":{"@context":"https:\/\/schema.org","@graph":[{"@type":"WebPage","@id":"https:\/\/www.travel-slovenia.si\/slo\/pohodnistvo\/","url":"https:\/\/www.travel-slovenia.si\/slo\/pohodnistvo\/","name":"Pohodni\u0161tvo : Travel-Slovenia","isPartOf":{"@id":"https:\/\/www.travel-slovenia.si\/slo\/#website"},"primaryImageOfPage":{"@id":"https:\/\/www.travel-slovenia.si\/slo\/pohodnistvo\/#primaryimage"},"image":{"@id":"https:\/\/www.travel-slovenia.si\/slo\/pohodnistvo\/#primaryimage"},"thumbnailUrl":"https:\/\/www.travel-slovenia.si\/slo\/wp-content\/uploads\/2014\/07\/travel-sloveina-sosteska.jpg","datePublished":"2014-07-07T19:15:56+00:00","dateModified":"2015-12-25T19:59:38+00:00","description":"Pohodni\u0161tvo v Sloveniji je lahko zabavno, zaradi njenega raznolikega terena. Od dolin in stotesk, preko planin, planot in hribo do najvi\u0161jih gora.","breadcrumb":{"@id":"https:\/\/www.travel-slovenia.si\/slo\/pohodnistvo\/#breadcrumb"},"inLanguage":"sl-SI","potentialAction":[{"@type":"ReadAction","target":["https:\/\/www.travel-slovenia.si\/slo\/pohodnistvo\/"]}]},{"@type":"ImageObject","inLanguage":"sl-SI","@id":"https:\/\/www.travel-slovenia.si\/slo\/pohodnistvo\/#primaryimage","url":"https:\/\/www.travel-slovenia.si\/slo\/wp-content\/uploads\/2014\/07\/travel-sloveina-sosteska.jpg","contentUrl":"https:\/\/www.travel-slovenia.si\/slo\/wp-content\/uploads\/2014\/07\/travel-sloveina-sosteska.jpg","width":150,"height":150},{"@type":"BreadcrumbList","@id":"https:\/\/www.travel-slovenia.si\/slo\/pohodnistvo\/#breadcrumb","itemListElement":[{"@type":"ListItem","position":1,"name":"Home","item":"https:\/\/www.travel-slovenia.si\/slo\/"},{"@type":"ListItem","position":2,"name":"Pohodni\u0161tvo"}]},{"@type":"WebSite","@id":"https:\/\/www.travel-slovenia.si\/slo\/#website","url":"https:\/\/www.travel-slovenia.si\/slo\/","name":"Travel Slovenia - Sledite lepotam na\u0161e male dr\u017eavice","description":"","potentialAction":[{"@type":"SearchAction","target":{"@type":"EntryPoint","urlTemplate":"https:\/\/www.travel-slovenia.si\/slo\/?s={search_term_string}"},"query-input":{"@type":"PropertyValueSpecification","valueRequired":true,"valueName":"search_term_string"}}],"inLanguage":"sl-SI"}]}},"post_mailing_queue_ids":[],"_links":{"self":[{"href":"https:\/\/www.travel-slovenia.si\/slo\/wp-json\/wp\/v2\/pages\/759","targetHints":{"allow":["GET"]}}],"collection":[{"href":"https:\/\/www.travel-slovenia.si\/slo\/wp-json\/wp\/v2\/pages"}],"about":[{"href":"https:\/\/www.travel-slovenia.si\/slo\/wp-json\/wp\/v2\/types\/page"}],"author":[{"embeddable":true,"href":"https:\/\/www.travel-slovenia.si\/slo\/wp-json\/wp\/v2\/users\/111"}],"replies":[{"embeddable":true,"href":"https:\/\/www.travel-slovenia.si\/slo\/wp-json\/wp\/v2\/comments?post=759"}],"version-history":[{"count":92,"href":"https:\/\/www.travel-slovenia.si\/slo\/wp-json\/wp\/v2\/pages\/759\/revisions"}],"predecessor-version":[{"id":4621,"href":"https:\/\/www.travel-slovenia.si\/slo\/wp-json\/wp\/v2\/pages\/759\/revisions\/4621"}],"wp:attachment":[{"href":"https:\/\/www.travel-slovenia.si\/slo\/wp-json\/wp\/v2\/media?parent=759"}],"curies":[{"name":"wp","href":"https:\/\/api.w.org\/{rel}","templated":true}]}}