{"id":7571,"date":"2018-09-06T10:08:33","date_gmt":"2018-09-06T08:08:33","guid":{"rendered":"https:\/\/www.travel-slovenia.si\/slo\/?page_id=7571"},"modified":"2018-09-07T10:20:21","modified_gmt":"2018-09-07T08:20:21","slug":"7-september","status":"publish","type":"page","link":"https:\/\/www.travel-slovenia.si\/slo\/7-september\/","title":{"rendered":"7. september"},"content":{"rendered":"<p style=\"text-align: justify;\"><a href=\"https:\/\/www.travel-slovenia.si\/slo\/miroslav-vilhar\/\"><img loading=\"lazy\" decoding=\"async\" class=\"alignleft size-full wp-image-8068\" src=\"https:\/\/www.travel-slovenia.si\/wp-content\/uploads\/2018\/09\/travel-slovenia-miroslav-vilhar-view.jpg\" alt=\"\" width=\"150\" height=\"150\" \/><\/a><a href=\"https:\/\/www.travel-slovenia.si\/slo\/miroslav-vilhar\/\"><strong><em>Miroslav Vilhar<\/em><\/strong><\/a><br \/>\nNa dana\u0161nji dan leta 1818 se je v Zgornji Planini pri Rakeku rodil slovenski skladatelj, pesnik, dramatik, \u010dasnikar in politik Miroslav Vilhar. Umrl je na gradu Kalec 6. avgusta 1871. V slovenski literarni zgodovini je Vilhar najve\u010dkrat omenjen kot pisec \u010ditalni\u0161ke dramatike in ponarodelih pesmi. [<a href=\"https:\/\/www.travel-slovenia.si\/slo\/miroslav-vilhar\/\">_Read more_<\/a>]\n","protected":false},"excerpt":{"rendered":"<p>Miroslav Vilhar Na dana\u0161nji dan leta 1818 se je v Zgornji Planini pri Rakeku rodil slovenski skladatelj, pesnik, dramatik, \u010dasnikar in politik Miroslav Vilhar. Umrl je na gradu Kalec 6. avgusta 1871. V slovenski literarni zgodovini je Vilhar najve\u010dkrat omenjen kot pisec \u010ditalni\u0161ke dramatike in ponarodelih pesmi. [_Read more_]<\/p>\n","protected":false},"author":111,"featured_media":0,"parent":0,"menu_order":0,"comment_status":"closed","ping_status":"closed","template":"","meta":{"footnotes":""},"class_list":["post-7571","page","type-page","status-publish","hentry"],"yoast_head":"<!-- This site is optimized with the Yoast SEO plugin v25.4 - https:\/\/yoast.com\/wordpress\/plugins\/seo\/ -->\n<title>7. september : Travel-Slovenia<\/title>\n<meta name=\"description\" content=\"Pretekli dogodki, ki so se zgodili na datum 7. septembra in so v dolo\u010deni meri zaznamovali Slovenijo.\" \/>\n<meta name=\"robots\" content=\"index, follow, max-snippet:-1, max-image-preview:large, max-video-preview:-1\" \/>\n<link rel=\"canonical\" href=\"https:\/\/www.travel-slovenia.si\/slo\/7-september\/\" \/>\n<meta property=\"og:locale\" content=\"sl_SI\" \/>\n<meta property=\"og:type\" content=\"article\" \/>\n<meta property=\"og:title\" content=\"7. september : Travel-Slovenia\" \/>\n<meta property=\"og:description\" content=\"Pretekli dogodki, ki so se zgodili na datum 7. septembra in so v dolo\u010deni meri zaznamovali Slovenijo.\" \/>\n<meta property=\"og:url\" content=\"https:\/\/www.travel-slovenia.si\/slo\/7-september\/\" \/>\n<meta property=\"og:site_name\" content=\"Travel Slovenia - Sledite lepotam na\u0161e male dr\u017eavice\" \/>\n<meta property=\"article:modified_time\" content=\"2018-09-07T08:20:21+00:00\" \/>\n<meta property=\"og:image\" content=\"https:\/\/www.travel-slovenia.si\/slo\/wp-content\/uploads\/2018\/09\/travel-slovenia-miroslav-vilhar.jpg\" \/>\n\t<meta property=\"og:image:width\" content=\"600\" \/>\n\t<meta property=\"og:image:height\" content=\"683\" \/>\n\t<meta property=\"og:image:type\" content=\"image\/jpeg\" \/>\n<meta name=\"twitter:card\" content=\"summary_large_image\" \/>\n<meta name=\"twitter:title\" content=\"7. september : Travel-Slovenia\" \/>\n<meta name=\"twitter:description\" content=\"Pretekli dogodki, ki so se zgodili na datum 7. septembra in so v dolo\u010deni meri zaznamovali Slovenijo.\" \/>\n<meta name=\"twitter:image\" content=\"https:\/\/www.travel-slovenia.si\/slo\/wp-content\/uploads\/2018\/09\/travel-slovenia-miroslav-vilhar.jpg\" \/>\n<script type=\"application\/ld+json\" class=\"yoast-schema-graph\">{\"@context\":\"https:\/\/schema.org\",\"@graph\":[{\"@type\":\"WebPage\",\"@id\":\"https:\/\/www.travel-slovenia.si\/slo\/7-september\/\",\"url\":\"https:\/\/www.travel-slovenia.si\/slo\/7-september\/\",\"name\":\"7. september : Travel-Slovenia\",\"isPartOf\":{\"@id\":\"https:\/\/www.travel-slovenia.si\/slo\/#website\"},\"primaryImageOfPage\":{\"@id\":\"https:\/\/www.travel-slovenia.si\/slo\/7-september\/#primaryimage\"},\"image\":{\"@id\":\"https:\/\/www.travel-slovenia.si\/slo\/7-september\/#primaryimage\"},\"thumbnailUrl\":\"https:\/\/www.travel-slovenia.si\/wp-content\/uploads\/2018\/09\/travel-slovenia-miroslav-vilhar-view.jpg\",\"datePublished\":\"2018-09-06T08:08:33+00:00\",\"dateModified\":\"2018-09-07T08:20:21+00:00\",\"description\":\"Pretekli dogodki, ki so se zgodili na datum 7. septembra in so v dolo\u010deni meri zaznamovali Slovenijo.\",\"breadcrumb\":{\"@id\":\"https:\/\/www.travel-slovenia.si\/slo\/7-september\/#breadcrumb\"},\"inLanguage\":\"sl-SI\",\"potentialAction\":[{\"@type\":\"ReadAction\",\"target\":[\"https:\/\/www.travel-slovenia.si\/slo\/7-september\/\"]}]},{\"@type\":\"ImageObject\",\"inLanguage\":\"sl-SI\",\"@id\":\"https:\/\/www.travel-slovenia.si\/slo\/7-september\/#primaryimage\",\"url\":\"https:\/\/www.travel-slovenia.si\/wp-content\/uploads\/2018\/09\/travel-slovenia-miroslav-vilhar-view.jpg\",\"contentUrl\":\"https:\/\/www.travel-slovenia.si\/wp-content\/uploads\/2018\/09\/travel-slovenia-miroslav-vilhar-view.jpg\"},{\"@type\":\"BreadcrumbList\",\"@id\":\"https:\/\/www.travel-slovenia.si\/slo\/7-september\/#breadcrumb\",\"itemListElement\":[{\"@type\":\"ListItem\",\"position\":1,\"name\":\"Home\",\"item\":\"https:\/\/www.travel-slovenia.si\/slo\/\"},{\"@type\":\"ListItem\",\"position\":2,\"name\":\"7. september\"}]},{\"@type\":\"WebSite\",\"@id\":\"https:\/\/www.travel-slovenia.si\/slo\/#website\",\"url\":\"https:\/\/www.travel-slovenia.si\/slo\/\",\"name\":\"Travel Slovenia - Sledite lepotam na\u0161e male dr\u017eavice\",\"description\":\"\",\"potentialAction\":[{\"@type\":\"SearchAction\",\"target\":{\"@type\":\"EntryPoint\",\"urlTemplate\":\"https:\/\/www.travel-slovenia.si\/slo\/?s={search_term_string}\"},\"query-input\":{\"@type\":\"PropertyValueSpecification\",\"valueRequired\":true,\"valueName\":\"search_term_string\"}}],\"inLanguage\":\"sl-SI\"}]}<\/script>\n<!-- \/ Yoast SEO plugin. -->","yoast_head_json":{"title":"7. september : Travel-Slovenia","description":"Pretekli dogodki, ki so se zgodili na datum 7. septembra in so v dolo\u010deni meri zaznamovali Slovenijo.","robots":{"index":"index","follow":"follow","max-snippet":"max-snippet:-1","max-image-preview":"max-image-preview:large","max-video-preview":"max-video-preview:-1"},"canonical":"https:\/\/www.travel-slovenia.si\/slo\/7-september\/","og_locale":"sl_SI","og_type":"article","og_title":"7. september : Travel-Slovenia","og_description":"Pretekli dogodki, ki so se zgodili na datum 7. septembra in so v dolo\u010deni meri zaznamovali Slovenijo.","og_url":"https:\/\/www.travel-slovenia.si\/slo\/7-september\/","og_site_name":"Travel Slovenia - Sledite lepotam na\u0161e male dr\u017eavice","article_modified_time":"2018-09-07T08:20:21+00:00","og_image":[{"width":600,"height":683,"url":"https:\/\/www.travel-slovenia.si\/slo\/wp-content\/uploads\/2018\/09\/travel-slovenia-miroslav-vilhar.jpg","type":"image\/jpeg"}],"twitter_card":"summary_large_image","twitter_title":"7. september : Travel-Slovenia","twitter_description":"Pretekli dogodki, ki so se zgodili na datum 7. septembra in so v dolo\u010deni meri zaznamovali Slovenijo.","twitter_image":"https:\/\/www.travel-slovenia.si\/slo\/wp-content\/uploads\/2018\/09\/travel-slovenia-miroslav-vilhar.jpg","schema":{"@context":"https:\/\/schema.org","@graph":[{"@type":"WebPage","@id":"https:\/\/www.travel-slovenia.si\/slo\/7-september\/","url":"https:\/\/www.travel-slovenia.si\/slo\/7-september\/","name":"7. september : Travel-Slovenia","isPartOf":{"@id":"https:\/\/www.travel-slovenia.si\/slo\/#website"},"primaryImageOfPage":{"@id":"https:\/\/www.travel-slovenia.si\/slo\/7-september\/#primaryimage"},"image":{"@id":"https:\/\/www.travel-slovenia.si\/slo\/7-september\/#primaryimage"},"thumbnailUrl":"https:\/\/www.travel-slovenia.si\/wp-content\/uploads\/2018\/09\/travel-slovenia-miroslav-vilhar-view.jpg","datePublished":"2018-09-06T08:08:33+00:00","dateModified":"2018-09-07T08:20:21+00:00","description":"Pretekli dogodki, ki so se zgodili na datum 7. septembra in so v dolo\u010deni meri zaznamovali Slovenijo.","breadcrumb":{"@id":"https:\/\/www.travel-slovenia.si\/slo\/7-september\/#breadcrumb"},"inLanguage":"sl-SI","potentialAction":[{"@type":"ReadAction","target":["https:\/\/www.travel-slovenia.si\/slo\/7-september\/"]}]},{"@type":"ImageObject","inLanguage":"sl-SI","@id":"https:\/\/www.travel-slovenia.si\/slo\/7-september\/#primaryimage","url":"https:\/\/www.travel-slovenia.si\/wp-content\/uploads\/2018\/09\/travel-slovenia-miroslav-vilhar-view.jpg","contentUrl":"https:\/\/www.travel-slovenia.si\/wp-content\/uploads\/2018\/09\/travel-slovenia-miroslav-vilhar-view.jpg"},{"@type":"BreadcrumbList","@id":"https:\/\/www.travel-slovenia.si\/slo\/7-september\/#breadcrumb","itemListElement":[{"@type":"ListItem","position":1,"name":"Home","item":"https:\/\/www.travel-slovenia.si\/slo\/"},{"@type":"ListItem","position":2,"name":"7. september"}]},{"@type":"WebSite","@id":"https:\/\/www.travel-slovenia.si\/slo\/#website","url":"https:\/\/www.travel-slovenia.si\/slo\/","name":"Travel Slovenia - Sledite lepotam na\u0161e male dr\u017eavice","description":"","potentialAction":[{"@type":"SearchAction","target":{"@type":"EntryPoint","urlTemplate":"https:\/\/www.travel-slovenia.si\/slo\/?s={search_term_string}"},"query-input":{"@type":"PropertyValueSpecification","valueRequired":true,"valueName":"search_term_string"}}],"inLanguage":"sl-SI"}]}},"post_mailing_queue_ids":[],"_links":{"self":[{"href":"https:\/\/www.travel-slovenia.si\/slo\/wp-json\/wp\/v2\/pages\/7571","targetHints":{"allow":["GET"]}}],"collection":[{"href":"https:\/\/www.travel-slovenia.si\/slo\/wp-json\/wp\/v2\/pages"}],"about":[{"href":"https:\/\/www.travel-slovenia.si\/slo\/wp-json\/wp\/v2\/types\/page"}],"author":[{"embeddable":true,"href":"https:\/\/www.travel-slovenia.si\/slo\/wp-json\/wp\/v2\/users\/111"}],"replies":[{"embeddable":true,"href":"https:\/\/www.travel-slovenia.si\/slo\/wp-json\/wp\/v2\/comments?post=7571"}],"version-history":[{"count":3,"href":"https:\/\/www.travel-slovenia.si\/slo\/wp-json\/wp\/v2\/pages\/7571\/revisions"}],"predecessor-version":[{"id":7595,"href":"https:\/\/www.travel-slovenia.si\/slo\/wp-json\/wp\/v2\/pages\/7571\/revisions\/7595"}],"wp:attachment":[{"href":"https:\/\/www.travel-slovenia.si\/slo\/wp-json\/wp\/v2\/media?parent=7571"}],"curies":[{"name":"wp","href":"https:\/\/api.w.org\/{rel}","templated":true}]}}