{"id":7566,"date":"2018-09-06T10:06:01","date_gmt":"2018-09-06T08:06:01","guid":{"rendered":"https:\/\/www.travel-slovenia.si\/slo\/?page_id=7566"},"modified":"2018-09-06T10:06:01","modified_gmt":"2018-09-06T08:06:01","slug":"miroslav-vilhar","status":"publish","type":"page","link":"https:\/\/www.travel-slovenia.si\/slo\/miroslav-vilhar\/","title":{"rendered":"Miroslav Vilhar"},"content":{"rendered":"<figure id=\"attachment_8066\" class=\"wp-caption alignleft\" style=\"max-width: 300px\"><img loading=\"lazy\" decoding=\"async\" class=\"wp-image-8066\" src=\"https:\/\/www.travel-slovenia.si\/wp-content\/uploads\/2018\/09\/travel-slovenia-miroslav-vilhar.jpg\" alt=\"\" width=\"300\" height=\"341\" \/><figcaption class=\"wp-caption-text\">Miroslav Vilhar<\/figcaption><\/figure>\n<p style=\"text-align: justify;\">Miroslav Vilhar je bil slovenski skladatelj, pesnik, dramatik, \u010dasnikar in politik, ki se je rodil 7. septembra 1818 v Zgornji Planini pri Rakeku, umrl je 6. avgusta 1871 na gradu Kalec. Njegovo prvotno ime, vpisano v mati\u010dni knjigi, je bilo Freidrich Karl Wilicher, a je ime kasneje poslovenil.<\/p>\n<p style=\"text-align: justify;\">\u0160olanje je pri\u010del v Postojni, kjer je zaklju\u010dil osnovno \u0161olo in nadaljeval z obiskom gimnazije v \u0160t. Pavlu na Koro\u0161kem. Po diplomi se vpi\u0161e na pravo v Gradcu, kasneje pa na Dunaj. V \u010dasu bivanja v Gradcu je bil Miroslav glasbeno in pesni\u0161ko aktiven, vendar je pisal v nem\u0161kem jeziku. Prva dela je izdal leta 1842 v nem\u0161kem jeziku, posvetil jih je gra\u0161kim pravnikom. Leto kasneje, 1843, se vrne v doma\u010di kraj, kjer se poro\u010di z Jo\u017eefo Dejakovo in Seno\u017ee\u010d. \u017divela sta na Kalcu in imela devet otrok: Evgen, Alfonz, Jo\u017eefa, Friderika, Karolina, Franca, Serafina, Julija, Viljemina in Ivana.<\/p>\n<p style=\"text-align: justify;\">V tem \u010dasu je spoznal narodno zavedne prijatelje, s \u010dimer je spoznal svojo narodnost in nalogo. Tako se pri\u010dne u\u010diti slovenskega jezika in kaj kmalu napi\u0161e svojo prvo slovensko pesem Pred\u010dutki, ki izzide v Novicah leta 1845. Sodeloval in objavljal je pri vseh vodilnih \u010dasopisih s podpisom Miroslav &#8211; Novice in Slovenski glasnik. V dopisih Iz Kalca je pisal o aktualnih dogodkih v doma\u010dih krajih. Leta 1858 je v Kalace pri\u0161el Fran Levstik, kateremu je v branje rad dajal svoje pesmi, a ni prav rad poslu\u0161al njegovih ostrih kritik.<\/p>\n<figure id=\"attachment_8072\" class=\"wp-caption alignright\" style=\"max-width: 300px\"><img loading=\"lazy\" decoding=\"async\" class=\"size-medium wp-image-8072\" src=\"https:\/\/www.travel-slovenia.si\/wp-content\/uploads\/2018\/09\/travel-slovenia-miroslav-vilhar-pesmi-300x233.jpg\" alt=\"\" width=\"300\" height=\"233\" \/><figcaption class=\"wp-caption-text\">The poems of Miroslav Vilhar<\/figcaption><\/figure>\n<p style=\"text-align: justify;\">Njegove pesmi so se pojavljale na \u010ditalni\u0161kih prireditvah, le teh se je tudi sam udele\u017eeval, ko se je z dru\u017eino leta 1861 preselil v Ljubljano zaradi \u0161olanja otrok in njegovega politi\u010dnega udejstvovanja. Za de\u017eelnega poslanca je bil izvoljen 21. marca 1861, a ni bil prav posebno nadarjen za politi\u010dno \u017eivljenje. \u017de na prvi seji, 8. aprila, se je zameril naprednjakom, ko je v pogovoru o Tomanovem predlogu o sloven\u0161\u010dini kot debatnem jeziku podprl nem\u0161\u010dino. Od takrat je Vilhar vedno podpiral slovensko stranko.<\/p>\n<p style=\"text-align: justify;\">Z izdajanjem prvega slovenskega politi\u010dnega lista Naprej pri\u010dne 2. januarja 1863, za sodelavca pa je povabil Levstika, ki je postal urednik in dejanski vodja. Vilhar je bil izdajatelj in formalni urednik. List Naprej je kmalu prislu\u017eil \u010drno piko pri avstrijskih oblasteh zaradi objave dveh \u010dlankov: Misli o sedanjih narodnih mejah (avtor je bil Pleter\u0161nik, pomagal mu je Levstik) ter Kaj se nekaterim zdi ravnopravnost (avtor je bil Levstik). Povod za drugi \u010dlanek pa je bila zavrnitev pro\u0161nje \u017eupanov ljubljanske okolice za slovensko uradno dopisovanje. Obenem pa sta bila \u010dlanka povod za prenehanje izdajanje \u010dasopisa. Tako je zadnja \u0161tevilka, 78, iz\u0161la 20. septembra. Vilharja so obsodili na 6 tednov je\u010de na \u017dabjaku, med prestajanjem kazni pa je napisal \u0161tevilne pesmi in politi\u010dne epigrame, ki so iz\u0161li v zbirki \u017dabjanke v Zagrebu leta 1865.<\/p>\n<figure id=\"attachment_8071\" class=\"wp-caption alignleft\" style=\"max-width: 300px\"><img loading=\"lazy\" decoding=\"async\" class=\"size-medium wp-image-8071\" src=\"https:\/\/www.travel-slovenia.si\/wp-content\/uploads\/2018\/09\/travel-slovenia-miroslav-vilhar-games-300x243.jpg\" alt=\"\" width=\"300\" height=\"243\" \/><figcaption class=\"wp-caption-text\">Vilhar&#8217;s games III &#8211; Philosopher Funnygame in English<\/figcaption><\/figure>\n<p style=\"text-align: justify;\">V tem letu pa se kon\u010da tudi njegovo ustvarjanje na glasbenem podro\u010dju, saj se je po prestani kazni z dru\u017eino vrnil na Kalec. S tem pa je bilo njegovo vseslovensko delovanje osiroma\u0161eno, a je kljub temu \u017eivljenje na Kalcu o\u017eivelo. Grad postane zbirali\u0161\u010de notranjskih rodoljubov, kjer jih je gospodar navdu\u0161eval s pesmimi in napevi. V tem \u010dasu je Vilhar bolj ustvarjal na leposlovnem podro\u010dju, pri tem pa je pokazal svojo ob\u010dutljivost na dane razmere. Hitro in pravilno je odreagiral na potrebe takratnega slovenskega kulturnega \u017eivljenja. Pisal in prirejal je odrska dela. Pred smrtjo se je veliko ukvarjal s sinom Francom Serafinom, ki kasneje postane dober skladatelj. Vilhar s prijatelji 9. maja 1969 organizira tabor na Kalcu, kar je bil prvi tabor na Notranjskem. V tem \u010dasu je bil Vilhar \u017ee hudo bolan, umrl je zaradi nenadne otekline 6. avgusta 1871. Pokopan je v Kne\u017eaku v grobnici Vilharjevih.<\/p>\n<p style=\"text-align: justify;\">V slovenski literarni zgodovini je Vilhar najve\u010dkrat omenjen kot pisec \u010ditalni\u0161ke dramatike in ponarodelih pesmi. Ponarodele pesmi: Na jezeru, Lipa, Slovenka, Planinarica, Na goro. Tomin\u0161ek v Spomenici pove, da je Levstik imel najve\u010dji vpliv na Vilharjevo pesnjenje. Ko je svoje sodelovanje z Levstikom kon\u010dal, je za ocenjevalca izbral zeta dr. Hinka Dolenca. Slodnjak 1968: 162: &#8220;<em>Zaradi vsebinske in muzikalne sentimentalnosti njegove pesmi niso ustrezale niti estetski stopnji splo\u0161ne slovenske slovstvene zmogljivosti, niti resni\u010dnim kulturnim potrebam<\/em>&#8220;<\/p>\n<p style=\"text-align: justify;\">Dela Miroslava Vilharja so bila med ljudstvom dobro sprejeta, saj je \u010dutil, kaj ljudstvo potrebuje. To pa so preproste lirike, ki gredo hitro v uho, tema\u010dne balade, ki prikazujejo, da so mo\u017eni tudi tragi\u010dni konci, kratke satiri\u010dne bodice, ki opisujejo aktualne politi\u010dne razmere in \u010ditalni\u0161ke igre, ki so poleg smeha zbujale tudi narodno zavest.<\/p>\n<p>&nbsp;<\/p>\n<table>\n<tbody>\n<tr>\n<td style=\"text-align: center;\"><a href=\"https:\/\/www.travel-slovenia.si\/slo\/zgodovinske-osebnosti\/\"><img loading=\"lazy\" decoding=\"async\" class=\"alignleft wp-image-4499 size-full\" src=\"https:\/\/www.travel-slovenia.si\/slo\/wp-content\/uploads\/2014\/09\/travel-slovenia-povezava-na-drugo.jpg\" alt=\"travel-slovenia-povezava-na-drugo\" width=\"128\" height=\"22\" srcset=\"https:\/\/www.travel-slovenia.si\/slo\/wp-content\/uploads\/2014\/09\/travel-slovenia-povezava-na-drugo.jpg 128w, https:\/\/www.travel-slovenia.si\/slo\/wp-content\/uploads\/2014\/09\/travel-slovenia-povezava-na-drugo-24x4.jpg 24w, https:\/\/www.travel-slovenia.si\/slo\/wp-content\/uploads\/2014\/09\/travel-slovenia-povezava-na-drugo-36x6.jpg 36w, https:\/\/www.travel-slovenia.si\/slo\/wp-content\/uploads\/2014\/09\/travel-slovenia-povezava-na-drugo-48x8.jpg 48w\" sizes=\"auto, (max-width: 128px) 100vw, 128px\" \/><\/a><a href=\"https:\/\/www.travel-slovenia.si\/slo\/zgodovinske-osebnosti\/\">Poglejte \u0161e druge zgodovinske osebnosti!<\/a><a href=\"https:\/\/www.travel-slovenia.si\/slo\/zgodovinske-osebnosti\/\"><img loading=\"lazy\" decoding=\"async\" class=\"alignright wp-image-4500 size-full\" src=\"https:\/\/www.travel-slovenia.si\/slo\/wp-content\/uploads\/2014\/09\/travel-slovenia-povezava-na-drugo2.jpg\" alt=\"travel-slovenia-povezava-na-drugo2\" width=\"128\" height=\"22\" srcset=\"https:\/\/www.travel-slovenia.si\/slo\/wp-content\/uploads\/2014\/09\/travel-slovenia-povezava-na-drugo2.jpg 128w, https:\/\/www.travel-slovenia.si\/slo\/wp-content\/uploads\/2014\/09\/travel-slovenia-povezava-na-drugo2-24x4.jpg 24w, https:\/\/www.travel-slovenia.si\/slo\/wp-content\/uploads\/2014\/09\/travel-slovenia-povezava-na-drugo2-36x6.jpg 36w, https:\/\/www.travel-slovenia.si\/slo\/wp-content\/uploads\/2014\/09\/travel-slovenia-povezava-na-drugo2-48x8.jpg 48w\" sizes=\"auto, (max-width: 128px) 100vw, 128px\" \/><\/a><\/td>\n<\/tr>\n<\/tbody>\n<\/table>\n","protected":false},"excerpt":{"rendered":"<p>Miroslav Vilhar je bil slovenski skladatelj, pesnik, dramatik, \u010dasnikar in politik, ki se je rodil 7. septembra 1818 v Zgornji Planini pri Rakeku, umrl je 6. avgusta 1871 na gradu Kalec. Njegovo prvotno ime, vpisano v mati\u010dni knjigi, je bilo Freidrich Karl Wilicher, a je ime kasneje poslovenil. \u0160olanje je pri\u010del v Postojni, kjer je [&hellip;]<\/p>\n","protected":false},"author":111,"featured_media":0,"parent":0,"menu_order":0,"comment_status":"closed","ping_status":"closed","template":"","meta":{"footnotes":""},"class_list":["post-7566","page","type-page","status-publish","hentry"],"yoast_head":"<!-- This site is optimized with the Yoast SEO plugin v25.4 - https:\/\/yoast.com\/wordpress\/plugins\/seo\/ -->\n<title>Miroslav Vilhar : Travel-Slovenia<\/title>\n<meta name=\"description\" content=\"Miroslav Vilhar je bil slovenski skladatelj, pesnik, dramatik, \u010dasnikar in politik, ki se je rodil 7. septembra 1818 v Zgornji Planini pri Rakeku.\" \/>\n<meta name=\"robots\" content=\"index, follow, max-snippet:-1, max-image-preview:large, max-video-preview:-1\" \/>\n<link rel=\"canonical\" href=\"https:\/\/www.travel-slovenia.si\/slo\/miroslav-vilhar\/\" \/>\n<meta property=\"og:locale\" content=\"sl_SI\" \/>\n<meta property=\"og:type\" content=\"article\" \/>\n<meta property=\"og:title\" content=\"Miroslav Vilhar : Travel-Slovenia\" \/>\n<meta property=\"og:description\" content=\"Miroslav Vilhar je bil slovenski skladatelj, pesnik, dramatik, \u010dasnikar in politik, ki se je rodil 7. septembra 1818 v Zgornji Planini pri Rakeku.\" \/>\n<meta property=\"og:url\" content=\"https:\/\/www.travel-slovenia.si\/slo\/miroslav-vilhar\/\" \/>\n<meta property=\"og:site_name\" content=\"Travel Slovenia - Sledite lepotam na\u0161e male dr\u017eavice\" \/>\n<meta property=\"og:image\" content=\"https:\/\/www.travel-slovenia.si\/slo\/wp-content\/uploads\/2018\/09\/travel-slovenia-miroslav-vilhar.jpg\" \/>\n\t<meta property=\"og:image:width\" content=\"600\" \/>\n\t<meta property=\"og:image:height\" content=\"683\" \/>\n\t<meta property=\"og:image:type\" content=\"image\/jpeg\" \/>\n<meta name=\"twitter:card\" content=\"summary_large_image\" \/>\n<meta name=\"twitter:title\" content=\"Miroslav Vilhar : Travel-Slovenia\" \/>\n<meta name=\"twitter:description\" content=\"Miroslav Vilhar je bil slovenski skladatelj, pesnik, dramatik, \u010dasnikar in politik, ki se je rodil 7. septembra 1818 v Zgornji Planini pri Rakeku.\" \/>\n<meta name=\"twitter:image\" content=\"https:\/\/www.travel-slovenia.si\/slo\/wp-content\/uploads\/2018\/09\/travel-slovenia-miroslav-vilhar.jpg\" \/>\n<meta name=\"twitter:label1\" content=\"Est. reading time\" \/>\n\t<meta name=\"twitter:data1\" content=\"4 minute\" \/>\n<script type=\"application\/ld+json\" class=\"yoast-schema-graph\">{\"@context\":\"https:\/\/schema.org\",\"@graph\":[{\"@type\":\"WebPage\",\"@id\":\"https:\/\/www.travel-slovenia.si\/slo\/miroslav-vilhar\/\",\"url\":\"https:\/\/www.travel-slovenia.si\/slo\/miroslav-vilhar\/\",\"name\":\"Miroslav Vilhar : Travel-Slovenia\",\"isPartOf\":{\"@id\":\"https:\/\/www.travel-slovenia.si\/slo\/#website\"},\"primaryImageOfPage\":{\"@id\":\"https:\/\/www.travel-slovenia.si\/slo\/miroslav-vilhar\/#primaryimage\"},\"image\":{\"@id\":\"https:\/\/www.travel-slovenia.si\/slo\/miroslav-vilhar\/#primaryimage\"},\"thumbnailUrl\":\"https:\/\/www.travel-slovenia.si\/wp-content\/uploads\/2018\/09\/travel-slovenia-miroslav-vilhar.jpg\",\"datePublished\":\"2018-09-06T08:06:01+00:00\",\"description\":\"Miroslav Vilhar je bil slovenski skladatelj, pesnik, dramatik, \u010dasnikar in politik, ki se je rodil 7. septembra 1818 v Zgornji Planini pri Rakeku.\",\"breadcrumb\":{\"@id\":\"https:\/\/www.travel-slovenia.si\/slo\/miroslav-vilhar\/#breadcrumb\"},\"inLanguage\":\"sl-SI\",\"potentialAction\":[{\"@type\":\"ReadAction\",\"target\":[\"https:\/\/www.travel-slovenia.si\/slo\/miroslav-vilhar\/\"]}]},{\"@type\":\"ImageObject\",\"inLanguage\":\"sl-SI\",\"@id\":\"https:\/\/www.travel-slovenia.si\/slo\/miroslav-vilhar\/#primaryimage\",\"url\":\"https:\/\/www.travel-slovenia.si\/wp-content\/uploads\/2018\/09\/travel-slovenia-miroslav-vilhar.jpg\",\"contentUrl\":\"https:\/\/www.travel-slovenia.si\/wp-content\/uploads\/2018\/09\/travel-slovenia-miroslav-vilhar.jpg\"},{\"@type\":\"BreadcrumbList\",\"@id\":\"https:\/\/www.travel-slovenia.si\/slo\/miroslav-vilhar\/#breadcrumb\",\"itemListElement\":[{\"@type\":\"ListItem\",\"position\":1,\"name\":\"Home\",\"item\":\"https:\/\/www.travel-slovenia.si\/slo\/\"},{\"@type\":\"ListItem\",\"position\":2,\"name\":\"Miroslav Vilhar\"}]},{\"@type\":\"WebSite\",\"@id\":\"https:\/\/www.travel-slovenia.si\/slo\/#website\",\"url\":\"https:\/\/www.travel-slovenia.si\/slo\/\",\"name\":\"Travel Slovenia - Sledite lepotam na\u0161e male dr\u017eavice\",\"description\":\"\",\"potentialAction\":[{\"@type\":\"SearchAction\",\"target\":{\"@type\":\"EntryPoint\",\"urlTemplate\":\"https:\/\/www.travel-slovenia.si\/slo\/?s={search_term_string}\"},\"query-input\":{\"@type\":\"PropertyValueSpecification\",\"valueRequired\":true,\"valueName\":\"search_term_string\"}}],\"inLanguage\":\"sl-SI\"}]}<\/script>\n<!-- \/ Yoast SEO plugin. -->","yoast_head_json":{"title":"Miroslav Vilhar : Travel-Slovenia","description":"Miroslav Vilhar je bil slovenski skladatelj, pesnik, dramatik, \u010dasnikar in politik, ki se je rodil 7. septembra 1818 v Zgornji Planini pri Rakeku.","robots":{"index":"index","follow":"follow","max-snippet":"max-snippet:-1","max-image-preview":"max-image-preview:large","max-video-preview":"max-video-preview:-1"},"canonical":"https:\/\/www.travel-slovenia.si\/slo\/miroslav-vilhar\/","og_locale":"sl_SI","og_type":"article","og_title":"Miroslav Vilhar : Travel-Slovenia","og_description":"Miroslav Vilhar je bil slovenski skladatelj, pesnik, dramatik, \u010dasnikar in politik, ki se je rodil 7. septembra 1818 v Zgornji Planini pri Rakeku.","og_url":"https:\/\/www.travel-slovenia.si\/slo\/miroslav-vilhar\/","og_site_name":"Travel Slovenia - Sledite lepotam na\u0161e male dr\u017eavice","og_image":[{"width":600,"height":683,"url":"https:\/\/www.travel-slovenia.si\/slo\/wp-content\/uploads\/2018\/09\/travel-slovenia-miroslav-vilhar.jpg","type":"image\/jpeg"}],"twitter_card":"summary_large_image","twitter_title":"Miroslav Vilhar : Travel-Slovenia","twitter_description":"Miroslav Vilhar je bil slovenski skladatelj, pesnik, dramatik, \u010dasnikar in politik, ki se je rodil 7. septembra 1818 v Zgornji Planini pri Rakeku.","twitter_image":"https:\/\/www.travel-slovenia.si\/slo\/wp-content\/uploads\/2018\/09\/travel-slovenia-miroslav-vilhar.jpg","twitter_misc":{"Est. reading time":"4 minute"},"schema":{"@context":"https:\/\/schema.org","@graph":[{"@type":"WebPage","@id":"https:\/\/www.travel-slovenia.si\/slo\/miroslav-vilhar\/","url":"https:\/\/www.travel-slovenia.si\/slo\/miroslav-vilhar\/","name":"Miroslav Vilhar : Travel-Slovenia","isPartOf":{"@id":"https:\/\/www.travel-slovenia.si\/slo\/#website"},"primaryImageOfPage":{"@id":"https:\/\/www.travel-slovenia.si\/slo\/miroslav-vilhar\/#primaryimage"},"image":{"@id":"https:\/\/www.travel-slovenia.si\/slo\/miroslav-vilhar\/#primaryimage"},"thumbnailUrl":"https:\/\/www.travel-slovenia.si\/wp-content\/uploads\/2018\/09\/travel-slovenia-miroslav-vilhar.jpg","datePublished":"2018-09-06T08:06:01+00:00","description":"Miroslav Vilhar je bil slovenski skladatelj, pesnik, dramatik, \u010dasnikar in politik, ki se je rodil 7. septembra 1818 v Zgornji Planini pri Rakeku.","breadcrumb":{"@id":"https:\/\/www.travel-slovenia.si\/slo\/miroslav-vilhar\/#breadcrumb"},"inLanguage":"sl-SI","potentialAction":[{"@type":"ReadAction","target":["https:\/\/www.travel-slovenia.si\/slo\/miroslav-vilhar\/"]}]},{"@type":"ImageObject","inLanguage":"sl-SI","@id":"https:\/\/www.travel-slovenia.si\/slo\/miroslav-vilhar\/#primaryimage","url":"https:\/\/www.travel-slovenia.si\/wp-content\/uploads\/2018\/09\/travel-slovenia-miroslav-vilhar.jpg","contentUrl":"https:\/\/www.travel-slovenia.si\/wp-content\/uploads\/2018\/09\/travel-slovenia-miroslav-vilhar.jpg"},{"@type":"BreadcrumbList","@id":"https:\/\/www.travel-slovenia.si\/slo\/miroslav-vilhar\/#breadcrumb","itemListElement":[{"@type":"ListItem","position":1,"name":"Home","item":"https:\/\/www.travel-slovenia.si\/slo\/"},{"@type":"ListItem","position":2,"name":"Miroslav Vilhar"}]},{"@type":"WebSite","@id":"https:\/\/www.travel-slovenia.si\/slo\/#website","url":"https:\/\/www.travel-slovenia.si\/slo\/","name":"Travel Slovenia - Sledite lepotam na\u0161e male dr\u017eavice","description":"","potentialAction":[{"@type":"SearchAction","target":{"@type":"EntryPoint","urlTemplate":"https:\/\/www.travel-slovenia.si\/slo\/?s={search_term_string}"},"query-input":{"@type":"PropertyValueSpecification","valueRequired":true,"valueName":"search_term_string"}}],"inLanguage":"sl-SI"}]}},"post_mailing_queue_ids":[],"_links":{"self":[{"href":"https:\/\/www.travel-slovenia.si\/slo\/wp-json\/wp\/v2\/pages\/7566","targetHints":{"allow":["GET"]}}],"collection":[{"href":"https:\/\/www.travel-slovenia.si\/slo\/wp-json\/wp\/v2\/pages"}],"about":[{"href":"https:\/\/www.travel-slovenia.si\/slo\/wp-json\/wp\/v2\/types\/page"}],"author":[{"embeddable":true,"href":"https:\/\/www.travel-slovenia.si\/slo\/wp-json\/wp\/v2\/users\/111"}],"replies":[{"embeddable":true,"href":"https:\/\/www.travel-slovenia.si\/slo\/wp-json\/wp\/v2\/comments?post=7566"}],"version-history":[{"count":1,"href":"https:\/\/www.travel-slovenia.si\/slo\/wp-json\/wp\/v2\/pages\/7566\/revisions"}],"predecessor-version":[{"id":7570,"href":"https:\/\/www.travel-slovenia.si\/slo\/wp-json\/wp\/v2\/pages\/7566\/revisions\/7570"}],"wp:attachment":[{"href":"https:\/\/www.travel-slovenia.si\/slo\/wp-json\/wp\/v2\/media?parent=7566"}],"curies":[{"name":"wp","href":"https:\/\/api.w.org\/{rel}","templated":true}]}}