{"id":7504,"date":"2018-07-12T15:42:33","date_gmt":"2018-07-12T13:42:33","guid":{"rendered":"https:\/\/www.travel-slovenia.si\/slo\/?page_id=7504"},"modified":"2018-07-12T15:42:33","modified_gmt":"2018-07-12T13:42:33","slug":"slivnica-pot-4-iz-martinjaka","status":"publish","type":"page","link":"https:\/\/www.travel-slovenia.si\/slo\/slivnica-pot-4-iz-martinjaka\/","title":{"rendered":"Slivnica &#8211; Pot 4 &#8211; Iz Martinjaka"},"content":{"rendered":"<p><strong>Vi\u0161ina vzpetine:<\/strong> 1114 m<br \/>\n<strong>Vi\u0161ina za\u010detne to\u010dke:<\/strong> 600 m<br \/>\n<strong>Vi\u0161inska razlika:<\/strong> 514 m<\/p>\n<p><strong>\u010cas hoje: <\/strong>1\u00a0h 15 min<br \/>\n<strong>Te\u017eavnost:<\/strong> Lahka ozna\u010dena pot<br \/>\n<strong>Oprema:<\/strong> Obi\u010dajna pohodni\u0161ka oprema. Pozimi priporo\u010damo uporabo derez.<br \/>\n<strong>Primernost obiska:<\/strong> Vsi letni \u010dasi.<\/p>\n<p style=\"text-align: justify;\"><strong>Dostop:<\/strong><br \/>\nNa avtocesti se usmerimo na izvoz Unec in nadaljujemo v smeri Cerknice. Od tu pa nadaljujemo proti Blokam in Lo\u017eu do vasi Martinjak, kjer pred avtopralnico zavijemo levo na ozko cesto, vzpenja se ob poto\u010dku. Nekoliko vi\u0161je cesta zavije levo, po strmem vzponu nas pripelje do kri\u017ei\u0161\u010da, nadaljujemo desno. Ko prispemo do vodnega zajetja, parkiramo na primernem mestu.<\/p>\n<p style=\"text-align: justify;\">Tu moramo za\u010detek poti poiskati, saj ni ozna\u010den, ki pa je v neposredni bli\u017eini. Pot se pri\u010dne z vzponom vzporedno s cesto, kmalu zavije levo z nekoliko strmej\u0161im vzponom. Kmalu prispemo do ozna\u010denega razpotja, kjer nas ena pot usmeri proti spomeniku (pribli\u017eno minuto oddaljen), mi pa nadaljujemo naravnost po strmi poti, ki se nato priklju\u010di poti iz Grahovega. Tu nadaljujemo v levo po poti, ki nas popelje \u010dez razgledno pobo\u010dje Slivnice. Odpre se razgled na Sne\u017enik, Cerkni\u0161ko polje in greben Javornika. Za tem pridemo do naslednjega razpotja, kjer nadaljujemo desno. Naravnost nas pot popelje do doma na Slivnici. Vzpon nadaljujemo \u010dez travnato pobo\u010dje, mimo grmi\u010devja do vrha.<\/p>\n<div class='prettyMapList above cf' id='MapListPro0'><!--The Map --><div id='map-canvas0' class='mapHolder'><\/div><!-- hidden div that gets bound --><div data-bind=\"map: $data.filteredLocations()\"><\/div><!-- Search, Filters, Sorting bar --><div class='prettyFileBar clearfix'><!-- Sorting button --><\/div><!--Message bar--><div class='prettyMessage' data-bind='visible: anyLocationsAvailable' style='display:none;'><span>No matching locations <\/span><a class='btn' href='#' data-bind='click:clearSearch'>Show all locations<\/a><\/div><div class='prettyMessage' data-bind='visible: geocodeFail' style='display:none;'><span>No location found <\/span><a class='btn' href='#' data-bind='click:clearSearch'>Show all locations<\/a><\/div><div id='ListContainer'><!--The List --><ul class='unstyled prettyListItems loading' data-bind='foreach: {data: pagedLocations}'><li class='corePrettyStyle prettylink map location' data-bind='css: $data.cssClass,click: $root.locationClick'><a href='#' class='viewLocationDetail clearfix'><!-- ko if: $data.smallImageUrl --><img src='#' data-bind='attr:{src: $data.smallImageUrl}' class='smallImage' \/><!-- \/ko --><span data-bind='html:$data.title'><\/span><span data-bind='text:$data.friendlyDistance'><\/span><\/a><!--Expanded item--><div class='mapLocationDetail clearfix' style='display:none;' data-bind='slideIn: $data.expanded,slideOut: $data.expanded'><div class='mapDescription clearfix'><!-- ko if: $data.imageUrl --><img src='#' data-bind='attr:{src: $data.imageUrl}' class='featuredImage float_left' \/><!-- \/ko --><div class='description float_left'><div data-bind='{html:$data.description}'><\/div><\/div><\/div><!-- ko if: $data.locationUrl--><a href='#' class='viewLocationPage btn corePrettyStyle' data-bind='attr:{href:$data.locationUrl}'>Prika\u017ei lokacijo podrobneje<\/a><!-- \/ko --><\/div><\/li><\/ul><\/div><\/div>\n","protected":false},"excerpt":{"rendered":"<p>Vi\u0161ina vzpetine: 1114 m Vi\u0161ina za\u010detne to\u010dke: 600 m Vi\u0161inska razlika: 514 m \u010cas hoje: 1\u00a0h 15 min Te\u017eavnost: Lahka ozna\u010dena pot Oprema: Obi\u010dajna pohodni\u0161ka oprema. Pozimi priporo\u010damo uporabo derez. Primernost obiska: Vsi letni \u010dasi. Dostop: Na avtocesti se usmerimo na izvoz Unec in nadaljujemo v smeri Cerknice. Od tu pa nadaljujemo proti Blokam in [&hellip;]<\/p>\n","protected":false},"author":111,"featured_media":0,"parent":0,"menu_order":0,"comment_status":"closed","ping_status":"closed","template":"","meta":{"footnotes":""},"class_list":["post-7504","page","type-page","status-publish","hentry"],"yoast_head":"<!-- This site is optimized with the Yoast SEO plugin v25.4 - https:\/\/yoast.com\/wordpress\/plugins\/seo\/ -->\n<title>Slivnica - Pot 4 - Iz Martinjaka : Travel-Slovenia<\/title>\n<meta name=\"description\" content=\"Slivnica - Pot 4 - Iz Martinjaka na vzpetino Slivnica. Pri\u010detek je v vasi Radlek, ki nas popelje na vrh gore s prelepim razgledom.\" \/>\n<meta name=\"robots\" content=\"index, follow, max-snippet:-1, max-image-preview:large, max-video-preview:-1\" \/>\n<link rel=\"canonical\" href=\"https:\/\/www.travel-slovenia.si\/slo\/slivnica-pot-4-iz-martinjaka\/\" \/>\n<meta property=\"og:locale\" content=\"sl_SI\" \/>\n<meta property=\"og:type\" content=\"article\" \/>\n<meta property=\"og:title\" content=\"Slivnica - Pot 4 - Iz Martinjaka : Travel-Slovenia\" \/>\n<meta property=\"og:description\" content=\"Slivnica - Pot 4 - Iz Martinjaka na vzpetino Slivnica. Pri\u010detek je v vasi Radlek, ki nas popelje na vrh gore s prelepim razgledom.\" \/>\n<meta property=\"og:url\" content=\"https:\/\/www.travel-slovenia.si\/slo\/slivnica-pot-4-iz-martinjaka\/\" \/>\n<meta property=\"og:site_name\" content=\"Travel Slovenia - Sledite lepotam na\u0161e male dr\u017eavice\" \/>\n<meta property=\"og:image\" content=\"https:\/\/www.travel-slovenia.si\/slo\/wp-content\/uploads\/2018\/07\/travel-slovenia-slivnica.jpg\" \/>\n\t<meta property=\"og:image:width\" content=\"600\" \/>\n\t<meta property=\"og:image:height\" content=\"450\" \/>\n\t<meta property=\"og:image:type\" content=\"image\/jpeg\" \/>\n<meta name=\"twitter:card\" content=\"summary_large_image\" \/>\n<meta name=\"twitter:title\" content=\"Slivnica - Pot 4 - Iz Martinjaka : Travel-Slovenia\" \/>\n<meta name=\"twitter:description\" content=\"Slivnica - Pot 4 - Iz Martinjaka na vzpetino Slivnica. Pri\u010detek je v vasi Radlek, ki nas popelje na vrh gore s prelepim razgledom.\" \/>\n<meta name=\"twitter:image\" content=\"https:\/\/www.travel-slovenia.si\/slo\/wp-content\/uploads\/2018\/07\/travel-slovenia-slivnica.jpg\" \/>\n<meta name=\"twitter:label1\" content=\"Est. reading time\" \/>\n\t<meta name=\"twitter:data1\" content=\"1 minuta\" \/>\n<script type=\"application\/ld+json\" class=\"yoast-schema-graph\">{\"@context\":\"https:\/\/schema.org\",\"@graph\":[{\"@type\":\"WebPage\",\"@id\":\"https:\/\/www.travel-slovenia.si\/slo\/slivnica-pot-4-iz-martinjaka\/\",\"url\":\"https:\/\/www.travel-slovenia.si\/slo\/slivnica-pot-4-iz-martinjaka\/\",\"name\":\"Slivnica - Pot 4 - Iz Martinjaka : Travel-Slovenia\",\"isPartOf\":{\"@id\":\"https:\/\/www.travel-slovenia.si\/slo\/#website\"},\"datePublished\":\"2018-07-12T13:42:33+00:00\",\"description\":\"Slivnica - Pot 4 - Iz Martinjaka na vzpetino Slivnica. Pri\u010detek je v vasi Radlek, ki nas popelje na vrh gore s prelepim razgledom.\",\"breadcrumb\":{\"@id\":\"https:\/\/www.travel-slovenia.si\/slo\/slivnica-pot-4-iz-martinjaka\/#breadcrumb\"},\"inLanguage\":\"sl-SI\",\"potentialAction\":[{\"@type\":\"ReadAction\",\"target\":[\"https:\/\/www.travel-slovenia.si\/slo\/slivnica-pot-4-iz-martinjaka\/\"]}]},{\"@type\":\"BreadcrumbList\",\"@id\":\"https:\/\/www.travel-slovenia.si\/slo\/slivnica-pot-4-iz-martinjaka\/#breadcrumb\",\"itemListElement\":[{\"@type\":\"ListItem\",\"position\":1,\"name\":\"Home\",\"item\":\"https:\/\/www.travel-slovenia.si\/slo\/\"},{\"@type\":\"ListItem\",\"position\":2,\"name\":\"Slivnica &#8211; Pot 4 &#8211; Iz Martinjaka\"}]},{\"@type\":\"WebSite\",\"@id\":\"https:\/\/www.travel-slovenia.si\/slo\/#website\",\"url\":\"https:\/\/www.travel-slovenia.si\/slo\/\",\"name\":\"Travel Slovenia - Sledite lepotam na\u0161e male dr\u017eavice\",\"description\":\"\",\"potentialAction\":[{\"@type\":\"SearchAction\",\"target\":{\"@type\":\"EntryPoint\",\"urlTemplate\":\"https:\/\/www.travel-slovenia.si\/slo\/?s={search_term_string}\"},\"query-input\":{\"@type\":\"PropertyValueSpecification\",\"valueRequired\":true,\"valueName\":\"search_term_string\"}}],\"inLanguage\":\"sl-SI\"}]}<\/script>\n<!-- \/ Yoast SEO plugin. -->","yoast_head_json":{"title":"Slivnica - Pot 4 - Iz Martinjaka : Travel-Slovenia","description":"Slivnica - Pot 4 - Iz Martinjaka na vzpetino Slivnica. Pri\u010detek je v vasi Radlek, ki nas popelje na vrh gore s prelepim razgledom.","robots":{"index":"index","follow":"follow","max-snippet":"max-snippet:-1","max-image-preview":"max-image-preview:large","max-video-preview":"max-video-preview:-1"},"canonical":"https:\/\/www.travel-slovenia.si\/slo\/slivnica-pot-4-iz-martinjaka\/","og_locale":"sl_SI","og_type":"article","og_title":"Slivnica - Pot 4 - Iz Martinjaka : Travel-Slovenia","og_description":"Slivnica - Pot 4 - Iz Martinjaka na vzpetino Slivnica. Pri\u010detek je v vasi Radlek, ki nas popelje na vrh gore s prelepim razgledom.","og_url":"https:\/\/www.travel-slovenia.si\/slo\/slivnica-pot-4-iz-martinjaka\/","og_site_name":"Travel Slovenia - Sledite lepotam na\u0161e male dr\u017eavice","og_image":[{"width":600,"height":450,"url":"https:\/\/www.travel-slovenia.si\/slo\/wp-content\/uploads\/2018\/07\/travel-slovenia-slivnica.jpg","type":"image\/jpeg"}],"twitter_card":"summary_large_image","twitter_title":"Slivnica - Pot 4 - Iz Martinjaka : Travel-Slovenia","twitter_description":"Slivnica - Pot 4 - Iz Martinjaka na vzpetino Slivnica. Pri\u010detek je v vasi Radlek, ki nas popelje na vrh gore s prelepim razgledom.","twitter_image":"https:\/\/www.travel-slovenia.si\/slo\/wp-content\/uploads\/2018\/07\/travel-slovenia-slivnica.jpg","twitter_misc":{"Est. reading time":"1 minuta"},"schema":{"@context":"https:\/\/schema.org","@graph":[{"@type":"WebPage","@id":"https:\/\/www.travel-slovenia.si\/slo\/slivnica-pot-4-iz-martinjaka\/","url":"https:\/\/www.travel-slovenia.si\/slo\/slivnica-pot-4-iz-martinjaka\/","name":"Slivnica - Pot 4 - Iz Martinjaka : Travel-Slovenia","isPartOf":{"@id":"https:\/\/www.travel-slovenia.si\/slo\/#website"},"datePublished":"2018-07-12T13:42:33+00:00","description":"Slivnica - Pot 4 - Iz Martinjaka na vzpetino Slivnica. Pri\u010detek je v vasi Radlek, ki nas popelje na vrh gore s prelepim razgledom.","breadcrumb":{"@id":"https:\/\/www.travel-slovenia.si\/slo\/slivnica-pot-4-iz-martinjaka\/#breadcrumb"},"inLanguage":"sl-SI","potentialAction":[{"@type":"ReadAction","target":["https:\/\/www.travel-slovenia.si\/slo\/slivnica-pot-4-iz-martinjaka\/"]}]},{"@type":"BreadcrumbList","@id":"https:\/\/www.travel-slovenia.si\/slo\/slivnica-pot-4-iz-martinjaka\/#breadcrumb","itemListElement":[{"@type":"ListItem","position":1,"name":"Home","item":"https:\/\/www.travel-slovenia.si\/slo\/"},{"@type":"ListItem","position":2,"name":"Slivnica &#8211; Pot 4 &#8211; Iz Martinjaka"}]},{"@type":"WebSite","@id":"https:\/\/www.travel-slovenia.si\/slo\/#website","url":"https:\/\/www.travel-slovenia.si\/slo\/","name":"Travel Slovenia - Sledite lepotam na\u0161e male dr\u017eavice","description":"","potentialAction":[{"@type":"SearchAction","target":{"@type":"EntryPoint","urlTemplate":"https:\/\/www.travel-slovenia.si\/slo\/?s={search_term_string}"},"query-input":{"@type":"PropertyValueSpecification","valueRequired":true,"valueName":"search_term_string"}}],"inLanguage":"sl-SI"}]}},"post_mailing_queue_ids":[],"_links":{"self":[{"href":"https:\/\/www.travel-slovenia.si\/slo\/wp-json\/wp\/v2\/pages\/7504","targetHints":{"allow":["GET"]}}],"collection":[{"href":"https:\/\/www.travel-slovenia.si\/slo\/wp-json\/wp\/v2\/pages"}],"about":[{"href":"https:\/\/www.travel-slovenia.si\/slo\/wp-json\/wp\/v2\/types\/page"}],"author":[{"embeddable":true,"href":"https:\/\/www.travel-slovenia.si\/slo\/wp-json\/wp\/v2\/users\/111"}],"replies":[{"embeddable":true,"href":"https:\/\/www.travel-slovenia.si\/slo\/wp-json\/wp\/v2\/comments?post=7504"}],"version-history":[{"count":1,"href":"https:\/\/www.travel-slovenia.si\/slo\/wp-json\/wp\/v2\/pages\/7504\/revisions"}],"predecessor-version":[{"id":7505,"href":"https:\/\/www.travel-slovenia.si\/slo\/wp-json\/wp\/v2\/pages\/7504\/revisions\/7505"}],"wp:attachment":[{"href":"https:\/\/www.travel-slovenia.si\/slo\/wp-json\/wp\/v2\/media?parent=7504"}],"curies":[{"name":"wp","href":"https:\/\/api.w.org\/{rel}","templated":true}]}}