{"id":7500,"date":"2018-07-12T15:37:11","date_gmt":"2018-07-12T13:37:11","guid":{"rendered":"https:\/\/www.travel-slovenia.si\/slo\/?page_id=7500"},"modified":"2018-07-12T15:37:11","modified_gmt":"2018-07-12T13:37:11","slug":"slivnica-pot-2-iz-brezja","status":"publish","type":"page","link":"https:\/\/www.travel-slovenia.si\/slo\/slivnica-pot-2-iz-brezja\/","title":{"rendered":"Slivnica &#8211; Pot 2 &#8211; Iz Brezja"},"content":{"rendered":"<p><strong>Vi\u0161ina vzpetine:<\/strong> 1114 m<br \/>\n<strong>Vi\u0161ina za\u010detne to\u010dke:<\/strong> 640 m<br \/>\n<strong>Vi\u0161inska razlika:<\/strong> 474\u00a0 m<\/p>\n<p><strong>\u010cas hoje: <\/strong>2\u00a0h 15 min<br \/>\n<strong>Te\u017eavnost:<\/strong> Lahka ozna\u010dena pot<br \/>\n<strong>Oprema:<\/strong> Obi\u010dajna pohodni\u0161ka oprema.<br \/>\n<strong>Primernost obiska:<\/strong> Vsi letni \u010dasi.<\/p>\n<p style=\"text-align: justify;\"><strong>Dostop:<\/strong><br \/>\nNa avtocesti se usmerimo na izvoz Unec in nadaljujemo v smeri Cerknice. Nekaj 100 metrov pred Cerknico se na kri\u017ei\u0161\u010du usmerimo levo proti Begunjam in Slivnici. V vasi Begunje, pri cerkvi Sv. Andreja, na kri\u017ei\u0161\u010du nadaljujemo desno proti vasi Brezje. Pre\u010dkamo reko Cerkni\u0161\u010dico, zatem se cesta pri\u010dne vzpenjati, na kri\u017ei\u0161\u010du pri vasi Brezje zavijemo ostro levo in kaj kmalu prispemo do cerkve Sv. Jurija na Brezjah. V vasi parkiramo na primernem mestu, \u0161e najbolje malo ni\u017eje na urejenem parkiri\u0161\u010du.<\/p>\n<p style=\"text-align: justify;\">Pot od cerkve Sv. Jurija nadaljujemo skozi vas, vzpon nadaljujemo po o\u017eji makadamski cesti. Kmalu nas oznake usmerijo desno proti Slivnici. Kmalu pre\u010dkamo gozdno cesto in se vrnemo v gozd. Po nekaj korakih prispemo do \u0161ir\u0161e ceste proti Slivnici. Tej cesti sledimo v levo, vodi nas mimo Ka\u010daste smreke, naravna znamenitost ob poti. Hodimo do manj\u0161ega kri\u017ei\u0161\u010da, nadaljujemo po \u0161ir\u0161i makadamski cesti in ji sledimo nekaj \u010dasa. Po dolgem rahlem vzponu prispemo do ozna\u010denega kri\u017ei\u0161\u010da, nadaljujemo ostro desno v smeri doma na Slivnici. Cesta kasneje preide v travnato pot, prispemo do kri\u017ei\u0161\u010da, nadaljujemo levo po zgornji cesti (desno dom na Slivnici). Cesti sledimo dokler se ne kon\u010da, vzpon pa nadaljujemo po levi markirani poti, ki nas popelje na vrh vzpetine.<\/p>\n<div class='prettyMapList above cf' id='MapListPro0'><!--The Map --><div id='map-canvas0' class='mapHolder'><\/div><!-- hidden div that gets bound --><div data-bind=\"map: $data.filteredLocations()\"><\/div><!-- Search, Filters, Sorting bar --><div class='prettyFileBar clearfix'><!-- Sorting button --><\/div><!--Message bar--><div class='prettyMessage' data-bind='visible: anyLocationsAvailable' style='display:none;'><span>No matching locations <\/span><a class='btn' href='#' data-bind='click:clearSearch'>Show all locations<\/a><\/div><div class='prettyMessage' data-bind='visible: geocodeFail' style='display:none;'><span>No location found <\/span><a class='btn' href='#' data-bind='click:clearSearch'>Show all locations<\/a><\/div><div id='ListContainer'><!--The List --><ul class='unstyled prettyListItems loading' data-bind='foreach: {data: pagedLocations}'><li class='corePrettyStyle prettylink map location' data-bind='css: $data.cssClass,click: $root.locationClick'><a href='#' class='viewLocationDetail clearfix'><!-- ko if: $data.smallImageUrl --><img src='#' data-bind='attr:{src: $data.smallImageUrl}' class='smallImage' \/><!-- \/ko --><span data-bind='html:$data.title'><\/span><span data-bind='text:$data.friendlyDistance'><\/span><\/a><!--Expanded item--><div class='mapLocationDetail clearfix' style='display:none;' data-bind='slideIn: $data.expanded,slideOut: $data.expanded'><div class='mapDescription clearfix'><!-- ko if: $data.imageUrl --><img src='#' data-bind='attr:{src: $data.imageUrl}' class='featuredImage float_left' \/><!-- \/ko --><div class='description float_left'><div data-bind='{html:$data.description}'><\/div><\/div><\/div><!-- ko if: $data.locationUrl--><a href='#' class='viewLocationPage btn corePrettyStyle' data-bind='attr:{href:$data.locationUrl}'>Prika\u017ei lokacijo podrobneje<\/a><!-- \/ko --><\/div><\/li><\/ul><\/div><\/div>\n","protected":false},"excerpt":{"rendered":"<p>Vi\u0161ina vzpetine: 1114 m Vi\u0161ina za\u010detne to\u010dke: 640 m Vi\u0161inska razlika: 474\u00a0 m \u010cas hoje: 2\u00a0h 15 min Te\u017eavnost: Lahka ozna\u010dena pot Oprema: Obi\u010dajna pohodni\u0161ka oprema. Primernost obiska: Vsi letni \u010dasi. Dostop: Na avtocesti se usmerimo na izvoz Unec in nadaljujemo v smeri Cerknice. Nekaj 100 metrov pred Cerknico se na kri\u017ei\u0161\u010du usmerimo levo proti [&hellip;]<\/p>\n","protected":false},"author":111,"featured_media":0,"parent":0,"menu_order":0,"comment_status":"closed","ping_status":"closed","template":"","meta":{"footnotes":""},"class_list":["post-7500","page","type-page","status-publish","hentry"],"yoast_head":"<!-- This site is optimized with the Yoast SEO plugin v25.4 - https:\/\/yoast.com\/wordpress\/plugins\/seo\/ -->\n<title>Slivnica - Pot 2 - Iz Brezja : Travel-Slovenia<\/title>\n<meta name=\"description\" content=\"Slivnica - Pot 2 - Iz Brezja na vzpetino Slivnica. Pri\u010detek je v vasi Radlek, ki nas popelje na vrh gore s prelepim razgledom.\" \/>\n<meta name=\"robots\" content=\"index, follow, max-snippet:-1, max-image-preview:large, max-video-preview:-1\" \/>\n<link rel=\"canonical\" href=\"https:\/\/www.travel-slovenia.si\/slo\/slivnica-pot-2-iz-brezja\/\" \/>\n<meta property=\"og:locale\" content=\"sl_SI\" \/>\n<meta property=\"og:type\" content=\"article\" \/>\n<meta property=\"og:title\" content=\"Slivnica - Pot 2 - Iz Brezja : Travel-Slovenia\" \/>\n<meta property=\"og:description\" content=\"Slivnica - Pot 2 - Iz Brezja na vzpetino Slivnica. Pri\u010detek je v vasi Radlek, ki nas popelje na vrh gore s prelepim razgledom.\" \/>\n<meta property=\"og:url\" content=\"https:\/\/www.travel-slovenia.si\/slo\/slivnica-pot-2-iz-brezja\/\" \/>\n<meta property=\"og:site_name\" content=\"Travel Slovenia - Sledite lepotam na\u0161e male dr\u017eavice\" \/>\n<meta property=\"og:image\" content=\"https:\/\/www.travel-slovenia.si\/slo\/wp-content\/uploads\/2018\/07\/travel-slovenia-slivnica.jpg\" \/>\n\t<meta property=\"og:image:width\" content=\"600\" \/>\n\t<meta property=\"og:image:height\" content=\"450\" \/>\n\t<meta property=\"og:image:type\" content=\"image\/jpeg\" \/>\n<meta name=\"twitter:card\" content=\"summary_large_image\" \/>\n<meta name=\"twitter:title\" content=\"Slivnica - Pot 2 - Iz Brezja : Travel-Slovenia\" \/>\n<meta name=\"twitter:description\" content=\"Slivnica - Pot 2 - Iz Brezja na vzpetino Slivnica. Pri\u010detek je v vasi Radlek, ki nas popelje na vrh gore s prelepim razgledom.\" \/>\n<meta name=\"twitter:image\" content=\"https:\/\/www.travel-slovenia.si\/slo\/wp-content\/uploads\/2018\/07\/travel-slovenia-slivnica.jpg\" \/>\n<meta name=\"twitter:label1\" content=\"Est. reading time\" \/>\n\t<meta name=\"twitter:data1\" content=\"1 minuta\" \/>\n<script type=\"application\/ld+json\" class=\"yoast-schema-graph\">{\"@context\":\"https:\/\/schema.org\",\"@graph\":[{\"@type\":\"WebPage\",\"@id\":\"https:\/\/www.travel-slovenia.si\/slo\/slivnica-pot-2-iz-brezja\/\",\"url\":\"https:\/\/www.travel-slovenia.si\/slo\/slivnica-pot-2-iz-brezja\/\",\"name\":\"Slivnica - Pot 2 - Iz Brezja : Travel-Slovenia\",\"isPartOf\":{\"@id\":\"https:\/\/www.travel-slovenia.si\/slo\/#website\"},\"datePublished\":\"2018-07-12T13:37:11+00:00\",\"description\":\"Slivnica - Pot 2 - Iz Brezja na vzpetino Slivnica. Pri\u010detek je v vasi Radlek, ki nas popelje na vrh gore s prelepim razgledom.\",\"breadcrumb\":{\"@id\":\"https:\/\/www.travel-slovenia.si\/slo\/slivnica-pot-2-iz-brezja\/#breadcrumb\"},\"inLanguage\":\"sl-SI\",\"potentialAction\":[{\"@type\":\"ReadAction\",\"target\":[\"https:\/\/www.travel-slovenia.si\/slo\/slivnica-pot-2-iz-brezja\/\"]}]},{\"@type\":\"BreadcrumbList\",\"@id\":\"https:\/\/www.travel-slovenia.si\/slo\/slivnica-pot-2-iz-brezja\/#breadcrumb\",\"itemListElement\":[{\"@type\":\"ListItem\",\"position\":1,\"name\":\"Home\",\"item\":\"https:\/\/www.travel-slovenia.si\/slo\/\"},{\"@type\":\"ListItem\",\"position\":2,\"name\":\"Slivnica &#8211; Pot 2 &#8211; Iz Brezja\"}]},{\"@type\":\"WebSite\",\"@id\":\"https:\/\/www.travel-slovenia.si\/slo\/#website\",\"url\":\"https:\/\/www.travel-slovenia.si\/slo\/\",\"name\":\"Travel Slovenia - Sledite lepotam na\u0161e male dr\u017eavice\",\"description\":\"\",\"potentialAction\":[{\"@type\":\"SearchAction\",\"target\":{\"@type\":\"EntryPoint\",\"urlTemplate\":\"https:\/\/www.travel-slovenia.si\/slo\/?s={search_term_string}\"},\"query-input\":{\"@type\":\"PropertyValueSpecification\",\"valueRequired\":true,\"valueName\":\"search_term_string\"}}],\"inLanguage\":\"sl-SI\"}]}<\/script>\n<!-- \/ Yoast SEO plugin. -->","yoast_head_json":{"title":"Slivnica - Pot 2 - Iz Brezja : Travel-Slovenia","description":"Slivnica - Pot 2 - Iz Brezja na vzpetino Slivnica. Pri\u010detek je v vasi Radlek, ki nas popelje na vrh gore s prelepim razgledom.","robots":{"index":"index","follow":"follow","max-snippet":"max-snippet:-1","max-image-preview":"max-image-preview:large","max-video-preview":"max-video-preview:-1"},"canonical":"https:\/\/www.travel-slovenia.si\/slo\/slivnica-pot-2-iz-brezja\/","og_locale":"sl_SI","og_type":"article","og_title":"Slivnica - Pot 2 - Iz Brezja : Travel-Slovenia","og_description":"Slivnica - Pot 2 - Iz Brezja na vzpetino Slivnica. Pri\u010detek je v vasi Radlek, ki nas popelje na vrh gore s prelepim razgledom.","og_url":"https:\/\/www.travel-slovenia.si\/slo\/slivnica-pot-2-iz-brezja\/","og_site_name":"Travel Slovenia - Sledite lepotam na\u0161e male dr\u017eavice","og_image":[{"width":600,"height":450,"url":"https:\/\/www.travel-slovenia.si\/slo\/wp-content\/uploads\/2018\/07\/travel-slovenia-slivnica.jpg","type":"image\/jpeg"}],"twitter_card":"summary_large_image","twitter_title":"Slivnica - Pot 2 - Iz Brezja : Travel-Slovenia","twitter_description":"Slivnica - Pot 2 - Iz Brezja na vzpetino Slivnica. Pri\u010detek je v vasi Radlek, ki nas popelje na vrh gore s prelepim razgledom.","twitter_image":"https:\/\/www.travel-slovenia.si\/slo\/wp-content\/uploads\/2018\/07\/travel-slovenia-slivnica.jpg","twitter_misc":{"Est. reading time":"1 minuta"},"schema":{"@context":"https:\/\/schema.org","@graph":[{"@type":"WebPage","@id":"https:\/\/www.travel-slovenia.si\/slo\/slivnica-pot-2-iz-brezja\/","url":"https:\/\/www.travel-slovenia.si\/slo\/slivnica-pot-2-iz-brezja\/","name":"Slivnica - Pot 2 - Iz Brezja : Travel-Slovenia","isPartOf":{"@id":"https:\/\/www.travel-slovenia.si\/slo\/#website"},"datePublished":"2018-07-12T13:37:11+00:00","description":"Slivnica - Pot 2 - Iz Brezja na vzpetino Slivnica. Pri\u010detek je v vasi Radlek, ki nas popelje na vrh gore s prelepim razgledom.","breadcrumb":{"@id":"https:\/\/www.travel-slovenia.si\/slo\/slivnica-pot-2-iz-brezja\/#breadcrumb"},"inLanguage":"sl-SI","potentialAction":[{"@type":"ReadAction","target":["https:\/\/www.travel-slovenia.si\/slo\/slivnica-pot-2-iz-brezja\/"]}]},{"@type":"BreadcrumbList","@id":"https:\/\/www.travel-slovenia.si\/slo\/slivnica-pot-2-iz-brezja\/#breadcrumb","itemListElement":[{"@type":"ListItem","position":1,"name":"Home","item":"https:\/\/www.travel-slovenia.si\/slo\/"},{"@type":"ListItem","position":2,"name":"Slivnica &#8211; Pot 2 &#8211; Iz Brezja"}]},{"@type":"WebSite","@id":"https:\/\/www.travel-slovenia.si\/slo\/#website","url":"https:\/\/www.travel-slovenia.si\/slo\/","name":"Travel Slovenia - Sledite lepotam na\u0161e male dr\u017eavice","description":"","potentialAction":[{"@type":"SearchAction","target":{"@type":"EntryPoint","urlTemplate":"https:\/\/www.travel-slovenia.si\/slo\/?s={search_term_string}"},"query-input":{"@type":"PropertyValueSpecification","valueRequired":true,"valueName":"search_term_string"}}],"inLanguage":"sl-SI"}]}},"post_mailing_queue_ids":[],"_links":{"self":[{"href":"https:\/\/www.travel-slovenia.si\/slo\/wp-json\/wp\/v2\/pages\/7500","targetHints":{"allow":["GET"]}}],"collection":[{"href":"https:\/\/www.travel-slovenia.si\/slo\/wp-json\/wp\/v2\/pages"}],"about":[{"href":"https:\/\/www.travel-slovenia.si\/slo\/wp-json\/wp\/v2\/types\/page"}],"author":[{"embeddable":true,"href":"https:\/\/www.travel-slovenia.si\/slo\/wp-json\/wp\/v2\/users\/111"}],"replies":[{"embeddable":true,"href":"https:\/\/www.travel-slovenia.si\/slo\/wp-json\/wp\/v2\/comments?post=7500"}],"version-history":[{"count":1,"href":"https:\/\/www.travel-slovenia.si\/slo\/wp-json\/wp\/v2\/pages\/7500\/revisions"}],"predecessor-version":[{"id":7501,"href":"https:\/\/www.travel-slovenia.si\/slo\/wp-json\/wp\/v2\/pages\/7500\/revisions\/7501"}],"wp:attachment":[{"href":"https:\/\/www.travel-slovenia.si\/slo\/wp-json\/wp\/v2\/media?parent=7500"}],"curies":[{"name":"wp","href":"https:\/\/api.w.org\/{rel}","templated":true}]}}