{"id":7495,"date":"2018-07-12T15:29:32","date_gmt":"2018-07-12T13:29:32","guid":{"rendered":"https:\/\/www.travel-slovenia.si\/slo\/?page_id=7495"},"modified":"2018-07-12T15:32:56","modified_gmt":"2018-07-12T13:32:56","slug":"slivnica-pot-1-iz-radleka","status":"publish","type":"page","link":"https:\/\/www.travel-slovenia.si\/slo\/slivnica-pot-1-iz-radleka\/","title":{"rendered":"Slivnica &#8211; Pot 1 &#8211; Iz Radleka"},"content":{"rendered":"<p><strong>Vi\u0161ina vzpetine:<\/strong> 1114 m<br \/>\n<strong>Vi\u0161ina za\u010detne to\u010dke:<\/strong> 780 m<br \/>\n<strong>Vi\u0161inska razlika:<\/strong> 334 m<\/p>\n<p><strong>\u010cas hoje:<\/strong> 1 h 20 min<br \/>\n<strong>Te\u017eavnost:<\/strong> Lahka ozna\u010dena pot<br \/>\n<strong>Oprema:<\/strong> Obi\u010dajna pohodni\u0161ka oprema. Pozimi priporo\u010damo uporabo derez.<br \/>\n<strong>Primernost obiska:<\/strong> Vsi letni \u010dasi.<\/p>\n<p style=\"text-align: justify;\"><strong>Dostop:<\/strong><br \/>\nNa avtocesti se usmerimo proti Uncu, od tu nadaljujemo proti Cerknici do Nove vasi na Blokah. V vasi zavijemo proti Grahovemu. V vasi, na kri\u017ei\u0161\u010du ob cerkvi Sv. Marije zavijemo levo, tu zapustimo glavno cesto in nadaljujemo po lokalni cesti. Peljemo se po cesti, ki nas vodi skozi vas, kasneje nas pripelje v gozd. Na kri\u017ei\u0161\u010du nadaljujemo desno, cesta levo nas usmeri proti Martinjaku. Cesti sledimo \u0161e nekaj \u010dasa, dokler ne pridemo do ostrega desnega ovinka, levo se odcepi cesta proti Slivnici. Zavijemo levo in parkiramo na primernem mestu.<\/p>\n<p style=\"text-align: justify;\">Iz smeri Ko\u010devja se usmerimo v smeri Sodra\u017eice in nadaljujemo proti Blokam vse do Nove vasi. Na koncu vasi zapustimo glavno cesto in nadaljujemo vo\u017enjo proti Velikim Blokam. V vasi pre\u010dkamo Napoleonov most, kmalu za njim pa se usmerimo levo proti Radleku. V vasi Radlek nadaljujemo desno, kjer se kmalu pot spremeni v makadam. Nadaljujemo po tej poti, kasneje se cesti priklju\u010di z leve cesta iz Blo\u010dic. Nadaljujemo naravnost, mimo NOB spomenika (na desni). Ko pridemo do kri\u017ei\u0161\u010da, ki nas usmeri proti Slivnici najdemo primerno mesto za parkiranje.<\/p>\n<p style=\"text-align: justify;\">Od tu nadaljujemo po cesto naprej po kateri hodimo kar nekaj \u010dasa, pri kri\u017ei\u0161\u010du nadaljujemo v smeri Slivnica. Poti sledimo do naslednjega kri\u017ei\u0161\u010da, kjer opazimo tablo za lovsko ko\u010do. Tu lahko pot nadaljujemo levo ali pa se usmerimo desno proti ko\u010di. Na koncu se obe poti zdru\u017eita malo za ko\u010do. Kmalu pridemo do velike informativne table za cerkev Sv. Miklav\u017ea, ki se nahaja le nekaj metrov stran od table. Za tablo zavijemo levo, kmalu zasledimo napise Slivnica na drevesih. \u010ce se podamo nekaj metrov v levo bomo pod nami zagledali cerkev. Mi pa sledimo napisom na drevesih v desno. Pot se pri\u010dne zmerno vzpenjati in ji sledimo vse do vrha. Pre\u010dimo travnike in kmalu zagledamo oddajnik. Pri ograjenem pa\u0161niku se usmerimo na pot levo, pre\u010dimo travnik in pot nas odpelje skozi manj\u0161i gozd, kjer opazimo markacijo. Kmalu pridemo na kolovozno pot, kjer zavijemo desno, ki nas odpelje do ko\u010de. Malo pred ko\u010do se usmerimo v levo, na travnato pot, ki nas pripelje do vrha.<\/p>\n<div class='prettyMapList above cf' id='MapListPro0'><!--The Map --><div id='map-canvas0' class='mapHolder'><\/div><!-- hidden div that gets bound --><div data-bind=\"map: $data.filteredLocations()\"><\/div><!-- Search, Filters, Sorting bar --><div class='prettyFileBar clearfix'><!-- Sorting button --><\/div><!--Message bar--><div class='prettyMessage' data-bind='visible: anyLocationsAvailable' style='display:none;'><span>No matching locations <\/span><a class='btn' href='#' data-bind='click:clearSearch'>Show all locations<\/a><\/div><div class='prettyMessage' data-bind='visible: geocodeFail' style='display:none;'><span>No location found <\/span><a class='btn' href='#' data-bind='click:clearSearch'>Show all locations<\/a><\/div><div id='ListContainer'><!--The List --><ul class='unstyled prettyListItems loading' data-bind='foreach: {data: pagedLocations}'><li class='corePrettyStyle prettylink map location' data-bind='css: $data.cssClass,click: $root.locationClick'><a href='#' class='viewLocationDetail clearfix'><!-- ko if: $data.smallImageUrl --><img src='#' data-bind='attr:{src: $data.smallImageUrl}' class='smallImage' \/><!-- \/ko --><span data-bind='html:$data.title'><\/span><span data-bind='text:$data.friendlyDistance'><\/span><\/a><!--Expanded item--><div class='mapLocationDetail clearfix' style='display:none;' data-bind='slideIn: $data.expanded,slideOut: $data.expanded'><div class='mapDescription clearfix'><!-- ko if: $data.imageUrl --><img src='#' data-bind='attr:{src: $data.imageUrl}' class='featuredImage float_left' \/><!-- \/ko --><div class='description float_left'><div data-bind='{html:$data.description}'><\/div><\/div><\/div><!-- ko if: $data.locationUrl--><a href='#' class='viewLocationPage btn corePrettyStyle' data-bind='attr:{href:$data.locationUrl}'>Prika\u017ei lokacijo podrobneje<\/a><!-- \/ko --><\/div><\/li><\/ul><\/div><\/div>\n","protected":false},"excerpt":{"rendered":"<p>Vi\u0161ina vzpetine: 1114 m Vi\u0161ina za\u010detne to\u010dke: 780 m Vi\u0161inska razlika: 334 m \u010cas hoje: 1 h 20 min Te\u017eavnost: Lahka ozna\u010dena pot Oprema: Obi\u010dajna pohodni\u0161ka oprema. Pozimi priporo\u010damo uporabo derez. Primernost obiska: Vsi letni \u010dasi. Dostop: Na avtocesti se usmerimo proti Uncu, od tu nadaljujemo proti Cerknici do Nove vasi na Blokah. V vasi [&hellip;]<\/p>\n","protected":false},"author":111,"featured_media":0,"parent":0,"menu_order":0,"comment_status":"closed","ping_status":"closed","template":"","meta":{"footnotes":""},"class_list":["post-7495","page","type-page","status-publish","hentry"],"yoast_head":"<!-- This site is optimized with the Yoast SEO plugin v25.4 - https:\/\/yoast.com\/wordpress\/plugins\/seo\/ -->\n<title>Slivnica - Pot 1 - Iz Radleka : Travel-Slovenia<\/title>\n<meta name=\"description\" content=\"Slivnica - Pot 1 - Iz Radleka na vzpetino Slivnica. Pri\u010detek je v vasi Radlek, ki nas popelje na vrh gore s prelepim razgledom.\" \/>\n<meta name=\"robots\" content=\"index, follow, max-snippet:-1, max-image-preview:large, max-video-preview:-1\" \/>\n<link rel=\"canonical\" href=\"https:\/\/www.travel-slovenia.si\/slo\/slivnica-pot-1-iz-radleka\/\" \/>\n<meta property=\"og:locale\" content=\"sl_SI\" \/>\n<meta property=\"og:type\" content=\"article\" \/>\n<meta property=\"og:title\" content=\"Slivnica - Pot 1 - Iz Radleka : Travel-Slovenia\" \/>\n<meta property=\"og:description\" content=\"Slivnica - Pot 1 - Iz Radleka na vzpetino Slivnica. Pri\u010detek je v vasi Radlek, ki nas popelje na vrh gore s prelepim razgledom.\" \/>\n<meta property=\"og:url\" content=\"https:\/\/www.travel-slovenia.si\/slo\/slivnica-pot-1-iz-radleka\/\" \/>\n<meta property=\"og:site_name\" content=\"Travel Slovenia - Sledite lepotam na\u0161e male dr\u017eavice\" \/>\n<meta property=\"article:modified_time\" content=\"2018-07-12T13:32:56+00:00\" \/>\n<meta property=\"og:image\" content=\"https:\/\/www.travel-slovenia.si\/slo\/wp-content\/uploads\/2018\/07\/travel-slovenia-slivnica.jpg\" \/>\n\t<meta property=\"og:image:width\" content=\"600\" \/>\n\t<meta property=\"og:image:height\" content=\"450\" \/>\n\t<meta property=\"og:image:type\" content=\"image\/jpeg\" \/>\n<meta name=\"twitter:card\" content=\"summary_large_image\" \/>\n<meta name=\"twitter:title\" content=\"Slivnica - Pot 1 - Iz Radleka : Travel-Slovenia\" \/>\n<meta name=\"twitter:description\" content=\"Slivnica - Pot 1 - Iz Radleka na vzpetino Slivnica. Pri\u010detek je v vasi Radlek, ki nas popelje na vrh gore s prelepim razgledom.\" \/>\n<meta name=\"twitter:image\" content=\"https:\/\/www.travel-slovenia.si\/slo\/wp-content\/uploads\/2018\/07\/travel-slovenia-slivnica.jpg\" \/>\n<meta name=\"twitter:label1\" content=\"Est. reading time\" \/>\n\t<meta name=\"twitter:data1\" content=\"2 minuti\" \/>\n<script type=\"application\/ld+json\" class=\"yoast-schema-graph\">{\"@context\":\"https:\/\/schema.org\",\"@graph\":[{\"@type\":\"WebPage\",\"@id\":\"https:\/\/www.travel-slovenia.si\/slo\/slivnica-pot-1-iz-radleka\/\",\"url\":\"https:\/\/www.travel-slovenia.si\/slo\/slivnica-pot-1-iz-radleka\/\",\"name\":\"Slivnica - Pot 1 - Iz Radleka : Travel-Slovenia\",\"isPartOf\":{\"@id\":\"https:\/\/www.travel-slovenia.si\/slo\/#website\"},\"datePublished\":\"2018-07-12T13:29:32+00:00\",\"dateModified\":\"2018-07-12T13:32:56+00:00\",\"description\":\"Slivnica - Pot 1 - Iz Radleka na vzpetino Slivnica. Pri\u010detek je v vasi Radlek, ki nas popelje na vrh gore s prelepim razgledom.\",\"breadcrumb\":{\"@id\":\"https:\/\/www.travel-slovenia.si\/slo\/slivnica-pot-1-iz-radleka\/#breadcrumb\"},\"inLanguage\":\"sl-SI\",\"potentialAction\":[{\"@type\":\"ReadAction\",\"target\":[\"https:\/\/www.travel-slovenia.si\/slo\/slivnica-pot-1-iz-radleka\/\"]}]},{\"@type\":\"BreadcrumbList\",\"@id\":\"https:\/\/www.travel-slovenia.si\/slo\/slivnica-pot-1-iz-radleka\/#breadcrumb\",\"itemListElement\":[{\"@type\":\"ListItem\",\"position\":1,\"name\":\"Home\",\"item\":\"https:\/\/www.travel-slovenia.si\/slo\/\"},{\"@type\":\"ListItem\",\"position\":2,\"name\":\"Slivnica &#8211; Pot 1 &#8211; Iz Radleka\"}]},{\"@type\":\"WebSite\",\"@id\":\"https:\/\/www.travel-slovenia.si\/slo\/#website\",\"url\":\"https:\/\/www.travel-slovenia.si\/slo\/\",\"name\":\"Travel Slovenia - Sledite lepotam na\u0161e male dr\u017eavice\",\"description\":\"\",\"potentialAction\":[{\"@type\":\"SearchAction\",\"target\":{\"@type\":\"EntryPoint\",\"urlTemplate\":\"https:\/\/www.travel-slovenia.si\/slo\/?s={search_term_string}\"},\"query-input\":{\"@type\":\"PropertyValueSpecification\",\"valueRequired\":true,\"valueName\":\"search_term_string\"}}],\"inLanguage\":\"sl-SI\"}]}<\/script>\n<!-- \/ Yoast SEO plugin. -->","yoast_head_json":{"title":"Slivnica - Pot 1 - Iz Radleka : Travel-Slovenia","description":"Slivnica - Pot 1 - Iz Radleka na vzpetino Slivnica. Pri\u010detek je v vasi Radlek, ki nas popelje na vrh gore s prelepim razgledom.","robots":{"index":"index","follow":"follow","max-snippet":"max-snippet:-1","max-image-preview":"max-image-preview:large","max-video-preview":"max-video-preview:-1"},"canonical":"https:\/\/www.travel-slovenia.si\/slo\/slivnica-pot-1-iz-radleka\/","og_locale":"sl_SI","og_type":"article","og_title":"Slivnica - Pot 1 - Iz Radleka : Travel-Slovenia","og_description":"Slivnica - Pot 1 - Iz Radleka na vzpetino Slivnica. Pri\u010detek je v vasi Radlek, ki nas popelje na vrh gore s prelepim razgledom.","og_url":"https:\/\/www.travel-slovenia.si\/slo\/slivnica-pot-1-iz-radleka\/","og_site_name":"Travel Slovenia - Sledite lepotam na\u0161e male dr\u017eavice","article_modified_time":"2018-07-12T13:32:56+00:00","og_image":[{"width":600,"height":450,"url":"https:\/\/www.travel-slovenia.si\/slo\/wp-content\/uploads\/2018\/07\/travel-slovenia-slivnica.jpg","type":"image\/jpeg"}],"twitter_card":"summary_large_image","twitter_title":"Slivnica - Pot 1 - Iz Radleka : Travel-Slovenia","twitter_description":"Slivnica - Pot 1 - Iz Radleka na vzpetino Slivnica. Pri\u010detek je v vasi Radlek, ki nas popelje na vrh gore s prelepim razgledom.","twitter_image":"https:\/\/www.travel-slovenia.si\/slo\/wp-content\/uploads\/2018\/07\/travel-slovenia-slivnica.jpg","twitter_misc":{"Est. reading time":"2 minuti"},"schema":{"@context":"https:\/\/schema.org","@graph":[{"@type":"WebPage","@id":"https:\/\/www.travel-slovenia.si\/slo\/slivnica-pot-1-iz-radleka\/","url":"https:\/\/www.travel-slovenia.si\/slo\/slivnica-pot-1-iz-radleka\/","name":"Slivnica - Pot 1 - Iz Radleka : Travel-Slovenia","isPartOf":{"@id":"https:\/\/www.travel-slovenia.si\/slo\/#website"},"datePublished":"2018-07-12T13:29:32+00:00","dateModified":"2018-07-12T13:32:56+00:00","description":"Slivnica - Pot 1 - Iz Radleka na vzpetino Slivnica. Pri\u010detek je v vasi Radlek, ki nas popelje na vrh gore s prelepim razgledom.","breadcrumb":{"@id":"https:\/\/www.travel-slovenia.si\/slo\/slivnica-pot-1-iz-radleka\/#breadcrumb"},"inLanguage":"sl-SI","potentialAction":[{"@type":"ReadAction","target":["https:\/\/www.travel-slovenia.si\/slo\/slivnica-pot-1-iz-radleka\/"]}]},{"@type":"BreadcrumbList","@id":"https:\/\/www.travel-slovenia.si\/slo\/slivnica-pot-1-iz-radleka\/#breadcrumb","itemListElement":[{"@type":"ListItem","position":1,"name":"Home","item":"https:\/\/www.travel-slovenia.si\/slo\/"},{"@type":"ListItem","position":2,"name":"Slivnica &#8211; Pot 1 &#8211; Iz Radleka"}]},{"@type":"WebSite","@id":"https:\/\/www.travel-slovenia.si\/slo\/#website","url":"https:\/\/www.travel-slovenia.si\/slo\/","name":"Travel Slovenia - Sledite lepotam na\u0161e male dr\u017eavice","description":"","potentialAction":[{"@type":"SearchAction","target":{"@type":"EntryPoint","urlTemplate":"https:\/\/www.travel-slovenia.si\/slo\/?s={search_term_string}"},"query-input":{"@type":"PropertyValueSpecification","valueRequired":true,"valueName":"search_term_string"}}],"inLanguage":"sl-SI"}]}},"post_mailing_queue_ids":[],"_links":{"self":[{"href":"https:\/\/www.travel-slovenia.si\/slo\/wp-json\/wp\/v2\/pages\/7495","targetHints":{"allow":["GET"]}}],"collection":[{"href":"https:\/\/www.travel-slovenia.si\/slo\/wp-json\/wp\/v2\/pages"}],"about":[{"href":"https:\/\/www.travel-slovenia.si\/slo\/wp-json\/wp\/v2\/types\/page"}],"author":[{"embeddable":true,"href":"https:\/\/www.travel-slovenia.si\/slo\/wp-json\/wp\/v2\/users\/111"}],"replies":[{"embeddable":true,"href":"https:\/\/www.travel-slovenia.si\/slo\/wp-json\/wp\/v2\/comments?post=7495"}],"version-history":[{"count":4,"href":"https:\/\/www.travel-slovenia.si\/slo\/wp-json\/wp\/v2\/pages\/7495\/revisions"}],"predecessor-version":[{"id":7499,"href":"https:\/\/www.travel-slovenia.si\/slo\/wp-json\/wp\/v2\/pages\/7495\/revisions\/7499"}],"wp:attachment":[{"href":"https:\/\/www.travel-slovenia.si\/slo\/wp-json\/wp\/v2\/media?parent=7495"}],"curies":[{"name":"wp","href":"https:\/\/api.w.org\/{rel}","templated":true}]}}