{"id":7460,"date":"2018-06-29T15:00:40","date_gmt":"2018-06-29T13:00:40","guid":{"rendered":"https:\/\/www.travel-slovenia.si\/slo\/?page_id=7460"},"modified":"2018-06-29T15:00:40","modified_gmt":"2018-06-29T13:00:40","slug":"odkritje-spomenika-valentinu-vodniku","status":"publish","type":"page","link":"https:\/\/www.travel-slovenia.si\/slo\/odkritje-spomenika-valentinu-vodniku\/","title":{"rendered":"Odkritje spomenika Valentinu Vodniku"},"content":{"rendered":"<figure id=\"attachment_7461\" class=\"wp-caption alignleft\" style=\"max-width: 300px\"><img loading=\"lazy\" decoding=\"async\" class=\"size-medium wp-image-7461\" src=\"https:\/\/www.travel-slovenia.si\/slo\/wp-content\/uploads\/2018\/06\/travel-slovenia-valentin-vodnik-monument-300x272.jpg\" alt=\"\" width=\"300\" height=\"272\" srcset=\"https:\/\/www.travel-slovenia.si\/slo\/wp-content\/uploads\/2018\/06\/travel-slovenia-valentin-vodnik-monument-300x272.jpg 300w, https:\/\/www.travel-slovenia.si\/slo\/wp-content\/uploads\/2018\/06\/travel-slovenia-valentin-vodnik-monument-24x22.jpg 24w, https:\/\/www.travel-slovenia.si\/slo\/wp-content\/uploads\/2018\/06\/travel-slovenia-valentin-vodnik-monument-36x33.jpg 36w, https:\/\/www.travel-slovenia.si\/slo\/wp-content\/uploads\/2018\/06\/travel-slovenia-valentin-vodnik-monument-48x43.jpg 48w, https:\/\/www.travel-slovenia.si\/slo\/wp-content\/uploads\/2018\/06\/travel-slovenia-valentin-vodnik-monument.jpg 600w\" sizes=\"auto, (max-width: 300px) 100vw, 300px\" \/><figcaption class=\"wp-caption-text\">Spomenik Valentinu Vodniku<\/figcaption><\/figure>\n<p style=\"text-align: justify;\">Vodnikov spomenik je bil odkrit 30. junija 1889 pred poslopjem ljubljanskega liceja, je spomenik pesniku Valentinu Vodniku in stoji na Vodnikovem trgu v stari Ljubljani. Danes je kip obrnjen proti trgu s hrbtom.<\/p>\n<p style=\"text-align: justify;\">Gre za bronasti celo-postavni kip, ki je delo kiparja Alojza Gangla. Visok je 2.5 metra, stoji na kamnitem bloku, le-ta pa na stopni\u010dastem podstavku. Ta dva dela spomenika sta delo arhitekta Jana Dufferja. Obkro\u017een je z \u017eelezno ograjo. Na spomeniku pa je izpisana zadnja kitica Vodnikove pesmi &#8221;Moj spomenik&#8221;:<\/p>\n<blockquote>\n<p style=\"text-align: center;\"><em>Ne h\u010dere ne sina<\/em><br \/>\n<em> Po meni ne bo.<\/em><br \/>\n<em> Dovolj je spomina,<\/em><br \/>\n<em> Me pesmi poj\u00f3.<\/em><\/p>\n<\/blockquote>\n<figure id=\"attachment_7462\" class=\"wp-caption alignright\" style=\"max-width: 300px\"><img loading=\"lazy\" decoding=\"async\" class=\"size-medium wp-image-7462\" src=\"https:\/\/www.travel-slovenia.si\/slo\/wp-content\/uploads\/2018\/06\/travel-slovenia-valentin-vodnik-monument-old-300x220.jpg\" alt=\"\" width=\"300\" height=\"220\" srcset=\"https:\/\/www.travel-slovenia.si\/slo\/wp-content\/uploads\/2018\/06\/travel-slovenia-valentin-vodnik-monument-old-300x220.jpg 300w, https:\/\/www.travel-slovenia.si\/slo\/wp-content\/uploads\/2018\/06\/travel-slovenia-valentin-vodnik-monument-old-24x18.jpg 24w, https:\/\/www.travel-slovenia.si\/slo\/wp-content\/uploads\/2018\/06\/travel-slovenia-valentin-vodnik-monument-old-36x26.jpg 36w, https:\/\/www.travel-slovenia.si\/slo\/wp-content\/uploads\/2018\/06\/travel-slovenia-valentin-vodnik-monument-old-48x35.jpg 48w, https:\/\/www.travel-slovenia.si\/slo\/wp-content\/uploads\/2018\/06\/travel-slovenia-valentin-vodnik-monument-old.jpg 600w\" sizes=\"auto, (max-width: 300px) 100vw, 300px\" \/><figcaption class=\"wp-caption-text\">Stara slika spomenika<\/figcaption><\/figure>\n<p style=\"text-align: justify;\">Ob 100. obletnici Vodnikovega rojstva je pobudo za postavitev spomenika podal pesnik in politik Lovro Toman, poziv za pobiranje prispevkov pa je objavil Janez Bleiweis. Vodnikov spomenik je prvi slovenski narodni spomenik, postavljen v obdobju prebujajo\u010de slovenske narodne zavesti. Ob odkritju so organizirali veliko slovesnost in tridnevno slavje, dogodka se je udele\u017eilo tiso\u010de Slovencev z vse Kranjske. Poslopje liceja za njim so v letu 1902 podrli, saj je bilo po velikem ljubljanskem potresu preve\u010d po\u0161kodovano. Kar je spro\u017eilo nekaj javnega negodovanja, saj je tr\u017enica, ki je nastala na njegovem mestu veljala za premalo ugledno ozadje takemu obele\u017eju. Ob proslavi 120. obletnice Ilirskih provinc leta 1929 so na sprednjo stran podstavka dodali bronast venec s sve\u017enjem, \u010drkama R in F ter prisegajo\u010do roko nad napisom Vodnik, saj je bil Vodnik velik podpornik Ilirskih provinc.<\/p>\n<p>&nbsp;<\/p>\n<table>\n<tbody>\n<tr>\n<td style=\"text-align: center;\"><a href=\"https:\/\/www.travel-slovenia.si\/slo\/na-danasnji-dan\/\"><img loading=\"lazy\" decoding=\"async\" class=\"alignleft wp-image-4499 size-full\" src=\"https:\/\/www.travel-slovenia.si\/slo\/wp-content\/uploads\/2014\/09\/travel-slovenia-povezava-na-drugo.jpg\" alt=\"travel-slovenia-povezava-na-drugo\" width=\"128\" height=\"22\" srcset=\"https:\/\/www.travel-slovenia.si\/slo\/wp-content\/uploads\/2014\/09\/travel-slovenia-povezava-na-drugo.jpg 128w, https:\/\/www.travel-slovenia.si\/slo\/wp-content\/uploads\/2014\/09\/travel-slovenia-povezava-na-drugo-24x4.jpg 24w, https:\/\/www.travel-slovenia.si\/slo\/wp-content\/uploads\/2014\/09\/travel-slovenia-povezava-na-drugo-36x6.jpg 36w, https:\/\/www.travel-slovenia.si\/slo\/wp-content\/uploads\/2014\/09\/travel-slovenia-povezava-na-drugo-48x8.jpg 48w\" sizes=\"auto, (max-width: 128px) 100vw, 128px\" \/><\/a><a href=\"https:\/\/www.travel-slovenia.si\/slo\/na-danasnji-dan\/\">Poglejte \u0161e druge pomembne dogodke!<\/a><a href=\"https:\/\/www.travel-slovenia.si\/slo\/na-danasnji-dan\/\"><img loading=\"lazy\" decoding=\"async\" class=\"alignright wp-image-4500 size-full\" src=\"https:\/\/www.travel-slovenia.si\/slo\/wp-content\/uploads\/2014\/09\/travel-slovenia-povezava-na-drugo2.jpg\" alt=\"travel-slovenia-povezava-na-drugo2\" width=\"128\" height=\"22\" srcset=\"https:\/\/www.travel-slovenia.si\/slo\/wp-content\/uploads\/2014\/09\/travel-slovenia-povezava-na-drugo2.jpg 128w, https:\/\/www.travel-slovenia.si\/slo\/wp-content\/uploads\/2014\/09\/travel-slovenia-povezava-na-drugo2-24x4.jpg 24w, https:\/\/www.travel-slovenia.si\/slo\/wp-content\/uploads\/2014\/09\/travel-slovenia-povezava-na-drugo2-36x6.jpg 36w, https:\/\/www.travel-slovenia.si\/slo\/wp-content\/uploads\/2014\/09\/travel-slovenia-povezava-na-drugo2-48x8.jpg 48w\" sizes=\"auto, (max-width: 128px) 100vw, 128px\" \/><\/a><\/td>\n<\/tr>\n<\/tbody>\n<\/table>\n","protected":false},"excerpt":{"rendered":"<p>Vodnikov spomenik je bil odkrit 30. junija 1889 pred poslopjem ljubljanskega liceja, je spomenik pesniku Valentinu Vodniku in stoji na Vodnikovem trgu v stari Ljubljani. Danes je kip obrnjen proti trgu s hrbtom. Gre za bronasti celo-postavni kip, ki je delo kiparja Alojza Gangla. Visok je 2.5 metra, stoji na kamnitem bloku, le-ta pa na [&hellip;]<\/p>\n","protected":false},"author":111,"featured_media":0,"parent":0,"menu_order":0,"comment_status":"closed","ping_status":"closed","template":"","meta":{"footnotes":""},"class_list":["post-7460","page","type-page","status-publish","hentry"],"yoast_head":"<!-- This site is optimized with the Yoast SEO plugin v25.4 - https:\/\/yoast.com\/wordpress\/plugins\/seo\/ -->\n<title>Odkritje spomenika Valentinu Vodniku : Travel-Slovenia<\/title>\n<meta name=\"description\" content=\"Vodnikov spomenik je bil odkrit 30. junija 1889 pred poslopjem ljubljanskega liceja, je spomenik pesniku Valentinu Vodniku in stoji na Vodnikovem trgu.\" \/>\n<meta name=\"robots\" content=\"index, follow, max-snippet:-1, max-image-preview:large, max-video-preview:-1\" \/>\n<link rel=\"canonical\" href=\"https:\/\/www.travel-slovenia.si\/slo\/odkritje-spomenika-valentinu-vodniku\/\" \/>\n<meta property=\"og:locale\" content=\"sl_SI\" \/>\n<meta property=\"og:type\" content=\"article\" \/>\n<meta property=\"og:title\" content=\"Odkritje spomenika Valentinu Vodniku : Travel-Slovenia\" \/>\n<meta property=\"og:description\" content=\"Vodnikov spomenik je bil odkrit 30. junija 1889 pred poslopjem ljubljanskega liceja, je spomenik pesniku Valentinu Vodniku in stoji na Vodnikovem trgu.\" \/>\n<meta property=\"og:url\" content=\"https:\/\/www.travel-slovenia.si\/slo\/odkritje-spomenika-valentinu-vodniku\/\" \/>\n<meta property=\"og:site_name\" content=\"Travel Slovenia - Sledite lepotam na\u0161e male dr\u017eavice\" \/>\n<meta property=\"og:image\" content=\"https:\/\/www.travel-slovenia.si\/slo\/wp-content\/uploads\/2018\/06\/travel-slovenia-valentin-vodnik-monument-old.jpg\" \/>\n\t<meta property=\"og:image:width\" content=\"600\" \/>\n\t<meta property=\"og:image:height\" content=\"439\" \/>\n\t<meta property=\"og:image:type\" content=\"image\/jpeg\" \/>\n<meta name=\"twitter:card\" content=\"summary_large_image\" \/>\n<meta name=\"twitter:title\" content=\"Odkritje spomenika Valentinu Vodniku : Travel-Slovenia\" \/>\n<meta name=\"twitter:description\" content=\"Vodnikov spomenik je bil odkrit 30. junija 1889 pred poslopjem ljubljanskega liceja, je spomenik pesniku Valentinu Vodniku in stoji na Vodnikovem trgu.\" \/>\n<meta name=\"twitter:image\" content=\"https:\/\/www.travel-slovenia.si\/slo\/wp-content\/uploads\/2018\/06\/travel-slovenia-valentin-vodnik-monument-old.jpg\" \/>\n<meta name=\"twitter:label1\" content=\"Est. reading time\" \/>\n\t<meta name=\"twitter:data1\" content=\"1 minuta\" \/>\n<script type=\"application\/ld+json\" class=\"yoast-schema-graph\">{\"@context\":\"https:\/\/schema.org\",\"@graph\":[{\"@type\":\"WebPage\",\"@id\":\"https:\/\/www.travel-slovenia.si\/slo\/odkritje-spomenika-valentinu-vodniku\/\",\"url\":\"https:\/\/www.travel-slovenia.si\/slo\/odkritje-spomenika-valentinu-vodniku\/\",\"name\":\"Odkritje spomenika Valentinu Vodniku : Travel-Slovenia\",\"isPartOf\":{\"@id\":\"https:\/\/www.travel-slovenia.si\/slo\/#website\"},\"primaryImageOfPage\":{\"@id\":\"https:\/\/www.travel-slovenia.si\/slo\/odkritje-spomenika-valentinu-vodniku\/#primaryimage\"},\"image\":{\"@id\":\"https:\/\/www.travel-slovenia.si\/slo\/odkritje-spomenika-valentinu-vodniku\/#primaryimage\"},\"thumbnailUrl\":\"https:\/\/www.travel-slovenia.si\/slo\/wp-content\/uploads\/2018\/06\/travel-slovenia-valentin-vodnik-monument-300x272.jpg\",\"datePublished\":\"2018-06-29T13:00:40+00:00\",\"description\":\"Vodnikov spomenik je bil odkrit 30. junija 1889 pred poslopjem ljubljanskega liceja, je spomenik pesniku Valentinu Vodniku in stoji na Vodnikovem trgu.\",\"breadcrumb\":{\"@id\":\"https:\/\/www.travel-slovenia.si\/slo\/odkritje-spomenika-valentinu-vodniku\/#breadcrumb\"},\"inLanguage\":\"sl-SI\",\"potentialAction\":[{\"@type\":\"ReadAction\",\"target\":[\"https:\/\/www.travel-slovenia.si\/slo\/odkritje-spomenika-valentinu-vodniku\/\"]}]},{\"@type\":\"ImageObject\",\"inLanguage\":\"sl-SI\",\"@id\":\"https:\/\/www.travel-slovenia.si\/slo\/odkritje-spomenika-valentinu-vodniku\/#primaryimage\",\"url\":\"https:\/\/www.travel-slovenia.si\/slo\/wp-content\/uploads\/2018\/06\/travel-slovenia-valentin-vodnik-monument.jpg\",\"contentUrl\":\"https:\/\/www.travel-slovenia.si\/slo\/wp-content\/uploads\/2018\/06\/travel-slovenia-valentin-vodnik-monument.jpg\",\"width\":600,\"height\":543,\"caption\":\"Spomenik Valentinu Vodniku\"},{\"@type\":\"BreadcrumbList\",\"@id\":\"https:\/\/www.travel-slovenia.si\/slo\/odkritje-spomenika-valentinu-vodniku\/#breadcrumb\",\"itemListElement\":[{\"@type\":\"ListItem\",\"position\":1,\"name\":\"Home\",\"item\":\"https:\/\/www.travel-slovenia.si\/slo\/\"},{\"@type\":\"ListItem\",\"position\":2,\"name\":\"Odkritje spomenika Valentinu Vodniku\"}]},{\"@type\":\"WebSite\",\"@id\":\"https:\/\/www.travel-slovenia.si\/slo\/#website\",\"url\":\"https:\/\/www.travel-slovenia.si\/slo\/\",\"name\":\"Travel Slovenia - Sledite lepotam na\u0161e male dr\u017eavice\",\"description\":\"\",\"potentialAction\":[{\"@type\":\"SearchAction\",\"target\":{\"@type\":\"EntryPoint\",\"urlTemplate\":\"https:\/\/www.travel-slovenia.si\/slo\/?s={search_term_string}\"},\"query-input\":{\"@type\":\"PropertyValueSpecification\",\"valueRequired\":true,\"valueName\":\"search_term_string\"}}],\"inLanguage\":\"sl-SI\"}]}<\/script>\n<!-- \/ Yoast SEO plugin. -->","yoast_head_json":{"title":"Odkritje spomenika Valentinu Vodniku : Travel-Slovenia","description":"Vodnikov spomenik je bil odkrit 30. junija 1889 pred poslopjem ljubljanskega liceja, je spomenik pesniku Valentinu Vodniku in stoji na Vodnikovem trgu.","robots":{"index":"index","follow":"follow","max-snippet":"max-snippet:-1","max-image-preview":"max-image-preview:large","max-video-preview":"max-video-preview:-1"},"canonical":"https:\/\/www.travel-slovenia.si\/slo\/odkritje-spomenika-valentinu-vodniku\/","og_locale":"sl_SI","og_type":"article","og_title":"Odkritje spomenika Valentinu Vodniku : Travel-Slovenia","og_description":"Vodnikov spomenik je bil odkrit 30. junija 1889 pred poslopjem ljubljanskega liceja, je spomenik pesniku Valentinu Vodniku in stoji na Vodnikovem trgu.","og_url":"https:\/\/www.travel-slovenia.si\/slo\/odkritje-spomenika-valentinu-vodniku\/","og_site_name":"Travel Slovenia - Sledite lepotam na\u0161e male dr\u017eavice","og_image":[{"width":600,"height":439,"url":"https:\/\/www.travel-slovenia.si\/slo\/wp-content\/uploads\/2018\/06\/travel-slovenia-valentin-vodnik-monument-old.jpg","type":"image\/jpeg"}],"twitter_card":"summary_large_image","twitter_title":"Odkritje spomenika Valentinu Vodniku : Travel-Slovenia","twitter_description":"Vodnikov spomenik je bil odkrit 30. junija 1889 pred poslopjem ljubljanskega liceja, je spomenik pesniku Valentinu Vodniku in stoji na Vodnikovem trgu.","twitter_image":"https:\/\/www.travel-slovenia.si\/slo\/wp-content\/uploads\/2018\/06\/travel-slovenia-valentin-vodnik-monument-old.jpg","twitter_misc":{"Est. reading time":"1 minuta"},"schema":{"@context":"https:\/\/schema.org","@graph":[{"@type":"WebPage","@id":"https:\/\/www.travel-slovenia.si\/slo\/odkritje-spomenika-valentinu-vodniku\/","url":"https:\/\/www.travel-slovenia.si\/slo\/odkritje-spomenika-valentinu-vodniku\/","name":"Odkritje spomenika Valentinu Vodniku : Travel-Slovenia","isPartOf":{"@id":"https:\/\/www.travel-slovenia.si\/slo\/#website"},"primaryImageOfPage":{"@id":"https:\/\/www.travel-slovenia.si\/slo\/odkritje-spomenika-valentinu-vodniku\/#primaryimage"},"image":{"@id":"https:\/\/www.travel-slovenia.si\/slo\/odkritje-spomenika-valentinu-vodniku\/#primaryimage"},"thumbnailUrl":"https:\/\/www.travel-slovenia.si\/slo\/wp-content\/uploads\/2018\/06\/travel-slovenia-valentin-vodnik-monument-300x272.jpg","datePublished":"2018-06-29T13:00:40+00:00","description":"Vodnikov spomenik je bil odkrit 30. junija 1889 pred poslopjem ljubljanskega liceja, je spomenik pesniku Valentinu Vodniku in stoji na Vodnikovem trgu.","breadcrumb":{"@id":"https:\/\/www.travel-slovenia.si\/slo\/odkritje-spomenika-valentinu-vodniku\/#breadcrumb"},"inLanguage":"sl-SI","potentialAction":[{"@type":"ReadAction","target":["https:\/\/www.travel-slovenia.si\/slo\/odkritje-spomenika-valentinu-vodniku\/"]}]},{"@type":"ImageObject","inLanguage":"sl-SI","@id":"https:\/\/www.travel-slovenia.si\/slo\/odkritje-spomenika-valentinu-vodniku\/#primaryimage","url":"https:\/\/www.travel-slovenia.si\/slo\/wp-content\/uploads\/2018\/06\/travel-slovenia-valentin-vodnik-monument.jpg","contentUrl":"https:\/\/www.travel-slovenia.si\/slo\/wp-content\/uploads\/2018\/06\/travel-slovenia-valentin-vodnik-monument.jpg","width":600,"height":543,"caption":"Spomenik Valentinu Vodniku"},{"@type":"BreadcrumbList","@id":"https:\/\/www.travel-slovenia.si\/slo\/odkritje-spomenika-valentinu-vodniku\/#breadcrumb","itemListElement":[{"@type":"ListItem","position":1,"name":"Home","item":"https:\/\/www.travel-slovenia.si\/slo\/"},{"@type":"ListItem","position":2,"name":"Odkritje spomenika Valentinu Vodniku"}]},{"@type":"WebSite","@id":"https:\/\/www.travel-slovenia.si\/slo\/#website","url":"https:\/\/www.travel-slovenia.si\/slo\/","name":"Travel Slovenia - Sledite lepotam na\u0161e male dr\u017eavice","description":"","potentialAction":[{"@type":"SearchAction","target":{"@type":"EntryPoint","urlTemplate":"https:\/\/www.travel-slovenia.si\/slo\/?s={search_term_string}"},"query-input":{"@type":"PropertyValueSpecification","valueRequired":true,"valueName":"search_term_string"}}],"inLanguage":"sl-SI"}]}},"post_mailing_queue_ids":[],"_links":{"self":[{"href":"https:\/\/www.travel-slovenia.si\/slo\/wp-json\/wp\/v2\/pages\/7460","targetHints":{"allow":["GET"]}}],"collection":[{"href":"https:\/\/www.travel-slovenia.si\/slo\/wp-json\/wp\/v2\/pages"}],"about":[{"href":"https:\/\/www.travel-slovenia.si\/slo\/wp-json\/wp\/v2\/types\/page"}],"author":[{"embeddable":true,"href":"https:\/\/www.travel-slovenia.si\/slo\/wp-json\/wp\/v2\/users\/111"}],"replies":[{"embeddable":true,"href":"https:\/\/www.travel-slovenia.si\/slo\/wp-json\/wp\/v2\/comments?post=7460"}],"version-history":[{"count":1,"href":"https:\/\/www.travel-slovenia.si\/slo\/wp-json\/wp\/v2\/pages\/7460\/revisions"}],"predecessor-version":[{"id":7465,"href":"https:\/\/www.travel-slovenia.si\/slo\/wp-json\/wp\/v2\/pages\/7460\/revisions\/7465"}],"wp:attachment":[{"href":"https:\/\/www.travel-slovenia.si\/slo\/wp-json\/wp\/v2\/media?parent=7460"}],"curies":[{"name":"wp","href":"https:\/\/api.w.org\/{rel}","templated":true}]}}