{"id":7357,"date":"2018-04-10T13:29:42","date_gmt":"2018-04-10T11:29:42","guid":{"rendered":"https:\/\/www.travel-slovenia.si\/slo\/?page_id=7357"},"modified":"2018-04-10T13:32:46","modified_gmt":"2018-04-10T11:32:46","slug":"janez-gregor-bozic","status":"publish","type":"page","link":"https:\/\/www.travel-slovenia.si\/slo\/janez-gregor-bozic\/","title":{"rendered":"Janez Gregor Bo\u017ei\u010d"},"content":{"rendered":"<figure id=\"attachment_7358\" class=\"wp-caption alignleft\" style=\"max-width: 300px\"><img loading=\"lazy\" decoding=\"async\" class=\"wp-image-7358\" src=\"https:\/\/www.travel-slovenia.si\/slo\/wp-content\/uploads\/2018\/04\/travel-slovenia-janez-gregoz-bozic-altar.jpg\" alt=\"\" width=\"300\" height=\"450\" srcset=\"https:\/\/www.travel-slovenia.si\/slo\/wp-content\/uploads\/2018\/04\/travel-slovenia-janez-gregoz-bozic-altar.jpg 400w, https:\/\/www.travel-slovenia.si\/slo\/wp-content\/uploads\/2018\/04\/travel-slovenia-janez-gregoz-bozic-altar-200x300.jpg 200w, https:\/\/www.travel-slovenia.si\/slo\/wp-content\/uploads\/2018\/04\/travel-slovenia-janez-gregoz-bozic-altar-16x24.jpg 16w, https:\/\/www.travel-slovenia.si\/slo\/wp-content\/uploads\/2018\/04\/travel-slovenia-janez-gregoz-bozic-altar-24x36.jpg 24w, https:\/\/www.travel-slovenia.si\/slo\/wp-content\/uploads\/2018\/04\/travel-slovenia-janez-gregoz-bozic-altar-32x48.jpg 32w\" sizes=\"auto, (max-width: 300px) 100vw, 300px\" \/><figcaption class=\"wp-caption-text\">Oltar, delo Janeza Gregorja Bo\u017ei\u010da<\/figcaption><\/figure>\n<p style=\"text-align: justify;\">Janez Gregor Bo\u017ei\u010d, poznan tudi kot Woshiz, je bil slovenski kipar, ki se je rodil leta 1675. Rojstni kraj ni znan, umrl pa je v La\u0161kem 13. marca 1724. O Janezu je le malo znanega, \u017eivel je v \u010dasu Svetega rimskega cesarstva in kiparske dejavnosti se je najverjetneje izu\u010dil v Celovci, pri mojstru M.A. Claussu. Samostojno je deloval predvsem v Savinjski dolini in Posavju. Bil je predstavnik zrelega Baroka. V kompozicijsko razgibanih oltarjih in pri\u017enicah izstopa vloga skulpture.<\/p>\n<p style=\"text-align: justify;\">Njegova pomembnej\u0161a dela so v Loki pri Zidanem Mostu, Zagorju, La\u0161kem, Studencih, Svetini, Dobju pri Planini in drugod. Veliko njegovih plastik hranijo v Pokrajinskem muzeju Maribor, med njimi tudi znameniti Prestol milosti s Svetine.<\/p>\n<p style=\"text-align: justify;\">V Zagorju stoji cerkev Zagorske Matere Bo\u017eje, katere oltar je v 18. stoletju izdelal Janez Gregor Bo\u017ei\u010d. Na njem kraljuje mnogo starej\u0161i Marijin kip, obdan z angel\u010dki, nad njo pa Bog O\u010de s Sv. Duhom. V tem \u010dasu je izdelal tudi velik oltar za \u017dupnijsko cerkev Marijinega vnebovzetja v \u0160marjah pri Jel\u0161ah, a so ga kasneje zamenjali z novim oltarjem.<\/p>\n<p>&nbsp;<\/p>\n<table>\n<tbody>\n<tr>\n<td style=\"text-align: center;\"><a href=\"https:\/\/www.travel-slovenia.si\/slo\/zgodovinske-osebnosti\/\"><img loading=\"lazy\" decoding=\"async\" class=\"alignleft wp-image-4499 size-full\" src=\"https:\/\/www.travel-slovenia.si\/slo\/wp-content\/uploads\/2014\/09\/travel-slovenia-povezava-na-drugo.jpg\" alt=\"travel-slovenia-povezava-na-drugo\" width=\"128\" height=\"22\" srcset=\"https:\/\/www.travel-slovenia.si\/slo\/wp-content\/uploads\/2014\/09\/travel-slovenia-povezava-na-drugo.jpg 128w, https:\/\/www.travel-slovenia.si\/slo\/wp-content\/uploads\/2014\/09\/travel-slovenia-povezava-na-drugo-24x4.jpg 24w, https:\/\/www.travel-slovenia.si\/slo\/wp-content\/uploads\/2014\/09\/travel-slovenia-povezava-na-drugo-36x6.jpg 36w, https:\/\/www.travel-slovenia.si\/slo\/wp-content\/uploads\/2014\/09\/travel-slovenia-povezava-na-drugo-48x8.jpg 48w\" sizes=\"auto, (max-width: 128px) 100vw, 128px\" \/><\/a><a href=\"https:\/\/www.travel-slovenia.si\/slo\/zgodovinske-osebnosti\/\">Poglejte \u0161e druge zgodovinske osebnosti!<\/a><a href=\"https:\/\/www.travel-slovenia.si\/slo\/zgodovinske-osebnosti\/\"><img loading=\"lazy\" decoding=\"async\" class=\"alignright wp-image-4500 size-full\" src=\"https:\/\/www.travel-slovenia.si\/slo\/wp-content\/uploads\/2014\/09\/travel-slovenia-povezava-na-drugo2.jpg\" alt=\"travel-slovenia-povezava-na-drugo2\" width=\"128\" height=\"22\" srcset=\"https:\/\/www.travel-slovenia.si\/slo\/wp-content\/uploads\/2014\/09\/travel-slovenia-povezava-na-drugo2.jpg 128w, https:\/\/www.travel-slovenia.si\/slo\/wp-content\/uploads\/2014\/09\/travel-slovenia-povezava-na-drugo2-24x4.jpg 24w, https:\/\/www.travel-slovenia.si\/slo\/wp-content\/uploads\/2014\/09\/travel-slovenia-povezava-na-drugo2-36x6.jpg 36w, https:\/\/www.travel-slovenia.si\/slo\/wp-content\/uploads\/2014\/09\/travel-slovenia-povezava-na-drugo2-48x8.jpg 48w\" sizes=\"auto, (max-width: 128px) 100vw, 128px\" \/><\/a><\/td>\n<\/tr>\n<\/tbody>\n<\/table>\n","protected":false},"excerpt":{"rendered":"<p>Janez Gregor Bo\u017ei\u010d, poznan tudi kot Woshiz, je bil slovenski kipar, ki se je rodil leta 1675. Rojstni kraj ni znan, umrl pa je v La\u0161kem 13. marca 1724. O Janezu je le malo znanega, \u017eivel je v \u010dasu Svetega rimskega cesarstva in kiparske dejavnosti se je najverjetneje izu\u010dil v Celovci, pri mojstru M.A. Claussu. [&hellip;]<\/p>\n","protected":false},"author":111,"featured_media":0,"parent":0,"menu_order":0,"comment_status":"closed","ping_status":"closed","template":"","meta":{"footnotes":""},"class_list":["post-7357","page","type-page","status-publish","hentry"],"yoast_head":"<!-- This site is optimized with the Yoast SEO plugin v25.4 - https:\/\/yoast.com\/wordpress\/plugins\/seo\/ -->\n<title>Janez Gregor Bo\u017ei\u010d : Travel-Slovenia<\/title>\n<meta name=\"description\" content=\"Janez Gregor Bo\u017ei\u010d, poznan tudi kot Woshiz, je bil slovenski kipar, ki se je rodil leta 1675. Rojstni kraj ni znan, umrl pa je v La\u0161kem 13. marca 1724. O Janezu je le malo znanega, \u017eivel je v \u010dasu Svetega rimskega cesarstva in kiparske dejavnosti se je najverjetneje izu\u010dil v Celovci, pri mojstru M.A. Claussu.\" \/>\n<meta name=\"robots\" content=\"index, follow, max-snippet:-1, max-image-preview:large, max-video-preview:-1\" \/>\n<link rel=\"canonical\" href=\"https:\/\/www.travel-slovenia.si\/slo\/janez-gregor-bozic\/\" \/>\n<meta property=\"og:locale\" content=\"sl_SI\" \/>\n<meta property=\"og:type\" content=\"article\" \/>\n<meta property=\"og:title\" content=\"Janez Gregor Bo\u017ei\u010d : Travel-Slovenia\" \/>\n<meta property=\"og:description\" content=\"Janez Gregor Bo\u017ei\u010d, poznan tudi kot Woshiz, je bil slovenski kipar, ki se je rodil leta 1675. Rojstni kraj ni znan, umrl pa je v La\u0161kem 13. marca 1724. O Janezu je le malo znanega, \u017eivel je v \u010dasu Svetega rimskega cesarstva in kiparske dejavnosti se je najverjetneje izu\u010dil v Celovci, pri mojstru M.A. Claussu.\" \/>\n<meta property=\"og:url\" content=\"https:\/\/www.travel-slovenia.si\/slo\/janez-gregor-bozic\/\" \/>\n<meta property=\"og:site_name\" content=\"Travel Slovenia - Sledite lepotam na\u0161e male dr\u017eavice\" \/>\n<meta property=\"article:modified_time\" content=\"2018-04-10T11:32:46+00:00\" \/>\n<meta property=\"og:image\" content=\"https:\/\/www.travel-slovenia.si\/slo\/wp-content\/uploads\/2018\/04\/travel-slovenia-janez-gregoz-bozic-altar.jpg\" \/>\n\t<meta property=\"og:image:width\" content=\"400\" \/>\n\t<meta property=\"og:image:height\" content=\"600\" \/>\n\t<meta property=\"og:image:type\" content=\"image\/jpeg\" \/>\n<meta name=\"twitter:card\" content=\"summary_large_image\" \/>\n<meta name=\"twitter:title\" content=\"Janez Gregor Bo\u017ei\u010d : Travel-Slovenia\" \/>\n<meta name=\"twitter:description\" content=\"Janez Gregor Bo\u017ei\u010d, poznan tudi kot Woshiz, je bil slovenski kipar, ki se je rodil leta 1675. Rojstni kraj ni znan, umrl pa je v La\u0161kem 13. marca 1724. O Janezu je le malo znanega, \u017eivel je v \u010dasu Svetega rimskega cesarstva in kiparske dejavnosti se je najverjetneje izu\u010dil v Celovci, pri mojstru M.A. Claussu.\" \/>\n<meta name=\"twitter:image\" content=\"https:\/\/www.travel-slovenia.si\/slo\/wp-content\/uploads\/2018\/04\/travel-slovenia-janez-gregoz-bozic-altar.jpg\" \/>\n<meta name=\"twitter:label1\" content=\"Est. reading time\" \/>\n\t<meta name=\"twitter:data1\" content=\"1 minuta\" \/>\n<script type=\"application\/ld+json\" class=\"yoast-schema-graph\">{\"@context\":\"https:\/\/schema.org\",\"@graph\":[{\"@type\":\"WebPage\",\"@id\":\"https:\/\/www.travel-slovenia.si\/slo\/janez-gregor-bozic\/\",\"url\":\"https:\/\/www.travel-slovenia.si\/slo\/janez-gregor-bozic\/\",\"name\":\"Janez Gregor Bo\u017ei\u010d : Travel-Slovenia\",\"isPartOf\":{\"@id\":\"https:\/\/www.travel-slovenia.si\/slo\/#website\"},\"primaryImageOfPage\":{\"@id\":\"https:\/\/www.travel-slovenia.si\/slo\/janez-gregor-bozic\/#primaryimage\"},\"image\":{\"@id\":\"https:\/\/www.travel-slovenia.si\/slo\/janez-gregor-bozic\/#primaryimage\"},\"thumbnailUrl\":\"https:\/\/www.travel-slovenia.si\/slo\/wp-content\/uploads\/2018\/04\/travel-slovenia-janez-gregoz-bozic-altar.jpg\",\"datePublished\":\"2018-04-10T11:29:42+00:00\",\"dateModified\":\"2018-04-10T11:32:46+00:00\",\"description\":\"Janez Gregor Bo\u017ei\u010d, poznan tudi kot Woshiz, je bil slovenski kipar, ki se je rodil leta 1675. Rojstni kraj ni znan, umrl pa je v La\u0161kem 13. marca 1724. O Janezu je le malo znanega, \u017eivel je v \u010dasu Svetega rimskega cesarstva in kiparske dejavnosti se je najverjetneje izu\u010dil v Celovci, pri mojstru M.A. Claussu.\",\"breadcrumb\":{\"@id\":\"https:\/\/www.travel-slovenia.si\/slo\/janez-gregor-bozic\/#breadcrumb\"},\"inLanguage\":\"sl-SI\",\"potentialAction\":[{\"@type\":\"ReadAction\",\"target\":[\"https:\/\/www.travel-slovenia.si\/slo\/janez-gregor-bozic\/\"]}]},{\"@type\":\"ImageObject\",\"inLanguage\":\"sl-SI\",\"@id\":\"https:\/\/www.travel-slovenia.si\/slo\/janez-gregor-bozic\/#primaryimage\",\"url\":\"https:\/\/www.travel-slovenia.si\/slo\/wp-content\/uploads\/2018\/04\/travel-slovenia-janez-gregoz-bozic-altar.jpg\",\"contentUrl\":\"https:\/\/www.travel-slovenia.si\/slo\/wp-content\/uploads\/2018\/04\/travel-slovenia-janez-gregoz-bozic-altar.jpg\",\"width\":400,\"height\":600,\"caption\":\"Oltar, delo Janeza Gregorja Bo\u017ei\u010da\"},{\"@type\":\"BreadcrumbList\",\"@id\":\"https:\/\/www.travel-slovenia.si\/slo\/janez-gregor-bozic\/#breadcrumb\",\"itemListElement\":[{\"@type\":\"ListItem\",\"position\":1,\"name\":\"Home\",\"item\":\"https:\/\/www.travel-slovenia.si\/slo\/\"},{\"@type\":\"ListItem\",\"position\":2,\"name\":\"Janez Gregor Bo\u017ei\u010d\"}]},{\"@type\":\"WebSite\",\"@id\":\"https:\/\/www.travel-slovenia.si\/slo\/#website\",\"url\":\"https:\/\/www.travel-slovenia.si\/slo\/\",\"name\":\"Travel Slovenia - Sledite lepotam na\u0161e male dr\u017eavice\",\"description\":\"\",\"potentialAction\":[{\"@type\":\"SearchAction\",\"target\":{\"@type\":\"EntryPoint\",\"urlTemplate\":\"https:\/\/www.travel-slovenia.si\/slo\/?s={search_term_string}\"},\"query-input\":{\"@type\":\"PropertyValueSpecification\",\"valueRequired\":true,\"valueName\":\"search_term_string\"}}],\"inLanguage\":\"sl-SI\"}]}<\/script>\n<!-- \/ Yoast SEO plugin. -->","yoast_head_json":{"title":"Janez Gregor Bo\u017ei\u010d : Travel-Slovenia","description":"Janez Gregor Bo\u017ei\u010d, poznan tudi kot Woshiz, je bil slovenski kipar, ki se je rodil leta 1675. Rojstni kraj ni znan, umrl pa je v La\u0161kem 13. marca 1724. O Janezu je le malo znanega, \u017eivel je v \u010dasu Svetega rimskega cesarstva in kiparske dejavnosti se je najverjetneje izu\u010dil v Celovci, pri mojstru M.A. Claussu.","robots":{"index":"index","follow":"follow","max-snippet":"max-snippet:-1","max-image-preview":"max-image-preview:large","max-video-preview":"max-video-preview:-1"},"canonical":"https:\/\/www.travel-slovenia.si\/slo\/janez-gregor-bozic\/","og_locale":"sl_SI","og_type":"article","og_title":"Janez Gregor Bo\u017ei\u010d : Travel-Slovenia","og_description":"Janez Gregor Bo\u017ei\u010d, poznan tudi kot Woshiz, je bil slovenski kipar, ki se je rodil leta 1675. Rojstni kraj ni znan, umrl pa je v La\u0161kem 13. marca 1724. O Janezu je le malo znanega, \u017eivel je v \u010dasu Svetega rimskega cesarstva in kiparske dejavnosti se je najverjetneje izu\u010dil v Celovci, pri mojstru M.A. Claussu.","og_url":"https:\/\/www.travel-slovenia.si\/slo\/janez-gregor-bozic\/","og_site_name":"Travel Slovenia - Sledite lepotam na\u0161e male dr\u017eavice","article_modified_time":"2018-04-10T11:32:46+00:00","og_image":[{"width":400,"height":600,"url":"https:\/\/www.travel-slovenia.si\/slo\/wp-content\/uploads\/2018\/04\/travel-slovenia-janez-gregoz-bozic-altar.jpg","type":"image\/jpeg"}],"twitter_card":"summary_large_image","twitter_title":"Janez Gregor Bo\u017ei\u010d : Travel-Slovenia","twitter_description":"Janez Gregor Bo\u017ei\u010d, poznan tudi kot Woshiz, je bil slovenski kipar, ki se je rodil leta 1675. Rojstni kraj ni znan, umrl pa je v La\u0161kem 13. marca 1724. O Janezu je le malo znanega, \u017eivel je v \u010dasu Svetega rimskega cesarstva in kiparske dejavnosti se je najverjetneje izu\u010dil v Celovci, pri mojstru M.A. Claussu.","twitter_image":"https:\/\/www.travel-slovenia.si\/slo\/wp-content\/uploads\/2018\/04\/travel-slovenia-janez-gregoz-bozic-altar.jpg","twitter_misc":{"Est. reading time":"1 minuta"},"schema":{"@context":"https:\/\/schema.org","@graph":[{"@type":"WebPage","@id":"https:\/\/www.travel-slovenia.si\/slo\/janez-gregor-bozic\/","url":"https:\/\/www.travel-slovenia.si\/slo\/janez-gregor-bozic\/","name":"Janez Gregor Bo\u017ei\u010d : Travel-Slovenia","isPartOf":{"@id":"https:\/\/www.travel-slovenia.si\/slo\/#website"},"primaryImageOfPage":{"@id":"https:\/\/www.travel-slovenia.si\/slo\/janez-gregor-bozic\/#primaryimage"},"image":{"@id":"https:\/\/www.travel-slovenia.si\/slo\/janez-gregor-bozic\/#primaryimage"},"thumbnailUrl":"https:\/\/www.travel-slovenia.si\/slo\/wp-content\/uploads\/2018\/04\/travel-slovenia-janez-gregoz-bozic-altar.jpg","datePublished":"2018-04-10T11:29:42+00:00","dateModified":"2018-04-10T11:32:46+00:00","description":"Janez Gregor Bo\u017ei\u010d, poznan tudi kot Woshiz, je bil slovenski kipar, ki se je rodil leta 1675. Rojstni kraj ni znan, umrl pa je v La\u0161kem 13. marca 1724. O Janezu je le malo znanega, \u017eivel je v \u010dasu Svetega rimskega cesarstva in kiparske dejavnosti se je najverjetneje izu\u010dil v Celovci, pri mojstru M.A. Claussu.","breadcrumb":{"@id":"https:\/\/www.travel-slovenia.si\/slo\/janez-gregor-bozic\/#breadcrumb"},"inLanguage":"sl-SI","potentialAction":[{"@type":"ReadAction","target":["https:\/\/www.travel-slovenia.si\/slo\/janez-gregor-bozic\/"]}]},{"@type":"ImageObject","inLanguage":"sl-SI","@id":"https:\/\/www.travel-slovenia.si\/slo\/janez-gregor-bozic\/#primaryimage","url":"https:\/\/www.travel-slovenia.si\/slo\/wp-content\/uploads\/2018\/04\/travel-slovenia-janez-gregoz-bozic-altar.jpg","contentUrl":"https:\/\/www.travel-slovenia.si\/slo\/wp-content\/uploads\/2018\/04\/travel-slovenia-janez-gregoz-bozic-altar.jpg","width":400,"height":600,"caption":"Oltar, delo Janeza Gregorja Bo\u017ei\u010da"},{"@type":"BreadcrumbList","@id":"https:\/\/www.travel-slovenia.si\/slo\/janez-gregor-bozic\/#breadcrumb","itemListElement":[{"@type":"ListItem","position":1,"name":"Home","item":"https:\/\/www.travel-slovenia.si\/slo\/"},{"@type":"ListItem","position":2,"name":"Janez Gregor Bo\u017ei\u010d"}]},{"@type":"WebSite","@id":"https:\/\/www.travel-slovenia.si\/slo\/#website","url":"https:\/\/www.travel-slovenia.si\/slo\/","name":"Travel Slovenia - Sledite lepotam na\u0161e male dr\u017eavice","description":"","potentialAction":[{"@type":"SearchAction","target":{"@type":"EntryPoint","urlTemplate":"https:\/\/www.travel-slovenia.si\/slo\/?s={search_term_string}"},"query-input":{"@type":"PropertyValueSpecification","valueRequired":true,"valueName":"search_term_string"}}],"inLanguage":"sl-SI"}]}},"post_mailing_queue_ids":[],"_links":{"self":[{"href":"https:\/\/www.travel-slovenia.si\/slo\/wp-json\/wp\/v2\/pages\/7357","targetHints":{"allow":["GET"]}}],"collection":[{"href":"https:\/\/www.travel-slovenia.si\/slo\/wp-json\/wp\/v2\/pages"}],"about":[{"href":"https:\/\/www.travel-slovenia.si\/slo\/wp-json\/wp\/v2\/types\/page"}],"author":[{"embeddable":true,"href":"https:\/\/www.travel-slovenia.si\/slo\/wp-json\/wp\/v2\/users\/111"}],"replies":[{"embeddable":true,"href":"https:\/\/www.travel-slovenia.si\/slo\/wp-json\/wp\/v2\/comments?post=7357"}],"version-history":[{"count":1,"href":"https:\/\/www.travel-slovenia.si\/slo\/wp-json\/wp\/v2\/pages\/7357\/revisions"}],"predecessor-version":[{"id":7361,"href":"https:\/\/www.travel-slovenia.si\/slo\/wp-json\/wp\/v2\/pages\/7357\/revisions\/7361"}],"wp:attachment":[{"href":"https:\/\/www.travel-slovenia.si\/slo\/wp-json\/wp\/v2\/media?parent=7357"}],"curies":[{"name":"wp","href":"https:\/\/api.w.org\/{rel}","templated":true}]}}