{"id":7336,"date":"2018-04-07T08:43:43","date_gmt":"2018-04-07T06:43:43","guid":{"rendered":"https:\/\/www.travel-slovenia.si\/slo\/?page_id=7336"},"modified":"2018-04-07T09:55:38","modified_gmt":"2018-04-07T07:55:38","slug":"dan-slovenske-zastave","status":"publish","type":"page","link":"https:\/\/www.travel-slovenia.si\/slo\/dan-slovenske-zastave\/","title":{"rendered":"Dan slovenske zastave"},"content":{"rendered":"<figure id=\"attachment_7352\" class=\"wp-caption alignleft\" style=\"max-width: 300px\"><img loading=\"lazy\" decoding=\"async\" class=\"size-medium wp-image-7352\" src=\"https:\/\/www.travel-slovenia.si\/slo\/wp-content\/uploads\/2018\/04\/travel-slovenia-tricolor-300x181.jpg\" alt=\"\" width=\"300\" height=\"181\" srcset=\"https:\/\/www.travel-slovenia.si\/slo\/wp-content\/uploads\/2018\/04\/travel-slovenia-tricolor-300x181.jpg 300w, https:\/\/www.travel-slovenia.si\/slo\/wp-content\/uploads\/2018\/04\/travel-slovenia-tricolor.jpg 600w, https:\/\/www.travel-slovenia.si\/slo\/wp-content\/uploads\/2018\/04\/travel-slovenia-tricolor-24x14.jpg 24w, https:\/\/www.travel-slovenia.si\/slo\/wp-content\/uploads\/2018\/04\/travel-slovenia-tricolor-36x22.jpg 36w, https:\/\/www.travel-slovenia.si\/slo\/wp-content\/uploads\/2018\/04\/travel-slovenia-tricolor-48x29.jpg 48w\" sizes=\"auto, (max-width: 300px) 100vw, 300px\" \/><figcaption class=\"wp-caption-text\">Tribojnica<\/figcaption><\/figure>\n<p style=\"text-align: justify;\">7. april je dan slovenske zastave, gre za dan, ko je leta 1848 slovenski domoljubni \u0161tudent Lovro Toman s somi\u0161ljeniki prvi\u010d izobesil slovensko trobojnico na Wolfovi ulici 8 v Ljubljani. To je storil kot odgovor na izobe\u0161anje nem\u0161ke zastave na stolpu Ljubljanskega gradu, kar so storili nem\u0161ki pripadniki Narodne garde. Namen izobe\u0161anja slovenske zastave in vsakoletne proslave je ohranjanje slovenske nacionalne identitete.<\/p>\n<p style=\"text-align: justify;\">Slovenska narodna zastava, belo-modra-rde\u010da tribarvnica, se uveljavi leta 1848 v \u010dasu narodnega preporoda. Takrat so Slovenci slovenske barve dolo\u010dili na podlagi barv grba de\u017eele Kranjske ter jih predlagali v potrditev tedanji avstrijski administraciji. 23. septembra 1848 je Ministrstvo za notranje zadeve na Dunaju, barve, ki jih je dolo\u010dil \u017ee cesar Ferdinand leta 1836, potrdilo. Prvi\u010d so jo razvili slovenski \u0161tudentje na Dunaju marca 1848, za \u010das revolucionarnega vrenja. V Ljubljani pa jo prvi\u010d izobesijo na stavbi gostilne Zlata riba dne 7. aprila 1848.<\/p>\n<p style=\"text-align: justify;\">Proslavo ob dnevu zastave je dru\u0161tvo Heraldica Slovenica prvi\u010d pripravilo 7. aprila 1998 ob po\u010dastitvi 150. obletnice prvega izobe\u0161anja slovenske zastave. Od tega dne dalje, se slovesnost pripravlja vsako prvo nedeljo po 7. aprilu.<\/p>\n<p>&nbsp;<\/p>\n<table>\n<tbody>\n<tr>\n<td style=\"text-align: center;\"><a href=\"https:\/\/www.travel-slovenia.si\/slo\/na-danasnji-dan\/\"><img loading=\"lazy\" decoding=\"async\" class=\"alignleft wp-image-4499 size-full\" src=\"https:\/\/www.travel-slovenia.si\/slo\/wp-content\/uploads\/2014\/09\/travel-slovenia-povezava-na-drugo.jpg\" alt=\"travel-slovenia-povezava-na-drugo\" width=\"128\" height=\"22\" srcset=\"https:\/\/www.travel-slovenia.si\/slo\/wp-content\/uploads\/2014\/09\/travel-slovenia-povezava-na-drugo.jpg 128w, https:\/\/www.travel-slovenia.si\/slo\/wp-content\/uploads\/2014\/09\/travel-slovenia-povezava-na-drugo-24x4.jpg 24w, https:\/\/www.travel-slovenia.si\/slo\/wp-content\/uploads\/2014\/09\/travel-slovenia-povezava-na-drugo-36x6.jpg 36w, https:\/\/www.travel-slovenia.si\/slo\/wp-content\/uploads\/2014\/09\/travel-slovenia-povezava-na-drugo-48x8.jpg 48w\" sizes=\"auto, (max-width: 128px) 100vw, 128px\" \/><\/a><a href=\"https:\/\/www.travel-slovenia.si\/slo\/na-danasnji-dan\/\">Poglejte \u0161e druge pomembne dogodke!<\/a><a href=\"https:\/\/www.travel-slovenia.si\/slo\/na-danasnji-dan\/\"><img loading=\"lazy\" decoding=\"async\" class=\"alignright wp-image-4500 size-full\" src=\"https:\/\/www.travel-slovenia.si\/slo\/wp-content\/uploads\/2014\/09\/travel-slovenia-povezava-na-drugo2.jpg\" alt=\"travel-slovenia-povezava-na-drugo2\" width=\"128\" height=\"22\" srcset=\"https:\/\/www.travel-slovenia.si\/slo\/wp-content\/uploads\/2014\/09\/travel-slovenia-povezava-na-drugo2.jpg 128w, https:\/\/www.travel-slovenia.si\/slo\/wp-content\/uploads\/2014\/09\/travel-slovenia-povezava-na-drugo2-24x4.jpg 24w, https:\/\/www.travel-slovenia.si\/slo\/wp-content\/uploads\/2014\/09\/travel-slovenia-povezava-na-drugo2-36x6.jpg 36w, https:\/\/www.travel-slovenia.si\/slo\/wp-content\/uploads\/2014\/09\/travel-slovenia-povezava-na-drugo2-48x8.jpg 48w\" sizes=\"auto, (max-width: 128px) 100vw, 128px\" \/><\/a><\/td>\n<\/tr>\n<\/tbody>\n<\/table>\n","protected":false},"excerpt":{"rendered":"<p>7. april je dan slovenske zastave, gre za dan, ko je leta 1848 slovenski domoljubni \u0161tudent Lovro Toman s somi\u0161ljeniki prvi\u010d izobesil slovensko trobojnico na Wolfovi ulici 8 v Ljubljani. To je storil kot odgovor na izobe\u0161anje nem\u0161ke zastave na stolpu Ljubljanskega gradu, kar so storili nem\u0161ki pripadniki Narodne garde. Namen izobe\u0161anja slovenske zastave in [&hellip;]<\/p>\n","protected":false},"author":111,"featured_media":0,"parent":0,"menu_order":0,"comment_status":"closed","ping_status":"closed","template":"","meta":{"footnotes":""},"class_list":["post-7336","page","type-page","status-publish","hentry"],"yoast_head":"<!-- This site is optimized with the Yoast SEO plugin v25.4 - https:\/\/yoast.com\/wordpress\/plugins\/seo\/ -->\n<title>Dan slovenske zastave : Travel-Slovenia<\/title>\n<meta name=\"description\" content=\"7. april je dan slovenske zastave, gre za dan, ko je leta 1848 slovenski domoljubni \u0161tudent Lovro Toman s somi\u0161ljeniki prvi\u010d izobesil slovensko trobojnico na Wolfovi ulici 8 v Ljubljani. To je storil kot odgovor na izobe\u0161anje nem\u0161ke zastave na stolpu Ljubljanskega gradu, kar so storili nem\u0161ki pripadniki Narodne garde.\" \/>\n<meta name=\"robots\" content=\"index, follow, max-snippet:-1, max-image-preview:large, max-video-preview:-1\" \/>\n<link rel=\"canonical\" href=\"https:\/\/www.travel-slovenia.si\/slo\/dan-slovenske-zastave\/\" \/>\n<meta property=\"og:locale\" content=\"sl_SI\" \/>\n<meta property=\"og:type\" content=\"article\" \/>\n<meta property=\"og:title\" content=\"Dan slovenske zastave : Travel-Slovenia\" \/>\n<meta property=\"og:description\" content=\"7. april je dan slovenske zastave, gre za dan, ko je leta 1848 slovenski domoljubni \u0161tudent Lovro Toman s somi\u0161ljeniki prvi\u010d izobesil slovensko trobojnico na Wolfovi ulici 8 v Ljubljani. To je storil kot odgovor na izobe\u0161anje nem\u0161ke zastave na stolpu Ljubljanskega gradu, kar so storili nem\u0161ki pripadniki Narodne garde.\" \/>\n<meta property=\"og:url\" content=\"https:\/\/www.travel-slovenia.si\/slo\/dan-slovenske-zastave\/\" \/>\n<meta property=\"og:site_name\" content=\"Travel Slovenia - Sledite lepotam na\u0161e male dr\u017eavice\" \/>\n<meta property=\"article:modified_time\" content=\"2018-04-07T07:55:38+00:00\" \/>\n<meta property=\"og:image\" content=\"https:\/\/www.travel-slovenia.si\/slo\/wp-content\/uploads\/2018\/04\/travel-slovenia-tricolor.jpg\" \/>\n\t<meta property=\"og:image:width\" content=\"600\" \/>\n\t<meta property=\"og:image:height\" content=\"361\" \/>\n\t<meta property=\"og:image:type\" content=\"image\/jpeg\" \/>\n<meta name=\"twitter:card\" content=\"summary_large_image\" \/>\n<meta name=\"twitter:title\" content=\"Dan slovenske zastave : Travel-Slovenia\" \/>\n<meta name=\"twitter:description\" content=\"7. april je dan slovenske zastave, gre za dan, ko je leta 1848 slovenski domoljubni \u0161tudent Lovro Toman s somi\u0161ljeniki prvi\u010d izobesil slovensko trobojnico na Wolfovi ulici 8 v Ljubljani. To je storil kot odgovor na izobe\u0161anje nem\u0161ke zastave na stolpu Ljubljanskega gradu, kar so storili nem\u0161ki pripadniki Narodne garde.\" \/>\n<meta name=\"twitter:image\" content=\"https:\/\/www.travel-slovenia.si\/slo\/wp-content\/uploads\/2018\/04\/travel-slovenia-tricolor.jpg\" \/>\n<meta name=\"twitter:label1\" content=\"Est. reading time\" \/>\n\t<meta name=\"twitter:data1\" content=\"1 minuta\" \/>\n<script type=\"application\/ld+json\" class=\"yoast-schema-graph\">{\"@context\":\"https:\/\/schema.org\",\"@graph\":[{\"@type\":\"WebPage\",\"@id\":\"https:\/\/www.travel-slovenia.si\/slo\/dan-slovenske-zastave\/\",\"url\":\"https:\/\/www.travel-slovenia.si\/slo\/dan-slovenske-zastave\/\",\"name\":\"Dan slovenske zastave : Travel-Slovenia\",\"isPartOf\":{\"@id\":\"https:\/\/www.travel-slovenia.si\/slo\/#website\"},\"primaryImageOfPage\":{\"@id\":\"https:\/\/www.travel-slovenia.si\/slo\/dan-slovenske-zastave\/#primaryimage\"},\"image\":{\"@id\":\"https:\/\/www.travel-slovenia.si\/slo\/dan-slovenske-zastave\/#primaryimage\"},\"thumbnailUrl\":\"https:\/\/www.travel-slovenia.si\/slo\/wp-content\/uploads\/2018\/04\/travel-slovenia-tricolor-300x181.jpg\",\"datePublished\":\"2018-04-07T06:43:43+00:00\",\"dateModified\":\"2018-04-07T07:55:38+00:00\",\"description\":\"7. april je dan slovenske zastave, gre za dan, ko je leta 1848 slovenski domoljubni \u0161tudent Lovro Toman s somi\u0161ljeniki prvi\u010d izobesil slovensko trobojnico na Wolfovi ulici 8 v Ljubljani. To je storil kot odgovor na izobe\u0161anje nem\u0161ke zastave na stolpu Ljubljanskega gradu, kar so storili nem\u0161ki pripadniki Narodne garde.\",\"breadcrumb\":{\"@id\":\"https:\/\/www.travel-slovenia.si\/slo\/dan-slovenske-zastave\/#breadcrumb\"},\"inLanguage\":\"sl-SI\",\"potentialAction\":[{\"@type\":\"ReadAction\",\"target\":[\"https:\/\/www.travel-slovenia.si\/slo\/dan-slovenske-zastave\/\"]}]},{\"@type\":\"ImageObject\",\"inLanguage\":\"sl-SI\",\"@id\":\"https:\/\/www.travel-slovenia.si\/slo\/dan-slovenske-zastave\/#primaryimage\",\"url\":\"https:\/\/www.travel-slovenia.si\/slo\/wp-content\/uploads\/2018\/04\/travel-slovenia-tricolor.jpg\",\"contentUrl\":\"https:\/\/www.travel-slovenia.si\/slo\/wp-content\/uploads\/2018\/04\/travel-slovenia-tricolor.jpg\",\"width\":600,\"height\":361,\"caption\":\"Tribojnica\"},{\"@type\":\"BreadcrumbList\",\"@id\":\"https:\/\/www.travel-slovenia.si\/slo\/dan-slovenske-zastave\/#breadcrumb\",\"itemListElement\":[{\"@type\":\"ListItem\",\"position\":1,\"name\":\"Home\",\"item\":\"https:\/\/www.travel-slovenia.si\/slo\/\"},{\"@type\":\"ListItem\",\"position\":2,\"name\":\"Dan slovenske zastave\"}]},{\"@type\":\"WebSite\",\"@id\":\"https:\/\/www.travel-slovenia.si\/slo\/#website\",\"url\":\"https:\/\/www.travel-slovenia.si\/slo\/\",\"name\":\"Travel Slovenia - Sledite lepotam na\u0161e male dr\u017eavice\",\"description\":\"\",\"potentialAction\":[{\"@type\":\"SearchAction\",\"target\":{\"@type\":\"EntryPoint\",\"urlTemplate\":\"https:\/\/www.travel-slovenia.si\/slo\/?s={search_term_string}\"},\"query-input\":{\"@type\":\"PropertyValueSpecification\",\"valueRequired\":true,\"valueName\":\"search_term_string\"}}],\"inLanguage\":\"sl-SI\"}]}<\/script>\n<!-- \/ Yoast SEO plugin. -->","yoast_head_json":{"title":"Dan slovenske zastave : Travel-Slovenia","description":"7. april je dan slovenske zastave, gre za dan, ko je leta 1848 slovenski domoljubni \u0161tudent Lovro Toman s somi\u0161ljeniki prvi\u010d izobesil slovensko trobojnico na Wolfovi ulici 8 v Ljubljani. To je storil kot odgovor na izobe\u0161anje nem\u0161ke zastave na stolpu Ljubljanskega gradu, kar so storili nem\u0161ki pripadniki Narodne garde.","robots":{"index":"index","follow":"follow","max-snippet":"max-snippet:-1","max-image-preview":"max-image-preview:large","max-video-preview":"max-video-preview:-1"},"canonical":"https:\/\/www.travel-slovenia.si\/slo\/dan-slovenske-zastave\/","og_locale":"sl_SI","og_type":"article","og_title":"Dan slovenske zastave : Travel-Slovenia","og_description":"7. april je dan slovenske zastave, gre za dan, ko je leta 1848 slovenski domoljubni \u0161tudent Lovro Toman s somi\u0161ljeniki prvi\u010d izobesil slovensko trobojnico na Wolfovi ulici 8 v Ljubljani. To je storil kot odgovor na izobe\u0161anje nem\u0161ke zastave na stolpu Ljubljanskega gradu, kar so storili nem\u0161ki pripadniki Narodne garde.","og_url":"https:\/\/www.travel-slovenia.si\/slo\/dan-slovenske-zastave\/","og_site_name":"Travel Slovenia - Sledite lepotam na\u0161e male dr\u017eavice","article_modified_time":"2018-04-07T07:55:38+00:00","og_image":[{"width":600,"height":361,"url":"https:\/\/www.travel-slovenia.si\/slo\/wp-content\/uploads\/2018\/04\/travel-slovenia-tricolor.jpg","type":"image\/jpeg"}],"twitter_card":"summary_large_image","twitter_title":"Dan slovenske zastave : Travel-Slovenia","twitter_description":"7. april je dan slovenske zastave, gre za dan, ko je leta 1848 slovenski domoljubni \u0161tudent Lovro Toman s somi\u0161ljeniki prvi\u010d izobesil slovensko trobojnico na Wolfovi ulici 8 v Ljubljani. To je storil kot odgovor na izobe\u0161anje nem\u0161ke zastave na stolpu Ljubljanskega gradu, kar so storili nem\u0161ki pripadniki Narodne garde.","twitter_image":"https:\/\/www.travel-slovenia.si\/slo\/wp-content\/uploads\/2018\/04\/travel-slovenia-tricolor.jpg","twitter_misc":{"Est. reading time":"1 minuta"},"schema":{"@context":"https:\/\/schema.org","@graph":[{"@type":"WebPage","@id":"https:\/\/www.travel-slovenia.si\/slo\/dan-slovenske-zastave\/","url":"https:\/\/www.travel-slovenia.si\/slo\/dan-slovenske-zastave\/","name":"Dan slovenske zastave : Travel-Slovenia","isPartOf":{"@id":"https:\/\/www.travel-slovenia.si\/slo\/#website"},"primaryImageOfPage":{"@id":"https:\/\/www.travel-slovenia.si\/slo\/dan-slovenske-zastave\/#primaryimage"},"image":{"@id":"https:\/\/www.travel-slovenia.si\/slo\/dan-slovenske-zastave\/#primaryimage"},"thumbnailUrl":"https:\/\/www.travel-slovenia.si\/slo\/wp-content\/uploads\/2018\/04\/travel-slovenia-tricolor-300x181.jpg","datePublished":"2018-04-07T06:43:43+00:00","dateModified":"2018-04-07T07:55:38+00:00","description":"7. april je dan slovenske zastave, gre za dan, ko je leta 1848 slovenski domoljubni \u0161tudent Lovro Toman s somi\u0161ljeniki prvi\u010d izobesil slovensko trobojnico na Wolfovi ulici 8 v Ljubljani. To je storil kot odgovor na izobe\u0161anje nem\u0161ke zastave na stolpu Ljubljanskega gradu, kar so storili nem\u0161ki pripadniki Narodne garde.","breadcrumb":{"@id":"https:\/\/www.travel-slovenia.si\/slo\/dan-slovenske-zastave\/#breadcrumb"},"inLanguage":"sl-SI","potentialAction":[{"@type":"ReadAction","target":["https:\/\/www.travel-slovenia.si\/slo\/dan-slovenske-zastave\/"]}]},{"@type":"ImageObject","inLanguage":"sl-SI","@id":"https:\/\/www.travel-slovenia.si\/slo\/dan-slovenske-zastave\/#primaryimage","url":"https:\/\/www.travel-slovenia.si\/slo\/wp-content\/uploads\/2018\/04\/travel-slovenia-tricolor.jpg","contentUrl":"https:\/\/www.travel-slovenia.si\/slo\/wp-content\/uploads\/2018\/04\/travel-slovenia-tricolor.jpg","width":600,"height":361,"caption":"Tribojnica"},{"@type":"BreadcrumbList","@id":"https:\/\/www.travel-slovenia.si\/slo\/dan-slovenske-zastave\/#breadcrumb","itemListElement":[{"@type":"ListItem","position":1,"name":"Home","item":"https:\/\/www.travel-slovenia.si\/slo\/"},{"@type":"ListItem","position":2,"name":"Dan slovenske zastave"}]},{"@type":"WebSite","@id":"https:\/\/www.travel-slovenia.si\/slo\/#website","url":"https:\/\/www.travel-slovenia.si\/slo\/","name":"Travel Slovenia - Sledite lepotam na\u0161e male dr\u017eavice","description":"","potentialAction":[{"@type":"SearchAction","target":{"@type":"EntryPoint","urlTemplate":"https:\/\/www.travel-slovenia.si\/slo\/?s={search_term_string}"},"query-input":{"@type":"PropertyValueSpecification","valueRequired":true,"valueName":"search_term_string"}}],"inLanguage":"sl-SI"}]}},"post_mailing_queue_ids":[],"_links":{"self":[{"href":"https:\/\/www.travel-slovenia.si\/slo\/wp-json\/wp\/v2\/pages\/7336","targetHints":{"allow":["GET"]}}],"collection":[{"href":"https:\/\/www.travel-slovenia.si\/slo\/wp-json\/wp\/v2\/pages"}],"about":[{"href":"https:\/\/www.travel-slovenia.si\/slo\/wp-json\/wp\/v2\/types\/page"}],"author":[{"embeddable":true,"href":"https:\/\/www.travel-slovenia.si\/slo\/wp-json\/wp\/v2\/users\/111"}],"replies":[{"embeddable":true,"href":"https:\/\/www.travel-slovenia.si\/slo\/wp-json\/wp\/v2\/comments?post=7336"}],"version-history":[{"count":2,"href":"https:\/\/www.travel-slovenia.si\/slo\/wp-json\/wp\/v2\/pages\/7336\/revisions"}],"predecessor-version":[{"id":7355,"href":"https:\/\/www.travel-slovenia.si\/slo\/wp-json\/wp\/v2\/pages\/7336\/revisions\/7355"}],"wp:attachment":[{"href":"https:\/\/www.travel-slovenia.si\/slo\/wp-json\/wp\/v2\/media?parent=7336"}],"curies":[{"name":"wp","href":"https:\/\/api.w.org\/{rel}","templated":true}]}}