{"id":7199,"date":"2018-02-16T00:00:53","date_gmt":"2018-02-15T23:00:53","guid":{"rendered":"https:\/\/www.travel-slovenia.si\/slo\/?page_id=7199"},"modified":"2018-02-16T00:01:48","modified_gmt":"2018-02-15T23:01:48","slug":"vandalska-pesem","status":"publish","type":"page","link":"https:\/\/www.travel-slovenia.si\/slo\/vandalska-pesem\/","title":{"rendered":"Vandalska pesem"},"content":{"rendered":"<figure id=\"attachment_7200\" class=\"wp-caption alignleft\" style=\"max-width: 300px\"><img loading=\"lazy\" decoding=\"async\" class=\"wp-image-7200\" src=\"https:\/\/www.travel-slovenia.si\/slo\/wp-content\/uploads\/2018\/02\/travel-slovenia-versus-vandalici.jpg\" alt=\"\" width=\"300\" height=\"772\" srcset=\"https:\/\/www.travel-slovenia.si\/slo\/wp-content\/uploads\/2018\/02\/travel-slovenia-versus-vandalici.jpg 400w, https:\/\/www.travel-slovenia.si\/slo\/wp-content\/uploads\/2018\/02\/travel-slovenia-versus-vandalici-117x300.jpg 117w, https:\/\/www.travel-slovenia.si\/slo\/wp-content\/uploads\/2018\/02\/travel-slovenia-versus-vandalici-398x1024.jpg 398w, https:\/\/www.travel-slovenia.si\/slo\/wp-content\/uploads\/2018\/02\/travel-slovenia-versus-vandalici-9x24.jpg 9w, https:\/\/www.travel-slovenia.si\/slo\/wp-content\/uploads\/2018\/02\/travel-slovenia-versus-vandalici-14x36.jpg 14w, https:\/\/www.travel-slovenia.si\/slo\/wp-content\/uploads\/2018\/02\/travel-slovenia-versus-vandalici-19x48.jpg 19w\" sizes=\"auto, (max-width: 300px) 100vw, 300px\" \/><figcaption class=\"wp-caption-text\">Vandalska pesem (org. Versus Vandalici)<\/figcaption><\/figure>\n<p style=\"text-align: justify;\">Vandalska pesem (org. <em>Versus Vandalici<\/em>) je bila prva posvetna pesem v prekmur\u0161\u010dini, \u00bbprekmurski pesemski osamelec\u00ab, slovenska pesem. Napisal jo je David Novak na pusta 16. februarja 1774. David je bil dijak evangelisti\u010dnega liceja Bratislava na Ogrskem, dana\u0161nja Slova\u0161ka. Vandalska pesem je bila znanilec prekmurske posvetne lirike, pol stoletja kasneje pa je resni\u010dno prekmursko posvetno liriko ustvarjal Jo\u017eef Ko\u0161i\u010d.<\/p>\n<p style=\"text-align: justify;\">Ime vandalici ali vandal se sklicuje na Slovence (Prekmurce). Prvo poimenovanje Prekmurskih Slovencev z besedo vandal pa sega v 16. stoletje, takrat so v Dolnji Lendavi tiskali obrednik v latin\u0161\u010dnici &#8211; Agenda Vandalica. V nem\u0161kem jeziku se je ime Prekmurcev pisalo Wendisch in Windisch. V latinskih in znanstvenih delih so za Prekmurce uporabljali ime vandali, vandalicus.<\/p>\n<p style=\"text-align: justify;\">Ko je David Novak napisal pesem je bil star 17 let, na pusta pa jo je napisal ker so takrat, in \u0161e kdaj, imeli navado, da pripravijo verzificirano besedilo. Neko\u010d so besedila pisali v latinskem jeziku, a v \u010dasu reformacije in razsvetljenstva so pesmi pisali \u017ee v maternem jeziku. Licej v Bratislavi so obiskovali dijaki iz Mad\u017earske, Slova\u0161ke, Nem\u010dije, Slovenije in Hrva\u0161ke, ravno zato so pisali v svojem jeziku.<\/p>\n<p style=\"text-align: justify;\">Tako so se urili v verzifikaciji, klasi\u010dne latinske in sodobnej\u0161e klasicisti\u010dne oblike so teoreti\u010dno spoznavali pri pouku. Obenem pa so vadili javno nastopanje, skozi verzificirane predstavitve pa so spoznavali svoje so\u0161olce.<\/p>\n<p style=\"text-align: justify;\">Vandalska pesem je bila shranjena v knji\u017eni\u010dnem arhivu skupaj s pesmijo Davidovega slova\u0161kega so\u0161olca Jana Podhradkska (Versus slavici).<\/p>\n<p style=\"text-align: center;\"><strong>Originalna pesem:<\/strong><br \/>\nPoszl\u00fchne da eszi proszim vasz GOSZPODA,<br \/>\nka bom vam jasz pravo od toda n\u00e1roda,<br \/>\nSteri vzimi vhi&#8217;zi pr petsi sze gloda,<br \/>\nar ga mraz ment\u00fcje od vszakoga hoda.<\/p>\n<p style=\"text-align: center;\">V zimenszkom vreimeni p\u00e1ver szi zguts\u00e1va,<br \/>\nod szvojih sztarissih on prpovid\u00e1va,<br \/>\nmed gyesztyami szidi ne boji ga gl\u00e1va<br \/>\nino tak zdremlenyom on sztrahe od\u00e1va.<\/p>\n<p style=\"text-align: center;\">Tak pravi meo szem jasz jedrnu mamitzu,<br \/>\nAli mrla mi je mam za nyou Katitzu,<br \/>\nVzeo szam szi sztrelitzu znyou szam bojou ftitzu,<br \/>\nMama szu szk\u00fcali prav dobru &#8216;zupitzu.<\/p>\n<p style=\"text-align: center;\">Nejde on v\u00f6rte mi vets na njive s zp\u00fcglom,<br \/>\nka bi se obratsao szvoim friskem tz\u00fcgom,<br \/>\nliki vleti goni eden priton dr\u00fcgom,<br \/>\ntsa szarvas haj red&#8217;za &#8216;z\u00fcle draple sztr\u00fcgom.<\/p>\n<p style=\"text-align: center;\">Kae pa moj otsadelau vSzent-Gothardi,<br \/>\nDare je meo pune fsze fpl\u00fcndre tokvardi,<br \/>\nNoszou je okoulik tam otetz na dardi,<br \/>\nT\u00f6r\u00f6k Basse gl\u00e1vo novtze v Salavardi.<\/p>\n<p style=\"text-align: center;\">Te je dobre bilou na szv\u00e9ti &#8216;ziveti,<br \/>\nMogou jete tslovik dosta p\u00e9nesz meti,<br \/>\nNei je meo nevouli ni vzimi ni vleti,<br \/>\nVbibor, vbarsonszki gvant mogo\u00fa je odeti.<\/p>\n<p style=\"text-align: center;\">Meo je moj sztari ded prav t\u00fctsnoga brava,<br \/>\nTak je biu veliki, kako divgya krava,<br \/>\nSeszt tzentov je vagao meo je gyetra zdrava,<br \/>\nDosta bilou dobra ali zima prava.<\/p>\n<p style=\"text-align: center;\">I zdaj tak del\u00e1mo, pri ogni szidimo,<br \/>\nK fassanki szpr\u00e1vlati t\u00fcdi sze hitimo,<br \/>\nDosta gost\u00fcvanyau rediti vidimo<br \/>\nI tak tz\u00e9lo zimo veszelo dr&#8217;zimo.<\/p>\n<p style=\"text-align: center;\"><strong>_________________________<\/strong><\/p>\n<p style=\"text-align: center;\"><strong>Prevod v sodobnej\u0161i slovenski jezik:<\/strong><br \/>\nPrisluhnite semle, prosim vas, gospoda,<br \/>\nkaj vam bom jaz pravil od tega naroda,<br \/>\nki v zimi v hishi pri pechi se stiska,<br \/>\nker ga mraz reshuje vsakega pohoda.<\/p>\n<p style=\"text-align: center;\">V zimskem chasu se kmet pogovarja,<br \/>\no svojih prednikih pripoveduje,<br \/>\npri odprtini pechi sedi, ne boli ga glava,<br \/>\nin tako z dremanjem se po srakah zgleduje.<\/p>\n<p style=\"text-align: center;\">Tako pravi: imel sem jaz pridno mamico,<br \/>\na je umrla, namesto nje imam Katico,<br \/>\nvzel sem si pushchico, z njo sem ubil ptico,<br \/>\nmama so skuhali prav dobro juhico.<\/p>\n<p style=\"text-align: center;\">Ne gre on, verjemite mi, vech na njive s plugom,<br \/>\nda bi se obrachal s svojo hitro vprego<br \/>\nkot poleti, ko goni enega (vola) ob drugem,<br \/>\n\u00bbcha, Sarvash, hajs, Redzha!\u00ab ju z ostnom drega.<\/p>\n<p style=\"text-align: center;\">Kaj je pa moj oche delal v Sent Gothardu,<br \/>\nko je imel vse polno blaga v hlamudrachah;<br \/>\nnosil je naokoli moj oche na sulici<br \/>\nturshkega pashe glavo, novce pa v turshkih hlachah.<\/p>\n<p style=\"text-align: center;\">Tedaj je dobro bilo na svetu zhiveti,<br \/>\nmogel je chlovek veliko denarja imeti,<br \/>\nni imel tezhav ne pozimi ne poleti,<br \/>\nv shkrlat, v zhametno obleko se je mogel odeti.<\/p>\n<p style=\"text-align: center;\">Imel je moj stari ded prav debelega prashicha,<br \/>\ntako je bil velik, kakor divja krava,<br \/>\nshest stotov je tehtal, imel je jetra zdrava,<br \/>\nveliko je bilo dobrega, a zima prava.<\/p>\n<p style=\"text-align: center;\">Spet zdaj tako delamo, pri ognju sedimo,<br \/>\ns pripravami za pusta tudi hitimo,<br \/>\ndosti zhenitovanj delati vidimo,<br \/>\nin tako celo zimo veselo zdrzhimo.<\/p>\n<p style=\"text-align: justify;\">Gre za osem kiti\u010dno pesem, vsaka pa ima \u0161tiri vrstice. V pesmi je David upesnil mirno \u017eivljenje svoje pode\u017eelske skupnosti v zimskem \u010dasu. V pesni\u0161ko pripoved je vtkal podobo kmeta, ki si zimski \u010das kraj\u0161a s pripovedovanjem zgodb o starih \u010dasih in njihovih prednikih. Napi\u0161e tudi nekaj zgodovinskih in etnografskih izpiskov (mono\u0161terska bitka &#8211; leta 1664 je kr\u0161\u010danska vojska pri Mono\u0161tru premagala Osmane, ki so razdrli tudi Slovensko okroglino (gre za slovensko govore\u010de obmo\u010dje \u017delezne in Zalske \u017eupnije v Kraljevini Ogrski &#8211; Prekmurje in Porabje)).<\/p>\n<p style=\"text-align: justify;\">Vse omenjene motive je povezal z \u017eanrsko zna\u010dilnim izpostavljanjem prednosti kme\u010dkega \u017eivljenja in opevanja mirnega in brezskrbnega va\u0161kega \u017eivljenja po klasicisti\u010dnih vzorcih gr\u0161ke in latinske arkadijske in bukoli\u010dne poezije. Rokokojska pesem je nastala v duhu poznega Baroka, v njej se je mladi dijak David opiral na panonsko verzifikacijsko izro\u010dilo. V tem modnem pesni\u0161kem obrazcu je izrazil tudi del\u010dek \u017eivljenja svoje skupnosti v Slovenski okroglini.<\/p>\n<p>&nbsp;<\/p>\n<table>\n<tbody>\n<tr>\n<td style=\"text-align: center;\"><a href=\"https:\/\/www.travel-slovenia.si\/slo\/na-danasnji-dan\/\"><img loading=\"lazy\" decoding=\"async\" class=\"alignleft wp-image-4499 size-full\" src=\"https:\/\/www.travel-slovenia.si\/slo\/wp-content\/uploads\/2014\/09\/travel-slovenia-povezava-na-drugo.jpg\" alt=\"travel-slovenia-povezava-na-drugo\" width=\"128\" height=\"22\" srcset=\"https:\/\/www.travel-slovenia.si\/slo\/wp-content\/uploads\/2014\/09\/travel-slovenia-povezava-na-drugo.jpg 128w, https:\/\/www.travel-slovenia.si\/slo\/wp-content\/uploads\/2014\/09\/travel-slovenia-povezava-na-drugo-24x4.jpg 24w, https:\/\/www.travel-slovenia.si\/slo\/wp-content\/uploads\/2014\/09\/travel-slovenia-povezava-na-drugo-36x6.jpg 36w, https:\/\/www.travel-slovenia.si\/slo\/wp-content\/uploads\/2014\/09\/travel-slovenia-povezava-na-drugo-48x8.jpg 48w\" sizes=\"auto, (max-width: 128px) 100vw, 128px\" \/><\/a><a href=\"https:\/\/www.travel-slovenia.si\/slo\/na-danasnji-dan\/\">Poglejte \u0161e druge pomembne dogodke!<\/a><a href=\"https:\/\/www.travel-slovenia.si\/slo\/na-danasnji-dan\/\"><img loading=\"lazy\" decoding=\"async\" class=\"alignright wp-image-4500 size-full\" src=\"https:\/\/www.travel-slovenia.si\/slo\/wp-content\/uploads\/2014\/09\/travel-slovenia-povezava-na-drugo2.jpg\" alt=\"travel-slovenia-povezava-na-drugo2\" width=\"128\" height=\"22\" srcset=\"https:\/\/www.travel-slovenia.si\/slo\/wp-content\/uploads\/2014\/09\/travel-slovenia-povezava-na-drugo2.jpg 128w, https:\/\/www.travel-slovenia.si\/slo\/wp-content\/uploads\/2014\/09\/travel-slovenia-povezava-na-drugo2-24x4.jpg 24w, https:\/\/www.travel-slovenia.si\/slo\/wp-content\/uploads\/2014\/09\/travel-slovenia-povezava-na-drugo2-36x6.jpg 36w, https:\/\/www.travel-slovenia.si\/slo\/wp-content\/uploads\/2014\/09\/travel-slovenia-povezava-na-drugo2-48x8.jpg 48w\" sizes=\"auto, (max-width: 128px) 100vw, 128px\" \/><\/a><\/td>\n<\/tr>\n<\/tbody>\n<\/table>\n","protected":false},"excerpt":{"rendered":"<p>Vandalska pesem (org. Versus Vandalici) je bila prva posvetna pesem v prekmur\u0161\u010dini, \u00bbprekmurski pesemski osamelec\u00ab, slovenska pesem. Napisal jo je David Novak na pusta 16. februarja 1774. David je bil dijak evangelisti\u010dnega liceja Bratislava na Ogrskem, dana\u0161nja Slova\u0161ka. Vandalska pesem je bila znanilec prekmurske posvetne lirike, pol stoletja kasneje pa je resni\u010dno prekmursko posvetno liriko [&hellip;]<\/p>\n","protected":false},"author":111,"featured_media":0,"parent":0,"menu_order":0,"comment_status":"closed","ping_status":"closed","template":"","meta":{"footnotes":""},"class_list":["post-7199","page","type-page","status-publish","hentry"],"yoast_head":"<!-- This site is optimized with the Yoast SEO plugin v25.4 - https:\/\/yoast.com\/wordpress\/plugins\/seo\/ -->\n<title>Vandalska pesem : Travel-Slovenia<\/title>\n<meta name=\"description\" content=\"Vandalska pesem (org. Versus Vandalici) je bila prva posvetna pesem v prekmur\u0161\u010dini, \u00bbprekmurski pesemski osamelec\u00ab, slovenska pesem. Napisal jo je David Novak na pusta 16. februarja 1774. David je bil dijak evangelisti\u010dnega liceja Bratislava na Ogrskem, dana\u0161nja Slova\u0161ka.\" \/>\n<meta name=\"robots\" content=\"index, follow, max-snippet:-1, max-image-preview:large, max-video-preview:-1\" \/>\n<link rel=\"canonical\" href=\"https:\/\/www.travel-slovenia.si\/slo\/vandalska-pesem\/\" \/>\n<meta property=\"og:locale\" content=\"sl_SI\" \/>\n<meta property=\"og:type\" content=\"article\" \/>\n<meta property=\"og:title\" content=\"Vandalska pesem : Travel-Slovenia\" \/>\n<meta property=\"og:description\" content=\"Vandalska pesem (org. Versus Vandalici) je bila prva posvetna pesem v prekmur\u0161\u010dini, \u00bbprekmurski pesemski osamelec\u00ab, slovenska pesem. Napisal jo je David Novak na pusta 16. februarja 1774. David je bil dijak evangelisti\u010dnega liceja Bratislava na Ogrskem, dana\u0161nja Slova\u0161ka.\" \/>\n<meta property=\"og:url\" content=\"https:\/\/www.travel-slovenia.si\/slo\/vandalska-pesem\/\" \/>\n<meta property=\"og:site_name\" content=\"Travel Slovenia - Sledite lepotam na\u0161e male dr\u017eavice\" \/>\n<meta property=\"article:modified_time\" content=\"2018-02-15T23:01:48+00:00\" \/>\n<meta property=\"og:image\" content=\"https:\/\/www.travel-slovenia.si\/slo\/wp-content\/uploads\/2018\/02\/travel-slovenia-versus-vandalici.jpg\" \/>\n\t<meta property=\"og:image:width\" content=\"400\" \/>\n\t<meta property=\"og:image:height\" content=\"1029\" \/>\n\t<meta property=\"og:image:type\" content=\"image\/jpeg\" \/>\n<meta name=\"twitter:card\" content=\"summary_large_image\" \/>\n<meta name=\"twitter:title\" content=\"Vandalska pesem : Travel-Slovenia\" \/>\n<meta name=\"twitter:description\" content=\"Vandalska pesem (org. Versus Vandalici) je bila prva posvetna pesem v prekmur\u0161\u010dini, \u00bbprekmurski pesemski osamelec\u00ab, slovenska pesem. Napisal jo je David Novak na pusta 16. februarja 1774. David je bil dijak evangelisti\u010dnega liceja Bratislava na Ogrskem, dana\u0161nja Slova\u0161ka.\" \/>\n<meta name=\"twitter:image\" content=\"https:\/\/www.travel-slovenia.si\/slo\/wp-content\/uploads\/2018\/02\/travel-slovenia-versus-vandalici.jpg\" \/>\n<meta name=\"twitter:label1\" content=\"Est. reading time\" \/>\n\t<meta name=\"twitter:data1\" content=\"5 minut\" \/>\n<script type=\"application\/ld+json\" class=\"yoast-schema-graph\">{\"@context\":\"https:\/\/schema.org\",\"@graph\":[{\"@type\":\"WebPage\",\"@id\":\"https:\/\/www.travel-slovenia.si\/slo\/vandalska-pesem\/\",\"url\":\"https:\/\/www.travel-slovenia.si\/slo\/vandalska-pesem\/\",\"name\":\"Vandalska pesem : Travel-Slovenia\",\"isPartOf\":{\"@id\":\"https:\/\/www.travel-slovenia.si\/slo\/#website\"},\"primaryImageOfPage\":{\"@id\":\"https:\/\/www.travel-slovenia.si\/slo\/vandalska-pesem\/#primaryimage\"},\"image\":{\"@id\":\"https:\/\/www.travel-slovenia.si\/slo\/vandalska-pesem\/#primaryimage\"},\"thumbnailUrl\":\"https:\/\/www.travel-slovenia.si\/slo\/wp-content\/uploads\/2018\/02\/travel-slovenia-versus-vandalici.jpg\",\"datePublished\":\"2018-02-15T23:00:53+00:00\",\"dateModified\":\"2018-02-15T23:01:48+00:00\",\"description\":\"Vandalska pesem (org. Versus Vandalici) je bila prva posvetna pesem v prekmur\u0161\u010dini, \u00bbprekmurski pesemski osamelec\u00ab, slovenska pesem. Napisal jo je David Novak na pusta 16. februarja 1774. David je bil dijak evangelisti\u010dnega liceja Bratislava na Ogrskem, dana\u0161nja Slova\u0161ka.\",\"breadcrumb\":{\"@id\":\"https:\/\/www.travel-slovenia.si\/slo\/vandalska-pesem\/#breadcrumb\"},\"inLanguage\":\"sl-SI\",\"potentialAction\":[{\"@type\":\"ReadAction\",\"target\":[\"https:\/\/www.travel-slovenia.si\/slo\/vandalska-pesem\/\"]}]},{\"@type\":\"ImageObject\",\"inLanguage\":\"sl-SI\",\"@id\":\"https:\/\/www.travel-slovenia.si\/slo\/vandalska-pesem\/#primaryimage\",\"url\":\"https:\/\/www.travel-slovenia.si\/slo\/wp-content\/uploads\/2018\/02\/travel-slovenia-versus-vandalici.jpg\",\"contentUrl\":\"https:\/\/www.travel-slovenia.si\/slo\/wp-content\/uploads\/2018\/02\/travel-slovenia-versus-vandalici.jpg\",\"width\":400,\"height\":1029,\"caption\":\"Vandalska pesem (org. Versus Vandalici)\"},{\"@type\":\"BreadcrumbList\",\"@id\":\"https:\/\/www.travel-slovenia.si\/slo\/vandalska-pesem\/#breadcrumb\",\"itemListElement\":[{\"@type\":\"ListItem\",\"position\":1,\"name\":\"Home\",\"item\":\"https:\/\/www.travel-slovenia.si\/slo\/\"},{\"@type\":\"ListItem\",\"position\":2,\"name\":\"Vandalska pesem\"}]},{\"@type\":\"WebSite\",\"@id\":\"https:\/\/www.travel-slovenia.si\/slo\/#website\",\"url\":\"https:\/\/www.travel-slovenia.si\/slo\/\",\"name\":\"Travel Slovenia - Sledite lepotam na\u0161e male dr\u017eavice\",\"description\":\"\",\"potentialAction\":[{\"@type\":\"SearchAction\",\"target\":{\"@type\":\"EntryPoint\",\"urlTemplate\":\"https:\/\/www.travel-slovenia.si\/slo\/?s={search_term_string}\"},\"query-input\":{\"@type\":\"PropertyValueSpecification\",\"valueRequired\":true,\"valueName\":\"search_term_string\"}}],\"inLanguage\":\"sl-SI\"}]}<\/script>\n<!-- \/ Yoast SEO plugin. -->","yoast_head_json":{"title":"Vandalska pesem : Travel-Slovenia","description":"Vandalska pesem (org. Versus Vandalici) je bila prva posvetna pesem v prekmur\u0161\u010dini, \u00bbprekmurski pesemski osamelec\u00ab, slovenska pesem. Napisal jo je David Novak na pusta 16. februarja 1774. David je bil dijak evangelisti\u010dnega liceja Bratislava na Ogrskem, dana\u0161nja Slova\u0161ka.","robots":{"index":"index","follow":"follow","max-snippet":"max-snippet:-1","max-image-preview":"max-image-preview:large","max-video-preview":"max-video-preview:-1"},"canonical":"https:\/\/www.travel-slovenia.si\/slo\/vandalska-pesem\/","og_locale":"sl_SI","og_type":"article","og_title":"Vandalska pesem : Travel-Slovenia","og_description":"Vandalska pesem (org. Versus Vandalici) je bila prva posvetna pesem v prekmur\u0161\u010dini, \u00bbprekmurski pesemski osamelec\u00ab, slovenska pesem. Napisal jo je David Novak na pusta 16. februarja 1774. David je bil dijak evangelisti\u010dnega liceja Bratislava na Ogrskem, dana\u0161nja Slova\u0161ka.","og_url":"https:\/\/www.travel-slovenia.si\/slo\/vandalska-pesem\/","og_site_name":"Travel Slovenia - Sledite lepotam na\u0161e male dr\u017eavice","article_modified_time":"2018-02-15T23:01:48+00:00","og_image":[{"width":400,"height":1029,"url":"https:\/\/www.travel-slovenia.si\/slo\/wp-content\/uploads\/2018\/02\/travel-slovenia-versus-vandalici.jpg","type":"image\/jpeg"}],"twitter_card":"summary_large_image","twitter_title":"Vandalska pesem : Travel-Slovenia","twitter_description":"Vandalska pesem (org. Versus Vandalici) je bila prva posvetna pesem v prekmur\u0161\u010dini, \u00bbprekmurski pesemski osamelec\u00ab, slovenska pesem. Napisal jo je David Novak na pusta 16. februarja 1774. David je bil dijak evangelisti\u010dnega liceja Bratislava na Ogrskem, dana\u0161nja Slova\u0161ka.","twitter_image":"https:\/\/www.travel-slovenia.si\/slo\/wp-content\/uploads\/2018\/02\/travel-slovenia-versus-vandalici.jpg","twitter_misc":{"Est. reading time":"5 minut"},"schema":{"@context":"https:\/\/schema.org","@graph":[{"@type":"WebPage","@id":"https:\/\/www.travel-slovenia.si\/slo\/vandalska-pesem\/","url":"https:\/\/www.travel-slovenia.si\/slo\/vandalska-pesem\/","name":"Vandalska pesem : Travel-Slovenia","isPartOf":{"@id":"https:\/\/www.travel-slovenia.si\/slo\/#website"},"primaryImageOfPage":{"@id":"https:\/\/www.travel-slovenia.si\/slo\/vandalska-pesem\/#primaryimage"},"image":{"@id":"https:\/\/www.travel-slovenia.si\/slo\/vandalska-pesem\/#primaryimage"},"thumbnailUrl":"https:\/\/www.travel-slovenia.si\/slo\/wp-content\/uploads\/2018\/02\/travel-slovenia-versus-vandalici.jpg","datePublished":"2018-02-15T23:00:53+00:00","dateModified":"2018-02-15T23:01:48+00:00","description":"Vandalska pesem (org. Versus Vandalici) je bila prva posvetna pesem v prekmur\u0161\u010dini, \u00bbprekmurski pesemski osamelec\u00ab, slovenska pesem. Napisal jo je David Novak na pusta 16. februarja 1774. David je bil dijak evangelisti\u010dnega liceja Bratislava na Ogrskem, dana\u0161nja Slova\u0161ka.","breadcrumb":{"@id":"https:\/\/www.travel-slovenia.si\/slo\/vandalska-pesem\/#breadcrumb"},"inLanguage":"sl-SI","potentialAction":[{"@type":"ReadAction","target":["https:\/\/www.travel-slovenia.si\/slo\/vandalska-pesem\/"]}]},{"@type":"ImageObject","inLanguage":"sl-SI","@id":"https:\/\/www.travel-slovenia.si\/slo\/vandalska-pesem\/#primaryimage","url":"https:\/\/www.travel-slovenia.si\/slo\/wp-content\/uploads\/2018\/02\/travel-slovenia-versus-vandalici.jpg","contentUrl":"https:\/\/www.travel-slovenia.si\/slo\/wp-content\/uploads\/2018\/02\/travel-slovenia-versus-vandalici.jpg","width":400,"height":1029,"caption":"Vandalska pesem (org. Versus Vandalici)"},{"@type":"BreadcrumbList","@id":"https:\/\/www.travel-slovenia.si\/slo\/vandalska-pesem\/#breadcrumb","itemListElement":[{"@type":"ListItem","position":1,"name":"Home","item":"https:\/\/www.travel-slovenia.si\/slo\/"},{"@type":"ListItem","position":2,"name":"Vandalska pesem"}]},{"@type":"WebSite","@id":"https:\/\/www.travel-slovenia.si\/slo\/#website","url":"https:\/\/www.travel-slovenia.si\/slo\/","name":"Travel Slovenia - Sledite lepotam na\u0161e male dr\u017eavice","description":"","potentialAction":[{"@type":"SearchAction","target":{"@type":"EntryPoint","urlTemplate":"https:\/\/www.travel-slovenia.si\/slo\/?s={search_term_string}"},"query-input":{"@type":"PropertyValueSpecification","valueRequired":true,"valueName":"search_term_string"}}],"inLanguage":"sl-SI"}]}},"post_mailing_queue_ids":[],"_links":{"self":[{"href":"https:\/\/www.travel-slovenia.si\/slo\/wp-json\/wp\/v2\/pages\/7199","targetHints":{"allow":["GET"]}}],"collection":[{"href":"https:\/\/www.travel-slovenia.si\/slo\/wp-json\/wp\/v2\/pages"}],"about":[{"href":"https:\/\/www.travel-slovenia.si\/slo\/wp-json\/wp\/v2\/types\/page"}],"author":[{"embeddable":true,"href":"https:\/\/www.travel-slovenia.si\/slo\/wp-json\/wp\/v2\/users\/111"}],"replies":[{"embeddable":true,"href":"https:\/\/www.travel-slovenia.si\/slo\/wp-json\/wp\/v2\/comments?post=7199"}],"version-history":[{"count":3,"href":"https:\/\/www.travel-slovenia.si\/slo\/wp-json\/wp\/v2\/pages\/7199\/revisions"}],"predecessor-version":[{"id":7205,"href":"https:\/\/www.travel-slovenia.si\/slo\/wp-json\/wp\/v2\/pages\/7199\/revisions\/7205"}],"wp:attachment":[{"href":"https:\/\/www.travel-slovenia.si\/slo\/wp-json\/wp\/v2\/media?parent=7199"}],"curies":[{"name":"wp","href":"https:\/\/api.w.org\/{rel}","templated":true}]}}