{"id":7157,"date":"2018-02-05T10:00:34","date_gmt":"2018-02-05T09:00:34","guid":{"rendered":"https:\/\/www.travel-slovenia.si\/slo\/?page_id=7157"},"modified":"2018-02-05T10:00:34","modified_gmt":"2018-02-05T09:00:34","slug":"rok-petrovic","status":"publish","type":"page","link":"https:\/\/www.travel-slovenia.si\/slo\/rok-petrovic\/","title":{"rendered":"Rok Petrovi\u010d"},"content":{"rendered":"<figure id=\"attachment_7158\" class=\"wp-caption alignleft\" style=\"max-width: 300px\"><img loading=\"lazy\" decoding=\"async\" class=\"wp-image-7158\" src=\"https:\/\/www.travel-slovenia.si\/slo\/wp-content\/uploads\/2018\/02\/travel-slovenia-rok-petrovic.jpg\" alt=\"\" width=\"300\" height=\"355\" srcset=\"https:\/\/www.travel-slovenia.si\/slo\/wp-content\/uploads\/2018\/02\/travel-slovenia-rok-petrovic.jpg 406w, https:\/\/www.travel-slovenia.si\/slo\/wp-content\/uploads\/2018\/02\/travel-slovenia-rok-petrovic-254x300.jpg 254w, https:\/\/www.travel-slovenia.si\/slo\/wp-content\/uploads\/2018\/02\/travel-slovenia-rok-petrovic-20x24.jpg 20w, https:\/\/www.travel-slovenia.si\/slo\/wp-content\/uploads\/2018\/02\/travel-slovenia-rok-petrovic-30x36.jpg 30w, https:\/\/www.travel-slovenia.si\/slo\/wp-content\/uploads\/2018\/02\/travel-slovenia-rok-petrovic-41x48.jpg 41w\" sizes=\"auto, (max-width: 300px) 100vw, 300px\" \/><figcaption class=\"wp-caption-text\">Rok Petrovi\u010d<\/figcaption><\/figure>\n<p style=\"text-align: justify;\">Rok Petrovi\u010d je slovenski alpski smu\u010dar, ki se je rodil 5. februarja 1966 v Ljubljani. Umrl je 16. septembra 1993 v Veli Luki na Hrva\u0161kem. V letu 1977 je Rok postal prvi Slovenec, ki je zmagal na najve\u010djem otro\u0161kem tekmovanju za pokal Topolino. Zmagovalec je bil kar petkrat.<\/p>\n<p style=\"text-align: justify;\">V italijanskem Sestrieresu, leta 1984, je osvojil svoj prvi naslov mladinskega svetovnega prvaka v slalomu. Od tu dalje Rok hitro napreduje proti slalomskemu vrhu. Tako v sezoni 1985\/86, s petimi zmagami, enim drugim mestom v avstrijskem St. Antonu in enim tretjim mestom v norve\u0161kem Geilu, kot prvi Slovenec, osvoji mali kristalni globus v slalomski razvrstitvi. Ta sezona je bila zanj vrhunec njegove smu\u010darske kariere. Naslednjo sezono je v Kranjski Gori osvojil \u0161e drugo mesto za prvouvr\u0161\u010denim Bojanom Kri\u017eajem. V letu 1988 se odlo\u010di zaklju\u010diti smu\u010darsko kariero ter se posveti \u0161tudiju na Fakulteti za \u0161port v Ljubljani. Leta 1991 diplomira na naslovom naloge Kr\u0161itev \u010dlovekovih svobo\u0161\u010din v \u0161portu. Jeseni leta 1993 bi moral \u0161e magistrirati na temo diskretnega simulacijskega modeliranja biomehanskih struktur osnov alpskega smu\u010danja, a je pred njegovim zagovorom pri\u0161lo do tragi\u010dnega dogodka, saj je med potapljanjem na hrva\u0161kem otoku Kor\u010dula utonil.<\/p>\n<p style=\"text-align: justify;\">Na pokalu Vitranc, 10. marca 2012, so premierno predvajali enourni dokumentarni film Od kamna do kristala, portret Roka Petrovi\u010da. Film je re\u017eiral Bo\u017eo Grlj po scenariju Nu\u0161e Ekar ter Bo\u017ea Grlja. V Hram slovenskih \u0161portnih junakov je bil sprejet leta 2015.<\/p>\n<p>&nbsp;<\/p>\n<table>\n<tbody>\n<tr>\n<td style=\"text-align: center;\"><a href=\"https:\/\/www.travel-slovenia.si\/slo\/zgodovinske-osebnosti\/\"><img loading=\"lazy\" decoding=\"async\" class=\"alignleft wp-image-4499 size-full\" src=\"https:\/\/www.travel-slovenia.si\/slo\/wp-content\/uploads\/2014\/09\/travel-slovenia-povezava-na-drugo.jpg\" alt=\"travel-slovenia-povezava-na-drugo\" width=\"128\" height=\"22\" srcset=\"https:\/\/www.travel-slovenia.si\/slo\/wp-content\/uploads\/2014\/09\/travel-slovenia-povezava-na-drugo.jpg 128w, https:\/\/www.travel-slovenia.si\/slo\/wp-content\/uploads\/2014\/09\/travel-slovenia-povezava-na-drugo-24x4.jpg 24w, https:\/\/www.travel-slovenia.si\/slo\/wp-content\/uploads\/2014\/09\/travel-slovenia-povezava-na-drugo-36x6.jpg 36w, https:\/\/www.travel-slovenia.si\/slo\/wp-content\/uploads\/2014\/09\/travel-slovenia-povezava-na-drugo-48x8.jpg 48w\" sizes=\"auto, (max-width: 128px) 100vw, 128px\" \/><\/a><a href=\"https:\/\/www.travel-slovenia.si\/slo\/zgodovinske-osebnosti\/\">Poglejte \u0161e druge zgodovinske osebnosti!<\/a><a href=\"https:\/\/www.travel-slovenia.si\/slo\/zgodovinske-osebnosti\/\"><img loading=\"lazy\" decoding=\"async\" class=\"alignright wp-image-4500 size-full\" src=\"https:\/\/www.travel-slovenia.si\/slo\/wp-content\/uploads\/2014\/09\/travel-slovenia-povezava-na-drugo2.jpg\" alt=\"travel-slovenia-povezava-na-drugo2\" width=\"128\" height=\"22\" srcset=\"https:\/\/www.travel-slovenia.si\/slo\/wp-content\/uploads\/2014\/09\/travel-slovenia-povezava-na-drugo2.jpg 128w, https:\/\/www.travel-slovenia.si\/slo\/wp-content\/uploads\/2014\/09\/travel-slovenia-povezava-na-drugo2-24x4.jpg 24w, https:\/\/www.travel-slovenia.si\/slo\/wp-content\/uploads\/2014\/09\/travel-slovenia-povezava-na-drugo2-36x6.jpg 36w, https:\/\/www.travel-slovenia.si\/slo\/wp-content\/uploads\/2014\/09\/travel-slovenia-povezava-na-drugo2-48x8.jpg 48w\" sizes=\"auto, (max-width: 128px) 100vw, 128px\" \/><\/a><\/td>\n<\/tr>\n<\/tbody>\n<\/table>\n","protected":false},"excerpt":{"rendered":"<p>Rok Petrovi\u010d je slovenski alpski smu\u010dar, ki se je rodil 5. februarja 1966 v Ljubljani. Umrl je 16. septembra 1993 v Veli Luki na Hrva\u0161kem. V letu 1977 je Rok postal prvi Slovenec, ki je zmagal na najve\u010djem otro\u0161kem tekmovanju za pokal Topolino. Zmagovalec je bil kar petkrat. V italijanskem Sestrieresu, leta 1984, je osvojil [&hellip;]<\/p>\n","protected":false},"author":111,"featured_media":0,"parent":0,"menu_order":0,"comment_status":"closed","ping_status":"closed","template":"","meta":{"footnotes":""},"class_list":["post-7157","page","type-page","status-publish","hentry"],"yoast_head":"<!-- This site is optimized with the Yoast SEO plugin v25.4 - https:\/\/yoast.com\/wordpress\/plugins\/seo\/ -->\n<title>Rok Petrovi\u010d : Travel-Slovenia<\/title>\n<meta name=\"description\" content=\"Rok Petrovi\u010d je slovenski alpski smu\u010dar, ki se je rodil 5. februarja 1966 v Ljubljani. Umrl je 16. septembra 1993 v Veli Luki na Hrva\u0161kem. V letu 1977 je Rok postal prvi Slovenec, ki je zmagal na najve\u010djem otro\u0161kem tekmovanju za pokal Topolino. Zmagovalec je bil kar petkrat.\" \/>\n<meta name=\"robots\" content=\"index, follow, max-snippet:-1, max-image-preview:large, max-video-preview:-1\" \/>\n<link rel=\"canonical\" href=\"https:\/\/www.travel-slovenia.si\/slo\/rok-petrovic\/\" \/>\n<meta property=\"og:locale\" content=\"sl_SI\" \/>\n<meta property=\"og:type\" content=\"article\" \/>\n<meta property=\"og:title\" content=\"Rok Petrovi\u010d : Travel-Slovenia\" \/>\n<meta property=\"og:description\" content=\"Rok Petrovi\u010d je slovenski alpski smu\u010dar, ki se je rodil 5. februarja 1966 v Ljubljani. Umrl je 16. septembra 1993 v Veli Luki na Hrva\u0161kem. V letu 1977 je Rok postal prvi Slovenec, ki je zmagal na najve\u010djem otro\u0161kem tekmovanju za pokal Topolino. Zmagovalec je bil kar petkrat.\" \/>\n<meta property=\"og:url\" content=\"https:\/\/www.travel-slovenia.si\/slo\/rok-petrovic\/\" \/>\n<meta property=\"og:site_name\" content=\"Travel Slovenia - Sledite lepotam na\u0161e male dr\u017eavice\" \/>\n<meta property=\"og:image\" content=\"https:\/\/www.travel-slovenia.si\/slo\/wp-content\/uploads\/2018\/02\/travel-slovenia-rok-petrovic.jpg\" \/>\n\t<meta property=\"og:image:width\" content=\"406\" \/>\n\t<meta property=\"og:image:height\" content=\"480\" \/>\n\t<meta property=\"og:image:type\" content=\"image\/jpeg\" \/>\n<meta name=\"twitter:card\" content=\"summary_large_image\" \/>\n<meta name=\"twitter:title\" content=\"Rok Petrovi\u010d : Travel-Slovenia\" \/>\n<meta name=\"twitter:description\" content=\"Rok Petrovi\u010d je slovenski alpski smu\u010dar, ki se je rodil 5. februarja 1966 v Ljubljani. Umrl je 16. septembra 1993 v Veli Luki na Hrva\u0161kem. V letu 1977 je Rok postal prvi Slovenec, ki je zmagal na najve\u010djem otro\u0161kem tekmovanju za pokal Topolino. Zmagovalec je bil kar petkrat.\" \/>\n<meta name=\"twitter:image\" content=\"https:\/\/www.travel-slovenia.si\/slo\/wp-content\/uploads\/2018\/02\/travel-slovenia-rok-petrovic.jpg\" \/>\n<meta name=\"twitter:label1\" content=\"Est. reading time\" \/>\n\t<meta name=\"twitter:data1\" content=\"1 minuta\" \/>\n<script type=\"application\/ld+json\" class=\"yoast-schema-graph\">{\"@context\":\"https:\/\/schema.org\",\"@graph\":[{\"@type\":\"WebPage\",\"@id\":\"https:\/\/www.travel-slovenia.si\/slo\/rok-petrovic\/\",\"url\":\"https:\/\/www.travel-slovenia.si\/slo\/rok-petrovic\/\",\"name\":\"Rok Petrovi\u010d : Travel-Slovenia\",\"isPartOf\":{\"@id\":\"https:\/\/www.travel-slovenia.si\/slo\/#website\"},\"primaryImageOfPage\":{\"@id\":\"https:\/\/www.travel-slovenia.si\/slo\/rok-petrovic\/#primaryimage\"},\"image\":{\"@id\":\"https:\/\/www.travel-slovenia.si\/slo\/rok-petrovic\/#primaryimage\"},\"thumbnailUrl\":\"https:\/\/www.travel-slovenia.si\/slo\/wp-content\/uploads\/2018\/02\/travel-slovenia-rok-petrovic.jpg\",\"datePublished\":\"2018-02-05T09:00:34+00:00\",\"description\":\"Rok Petrovi\u010d je slovenski alpski smu\u010dar, ki se je rodil 5. februarja 1966 v Ljubljani. Umrl je 16. septembra 1993 v Veli Luki na Hrva\u0161kem. V letu 1977 je Rok postal prvi Slovenec, ki je zmagal na najve\u010djem otro\u0161kem tekmovanju za pokal Topolino. Zmagovalec je bil kar petkrat.\",\"breadcrumb\":{\"@id\":\"https:\/\/www.travel-slovenia.si\/slo\/rok-petrovic\/#breadcrumb\"},\"inLanguage\":\"sl-SI\",\"potentialAction\":[{\"@type\":\"ReadAction\",\"target\":[\"https:\/\/www.travel-slovenia.si\/slo\/rok-petrovic\/\"]}]},{\"@type\":\"ImageObject\",\"inLanguage\":\"sl-SI\",\"@id\":\"https:\/\/www.travel-slovenia.si\/slo\/rok-petrovic\/#primaryimage\",\"url\":\"https:\/\/www.travel-slovenia.si\/slo\/wp-content\/uploads\/2018\/02\/travel-slovenia-rok-petrovic.jpg\",\"contentUrl\":\"https:\/\/www.travel-slovenia.si\/slo\/wp-content\/uploads\/2018\/02\/travel-slovenia-rok-petrovic.jpg\",\"width\":406,\"height\":480,\"caption\":\"Rok Petrovi\u010d\"},{\"@type\":\"BreadcrumbList\",\"@id\":\"https:\/\/www.travel-slovenia.si\/slo\/rok-petrovic\/#breadcrumb\",\"itemListElement\":[{\"@type\":\"ListItem\",\"position\":1,\"name\":\"Home\",\"item\":\"https:\/\/www.travel-slovenia.si\/slo\/\"},{\"@type\":\"ListItem\",\"position\":2,\"name\":\"Rok Petrovi\u010d\"}]},{\"@type\":\"WebSite\",\"@id\":\"https:\/\/www.travel-slovenia.si\/slo\/#website\",\"url\":\"https:\/\/www.travel-slovenia.si\/slo\/\",\"name\":\"Travel Slovenia - Sledite lepotam na\u0161e male dr\u017eavice\",\"description\":\"\",\"potentialAction\":[{\"@type\":\"SearchAction\",\"target\":{\"@type\":\"EntryPoint\",\"urlTemplate\":\"https:\/\/www.travel-slovenia.si\/slo\/?s={search_term_string}\"},\"query-input\":{\"@type\":\"PropertyValueSpecification\",\"valueRequired\":true,\"valueName\":\"search_term_string\"}}],\"inLanguage\":\"sl-SI\"}]}<\/script>\n<!-- \/ Yoast SEO plugin. -->","yoast_head_json":{"title":"Rok Petrovi\u010d : Travel-Slovenia","description":"Rok Petrovi\u010d je slovenski alpski smu\u010dar, ki se je rodil 5. februarja 1966 v Ljubljani. Umrl je 16. septembra 1993 v Veli Luki na Hrva\u0161kem. V letu 1977 je Rok postal prvi Slovenec, ki je zmagal na najve\u010djem otro\u0161kem tekmovanju za pokal Topolino. Zmagovalec je bil kar petkrat.","robots":{"index":"index","follow":"follow","max-snippet":"max-snippet:-1","max-image-preview":"max-image-preview:large","max-video-preview":"max-video-preview:-1"},"canonical":"https:\/\/www.travel-slovenia.si\/slo\/rok-petrovic\/","og_locale":"sl_SI","og_type":"article","og_title":"Rok Petrovi\u010d : Travel-Slovenia","og_description":"Rok Petrovi\u010d je slovenski alpski smu\u010dar, ki se je rodil 5. februarja 1966 v Ljubljani. Umrl je 16. septembra 1993 v Veli Luki na Hrva\u0161kem. V letu 1977 je Rok postal prvi Slovenec, ki je zmagal na najve\u010djem otro\u0161kem tekmovanju za pokal Topolino. Zmagovalec je bil kar petkrat.","og_url":"https:\/\/www.travel-slovenia.si\/slo\/rok-petrovic\/","og_site_name":"Travel Slovenia - Sledite lepotam na\u0161e male dr\u017eavice","og_image":[{"width":406,"height":480,"url":"https:\/\/www.travel-slovenia.si\/slo\/wp-content\/uploads\/2018\/02\/travel-slovenia-rok-petrovic.jpg","type":"image\/jpeg"}],"twitter_card":"summary_large_image","twitter_title":"Rok Petrovi\u010d : Travel-Slovenia","twitter_description":"Rok Petrovi\u010d je slovenski alpski smu\u010dar, ki se je rodil 5. februarja 1966 v Ljubljani. Umrl je 16. septembra 1993 v Veli Luki na Hrva\u0161kem. V letu 1977 je Rok postal prvi Slovenec, ki je zmagal na najve\u010djem otro\u0161kem tekmovanju za pokal Topolino. Zmagovalec je bil kar petkrat.","twitter_image":"https:\/\/www.travel-slovenia.si\/slo\/wp-content\/uploads\/2018\/02\/travel-slovenia-rok-petrovic.jpg","twitter_misc":{"Est. reading time":"1 minuta"},"schema":{"@context":"https:\/\/schema.org","@graph":[{"@type":"WebPage","@id":"https:\/\/www.travel-slovenia.si\/slo\/rok-petrovic\/","url":"https:\/\/www.travel-slovenia.si\/slo\/rok-petrovic\/","name":"Rok Petrovi\u010d : Travel-Slovenia","isPartOf":{"@id":"https:\/\/www.travel-slovenia.si\/slo\/#website"},"primaryImageOfPage":{"@id":"https:\/\/www.travel-slovenia.si\/slo\/rok-petrovic\/#primaryimage"},"image":{"@id":"https:\/\/www.travel-slovenia.si\/slo\/rok-petrovic\/#primaryimage"},"thumbnailUrl":"https:\/\/www.travel-slovenia.si\/slo\/wp-content\/uploads\/2018\/02\/travel-slovenia-rok-petrovic.jpg","datePublished":"2018-02-05T09:00:34+00:00","description":"Rok Petrovi\u010d je slovenski alpski smu\u010dar, ki se je rodil 5. februarja 1966 v Ljubljani. Umrl je 16. septembra 1993 v Veli Luki na Hrva\u0161kem. V letu 1977 je Rok postal prvi Slovenec, ki je zmagal na najve\u010djem otro\u0161kem tekmovanju za pokal Topolino. Zmagovalec je bil kar petkrat.","breadcrumb":{"@id":"https:\/\/www.travel-slovenia.si\/slo\/rok-petrovic\/#breadcrumb"},"inLanguage":"sl-SI","potentialAction":[{"@type":"ReadAction","target":["https:\/\/www.travel-slovenia.si\/slo\/rok-petrovic\/"]}]},{"@type":"ImageObject","inLanguage":"sl-SI","@id":"https:\/\/www.travel-slovenia.si\/slo\/rok-petrovic\/#primaryimage","url":"https:\/\/www.travel-slovenia.si\/slo\/wp-content\/uploads\/2018\/02\/travel-slovenia-rok-petrovic.jpg","contentUrl":"https:\/\/www.travel-slovenia.si\/slo\/wp-content\/uploads\/2018\/02\/travel-slovenia-rok-petrovic.jpg","width":406,"height":480,"caption":"Rok Petrovi\u010d"},{"@type":"BreadcrumbList","@id":"https:\/\/www.travel-slovenia.si\/slo\/rok-petrovic\/#breadcrumb","itemListElement":[{"@type":"ListItem","position":1,"name":"Home","item":"https:\/\/www.travel-slovenia.si\/slo\/"},{"@type":"ListItem","position":2,"name":"Rok Petrovi\u010d"}]},{"@type":"WebSite","@id":"https:\/\/www.travel-slovenia.si\/slo\/#website","url":"https:\/\/www.travel-slovenia.si\/slo\/","name":"Travel Slovenia - Sledite lepotam na\u0161e male dr\u017eavice","description":"","potentialAction":[{"@type":"SearchAction","target":{"@type":"EntryPoint","urlTemplate":"https:\/\/www.travel-slovenia.si\/slo\/?s={search_term_string}"},"query-input":{"@type":"PropertyValueSpecification","valueRequired":true,"valueName":"search_term_string"}}],"inLanguage":"sl-SI"}]}},"post_mailing_queue_ids":[],"_links":{"self":[{"href":"https:\/\/www.travel-slovenia.si\/slo\/wp-json\/wp\/v2\/pages\/7157","targetHints":{"allow":["GET"]}}],"collection":[{"href":"https:\/\/www.travel-slovenia.si\/slo\/wp-json\/wp\/v2\/pages"}],"about":[{"href":"https:\/\/www.travel-slovenia.si\/slo\/wp-json\/wp\/v2\/types\/page"}],"author":[{"embeddable":true,"href":"https:\/\/www.travel-slovenia.si\/slo\/wp-json\/wp\/v2\/users\/111"}],"replies":[{"embeddable":true,"href":"https:\/\/www.travel-slovenia.si\/slo\/wp-json\/wp\/v2\/comments?post=7157"}],"version-history":[{"count":1,"href":"https:\/\/www.travel-slovenia.si\/slo\/wp-json\/wp\/v2\/pages\/7157\/revisions"}],"predecessor-version":[{"id":7161,"href":"https:\/\/www.travel-slovenia.si\/slo\/wp-json\/wp\/v2\/pages\/7157\/revisions\/7161"}],"wp:attachment":[{"href":"https:\/\/www.travel-slovenia.si\/slo\/wp-json\/wp\/v2\/media?parent=7157"}],"curies":[{"name":"wp","href":"https:\/\/api.w.org\/{rel}","templated":true}]}}