{"id":7107,"date":"2018-01-25T22:21:09","date_gmt":"2018-01-25T21:21:09","guid":{"rendered":"https:\/\/www.travel-slovenia.si\/slo\/?page_id=7107"},"modified":"2018-01-25T22:21:28","modified_gmt":"2018-01-25T21:21:28","slug":"matija-vertovec","status":"publish","type":"page","link":"https:\/\/www.travel-slovenia.si\/slo\/matija-vertovec\/","title":{"rendered":"Matija Vertovec"},"content":{"rendered":"<figure id=\"attachment_7108\" class=\"wp-caption alignleft\" style=\"max-width: 300px\"><img loading=\"lazy\" decoding=\"async\" class=\"size-full wp-image-7108\" src=\"https:\/\/www.travel-slovenia.si\/slo\/wp-content\/uploads\/2018\/01\/travel-slovenia-matija-vertovec.jpg\" alt=\"\" width=\"300\" height=\"481\" srcset=\"https:\/\/www.travel-slovenia.si\/slo\/wp-content\/uploads\/2018\/01\/travel-slovenia-matija-vertovec.jpg 300w, https:\/\/www.travel-slovenia.si\/slo\/wp-content\/uploads\/2018\/01\/travel-slovenia-matija-vertovec-187x300.jpg 187w, https:\/\/www.travel-slovenia.si\/slo\/wp-content\/uploads\/2018\/01\/travel-slovenia-matija-vertovec-15x24.jpg 15w, https:\/\/www.travel-slovenia.si\/slo\/wp-content\/uploads\/2018\/01\/travel-slovenia-matija-vertovec-22x36.jpg 22w, https:\/\/www.travel-slovenia.si\/slo\/wp-content\/uploads\/2018\/01\/travel-slovenia-matija-vertovec-30x48.jpg 30w\" sizes=\"auto, (max-width: 300px) 100vw, 300px\" \/><figcaption class=\"wp-caption-text\">Matija Vertovec<\/figcaption><\/figure>\n<p style=\"text-align: justify;\">Matija Vertovec je bil slovenski strokovni pisec in vinogradnik, ki se je rodil 28. januarja 1784 v Jakulinih, \u0160marje na Vipavskem. Umrl je 2. septembra 1851 v Podnanosu.<\/p>\n<p style=\"text-align: justify;\">V vipavski farni \u0161oli in pri doma\u010dem duhovniku je pridobil osnovno izobrazbo, zatem se odpravi na gimnazijo v Gorico ter licej v Gradcu. V Ljubljani zaklju\u010di prvi letnik bogoslu\u017eja, \u0161tudij nadaljuje v Gorici. Duhovnikov pomo\u010dnik v Vipavi postane 21. decembra 1807, kot kaplan pa slu\u017ebuje na Planini pri Ajdov\u0161\u010dini med leti 1807 in 1813 (junij-marec). Za premestitev v \u0160t. Vid pri Vipavi je zaprosil na prigovarjanje vipavskega dekana, tu je slu\u017eboval kot vikar. V krajih kjer je slu\u017eboval je krajanom priskrbel izobrazbo, zdravstveno nego in gospodarski napredek. Na Planini je s pomo\u010djo strokovne literature prebivalce u\u010dil kmetijstva in vinarstva, kot tudi o epidemiji koz. \u0160tevilne star\u0161e je prepri\u010dal, da svoje otroke cepijo ter tako prepre\u010dil marsikatero smrt. Na ta na\u010din je postavil temelje \u0161ole. Leta 1851 se je zaradi bolezni upokojil. V tem \u010dasu se je preselil v Podnanos, k svojemu ne\u010daku Filipu Vertovcu, kjer tudi umre. Vse premo\u017eenje, ki ga je tekom \u017eivljenja pridobil, je zapustil rojstnemu kraju, krajem slu\u017ebovanja in dobrodelnim zavodom.<\/p>\n<p style=\"text-align: justify;\">Imel je znanje ve\u010d jezikov, poleg sloven\u0161\u010dine in hrva\u0161\u010dine, \u0161e latin\u0161\u010dino, gr\u0161\u010dino, nem\u0161\u010dino, italijan\u0161\u010dino in franco\u0161\u010dino. Ravno zato je prebiral takratno najpomembnej\u0161o strokovno literaturo ter dosegel uspehe na podro\u010dju geografije, zgodovine, kmetijstva (predvsem vinogradni\u0161tva in kletarstva), kemije, fizike in astronomije. Znanje je izpopolnjeval s potovanji po Italiji, Nem\u010diji, Franciji in Mad\u017earski. Bil je aktiven \u010dlan Kranjske, \u0160tajerske in Gori\u0161ke kmetijske dru\u017ebe, udele\u017eeval se je vse-avstrijskih zborovanj v Helibronnu, Gradcu in Salzburgu. Njegova dela so napisana v sloven\u0161\u010dini, z izjemo nekaj nem\u0161kih objavljenih v Illyrisches Blattu. Dela je objavljal v strokovnih \u010dlankih ali samostojnih knjigah. Dela s podro\u010dja zgodovine so pomembna predvsem za vipavsko krajevno zgodovino. Ob\u010da povestnica ali Zgodovine celega sveta velja za prvi poskus slovenske ob\u010de zgodovine. Napisal pa jo je zaradi dogovora z Bleiweisom. Iz nje je objavil odlomek Kri\u017earske vojske, Zgodovinska pisma in Stari Slavjani. Rokopis je po njegovi smrti dopolnil Miha Verne, ki je iz\u0161el leta 1865, kot avtorja pa sta napisana oba. Zato sodi med najvidnej\u0161e slovenske strokovne pisce 19. stoletja.<\/p>\n<p style=\"text-align: justify;\">Kot zanimivost pa lahko dodamo, da je svoj prvi spis Vinske trte hvala objavil v Kmetijskih in rokodelskih novicah. Spis je navdih za Stani\u010devo pesem Hvala vinske trte ter deloma za Pre\u0161ernovo Zdravljico. Cepljenje 90 otrok proti \u010drnim kozam na Planini nad Ajdov\u0161\u010dino je v letu 1810 opisal v Vinoreji za Slovence. Prva v sloven\u0161\u010dini napisana hvalnica goram je njegov govor pri svetem Hieronimu na Nanosu. Spominsko plo\u0161\u010do so na rojstni hi\u0161i so postavili ob njegovi 100-letnici rojstva.<\/p>\n<p>&nbsp;<\/p>\n<table>\n<tbody>\n<tr>\n<td style=\"text-align: center;\"><a href=\"https:\/\/www.travel-slovenia.si\/slo\/zgodovinske-osebnosti\/\"><img loading=\"lazy\" decoding=\"async\" class=\"alignleft wp-image-4499 size-full\" src=\"https:\/\/www.travel-slovenia.si\/slo\/wp-content\/uploads\/2014\/09\/travel-slovenia-povezava-na-drugo.jpg\" alt=\"travel-slovenia-povezava-na-drugo\" width=\"128\" height=\"22\" srcset=\"https:\/\/www.travel-slovenia.si\/slo\/wp-content\/uploads\/2014\/09\/travel-slovenia-povezava-na-drugo.jpg 128w, https:\/\/www.travel-slovenia.si\/slo\/wp-content\/uploads\/2014\/09\/travel-slovenia-povezava-na-drugo-24x4.jpg 24w, https:\/\/www.travel-slovenia.si\/slo\/wp-content\/uploads\/2014\/09\/travel-slovenia-povezava-na-drugo-36x6.jpg 36w, https:\/\/www.travel-slovenia.si\/slo\/wp-content\/uploads\/2014\/09\/travel-slovenia-povezava-na-drugo-48x8.jpg 48w\" sizes=\"auto, (max-width: 128px) 100vw, 128px\" \/><\/a><a href=\"https:\/\/www.travel-slovenia.si\/slo\/zgodovinske-osebnosti\/\">Poglejte \u0161e druge zgodovinske osebnosti!<\/a><a href=\"https:\/\/www.travel-slovenia.si\/slo\/zgodovinske-osebnosti\/\"><img loading=\"lazy\" decoding=\"async\" class=\"alignright wp-image-4500 size-full\" src=\"https:\/\/www.travel-slovenia.si\/slo\/wp-content\/uploads\/2014\/09\/travel-slovenia-povezava-na-drugo2.jpg\" alt=\"travel-slovenia-povezava-na-drugo2\" width=\"128\" height=\"22\" srcset=\"https:\/\/www.travel-slovenia.si\/slo\/wp-content\/uploads\/2014\/09\/travel-slovenia-povezava-na-drugo2.jpg 128w, https:\/\/www.travel-slovenia.si\/slo\/wp-content\/uploads\/2014\/09\/travel-slovenia-povezava-na-drugo2-24x4.jpg 24w, https:\/\/www.travel-slovenia.si\/slo\/wp-content\/uploads\/2014\/09\/travel-slovenia-povezava-na-drugo2-36x6.jpg 36w, https:\/\/www.travel-slovenia.si\/slo\/wp-content\/uploads\/2014\/09\/travel-slovenia-povezava-na-drugo2-48x8.jpg 48w\" sizes=\"auto, (max-width: 128px) 100vw, 128px\" \/><\/a><\/td>\n<\/tr>\n<\/tbody>\n<\/table>\n","protected":false},"excerpt":{"rendered":"<p>Matija Vertovec je bil slovenski strokovni pisec in vinogradnik, ki se je rodil 28. januarja 1784 v Jakulinih, \u0160marje na Vipavskem. Umrl je 2. septembra 1851 v Podnanosu. V vipavski farni \u0161oli in pri doma\u010dem duhovniku je pridobil osnovno izobrazbo, zatem se odpravi na gimnazijo v Gorico ter licej v Gradcu. V Ljubljani zaklju\u010di prvi [&hellip;]<\/p>\n","protected":false},"author":111,"featured_media":0,"parent":0,"menu_order":0,"comment_status":"closed","ping_status":"closed","template":"","meta":{"footnotes":""},"class_list":["post-7107","page","type-page","status-publish","hentry"],"yoast_head":"<!-- This site is optimized with the Yoast SEO plugin v25.4 - https:\/\/yoast.com\/wordpress\/plugins\/seo\/ -->\n<title>Matija Vertovec : Travel-Slovenia<\/title>\n<meta name=\"description\" content=\"Matija Vertovec je bil slovenski strokovni pisec in vinogradnik, ki se je rodil 28. januarja 1784 v Jakulinih, \u0160marje na Vipavskem. Umrl je 2. septembra 1851 v Podnanosu. Sodi med najvidnej\u0161e slovenske strokovne pisce 19. stoletja.\" \/>\n<meta name=\"robots\" content=\"index, follow, max-snippet:-1, max-image-preview:large, max-video-preview:-1\" \/>\n<link rel=\"canonical\" href=\"https:\/\/www.travel-slovenia.si\/slo\/matija-vertovec\/\" \/>\n<meta property=\"og:locale\" content=\"sl_SI\" \/>\n<meta property=\"og:type\" content=\"article\" \/>\n<meta property=\"og:title\" content=\"Matija Vertovec : Travel-Slovenia\" \/>\n<meta property=\"og:description\" content=\"Matija Vertovec je bil slovenski strokovni pisec in vinogradnik, ki se je rodil 28. januarja 1784 v Jakulinih, \u0160marje na Vipavskem. Umrl je 2. septembra 1851 v Podnanosu. Sodi med najvidnej\u0161e slovenske strokovne pisce 19. stoletja.\" \/>\n<meta property=\"og:url\" content=\"https:\/\/www.travel-slovenia.si\/slo\/matija-vertovec\/\" \/>\n<meta property=\"og:site_name\" content=\"Travel Slovenia - Sledite lepotam na\u0161e male dr\u017eavice\" \/>\n<meta property=\"article:modified_time\" content=\"2018-01-25T21:21:28+00:00\" \/>\n<meta property=\"og:image\" content=\"https:\/\/www.travel-slovenia.si\/slo\/wp-content\/uploads\/2018\/01\/travel-slovenia-matija-vertovec.jpg\" \/>\n\t<meta property=\"og:image:width\" content=\"300\" \/>\n\t<meta property=\"og:image:height\" content=\"481\" \/>\n\t<meta property=\"og:image:type\" content=\"image\/jpeg\" \/>\n<meta name=\"twitter:card\" content=\"summary_large_image\" \/>\n<meta name=\"twitter:title\" content=\"Matija Vertovec : Travel-Slovenia\" \/>\n<meta name=\"twitter:description\" content=\"Matija Vertovec je bil slovenski strokovni pisec in vinogradnik, ki se je rodil 28. januarja 1784 v Jakulinih, \u0160marje na Vipavskem. Umrl je 2. septembra 1851 v Podnanosu. Sodi med najvidnej\u0161e slovenske strokovne pisce 19. stoletja.\" \/>\n<meta name=\"twitter:image\" content=\"https:\/\/www.travel-slovenia.si\/slo\/wp-content\/uploads\/2018\/01\/travel-slovenia-matija-vertovec.jpg\" \/>\n<meta name=\"twitter:label1\" content=\"Est. reading time\" \/>\n\t<meta name=\"twitter:data1\" content=\"2 minuti\" \/>\n<script type=\"application\/ld+json\" class=\"yoast-schema-graph\">{\"@context\":\"https:\/\/schema.org\",\"@graph\":[{\"@type\":\"WebPage\",\"@id\":\"https:\/\/www.travel-slovenia.si\/slo\/matija-vertovec\/\",\"url\":\"https:\/\/www.travel-slovenia.si\/slo\/matija-vertovec\/\",\"name\":\"Matija Vertovec : Travel-Slovenia\",\"isPartOf\":{\"@id\":\"https:\/\/www.travel-slovenia.si\/slo\/#website\"},\"primaryImageOfPage\":{\"@id\":\"https:\/\/www.travel-slovenia.si\/slo\/matija-vertovec\/#primaryimage\"},\"image\":{\"@id\":\"https:\/\/www.travel-slovenia.si\/slo\/matija-vertovec\/#primaryimage\"},\"thumbnailUrl\":\"https:\/\/www.travel-slovenia.si\/slo\/wp-content\/uploads\/2018\/01\/travel-slovenia-matija-vertovec.jpg\",\"datePublished\":\"2018-01-25T21:21:09+00:00\",\"dateModified\":\"2018-01-25T21:21:28+00:00\",\"description\":\"Matija Vertovec je bil slovenski strokovni pisec in vinogradnik, ki se je rodil 28. januarja 1784 v Jakulinih, \u0160marje na Vipavskem. Umrl je 2. septembra 1851 v Podnanosu. Sodi med najvidnej\u0161e slovenske strokovne pisce 19. stoletja.\",\"breadcrumb\":{\"@id\":\"https:\/\/www.travel-slovenia.si\/slo\/matija-vertovec\/#breadcrumb\"},\"inLanguage\":\"sl-SI\",\"potentialAction\":[{\"@type\":\"ReadAction\",\"target\":[\"https:\/\/www.travel-slovenia.si\/slo\/matija-vertovec\/\"]}]},{\"@type\":\"ImageObject\",\"inLanguage\":\"sl-SI\",\"@id\":\"https:\/\/www.travel-slovenia.si\/slo\/matija-vertovec\/#primaryimage\",\"url\":\"https:\/\/www.travel-slovenia.si\/slo\/wp-content\/uploads\/2018\/01\/travel-slovenia-matija-vertovec.jpg\",\"contentUrl\":\"https:\/\/www.travel-slovenia.si\/slo\/wp-content\/uploads\/2018\/01\/travel-slovenia-matija-vertovec.jpg\",\"width\":300,\"height\":481,\"caption\":\"Matija Vertovec\"},{\"@type\":\"BreadcrumbList\",\"@id\":\"https:\/\/www.travel-slovenia.si\/slo\/matija-vertovec\/#breadcrumb\",\"itemListElement\":[{\"@type\":\"ListItem\",\"position\":1,\"name\":\"Home\",\"item\":\"https:\/\/www.travel-slovenia.si\/slo\/\"},{\"@type\":\"ListItem\",\"position\":2,\"name\":\"Matija Vertovec\"}]},{\"@type\":\"WebSite\",\"@id\":\"https:\/\/www.travel-slovenia.si\/slo\/#website\",\"url\":\"https:\/\/www.travel-slovenia.si\/slo\/\",\"name\":\"Travel Slovenia - Sledite lepotam na\u0161e male dr\u017eavice\",\"description\":\"\",\"potentialAction\":[{\"@type\":\"SearchAction\",\"target\":{\"@type\":\"EntryPoint\",\"urlTemplate\":\"https:\/\/www.travel-slovenia.si\/slo\/?s={search_term_string}\"},\"query-input\":{\"@type\":\"PropertyValueSpecification\",\"valueRequired\":true,\"valueName\":\"search_term_string\"}}],\"inLanguage\":\"sl-SI\"}]}<\/script>\n<!-- \/ Yoast SEO plugin. -->","yoast_head_json":{"title":"Matija Vertovec : Travel-Slovenia","description":"Matija Vertovec je bil slovenski strokovni pisec in vinogradnik, ki se je rodil 28. januarja 1784 v Jakulinih, \u0160marje na Vipavskem. Umrl je 2. septembra 1851 v Podnanosu. Sodi med najvidnej\u0161e slovenske strokovne pisce 19. stoletja.","robots":{"index":"index","follow":"follow","max-snippet":"max-snippet:-1","max-image-preview":"max-image-preview:large","max-video-preview":"max-video-preview:-1"},"canonical":"https:\/\/www.travel-slovenia.si\/slo\/matija-vertovec\/","og_locale":"sl_SI","og_type":"article","og_title":"Matija Vertovec : Travel-Slovenia","og_description":"Matija Vertovec je bil slovenski strokovni pisec in vinogradnik, ki se je rodil 28. januarja 1784 v Jakulinih, \u0160marje na Vipavskem. Umrl je 2. septembra 1851 v Podnanosu. Sodi med najvidnej\u0161e slovenske strokovne pisce 19. stoletja.","og_url":"https:\/\/www.travel-slovenia.si\/slo\/matija-vertovec\/","og_site_name":"Travel Slovenia - Sledite lepotam na\u0161e male dr\u017eavice","article_modified_time":"2018-01-25T21:21:28+00:00","og_image":[{"width":300,"height":481,"url":"https:\/\/www.travel-slovenia.si\/slo\/wp-content\/uploads\/2018\/01\/travel-slovenia-matija-vertovec.jpg","type":"image\/jpeg"}],"twitter_card":"summary_large_image","twitter_title":"Matija Vertovec : Travel-Slovenia","twitter_description":"Matija Vertovec je bil slovenski strokovni pisec in vinogradnik, ki se je rodil 28. januarja 1784 v Jakulinih, \u0160marje na Vipavskem. Umrl je 2. septembra 1851 v Podnanosu. Sodi med najvidnej\u0161e slovenske strokovne pisce 19. stoletja.","twitter_image":"https:\/\/www.travel-slovenia.si\/slo\/wp-content\/uploads\/2018\/01\/travel-slovenia-matija-vertovec.jpg","twitter_misc":{"Est. reading time":"2 minuti"},"schema":{"@context":"https:\/\/schema.org","@graph":[{"@type":"WebPage","@id":"https:\/\/www.travel-slovenia.si\/slo\/matija-vertovec\/","url":"https:\/\/www.travel-slovenia.si\/slo\/matija-vertovec\/","name":"Matija Vertovec : Travel-Slovenia","isPartOf":{"@id":"https:\/\/www.travel-slovenia.si\/slo\/#website"},"primaryImageOfPage":{"@id":"https:\/\/www.travel-slovenia.si\/slo\/matija-vertovec\/#primaryimage"},"image":{"@id":"https:\/\/www.travel-slovenia.si\/slo\/matija-vertovec\/#primaryimage"},"thumbnailUrl":"https:\/\/www.travel-slovenia.si\/slo\/wp-content\/uploads\/2018\/01\/travel-slovenia-matija-vertovec.jpg","datePublished":"2018-01-25T21:21:09+00:00","dateModified":"2018-01-25T21:21:28+00:00","description":"Matija Vertovec je bil slovenski strokovni pisec in vinogradnik, ki se je rodil 28. januarja 1784 v Jakulinih, \u0160marje na Vipavskem. Umrl je 2. septembra 1851 v Podnanosu. Sodi med najvidnej\u0161e slovenske strokovne pisce 19. stoletja.","breadcrumb":{"@id":"https:\/\/www.travel-slovenia.si\/slo\/matija-vertovec\/#breadcrumb"},"inLanguage":"sl-SI","potentialAction":[{"@type":"ReadAction","target":["https:\/\/www.travel-slovenia.si\/slo\/matija-vertovec\/"]}]},{"@type":"ImageObject","inLanguage":"sl-SI","@id":"https:\/\/www.travel-slovenia.si\/slo\/matija-vertovec\/#primaryimage","url":"https:\/\/www.travel-slovenia.si\/slo\/wp-content\/uploads\/2018\/01\/travel-slovenia-matija-vertovec.jpg","contentUrl":"https:\/\/www.travel-slovenia.si\/slo\/wp-content\/uploads\/2018\/01\/travel-slovenia-matija-vertovec.jpg","width":300,"height":481,"caption":"Matija Vertovec"},{"@type":"BreadcrumbList","@id":"https:\/\/www.travel-slovenia.si\/slo\/matija-vertovec\/#breadcrumb","itemListElement":[{"@type":"ListItem","position":1,"name":"Home","item":"https:\/\/www.travel-slovenia.si\/slo\/"},{"@type":"ListItem","position":2,"name":"Matija Vertovec"}]},{"@type":"WebSite","@id":"https:\/\/www.travel-slovenia.si\/slo\/#website","url":"https:\/\/www.travel-slovenia.si\/slo\/","name":"Travel Slovenia - Sledite lepotam na\u0161e male dr\u017eavice","description":"","potentialAction":[{"@type":"SearchAction","target":{"@type":"EntryPoint","urlTemplate":"https:\/\/www.travel-slovenia.si\/slo\/?s={search_term_string}"},"query-input":{"@type":"PropertyValueSpecification","valueRequired":true,"valueName":"search_term_string"}}],"inLanguage":"sl-SI"}]}},"post_mailing_queue_ids":[],"_links":{"self":[{"href":"https:\/\/www.travel-slovenia.si\/slo\/wp-json\/wp\/v2\/pages\/7107","targetHints":{"allow":["GET"]}}],"collection":[{"href":"https:\/\/www.travel-slovenia.si\/slo\/wp-json\/wp\/v2\/pages"}],"about":[{"href":"https:\/\/www.travel-slovenia.si\/slo\/wp-json\/wp\/v2\/types\/page"}],"author":[{"embeddable":true,"href":"https:\/\/www.travel-slovenia.si\/slo\/wp-json\/wp\/v2\/users\/111"}],"replies":[{"embeddable":true,"href":"https:\/\/www.travel-slovenia.si\/slo\/wp-json\/wp\/v2\/comments?post=7107"}],"version-history":[{"count":2,"href":"https:\/\/www.travel-slovenia.si\/slo\/wp-json\/wp\/v2\/pages\/7107\/revisions"}],"predecessor-version":[{"id":7112,"href":"https:\/\/www.travel-slovenia.si\/slo\/wp-json\/wp\/v2\/pages\/7107\/revisions\/7112"}],"wp:attachment":[{"href":"https:\/\/www.travel-slovenia.si\/slo\/wp-json\/wp\/v2\/media?parent=7107"}],"curies":[{"name":"wp","href":"https:\/\/api.w.org\/{rel}","templated":true}]}}