{"id":7070,"date":"2017-10-18T09:42:53","date_gmt":"2017-10-18T07:42:53","guid":{"rendered":"https:\/\/www.travel-slovenia.si\/slo\/?page_id=7070"},"modified":"2017-10-18T09:42:53","modified_gmt":"2017-10-18T07:42:53","slug":"3-soska-fronta","status":"publish","type":"page","link":"https:\/\/www.travel-slovenia.si\/slo\/3-soska-fronta\/","title":{"rendered":"3. so\u0161ka fronta"},"content":{"rendered":"<figure id=\"attachment_7071\" class=\"wp-caption alignleft\" style=\"max-width: 300px\"><img loading=\"lazy\" decoding=\"async\" class=\"size-medium wp-image-7071\" src=\"https:\/\/www.travel-slovenia.si\/slo\/wp-content\/uploads\/2017\/10\/travel-slovenia-3-soca-front-300x241.jpg\" alt=\"\" width=\"300\" height=\"241\" srcset=\"https:\/\/www.travel-slovenia.si\/slo\/wp-content\/uploads\/2017\/10\/travel-slovenia-3-soca-front-300x241.jpg 300w, https:\/\/www.travel-slovenia.si\/slo\/wp-content\/uploads\/2017\/10\/travel-slovenia-3-soca-front-24x19.jpg 24w, https:\/\/www.travel-slovenia.si\/slo\/wp-content\/uploads\/2017\/10\/travel-slovenia-3-soca-front-36x29.jpg 36w, https:\/\/www.travel-slovenia.si\/slo\/wp-content\/uploads\/2017\/10\/travel-slovenia-3-soca-front-48x39.jpg 48w, https:\/\/www.travel-slovenia.si\/slo\/wp-content\/uploads\/2017\/10\/travel-slovenia-3-soca-front.jpg 400w\" sizes=\"auto, (max-width: 300px) 100vw, 300px\" \/><figcaption class=\"wp-caption-text\">Vojaka pri mitraljezu<\/figcaption><\/figure>\n<p style=\"text-align: justify;\">3. so\u0161ka fronta se je pri\u010dela 18. oktobra 1915 kot za zdru\u017eena ofenziva centralnih sil za pomo\u010d zaveznici Srbiji, ki se je zna\u0161la pred porazom. Ravno zaradi tega so zahodni zavezniki, Britanci in Francozi, pri\u010deli pritiskati na Italijo, da proti Avstro-Ogrski spro\u017ei ofenzivo, s \u010dimer bi razbremenila balkansko boji\u0161\u010de. Gre za frontalni napad med Jadranskim morjem in Rombonom. Kljub temu, da je italijanska vojska prevladovala, je Cadorna ofenzivo prelo\u017eil kolikor se je dalo, saj je vedel, da niso sposobni speljati u\u010dinkovite ofenzive. A na koncu ni imel druge mo\u017enosti. Cilj je bila Gorica, saj je mesto predstavljalo odli\u010dno propagando za italijansko stran. Na\u010drt je bil ofenzivo speljati v dveh fazah, kjer bi v prvi zavzeli Plave in Doberdobsko planoto, obenem pa zlomili klju\u010dna stebra obrambe ju\u017enega dela so\u0161ke fronte. V drugi fazi pa bi sledil direktni napad proti Gorici.<\/p>\n<figure id=\"attachment_7072\" class=\"wp-caption alignright\" style=\"max-width: 300px\"><img loading=\"lazy\" decoding=\"async\" class=\"size-medium wp-image-7072\" src=\"https:\/\/www.travel-slovenia.si\/slo\/wp-content\/uploads\/2017\/10\/travel-slovenia-3-soca-front1-300x170.jpg\" alt=\"\" width=\"300\" height=\"170\" srcset=\"https:\/\/www.travel-slovenia.si\/slo\/wp-content\/uploads\/2017\/10\/travel-slovenia-3-soca-front1-300x170.jpg 300w, https:\/\/www.travel-slovenia.si\/slo\/wp-content\/uploads\/2017\/10\/travel-slovenia-3-soca-front1-320x180.jpg 320w, https:\/\/www.travel-slovenia.si\/slo\/wp-content\/uploads\/2017\/10\/travel-slovenia-3-soca-front1-24x14.jpg 24w, https:\/\/www.travel-slovenia.si\/slo\/wp-content\/uploads\/2017\/10\/travel-slovenia-3-soca-front1-36x20.jpg 36w, https:\/\/www.travel-slovenia.si\/slo\/wp-content\/uploads\/2017\/10\/travel-slovenia-3-soca-front1-48x27.jpg 48w, https:\/\/www.travel-slovenia.si\/slo\/wp-content\/uploads\/2017\/10\/travel-slovenia-3-soca-front1.jpg 400w\" sizes=\"auto, (max-width: 300px) 100vw, 300px\" \/><figcaption class=\"wp-caption-text\">Napad iz jarkov<\/figcaption><\/figure>\n<p style=\"text-align: justify;\">18. oktobra so ofenzivo pri\u010deli s tri-dnevnim topni\u0161kim obstreljevanjem med Krnom in Jadranskim morjem. Italijani tu prvi\u010d uporabijo letala-bombnike. V prvem napadu je bila italijanska vojska uspe\u0161na, zasesti so uspeli avstrijske jarke na Debeli Gri\u017ei in Mrzlem vrhu. A polo\u017eaja niso obdr\u017eali dolgo, saj je avstrijska vojska pripravila protinapad in jih pregnala na za\u010detne polo\u017eaje. Napadi in proti napadi so se v naslednjih dneh vrstili, kot posledica pa so \u0161tevilne \u017ertve na obeh straneh. Italijani so v tej ofenzivi uspeli zasesti le nekaj avstrijskih jarkov pod Mrzlim vrhom nad Tolminom in na Doberdobski planoti. Napad z mosti\u010da pri Plavah na Banj\u0161ko planoto ni bil uspe\u0161en, tako mosti\u0161\u010de in Gorica ostaneta v rokah branilcev.<\/p>\n<p style=\"text-align: justify;\">Ofenziva se tako kon\u010da 4. novembra 1915, z zelo majhnim napredkom italijanskih enot, kar je bil ponovni neuspeh Italijanov. V Zgornjem Poso\u010dju, pri Plaveh, na gori\u0161kem mosti\u010du in Krasu sta obe strani zabele\u017eili hude izgube. Napadalci so izgubili 67.998 vojakov, branilci pa 41.847.<\/p>\n<p>&nbsp;<\/p>\n<table>\n<tbody>\n<tr>\n<td style=\"text-align: center;\"><a href=\"https:\/\/www.travel-slovenia.si\/slo\/na-danasnji-dan\/\"><img loading=\"lazy\" decoding=\"async\" class=\"alignleft wp-image-4499 size-full\" src=\"https:\/\/www.travel-slovenia.si\/slo\/wp-content\/uploads\/2014\/09\/travel-slovenia-povezava-na-drugo.jpg\" alt=\"travel-slovenia-povezava-na-drugo\" width=\"128\" height=\"22\" srcset=\"https:\/\/www.travel-slovenia.si\/slo\/wp-content\/uploads\/2014\/09\/travel-slovenia-povezava-na-drugo.jpg 128w, https:\/\/www.travel-slovenia.si\/slo\/wp-content\/uploads\/2014\/09\/travel-slovenia-povezava-na-drugo-24x4.jpg 24w, https:\/\/www.travel-slovenia.si\/slo\/wp-content\/uploads\/2014\/09\/travel-slovenia-povezava-na-drugo-36x6.jpg 36w, https:\/\/www.travel-slovenia.si\/slo\/wp-content\/uploads\/2014\/09\/travel-slovenia-povezava-na-drugo-48x8.jpg 48w\" sizes=\"auto, (max-width: 128px) 100vw, 128px\" \/><\/a><a href=\"https:\/\/www.travel-slovenia.si\/slo\/na-danasnji-dan\/\">Poglejte \u0161e druge pomembne dogodke!<\/a><a href=\"https:\/\/www.travel-slovenia.si\/slo\/na-danasnji-dan\/\"><img loading=\"lazy\" decoding=\"async\" class=\"alignright wp-image-4500 size-full\" src=\"https:\/\/www.travel-slovenia.si\/slo\/wp-content\/uploads\/2014\/09\/travel-slovenia-povezava-na-drugo2.jpg\" alt=\"travel-slovenia-povezava-na-drugo2\" width=\"128\" height=\"22\" srcset=\"https:\/\/www.travel-slovenia.si\/slo\/wp-content\/uploads\/2014\/09\/travel-slovenia-povezava-na-drugo2.jpg 128w, https:\/\/www.travel-slovenia.si\/slo\/wp-content\/uploads\/2014\/09\/travel-slovenia-povezava-na-drugo2-24x4.jpg 24w, https:\/\/www.travel-slovenia.si\/slo\/wp-content\/uploads\/2014\/09\/travel-slovenia-povezava-na-drugo2-36x6.jpg 36w, https:\/\/www.travel-slovenia.si\/slo\/wp-content\/uploads\/2014\/09\/travel-slovenia-povezava-na-drugo2-48x8.jpg 48w\" sizes=\"auto, (max-width: 128px) 100vw, 128px\" \/><\/a><\/td>\n<\/tr>\n<\/tbody>\n<\/table>\n","protected":false},"excerpt":{"rendered":"<p>3. so\u0161ka fronta se je pri\u010dela 18. oktobra 1915 kot za zdru\u017eena ofenziva centralnih sil za pomo\u010d zaveznici Srbiji, ki se je zna\u0161la pred porazom. Ravno zaradi tega so zahodni zavezniki, Britanci in Francozi, pri\u010deli pritiskati na Italijo, da proti Avstro-Ogrski spro\u017ei ofenzivo, s \u010dimer bi razbremenila balkansko boji\u0161\u010de. Gre za frontalni napad med Jadranskim [&hellip;]<\/p>\n","protected":false},"author":111,"featured_media":0,"parent":0,"menu_order":0,"comment_status":"closed","ping_status":"closed","template":"","meta":{"footnotes":""},"class_list":["post-7070","page","type-page","status-publish","hentry"],"yoast_head":"<!-- This site is optimized with the Yoast SEO plugin v25.4 - https:\/\/yoast.com\/wordpress\/plugins\/seo\/ -->\n<title>3. so\u0161ka fronta : Travel-Slovenia<\/title>\n<meta name=\"description\" content=\"3. so\u0161ka fronta se je pri\u010dela 18. oktobra 1915 kot za zdru\u017eena ofenziva centralnih sil za pomo\u010d zaveznici Srbiji, ki se je zna\u0161la pred porazom.\" \/>\n<meta name=\"robots\" content=\"index, follow, max-snippet:-1, max-image-preview:large, max-video-preview:-1\" \/>\n<link rel=\"canonical\" href=\"https:\/\/www.travel-slovenia.si\/slo\/3-soska-fronta\/\" \/>\n<meta property=\"og:locale\" content=\"sl_SI\" \/>\n<meta property=\"og:type\" content=\"article\" \/>\n<meta property=\"og:title\" content=\"3. so\u0161ka fronta : Travel-Slovenia\" \/>\n<meta property=\"og:description\" content=\"3. so\u0161ka fronta se je pri\u010dela 18. oktobra 1915 kot za zdru\u017eena ofenziva centralnih sil za pomo\u010d zaveznici Srbiji, ki se je zna\u0161la pred porazom.\" \/>\n<meta property=\"og:url\" content=\"https:\/\/www.travel-slovenia.si\/slo\/3-soska-fronta\/\" \/>\n<meta property=\"og:site_name\" content=\"Travel Slovenia - Sledite lepotam na\u0161e male dr\u017eavice\" \/>\n<meta property=\"og:image\" content=\"https:\/\/www.travel-slovenia.si\/slo\/wp-content\/uploads\/2017\/10\/travel-slovenia-3-soca-front.jpg\" \/>\n\t<meta property=\"og:image:width\" content=\"400\" \/>\n\t<meta property=\"og:image:height\" content=\"321\" \/>\n\t<meta property=\"og:image:type\" content=\"image\/jpeg\" \/>\n<meta name=\"twitter:card\" content=\"summary_large_image\" \/>\n<meta name=\"twitter:title\" content=\"3. so\u0161ka fronta : Travel-Slovenia\" \/>\n<meta name=\"twitter:description\" content=\"3. so\u0161ka fronta se je pri\u010dela 18. oktobra 1915 kot za zdru\u017eena ofenziva centralnih sil za pomo\u010d zaveznici Srbiji, ki se je zna\u0161la pred porazom.\" \/>\n<meta name=\"twitter:image\" content=\"https:\/\/www.travel-slovenia.si\/slo\/wp-content\/uploads\/2017\/10\/travel-slovenia-3-soca-front.jpg\" \/>\n<meta name=\"twitter:label1\" content=\"Est. reading time\" \/>\n\t<meta name=\"twitter:data1\" content=\"2 minuti\" \/>\n<script type=\"application\/ld+json\" class=\"yoast-schema-graph\">{\"@context\":\"https:\/\/schema.org\",\"@graph\":[{\"@type\":\"WebPage\",\"@id\":\"https:\/\/www.travel-slovenia.si\/slo\/3-soska-fronta\/\",\"url\":\"https:\/\/www.travel-slovenia.si\/slo\/3-soska-fronta\/\",\"name\":\"3. so\u0161ka fronta : Travel-Slovenia\",\"isPartOf\":{\"@id\":\"https:\/\/www.travel-slovenia.si\/slo\/#website\"},\"primaryImageOfPage\":{\"@id\":\"https:\/\/www.travel-slovenia.si\/slo\/3-soska-fronta\/#primaryimage\"},\"image\":{\"@id\":\"https:\/\/www.travel-slovenia.si\/slo\/3-soska-fronta\/#primaryimage\"},\"thumbnailUrl\":\"https:\/\/www.travel-slovenia.si\/slo\/wp-content\/uploads\/2017\/10\/travel-slovenia-3-soca-front-300x241.jpg\",\"datePublished\":\"2017-10-18T07:42:53+00:00\",\"description\":\"3. so\u0161ka fronta se je pri\u010dela 18. oktobra 1915 kot za zdru\u017eena ofenziva centralnih sil za pomo\u010d zaveznici Srbiji, ki se je zna\u0161la pred porazom.\",\"breadcrumb\":{\"@id\":\"https:\/\/www.travel-slovenia.si\/slo\/3-soska-fronta\/#breadcrumb\"},\"inLanguage\":\"sl-SI\",\"potentialAction\":[{\"@type\":\"ReadAction\",\"target\":[\"https:\/\/www.travel-slovenia.si\/slo\/3-soska-fronta\/\"]}]},{\"@type\":\"ImageObject\",\"inLanguage\":\"sl-SI\",\"@id\":\"https:\/\/www.travel-slovenia.si\/slo\/3-soska-fronta\/#primaryimage\",\"url\":\"https:\/\/www.travel-slovenia.si\/slo\/wp-content\/uploads\/2017\/10\/travel-slovenia-3-soca-front.jpg\",\"contentUrl\":\"https:\/\/www.travel-slovenia.si\/slo\/wp-content\/uploads\/2017\/10\/travel-slovenia-3-soca-front.jpg\",\"width\":400,\"height\":321,\"caption\":\"Vojaka pri mitraljezu\"},{\"@type\":\"BreadcrumbList\",\"@id\":\"https:\/\/www.travel-slovenia.si\/slo\/3-soska-fronta\/#breadcrumb\",\"itemListElement\":[{\"@type\":\"ListItem\",\"position\":1,\"name\":\"Home\",\"item\":\"https:\/\/www.travel-slovenia.si\/slo\/\"},{\"@type\":\"ListItem\",\"position\":2,\"name\":\"3. so\u0161ka fronta\"}]},{\"@type\":\"WebSite\",\"@id\":\"https:\/\/www.travel-slovenia.si\/slo\/#website\",\"url\":\"https:\/\/www.travel-slovenia.si\/slo\/\",\"name\":\"Travel Slovenia - Sledite lepotam na\u0161e male dr\u017eavice\",\"description\":\"\",\"potentialAction\":[{\"@type\":\"SearchAction\",\"target\":{\"@type\":\"EntryPoint\",\"urlTemplate\":\"https:\/\/www.travel-slovenia.si\/slo\/?s={search_term_string}\"},\"query-input\":{\"@type\":\"PropertyValueSpecification\",\"valueRequired\":true,\"valueName\":\"search_term_string\"}}],\"inLanguage\":\"sl-SI\"}]}<\/script>\n<!-- \/ Yoast SEO plugin. -->","yoast_head_json":{"title":"3. so\u0161ka fronta : Travel-Slovenia","description":"3. so\u0161ka fronta se je pri\u010dela 18. oktobra 1915 kot za zdru\u017eena ofenziva centralnih sil za pomo\u010d zaveznici Srbiji, ki se je zna\u0161la pred porazom.","robots":{"index":"index","follow":"follow","max-snippet":"max-snippet:-1","max-image-preview":"max-image-preview:large","max-video-preview":"max-video-preview:-1"},"canonical":"https:\/\/www.travel-slovenia.si\/slo\/3-soska-fronta\/","og_locale":"sl_SI","og_type":"article","og_title":"3. so\u0161ka fronta : Travel-Slovenia","og_description":"3. so\u0161ka fronta se je pri\u010dela 18. oktobra 1915 kot za zdru\u017eena ofenziva centralnih sil za pomo\u010d zaveznici Srbiji, ki se je zna\u0161la pred porazom.","og_url":"https:\/\/www.travel-slovenia.si\/slo\/3-soska-fronta\/","og_site_name":"Travel Slovenia - Sledite lepotam na\u0161e male dr\u017eavice","og_image":[{"width":400,"height":321,"url":"https:\/\/www.travel-slovenia.si\/slo\/wp-content\/uploads\/2017\/10\/travel-slovenia-3-soca-front.jpg","type":"image\/jpeg"}],"twitter_card":"summary_large_image","twitter_title":"3. so\u0161ka fronta : Travel-Slovenia","twitter_description":"3. so\u0161ka fronta se je pri\u010dela 18. oktobra 1915 kot za zdru\u017eena ofenziva centralnih sil za pomo\u010d zaveznici Srbiji, ki se je zna\u0161la pred porazom.","twitter_image":"https:\/\/www.travel-slovenia.si\/slo\/wp-content\/uploads\/2017\/10\/travel-slovenia-3-soca-front.jpg","twitter_misc":{"Est. reading time":"2 minuti"},"schema":{"@context":"https:\/\/schema.org","@graph":[{"@type":"WebPage","@id":"https:\/\/www.travel-slovenia.si\/slo\/3-soska-fronta\/","url":"https:\/\/www.travel-slovenia.si\/slo\/3-soska-fronta\/","name":"3. so\u0161ka fronta : Travel-Slovenia","isPartOf":{"@id":"https:\/\/www.travel-slovenia.si\/slo\/#website"},"primaryImageOfPage":{"@id":"https:\/\/www.travel-slovenia.si\/slo\/3-soska-fronta\/#primaryimage"},"image":{"@id":"https:\/\/www.travel-slovenia.si\/slo\/3-soska-fronta\/#primaryimage"},"thumbnailUrl":"https:\/\/www.travel-slovenia.si\/slo\/wp-content\/uploads\/2017\/10\/travel-slovenia-3-soca-front-300x241.jpg","datePublished":"2017-10-18T07:42:53+00:00","description":"3. so\u0161ka fronta se je pri\u010dela 18. oktobra 1915 kot za zdru\u017eena ofenziva centralnih sil za pomo\u010d zaveznici Srbiji, ki se je zna\u0161la pred porazom.","breadcrumb":{"@id":"https:\/\/www.travel-slovenia.si\/slo\/3-soska-fronta\/#breadcrumb"},"inLanguage":"sl-SI","potentialAction":[{"@type":"ReadAction","target":["https:\/\/www.travel-slovenia.si\/slo\/3-soska-fronta\/"]}]},{"@type":"ImageObject","inLanguage":"sl-SI","@id":"https:\/\/www.travel-slovenia.si\/slo\/3-soska-fronta\/#primaryimage","url":"https:\/\/www.travel-slovenia.si\/slo\/wp-content\/uploads\/2017\/10\/travel-slovenia-3-soca-front.jpg","contentUrl":"https:\/\/www.travel-slovenia.si\/slo\/wp-content\/uploads\/2017\/10\/travel-slovenia-3-soca-front.jpg","width":400,"height":321,"caption":"Vojaka pri mitraljezu"},{"@type":"BreadcrumbList","@id":"https:\/\/www.travel-slovenia.si\/slo\/3-soska-fronta\/#breadcrumb","itemListElement":[{"@type":"ListItem","position":1,"name":"Home","item":"https:\/\/www.travel-slovenia.si\/slo\/"},{"@type":"ListItem","position":2,"name":"3. so\u0161ka fronta"}]},{"@type":"WebSite","@id":"https:\/\/www.travel-slovenia.si\/slo\/#website","url":"https:\/\/www.travel-slovenia.si\/slo\/","name":"Travel Slovenia - Sledite lepotam na\u0161e male dr\u017eavice","description":"","potentialAction":[{"@type":"SearchAction","target":{"@type":"EntryPoint","urlTemplate":"https:\/\/www.travel-slovenia.si\/slo\/?s={search_term_string}"},"query-input":{"@type":"PropertyValueSpecification","valueRequired":true,"valueName":"search_term_string"}}],"inLanguage":"sl-SI"}]}},"post_mailing_queue_ids":[],"_links":{"self":[{"href":"https:\/\/www.travel-slovenia.si\/slo\/wp-json\/wp\/v2\/pages\/7070","targetHints":{"allow":["GET"]}}],"collection":[{"href":"https:\/\/www.travel-slovenia.si\/slo\/wp-json\/wp\/v2\/pages"}],"about":[{"href":"https:\/\/www.travel-slovenia.si\/slo\/wp-json\/wp\/v2\/types\/page"}],"author":[{"embeddable":true,"href":"https:\/\/www.travel-slovenia.si\/slo\/wp-json\/wp\/v2\/users\/111"}],"replies":[{"embeddable":true,"href":"https:\/\/www.travel-slovenia.si\/slo\/wp-json\/wp\/v2\/comments?post=7070"}],"version-history":[{"count":1,"href":"https:\/\/www.travel-slovenia.si\/slo\/wp-json\/wp\/v2\/pages\/7070\/revisions"}],"predecessor-version":[{"id":7075,"href":"https:\/\/www.travel-slovenia.si\/slo\/wp-json\/wp\/v2\/pages\/7070\/revisions\/7075"}],"wp:attachment":[{"href":"https:\/\/www.travel-slovenia.si\/slo\/wp-json\/wp\/v2\/media?parent=7070"}],"curies":[{"name":"wp","href":"https:\/\/api.w.org\/{rel}","templated":true}]}}