{"id":7054,"date":"2017-10-12T18:34:26","date_gmt":"2017-10-12T16:34:26","guid":{"rendered":"https:\/\/www.travel-slovenia.si\/slo\/?page_id=7054"},"modified":"2017-10-12T18:34:26","modified_gmt":"2017-10-12T16:34:26","slug":"jozef-klekl","status":"publish","type":"page","link":"https:\/\/www.travel-slovenia.si\/slo\/jozef-klekl\/","title":{"rendered":"Jo\u017eef Klekl"},"content":{"rendered":"<figure id=\"attachment_7055\" class=\"wp-caption alignleft\" style=\"max-width: 300px\"><img loading=\"lazy\" decoding=\"async\" class=\"size-full wp-image-7055\" src=\"https:\/\/www.travel-slovenia.si\/slo\/wp-content\/uploads\/2017\/10\/travel-slovenia-jozef-klekl.jpg\" alt=\"\" width=\"300\" height=\"385\" srcset=\"https:\/\/www.travel-slovenia.si\/slo\/wp-content\/uploads\/2017\/10\/travel-slovenia-jozef-klekl.jpg 300w, https:\/\/www.travel-slovenia.si\/slo\/wp-content\/uploads\/2017\/10\/travel-slovenia-jozef-klekl-234x300.jpg 234w, https:\/\/www.travel-slovenia.si\/slo\/wp-content\/uploads\/2017\/10\/travel-slovenia-jozef-klekl-19x24.jpg 19w, https:\/\/www.travel-slovenia.si\/slo\/wp-content\/uploads\/2017\/10\/travel-slovenia-jozef-klekl-28x36.jpg 28w, https:\/\/www.travel-slovenia.si\/slo\/wp-content\/uploads\/2017\/10\/travel-slovenia-jozef-klekl-37x48.jpg 37w\" sizes=\"auto, (max-width: 300px) 100vw, 300px\" \/><figcaption class=\"wp-caption-text\">Jo\u017eef Klekl<\/figcaption><\/figure>\n<p style=\"text-align: justify;\">Jo\u017eef Klekl, tudi Stari Jo\u017eef Klekl, je slovenski katoli\u0161ki duhovnik, nabo\u017eni pisatelj, zalo\u017enik, urednik in politik, ki se je rodil 13. oktobra 1874 v Krajni v ob\u010dini Ti\u0161ina, umrl pa je 30. maja 1948 v Murski Soboti.<\/p>\n<p style=\"text-align: justify;\">Rodil se je prekmurski dru\u017eini osmih otrok, star\u0161i so bili srednje premo\u017eni kmetje. O\u010de \u0160tefan je kon\u010dal me\u0161\u010dansko \u0161olo v Radgoni, mati Terezija pa je bila gospodinja in vzgojiteljica.<\/p>\n<p style=\"text-align: justify;\">Jo\u017eef Klekl je v Sombotelu na Mad\u017earskem leta 1897 kon\u010dal \u0161tudij bogoslovja. Duhovni\u0161ko slu\u017ebo je kot kaplan (med leti 1897 in 1905) in \u017eupnik (med leti 1905 in 1910) opravljal v ve\u010d krajih. Kot kaplan je deloval v Ti\u0161ini, Incedu, \u010cre\u0161novcih, kot \u017eupnik pa v Pe\u010darovcih. V letu 1910 je od\u0161el v pokoj in se ustalil v \u010cren\u0161ovcih.<\/p>\n<p style=\"text-align: justify;\">Decembra 1904 je Jo\u017eef pri\u010del z izdajanjem katoli\u0161kega mese\u010dnika Marijin list, v letih 1932 in 1940 je mese\u010dnik dobil \u0161e otro\u0161ko prilogo Marijikin ogra\u010dek. Tednik Novine je ustanovil leta 1913. Leta 1918 je hotel organizirati avtonomno pokrajino &#8211; Slovensko krajino, ki bi bila del SHS (Dr\u017eava Slovencev, Hrvatov in Srbov). Idejo so podprli Anton Koro\u0161ec, Jo\u0161ko Godina, Ivan Jeri\u010d in Mihael Kuhar. Kot poslanec SLS za lendavski okraj je deloval med leti 1920 in 1929. S koncem prve svetovne vojne je sodeloval v agrarni reformi v Prekmurju, zavzemal se je za siroma\u0161ne kmete, ustanovil hranilnico in agrarno zadrugo v \u010cre\u0161novcih. Za \u010das druge svetovne vojne je bil interniran.<\/p>\n<p style=\"text-align: justify;\">V \u0161estdesetih je bil poznan kot samozvani voditelj Prekmurja, mad\u017earski propagandist in da za priklju\u010ditev ogrskih Slovencev k Jugoslaviji ni storil ni\u010desar. Temu prepri\u010danju je nasprotoval Vilko Novak, a se njegovo mnenje \u0161e do danes ni uveljavilo.<\/p>\n<p>&nbsp;<\/p>\n<table>\n<tbody>\n<tr>\n<td style=\"text-align: center;\"><a href=\"https:\/\/www.travel-slovenia.si\/slo\/zgodovinske-osebnosti\/\"><img loading=\"lazy\" decoding=\"async\" class=\"alignleft wp-image-4499 size-full\" src=\"https:\/\/www.travel-slovenia.si\/slo\/wp-content\/uploads\/2014\/09\/travel-slovenia-povezava-na-drugo.jpg\" alt=\"travel-slovenia-povezava-na-drugo\" width=\"128\" height=\"22\" srcset=\"https:\/\/www.travel-slovenia.si\/slo\/wp-content\/uploads\/2014\/09\/travel-slovenia-povezava-na-drugo.jpg 128w, https:\/\/www.travel-slovenia.si\/slo\/wp-content\/uploads\/2014\/09\/travel-slovenia-povezava-na-drugo-24x4.jpg 24w, https:\/\/www.travel-slovenia.si\/slo\/wp-content\/uploads\/2014\/09\/travel-slovenia-povezava-na-drugo-36x6.jpg 36w, https:\/\/www.travel-slovenia.si\/slo\/wp-content\/uploads\/2014\/09\/travel-slovenia-povezava-na-drugo-48x8.jpg 48w\" sizes=\"auto, (max-width: 128px) 100vw, 128px\" \/><\/a><a href=\"https:\/\/www.travel-slovenia.si\/slo\/zgodovinske-osebnosti\/\">Poglejte \u0161e druge zgodovinske osebnosti!<\/a><a href=\"https:\/\/www.travel-slovenia.si\/slo\/zgodovinske-osebnosti\/\"><img loading=\"lazy\" decoding=\"async\" class=\"alignright wp-image-4500 size-full\" src=\"https:\/\/www.travel-slovenia.si\/slo\/wp-content\/uploads\/2014\/09\/travel-slovenia-povezava-na-drugo2.jpg\" alt=\"travel-slovenia-povezava-na-drugo2\" width=\"128\" height=\"22\" srcset=\"https:\/\/www.travel-slovenia.si\/slo\/wp-content\/uploads\/2014\/09\/travel-slovenia-povezava-na-drugo2.jpg 128w, https:\/\/www.travel-slovenia.si\/slo\/wp-content\/uploads\/2014\/09\/travel-slovenia-povezava-na-drugo2-24x4.jpg 24w, https:\/\/www.travel-slovenia.si\/slo\/wp-content\/uploads\/2014\/09\/travel-slovenia-povezava-na-drugo2-36x6.jpg 36w, https:\/\/www.travel-slovenia.si\/slo\/wp-content\/uploads\/2014\/09\/travel-slovenia-povezava-na-drugo2-48x8.jpg 48w\" sizes=\"auto, (max-width: 128px) 100vw, 128px\" \/><\/a><\/td>\n<\/tr>\n<\/tbody>\n<\/table>\n","protected":false},"excerpt":{"rendered":"<p>Jo\u017eef Klekl, tudi Stari Jo\u017eef Klekl, je slovenski katoli\u0161ki duhovnik, nabo\u017eni pisatelj, zalo\u017enik, urednik in politik, ki se je rodil 13. oktobra 1874 v Krajni v ob\u010dini Ti\u0161ina, umrl pa je 30. maja 1948 v Murski Soboti. Rodil se je prekmurski dru\u017eini osmih otrok, star\u0161i so bili srednje premo\u017eni kmetje. O\u010de \u0160tefan je kon\u010dal me\u0161\u010dansko [&hellip;]<\/p>\n","protected":false},"author":111,"featured_media":0,"parent":0,"menu_order":0,"comment_status":"closed","ping_status":"closed","template":"","meta":{"footnotes":""},"class_list":["post-7054","page","type-page","status-publish","hentry"],"yoast_head":"<!-- This site is optimized with the Yoast SEO plugin v25.4 - https:\/\/yoast.com\/wordpress\/plugins\/seo\/ -->\n<title>Jo\u017eef Klekl : Travel-Slovenia<\/title>\n<meta name=\"description\" content=\"Jo\u017eef Klekl je slovenski katoli\u0161ki duhovnik, nabo\u017eni pisatelj, zalo\u017enik, urednik in politik, ki se je rodil 13. oktobra 1874 v Krajni v ob\u010dini Ti\u0161ina.\" \/>\n<meta name=\"robots\" content=\"index, follow, max-snippet:-1, max-image-preview:large, max-video-preview:-1\" \/>\n<link rel=\"canonical\" href=\"https:\/\/www.travel-slovenia.si\/slo\/jozef-klekl\/\" \/>\n<meta property=\"og:locale\" content=\"sl_SI\" \/>\n<meta property=\"og:type\" content=\"article\" \/>\n<meta property=\"og:title\" content=\"Jo\u017eef Klekl : Travel-Slovenia\" \/>\n<meta property=\"og:description\" content=\"Jo\u017eef Klekl je slovenski katoli\u0161ki duhovnik, nabo\u017eni pisatelj, zalo\u017enik, urednik in politik, ki se je rodil 13. oktobra 1874 v Krajni v ob\u010dini Ti\u0161ina.\" \/>\n<meta property=\"og:url\" content=\"https:\/\/www.travel-slovenia.si\/slo\/jozef-klekl\/\" \/>\n<meta property=\"og:site_name\" content=\"Travel Slovenia - Sledite lepotam na\u0161e male dr\u017eavice\" \/>\n<meta property=\"og:image\" content=\"https:\/\/www.travel-slovenia.si\/slo\/wp-content\/uploads\/2017\/10\/travel-slovenia-jozef-klekl.jpg\" \/>\n\t<meta property=\"og:image:width\" content=\"300\" \/>\n\t<meta property=\"og:image:height\" content=\"385\" \/>\n\t<meta property=\"og:image:type\" content=\"image\/jpeg\" \/>\n<meta name=\"twitter:card\" content=\"summary_large_image\" \/>\n<meta name=\"twitter:title\" content=\"Jo\u017eef Klekl : Travel-Slovenia\" \/>\n<meta name=\"twitter:description\" content=\"Jo\u017eef Klekl je slovenski katoli\u0161ki duhovnik, nabo\u017eni pisatelj, zalo\u017enik, urednik in politik, ki se je rodil 13. oktobra 1874 v Krajni v ob\u010dini Ti\u0161ina.\" \/>\n<meta name=\"twitter:image\" content=\"https:\/\/www.travel-slovenia.si\/slo\/wp-content\/uploads\/2017\/10\/travel-slovenia-jozef-klekl.jpg\" \/>\n<meta name=\"twitter:label1\" content=\"Est. reading time\" \/>\n\t<meta name=\"twitter:data1\" content=\"2 minuti\" \/>\n<script type=\"application\/ld+json\" class=\"yoast-schema-graph\">{\"@context\":\"https:\/\/schema.org\",\"@graph\":[{\"@type\":\"WebPage\",\"@id\":\"https:\/\/www.travel-slovenia.si\/slo\/jozef-klekl\/\",\"url\":\"https:\/\/www.travel-slovenia.si\/slo\/jozef-klekl\/\",\"name\":\"Jo\u017eef Klekl : Travel-Slovenia\",\"isPartOf\":{\"@id\":\"https:\/\/www.travel-slovenia.si\/slo\/#website\"},\"primaryImageOfPage\":{\"@id\":\"https:\/\/www.travel-slovenia.si\/slo\/jozef-klekl\/#primaryimage\"},\"image\":{\"@id\":\"https:\/\/www.travel-slovenia.si\/slo\/jozef-klekl\/#primaryimage\"},\"thumbnailUrl\":\"https:\/\/www.travel-slovenia.si\/slo\/wp-content\/uploads\/2017\/10\/travel-slovenia-jozef-klekl.jpg\",\"datePublished\":\"2017-10-12T16:34:26+00:00\",\"description\":\"Jo\u017eef Klekl je slovenski katoli\u0161ki duhovnik, nabo\u017eni pisatelj, zalo\u017enik, urednik in politik, ki se je rodil 13. oktobra 1874 v Krajni v ob\u010dini Ti\u0161ina.\",\"breadcrumb\":{\"@id\":\"https:\/\/www.travel-slovenia.si\/slo\/jozef-klekl\/#breadcrumb\"},\"inLanguage\":\"sl-SI\",\"potentialAction\":[{\"@type\":\"ReadAction\",\"target\":[\"https:\/\/www.travel-slovenia.si\/slo\/jozef-klekl\/\"]}]},{\"@type\":\"ImageObject\",\"inLanguage\":\"sl-SI\",\"@id\":\"https:\/\/www.travel-slovenia.si\/slo\/jozef-klekl\/#primaryimage\",\"url\":\"https:\/\/www.travel-slovenia.si\/slo\/wp-content\/uploads\/2017\/10\/travel-slovenia-jozef-klekl.jpg\",\"contentUrl\":\"https:\/\/www.travel-slovenia.si\/slo\/wp-content\/uploads\/2017\/10\/travel-slovenia-jozef-klekl.jpg\",\"width\":300,\"height\":385,\"caption\":\"Jo\u017eef Klekl\"},{\"@type\":\"BreadcrumbList\",\"@id\":\"https:\/\/www.travel-slovenia.si\/slo\/jozef-klekl\/#breadcrumb\",\"itemListElement\":[{\"@type\":\"ListItem\",\"position\":1,\"name\":\"Home\",\"item\":\"https:\/\/www.travel-slovenia.si\/slo\/\"},{\"@type\":\"ListItem\",\"position\":2,\"name\":\"Jo\u017eef Klekl\"}]},{\"@type\":\"WebSite\",\"@id\":\"https:\/\/www.travel-slovenia.si\/slo\/#website\",\"url\":\"https:\/\/www.travel-slovenia.si\/slo\/\",\"name\":\"Travel Slovenia - Sledite lepotam na\u0161e male dr\u017eavice\",\"description\":\"\",\"potentialAction\":[{\"@type\":\"SearchAction\",\"target\":{\"@type\":\"EntryPoint\",\"urlTemplate\":\"https:\/\/www.travel-slovenia.si\/slo\/?s={search_term_string}\"},\"query-input\":{\"@type\":\"PropertyValueSpecification\",\"valueRequired\":true,\"valueName\":\"search_term_string\"}}],\"inLanguage\":\"sl-SI\"}]}<\/script>\n<!-- \/ Yoast SEO plugin. -->","yoast_head_json":{"title":"Jo\u017eef Klekl : Travel-Slovenia","description":"Jo\u017eef Klekl je slovenski katoli\u0161ki duhovnik, nabo\u017eni pisatelj, zalo\u017enik, urednik in politik, ki se je rodil 13. oktobra 1874 v Krajni v ob\u010dini Ti\u0161ina.","robots":{"index":"index","follow":"follow","max-snippet":"max-snippet:-1","max-image-preview":"max-image-preview:large","max-video-preview":"max-video-preview:-1"},"canonical":"https:\/\/www.travel-slovenia.si\/slo\/jozef-klekl\/","og_locale":"sl_SI","og_type":"article","og_title":"Jo\u017eef Klekl : Travel-Slovenia","og_description":"Jo\u017eef Klekl je slovenski katoli\u0161ki duhovnik, nabo\u017eni pisatelj, zalo\u017enik, urednik in politik, ki se je rodil 13. oktobra 1874 v Krajni v ob\u010dini Ti\u0161ina.","og_url":"https:\/\/www.travel-slovenia.si\/slo\/jozef-klekl\/","og_site_name":"Travel Slovenia - Sledite lepotam na\u0161e male dr\u017eavice","og_image":[{"width":300,"height":385,"url":"https:\/\/www.travel-slovenia.si\/slo\/wp-content\/uploads\/2017\/10\/travel-slovenia-jozef-klekl.jpg","type":"image\/jpeg"}],"twitter_card":"summary_large_image","twitter_title":"Jo\u017eef Klekl : Travel-Slovenia","twitter_description":"Jo\u017eef Klekl je slovenski katoli\u0161ki duhovnik, nabo\u017eni pisatelj, zalo\u017enik, urednik in politik, ki se je rodil 13. oktobra 1874 v Krajni v ob\u010dini Ti\u0161ina.","twitter_image":"https:\/\/www.travel-slovenia.si\/slo\/wp-content\/uploads\/2017\/10\/travel-slovenia-jozef-klekl.jpg","twitter_misc":{"Est. reading time":"2 minuti"},"schema":{"@context":"https:\/\/schema.org","@graph":[{"@type":"WebPage","@id":"https:\/\/www.travel-slovenia.si\/slo\/jozef-klekl\/","url":"https:\/\/www.travel-slovenia.si\/slo\/jozef-klekl\/","name":"Jo\u017eef Klekl : Travel-Slovenia","isPartOf":{"@id":"https:\/\/www.travel-slovenia.si\/slo\/#website"},"primaryImageOfPage":{"@id":"https:\/\/www.travel-slovenia.si\/slo\/jozef-klekl\/#primaryimage"},"image":{"@id":"https:\/\/www.travel-slovenia.si\/slo\/jozef-klekl\/#primaryimage"},"thumbnailUrl":"https:\/\/www.travel-slovenia.si\/slo\/wp-content\/uploads\/2017\/10\/travel-slovenia-jozef-klekl.jpg","datePublished":"2017-10-12T16:34:26+00:00","description":"Jo\u017eef Klekl je slovenski katoli\u0161ki duhovnik, nabo\u017eni pisatelj, zalo\u017enik, urednik in politik, ki se je rodil 13. oktobra 1874 v Krajni v ob\u010dini Ti\u0161ina.","breadcrumb":{"@id":"https:\/\/www.travel-slovenia.si\/slo\/jozef-klekl\/#breadcrumb"},"inLanguage":"sl-SI","potentialAction":[{"@type":"ReadAction","target":["https:\/\/www.travel-slovenia.si\/slo\/jozef-klekl\/"]}]},{"@type":"ImageObject","inLanguage":"sl-SI","@id":"https:\/\/www.travel-slovenia.si\/slo\/jozef-klekl\/#primaryimage","url":"https:\/\/www.travel-slovenia.si\/slo\/wp-content\/uploads\/2017\/10\/travel-slovenia-jozef-klekl.jpg","contentUrl":"https:\/\/www.travel-slovenia.si\/slo\/wp-content\/uploads\/2017\/10\/travel-slovenia-jozef-klekl.jpg","width":300,"height":385,"caption":"Jo\u017eef Klekl"},{"@type":"BreadcrumbList","@id":"https:\/\/www.travel-slovenia.si\/slo\/jozef-klekl\/#breadcrumb","itemListElement":[{"@type":"ListItem","position":1,"name":"Home","item":"https:\/\/www.travel-slovenia.si\/slo\/"},{"@type":"ListItem","position":2,"name":"Jo\u017eef Klekl"}]},{"@type":"WebSite","@id":"https:\/\/www.travel-slovenia.si\/slo\/#website","url":"https:\/\/www.travel-slovenia.si\/slo\/","name":"Travel Slovenia - Sledite lepotam na\u0161e male dr\u017eavice","description":"","potentialAction":[{"@type":"SearchAction","target":{"@type":"EntryPoint","urlTemplate":"https:\/\/www.travel-slovenia.si\/slo\/?s={search_term_string}"},"query-input":{"@type":"PropertyValueSpecification","valueRequired":true,"valueName":"search_term_string"}}],"inLanguage":"sl-SI"}]}},"post_mailing_queue_ids":[],"_links":{"self":[{"href":"https:\/\/www.travel-slovenia.si\/slo\/wp-json\/wp\/v2\/pages\/7054","targetHints":{"allow":["GET"]}}],"collection":[{"href":"https:\/\/www.travel-slovenia.si\/slo\/wp-json\/wp\/v2\/pages"}],"about":[{"href":"https:\/\/www.travel-slovenia.si\/slo\/wp-json\/wp\/v2\/types\/page"}],"author":[{"embeddable":true,"href":"https:\/\/www.travel-slovenia.si\/slo\/wp-json\/wp\/v2\/users\/111"}],"replies":[{"embeddable":true,"href":"https:\/\/www.travel-slovenia.si\/slo\/wp-json\/wp\/v2\/comments?post=7054"}],"version-history":[{"count":1,"href":"https:\/\/www.travel-slovenia.si\/slo\/wp-json\/wp\/v2\/pages\/7054\/revisions"}],"predecessor-version":[{"id":7058,"href":"https:\/\/www.travel-slovenia.si\/slo\/wp-json\/wp\/v2\/pages\/7054\/revisions\/7058"}],"wp:attachment":[{"href":"https:\/\/www.travel-slovenia.si\/slo\/wp-json\/wp\/v2\/media?parent=7054"}],"curies":[{"name":"wp","href":"https:\/\/api.w.org\/{rel}","templated":true}]}}