{"id":7037,"date":"2017-10-06T10:05:19","date_gmt":"2017-10-06T08:05:19","guid":{"rendered":"https:\/\/www.travel-slovenia.si\/slo\/?page_id=7037"},"modified":"2017-10-06T10:05:19","modified_gmt":"2017-10-06T08:05:19","slug":"simon-ogrin","status":"publish","type":"page","link":"https:\/\/www.travel-slovenia.si\/slo\/simon-ogrin\/","title":{"rendered":"Simon Ogrin"},"content":{"rendered":"<figure id=\"attachment_7038\" class=\"wp-caption alignleft\" style=\"max-width: 300px\"><img loading=\"lazy\" decoding=\"async\" class=\"wp-image-7038\" src=\"https:\/\/www.travel-slovenia.si\/slo\/wp-content\/uploads\/2017\/10\/travel-slovenia-simon-ogrin.jpg\" alt=\"\" width=\"300\" height=\"381\" srcset=\"https:\/\/www.travel-slovenia.si\/slo\/wp-content\/uploads\/2017\/10\/travel-slovenia-simon-ogrin.jpg 400w, https:\/\/www.travel-slovenia.si\/slo\/wp-content\/uploads\/2017\/10\/travel-slovenia-simon-ogrin-236x300.jpg 236w, https:\/\/www.travel-slovenia.si\/slo\/wp-content\/uploads\/2017\/10\/travel-slovenia-simon-ogrin-19x24.jpg 19w, https:\/\/www.travel-slovenia.si\/slo\/wp-content\/uploads\/2017\/10\/travel-slovenia-simon-ogrin-28x36.jpg 28w, https:\/\/www.travel-slovenia.si\/slo\/wp-content\/uploads\/2017\/10\/travel-slovenia-simon-ogrin-38x48.jpg 38w\" sizes=\"auto, (max-width: 300px) 100vw, 300px\" \/><figcaption class=\"wp-caption-text\">Simon Ogrin<\/figcaption><\/figure>\n<p style=\"text-align: justify;\">Simon Ogrin je bil slovenski slikar rojen 6. oktobra 1851 v Stari Vrhniki, umrl je 3. maja 1930 na Vrhniki. Rojen kot prvi otrok v osem\u010dlanski dru\u017eini kroja\u010du Luki Ogrinu in Mariji Skubelj. Ker je kot otrok \u017ee zgodaj pri\u010del pomagati pri kme\u010dkih delih je bil slabo izobra\u017een, a \u017ee zgodaj se je navdu\u0161eval nad kipci v cerkvah, z \u017eeljo, da bi jih tudi sam izdeloval. Pri \u0161estnajstih se je v Ljubljani pri\u010del u\u010diti pri podobarju Avgu\u0161tinu G\u00f6tzlu, kjer je tudi stanoval. Med leti 1867 in 1870 je obiskoval nedeljsko in obrtno \u0161olo.<\/p>\n<p style=\"text-align: justify;\">Pri Janezu Wolfu se je pri\u010del u\u010diti leta 1872, kjer je ostal vse do leta 1875. Za tem se odpravi v Benetke na Akademijo lepih umetnosti, kjer je \u017ee prvo leto prejel pohvalo, naslednje pa presti\u017eno nagradno za najbolj\u0161o kompozicijo s sliko Umor vojvode Galeaza Marie Sforza, slika se danes nahaja v Narodnem muzeju v Ljubljani. Denarno nagrado je, kljub rev\u0161\u010dini, zavrnil, obdr\u017eal pa je diplomo. Na dunajsko akademijo se odpravi leta 1878, kjer spozna fran\u010di\u0161ka Aleksandra Robleka. Dve leti kasneje zapusti akademijo in leta 1879 se vrne v rojstni kraj, kjer je ustvarjal za lokalnega mecena Frana Kotnika. Kmalu za tem odide v Italijo, kjer je odkrival umetnostne dose\u017eke v Benetkah, Bologni, Firencah in Rimu.<\/p>\n<p style=\"text-align: justify;\">Leta 1880 se vrne domov, a kmalu sprejme naro\u010dilo za poslikavo farne cerkve Sv. \u0160tefana v Vipavi, kamor se tudi preseli. Leta 1884 se vrne na Vrhniko, se ustali ter se 9. septembra 1884 poro\u010di z Elizabeto Tom\u0161i\u010d, imela sta 7 otrok. V \u010dasu bivanja na Vrhniki je prejel ve\u010d naro\u010dil za poslikave cerkva.<\/p>\n<p style=\"text-align: justify;\">Simon Ogrin pripada nazarenski smeri slikarstva, njegovi za\u010detki segajo v leto 1876, takrat je pomagal slikarju Janezu Wolfu pri poslikavi farne cerkve Sv. \u0160tefan v Vipavi. V \u010dasu \u0161tudija je slikal za Stritarjev zvon. Za prvo samostojno naro\u010dilo je slikal v kapucinski cerkvi v Vipavskem kri\u017eu leta 1882. Njegova najuspe\u0161nej\u0161a poslikava se nahaja v Marijini kapeli v \u0160kofji Loki, kjer je delal med leti 1887 in 1888. Dela med leti 1885 in 1930 je bele\u017eil sam v bele\u017eki, ki je ohranjena \u0161e danes. Od leta 1885 pa do svoje smrti je ustvaril: 30 prezbiterijev, 12 slik za cerkvene zidove, 18 kri\u017eevih potov, 15 bo\u017ejih grobov, 16 bander in 16 va\u0161kih kapelic.<\/p>\n<p style=\"text-align: justify;\">Njegove poslikave lahko najdemo v celotni Sloveniji, kot tudi na Hrva\u0161kem in v Dalmaciji. Najraje je uprizarjal prizore svete Trojice in prizore z Marijo. Njegove figure, ki so sistemati\u010dno razporejene, spominjajo na Wolfov slog, a so njegovi liki manj\u0161i, bolj risarski in ploskoviti, celota pa je v nasprotju z Wolfom, nemonumentalna.<\/p>\n<p>&nbsp;<\/p>\n<table>\n<tbody>\n<tr>\n<td style=\"text-align: center;\"><a href=\"https:\/\/www.travel-slovenia.si\/slo\/zgodovinske-osebnosti\/\"><img loading=\"lazy\" decoding=\"async\" class=\"alignleft wp-image-4499 size-full\" src=\"https:\/\/www.travel-slovenia.si\/slo\/wp-content\/uploads\/2014\/09\/travel-slovenia-povezava-na-drugo.jpg\" alt=\"travel-slovenia-povezava-na-drugo\" width=\"128\" height=\"22\" srcset=\"https:\/\/www.travel-slovenia.si\/slo\/wp-content\/uploads\/2014\/09\/travel-slovenia-povezava-na-drugo.jpg 128w, https:\/\/www.travel-slovenia.si\/slo\/wp-content\/uploads\/2014\/09\/travel-slovenia-povezava-na-drugo-24x4.jpg 24w, https:\/\/www.travel-slovenia.si\/slo\/wp-content\/uploads\/2014\/09\/travel-slovenia-povezava-na-drugo-36x6.jpg 36w, https:\/\/www.travel-slovenia.si\/slo\/wp-content\/uploads\/2014\/09\/travel-slovenia-povezava-na-drugo-48x8.jpg 48w\" sizes=\"auto, (max-width: 128px) 100vw, 128px\" \/><\/a><a href=\"https:\/\/www.travel-slovenia.si\/slo\/zgodovinske-osebnosti\/\">Poglejte \u0161e druge zgodovinske osebnosti!<\/a><a href=\"https:\/\/www.travel-slovenia.si\/slo\/zgodovinske-osebnosti\/\"><img loading=\"lazy\" decoding=\"async\" class=\"alignright wp-image-4500 size-full\" src=\"https:\/\/www.travel-slovenia.si\/slo\/wp-content\/uploads\/2014\/09\/travel-slovenia-povezava-na-drugo2.jpg\" alt=\"travel-slovenia-povezava-na-drugo2\" width=\"128\" height=\"22\" srcset=\"https:\/\/www.travel-slovenia.si\/slo\/wp-content\/uploads\/2014\/09\/travel-slovenia-povezava-na-drugo2.jpg 128w, https:\/\/www.travel-slovenia.si\/slo\/wp-content\/uploads\/2014\/09\/travel-slovenia-povezava-na-drugo2-24x4.jpg 24w, https:\/\/www.travel-slovenia.si\/slo\/wp-content\/uploads\/2014\/09\/travel-slovenia-povezava-na-drugo2-36x6.jpg 36w, https:\/\/www.travel-slovenia.si\/slo\/wp-content\/uploads\/2014\/09\/travel-slovenia-povezava-na-drugo2-48x8.jpg 48w\" sizes=\"auto, (max-width: 128px) 100vw, 128px\" \/><\/a><\/td>\n<\/tr>\n<\/tbody>\n<\/table>\n","protected":false},"excerpt":{"rendered":"<p>Simon Ogrin je bil slovenski slikar rojen 6. oktobra 1851 v Stari Vrhniki, umrl je 3. maja 1930 na Vrhniki. Rojen kot prvi otrok v osem\u010dlanski dru\u017eini kroja\u010du Luki Ogrinu in Mariji Skubelj. Ker je kot otrok \u017ee zgodaj pri\u010del pomagati pri kme\u010dkih delih je bil slabo izobra\u017een, a \u017ee zgodaj se je navdu\u0161eval nad [&hellip;]<\/p>\n","protected":false},"author":111,"featured_media":0,"parent":0,"menu_order":0,"comment_status":"closed","ping_status":"closed","template":"","meta":{"footnotes":""},"class_list":["post-7037","page","type-page","status-publish","hentry"],"yoast_head":"<!-- This site is optimized with the Yoast SEO plugin v25.4 - https:\/\/yoast.com\/wordpress\/plugins\/seo\/ -->\n<title>Simon Ogrin : Travel-Slovenia<\/title>\n<meta name=\"description\" content=\"Simon Ogrin je bil slovenski slikar, pripadnik nazarenske smeri, rojen 6. oktobra 1851 v Stari Vrhniki, umrl je 3. maja 1930 na Vrhniki.\" \/>\n<meta name=\"robots\" content=\"index, follow, max-snippet:-1, max-image-preview:large, max-video-preview:-1\" \/>\n<link rel=\"canonical\" href=\"https:\/\/www.travel-slovenia.si\/slo\/simon-ogrin\/\" \/>\n<meta property=\"og:locale\" content=\"sl_SI\" \/>\n<meta property=\"og:type\" content=\"article\" \/>\n<meta property=\"og:title\" content=\"Simon Ogrin : Travel-Slovenia\" \/>\n<meta property=\"og:description\" content=\"Simon Ogrin je bil slovenski slikar, pripadnik nazarenske smeri, rojen 6. oktobra 1851 v Stari Vrhniki, umrl je 3. maja 1930 na Vrhniki.\" \/>\n<meta property=\"og:url\" content=\"https:\/\/www.travel-slovenia.si\/slo\/simon-ogrin\/\" \/>\n<meta property=\"og:site_name\" content=\"Travel Slovenia - Sledite lepotam na\u0161e male dr\u017eavice\" \/>\n<meta property=\"og:image\" content=\"https:\/\/www.travel-slovenia.si\/slo\/wp-content\/uploads\/2017\/10\/travel-slovenia-simon-ogrin.jpg\" \/>\n\t<meta property=\"og:image:width\" content=\"400\" \/>\n\t<meta property=\"og:image:height\" content=\"508\" \/>\n\t<meta property=\"og:image:type\" content=\"image\/jpeg\" \/>\n<meta name=\"twitter:card\" content=\"summary_large_image\" \/>\n<meta name=\"twitter:title\" content=\"Simon Ogrin : Travel-Slovenia\" \/>\n<meta name=\"twitter:description\" content=\"Simon Ogrin je bil slovenski slikar, pripadnik nazarenske smeri, rojen 6. oktobra 1851 v Stari Vrhniki, umrl je 3. maja 1930 na Vrhniki.\" \/>\n<meta name=\"twitter:image\" content=\"https:\/\/www.travel-slovenia.si\/slo\/wp-content\/uploads\/2017\/10\/travel-slovenia-simon-ogrin.jpg\" \/>\n<meta name=\"twitter:label1\" content=\"Est. reading time\" \/>\n\t<meta name=\"twitter:data1\" content=\"2 minuti\" \/>\n<script type=\"application\/ld+json\" class=\"yoast-schema-graph\">{\"@context\":\"https:\/\/schema.org\",\"@graph\":[{\"@type\":\"WebPage\",\"@id\":\"https:\/\/www.travel-slovenia.si\/slo\/simon-ogrin\/\",\"url\":\"https:\/\/www.travel-slovenia.si\/slo\/simon-ogrin\/\",\"name\":\"Simon Ogrin : Travel-Slovenia\",\"isPartOf\":{\"@id\":\"https:\/\/www.travel-slovenia.si\/slo\/#website\"},\"primaryImageOfPage\":{\"@id\":\"https:\/\/www.travel-slovenia.si\/slo\/simon-ogrin\/#primaryimage\"},\"image\":{\"@id\":\"https:\/\/www.travel-slovenia.si\/slo\/simon-ogrin\/#primaryimage\"},\"thumbnailUrl\":\"https:\/\/www.travel-slovenia.si\/slo\/wp-content\/uploads\/2017\/10\/travel-slovenia-simon-ogrin.jpg\",\"datePublished\":\"2017-10-06T08:05:19+00:00\",\"description\":\"Simon Ogrin je bil slovenski slikar, pripadnik nazarenske smeri, rojen 6. oktobra 1851 v Stari Vrhniki, umrl je 3. maja 1930 na Vrhniki.\",\"breadcrumb\":{\"@id\":\"https:\/\/www.travel-slovenia.si\/slo\/simon-ogrin\/#breadcrumb\"},\"inLanguage\":\"sl-SI\",\"potentialAction\":[{\"@type\":\"ReadAction\",\"target\":[\"https:\/\/www.travel-slovenia.si\/slo\/simon-ogrin\/\"]}]},{\"@type\":\"ImageObject\",\"inLanguage\":\"sl-SI\",\"@id\":\"https:\/\/www.travel-slovenia.si\/slo\/simon-ogrin\/#primaryimage\",\"url\":\"https:\/\/www.travel-slovenia.si\/slo\/wp-content\/uploads\/2017\/10\/travel-slovenia-simon-ogrin.jpg\",\"contentUrl\":\"https:\/\/www.travel-slovenia.si\/slo\/wp-content\/uploads\/2017\/10\/travel-slovenia-simon-ogrin.jpg\",\"width\":400,\"height\":508,\"caption\":\"Simon Ogrin\"},{\"@type\":\"BreadcrumbList\",\"@id\":\"https:\/\/www.travel-slovenia.si\/slo\/simon-ogrin\/#breadcrumb\",\"itemListElement\":[{\"@type\":\"ListItem\",\"position\":1,\"name\":\"Home\",\"item\":\"https:\/\/www.travel-slovenia.si\/slo\/\"},{\"@type\":\"ListItem\",\"position\":2,\"name\":\"Simon Ogrin\"}]},{\"@type\":\"WebSite\",\"@id\":\"https:\/\/www.travel-slovenia.si\/slo\/#website\",\"url\":\"https:\/\/www.travel-slovenia.si\/slo\/\",\"name\":\"Travel Slovenia - Sledite lepotam na\u0161e male dr\u017eavice\",\"description\":\"\",\"potentialAction\":[{\"@type\":\"SearchAction\",\"target\":{\"@type\":\"EntryPoint\",\"urlTemplate\":\"https:\/\/www.travel-slovenia.si\/slo\/?s={search_term_string}\"},\"query-input\":{\"@type\":\"PropertyValueSpecification\",\"valueRequired\":true,\"valueName\":\"search_term_string\"}}],\"inLanguage\":\"sl-SI\"}]}<\/script>\n<!-- \/ Yoast SEO plugin. -->","yoast_head_json":{"title":"Simon Ogrin : Travel-Slovenia","description":"Simon Ogrin je bil slovenski slikar, pripadnik nazarenske smeri, rojen 6. oktobra 1851 v Stari Vrhniki, umrl je 3. maja 1930 na Vrhniki.","robots":{"index":"index","follow":"follow","max-snippet":"max-snippet:-1","max-image-preview":"max-image-preview:large","max-video-preview":"max-video-preview:-1"},"canonical":"https:\/\/www.travel-slovenia.si\/slo\/simon-ogrin\/","og_locale":"sl_SI","og_type":"article","og_title":"Simon Ogrin : Travel-Slovenia","og_description":"Simon Ogrin je bil slovenski slikar, pripadnik nazarenske smeri, rojen 6. oktobra 1851 v Stari Vrhniki, umrl je 3. maja 1930 na Vrhniki.","og_url":"https:\/\/www.travel-slovenia.si\/slo\/simon-ogrin\/","og_site_name":"Travel Slovenia - Sledite lepotam na\u0161e male dr\u017eavice","og_image":[{"width":400,"height":508,"url":"https:\/\/www.travel-slovenia.si\/slo\/wp-content\/uploads\/2017\/10\/travel-slovenia-simon-ogrin.jpg","type":"image\/jpeg"}],"twitter_card":"summary_large_image","twitter_title":"Simon Ogrin : Travel-Slovenia","twitter_description":"Simon Ogrin je bil slovenski slikar, pripadnik nazarenske smeri, rojen 6. oktobra 1851 v Stari Vrhniki, umrl je 3. maja 1930 na Vrhniki.","twitter_image":"https:\/\/www.travel-slovenia.si\/slo\/wp-content\/uploads\/2017\/10\/travel-slovenia-simon-ogrin.jpg","twitter_misc":{"Est. reading time":"2 minuti"},"schema":{"@context":"https:\/\/schema.org","@graph":[{"@type":"WebPage","@id":"https:\/\/www.travel-slovenia.si\/slo\/simon-ogrin\/","url":"https:\/\/www.travel-slovenia.si\/slo\/simon-ogrin\/","name":"Simon Ogrin : Travel-Slovenia","isPartOf":{"@id":"https:\/\/www.travel-slovenia.si\/slo\/#website"},"primaryImageOfPage":{"@id":"https:\/\/www.travel-slovenia.si\/slo\/simon-ogrin\/#primaryimage"},"image":{"@id":"https:\/\/www.travel-slovenia.si\/slo\/simon-ogrin\/#primaryimage"},"thumbnailUrl":"https:\/\/www.travel-slovenia.si\/slo\/wp-content\/uploads\/2017\/10\/travel-slovenia-simon-ogrin.jpg","datePublished":"2017-10-06T08:05:19+00:00","description":"Simon Ogrin je bil slovenski slikar, pripadnik nazarenske smeri, rojen 6. oktobra 1851 v Stari Vrhniki, umrl je 3. maja 1930 na Vrhniki.","breadcrumb":{"@id":"https:\/\/www.travel-slovenia.si\/slo\/simon-ogrin\/#breadcrumb"},"inLanguage":"sl-SI","potentialAction":[{"@type":"ReadAction","target":["https:\/\/www.travel-slovenia.si\/slo\/simon-ogrin\/"]}]},{"@type":"ImageObject","inLanguage":"sl-SI","@id":"https:\/\/www.travel-slovenia.si\/slo\/simon-ogrin\/#primaryimage","url":"https:\/\/www.travel-slovenia.si\/slo\/wp-content\/uploads\/2017\/10\/travel-slovenia-simon-ogrin.jpg","contentUrl":"https:\/\/www.travel-slovenia.si\/slo\/wp-content\/uploads\/2017\/10\/travel-slovenia-simon-ogrin.jpg","width":400,"height":508,"caption":"Simon Ogrin"},{"@type":"BreadcrumbList","@id":"https:\/\/www.travel-slovenia.si\/slo\/simon-ogrin\/#breadcrumb","itemListElement":[{"@type":"ListItem","position":1,"name":"Home","item":"https:\/\/www.travel-slovenia.si\/slo\/"},{"@type":"ListItem","position":2,"name":"Simon Ogrin"}]},{"@type":"WebSite","@id":"https:\/\/www.travel-slovenia.si\/slo\/#website","url":"https:\/\/www.travel-slovenia.si\/slo\/","name":"Travel Slovenia - Sledite lepotam na\u0161e male dr\u017eavice","description":"","potentialAction":[{"@type":"SearchAction","target":{"@type":"EntryPoint","urlTemplate":"https:\/\/www.travel-slovenia.si\/slo\/?s={search_term_string}"},"query-input":{"@type":"PropertyValueSpecification","valueRequired":true,"valueName":"search_term_string"}}],"inLanguage":"sl-SI"}]}},"post_mailing_queue_ids":[],"_links":{"self":[{"href":"https:\/\/www.travel-slovenia.si\/slo\/wp-json\/wp\/v2\/pages\/7037","targetHints":{"allow":["GET"]}}],"collection":[{"href":"https:\/\/www.travel-slovenia.si\/slo\/wp-json\/wp\/v2\/pages"}],"about":[{"href":"https:\/\/www.travel-slovenia.si\/slo\/wp-json\/wp\/v2\/types\/page"}],"author":[{"embeddable":true,"href":"https:\/\/www.travel-slovenia.si\/slo\/wp-json\/wp\/v2\/users\/111"}],"replies":[{"embeddable":true,"href":"https:\/\/www.travel-slovenia.si\/slo\/wp-json\/wp\/v2\/comments?post=7037"}],"version-history":[{"count":1,"href":"https:\/\/www.travel-slovenia.si\/slo\/wp-json\/wp\/v2\/pages\/7037\/revisions"}],"predecessor-version":[{"id":7041,"href":"https:\/\/www.travel-slovenia.si\/slo\/wp-json\/wp\/v2\/pages\/7037\/revisions\/7041"}],"wp:attachment":[{"href":"https:\/\/www.travel-slovenia.si\/slo\/wp-json\/wp\/v2\/media?parent=7037"}],"curies":[{"name":"wp","href":"https:\/\/api.w.org\/{rel}","templated":true}]}}