{"id":6970,"date":"2017-09-19T17:56:57","date_gmt":"2017-09-19T15:56:57","guid":{"rendered":"https:\/\/www.travel-slovenia.si\/slo\/?page_id=6970"},"modified":"2017-09-19T17:56:57","modified_gmt":"2017-09-19T15:56:57","slug":"matevz-ravnikar","status":"publish","type":"page","link":"https:\/\/www.travel-slovenia.si\/slo\/matevz-ravnikar\/","title":{"rendered":"Matev\u017e Ravnikar"},"content":{"rendered":"<figure id=\"attachment_6971\" class=\"wp-caption alignleft\" style=\"max-width: 300px\"><img loading=\"lazy\" decoding=\"async\" class=\"size-full wp-image-6971\" src=\"https:\/\/www.travel-slovenia.si\/slo\/wp-content\/uploads\/2017\/09\/travel-slovenia-matevz-ravnikar.jpg\" alt=\"\" width=\"300\" height=\"406\" srcset=\"https:\/\/www.travel-slovenia.si\/slo\/wp-content\/uploads\/2017\/09\/travel-slovenia-matevz-ravnikar.jpg 300w, https:\/\/www.travel-slovenia.si\/slo\/wp-content\/uploads\/2017\/09\/travel-slovenia-matevz-ravnikar-222x300.jpg 222w, https:\/\/www.travel-slovenia.si\/slo\/wp-content\/uploads\/2017\/09\/travel-slovenia-matevz-ravnikar-18x24.jpg 18w, https:\/\/www.travel-slovenia.si\/slo\/wp-content\/uploads\/2017\/09\/travel-slovenia-matevz-ravnikar-27x36.jpg 27w, https:\/\/www.travel-slovenia.si\/slo\/wp-content\/uploads\/2017\/09\/travel-slovenia-matevz-ravnikar-35x48.jpg 35w\" sizes=\"auto, (max-width: 300px) 100vw, 300px\" \/><figcaption class=\"wp-caption-text\">Matev\u017e Ravnikar<\/figcaption><\/figure>\n<p style=\"text-align: justify;\">Matev\u017e Ravnikar, poznan tudi pod imeni Raunicher Matteo, Matevsh Ravnikar, Matej Ravnikar in Matthseus Raunicher, je bil slovenski rimskokatoli\u0161ki duhovnik in \u0161kof, ki se je rodil 20. septembra 1776 v Va\u010dah. Umrl je 20. novembra 1845 v Trstu, takratno Avstrijsko cesarstvo.<\/p>\n<p style=\"text-align: justify;\">Matev\u017e Ravnikar se ume\u0161\u010da v obdobje Franceta Pre\u0161erna, Ilirskih provinc, Napoleona in v \u010das Romantike ter narodnega prebujanja. Bil je ustanovitelj slovenske stolnice oziroma katedre za slovenski jezik na ljubljanski teolo\u0161ki akademiji oziroma bogoslovnici, zaradi \u010desar je u\u017eival velik ugled. Ustanovil jo je leta 1815 s Zoisovo in Kopitarjevo pomo\u010djo, s tem pa se je pri\u010dela organizirana skrb za slovenski jezik.<\/p>\n<p style=\"text-align: justify;\">Obenem pa je bil kancler Ljubljanske centralne \u0161ole, predavatelj filozofije in Svetega pisma. Bil je tudi koprsko-tr\u017ea\u0161ki \u0161kof, buditelj narodne zavesti in borec za slovenski jezik. Bil je \u0161kof, janezist, duhovnik ter nabo\u017eni pisatelj. V svojem \u010dasu je napisal veliko knjig in prevodov, med njimi je najbolj znana knjiga Zgodbe Svetega pisma za mlade ljudi. Pred smrtjo je v oporoki ustanovil sklad, iz katerega se je financiralo \u0161est \u0161tipendij za \u0161olajo\u010do mladino. Pri podeljevanju dveh \u0161tipendij so imeli prednost sorodniki in rojaki iz Va\u010d.<\/p>\n<p style=\"text-align: justify;\">Poimenovali so ga &#8221;o\u010de&#8221; oziroma reformator slovenske proze, zaradi njegove skrbnosti za slovenski jezik. S pomo\u010djo Kopitarja je posku\u0161al popolnoma slovenizirati osnovno in nadaljevalno \u0161olo. Kopitar je za Ravnikarja zapisal, da je mo\u017e &#8221;kot ga kranjska literatura ni imela&#8221;. Njegove knjige so imele tako \u010disto sloven\u0161\u010dino, kot nobena druga.<\/p>\n<p style=\"text-align: justify;\">Matev\u017e Ravnikar je bil v \u010dasu dela kot profesor vedno prisoten na izpitih Franceta Pre\u0161erna, na vseh opravljenih izpitih pa je tudi njegov podpis. Pre\u0161eren je vse izpite opravil z odliko. A so Ravnikarjeve slovni\u010dne stranpoti pri Pre\u0161ernu izzvale odpor, zato je zapisal:<br \/>\n\u00bb<em>Gorjancov na\u0161ih jezik potuj\u010dvav\u0161i si kriv, de kolne kmet, molitve brav\u0161i.<\/em>\u00ab<\/p>\n<p>&nbsp;<\/p>\n<table>\n<tbody>\n<tr>\n<td style=\"text-align: center;\"><a href=\"https:\/\/www.travel-slovenia.si\/slo\/zgodovinske-osebnosti\/\"><img loading=\"lazy\" decoding=\"async\" class=\"alignleft wp-image-4499 size-full\" src=\"https:\/\/www.travel-slovenia.si\/slo\/wp-content\/uploads\/2014\/09\/travel-slovenia-povezava-na-drugo.jpg\" alt=\"travel-slovenia-povezava-na-drugo\" width=\"128\" height=\"22\" srcset=\"https:\/\/www.travel-slovenia.si\/slo\/wp-content\/uploads\/2014\/09\/travel-slovenia-povezava-na-drugo.jpg 128w, https:\/\/www.travel-slovenia.si\/slo\/wp-content\/uploads\/2014\/09\/travel-slovenia-povezava-na-drugo-24x4.jpg 24w, https:\/\/www.travel-slovenia.si\/slo\/wp-content\/uploads\/2014\/09\/travel-slovenia-povezava-na-drugo-36x6.jpg 36w, https:\/\/www.travel-slovenia.si\/slo\/wp-content\/uploads\/2014\/09\/travel-slovenia-povezava-na-drugo-48x8.jpg 48w\" sizes=\"auto, (max-width: 128px) 100vw, 128px\" \/><\/a><a href=\"https:\/\/www.travel-slovenia.si\/slo\/zgodovinske-osebnosti\/\">Poglejte \u0161e druge zgodovinske osebnosti!<\/a><a href=\"https:\/\/www.travel-slovenia.si\/slo\/zgodovinske-osebnosti\/\"><img loading=\"lazy\" decoding=\"async\" class=\"alignright wp-image-4500 size-full\" src=\"https:\/\/www.travel-slovenia.si\/slo\/wp-content\/uploads\/2014\/09\/travel-slovenia-povezava-na-drugo2.jpg\" alt=\"travel-slovenia-povezava-na-drugo2\" width=\"128\" height=\"22\" srcset=\"https:\/\/www.travel-slovenia.si\/slo\/wp-content\/uploads\/2014\/09\/travel-slovenia-povezava-na-drugo2.jpg 128w, https:\/\/www.travel-slovenia.si\/slo\/wp-content\/uploads\/2014\/09\/travel-slovenia-povezava-na-drugo2-24x4.jpg 24w, https:\/\/www.travel-slovenia.si\/slo\/wp-content\/uploads\/2014\/09\/travel-slovenia-povezava-na-drugo2-36x6.jpg 36w, https:\/\/www.travel-slovenia.si\/slo\/wp-content\/uploads\/2014\/09\/travel-slovenia-povezava-na-drugo2-48x8.jpg 48w\" sizes=\"auto, (max-width: 128px) 100vw, 128px\" \/><\/a><\/td>\n<\/tr>\n<\/tbody>\n<\/table>\n","protected":false},"excerpt":{"rendered":"<p>Matev\u017e Ravnikar, poznan tudi pod imeni Raunicher Matteo, Matevsh Ravnikar, Matej Ravnikar in Matthseus Raunicher, je bil slovenski rimskokatoli\u0161ki duhovnik in \u0161kof, ki se je rodil 20. septembra 1776 v Va\u010dah. Umrl je 20. novembra 1845 v Trstu, takratno Avstrijsko cesarstvo. Matev\u017e Ravnikar se ume\u0161\u010da v obdobje Franceta Pre\u0161erna, Ilirskih provinc, Napoleona in v \u010das [&hellip;]<\/p>\n","protected":false},"author":111,"featured_media":0,"parent":0,"menu_order":0,"comment_status":"closed","ping_status":"closed","template":"","meta":{"footnotes":""},"class_list":["post-6970","page","type-page","status-publish","hentry"],"yoast_head":"<!-- This site is optimized with the Yoast SEO plugin v25.4 - https:\/\/yoast.com\/wordpress\/plugins\/seo\/ -->\n<title>Matev\u017e Ravnikar : Travel-Slovenia<\/title>\n<meta name=\"description\" content=\"Matev\u017e Ravnikar je bil slovenski rimskokatoli\u0161ki duhovnik in \u0161kof, ki se je rodil 20. septembra 1776 v Va\u010dah. Umrl je 20. novembra 1845 v Trstu.\" \/>\n<meta name=\"robots\" content=\"index, follow, max-snippet:-1, max-image-preview:large, max-video-preview:-1\" \/>\n<link rel=\"canonical\" href=\"https:\/\/www.travel-slovenia.si\/slo\/matevz-ravnikar\/\" \/>\n<meta property=\"og:locale\" content=\"sl_SI\" \/>\n<meta property=\"og:type\" content=\"article\" \/>\n<meta property=\"og:title\" content=\"Matev\u017e Ravnikar : Travel-Slovenia\" \/>\n<meta property=\"og:description\" content=\"Matev\u017e Ravnikar je bil slovenski rimskokatoli\u0161ki duhovnik in \u0161kof, ki se je rodil 20. septembra 1776 v Va\u010dah. Umrl je 20. novembra 1845 v Trstu.\" \/>\n<meta property=\"og:url\" content=\"https:\/\/www.travel-slovenia.si\/slo\/matevz-ravnikar\/\" \/>\n<meta property=\"og:site_name\" content=\"Travel Slovenia - Sledite lepotam na\u0161e male dr\u017eavice\" \/>\n<meta property=\"og:image\" content=\"https:\/\/www.travel-slovenia.si\/slo\/wp-content\/uploads\/2017\/09\/travel-slovenia-matevz-ravnikar.jpg\" \/>\n\t<meta property=\"og:image:width\" content=\"300\" \/>\n\t<meta property=\"og:image:height\" content=\"406\" \/>\n\t<meta property=\"og:image:type\" content=\"image\/jpeg\" \/>\n<meta name=\"twitter:card\" content=\"summary_large_image\" \/>\n<meta name=\"twitter:title\" content=\"Matev\u017e Ravnikar : Travel-Slovenia\" \/>\n<meta name=\"twitter:description\" content=\"Matev\u017e Ravnikar je bil slovenski rimskokatoli\u0161ki duhovnik in \u0161kof, ki se je rodil 20. septembra 1776 v Va\u010dah. Umrl je 20. novembra 1845 v Trstu.\" \/>\n<meta name=\"twitter:image\" content=\"https:\/\/www.travel-slovenia.si\/slo\/wp-content\/uploads\/2017\/09\/travel-slovenia-matevz-ravnikar.jpg\" \/>\n<meta name=\"twitter:label1\" content=\"Est. reading time\" \/>\n\t<meta name=\"twitter:data1\" content=\"2 minuti\" \/>\n<script type=\"application\/ld+json\" class=\"yoast-schema-graph\">{\"@context\":\"https:\/\/schema.org\",\"@graph\":[{\"@type\":\"WebPage\",\"@id\":\"https:\/\/www.travel-slovenia.si\/slo\/matevz-ravnikar\/\",\"url\":\"https:\/\/www.travel-slovenia.si\/slo\/matevz-ravnikar\/\",\"name\":\"Matev\u017e Ravnikar : Travel-Slovenia\",\"isPartOf\":{\"@id\":\"https:\/\/www.travel-slovenia.si\/slo\/#website\"},\"primaryImageOfPage\":{\"@id\":\"https:\/\/www.travel-slovenia.si\/slo\/matevz-ravnikar\/#primaryimage\"},\"image\":{\"@id\":\"https:\/\/www.travel-slovenia.si\/slo\/matevz-ravnikar\/#primaryimage\"},\"thumbnailUrl\":\"https:\/\/www.travel-slovenia.si\/slo\/wp-content\/uploads\/2017\/09\/travel-slovenia-matevz-ravnikar.jpg\",\"datePublished\":\"2017-09-19T15:56:57+00:00\",\"description\":\"Matev\u017e Ravnikar je bil slovenski rimskokatoli\u0161ki duhovnik in \u0161kof, ki se je rodil 20. septembra 1776 v Va\u010dah. Umrl je 20. novembra 1845 v Trstu.\",\"breadcrumb\":{\"@id\":\"https:\/\/www.travel-slovenia.si\/slo\/matevz-ravnikar\/#breadcrumb\"},\"inLanguage\":\"sl-SI\",\"potentialAction\":[{\"@type\":\"ReadAction\",\"target\":[\"https:\/\/www.travel-slovenia.si\/slo\/matevz-ravnikar\/\"]}]},{\"@type\":\"ImageObject\",\"inLanguage\":\"sl-SI\",\"@id\":\"https:\/\/www.travel-slovenia.si\/slo\/matevz-ravnikar\/#primaryimage\",\"url\":\"https:\/\/www.travel-slovenia.si\/slo\/wp-content\/uploads\/2017\/09\/travel-slovenia-matevz-ravnikar.jpg\",\"contentUrl\":\"https:\/\/www.travel-slovenia.si\/slo\/wp-content\/uploads\/2017\/09\/travel-slovenia-matevz-ravnikar.jpg\",\"width\":300,\"height\":406,\"caption\":\"Matev\u017e Ravnikar\"},{\"@type\":\"BreadcrumbList\",\"@id\":\"https:\/\/www.travel-slovenia.si\/slo\/matevz-ravnikar\/#breadcrumb\",\"itemListElement\":[{\"@type\":\"ListItem\",\"position\":1,\"name\":\"Home\",\"item\":\"https:\/\/www.travel-slovenia.si\/slo\/\"},{\"@type\":\"ListItem\",\"position\":2,\"name\":\"Matev\u017e Ravnikar\"}]},{\"@type\":\"WebSite\",\"@id\":\"https:\/\/www.travel-slovenia.si\/slo\/#website\",\"url\":\"https:\/\/www.travel-slovenia.si\/slo\/\",\"name\":\"Travel Slovenia - Sledite lepotam na\u0161e male dr\u017eavice\",\"description\":\"\",\"potentialAction\":[{\"@type\":\"SearchAction\",\"target\":{\"@type\":\"EntryPoint\",\"urlTemplate\":\"https:\/\/www.travel-slovenia.si\/slo\/?s={search_term_string}\"},\"query-input\":{\"@type\":\"PropertyValueSpecification\",\"valueRequired\":true,\"valueName\":\"search_term_string\"}}],\"inLanguage\":\"sl-SI\"}]}<\/script>\n<!-- \/ Yoast SEO plugin. -->","yoast_head_json":{"title":"Matev\u017e Ravnikar : Travel-Slovenia","description":"Matev\u017e Ravnikar je bil slovenski rimskokatoli\u0161ki duhovnik in \u0161kof, ki se je rodil 20. septembra 1776 v Va\u010dah. Umrl je 20. novembra 1845 v Trstu.","robots":{"index":"index","follow":"follow","max-snippet":"max-snippet:-1","max-image-preview":"max-image-preview:large","max-video-preview":"max-video-preview:-1"},"canonical":"https:\/\/www.travel-slovenia.si\/slo\/matevz-ravnikar\/","og_locale":"sl_SI","og_type":"article","og_title":"Matev\u017e Ravnikar : Travel-Slovenia","og_description":"Matev\u017e Ravnikar je bil slovenski rimskokatoli\u0161ki duhovnik in \u0161kof, ki se je rodil 20. septembra 1776 v Va\u010dah. Umrl je 20. novembra 1845 v Trstu.","og_url":"https:\/\/www.travel-slovenia.si\/slo\/matevz-ravnikar\/","og_site_name":"Travel Slovenia - Sledite lepotam na\u0161e male dr\u017eavice","og_image":[{"width":300,"height":406,"url":"https:\/\/www.travel-slovenia.si\/slo\/wp-content\/uploads\/2017\/09\/travel-slovenia-matevz-ravnikar.jpg","type":"image\/jpeg"}],"twitter_card":"summary_large_image","twitter_title":"Matev\u017e Ravnikar : Travel-Slovenia","twitter_description":"Matev\u017e Ravnikar je bil slovenski rimskokatoli\u0161ki duhovnik in \u0161kof, ki se je rodil 20. septembra 1776 v Va\u010dah. Umrl je 20. novembra 1845 v Trstu.","twitter_image":"https:\/\/www.travel-slovenia.si\/slo\/wp-content\/uploads\/2017\/09\/travel-slovenia-matevz-ravnikar.jpg","twitter_misc":{"Est. reading time":"2 minuti"},"schema":{"@context":"https:\/\/schema.org","@graph":[{"@type":"WebPage","@id":"https:\/\/www.travel-slovenia.si\/slo\/matevz-ravnikar\/","url":"https:\/\/www.travel-slovenia.si\/slo\/matevz-ravnikar\/","name":"Matev\u017e Ravnikar : Travel-Slovenia","isPartOf":{"@id":"https:\/\/www.travel-slovenia.si\/slo\/#website"},"primaryImageOfPage":{"@id":"https:\/\/www.travel-slovenia.si\/slo\/matevz-ravnikar\/#primaryimage"},"image":{"@id":"https:\/\/www.travel-slovenia.si\/slo\/matevz-ravnikar\/#primaryimage"},"thumbnailUrl":"https:\/\/www.travel-slovenia.si\/slo\/wp-content\/uploads\/2017\/09\/travel-slovenia-matevz-ravnikar.jpg","datePublished":"2017-09-19T15:56:57+00:00","description":"Matev\u017e Ravnikar je bil slovenski rimskokatoli\u0161ki duhovnik in \u0161kof, ki se je rodil 20. septembra 1776 v Va\u010dah. Umrl je 20. novembra 1845 v Trstu.","breadcrumb":{"@id":"https:\/\/www.travel-slovenia.si\/slo\/matevz-ravnikar\/#breadcrumb"},"inLanguage":"sl-SI","potentialAction":[{"@type":"ReadAction","target":["https:\/\/www.travel-slovenia.si\/slo\/matevz-ravnikar\/"]}]},{"@type":"ImageObject","inLanguage":"sl-SI","@id":"https:\/\/www.travel-slovenia.si\/slo\/matevz-ravnikar\/#primaryimage","url":"https:\/\/www.travel-slovenia.si\/slo\/wp-content\/uploads\/2017\/09\/travel-slovenia-matevz-ravnikar.jpg","contentUrl":"https:\/\/www.travel-slovenia.si\/slo\/wp-content\/uploads\/2017\/09\/travel-slovenia-matevz-ravnikar.jpg","width":300,"height":406,"caption":"Matev\u017e Ravnikar"},{"@type":"BreadcrumbList","@id":"https:\/\/www.travel-slovenia.si\/slo\/matevz-ravnikar\/#breadcrumb","itemListElement":[{"@type":"ListItem","position":1,"name":"Home","item":"https:\/\/www.travel-slovenia.si\/slo\/"},{"@type":"ListItem","position":2,"name":"Matev\u017e Ravnikar"}]},{"@type":"WebSite","@id":"https:\/\/www.travel-slovenia.si\/slo\/#website","url":"https:\/\/www.travel-slovenia.si\/slo\/","name":"Travel Slovenia - Sledite lepotam na\u0161e male dr\u017eavice","description":"","potentialAction":[{"@type":"SearchAction","target":{"@type":"EntryPoint","urlTemplate":"https:\/\/www.travel-slovenia.si\/slo\/?s={search_term_string}"},"query-input":{"@type":"PropertyValueSpecification","valueRequired":true,"valueName":"search_term_string"}}],"inLanguage":"sl-SI"}]}},"post_mailing_queue_ids":[],"_links":{"self":[{"href":"https:\/\/www.travel-slovenia.si\/slo\/wp-json\/wp\/v2\/pages\/6970","targetHints":{"allow":["GET"]}}],"collection":[{"href":"https:\/\/www.travel-slovenia.si\/slo\/wp-json\/wp\/v2\/pages"}],"about":[{"href":"https:\/\/www.travel-slovenia.si\/slo\/wp-json\/wp\/v2\/types\/page"}],"author":[{"embeddable":true,"href":"https:\/\/www.travel-slovenia.si\/slo\/wp-json\/wp\/v2\/users\/111"}],"replies":[{"embeddable":true,"href":"https:\/\/www.travel-slovenia.si\/slo\/wp-json\/wp\/v2\/comments?post=6970"}],"version-history":[{"count":1,"href":"https:\/\/www.travel-slovenia.si\/slo\/wp-json\/wp\/v2\/pages\/6970\/revisions"}],"predecessor-version":[{"id":6974,"href":"https:\/\/www.travel-slovenia.si\/slo\/wp-json\/wp\/v2\/pages\/6970\/revisions\/6974"}],"wp:attachment":[{"href":"https:\/\/www.travel-slovenia.si\/slo\/wp-json\/wp\/v2\/media?parent=6970"}],"curies":[{"name":"wp","href":"https:\/\/api.w.org\/{rel}","templated":true}]}}