{"id":6932,"date":"2017-08-28T15:42:14","date_gmt":"2017-08-28T13:42:14","guid":{"rendered":"https:\/\/www.travel-slovenia.si\/slo\/?page_id=6932"},"modified":"2017-08-28T15:42:14","modified_gmt":"2017-08-28T13:42:14","slug":"prva-motociklisticna-dirka-v-sloveniji","status":"publish","type":"page","link":"https:\/\/www.travel-slovenia.si\/slo\/prva-motociklisticna-dirka-v-sloveniji\/","title":{"rendered":"Prva motociklisti\u010dna dirka v Sloveniji"},"content":{"rendered":"<figure id=\"attachment_6933\" class=\"wp-caption alignleft\" style=\"max-width: 300px\"><img loading=\"lazy\" decoding=\"async\" class=\"size-medium wp-image-6933\" src=\"https:\/\/www.travel-slovenia.si\/slo\/wp-content\/uploads\/2017\/08\/travel-slovenia-prva-motociklisticna-dirka-v-sloveniji-300x221.jpg\" alt=\"\" width=\"300\" height=\"221\" srcset=\"https:\/\/www.travel-slovenia.si\/slo\/wp-content\/uploads\/2017\/08\/travel-slovenia-prva-motociklisticna-dirka-v-sloveniji-300x221.jpg 300w, https:\/\/www.travel-slovenia.si\/slo\/wp-content\/uploads\/2017\/08\/travel-slovenia-prva-motociklisticna-dirka-v-sloveniji-24x18.jpg 24w, https:\/\/www.travel-slovenia.si\/slo\/wp-content\/uploads\/2017\/08\/travel-slovenia-prva-motociklisticna-dirka-v-sloveniji-36x26.jpg 36w, https:\/\/www.travel-slovenia.si\/slo\/wp-content\/uploads\/2017\/08\/travel-slovenia-prva-motociklisticna-dirka-v-sloveniji-48x35.jpg 48w, https:\/\/www.travel-slovenia.si\/slo\/wp-content\/uploads\/2017\/08\/travel-slovenia-prva-motociklisticna-dirka-v-sloveniji.jpg 400w\" sizes=\"auto, (max-width: 300px) 100vw, 300px\" \/><figcaption class=\"wp-caption-text\">Tekmovalci prve motoristi\u010dne dirke<\/figcaption><\/figure>\n<p style=\"text-align: justify;\">Na cesti med Podlipo in Smre\u010djem pri Vrhniki so 29. avgusta 1920 organizirali prvo motociklisti\u010dno dirko v Sloveniji. V tistem \u010dasu je bila gorska cesta med Podlipo in Smre\u010djem idealna proga, saj je bila dovolj utrjena in pregledna. Po sami zasnovi se je uvr\u0161\u010dala med &#8221;stare&#8221;, zaradi strmih in ostrih ovinkov. Na prvi motociklisti\u010dni dirki se je zbralo 21 tekmovalcev, trije so med mo\u010dnim de\u017eevjem pri\u0161li celo iz Zagreba ter dva iz Cerknice.<\/p>\n<p style=\"text-align: justify;\">Tekmovalce je v Podlipi pri\u010dakalo son\u010dno vreme, rahla vla\u017ena makadamska cesta pa je obetala prijetno vo\u017enjo, saj se z nje ni dvigoval prah. Gledalci prve motociklisti\u010dne dirke so lahko u\u017eivali nad \u017eivahnim drvenjem na cesti, saj toliko motociklistov na enkrat \u0161e niso videli. Zaradi nepoznavanja proge so tekmovalci \u010das pred dirko izkoristili za spoznavanje ovinkov. Ker so jih preizku\u0161ali vsi naenkrat, je v tak\u0161ni zmedi prihajalo do nesre\u010d. Pred samim \u0161tartom je zaradi okvar motorjev odstopilo pet tekmovalcev.<\/p>\n<p style=\"text-align: justify;\">Zmagovalec v skupini z motorji do 2,75 KM je bil Cerkni\u010dan Kordan, v skupini do 3,5 KM sta zmagala Zagreb\u010dana Satler in Boro\u0161ek, v skupini do 4,5 KM pa Ljubljan\u010dan Bare\u0161i\u010d. Obenem pa je Bare\u0161i\u010d dosegel najbolj\u0161i \u010das dneva. \u010cetrte skupine ni bilo, v peti skupini z motorji do 9,5 KM je vozil le en tekmovalec.<\/p>\n<p style=\"text-align: justify;\">Tekmovalci so bili nad cesto navdu\u0161eni ter jo poimenovali slovenski Semmering, po avstrijskem prelazu, ki je znan po znamenitih dirkah. Slovenski Semmering se je v naslednjih letih preselil, najprej na Vrhni\u0161ki klanec, potem pa na Ljubelj.<\/p>\n<p>&nbsp;<\/p>\n<table>\n<tbody>\n<tr>\n<td style=\"text-align: center;\"><a href=\"https:\/\/www.travel-slovenia.si\/slo\/na-danasnji-dan\/\"><img loading=\"lazy\" decoding=\"async\" class=\"alignleft wp-image-4499 size-full\" src=\"https:\/\/www.travel-slovenia.si\/slo\/wp-content\/uploads\/2014\/09\/travel-slovenia-povezava-na-drugo.jpg\" alt=\"travel-slovenia-povezava-na-drugo\" width=\"128\" height=\"22\" srcset=\"https:\/\/www.travel-slovenia.si\/slo\/wp-content\/uploads\/2014\/09\/travel-slovenia-povezava-na-drugo.jpg 128w, https:\/\/www.travel-slovenia.si\/slo\/wp-content\/uploads\/2014\/09\/travel-slovenia-povezava-na-drugo-24x4.jpg 24w, https:\/\/www.travel-slovenia.si\/slo\/wp-content\/uploads\/2014\/09\/travel-slovenia-povezava-na-drugo-36x6.jpg 36w, https:\/\/www.travel-slovenia.si\/slo\/wp-content\/uploads\/2014\/09\/travel-slovenia-povezava-na-drugo-48x8.jpg 48w\" sizes=\"auto, (max-width: 128px) 100vw, 128px\" \/><\/a><a href=\"https:\/\/www.travel-slovenia.si\/slo\/na-danasnji-dan\/\">Poglejte \u0161e druge pomembne dogodke!<\/a><a href=\"https:\/\/www.travel-slovenia.si\/slo\/na-danasnji-dan\/\"><img loading=\"lazy\" decoding=\"async\" class=\"alignright wp-image-4500 size-full\" src=\"https:\/\/www.travel-slovenia.si\/slo\/wp-content\/uploads\/2014\/09\/travel-slovenia-povezava-na-drugo2.jpg\" alt=\"travel-slovenia-povezava-na-drugo2\" width=\"128\" height=\"22\" srcset=\"https:\/\/www.travel-slovenia.si\/slo\/wp-content\/uploads\/2014\/09\/travel-slovenia-povezava-na-drugo2.jpg 128w, https:\/\/www.travel-slovenia.si\/slo\/wp-content\/uploads\/2014\/09\/travel-slovenia-povezava-na-drugo2-24x4.jpg 24w, https:\/\/www.travel-slovenia.si\/slo\/wp-content\/uploads\/2014\/09\/travel-slovenia-povezava-na-drugo2-36x6.jpg 36w, https:\/\/www.travel-slovenia.si\/slo\/wp-content\/uploads\/2014\/09\/travel-slovenia-povezava-na-drugo2-48x8.jpg 48w\" sizes=\"auto, (max-width: 128px) 100vw, 128px\" \/><\/a><\/td>\n<\/tr>\n<\/tbody>\n<\/table>\n","protected":false},"excerpt":{"rendered":"<p>Na cesti med Podlipo in Smre\u010djem pri Vrhniki so 29. avgusta 1920 organizirali prvo motociklisti\u010dno dirko v Sloveniji. V tistem \u010dasu je bila gorska cesta med Podlipo in Smre\u010djem idealna proga, saj je bila dovolj utrjena in pregledna. Po sami zasnovi se je uvr\u0161\u010dala med &#8221;stare&#8221;, zaradi strmih in ostrih ovinkov. Na prvi motociklisti\u010dni dirki [&hellip;]<\/p>\n","protected":false},"author":111,"featured_media":0,"parent":0,"menu_order":0,"comment_status":"closed","ping_status":"closed","template":"","meta":{"footnotes":""},"class_list":["post-6932","page","type-page","status-publish","hentry"],"yoast_head":"<!-- This site is optimized with the Yoast SEO plugin v25.4 - https:\/\/yoast.com\/wordpress\/plugins\/seo\/ -->\n<title>Prva motociklisti\u010dna dirka v Sloveniji : Travel-Slovenia<\/title>\n<meta name=\"description\" content=\"Na cesti med Podlipo in Smre\u010djem pri Vrhniki so 29. avgusta 1920 organizirali prvo motociklisti\u010dno dirko v Sloveniji.\" \/>\n<meta name=\"robots\" content=\"index, follow, max-snippet:-1, max-image-preview:large, max-video-preview:-1\" \/>\n<link rel=\"canonical\" href=\"https:\/\/www.travel-slovenia.si\/slo\/prva-motociklisticna-dirka-v-sloveniji\/\" \/>\n<meta property=\"og:locale\" content=\"sl_SI\" \/>\n<meta property=\"og:type\" content=\"article\" \/>\n<meta property=\"og:title\" content=\"Prva motociklisti\u010dna dirka v Sloveniji : Travel-Slovenia\" \/>\n<meta property=\"og:description\" content=\"Na cesti med Podlipo in Smre\u010djem pri Vrhniki so 29. avgusta 1920 organizirali prvo motociklisti\u010dno dirko v Sloveniji.\" \/>\n<meta property=\"og:url\" content=\"https:\/\/www.travel-slovenia.si\/slo\/prva-motociklisticna-dirka-v-sloveniji\/\" \/>\n<meta property=\"og:site_name\" content=\"Travel Slovenia - Sledite lepotam na\u0161e male dr\u017eavice\" \/>\n<meta property=\"og:image\" content=\"https:\/\/www.travel-slovenia.si\/slo\/wp-content\/uploads\/2017\/08\/travel-slovenia-prva-motociklisticna-dirka-v-sloveniji.jpg\" \/>\n\t<meta property=\"og:image:width\" content=\"400\" \/>\n\t<meta property=\"og:image:height\" content=\"294\" \/>\n\t<meta property=\"og:image:type\" content=\"image\/jpeg\" \/>\n<meta name=\"twitter:card\" content=\"summary_large_image\" \/>\n<meta name=\"twitter:title\" content=\"Prva motociklisti\u010dna dirka v Sloveniji : Travel-Slovenia\" \/>\n<meta name=\"twitter:description\" content=\"Na cesti med Podlipo in Smre\u010djem pri Vrhniki so 29. avgusta 1920 organizirali prvo motociklisti\u010dno dirko v Sloveniji.\" \/>\n<meta name=\"twitter:image\" content=\"https:\/\/www.travel-slovenia.si\/slo\/wp-content\/uploads\/2017\/08\/travel-slovenia-prva-motociklisticna-dirka-v-sloveniji.jpg\" \/>\n<meta name=\"twitter:label1\" content=\"Est. reading time\" \/>\n\t<meta name=\"twitter:data1\" content=\"1 minuta\" \/>\n<script type=\"application\/ld+json\" class=\"yoast-schema-graph\">{\"@context\":\"https:\/\/schema.org\",\"@graph\":[{\"@type\":\"WebPage\",\"@id\":\"https:\/\/www.travel-slovenia.si\/slo\/prva-motociklisticna-dirka-v-sloveniji\/\",\"url\":\"https:\/\/www.travel-slovenia.si\/slo\/prva-motociklisticna-dirka-v-sloveniji\/\",\"name\":\"Prva motociklisti\u010dna dirka v Sloveniji : Travel-Slovenia\",\"isPartOf\":{\"@id\":\"https:\/\/www.travel-slovenia.si\/slo\/#website\"},\"primaryImageOfPage\":{\"@id\":\"https:\/\/www.travel-slovenia.si\/slo\/prva-motociklisticna-dirka-v-sloveniji\/#primaryimage\"},\"image\":{\"@id\":\"https:\/\/www.travel-slovenia.si\/slo\/prva-motociklisticna-dirka-v-sloveniji\/#primaryimage\"},\"thumbnailUrl\":\"https:\/\/www.travel-slovenia.si\/slo\/wp-content\/uploads\/2017\/08\/travel-slovenia-prva-motociklisticna-dirka-v-sloveniji-300x221.jpg\",\"datePublished\":\"2017-08-28T13:42:14+00:00\",\"description\":\"Na cesti med Podlipo in Smre\u010djem pri Vrhniki so 29. avgusta 1920 organizirali prvo motociklisti\u010dno dirko v Sloveniji.\",\"breadcrumb\":{\"@id\":\"https:\/\/www.travel-slovenia.si\/slo\/prva-motociklisticna-dirka-v-sloveniji\/#breadcrumb\"},\"inLanguage\":\"sl-SI\",\"potentialAction\":[{\"@type\":\"ReadAction\",\"target\":[\"https:\/\/www.travel-slovenia.si\/slo\/prva-motociklisticna-dirka-v-sloveniji\/\"]}]},{\"@type\":\"ImageObject\",\"inLanguage\":\"sl-SI\",\"@id\":\"https:\/\/www.travel-slovenia.si\/slo\/prva-motociklisticna-dirka-v-sloveniji\/#primaryimage\",\"url\":\"https:\/\/www.travel-slovenia.si\/slo\/wp-content\/uploads\/2017\/08\/travel-slovenia-prva-motociklisticna-dirka-v-sloveniji.jpg\",\"contentUrl\":\"https:\/\/www.travel-slovenia.si\/slo\/wp-content\/uploads\/2017\/08\/travel-slovenia-prva-motociklisticna-dirka-v-sloveniji.jpg\",\"width\":400,\"height\":294,\"caption\":\"Tekmovalci prve motoristi\u010dne dirke\"},{\"@type\":\"BreadcrumbList\",\"@id\":\"https:\/\/www.travel-slovenia.si\/slo\/prva-motociklisticna-dirka-v-sloveniji\/#breadcrumb\",\"itemListElement\":[{\"@type\":\"ListItem\",\"position\":1,\"name\":\"Home\",\"item\":\"https:\/\/www.travel-slovenia.si\/slo\/\"},{\"@type\":\"ListItem\",\"position\":2,\"name\":\"Prva motociklisti\u010dna dirka v Sloveniji\"}]},{\"@type\":\"WebSite\",\"@id\":\"https:\/\/www.travel-slovenia.si\/slo\/#website\",\"url\":\"https:\/\/www.travel-slovenia.si\/slo\/\",\"name\":\"Travel Slovenia - Sledite lepotam na\u0161e male dr\u017eavice\",\"description\":\"\",\"potentialAction\":[{\"@type\":\"SearchAction\",\"target\":{\"@type\":\"EntryPoint\",\"urlTemplate\":\"https:\/\/www.travel-slovenia.si\/slo\/?s={search_term_string}\"},\"query-input\":{\"@type\":\"PropertyValueSpecification\",\"valueRequired\":true,\"valueName\":\"search_term_string\"}}],\"inLanguage\":\"sl-SI\"}]}<\/script>\n<!-- \/ Yoast SEO plugin. -->","yoast_head_json":{"title":"Prva motociklisti\u010dna dirka v Sloveniji : Travel-Slovenia","description":"Na cesti med Podlipo in Smre\u010djem pri Vrhniki so 29. avgusta 1920 organizirali prvo motociklisti\u010dno dirko v Sloveniji.","robots":{"index":"index","follow":"follow","max-snippet":"max-snippet:-1","max-image-preview":"max-image-preview:large","max-video-preview":"max-video-preview:-1"},"canonical":"https:\/\/www.travel-slovenia.si\/slo\/prva-motociklisticna-dirka-v-sloveniji\/","og_locale":"sl_SI","og_type":"article","og_title":"Prva motociklisti\u010dna dirka v Sloveniji : Travel-Slovenia","og_description":"Na cesti med Podlipo in Smre\u010djem pri Vrhniki so 29. avgusta 1920 organizirali prvo motociklisti\u010dno dirko v Sloveniji.","og_url":"https:\/\/www.travel-slovenia.si\/slo\/prva-motociklisticna-dirka-v-sloveniji\/","og_site_name":"Travel Slovenia - Sledite lepotam na\u0161e male dr\u017eavice","og_image":[{"width":400,"height":294,"url":"https:\/\/www.travel-slovenia.si\/slo\/wp-content\/uploads\/2017\/08\/travel-slovenia-prva-motociklisticna-dirka-v-sloveniji.jpg","type":"image\/jpeg"}],"twitter_card":"summary_large_image","twitter_title":"Prva motociklisti\u010dna dirka v Sloveniji : Travel-Slovenia","twitter_description":"Na cesti med Podlipo in Smre\u010djem pri Vrhniki so 29. avgusta 1920 organizirali prvo motociklisti\u010dno dirko v Sloveniji.","twitter_image":"https:\/\/www.travel-slovenia.si\/slo\/wp-content\/uploads\/2017\/08\/travel-slovenia-prva-motociklisticna-dirka-v-sloveniji.jpg","twitter_misc":{"Est. reading time":"1 minuta"},"schema":{"@context":"https:\/\/schema.org","@graph":[{"@type":"WebPage","@id":"https:\/\/www.travel-slovenia.si\/slo\/prva-motociklisticna-dirka-v-sloveniji\/","url":"https:\/\/www.travel-slovenia.si\/slo\/prva-motociklisticna-dirka-v-sloveniji\/","name":"Prva motociklisti\u010dna dirka v Sloveniji : Travel-Slovenia","isPartOf":{"@id":"https:\/\/www.travel-slovenia.si\/slo\/#website"},"primaryImageOfPage":{"@id":"https:\/\/www.travel-slovenia.si\/slo\/prva-motociklisticna-dirka-v-sloveniji\/#primaryimage"},"image":{"@id":"https:\/\/www.travel-slovenia.si\/slo\/prva-motociklisticna-dirka-v-sloveniji\/#primaryimage"},"thumbnailUrl":"https:\/\/www.travel-slovenia.si\/slo\/wp-content\/uploads\/2017\/08\/travel-slovenia-prva-motociklisticna-dirka-v-sloveniji-300x221.jpg","datePublished":"2017-08-28T13:42:14+00:00","description":"Na cesti med Podlipo in Smre\u010djem pri Vrhniki so 29. avgusta 1920 organizirali prvo motociklisti\u010dno dirko v Sloveniji.","breadcrumb":{"@id":"https:\/\/www.travel-slovenia.si\/slo\/prva-motociklisticna-dirka-v-sloveniji\/#breadcrumb"},"inLanguage":"sl-SI","potentialAction":[{"@type":"ReadAction","target":["https:\/\/www.travel-slovenia.si\/slo\/prva-motociklisticna-dirka-v-sloveniji\/"]}]},{"@type":"ImageObject","inLanguage":"sl-SI","@id":"https:\/\/www.travel-slovenia.si\/slo\/prva-motociklisticna-dirka-v-sloveniji\/#primaryimage","url":"https:\/\/www.travel-slovenia.si\/slo\/wp-content\/uploads\/2017\/08\/travel-slovenia-prva-motociklisticna-dirka-v-sloveniji.jpg","contentUrl":"https:\/\/www.travel-slovenia.si\/slo\/wp-content\/uploads\/2017\/08\/travel-slovenia-prva-motociklisticna-dirka-v-sloveniji.jpg","width":400,"height":294,"caption":"Tekmovalci prve motoristi\u010dne dirke"},{"@type":"BreadcrumbList","@id":"https:\/\/www.travel-slovenia.si\/slo\/prva-motociklisticna-dirka-v-sloveniji\/#breadcrumb","itemListElement":[{"@type":"ListItem","position":1,"name":"Home","item":"https:\/\/www.travel-slovenia.si\/slo\/"},{"@type":"ListItem","position":2,"name":"Prva motociklisti\u010dna dirka v Sloveniji"}]},{"@type":"WebSite","@id":"https:\/\/www.travel-slovenia.si\/slo\/#website","url":"https:\/\/www.travel-slovenia.si\/slo\/","name":"Travel Slovenia - Sledite lepotam na\u0161e male dr\u017eavice","description":"","potentialAction":[{"@type":"SearchAction","target":{"@type":"EntryPoint","urlTemplate":"https:\/\/www.travel-slovenia.si\/slo\/?s={search_term_string}"},"query-input":{"@type":"PropertyValueSpecification","valueRequired":true,"valueName":"search_term_string"}}],"inLanguage":"sl-SI"}]}},"post_mailing_queue_ids":[],"_links":{"self":[{"href":"https:\/\/www.travel-slovenia.si\/slo\/wp-json\/wp\/v2\/pages\/6932","targetHints":{"allow":["GET"]}}],"collection":[{"href":"https:\/\/www.travel-slovenia.si\/slo\/wp-json\/wp\/v2\/pages"}],"about":[{"href":"https:\/\/www.travel-slovenia.si\/slo\/wp-json\/wp\/v2\/types\/page"}],"author":[{"embeddable":true,"href":"https:\/\/www.travel-slovenia.si\/slo\/wp-json\/wp\/v2\/users\/111"}],"replies":[{"embeddable":true,"href":"https:\/\/www.travel-slovenia.si\/slo\/wp-json\/wp\/v2\/comments?post=6932"}],"version-history":[{"count":1,"href":"https:\/\/www.travel-slovenia.si\/slo\/wp-json\/wp\/v2\/pages\/6932\/revisions"}],"predecessor-version":[{"id":6936,"href":"https:\/\/www.travel-slovenia.si\/slo\/wp-json\/wp\/v2\/pages\/6932\/revisions\/6936"}],"wp:attachment":[{"href":"https:\/\/www.travel-slovenia.si\/slo\/wp-json\/wp\/v2\/media?parent=6932"}],"curies":[{"name":"wp","href":"https:\/\/api.w.org\/{rel}","templated":true}]}}