{"id":6844,"date":"2017-07-05T11:32:12","date_gmt":"2017-07-05T09:32:12","guid":{"rendered":"https:\/\/www.travel-slovenia.si\/slo\/?page_id=6844"},"modified":"2017-07-05T11:32:12","modified_gmt":"2017-07-05T09:32:12","slug":"miran-jarc","status":"publish","type":"page","link":"https:\/\/www.travel-slovenia.si\/slo\/miran-jarc\/","title":{"rendered":"Miran Jarc"},"content":{"rendered":"<figure id=\"attachment_6845\" class=\"wp-caption alignleft\" style=\"max-width: 300px\"><img loading=\"lazy\" decoding=\"async\" class=\"wp-image-6845\" src=\"https:\/\/www.travel-slovenia.si\/slo\/wp-content\/uploads\/2017\/07\/travel-slovenia-miran-jarc.jpg\" alt=\"\" width=\"300\" height=\"398\" srcset=\"https:\/\/www.travel-slovenia.si\/slo\/wp-content\/uploads\/2017\/07\/travel-slovenia-miran-jarc.jpg 400w, https:\/\/www.travel-slovenia.si\/slo\/wp-content\/uploads\/2017\/07\/travel-slovenia-miran-jarc-226x300.jpg 226w, https:\/\/www.travel-slovenia.si\/slo\/wp-content\/uploads\/2017\/07\/travel-slovenia-miran-jarc-18x24.jpg 18w, https:\/\/www.travel-slovenia.si\/slo\/wp-content\/uploads\/2017\/07\/travel-slovenia-miran-jarc-27x36.jpg 27w, https:\/\/www.travel-slovenia.si\/slo\/wp-content\/uploads\/2017\/07\/travel-slovenia-miran-jarc-36x48.jpg 36w\" sizes=\"auto, (max-width: 300px) 100vw, 300px\" \/><figcaption class=\"wp-caption-text\">Miran Jarc<\/figcaption><\/figure>\n<p style=\"text-align: justify;\">Miran Jarc je slovenski pesnik, dramatik, pisatelj, prevajalec in publicist, rojen 5. julija 1900 v \u010crnomlju, umrl je 24. avgusta 1942 v Pugledu pri Starem Logu. Poznan je bil tudi po svojem vzdevku Janez Suhi.<\/p>\n<p style=\"text-align: justify;\">Uradni\u0161ka dru\u017eina se je preselila v Novo mesto, kjer je Miran Jarc obiskoval gimnazijo. V \u010dasu prve svetovne vojne je do\u017eivel du\u0161evni pretres, saj so njegovi so\u0161olci, med njimi tudi njegov najbolj\u0161i prijatelj Bo\u017eidar Jakac, odhajali na fronto. Sam pa tega ni mogel storiti zaradi telesne \u0161ibkosti. Po kon\u010dani srednji \u0161oli se je odpravil v Zagreb na \u0161tudij slavistike, franco\u0161\u010dine in filozofije. \u0160tudij je nadaljeval v Ljubljani po odprtju ljubljanske univerze, kamor pa se je preselila njegova celotna dru\u017eina. Ob smrti o\u010deta se je dru\u017eina le s te\u017eka pre\u017eivljala, tako je Miran svoje prihranke prispeval v dru\u017einsko blagajno. Kmalu je \u0161tudij opustil in se zaposlil na Ljubljanski kreditni banki.<\/p>\n<p style=\"text-align: justify;\">V letu 1934 se je poro\u010dil s sestri\u010dno Zinko, ki mu je kmalu povila h\u010derko Eko, tudi Rezika. Dve leti kasneje pa \u0161e h\u010derko Marijo. O njiju je pisal dnevnik, v njem se dotakne aktualnih vpra\u0161anj tistega \u010dasa, o pri\u010dakovanju vojne in vojnih \u010dasih. 28. junija 1942 ga je italijanski okupator aretiral, ga dolo\u010dili za internacijo v koncentracijsko tabori\u0161\u010de Gonars. Med potjo do tabori\u0161\u010da so ga pri Verdu osvobodili partizani, tako se je pridru\u017eil partizanskemu delavskemu bataljonu in pri\u0161el v Ko\u010devski Rog. Uporabljal je ilegalno ime Janez Suhi. Pisal je literarna in propagandna besedila, kaj kmalu pa je napredoval med \u010dlane izvr\u0161nega odbora OF in kulturne delavce. Njegovo \u017eivljenje se je kon\u010dalo dva meseca kasneje med ro\u0161ko ofenzivo.<\/p>\n<p style=\"text-align: justify;\">S pisanjem je za\u010del \u017ee ko dijak, takrat se je oklenil antropozofije &#8211; gre za nazor, da lahko \u010dlovek intuitivno spoznava nadnaravne sile. Spoznal je budizem, kasneje pa se je odlo\u010dil za kr\u0161\u010danstvo. V svojem \u010dasu je pisal prozo, pesmi, dramske poskuse, eseje in kritike. V slovenskem marionetnem gledali\u0161\u010du Milana Klemen\u010di\u010da je sodeloval kot igralec, avtor in violinist. Leta 1918 so v Ljubljanskem zvonu objavili njegovo prvo pesem Ve\u010derni pogovor. Leta 1920 je pripravil pesni\u0161ko zbirko Skrivnostni romar, iz\u0161la pa je leta 1927 v samozalo\u017ebi z naslovom \u010clovek in no\u010d. Zbirka velja za eno glavnih del slovenskega ekspresionizma. Med leti 1922 in 1935 je sodeloval pri revijah in \u010dasnikih Ljubljanski zvon, Dom in svet, Mladika, Knji\u017eevni glasnik, Kri\u017e na gori in Mentor. Ukvarjal se je tudi s prevajanjem iz razli\u010dnih jezikov, pisal ocene in poro\u010dila razli\u010dnih knji\u017eevnosti.<\/p>\n<p style=\"text-align: justify;\">Po njem je poimenovana ulica v \u010crnomlju, Dobu in Novem mestu ter dve osnovni \u0161oli, osnovna \u0161ola Mirana Jarca \u010crnomelj in osnovna \u0161ola Mirana Jarca v Ljubljani. Po njem se imenuje tudi Kulturno dru\u0161tvo Miran Jarc \u0160kocjan s sede\u017eem v Dom\u017ealah in knji\u017enica Mirana Jarca Novo mesto.<\/p>\n<p style=\"text-align: justify;\">V novome\u0161ki knji\u017enici so 14. aprila 1956 odkrili njegov doprsni kip, katerega avtor je bil Jakob Savin\u0161ek. Drugi doprsni kip pa so odkrili 6. februarja 2010 v osnovni \u0161oli v \u010crnomlju, katerega avtor je akademski kipar Jo\u017eef Vr\u0161\u010daj.<\/p>\n<p style=\"text-align: justify;\">V Starem Logu mu je Dru\u0161tvo za vzdr\u017eevanja partizanskih grobi\u0161\u010d v Rogu postavilo spomenik v letu 2002 na pokopali\u0161\u010du, dve leti kasneje pa \u0161e na pobudo profesorja Jo\u017eefa \u0160kufce ter Marije in Jo\u017eeta Stani\u0161a v Starem Logu v po\u017egani vasi Pugled. Postavili so ga na mesto, kjer naj bi Jarc ali Janez Suhi padel. Postavili so leseno tablo z napisom o njegovi smrti. V Starem Logu pa se nahaja tudi spominska plo\u0161\u010da Miranu Jarcu, postavljeno 13. septembra 1952 s strani Dru\u0161tva slovenskih pisateljev, a je bila za potrebne prenove odstranjena.<\/p>\n<p>&nbsp;<\/p>\n<table>\n<tbody>\n<tr>\n<td style=\"text-align: center;\"><a href=\"https:\/\/www.travel-slovenia.si\/slo\/zgodovinske-osebnosti\/\"><img loading=\"lazy\" decoding=\"async\" class=\"alignleft wp-image-4499 size-full\" src=\"https:\/\/www.travel-slovenia.si\/slo\/wp-content\/uploads\/2014\/09\/travel-slovenia-povezava-na-drugo.jpg\" alt=\"travel-slovenia-povezava-na-drugo\" width=\"128\" height=\"22\" srcset=\"https:\/\/www.travel-slovenia.si\/slo\/wp-content\/uploads\/2014\/09\/travel-slovenia-povezava-na-drugo.jpg 128w, https:\/\/www.travel-slovenia.si\/slo\/wp-content\/uploads\/2014\/09\/travel-slovenia-povezava-na-drugo-24x4.jpg 24w, https:\/\/www.travel-slovenia.si\/slo\/wp-content\/uploads\/2014\/09\/travel-slovenia-povezava-na-drugo-36x6.jpg 36w, https:\/\/www.travel-slovenia.si\/slo\/wp-content\/uploads\/2014\/09\/travel-slovenia-povezava-na-drugo-48x8.jpg 48w\" sizes=\"auto, (max-width: 128px) 100vw, 128px\" \/><\/a><a href=\"https:\/\/www.travel-slovenia.si\/slo\/zgodovinske-osebnosti\/\">Poglejte \u0161e druge zgodovinske osebnosti!<\/a><a href=\"https:\/\/www.travel-slovenia.si\/slo\/zgodovinske-osebnosti\/\"><img loading=\"lazy\" decoding=\"async\" class=\"alignright wp-image-4500 size-full\" src=\"https:\/\/www.travel-slovenia.si\/slo\/wp-content\/uploads\/2014\/09\/travel-slovenia-povezava-na-drugo2.jpg\" alt=\"travel-slovenia-povezava-na-drugo2\" width=\"128\" height=\"22\" srcset=\"https:\/\/www.travel-slovenia.si\/slo\/wp-content\/uploads\/2014\/09\/travel-slovenia-povezava-na-drugo2.jpg 128w, https:\/\/www.travel-slovenia.si\/slo\/wp-content\/uploads\/2014\/09\/travel-slovenia-povezava-na-drugo2-24x4.jpg 24w, https:\/\/www.travel-slovenia.si\/slo\/wp-content\/uploads\/2014\/09\/travel-slovenia-povezava-na-drugo2-36x6.jpg 36w, https:\/\/www.travel-slovenia.si\/slo\/wp-content\/uploads\/2014\/09\/travel-slovenia-povezava-na-drugo2-48x8.jpg 48w\" sizes=\"auto, (max-width: 128px) 100vw, 128px\" \/><\/a><\/td>\n<\/tr>\n<\/tbody>\n<\/table>\n","protected":false},"excerpt":{"rendered":"<p>Miran Jarc je slovenski pesnik, dramatik, pisatelj, prevajalec in publicist, rojen 5. julija 1900 v \u010crnomlju, umrl je 24. avgusta 1942 v Pugledu pri Starem Logu. Poznan je bil tudi po svojem vzdevku Janez Suhi. Uradni\u0161ka dru\u017eina se je preselila v Novo mesto, kjer je Miran Jarc obiskoval gimnazijo. V \u010dasu prve svetovne vojne je [&hellip;]<\/p>\n","protected":false},"author":111,"featured_media":0,"parent":0,"menu_order":0,"comment_status":"closed","ping_status":"closed","template":"","meta":{"footnotes":""},"class_list":["post-6844","page","type-page","status-publish","hentry"],"yoast_head":"<!-- This site is optimized with the Yoast SEO plugin v25.4 - https:\/\/yoast.com\/wordpress\/plugins\/seo\/ -->\n<title>Miran Jarc : Travel-Slovenia<\/title>\n<meta name=\"description\" content=\"Slovenski pesnik, dramatik, pisatelj, prevajalec in publicist, rojen 5. julija 1900 v \u010crnomlju, umrl je 24. avgusta 1942 v Pugledu pri Starem Logu.\" \/>\n<meta name=\"robots\" content=\"index, follow, max-snippet:-1, max-image-preview:large, max-video-preview:-1\" \/>\n<link rel=\"canonical\" href=\"https:\/\/www.travel-slovenia.si\/slo\/miran-jarc\/\" \/>\n<meta property=\"og:locale\" content=\"sl_SI\" \/>\n<meta property=\"og:type\" content=\"article\" \/>\n<meta property=\"og:title\" content=\"Miran Jarc : Travel-Slovenia\" \/>\n<meta property=\"og:description\" content=\"Slovenski pesnik, dramatik, pisatelj, prevajalec in publicist, rojen 5. julija 1900 v \u010crnomlju, umrl je 24. avgusta 1942 v Pugledu pri Starem Logu.\" \/>\n<meta property=\"og:url\" content=\"https:\/\/www.travel-slovenia.si\/slo\/miran-jarc\/\" \/>\n<meta property=\"og:site_name\" content=\"Travel Slovenia - Sledite lepotam na\u0161e male dr\u017eavice\" \/>\n<meta property=\"og:image\" content=\"https:\/\/www.travel-slovenia.si\/slo\/wp-content\/uploads\/2017\/07\/travel-slovenia-miran-jarc.jpg\" \/>\n\t<meta property=\"og:image:width\" content=\"400\" \/>\n\t<meta property=\"og:image:height\" content=\"531\" \/>\n\t<meta property=\"og:image:type\" content=\"image\/jpeg\" \/>\n<meta name=\"twitter:card\" content=\"summary_large_image\" \/>\n<meta name=\"twitter:title\" content=\"Miran Jarc : Travel-Slovenia\" \/>\n<meta name=\"twitter:description\" content=\"Slovenski pesnik, dramatik, pisatelj, prevajalec in publicist, rojen 5. julija 1900 v \u010crnomlju, umrl je 24. avgusta 1942 v Pugledu pri Starem Logu.\" \/>\n<meta name=\"twitter:image\" content=\"https:\/\/www.travel-slovenia.si\/slo\/wp-content\/uploads\/2017\/07\/travel-slovenia-miran-jarc.jpg\" \/>\n<meta name=\"twitter:label1\" content=\"Est. reading time\" \/>\n\t<meta name=\"twitter:data1\" content=\"3 minute\" \/>\n<script type=\"application\/ld+json\" class=\"yoast-schema-graph\">{\"@context\":\"https:\/\/schema.org\",\"@graph\":[{\"@type\":\"WebPage\",\"@id\":\"https:\/\/www.travel-slovenia.si\/slo\/miran-jarc\/\",\"url\":\"https:\/\/www.travel-slovenia.si\/slo\/miran-jarc\/\",\"name\":\"Miran Jarc : Travel-Slovenia\",\"isPartOf\":{\"@id\":\"https:\/\/www.travel-slovenia.si\/slo\/#website\"},\"primaryImageOfPage\":{\"@id\":\"https:\/\/www.travel-slovenia.si\/slo\/miran-jarc\/#primaryimage\"},\"image\":{\"@id\":\"https:\/\/www.travel-slovenia.si\/slo\/miran-jarc\/#primaryimage\"},\"thumbnailUrl\":\"https:\/\/www.travel-slovenia.si\/slo\/wp-content\/uploads\/2017\/07\/travel-slovenia-miran-jarc.jpg\",\"datePublished\":\"2017-07-05T09:32:12+00:00\",\"description\":\"Slovenski pesnik, dramatik, pisatelj, prevajalec in publicist, rojen 5. julija 1900 v \u010crnomlju, umrl je 24. avgusta 1942 v Pugledu pri Starem Logu.\",\"breadcrumb\":{\"@id\":\"https:\/\/www.travel-slovenia.si\/slo\/miran-jarc\/#breadcrumb\"},\"inLanguage\":\"sl-SI\",\"potentialAction\":[{\"@type\":\"ReadAction\",\"target\":[\"https:\/\/www.travel-slovenia.si\/slo\/miran-jarc\/\"]}]},{\"@type\":\"ImageObject\",\"inLanguage\":\"sl-SI\",\"@id\":\"https:\/\/www.travel-slovenia.si\/slo\/miran-jarc\/#primaryimage\",\"url\":\"https:\/\/www.travel-slovenia.si\/slo\/wp-content\/uploads\/2017\/07\/travel-slovenia-miran-jarc.jpg\",\"contentUrl\":\"https:\/\/www.travel-slovenia.si\/slo\/wp-content\/uploads\/2017\/07\/travel-slovenia-miran-jarc.jpg\",\"width\":400,\"height\":531,\"caption\":\"Miran Jarc\"},{\"@type\":\"BreadcrumbList\",\"@id\":\"https:\/\/www.travel-slovenia.si\/slo\/miran-jarc\/#breadcrumb\",\"itemListElement\":[{\"@type\":\"ListItem\",\"position\":1,\"name\":\"Home\",\"item\":\"https:\/\/www.travel-slovenia.si\/slo\/\"},{\"@type\":\"ListItem\",\"position\":2,\"name\":\"Miran Jarc\"}]},{\"@type\":\"WebSite\",\"@id\":\"https:\/\/www.travel-slovenia.si\/slo\/#website\",\"url\":\"https:\/\/www.travel-slovenia.si\/slo\/\",\"name\":\"Travel Slovenia - Sledite lepotam na\u0161e male dr\u017eavice\",\"description\":\"\",\"potentialAction\":[{\"@type\":\"SearchAction\",\"target\":{\"@type\":\"EntryPoint\",\"urlTemplate\":\"https:\/\/www.travel-slovenia.si\/slo\/?s={search_term_string}\"},\"query-input\":{\"@type\":\"PropertyValueSpecification\",\"valueRequired\":true,\"valueName\":\"search_term_string\"}}],\"inLanguage\":\"sl-SI\"}]}<\/script>\n<!-- \/ Yoast SEO plugin. -->","yoast_head_json":{"title":"Miran Jarc : Travel-Slovenia","description":"Slovenski pesnik, dramatik, pisatelj, prevajalec in publicist, rojen 5. julija 1900 v \u010crnomlju, umrl je 24. avgusta 1942 v Pugledu pri Starem Logu.","robots":{"index":"index","follow":"follow","max-snippet":"max-snippet:-1","max-image-preview":"max-image-preview:large","max-video-preview":"max-video-preview:-1"},"canonical":"https:\/\/www.travel-slovenia.si\/slo\/miran-jarc\/","og_locale":"sl_SI","og_type":"article","og_title":"Miran Jarc : Travel-Slovenia","og_description":"Slovenski pesnik, dramatik, pisatelj, prevajalec in publicist, rojen 5. julija 1900 v \u010crnomlju, umrl je 24. avgusta 1942 v Pugledu pri Starem Logu.","og_url":"https:\/\/www.travel-slovenia.si\/slo\/miran-jarc\/","og_site_name":"Travel Slovenia - Sledite lepotam na\u0161e male dr\u017eavice","og_image":[{"width":400,"height":531,"url":"https:\/\/www.travel-slovenia.si\/slo\/wp-content\/uploads\/2017\/07\/travel-slovenia-miran-jarc.jpg","type":"image\/jpeg"}],"twitter_card":"summary_large_image","twitter_title":"Miran Jarc : Travel-Slovenia","twitter_description":"Slovenski pesnik, dramatik, pisatelj, prevajalec in publicist, rojen 5. julija 1900 v \u010crnomlju, umrl je 24. avgusta 1942 v Pugledu pri Starem Logu.","twitter_image":"https:\/\/www.travel-slovenia.si\/slo\/wp-content\/uploads\/2017\/07\/travel-slovenia-miran-jarc.jpg","twitter_misc":{"Est. reading time":"3 minute"},"schema":{"@context":"https:\/\/schema.org","@graph":[{"@type":"WebPage","@id":"https:\/\/www.travel-slovenia.si\/slo\/miran-jarc\/","url":"https:\/\/www.travel-slovenia.si\/slo\/miran-jarc\/","name":"Miran Jarc : Travel-Slovenia","isPartOf":{"@id":"https:\/\/www.travel-slovenia.si\/slo\/#website"},"primaryImageOfPage":{"@id":"https:\/\/www.travel-slovenia.si\/slo\/miran-jarc\/#primaryimage"},"image":{"@id":"https:\/\/www.travel-slovenia.si\/slo\/miran-jarc\/#primaryimage"},"thumbnailUrl":"https:\/\/www.travel-slovenia.si\/slo\/wp-content\/uploads\/2017\/07\/travel-slovenia-miran-jarc.jpg","datePublished":"2017-07-05T09:32:12+00:00","description":"Slovenski pesnik, dramatik, pisatelj, prevajalec in publicist, rojen 5. julija 1900 v \u010crnomlju, umrl je 24. avgusta 1942 v Pugledu pri Starem Logu.","breadcrumb":{"@id":"https:\/\/www.travel-slovenia.si\/slo\/miran-jarc\/#breadcrumb"},"inLanguage":"sl-SI","potentialAction":[{"@type":"ReadAction","target":["https:\/\/www.travel-slovenia.si\/slo\/miran-jarc\/"]}]},{"@type":"ImageObject","inLanguage":"sl-SI","@id":"https:\/\/www.travel-slovenia.si\/slo\/miran-jarc\/#primaryimage","url":"https:\/\/www.travel-slovenia.si\/slo\/wp-content\/uploads\/2017\/07\/travel-slovenia-miran-jarc.jpg","contentUrl":"https:\/\/www.travel-slovenia.si\/slo\/wp-content\/uploads\/2017\/07\/travel-slovenia-miran-jarc.jpg","width":400,"height":531,"caption":"Miran Jarc"},{"@type":"BreadcrumbList","@id":"https:\/\/www.travel-slovenia.si\/slo\/miran-jarc\/#breadcrumb","itemListElement":[{"@type":"ListItem","position":1,"name":"Home","item":"https:\/\/www.travel-slovenia.si\/slo\/"},{"@type":"ListItem","position":2,"name":"Miran Jarc"}]},{"@type":"WebSite","@id":"https:\/\/www.travel-slovenia.si\/slo\/#website","url":"https:\/\/www.travel-slovenia.si\/slo\/","name":"Travel Slovenia - Sledite lepotam na\u0161e male dr\u017eavice","description":"","potentialAction":[{"@type":"SearchAction","target":{"@type":"EntryPoint","urlTemplate":"https:\/\/www.travel-slovenia.si\/slo\/?s={search_term_string}"},"query-input":{"@type":"PropertyValueSpecification","valueRequired":true,"valueName":"search_term_string"}}],"inLanguage":"sl-SI"}]}},"post_mailing_queue_ids":[],"_links":{"self":[{"href":"https:\/\/www.travel-slovenia.si\/slo\/wp-json\/wp\/v2\/pages\/6844","targetHints":{"allow":["GET"]}}],"collection":[{"href":"https:\/\/www.travel-slovenia.si\/slo\/wp-json\/wp\/v2\/pages"}],"about":[{"href":"https:\/\/www.travel-slovenia.si\/slo\/wp-json\/wp\/v2\/types\/page"}],"author":[{"embeddable":true,"href":"https:\/\/www.travel-slovenia.si\/slo\/wp-json\/wp\/v2\/users\/111"}],"replies":[{"embeddable":true,"href":"https:\/\/www.travel-slovenia.si\/slo\/wp-json\/wp\/v2\/comments?post=6844"}],"version-history":[{"count":1,"href":"https:\/\/www.travel-slovenia.si\/slo\/wp-json\/wp\/v2\/pages\/6844\/revisions"}],"predecessor-version":[{"id":6848,"href":"https:\/\/www.travel-slovenia.si\/slo\/wp-json\/wp\/v2\/pages\/6844\/revisions\/6848"}],"wp:attachment":[{"href":"https:\/\/www.travel-slovenia.si\/slo\/wp-json\/wp\/v2\/media?parent=6844"}],"curies":[{"name":"wp","href":"https:\/\/api.w.org\/{rel}","templated":true}]}}