{"id":6800,"date":"2017-06-29T09:33:01","date_gmt":"2017-06-29T07:33:01","guid":{"rendered":"https:\/\/www.travel-slovenia.si\/slo\/?page_id=6800"},"modified":"2017-06-29T09:33:01","modified_gmt":"2017-06-29T07:33:01","slug":"ameriski-slovenci-sprejmejo-cikasko-izjavo","status":"publish","type":"page","link":"https:\/\/www.travel-slovenia.si\/slo\/ameriski-slovenci-sprejmejo-cikasko-izjavo\/","title":{"rendered":"Ameri\u0161ki Slovenci sprejmejo \u010cika\u0161ko izjavo"},"content":{"rendered":"<figure id=\"attachment_6801\" class=\"wp-caption alignleft\" style=\"max-width: 300px\"><img loading=\"lazy\" decoding=\"async\" class=\"size-medium wp-image-6801\" src=\"https:\/\/www.travel-slovenia.si\/slo\/wp-content\/uploads\/2017\/06\/travel-slovenia-cikaska-izjava-300x234.jpg\" alt=\"\" width=\"300\" height=\"234\" srcset=\"https:\/\/www.travel-slovenia.si\/slo\/wp-content\/uploads\/2017\/06\/travel-slovenia-cikaska-izjava-300x234.jpg 300w, https:\/\/www.travel-slovenia.si\/slo\/wp-content\/uploads\/2017\/06\/travel-slovenia-cikaska-izjava-24x19.jpg 24w, https:\/\/www.travel-slovenia.si\/slo\/wp-content\/uploads\/2017\/06\/travel-slovenia-cikaska-izjava-36x28.jpg 36w, https:\/\/www.travel-slovenia.si\/slo\/wp-content\/uploads\/2017\/06\/travel-slovenia-cikaska-izjava-48x37.jpg 48w, https:\/\/www.travel-slovenia.si\/slo\/wp-content\/uploads\/2017\/06\/travel-slovenia-cikaska-izjava.jpg 400w\" sizes=\"auto, (max-width: 300px) 100vw, 300px\" \/><figcaption class=\"wp-caption-text\">Slovenski izseljenci v ZDA sprejmejo \u010dika\u0161ko izjavo<\/figcaption><\/figure>\n<p style=\"text-align: justify;\">\u010cika\u0161ka izjava je politi\u010dno stali\u0161\u010de ameri\u0161kih Slovencev o zdru\u017eitvi ju\u017enih Slovanov v novo dr\u017eavo po prvi svetovni vojni. Oblikovana je bila 29. junija 1917 v Chicagu, na posvetovanju so sodelovali predstavniki slovenskih liberalcev in socialistov v ZDA. Predlagatelj je bil Etbin Kristan.<\/p>\n<p style=\"text-align: justify;\">\u010cika\u0161ka izjava analizira razmere v Evropi po februarski revoluciji 1917 v Rusiji, obenem pa poudarja zanimanje ameri\u0161kih Slovencev za usodo jugoslovanskih narodov po prvi svetovni vojni. Izjava ugotavlja, da med Jugoslovani ni jezikovnih ovir (kot je to primer med nem\u0161\u010dino in italijan\u0161\u010dino ali drugimi jeziki). A obenem ima vsak jugoslovanski narod svojo knji\u017eevnost, kulturo, \u0161ege in navade.<\/p>\n<p style=\"text-align: justify;\">V tem so predlagatelji izjave videli edino uspe\u0161no re\u0161itev, zdru\u017eitev vseh ju\u017enih Slovanov in avtonomijo vsakega v zadevah, ki niso skupne. Uresni\u010ditev ideje naj bi bila mogo\u010da le v jugoslovanski federativni republiki. Podpisniki so ameri\u0161ke Slovence pozvali naj ustanovijo organizacijo, ki bo usmerjena k uresni\u010devanju tega cilja. To je potekalo pod vplivom ameri\u0161kega demokrati\u010dnega izro\u010dila, deklaracije o neodvisnosti in ameri\u0161ko ustavo. Na tej osnovi je nastalo Jugoslovansko republikansko zdru\u017eenje.<\/p>\n<p>&nbsp;<\/p>\n<table>\n<tbody>\n<tr>\n<td style=\"text-align: center;\"><a href=\"https:\/\/www.travel-slovenia.si\/slo\/na-danasnji-dan\/\"><img loading=\"lazy\" decoding=\"async\" class=\"alignleft wp-image-4499 size-full\" src=\"https:\/\/www.travel-slovenia.si\/slo\/wp-content\/uploads\/2014\/09\/travel-slovenia-povezava-na-drugo.jpg\" alt=\"travel-slovenia-povezava-na-drugo\" width=\"128\" height=\"22\" srcset=\"https:\/\/www.travel-slovenia.si\/slo\/wp-content\/uploads\/2014\/09\/travel-slovenia-povezava-na-drugo.jpg 128w, https:\/\/www.travel-slovenia.si\/slo\/wp-content\/uploads\/2014\/09\/travel-slovenia-povezava-na-drugo-24x4.jpg 24w, https:\/\/www.travel-slovenia.si\/slo\/wp-content\/uploads\/2014\/09\/travel-slovenia-povezava-na-drugo-36x6.jpg 36w, https:\/\/www.travel-slovenia.si\/slo\/wp-content\/uploads\/2014\/09\/travel-slovenia-povezava-na-drugo-48x8.jpg 48w\" sizes=\"auto, (max-width: 128px) 100vw, 128px\" \/><\/a><a href=\"https:\/\/www.travel-slovenia.si\/slo\/na-danasnji-dan\/\">Poglejte \u0161e druge pomembne dogodke!<\/a><a href=\"https:\/\/www.travel-slovenia.si\/slo\/na-danasnji-dan\/\"><img loading=\"lazy\" decoding=\"async\" class=\"alignright wp-image-4500 size-full\" src=\"https:\/\/www.travel-slovenia.si\/slo\/wp-content\/uploads\/2014\/09\/travel-slovenia-povezava-na-drugo2.jpg\" alt=\"travel-slovenia-povezava-na-drugo2\" width=\"128\" height=\"22\" srcset=\"https:\/\/www.travel-slovenia.si\/slo\/wp-content\/uploads\/2014\/09\/travel-slovenia-povezava-na-drugo2.jpg 128w, https:\/\/www.travel-slovenia.si\/slo\/wp-content\/uploads\/2014\/09\/travel-slovenia-povezava-na-drugo2-24x4.jpg 24w, https:\/\/www.travel-slovenia.si\/slo\/wp-content\/uploads\/2014\/09\/travel-slovenia-povezava-na-drugo2-36x6.jpg 36w, https:\/\/www.travel-slovenia.si\/slo\/wp-content\/uploads\/2014\/09\/travel-slovenia-povezava-na-drugo2-48x8.jpg 48w\" sizes=\"auto, (max-width: 128px) 100vw, 128px\" \/><\/a><\/td>\n<\/tr>\n<\/tbody>\n<\/table>\n","protected":false},"excerpt":{"rendered":"<p>\u010cika\u0161ka izjava je politi\u010dno stali\u0161\u010de ameri\u0161kih Slovencev o zdru\u017eitvi ju\u017enih Slovanov v novo dr\u017eavo po prvi svetovni vojni. Oblikovana je bila 29. junija 1917 v Chicagu, na posvetovanju so sodelovali predstavniki slovenskih liberalcev in socialistov v ZDA. Predlagatelj je bil Etbin Kristan. \u010cika\u0161ka izjava analizira razmere v Evropi po februarski revoluciji 1917 v Rusiji, obenem [&hellip;]<\/p>\n","protected":false},"author":111,"featured_media":0,"parent":0,"menu_order":0,"comment_status":"closed","ping_status":"closed","template":"","meta":{"footnotes":""},"class_list":["post-6800","page","type-page","status-publish","hentry"],"yoast_head":"<!-- This site is optimized with the Yoast SEO plugin v25.4 - https:\/\/yoast.com\/wordpress\/plugins\/seo\/ -->\n<title>Ameri\u0161ki Slovenci sprejmejo \u010cika\u0161ko izjavo : Travel-Slovenia<\/title>\n<meta name=\"description\" content=\"\u010cika\u0161ka izjava je politi\u010dno stali\u0161\u010de ameri\u0161kih Slovencev o zdru\u017eitvi ju\u017enih Slovanov v novo dr\u017eavo po prvi svetovni vojni.\" \/>\n<meta name=\"robots\" content=\"index, follow, max-snippet:-1, max-image-preview:large, max-video-preview:-1\" \/>\n<link rel=\"canonical\" href=\"https:\/\/www.travel-slovenia.si\/slo\/ameriski-slovenci-sprejmejo-cikasko-izjavo\/\" \/>\n<meta property=\"og:locale\" content=\"sl_SI\" \/>\n<meta property=\"og:type\" content=\"article\" \/>\n<meta property=\"og:title\" content=\"Ameri\u0161ki Slovenci sprejmejo \u010cika\u0161ko izjavo : Travel-Slovenia\" \/>\n<meta property=\"og:description\" content=\"\u010cika\u0161ka izjava je politi\u010dno stali\u0161\u010de ameri\u0161kih Slovencev o zdru\u017eitvi ju\u017enih Slovanov v novo dr\u017eavo po prvi svetovni vojni.\" \/>\n<meta property=\"og:url\" content=\"https:\/\/www.travel-slovenia.si\/slo\/ameriski-slovenci-sprejmejo-cikasko-izjavo\/\" \/>\n<meta property=\"og:site_name\" content=\"Travel Slovenia - Sledite lepotam na\u0161e male dr\u017eavice\" \/>\n<meta property=\"og:image\" content=\"https:\/\/www.travel-slovenia.si\/slo\/wp-content\/uploads\/2017\/06\/travel-slovenia-cikaska-izjava.jpg\" \/>\n\t<meta property=\"og:image:width\" content=\"400\" \/>\n\t<meta property=\"og:image:height\" content=\"312\" \/>\n\t<meta property=\"og:image:type\" content=\"image\/jpeg\" \/>\n<meta name=\"twitter:card\" content=\"summary_large_image\" \/>\n<meta name=\"twitter:title\" content=\"Ameri\u0161ki Slovenci sprejmejo \u010cika\u0161ko izjavo : Travel-Slovenia\" \/>\n<meta name=\"twitter:description\" content=\"\u010cika\u0161ka izjava je politi\u010dno stali\u0161\u010de ameri\u0161kih Slovencev o zdru\u017eitvi ju\u017enih Slovanov v novo dr\u017eavo po prvi svetovni vojni.\" \/>\n<meta name=\"twitter:image\" content=\"https:\/\/www.travel-slovenia.si\/slo\/wp-content\/uploads\/2017\/06\/travel-slovenia-cikaska-izjava.jpg\" \/>\n<meta name=\"twitter:label1\" content=\"Est. reading time\" \/>\n\t<meta name=\"twitter:data1\" content=\"1 minuta\" \/>\n<script type=\"application\/ld+json\" class=\"yoast-schema-graph\">{\"@context\":\"https:\/\/schema.org\",\"@graph\":[{\"@type\":\"WebPage\",\"@id\":\"https:\/\/www.travel-slovenia.si\/slo\/ameriski-slovenci-sprejmejo-cikasko-izjavo\/\",\"url\":\"https:\/\/www.travel-slovenia.si\/slo\/ameriski-slovenci-sprejmejo-cikasko-izjavo\/\",\"name\":\"Ameri\u0161ki Slovenci sprejmejo \u010cika\u0161ko izjavo : Travel-Slovenia\",\"isPartOf\":{\"@id\":\"https:\/\/www.travel-slovenia.si\/slo\/#website\"},\"primaryImageOfPage\":{\"@id\":\"https:\/\/www.travel-slovenia.si\/slo\/ameriski-slovenci-sprejmejo-cikasko-izjavo\/#primaryimage\"},\"image\":{\"@id\":\"https:\/\/www.travel-slovenia.si\/slo\/ameriski-slovenci-sprejmejo-cikasko-izjavo\/#primaryimage\"},\"thumbnailUrl\":\"https:\/\/www.travel-slovenia.si\/slo\/wp-content\/uploads\/2017\/06\/travel-slovenia-cikaska-izjava-300x234.jpg\",\"datePublished\":\"2017-06-29T07:33:01+00:00\",\"description\":\"\u010cika\u0161ka izjava je politi\u010dno stali\u0161\u010de ameri\u0161kih Slovencev o zdru\u017eitvi ju\u017enih Slovanov v novo dr\u017eavo po prvi svetovni vojni.\",\"breadcrumb\":{\"@id\":\"https:\/\/www.travel-slovenia.si\/slo\/ameriski-slovenci-sprejmejo-cikasko-izjavo\/#breadcrumb\"},\"inLanguage\":\"sl-SI\",\"potentialAction\":[{\"@type\":\"ReadAction\",\"target\":[\"https:\/\/www.travel-slovenia.si\/slo\/ameriski-slovenci-sprejmejo-cikasko-izjavo\/\"]}]},{\"@type\":\"ImageObject\",\"inLanguage\":\"sl-SI\",\"@id\":\"https:\/\/www.travel-slovenia.si\/slo\/ameriski-slovenci-sprejmejo-cikasko-izjavo\/#primaryimage\",\"url\":\"https:\/\/www.travel-slovenia.si\/slo\/wp-content\/uploads\/2017\/06\/travel-slovenia-cikaska-izjava.jpg\",\"contentUrl\":\"https:\/\/www.travel-slovenia.si\/slo\/wp-content\/uploads\/2017\/06\/travel-slovenia-cikaska-izjava.jpg\",\"width\":400,\"height\":312,\"caption\":\"Slovenski izseljenci v ZDA sprejmejo \u010dika\u0161ko izjavo\"},{\"@type\":\"BreadcrumbList\",\"@id\":\"https:\/\/www.travel-slovenia.si\/slo\/ameriski-slovenci-sprejmejo-cikasko-izjavo\/#breadcrumb\",\"itemListElement\":[{\"@type\":\"ListItem\",\"position\":1,\"name\":\"Home\",\"item\":\"https:\/\/www.travel-slovenia.si\/slo\/\"},{\"@type\":\"ListItem\",\"position\":2,\"name\":\"Ameri\u0161ki Slovenci sprejmejo \u010cika\u0161ko izjavo\"}]},{\"@type\":\"WebSite\",\"@id\":\"https:\/\/www.travel-slovenia.si\/slo\/#website\",\"url\":\"https:\/\/www.travel-slovenia.si\/slo\/\",\"name\":\"Travel Slovenia - Sledite lepotam na\u0161e male dr\u017eavice\",\"description\":\"\",\"potentialAction\":[{\"@type\":\"SearchAction\",\"target\":{\"@type\":\"EntryPoint\",\"urlTemplate\":\"https:\/\/www.travel-slovenia.si\/slo\/?s={search_term_string}\"},\"query-input\":{\"@type\":\"PropertyValueSpecification\",\"valueRequired\":true,\"valueName\":\"search_term_string\"}}],\"inLanguage\":\"sl-SI\"}]}<\/script>\n<!-- \/ Yoast SEO plugin. -->","yoast_head_json":{"title":"Ameri\u0161ki Slovenci sprejmejo \u010cika\u0161ko izjavo : Travel-Slovenia","description":"\u010cika\u0161ka izjava je politi\u010dno stali\u0161\u010de ameri\u0161kih Slovencev o zdru\u017eitvi ju\u017enih Slovanov v novo dr\u017eavo po prvi svetovni vojni.","robots":{"index":"index","follow":"follow","max-snippet":"max-snippet:-1","max-image-preview":"max-image-preview:large","max-video-preview":"max-video-preview:-1"},"canonical":"https:\/\/www.travel-slovenia.si\/slo\/ameriski-slovenci-sprejmejo-cikasko-izjavo\/","og_locale":"sl_SI","og_type":"article","og_title":"Ameri\u0161ki Slovenci sprejmejo \u010cika\u0161ko izjavo : Travel-Slovenia","og_description":"\u010cika\u0161ka izjava je politi\u010dno stali\u0161\u010de ameri\u0161kih Slovencev o zdru\u017eitvi ju\u017enih Slovanov v novo dr\u017eavo po prvi svetovni vojni.","og_url":"https:\/\/www.travel-slovenia.si\/slo\/ameriski-slovenci-sprejmejo-cikasko-izjavo\/","og_site_name":"Travel Slovenia - Sledite lepotam na\u0161e male dr\u017eavice","og_image":[{"width":400,"height":312,"url":"https:\/\/www.travel-slovenia.si\/slo\/wp-content\/uploads\/2017\/06\/travel-slovenia-cikaska-izjava.jpg","type":"image\/jpeg"}],"twitter_card":"summary_large_image","twitter_title":"Ameri\u0161ki Slovenci sprejmejo \u010cika\u0161ko izjavo : Travel-Slovenia","twitter_description":"\u010cika\u0161ka izjava je politi\u010dno stali\u0161\u010de ameri\u0161kih Slovencev o zdru\u017eitvi ju\u017enih Slovanov v novo dr\u017eavo po prvi svetovni vojni.","twitter_image":"https:\/\/www.travel-slovenia.si\/slo\/wp-content\/uploads\/2017\/06\/travel-slovenia-cikaska-izjava.jpg","twitter_misc":{"Est. reading time":"1 minuta"},"schema":{"@context":"https:\/\/schema.org","@graph":[{"@type":"WebPage","@id":"https:\/\/www.travel-slovenia.si\/slo\/ameriski-slovenci-sprejmejo-cikasko-izjavo\/","url":"https:\/\/www.travel-slovenia.si\/slo\/ameriski-slovenci-sprejmejo-cikasko-izjavo\/","name":"Ameri\u0161ki Slovenci sprejmejo \u010cika\u0161ko izjavo : Travel-Slovenia","isPartOf":{"@id":"https:\/\/www.travel-slovenia.si\/slo\/#website"},"primaryImageOfPage":{"@id":"https:\/\/www.travel-slovenia.si\/slo\/ameriski-slovenci-sprejmejo-cikasko-izjavo\/#primaryimage"},"image":{"@id":"https:\/\/www.travel-slovenia.si\/slo\/ameriski-slovenci-sprejmejo-cikasko-izjavo\/#primaryimage"},"thumbnailUrl":"https:\/\/www.travel-slovenia.si\/slo\/wp-content\/uploads\/2017\/06\/travel-slovenia-cikaska-izjava-300x234.jpg","datePublished":"2017-06-29T07:33:01+00:00","description":"\u010cika\u0161ka izjava je politi\u010dno stali\u0161\u010de ameri\u0161kih Slovencev o zdru\u017eitvi ju\u017enih Slovanov v novo dr\u017eavo po prvi svetovni vojni.","breadcrumb":{"@id":"https:\/\/www.travel-slovenia.si\/slo\/ameriski-slovenci-sprejmejo-cikasko-izjavo\/#breadcrumb"},"inLanguage":"sl-SI","potentialAction":[{"@type":"ReadAction","target":["https:\/\/www.travel-slovenia.si\/slo\/ameriski-slovenci-sprejmejo-cikasko-izjavo\/"]}]},{"@type":"ImageObject","inLanguage":"sl-SI","@id":"https:\/\/www.travel-slovenia.si\/slo\/ameriski-slovenci-sprejmejo-cikasko-izjavo\/#primaryimage","url":"https:\/\/www.travel-slovenia.si\/slo\/wp-content\/uploads\/2017\/06\/travel-slovenia-cikaska-izjava.jpg","contentUrl":"https:\/\/www.travel-slovenia.si\/slo\/wp-content\/uploads\/2017\/06\/travel-slovenia-cikaska-izjava.jpg","width":400,"height":312,"caption":"Slovenski izseljenci v ZDA sprejmejo \u010dika\u0161ko izjavo"},{"@type":"BreadcrumbList","@id":"https:\/\/www.travel-slovenia.si\/slo\/ameriski-slovenci-sprejmejo-cikasko-izjavo\/#breadcrumb","itemListElement":[{"@type":"ListItem","position":1,"name":"Home","item":"https:\/\/www.travel-slovenia.si\/slo\/"},{"@type":"ListItem","position":2,"name":"Ameri\u0161ki Slovenci sprejmejo \u010cika\u0161ko izjavo"}]},{"@type":"WebSite","@id":"https:\/\/www.travel-slovenia.si\/slo\/#website","url":"https:\/\/www.travel-slovenia.si\/slo\/","name":"Travel Slovenia - Sledite lepotam na\u0161e male dr\u017eavice","description":"","potentialAction":[{"@type":"SearchAction","target":{"@type":"EntryPoint","urlTemplate":"https:\/\/www.travel-slovenia.si\/slo\/?s={search_term_string}"},"query-input":{"@type":"PropertyValueSpecification","valueRequired":true,"valueName":"search_term_string"}}],"inLanguage":"sl-SI"}]}},"post_mailing_queue_ids":[],"_links":{"self":[{"href":"https:\/\/www.travel-slovenia.si\/slo\/wp-json\/wp\/v2\/pages\/6800","targetHints":{"allow":["GET"]}}],"collection":[{"href":"https:\/\/www.travel-slovenia.si\/slo\/wp-json\/wp\/v2\/pages"}],"about":[{"href":"https:\/\/www.travel-slovenia.si\/slo\/wp-json\/wp\/v2\/types\/page"}],"author":[{"embeddable":true,"href":"https:\/\/www.travel-slovenia.si\/slo\/wp-json\/wp\/v2\/users\/111"}],"replies":[{"embeddable":true,"href":"https:\/\/www.travel-slovenia.si\/slo\/wp-json\/wp\/v2\/comments?post=6800"}],"version-history":[{"count":1,"href":"https:\/\/www.travel-slovenia.si\/slo\/wp-json\/wp\/v2\/pages\/6800\/revisions"}],"predecessor-version":[{"id":6804,"href":"https:\/\/www.travel-slovenia.si\/slo\/wp-json\/wp\/v2\/pages\/6800\/revisions\/6804"}],"wp:attachment":[{"href":"https:\/\/www.travel-slovenia.si\/slo\/wp-json\/wp\/v2\/media?parent=6800"}],"curies":[{"name":"wp","href":"https:\/\/api.w.org\/{rel}","templated":true}]}}