{"id":6784,"date":"2017-06-23T23:26:05","date_gmt":"2017-06-23T21:26:05","guid":{"rendered":"https:\/\/www.travel-slovenia.si\/slo\/?page_id=6784"},"modified":"2017-06-24T10:13:00","modified_gmt":"2017-06-24T08:13:00","slug":"24-junij","status":"publish","type":"page","link":"https:\/\/www.travel-slovenia.si\/slo\/24-junij\/","title":{"rendered":"24. junij"},"content":{"rendered":"<p style=\"text-align: justify;\"><a href=\"https:\/\/www.travel-slovenia.si\/slo\/razglasitev-slovenske-zastave-grba\/\"><img loading=\"lazy\" decoding=\"async\" class=\"alignleft size-full wp-image-3504\" src=\"https:\/\/www.travel-slovenia.si\/slo\/wp-content\/uploads\/2015\/08\/travel-slovenia-slovenska-zastava-view.jpg\" alt=\"\" width=\"150\" height=\"150\" srcset=\"https:\/\/www.travel-slovenia.si\/slo\/wp-content\/uploads\/2015\/08\/travel-slovenia-slovenska-zastava-view.jpg 150w, https:\/\/www.travel-slovenia.si\/slo\/wp-content\/uploads\/2015\/08\/travel-slovenia-slovenska-zastava-view-83x83.jpg 83w, https:\/\/www.travel-slovenia.si\/slo\/wp-content\/uploads\/2015\/08\/travel-slovenia-slovenska-zastava-view-55x55.jpg 55w, https:\/\/www.travel-slovenia.si\/slo\/wp-content\/uploads\/2015\/08\/travel-slovenia-slovenska-zastava-view-24x24.jpg 24w, https:\/\/www.travel-slovenia.si\/slo\/wp-content\/uploads\/2015\/08\/travel-slovenia-slovenska-zastava-view-36x36.jpg 36w, https:\/\/www.travel-slovenia.si\/slo\/wp-content\/uploads\/2015\/08\/travel-slovenia-slovenska-zastava-view-48x48.jpg 48w\" sizes=\"auto, (max-width: 150px) 100vw, 150px\" \/><\/a><a href=\"https:\/\/www.travel-slovenia.si\/slo\/razglasitev-slovenske-zastave-grba\/\"><strong><em>Razglasitev slovenske zastave in grba<\/em><\/strong><\/a><br \/>\nNa dana\u0161nji dan leta 1991 je slovenska skup\u0161\u010dina dolo\u010dila sedanjo slovensko zastavo in grb, ki skupaj s himno ozna\u010dujejo pripadnost Republiki Sloveniji. Uporabo grba, zastave in himne ureja Zakon o grbu, zastavi in himni Republike Slovenije ter o slovenski narodni zastavi. [<a href=\"https:\/\/www.travel-slovenia.si\/slo\/razglasitev-slovenske-zastave-grba\/\">_Preberite ve\u010d_<\/a>]\n","protected":false},"excerpt":{"rendered":"<p>Razglasitev slovenske zastave in grba Na dana\u0161nji dan leta 1991 je slovenska skup\u0161\u010dina dolo\u010dila sedanjo slovensko zastavo in grb, ki skupaj s himno ozna\u010dujejo pripadnost Republiki Sloveniji. Uporabo grba, zastave in himne ureja Zakon o grbu, zastavi in himni Republike Slovenije ter o slovenski narodni zastavi. [_Preberite ve\u010d_]<\/p>\n","protected":false},"author":111,"featured_media":0,"parent":0,"menu_order":0,"comment_status":"closed","ping_status":"closed","template":"","meta":{"footnotes":""},"class_list":["post-6784","page","type-page","status-publish","hentry"],"yoast_head":"<!-- This site is optimized with the Yoast SEO plugin v25.4 - https:\/\/yoast.com\/wordpress\/plugins\/seo\/ -->\n<title>24. junij : Travel-Slovenia<\/title>\n<meta name=\"description\" content=\"Pretekli dogodki, ki so se zgodili na datum 24. junija in so v dolo\u010deni meri zaznamovali Slovenijo.\" \/>\n<meta name=\"robots\" content=\"index, follow, max-snippet:-1, max-image-preview:large, max-video-preview:-1\" \/>\n<link rel=\"canonical\" href=\"https:\/\/www.travel-slovenia.si\/slo\/24-junij\/\" \/>\n<meta property=\"og:locale\" content=\"sl_SI\" \/>\n<meta property=\"og:type\" content=\"article\" \/>\n<meta property=\"og:title\" content=\"24. junij : Travel-Slovenia\" \/>\n<meta property=\"og:description\" content=\"Pretekli dogodki, ki so se zgodili na datum 24. junija in so v dolo\u010deni meri zaznamovali Slovenijo.\" \/>\n<meta property=\"og:url\" content=\"https:\/\/www.travel-slovenia.si\/slo\/24-junij\/\" \/>\n<meta property=\"og:site_name\" content=\"Travel Slovenia - Sledite lepotam na\u0161e male dr\u017eavice\" \/>\n<meta property=\"article:modified_time\" content=\"2017-06-24T08:13:00+00:00\" \/>\n<meta property=\"og:image\" content=\"https:\/\/www.travel-slovenia.si\/slo\/wp-content\/uploads\/2017\/06\/travel-slovenia-zastava-slovenije.jpg\" \/>\n\t<meta property=\"og:image:width\" content=\"400\" \/>\n\t<meta property=\"og:image:height\" content=\"275\" \/>\n\t<meta property=\"og:image:type\" content=\"image\/jpeg\" \/>\n<meta name=\"twitter:card\" content=\"summary_large_image\" \/>\n<meta name=\"twitter:title\" content=\"24. junij : Travel-Slovenia\" \/>\n<meta name=\"twitter:description\" content=\"Pretekli dogodki, ki so se zgodili na datum 24. junija in so v dolo\u010deni meri zaznamovali Slovenijo.\" \/>\n<meta name=\"twitter:image\" content=\"https:\/\/www.travel-slovenia.si\/slo\/wp-content\/uploads\/2017\/06\/travel-slovenia-zastava-slovenije.jpg\" \/>\n<script type=\"application\/ld+json\" class=\"yoast-schema-graph\">{\"@context\":\"https:\/\/schema.org\",\"@graph\":[{\"@type\":\"WebPage\",\"@id\":\"https:\/\/www.travel-slovenia.si\/slo\/24-junij\/\",\"url\":\"https:\/\/www.travel-slovenia.si\/slo\/24-junij\/\",\"name\":\"24. junij : Travel-Slovenia\",\"isPartOf\":{\"@id\":\"https:\/\/www.travel-slovenia.si\/slo\/#website\"},\"primaryImageOfPage\":{\"@id\":\"https:\/\/www.travel-slovenia.si\/slo\/24-junij\/#primaryimage\"},\"image\":{\"@id\":\"https:\/\/www.travel-slovenia.si\/slo\/24-junij\/#primaryimage\"},\"thumbnailUrl\":\"https:\/\/www.travel-slovenia.si\/slo\/wp-content\/uploads\/2015\/08\/travel-slovenia-slovenska-zastava-view.jpg\",\"datePublished\":\"2017-06-23T21:26:05+00:00\",\"dateModified\":\"2017-06-24T08:13:00+00:00\",\"description\":\"Pretekli dogodki, ki so se zgodili na datum 24. junija in so v dolo\u010deni meri zaznamovali Slovenijo.\",\"breadcrumb\":{\"@id\":\"https:\/\/www.travel-slovenia.si\/slo\/24-junij\/#breadcrumb\"},\"inLanguage\":\"sl-SI\",\"potentialAction\":[{\"@type\":\"ReadAction\",\"target\":[\"https:\/\/www.travel-slovenia.si\/slo\/24-junij\/\"]}]},{\"@type\":\"ImageObject\",\"inLanguage\":\"sl-SI\",\"@id\":\"https:\/\/www.travel-slovenia.si\/slo\/24-junij\/#primaryimage\",\"url\":\"https:\/\/www.travel-slovenia.si\/slo\/wp-content\/uploads\/2015\/08\/travel-slovenia-slovenska-zastava-view.jpg\",\"contentUrl\":\"https:\/\/www.travel-slovenia.si\/slo\/wp-content\/uploads\/2015\/08\/travel-slovenia-slovenska-zastava-view.jpg\",\"width\":150,\"height\":150},{\"@type\":\"BreadcrumbList\",\"@id\":\"https:\/\/www.travel-slovenia.si\/slo\/24-junij\/#breadcrumb\",\"itemListElement\":[{\"@type\":\"ListItem\",\"position\":1,\"name\":\"Home\",\"item\":\"https:\/\/www.travel-slovenia.si\/slo\/\"},{\"@type\":\"ListItem\",\"position\":2,\"name\":\"24. junij\"}]},{\"@type\":\"WebSite\",\"@id\":\"https:\/\/www.travel-slovenia.si\/slo\/#website\",\"url\":\"https:\/\/www.travel-slovenia.si\/slo\/\",\"name\":\"Travel Slovenia - Sledite lepotam na\u0161e male dr\u017eavice\",\"description\":\"\",\"potentialAction\":[{\"@type\":\"SearchAction\",\"target\":{\"@type\":\"EntryPoint\",\"urlTemplate\":\"https:\/\/www.travel-slovenia.si\/slo\/?s={search_term_string}\"},\"query-input\":{\"@type\":\"PropertyValueSpecification\",\"valueRequired\":true,\"valueName\":\"search_term_string\"}}],\"inLanguage\":\"sl-SI\"}]}<\/script>\n<!-- \/ Yoast SEO plugin. -->","yoast_head_json":{"title":"24. junij : Travel-Slovenia","description":"Pretekli dogodki, ki so se zgodili na datum 24. junija in so v dolo\u010deni meri zaznamovali Slovenijo.","robots":{"index":"index","follow":"follow","max-snippet":"max-snippet:-1","max-image-preview":"max-image-preview:large","max-video-preview":"max-video-preview:-1"},"canonical":"https:\/\/www.travel-slovenia.si\/slo\/24-junij\/","og_locale":"sl_SI","og_type":"article","og_title":"24. junij : Travel-Slovenia","og_description":"Pretekli dogodki, ki so se zgodili na datum 24. junija in so v dolo\u010deni meri zaznamovali Slovenijo.","og_url":"https:\/\/www.travel-slovenia.si\/slo\/24-junij\/","og_site_name":"Travel Slovenia - Sledite lepotam na\u0161e male dr\u017eavice","article_modified_time":"2017-06-24T08:13:00+00:00","og_image":[{"width":400,"height":275,"url":"https:\/\/www.travel-slovenia.si\/slo\/wp-content\/uploads\/2017\/06\/travel-slovenia-zastava-slovenije.jpg","type":"image\/jpeg"}],"twitter_card":"summary_large_image","twitter_title":"24. junij : Travel-Slovenia","twitter_description":"Pretekli dogodki, ki so se zgodili na datum 24. junija in so v dolo\u010deni meri zaznamovali Slovenijo.","twitter_image":"https:\/\/www.travel-slovenia.si\/slo\/wp-content\/uploads\/2017\/06\/travel-slovenia-zastava-slovenije.jpg","schema":{"@context":"https:\/\/schema.org","@graph":[{"@type":"WebPage","@id":"https:\/\/www.travel-slovenia.si\/slo\/24-junij\/","url":"https:\/\/www.travel-slovenia.si\/slo\/24-junij\/","name":"24. junij : Travel-Slovenia","isPartOf":{"@id":"https:\/\/www.travel-slovenia.si\/slo\/#website"},"primaryImageOfPage":{"@id":"https:\/\/www.travel-slovenia.si\/slo\/24-junij\/#primaryimage"},"image":{"@id":"https:\/\/www.travel-slovenia.si\/slo\/24-junij\/#primaryimage"},"thumbnailUrl":"https:\/\/www.travel-slovenia.si\/slo\/wp-content\/uploads\/2015\/08\/travel-slovenia-slovenska-zastava-view.jpg","datePublished":"2017-06-23T21:26:05+00:00","dateModified":"2017-06-24T08:13:00+00:00","description":"Pretekli dogodki, ki so se zgodili na datum 24. junija in so v dolo\u010deni meri zaznamovali Slovenijo.","breadcrumb":{"@id":"https:\/\/www.travel-slovenia.si\/slo\/24-junij\/#breadcrumb"},"inLanguage":"sl-SI","potentialAction":[{"@type":"ReadAction","target":["https:\/\/www.travel-slovenia.si\/slo\/24-junij\/"]}]},{"@type":"ImageObject","inLanguage":"sl-SI","@id":"https:\/\/www.travel-slovenia.si\/slo\/24-junij\/#primaryimage","url":"https:\/\/www.travel-slovenia.si\/slo\/wp-content\/uploads\/2015\/08\/travel-slovenia-slovenska-zastava-view.jpg","contentUrl":"https:\/\/www.travel-slovenia.si\/slo\/wp-content\/uploads\/2015\/08\/travel-slovenia-slovenska-zastava-view.jpg","width":150,"height":150},{"@type":"BreadcrumbList","@id":"https:\/\/www.travel-slovenia.si\/slo\/24-junij\/#breadcrumb","itemListElement":[{"@type":"ListItem","position":1,"name":"Home","item":"https:\/\/www.travel-slovenia.si\/slo\/"},{"@type":"ListItem","position":2,"name":"24. junij"}]},{"@type":"WebSite","@id":"https:\/\/www.travel-slovenia.si\/slo\/#website","url":"https:\/\/www.travel-slovenia.si\/slo\/","name":"Travel Slovenia - Sledite lepotam na\u0161e male dr\u017eavice","description":"","potentialAction":[{"@type":"SearchAction","target":{"@type":"EntryPoint","urlTemplate":"https:\/\/www.travel-slovenia.si\/slo\/?s={search_term_string}"},"query-input":{"@type":"PropertyValueSpecification","valueRequired":true,"valueName":"search_term_string"}}],"inLanguage":"sl-SI"}]}},"post_mailing_queue_ids":[],"_links":{"self":[{"href":"https:\/\/www.travel-slovenia.si\/slo\/wp-json\/wp\/v2\/pages\/6784","targetHints":{"allow":["GET"]}}],"collection":[{"href":"https:\/\/www.travel-slovenia.si\/slo\/wp-json\/wp\/v2\/pages"}],"about":[{"href":"https:\/\/www.travel-slovenia.si\/slo\/wp-json\/wp\/v2\/types\/page"}],"author":[{"embeddable":true,"href":"https:\/\/www.travel-slovenia.si\/slo\/wp-json\/wp\/v2\/users\/111"}],"replies":[{"embeddable":true,"href":"https:\/\/www.travel-slovenia.si\/slo\/wp-json\/wp\/v2\/comments?post=6784"}],"version-history":[{"count":1,"href":"https:\/\/www.travel-slovenia.si\/slo\/wp-json\/wp\/v2\/pages\/6784\/revisions"}],"predecessor-version":[{"id":6785,"href":"https:\/\/www.travel-slovenia.si\/slo\/wp-json\/wp\/v2\/pages\/6784\/revisions\/6785"}],"wp:attachment":[{"href":"https:\/\/www.travel-slovenia.si\/slo\/wp-json\/wp\/v2\/media?parent=6784"}],"curies":[{"name":"wp","href":"https:\/\/api.w.org\/{rel}","templated":true}]}}