{"id":6780,"date":"2017-06-23T23:23:40","date_gmt":"2017-06-23T21:23:40","guid":{"rendered":"https:\/\/www.travel-slovenia.si\/slo\/?page_id=6780"},"modified":"2017-06-23T23:23:40","modified_gmt":"2017-06-23T21:23:40","slug":"razglasitev-slovenske-zastave-grba","status":"publish","type":"page","link":"https:\/\/www.travel-slovenia.si\/slo\/razglasitev-slovenske-zastave-grba\/","title":{"rendered":"Razglasitev slovenske zastave in grba"},"content":{"rendered":"<p style=\"text-align: justify;\">24. junija 1991 je slovenska skup\u0161\u010dina dolo\u010dila sedanjo Slovensko zastavo in grb, ki skupaj s himno ozna\u010dujejo pripadnost Republiki Sloveniji. Uporabo grba, zastave in himne ureja zakon o grbu, zastavi in himni Republike Slovenije ter o slovenski narodni zastavi.<\/p>\n<h3>GRB<\/h3>\n<figure id=\"attachment_3437\" class=\"wp-caption alignright\" style=\"max-width: 300px\"><img loading=\"lazy\" decoding=\"async\" class=\"wp-image-3437\" src=\"https:\/\/www.travel-slovenia.si\/slo\/wp-content\/uploads\/2014\/05\/travel-slovenia-grb-slovenije.png\" alt=\"\" width=\"300\" height=\"300\" srcset=\"https:\/\/www.travel-slovenia.si\/slo\/wp-content\/uploads\/2014\/05\/travel-slovenia-grb-slovenije.png 383w, https:\/\/www.travel-slovenia.si\/slo\/wp-content\/uploads\/2014\/05\/travel-slovenia-grb-slovenije-150x150.png 150w, https:\/\/www.travel-slovenia.si\/slo\/wp-content\/uploads\/2014\/05\/travel-slovenia-grb-slovenije-300x300.png 300w, https:\/\/www.travel-slovenia.si\/slo\/wp-content\/uploads\/2014\/05\/travel-slovenia-grb-slovenije-83x83.png 83w, https:\/\/www.travel-slovenia.si\/slo\/wp-content\/uploads\/2014\/05\/travel-slovenia-grb-slovenije-55x55.png 55w, https:\/\/www.travel-slovenia.si\/slo\/wp-content\/uploads\/2014\/05\/travel-slovenia-grb-slovenije-24x24.png 24w, https:\/\/www.travel-slovenia.si\/slo\/wp-content\/uploads\/2014\/05\/travel-slovenia-grb-slovenije-36x36.png 36w, https:\/\/www.travel-slovenia.si\/slo\/wp-content\/uploads\/2014\/05\/travel-slovenia-grb-slovenije-48x48.png 48w\" sizes=\"auto, (max-width: 300px) 100vw, 300px\" \/><figcaption class=\"wp-caption-text\">Slovenski grb<\/figcaption><\/figure>\n<p style=\"text-align: justify;\">Grb Slovenije ima obliko \u0161\u010dita, na sredini \u0161\u010dita se nahaja lik Triglava, ki je najvi\u0161ji vrh Slovenije, pod njim pa dve valoviti \u010drti, ki predstavljata morje in reke. Nad Triglavom se nahajajo tri zlate \u0161esterokrake zvezde v obliki navzdol obrnjenega trikotnika. Pred razglasitvijo slovenske samostojnosti se je uporabljal grb Socialisti\u010dne republike Slovenije, ki je bil podoben dana\u0161njemu. Izdelal pa ga je Marko Poga\u010dnik. Razlika med zdaj\u0161njim in prej\u0161njim grbom je, da ima dana\u0161nji zlate zvezde, prej\u0161njega pa je obkro\u017ealo \u017eitno klasje, prepleteno z rde\u010dim trakom in lipovim listjem. Na sredini klasja se je nahajala rde\u010da zvezda.<\/p>\n<h3>ZASTAVA<\/h3>\n<figure id=\"attachment_6781\" class=\"wp-caption alignleft\" style=\"max-width: 300px\"><img loading=\"lazy\" decoding=\"async\" class=\"size-medium wp-image-6781\" src=\"https:\/\/www.travel-slovenia.si\/slo\/wp-content\/uploads\/2017\/06\/travel-slovenia-zastava-slovenije-300x206.jpg\" alt=\"\" width=\"300\" height=\"206\" srcset=\"https:\/\/www.travel-slovenia.si\/slo\/wp-content\/uploads\/2017\/06\/travel-slovenia-zastava-slovenije-300x206.jpg 300w, https:\/\/www.travel-slovenia.si\/slo\/wp-content\/uploads\/2017\/06\/travel-slovenia-zastava-slovenije-24x17.jpg 24w, https:\/\/www.travel-slovenia.si\/slo\/wp-content\/uploads\/2017\/06\/travel-slovenia-zastava-slovenije-36x25.jpg 36w, https:\/\/www.travel-slovenia.si\/slo\/wp-content\/uploads\/2017\/06\/travel-slovenia-zastava-slovenije-48x33.jpg 48w, https:\/\/www.travel-slovenia.si\/slo\/wp-content\/uploads\/2017\/06\/travel-slovenia-zastava-slovenije.jpg 400w\" sizes=\"auto, (max-width: 300px) 100vw, 300px\" \/><figcaption class=\"wp-caption-text\">Slovenska zastava<\/figcaption><\/figure>\n<p style=\"text-align: justify;\">Zastava Slovenije je belo-modro-rde\u010da z grbom na levi zgornji strani. Dolo\u010dena je bila s 6. \u010dlenom Ustave Republike Slovenije ter z Zakonom o grbu, zastavi in himni Republike Slovenije ter o slovenski narodni zastavi. Barve zastave so panslovanske, ki se pojavljajo v ve\u010dini zastav slovanskih dr\u017eav.<\/p>\n<p style=\"text-align: justify;\">Zastavo so prvi\u010d dvignili 26. junija 1991 na ljubljanskem Trgu Republike, na drogu so jo dvignili \u010dastniki TO RS: Bojan \u0160uligoj, Andrej Kocbek, Uro\u0161 Krek, Goran Vidrih in Stojan Ledinek.<\/p>\n<p>&nbsp;<\/p>\n<table>\n<tbody>\n<tr>\n<td style=\"text-align: center;\"><a href=\"https:\/\/www.travel-slovenia.si\/slo\/na-danasnji-dan\/\"><img loading=\"lazy\" decoding=\"async\" class=\"alignleft wp-image-4499 size-full\" src=\"https:\/\/www.travel-slovenia.si\/slo\/wp-content\/uploads\/2014\/09\/travel-slovenia-povezava-na-drugo.jpg\" alt=\"travel-slovenia-povezava-na-drugo\" width=\"128\" height=\"22\" srcset=\"https:\/\/www.travel-slovenia.si\/slo\/wp-content\/uploads\/2014\/09\/travel-slovenia-povezava-na-drugo.jpg 128w, https:\/\/www.travel-slovenia.si\/slo\/wp-content\/uploads\/2014\/09\/travel-slovenia-povezava-na-drugo-24x4.jpg 24w, https:\/\/www.travel-slovenia.si\/slo\/wp-content\/uploads\/2014\/09\/travel-slovenia-povezava-na-drugo-36x6.jpg 36w, https:\/\/www.travel-slovenia.si\/slo\/wp-content\/uploads\/2014\/09\/travel-slovenia-povezava-na-drugo-48x8.jpg 48w\" sizes=\"auto, (max-width: 128px) 100vw, 128px\" \/><\/a><a href=\"https:\/\/www.travel-slovenia.si\/slo\/na-danasnji-dan\/\">Poglejte \u0161e druge pomembne dogodke!<\/a><a href=\"https:\/\/www.travel-slovenia.si\/slo\/na-danasnji-dan\/\"><img loading=\"lazy\" decoding=\"async\" class=\"alignright wp-image-4500 size-full\" src=\"https:\/\/www.travel-slovenia.si\/slo\/wp-content\/uploads\/2014\/09\/travel-slovenia-povezava-na-drugo2.jpg\" alt=\"travel-slovenia-povezava-na-drugo2\" width=\"128\" height=\"22\" srcset=\"https:\/\/www.travel-slovenia.si\/slo\/wp-content\/uploads\/2014\/09\/travel-slovenia-povezava-na-drugo2.jpg 128w, https:\/\/www.travel-slovenia.si\/slo\/wp-content\/uploads\/2014\/09\/travel-slovenia-povezava-na-drugo2-24x4.jpg 24w, https:\/\/www.travel-slovenia.si\/slo\/wp-content\/uploads\/2014\/09\/travel-slovenia-povezava-na-drugo2-36x6.jpg 36w, https:\/\/www.travel-slovenia.si\/slo\/wp-content\/uploads\/2014\/09\/travel-slovenia-povezava-na-drugo2-48x8.jpg 48w\" sizes=\"auto, (max-width: 128px) 100vw, 128px\" \/><\/a><\/td>\n<\/tr>\n<\/tbody>\n<\/table>\n","protected":false},"excerpt":{"rendered":"<p>24. junija 1991 je slovenska skup\u0161\u010dina dolo\u010dila sedanjo Slovensko zastavo in grb, ki skupaj s himno ozna\u010dujejo pripadnost Republiki Sloveniji. Uporabo grba, zastave in himne ureja zakon o grbu, zastavi in himni Republike Slovenije ter o slovenski narodni zastavi. GRB Grb Slovenije ima obliko \u0161\u010dita, na sredini \u0161\u010dita se nahaja lik Triglava, ki je najvi\u0161ji [&hellip;]<\/p>\n","protected":false},"author":111,"featured_media":0,"parent":0,"menu_order":0,"comment_status":"closed","ping_status":"closed","template":"","meta":{"footnotes":""},"class_list":["post-6780","page","type-page","status-publish","hentry"],"yoast_head":"<!-- This site is optimized with the Yoast SEO plugin v25.4 - https:\/\/yoast.com\/wordpress\/plugins\/seo\/ -->\n<title>Razglasitev slovenske zastave in grba : Travel-Slovenia<\/title>\n<meta name=\"description\" content=\"24. junija 1991 je slovenska skup\u0161\u010dina dolo\u010dila sedanjo Slovensko zastavo in grb, ki skupaj s himno ozna\u010dujejo pripadnost Republiki Sloveniji.\" \/>\n<meta name=\"robots\" content=\"index, follow, max-snippet:-1, max-image-preview:large, max-video-preview:-1\" \/>\n<link rel=\"canonical\" href=\"https:\/\/www.travel-slovenia.si\/slo\/razglasitev-slovenske-zastave-grba\/\" \/>\n<meta property=\"og:locale\" content=\"sl_SI\" \/>\n<meta property=\"og:type\" content=\"article\" \/>\n<meta property=\"og:title\" content=\"Razglasitev slovenske zastave in grba : Travel-Slovenia\" \/>\n<meta property=\"og:description\" content=\"24. junija 1991 je slovenska skup\u0161\u010dina dolo\u010dila sedanjo Slovensko zastavo in grb, ki skupaj s himno ozna\u010dujejo pripadnost Republiki Sloveniji.\" \/>\n<meta property=\"og:url\" content=\"https:\/\/www.travel-slovenia.si\/slo\/razglasitev-slovenske-zastave-grba\/\" \/>\n<meta property=\"og:site_name\" content=\"Travel Slovenia - Sledite lepotam na\u0161e male dr\u017eavice\" \/>\n<meta property=\"og:image\" content=\"https:\/\/www.travel-slovenia.si\/slo\/wp-content\/uploads\/2017\/06\/travel-slovenia-zastava-slovenije.jpg\" \/>\n\t<meta property=\"og:image:width\" content=\"400\" \/>\n\t<meta property=\"og:image:height\" content=\"275\" \/>\n\t<meta property=\"og:image:type\" content=\"image\/jpeg\" \/>\n<meta name=\"twitter:card\" content=\"summary_large_image\" \/>\n<meta name=\"twitter:title\" content=\"Razglasitev slovenske zastave in grba : Travel-Slovenia\" \/>\n<meta name=\"twitter:description\" content=\"24. junija 1991 je slovenska skup\u0161\u010dina dolo\u010dila sedanjo Slovensko zastavo in grb, ki skupaj s himno ozna\u010dujejo pripadnost Republiki Sloveniji.\" \/>\n<meta name=\"twitter:image\" content=\"https:\/\/www.travel-slovenia.si\/slo\/wp-content\/uploads\/2017\/06\/travel-slovenia-zastava-slovenije.jpg\" \/>\n<meta name=\"twitter:label1\" content=\"Est. reading time\" \/>\n\t<meta name=\"twitter:data1\" content=\"1 minuta\" \/>\n<script type=\"application\/ld+json\" class=\"yoast-schema-graph\">{\"@context\":\"https:\/\/schema.org\",\"@graph\":[{\"@type\":\"WebPage\",\"@id\":\"https:\/\/www.travel-slovenia.si\/slo\/razglasitev-slovenske-zastave-grba\/\",\"url\":\"https:\/\/www.travel-slovenia.si\/slo\/razglasitev-slovenske-zastave-grba\/\",\"name\":\"Razglasitev slovenske zastave in grba : Travel-Slovenia\",\"isPartOf\":{\"@id\":\"https:\/\/www.travel-slovenia.si\/slo\/#website\"},\"primaryImageOfPage\":{\"@id\":\"https:\/\/www.travel-slovenia.si\/slo\/razglasitev-slovenske-zastave-grba\/#primaryimage\"},\"image\":{\"@id\":\"https:\/\/www.travel-slovenia.si\/slo\/razglasitev-slovenske-zastave-grba\/#primaryimage\"},\"thumbnailUrl\":\"https:\/\/www.travel-slovenia.si\/slo\/wp-content\/uploads\/2014\/05\/travel-slovenia-grb-slovenije.png\",\"datePublished\":\"2017-06-23T21:23:40+00:00\",\"description\":\"24. junija 1991 je slovenska skup\u0161\u010dina dolo\u010dila sedanjo Slovensko zastavo in grb, ki skupaj s himno ozna\u010dujejo pripadnost Republiki Sloveniji.\",\"breadcrumb\":{\"@id\":\"https:\/\/www.travel-slovenia.si\/slo\/razglasitev-slovenske-zastave-grba\/#breadcrumb\"},\"inLanguage\":\"sl-SI\",\"potentialAction\":[{\"@type\":\"ReadAction\",\"target\":[\"https:\/\/www.travel-slovenia.si\/slo\/razglasitev-slovenske-zastave-grba\/\"]}]},{\"@type\":\"ImageObject\",\"inLanguage\":\"sl-SI\",\"@id\":\"https:\/\/www.travel-slovenia.si\/slo\/razglasitev-slovenske-zastave-grba\/#primaryimage\",\"url\":\"https:\/\/www.travel-slovenia.si\/slo\/wp-content\/uploads\/2014\/05\/travel-slovenia-grb-slovenije.png\",\"contentUrl\":\"https:\/\/www.travel-slovenia.si\/slo\/wp-content\/uploads\/2014\/05\/travel-slovenia-grb-slovenije.png\",\"width\":383,\"height\":383,\"caption\":\"Slovenski grb\"},{\"@type\":\"BreadcrumbList\",\"@id\":\"https:\/\/www.travel-slovenia.si\/slo\/razglasitev-slovenske-zastave-grba\/#breadcrumb\",\"itemListElement\":[{\"@type\":\"ListItem\",\"position\":1,\"name\":\"Home\",\"item\":\"https:\/\/www.travel-slovenia.si\/slo\/\"},{\"@type\":\"ListItem\",\"position\":2,\"name\":\"Razglasitev slovenske zastave in grba\"}]},{\"@type\":\"WebSite\",\"@id\":\"https:\/\/www.travel-slovenia.si\/slo\/#website\",\"url\":\"https:\/\/www.travel-slovenia.si\/slo\/\",\"name\":\"Travel Slovenia - Sledite lepotam na\u0161e male dr\u017eavice\",\"description\":\"\",\"potentialAction\":[{\"@type\":\"SearchAction\",\"target\":{\"@type\":\"EntryPoint\",\"urlTemplate\":\"https:\/\/www.travel-slovenia.si\/slo\/?s={search_term_string}\"},\"query-input\":{\"@type\":\"PropertyValueSpecification\",\"valueRequired\":true,\"valueName\":\"search_term_string\"}}],\"inLanguage\":\"sl-SI\"}]}<\/script>\n<!-- \/ Yoast SEO plugin. -->","yoast_head_json":{"title":"Razglasitev slovenske zastave in grba : Travel-Slovenia","description":"24. junija 1991 je slovenska skup\u0161\u010dina dolo\u010dila sedanjo Slovensko zastavo in grb, ki skupaj s himno ozna\u010dujejo pripadnost Republiki Sloveniji.","robots":{"index":"index","follow":"follow","max-snippet":"max-snippet:-1","max-image-preview":"max-image-preview:large","max-video-preview":"max-video-preview:-1"},"canonical":"https:\/\/www.travel-slovenia.si\/slo\/razglasitev-slovenske-zastave-grba\/","og_locale":"sl_SI","og_type":"article","og_title":"Razglasitev slovenske zastave in grba : Travel-Slovenia","og_description":"24. junija 1991 je slovenska skup\u0161\u010dina dolo\u010dila sedanjo Slovensko zastavo in grb, ki skupaj s himno ozna\u010dujejo pripadnost Republiki Sloveniji.","og_url":"https:\/\/www.travel-slovenia.si\/slo\/razglasitev-slovenske-zastave-grba\/","og_site_name":"Travel Slovenia - Sledite lepotam na\u0161e male dr\u017eavice","og_image":[{"width":400,"height":275,"url":"https:\/\/www.travel-slovenia.si\/slo\/wp-content\/uploads\/2017\/06\/travel-slovenia-zastava-slovenije.jpg","type":"image\/jpeg"}],"twitter_card":"summary_large_image","twitter_title":"Razglasitev slovenske zastave in grba : Travel-Slovenia","twitter_description":"24. junija 1991 je slovenska skup\u0161\u010dina dolo\u010dila sedanjo Slovensko zastavo in grb, ki skupaj s himno ozna\u010dujejo pripadnost Republiki Sloveniji.","twitter_image":"https:\/\/www.travel-slovenia.si\/slo\/wp-content\/uploads\/2017\/06\/travel-slovenia-zastava-slovenije.jpg","twitter_misc":{"Est. reading time":"1 minuta"},"schema":{"@context":"https:\/\/schema.org","@graph":[{"@type":"WebPage","@id":"https:\/\/www.travel-slovenia.si\/slo\/razglasitev-slovenske-zastave-grba\/","url":"https:\/\/www.travel-slovenia.si\/slo\/razglasitev-slovenske-zastave-grba\/","name":"Razglasitev slovenske zastave in grba : Travel-Slovenia","isPartOf":{"@id":"https:\/\/www.travel-slovenia.si\/slo\/#website"},"primaryImageOfPage":{"@id":"https:\/\/www.travel-slovenia.si\/slo\/razglasitev-slovenske-zastave-grba\/#primaryimage"},"image":{"@id":"https:\/\/www.travel-slovenia.si\/slo\/razglasitev-slovenske-zastave-grba\/#primaryimage"},"thumbnailUrl":"https:\/\/www.travel-slovenia.si\/slo\/wp-content\/uploads\/2014\/05\/travel-slovenia-grb-slovenije.png","datePublished":"2017-06-23T21:23:40+00:00","description":"24. junija 1991 je slovenska skup\u0161\u010dina dolo\u010dila sedanjo Slovensko zastavo in grb, ki skupaj s himno ozna\u010dujejo pripadnost Republiki Sloveniji.","breadcrumb":{"@id":"https:\/\/www.travel-slovenia.si\/slo\/razglasitev-slovenske-zastave-grba\/#breadcrumb"},"inLanguage":"sl-SI","potentialAction":[{"@type":"ReadAction","target":["https:\/\/www.travel-slovenia.si\/slo\/razglasitev-slovenske-zastave-grba\/"]}]},{"@type":"ImageObject","inLanguage":"sl-SI","@id":"https:\/\/www.travel-slovenia.si\/slo\/razglasitev-slovenske-zastave-grba\/#primaryimage","url":"https:\/\/www.travel-slovenia.si\/slo\/wp-content\/uploads\/2014\/05\/travel-slovenia-grb-slovenije.png","contentUrl":"https:\/\/www.travel-slovenia.si\/slo\/wp-content\/uploads\/2014\/05\/travel-slovenia-grb-slovenije.png","width":383,"height":383,"caption":"Slovenski grb"},{"@type":"BreadcrumbList","@id":"https:\/\/www.travel-slovenia.si\/slo\/razglasitev-slovenske-zastave-grba\/#breadcrumb","itemListElement":[{"@type":"ListItem","position":1,"name":"Home","item":"https:\/\/www.travel-slovenia.si\/slo\/"},{"@type":"ListItem","position":2,"name":"Razglasitev slovenske zastave in grba"}]},{"@type":"WebSite","@id":"https:\/\/www.travel-slovenia.si\/slo\/#website","url":"https:\/\/www.travel-slovenia.si\/slo\/","name":"Travel Slovenia - Sledite lepotam na\u0161e male dr\u017eavice","description":"","potentialAction":[{"@type":"SearchAction","target":{"@type":"EntryPoint","urlTemplate":"https:\/\/www.travel-slovenia.si\/slo\/?s={search_term_string}"},"query-input":{"@type":"PropertyValueSpecification","valueRequired":true,"valueName":"search_term_string"}}],"inLanguage":"sl-SI"}]}},"post_mailing_queue_ids":[],"_links":{"self":[{"href":"https:\/\/www.travel-slovenia.si\/slo\/wp-json\/wp\/v2\/pages\/6780","targetHints":{"allow":["GET"]}}],"collection":[{"href":"https:\/\/www.travel-slovenia.si\/slo\/wp-json\/wp\/v2\/pages"}],"about":[{"href":"https:\/\/www.travel-slovenia.si\/slo\/wp-json\/wp\/v2\/types\/page"}],"author":[{"embeddable":true,"href":"https:\/\/www.travel-slovenia.si\/slo\/wp-json\/wp\/v2\/users\/111"}],"replies":[{"embeddable":true,"href":"https:\/\/www.travel-slovenia.si\/slo\/wp-json\/wp\/v2\/comments?post=6780"}],"version-history":[{"count":1,"href":"https:\/\/www.travel-slovenia.si\/slo\/wp-json\/wp\/v2\/pages\/6780\/revisions"}],"predecessor-version":[{"id":6783,"href":"https:\/\/www.travel-slovenia.si\/slo\/wp-json\/wp\/v2\/pages\/6780\/revisions\/6783"}],"wp:attachment":[{"href":"https:\/\/www.travel-slovenia.si\/slo\/wp-json\/wp\/v2\/media?parent=6780"}],"curies":[{"name":"wp","href":"https:\/\/api.w.org\/{rel}","templated":true}]}}