{"id":6700,"date":"2017-05-30T08:40:41","date_gmt":"2017-05-30T06:40:41","guid":{"rendered":"https:\/\/www.travel-slovenia.si\/slo\/?page_id=6700"},"modified":"2017-05-30T08:40:41","modified_gmt":"2017-05-30T06:40:41","slug":"vodeni-ogledi-po-ljubljani","status":"publish","type":"page","link":"https:\/\/www.travel-slovenia.si\/slo\/vodeni-ogledi-po-ljubljani\/","title":{"rendered":"Vodeni ogledi po Ljubljani"},"content":{"rendered":"<h3>BREZPLA\u010cNE TURISTI\u010cNE TURE PO LJUBLJANI<\/h3>\n<p style=\"text-align: justify;\"><a href=\"https:\/\/www.travel-slovenia.si\/slo\/location\/brezplacne-turisticne-ture-po-ljubljani\/\"><img loading=\"lazy\" decoding=\"async\" class=\"alignright size-full wp-image-6677\" src=\"https:\/\/www.travel-slovenia.si\/slo\/wp-content\/uploads\/2017\/05\/travel-slovenia-ljubljana-tura-view.png\" alt=\"\" width=\"150\" height=\"150\" srcset=\"https:\/\/www.travel-slovenia.si\/slo\/wp-content\/uploads\/2017\/05\/travel-slovenia-ljubljana-tura-view.png 150w, https:\/\/www.travel-slovenia.si\/slo\/wp-content\/uploads\/2017\/05\/travel-slovenia-ljubljana-tura-view-83x83.png 83w, https:\/\/www.travel-slovenia.si\/slo\/wp-content\/uploads\/2017\/05\/travel-slovenia-ljubljana-tura-view-55x55.png 55w, https:\/\/www.travel-slovenia.si\/slo\/wp-content\/uploads\/2017\/05\/travel-slovenia-ljubljana-tura-view-24x24.png 24w, https:\/\/www.travel-slovenia.si\/slo\/wp-content\/uploads\/2017\/05\/travel-slovenia-ljubljana-tura-view-36x36.png 36w, https:\/\/www.travel-slovenia.si\/slo\/wp-content\/uploads\/2017\/05\/travel-slovenia-ljubljana-tura-view-48x48.png 48w\" sizes=\"auto, (max-width: 150px) 100vw, 150px\" \/><\/a>S 1. junijem 2017 bo Travel-Slovenia pri\u010del z izvajanjem brezpla\u010dnih vodenih turisti\u010dnih ogledov mesta Ljubljana, na poti si bomo ogledali najzanimivej\u0161e dele mesta, od tistih bolj poznanih, pa do tistih malo manj. Kro\u017ena vodena tura bo trajala okoli 3 ure, je nezahtevna in primerna za vse. Ogledi se bodo izvajali vsak torek, \u010detrtek in petek ob 11 uri, s pri\u010detkom na Pre\u0161ernovem trgu. Poi\u0161\u010dite va\u0161ega Travel-Slovenia vodnika. Ogled se izvaja v angle\u0161kem jeziku. [<a href=\"https:\/\/www.travel-slovenia.si\/slo\/location\/brezplacne-turisticne-ture-po-ljubljani\/\">_Ve\u010d info_<\/a>]\n<h3>VODENI TURISTI\u010cNI OGLEDI PO EMONI \u2013 RIMSKEM MESTU<\/h3>\n<p style=\"text-align: justify;\"><a href=\"https:\/\/www.travel-slovenia.si\/slo\/location\/vodeni-turisticni-ogledi-po-emoni-rimskem-mestu\/\"><img loading=\"lazy\" decoding=\"async\" class=\"alignleft size-full wp-image-6681\" src=\"https:\/\/www.travel-slovenia.si\/slo\/wp-content\/uploads\/2017\/05\/travel-slovenia-emona-view.png\" alt=\"\" width=\"150\" height=\"150\" srcset=\"https:\/\/www.travel-slovenia.si\/slo\/wp-content\/uploads\/2017\/05\/travel-slovenia-emona-view.png 150w, https:\/\/www.travel-slovenia.si\/slo\/wp-content\/uploads\/2017\/05\/travel-slovenia-emona-view-83x83.png 83w, https:\/\/www.travel-slovenia.si\/slo\/wp-content\/uploads\/2017\/05\/travel-slovenia-emona-view-55x55.png 55w, https:\/\/www.travel-slovenia.si\/slo\/wp-content\/uploads\/2017\/05\/travel-slovenia-emona-view-24x24.png 24w, https:\/\/www.travel-slovenia.si\/slo\/wp-content\/uploads\/2017\/05\/travel-slovenia-emona-view-36x36.png 36w, https:\/\/www.travel-slovenia.si\/slo\/wp-content\/uploads\/2017\/05\/travel-slovenia-emona-view-48x48.png 48w\" sizes=\"auto, (max-width: 150px) 100vw, 150px\" \/><\/a>Z 2. junijem 2017 bo Travel-Slovenia pri\u010del z izvajanjem vodenih turisti\u010dnih ogledov Po sledeh Emone \u2013 starem rimskem mestu. Ogledali si bomo zanimive ostanke rimskega mesta Emona, ki se nahajajo na razli\u010dnih delih mesta Ljubljana. Kro\u017ena vodena tura traja okoli 2 uri, je nezahtevna in primerna za vse, ki jih zanima zgodovina. Ogledi se bodo izvajali vsako\u00a0sredo in petek ob 11 uri, s pri\u010detkom na Kongresnem trgu. Ogledi se izvajajo v angle\u0161kem jeziku. [<a href=\"https:\/\/www.travel-slovenia.si\/slo\/location\/vodeni-turisticni-ogledi-po-emoni-rimskem-mestu\/\">_Ve\u010d info_<\/a>]\n","protected":false},"excerpt":{"rendered":"<p>BREZPLA\u010cNE TURISTI\u010cNE TURE PO LJUBLJANI S 1. junijem 2017 bo Travel-Slovenia pri\u010del z izvajanjem brezpla\u010dnih vodenih turisti\u010dnih ogledov mesta Ljubljana, na poti si bomo ogledali najzanimivej\u0161e dele mesta, od tistih bolj poznanih, pa do tistih malo manj. Kro\u017ena vodena tura bo trajala okoli 3 ure, je nezahtevna in primerna za vse. Ogledi se bodo izvajali [&hellip;]<\/p>\n","protected":false},"author":111,"featured_media":0,"parent":0,"menu_order":0,"comment_status":"closed","ping_status":"closed","template":"","meta":{"footnotes":""},"class_list":["post-6700","page","type-page","status-publish","hentry"],"yoast_head":"<!-- This site is optimized with the Yoast SEO plugin v25.4 - https:\/\/yoast.com\/wordpress\/plugins\/seo\/ -->\n<title>Vodeni ogledi po Ljubljani : Travel-Slovenia<\/title>\n<meta name=\"description\" content=\"Pridru\u017eite se nam na brezpla\u010dnih vodenih ogledih Ljubljane in vodenih ogledih starega rimskega mesta - Emone. Ljubljana v vsej svoji lepoti.\" \/>\n<meta name=\"robots\" content=\"index, follow, max-snippet:-1, max-image-preview:large, max-video-preview:-1\" \/>\n<link rel=\"canonical\" href=\"https:\/\/www.travel-slovenia.si\/slo\/vodeni-ogledi-po-ljubljani\/\" \/>\n<meta property=\"og:locale\" content=\"sl_SI\" \/>\n<meta property=\"og:type\" content=\"article\" \/>\n<meta property=\"og:title\" content=\"Vodeni ogledi po Ljubljani : Travel-Slovenia\" \/>\n<meta property=\"og:description\" content=\"Pridru\u017eite se nam na brezpla\u010dnih vodenih ogledih Ljubljane in vodenih ogledih starega rimskega mesta - Emone. Ljubljana v vsej svoji lepoti.\" \/>\n<meta property=\"og:url\" content=\"https:\/\/www.travel-slovenia.si\/slo\/vodeni-ogledi-po-ljubljani\/\" \/>\n<meta property=\"og:site_name\" content=\"Travel Slovenia - Sledite lepotam na\u0161e male dr\u017eavice\" \/>\n<meta property=\"og:image\" content=\"https:\/\/www.travel-slovenia.si\/slo\/wp-content\/uploads\/2017\/05\/travel-slovenia-ljubljana-tura.jpg\" \/>\n\t<meta property=\"og:image:width\" content=\"800\" \/>\n\t<meta property=\"og:image:height\" content=\"291\" \/>\n\t<meta property=\"og:image:type\" content=\"image\/jpeg\" \/>\n<meta name=\"twitter:card\" content=\"summary_large_image\" \/>\n<meta name=\"twitter:title\" content=\"Vodeni ogledi po Ljubljani : Travel-Slovenia\" \/>\n<meta name=\"twitter:description\" content=\"Pridru\u017eite se nam na brezpla\u010dnih vodenih ogledih Ljubljane in vodenih ogledih starega rimskega mesta - Emone. Ljubljana v vsej svoji lepoti.\" \/>\n<meta name=\"twitter:image\" content=\"https:\/\/www.travel-slovenia.si\/slo\/wp-content\/uploads\/2017\/05\/travel-slovenia-ljubljana-tura.jpg\" \/>\n<meta name=\"twitter:label1\" content=\"Est. reading time\" \/>\n\t<meta name=\"twitter:data1\" content=\"1 minuta\" \/>\n<script type=\"application\/ld+json\" class=\"yoast-schema-graph\">{\"@context\":\"https:\/\/schema.org\",\"@graph\":[{\"@type\":\"WebPage\",\"@id\":\"https:\/\/www.travel-slovenia.si\/slo\/vodeni-ogledi-po-ljubljani\/\",\"url\":\"https:\/\/www.travel-slovenia.si\/slo\/vodeni-ogledi-po-ljubljani\/\",\"name\":\"Vodeni ogledi po Ljubljani : Travel-Slovenia\",\"isPartOf\":{\"@id\":\"https:\/\/www.travel-slovenia.si\/slo\/#website\"},\"primaryImageOfPage\":{\"@id\":\"https:\/\/www.travel-slovenia.si\/slo\/vodeni-ogledi-po-ljubljani\/#primaryimage\"},\"image\":{\"@id\":\"https:\/\/www.travel-slovenia.si\/slo\/vodeni-ogledi-po-ljubljani\/#primaryimage\"},\"thumbnailUrl\":\"https:\/\/www.travel-slovenia.si\/slo\/wp-content\/uploads\/2017\/05\/travel-slovenia-ljubljana-tura-view.png\",\"datePublished\":\"2017-05-30T06:40:41+00:00\",\"description\":\"Pridru\u017eite se nam na brezpla\u010dnih vodenih ogledih Ljubljane in vodenih ogledih starega rimskega mesta - Emone. Ljubljana v vsej svoji lepoti.\",\"breadcrumb\":{\"@id\":\"https:\/\/www.travel-slovenia.si\/slo\/vodeni-ogledi-po-ljubljani\/#breadcrumb\"},\"inLanguage\":\"sl-SI\",\"potentialAction\":[{\"@type\":\"ReadAction\",\"target\":[\"https:\/\/www.travel-slovenia.si\/slo\/vodeni-ogledi-po-ljubljani\/\"]}]},{\"@type\":\"ImageObject\",\"inLanguage\":\"sl-SI\",\"@id\":\"https:\/\/www.travel-slovenia.si\/slo\/vodeni-ogledi-po-ljubljani\/#primaryimage\",\"url\":\"https:\/\/www.travel-slovenia.si\/slo\/wp-content\/uploads\/2017\/05\/travel-slovenia-ljubljana-tura-view.png\",\"contentUrl\":\"https:\/\/www.travel-slovenia.si\/slo\/wp-content\/uploads\/2017\/05\/travel-slovenia-ljubljana-tura-view.png\",\"width\":150,\"height\":150},{\"@type\":\"BreadcrumbList\",\"@id\":\"https:\/\/www.travel-slovenia.si\/slo\/vodeni-ogledi-po-ljubljani\/#breadcrumb\",\"itemListElement\":[{\"@type\":\"ListItem\",\"position\":1,\"name\":\"Home\",\"item\":\"https:\/\/www.travel-slovenia.si\/slo\/\"},{\"@type\":\"ListItem\",\"position\":2,\"name\":\"Vodeni ogledi po Ljubljani\"}]},{\"@type\":\"WebSite\",\"@id\":\"https:\/\/www.travel-slovenia.si\/slo\/#website\",\"url\":\"https:\/\/www.travel-slovenia.si\/slo\/\",\"name\":\"Travel Slovenia - Sledite lepotam na\u0161e male dr\u017eavice\",\"description\":\"\",\"potentialAction\":[{\"@type\":\"SearchAction\",\"target\":{\"@type\":\"EntryPoint\",\"urlTemplate\":\"https:\/\/www.travel-slovenia.si\/slo\/?s={search_term_string}\"},\"query-input\":{\"@type\":\"PropertyValueSpecification\",\"valueRequired\":true,\"valueName\":\"search_term_string\"}}],\"inLanguage\":\"sl-SI\"}]}<\/script>\n<!-- \/ Yoast SEO plugin. -->","yoast_head_json":{"title":"Vodeni ogledi po Ljubljani : Travel-Slovenia","description":"Pridru\u017eite se nam na brezpla\u010dnih vodenih ogledih Ljubljane in vodenih ogledih starega rimskega mesta - Emone. Ljubljana v vsej svoji lepoti.","robots":{"index":"index","follow":"follow","max-snippet":"max-snippet:-1","max-image-preview":"max-image-preview:large","max-video-preview":"max-video-preview:-1"},"canonical":"https:\/\/www.travel-slovenia.si\/slo\/vodeni-ogledi-po-ljubljani\/","og_locale":"sl_SI","og_type":"article","og_title":"Vodeni ogledi po Ljubljani : Travel-Slovenia","og_description":"Pridru\u017eite se nam na brezpla\u010dnih vodenih ogledih Ljubljane in vodenih ogledih starega rimskega mesta - Emone. Ljubljana v vsej svoji lepoti.","og_url":"https:\/\/www.travel-slovenia.si\/slo\/vodeni-ogledi-po-ljubljani\/","og_site_name":"Travel Slovenia - Sledite lepotam na\u0161e male dr\u017eavice","og_image":[{"width":800,"height":291,"url":"https:\/\/www.travel-slovenia.si\/slo\/wp-content\/uploads\/2017\/05\/travel-slovenia-ljubljana-tura.jpg","type":"image\/jpeg"}],"twitter_card":"summary_large_image","twitter_title":"Vodeni ogledi po Ljubljani : Travel-Slovenia","twitter_description":"Pridru\u017eite se nam na brezpla\u010dnih vodenih ogledih Ljubljane in vodenih ogledih starega rimskega mesta - Emone. Ljubljana v vsej svoji lepoti.","twitter_image":"https:\/\/www.travel-slovenia.si\/slo\/wp-content\/uploads\/2017\/05\/travel-slovenia-ljubljana-tura.jpg","twitter_misc":{"Est. reading time":"1 minuta"},"schema":{"@context":"https:\/\/schema.org","@graph":[{"@type":"WebPage","@id":"https:\/\/www.travel-slovenia.si\/slo\/vodeni-ogledi-po-ljubljani\/","url":"https:\/\/www.travel-slovenia.si\/slo\/vodeni-ogledi-po-ljubljani\/","name":"Vodeni ogledi po Ljubljani : Travel-Slovenia","isPartOf":{"@id":"https:\/\/www.travel-slovenia.si\/slo\/#website"},"primaryImageOfPage":{"@id":"https:\/\/www.travel-slovenia.si\/slo\/vodeni-ogledi-po-ljubljani\/#primaryimage"},"image":{"@id":"https:\/\/www.travel-slovenia.si\/slo\/vodeni-ogledi-po-ljubljani\/#primaryimage"},"thumbnailUrl":"https:\/\/www.travel-slovenia.si\/slo\/wp-content\/uploads\/2017\/05\/travel-slovenia-ljubljana-tura-view.png","datePublished":"2017-05-30T06:40:41+00:00","description":"Pridru\u017eite se nam na brezpla\u010dnih vodenih ogledih Ljubljane in vodenih ogledih starega rimskega mesta - Emone. Ljubljana v vsej svoji lepoti.","breadcrumb":{"@id":"https:\/\/www.travel-slovenia.si\/slo\/vodeni-ogledi-po-ljubljani\/#breadcrumb"},"inLanguage":"sl-SI","potentialAction":[{"@type":"ReadAction","target":["https:\/\/www.travel-slovenia.si\/slo\/vodeni-ogledi-po-ljubljani\/"]}]},{"@type":"ImageObject","inLanguage":"sl-SI","@id":"https:\/\/www.travel-slovenia.si\/slo\/vodeni-ogledi-po-ljubljani\/#primaryimage","url":"https:\/\/www.travel-slovenia.si\/slo\/wp-content\/uploads\/2017\/05\/travel-slovenia-ljubljana-tura-view.png","contentUrl":"https:\/\/www.travel-slovenia.si\/slo\/wp-content\/uploads\/2017\/05\/travel-slovenia-ljubljana-tura-view.png","width":150,"height":150},{"@type":"BreadcrumbList","@id":"https:\/\/www.travel-slovenia.si\/slo\/vodeni-ogledi-po-ljubljani\/#breadcrumb","itemListElement":[{"@type":"ListItem","position":1,"name":"Home","item":"https:\/\/www.travel-slovenia.si\/slo\/"},{"@type":"ListItem","position":2,"name":"Vodeni ogledi po Ljubljani"}]},{"@type":"WebSite","@id":"https:\/\/www.travel-slovenia.si\/slo\/#website","url":"https:\/\/www.travel-slovenia.si\/slo\/","name":"Travel Slovenia - Sledite lepotam na\u0161e male dr\u017eavice","description":"","potentialAction":[{"@type":"SearchAction","target":{"@type":"EntryPoint","urlTemplate":"https:\/\/www.travel-slovenia.si\/slo\/?s={search_term_string}"},"query-input":{"@type":"PropertyValueSpecification","valueRequired":true,"valueName":"search_term_string"}}],"inLanguage":"sl-SI"}]}},"post_mailing_queue_ids":[],"_links":{"self":[{"href":"https:\/\/www.travel-slovenia.si\/slo\/wp-json\/wp\/v2\/pages\/6700","targetHints":{"allow":["GET"]}}],"collection":[{"href":"https:\/\/www.travel-slovenia.si\/slo\/wp-json\/wp\/v2\/pages"}],"about":[{"href":"https:\/\/www.travel-slovenia.si\/slo\/wp-json\/wp\/v2\/types\/page"}],"author":[{"embeddable":true,"href":"https:\/\/www.travel-slovenia.si\/slo\/wp-json\/wp\/v2\/users\/111"}],"replies":[{"embeddable":true,"href":"https:\/\/www.travel-slovenia.si\/slo\/wp-json\/wp\/v2\/comments?post=6700"}],"version-history":[{"count":1,"href":"https:\/\/www.travel-slovenia.si\/slo\/wp-json\/wp\/v2\/pages\/6700\/revisions"}],"predecessor-version":[{"id":6701,"href":"https:\/\/www.travel-slovenia.si\/slo\/wp-json\/wp\/v2\/pages\/6700\/revisions\/6701"}],"wp:attachment":[{"href":"https:\/\/www.travel-slovenia.si\/slo\/wp-json\/wp\/v2\/media?parent=6700"}],"curies":[{"name":"wp","href":"https:\/\/api.w.org\/{rel}","templated":true}]}}