{"id":6661,"date":"2017-05-18T10:51:59","date_gmt":"2017-05-18T08:51:59","guid":{"rendered":"https:\/\/www.travel-slovenia.si\/slo\/?page_id=6661"},"modified":"2017-05-18T10:51:59","modified_gmt":"2017-05-18T08:51:59","slug":"ferdo-vesel","status":"publish","type":"page","link":"https:\/\/www.travel-slovenia.si\/slo\/ferdo-vesel\/","title":{"rendered":"Ferdo Vesel"},"content":{"rendered":"<figure id=\"attachment_6663\" class=\"wp-caption alignleft\" style=\"max-width: 300px\"><img loading=\"lazy\" decoding=\"async\" class=\"size-full wp-image-6663\" src=\"https:\/\/www.travel-slovenia.si\/slo\/wp-content\/uploads\/2017\/05\/travel-slovenia-ferdo-vesel.jpg\" alt=\"\" width=\"300\" height=\"424\" srcset=\"https:\/\/www.travel-slovenia.si\/slo\/wp-content\/uploads\/2017\/05\/travel-slovenia-ferdo-vesel.jpg 300w, https:\/\/www.travel-slovenia.si\/slo\/wp-content\/uploads\/2017\/05\/travel-slovenia-ferdo-vesel-212x300.jpg 212w, https:\/\/www.travel-slovenia.si\/slo\/wp-content\/uploads\/2017\/05\/travel-slovenia-ferdo-vesel-17x24.jpg 17w, https:\/\/www.travel-slovenia.si\/slo\/wp-content\/uploads\/2017\/05\/travel-slovenia-ferdo-vesel-25x36.jpg 25w, https:\/\/www.travel-slovenia.si\/slo\/wp-content\/uploads\/2017\/05\/travel-slovenia-ferdo-vesel-34x48.jpg 34w\" sizes=\"auto, (max-width: 300px) 100vw, 300px\" \/><figcaption class=\"wp-caption-text\">Ferdo Vesel<\/figcaption><\/figure>\n<p style=\"text-align: justify;\">Ferdo Vesel je bil eden izmed najpomembnej\u0161ih slovenskih slikarjev, ki se je rodil 18. maja 1861, umrl je v Ljubljani 28. julija 1946. Vesel se je ukvarjal s krajinarstvom, portretiranjem in folklornim \u017eanrom. Njegova likovna dela so razpeta med realisti\u010dnim in impresionisti\u010dnim slogom. Slikar Josip Poto\u010dnik je bil njegov u\u010denec. Od leta 1906 dalje je v Grumlofu pri \u0160entpavlu na Dolenjskem \u017eivel \u010duda\u0161ko \u017eivljenje, tu je umetni\u0161ko stagniral. V \u0160entvidu pri Sti\u010dni so po njem poimenovali osnovno \u0161olo, Osnovna \u0161ola Ferda Vesela.<\/p>\n<p style=\"text-align: justify;\">\u0160olal se je na ljubljanski realki, \u0161tudiral pa na dunajski akademiji. Njegovo \u017eivljenje in delo je potekalo v krogu Ivane Kobilice, Riharda Jakopi\u010da, Jo\u017eefa Petkov\u0161ka in Antona A\u017ebeta. Vesel je veliko potoval po Evropi, saj se njegov nemirni umetni\u0161ki duh nikakor ni mogel umiriti in ustaliti. Po vrnitvi se je preselil v mekinjski samostan pri Kamniku, leta 1901 je pri\u0161el v gradi\u010d Grumlof, ki je postal njegov dom. Kmalu za tem se je pri\u010dela prva svetovna vojna in skupaj z Ivanom Cankarjem je delil te\u017eko usodo v internaciji. V letu 1917 se vrne na Dolenjsko na gradi\u010d. V nemirnem \u010dasu iskanja se je ujel s tokovi sodobnega slovenskega slikarstva, ki ga je spodbujal k spontanemu slikarskemu izrazu. V letu 1938 je na Grumlofu pri\u010dakal drugo svetovno vojno, ki je s seboj prinesla veliko trpljenja in tragi\u010dnih dogodkov. Kmalu se je preselil v Ljubljano, kjer je v letu 1946 tudi umrl.<\/p>\n<figure id=\"attachment_6664\" class=\"wp-caption alignright\" style=\"max-width: 300px\"><img loading=\"lazy\" decoding=\"async\" class=\"size-full wp-image-6664\" src=\"https:\/\/www.travel-slovenia.si\/slo\/wp-content\/uploads\/2017\/05\/travel-slovenia-ferdo-vesel-osnovna-sola.jpg\" alt=\"\" width=\"300\" height=\"237\" srcset=\"https:\/\/www.travel-slovenia.si\/slo\/wp-content\/uploads\/2017\/05\/travel-slovenia-ferdo-vesel-osnovna-sola.jpg 300w, https:\/\/www.travel-slovenia.si\/slo\/wp-content\/uploads\/2017\/05\/travel-slovenia-ferdo-vesel-osnovna-sola-24x19.jpg 24w, https:\/\/www.travel-slovenia.si\/slo\/wp-content\/uploads\/2017\/05\/travel-slovenia-ferdo-vesel-osnovna-sola-36x28.jpg 36w, https:\/\/www.travel-slovenia.si\/slo\/wp-content\/uploads\/2017\/05\/travel-slovenia-ferdo-vesel-osnovna-sola-48x38.jpg 48w\" sizes=\"auto, (max-width: 300px) 100vw, 300px\" \/><figcaption class=\"wp-caption-text\">Osnovna \u0161ola Ferdo Vesel v \u0160entvidu pri Sti\u010dni<\/figcaption><\/figure>\n<p style=\"text-align: justify;\">Bil je slikovit, imel je nagonski slikarski zna\u010daj, njegova osebnost je bila problemsko razgibana, bil je nemiren iskalec novih krajev in slikarskih izrazov. Odtrgal se je od malome\u0161\u010danstva in od\u0161el \u0161tudirat, namesto slu\u017ebe se je odlo\u010dil za pot svobodnega umetnika. Svoja dela je vedno strogo ocenjeval, saj je bila umetnost zanj te\u017eko in naporno delo, nekaj enkratnega. Zaradi tega se je od svojih slik te\u017eko lo\u010deval, zelo nerad jih je prodajal.<\/p>\n<p>&nbsp;<\/p>\n<table>\n<tbody>\n<tr>\n<td style=\"text-align: center;\"><a href=\"https:\/\/www.travel-slovenia.si\/slo\/zgodovinske-osebnosti\/\"><img loading=\"lazy\" decoding=\"async\" class=\"alignleft wp-image-4499 size-full\" src=\"https:\/\/www.travel-slovenia.si\/slo\/wp-content\/uploads\/2014\/09\/travel-slovenia-povezava-na-drugo.jpg\" alt=\"travel-slovenia-povezava-na-drugo\" width=\"128\" height=\"22\" srcset=\"https:\/\/www.travel-slovenia.si\/slo\/wp-content\/uploads\/2014\/09\/travel-slovenia-povezava-na-drugo.jpg 128w, https:\/\/www.travel-slovenia.si\/slo\/wp-content\/uploads\/2014\/09\/travel-slovenia-povezava-na-drugo-24x4.jpg 24w, https:\/\/www.travel-slovenia.si\/slo\/wp-content\/uploads\/2014\/09\/travel-slovenia-povezava-na-drugo-36x6.jpg 36w, https:\/\/www.travel-slovenia.si\/slo\/wp-content\/uploads\/2014\/09\/travel-slovenia-povezava-na-drugo-48x8.jpg 48w\" sizes=\"auto, (max-width: 128px) 100vw, 128px\" \/><\/a><a href=\"https:\/\/www.travel-slovenia.si\/slo\/zgodovinske-osebnosti\/\">Poglejte \u0161e druge zgodovinske osebnosti!<\/a><a href=\"https:\/\/www.travel-slovenia.si\/slo\/zgodovinske-osebnosti\/\"><img loading=\"lazy\" decoding=\"async\" class=\"alignright wp-image-4500 size-full\" src=\"https:\/\/www.travel-slovenia.si\/slo\/wp-content\/uploads\/2014\/09\/travel-slovenia-povezava-na-drugo2.jpg\" alt=\"travel-slovenia-povezava-na-drugo2\" width=\"128\" height=\"22\" srcset=\"https:\/\/www.travel-slovenia.si\/slo\/wp-content\/uploads\/2014\/09\/travel-slovenia-povezava-na-drugo2.jpg 128w, https:\/\/www.travel-slovenia.si\/slo\/wp-content\/uploads\/2014\/09\/travel-slovenia-povezava-na-drugo2-24x4.jpg 24w, https:\/\/www.travel-slovenia.si\/slo\/wp-content\/uploads\/2014\/09\/travel-slovenia-povezava-na-drugo2-36x6.jpg 36w, https:\/\/www.travel-slovenia.si\/slo\/wp-content\/uploads\/2014\/09\/travel-slovenia-povezava-na-drugo2-48x8.jpg 48w\" sizes=\"auto, (max-width: 128px) 100vw, 128px\" \/><\/a><\/td>\n<\/tr>\n<\/tbody>\n<\/table>\n","protected":false},"excerpt":{"rendered":"<p>Ferdo Vesel je bil eden izmed najpomembnej\u0161ih slovenskih slikarjev, ki se je rodil 18. maja 1861, umrl je v Ljubljani 28. julija 1946. Vesel se je ukvarjal s krajinarstvom, portretiranjem in folklornim \u017eanrom. Njegova likovna dela so razpeta med realisti\u010dnim in impresionisti\u010dnim slogom. Slikar Josip Poto\u010dnik je bil njegov u\u010denec. Od leta 1906 dalje je [&hellip;]<\/p>\n","protected":false},"author":111,"featured_media":0,"parent":0,"menu_order":0,"comment_status":"closed","ping_status":"closed","template":"","meta":{"footnotes":""},"class_list":["post-6661","page","type-page","status-publish","hentry"],"yoast_head":"<!-- This site is optimized with the Yoast SEO plugin v25.4 - https:\/\/yoast.com\/wordpress\/plugins\/seo\/ -->\n<title>Ferdo Vesel : Travel-Slovenia<\/title>\n<meta name=\"description\" content=\"Ferdo Vesel je bil eden izmed najpomembnej\u0161ih slovenskih slikarjev, ki se je rodil 18. maja 1861, umrl je v Ljubljani 28. julija 1946.\" \/>\n<meta name=\"robots\" content=\"index, follow, max-snippet:-1, max-image-preview:large, max-video-preview:-1\" \/>\n<link rel=\"canonical\" href=\"https:\/\/www.travel-slovenia.si\/slo\/ferdo-vesel\/\" \/>\n<meta property=\"og:locale\" content=\"sl_SI\" \/>\n<meta property=\"og:type\" content=\"article\" \/>\n<meta property=\"og:title\" content=\"Ferdo Vesel : Travel-Slovenia\" \/>\n<meta property=\"og:description\" content=\"Ferdo Vesel je bil eden izmed najpomembnej\u0161ih slovenskih slikarjev, ki se je rodil 18. maja 1861, umrl je v Ljubljani 28. julija 1946.\" \/>\n<meta property=\"og:url\" content=\"https:\/\/www.travel-slovenia.si\/slo\/ferdo-vesel\/\" \/>\n<meta property=\"og:site_name\" content=\"Travel Slovenia - Sledite lepotam na\u0161e male dr\u017eavice\" \/>\n<meta property=\"og:image\" content=\"https:\/\/www.travel-slovenia.si\/slo\/wp-content\/uploads\/2017\/05\/travel-slovenia-ferdo-vesel.jpg\" \/>\n\t<meta property=\"og:image:width\" content=\"300\" \/>\n\t<meta property=\"og:image:height\" content=\"424\" \/>\n\t<meta property=\"og:image:type\" content=\"image\/jpeg\" \/>\n<meta name=\"twitter:card\" content=\"summary_large_image\" \/>\n<meta name=\"twitter:title\" content=\"Ferdo Vesel : Travel-Slovenia\" \/>\n<meta name=\"twitter:description\" content=\"Ferdo Vesel je bil eden izmed najpomembnej\u0161ih slovenskih slikarjev, ki se je rodil 18. maja 1861, umrl je v Ljubljani 28. julija 1946.\" \/>\n<meta name=\"twitter:image\" content=\"https:\/\/www.travel-slovenia.si\/slo\/wp-content\/uploads\/2017\/05\/travel-slovenia-ferdo-vesel.jpg\" \/>\n<meta name=\"twitter:label1\" content=\"Est. reading time\" \/>\n\t<meta name=\"twitter:data1\" content=\"2 minuti\" \/>\n<script type=\"application\/ld+json\" class=\"yoast-schema-graph\">{\"@context\":\"https:\/\/schema.org\",\"@graph\":[{\"@type\":\"WebPage\",\"@id\":\"https:\/\/www.travel-slovenia.si\/slo\/ferdo-vesel\/\",\"url\":\"https:\/\/www.travel-slovenia.si\/slo\/ferdo-vesel\/\",\"name\":\"Ferdo Vesel : Travel-Slovenia\",\"isPartOf\":{\"@id\":\"https:\/\/www.travel-slovenia.si\/slo\/#website\"},\"primaryImageOfPage\":{\"@id\":\"https:\/\/www.travel-slovenia.si\/slo\/ferdo-vesel\/#primaryimage\"},\"image\":{\"@id\":\"https:\/\/www.travel-slovenia.si\/slo\/ferdo-vesel\/#primaryimage\"},\"thumbnailUrl\":\"https:\/\/www.travel-slovenia.si\/slo\/wp-content\/uploads\/2017\/05\/travel-slovenia-ferdo-vesel.jpg\",\"datePublished\":\"2017-05-18T08:51:59+00:00\",\"description\":\"Ferdo Vesel je bil eden izmed najpomembnej\u0161ih slovenskih slikarjev, ki se je rodil 18. maja 1861, umrl je v Ljubljani 28. julija 1946.\",\"breadcrumb\":{\"@id\":\"https:\/\/www.travel-slovenia.si\/slo\/ferdo-vesel\/#breadcrumb\"},\"inLanguage\":\"sl-SI\",\"potentialAction\":[{\"@type\":\"ReadAction\",\"target\":[\"https:\/\/www.travel-slovenia.si\/slo\/ferdo-vesel\/\"]}]},{\"@type\":\"ImageObject\",\"inLanguage\":\"sl-SI\",\"@id\":\"https:\/\/www.travel-slovenia.si\/slo\/ferdo-vesel\/#primaryimage\",\"url\":\"https:\/\/www.travel-slovenia.si\/slo\/wp-content\/uploads\/2017\/05\/travel-slovenia-ferdo-vesel.jpg\",\"contentUrl\":\"https:\/\/www.travel-slovenia.si\/slo\/wp-content\/uploads\/2017\/05\/travel-slovenia-ferdo-vesel.jpg\",\"width\":300,\"height\":424,\"caption\":\"Ferdo Vesel\"},{\"@type\":\"BreadcrumbList\",\"@id\":\"https:\/\/www.travel-slovenia.si\/slo\/ferdo-vesel\/#breadcrumb\",\"itemListElement\":[{\"@type\":\"ListItem\",\"position\":1,\"name\":\"Home\",\"item\":\"https:\/\/www.travel-slovenia.si\/slo\/\"},{\"@type\":\"ListItem\",\"position\":2,\"name\":\"Ferdo Vesel\"}]},{\"@type\":\"WebSite\",\"@id\":\"https:\/\/www.travel-slovenia.si\/slo\/#website\",\"url\":\"https:\/\/www.travel-slovenia.si\/slo\/\",\"name\":\"Travel Slovenia - Sledite lepotam na\u0161e male dr\u017eavice\",\"description\":\"\",\"potentialAction\":[{\"@type\":\"SearchAction\",\"target\":{\"@type\":\"EntryPoint\",\"urlTemplate\":\"https:\/\/www.travel-slovenia.si\/slo\/?s={search_term_string}\"},\"query-input\":{\"@type\":\"PropertyValueSpecification\",\"valueRequired\":true,\"valueName\":\"search_term_string\"}}],\"inLanguage\":\"sl-SI\"}]}<\/script>\n<!-- \/ Yoast SEO plugin. -->","yoast_head_json":{"title":"Ferdo Vesel : Travel-Slovenia","description":"Ferdo Vesel je bil eden izmed najpomembnej\u0161ih slovenskih slikarjev, ki se je rodil 18. maja 1861, umrl je v Ljubljani 28. julija 1946.","robots":{"index":"index","follow":"follow","max-snippet":"max-snippet:-1","max-image-preview":"max-image-preview:large","max-video-preview":"max-video-preview:-1"},"canonical":"https:\/\/www.travel-slovenia.si\/slo\/ferdo-vesel\/","og_locale":"sl_SI","og_type":"article","og_title":"Ferdo Vesel : Travel-Slovenia","og_description":"Ferdo Vesel je bil eden izmed najpomembnej\u0161ih slovenskih slikarjev, ki se je rodil 18. maja 1861, umrl je v Ljubljani 28. julija 1946.","og_url":"https:\/\/www.travel-slovenia.si\/slo\/ferdo-vesel\/","og_site_name":"Travel Slovenia - Sledite lepotam na\u0161e male dr\u017eavice","og_image":[{"width":300,"height":424,"url":"https:\/\/www.travel-slovenia.si\/slo\/wp-content\/uploads\/2017\/05\/travel-slovenia-ferdo-vesel.jpg","type":"image\/jpeg"}],"twitter_card":"summary_large_image","twitter_title":"Ferdo Vesel : Travel-Slovenia","twitter_description":"Ferdo Vesel je bil eden izmed najpomembnej\u0161ih slovenskih slikarjev, ki se je rodil 18. maja 1861, umrl je v Ljubljani 28. julija 1946.","twitter_image":"https:\/\/www.travel-slovenia.si\/slo\/wp-content\/uploads\/2017\/05\/travel-slovenia-ferdo-vesel.jpg","twitter_misc":{"Est. reading time":"2 minuti"},"schema":{"@context":"https:\/\/schema.org","@graph":[{"@type":"WebPage","@id":"https:\/\/www.travel-slovenia.si\/slo\/ferdo-vesel\/","url":"https:\/\/www.travel-slovenia.si\/slo\/ferdo-vesel\/","name":"Ferdo Vesel : Travel-Slovenia","isPartOf":{"@id":"https:\/\/www.travel-slovenia.si\/slo\/#website"},"primaryImageOfPage":{"@id":"https:\/\/www.travel-slovenia.si\/slo\/ferdo-vesel\/#primaryimage"},"image":{"@id":"https:\/\/www.travel-slovenia.si\/slo\/ferdo-vesel\/#primaryimage"},"thumbnailUrl":"https:\/\/www.travel-slovenia.si\/slo\/wp-content\/uploads\/2017\/05\/travel-slovenia-ferdo-vesel.jpg","datePublished":"2017-05-18T08:51:59+00:00","description":"Ferdo Vesel je bil eden izmed najpomembnej\u0161ih slovenskih slikarjev, ki se je rodil 18. maja 1861, umrl je v Ljubljani 28. julija 1946.","breadcrumb":{"@id":"https:\/\/www.travel-slovenia.si\/slo\/ferdo-vesel\/#breadcrumb"},"inLanguage":"sl-SI","potentialAction":[{"@type":"ReadAction","target":["https:\/\/www.travel-slovenia.si\/slo\/ferdo-vesel\/"]}]},{"@type":"ImageObject","inLanguage":"sl-SI","@id":"https:\/\/www.travel-slovenia.si\/slo\/ferdo-vesel\/#primaryimage","url":"https:\/\/www.travel-slovenia.si\/slo\/wp-content\/uploads\/2017\/05\/travel-slovenia-ferdo-vesel.jpg","contentUrl":"https:\/\/www.travel-slovenia.si\/slo\/wp-content\/uploads\/2017\/05\/travel-slovenia-ferdo-vesel.jpg","width":300,"height":424,"caption":"Ferdo Vesel"},{"@type":"BreadcrumbList","@id":"https:\/\/www.travel-slovenia.si\/slo\/ferdo-vesel\/#breadcrumb","itemListElement":[{"@type":"ListItem","position":1,"name":"Home","item":"https:\/\/www.travel-slovenia.si\/slo\/"},{"@type":"ListItem","position":2,"name":"Ferdo Vesel"}]},{"@type":"WebSite","@id":"https:\/\/www.travel-slovenia.si\/slo\/#website","url":"https:\/\/www.travel-slovenia.si\/slo\/","name":"Travel Slovenia - Sledite lepotam na\u0161e male dr\u017eavice","description":"","potentialAction":[{"@type":"SearchAction","target":{"@type":"EntryPoint","urlTemplate":"https:\/\/www.travel-slovenia.si\/slo\/?s={search_term_string}"},"query-input":{"@type":"PropertyValueSpecification","valueRequired":true,"valueName":"search_term_string"}}],"inLanguage":"sl-SI"}]}},"post_mailing_queue_ids":[],"_links":{"self":[{"href":"https:\/\/www.travel-slovenia.si\/slo\/wp-json\/wp\/v2\/pages\/6661","targetHints":{"allow":["GET"]}}],"collection":[{"href":"https:\/\/www.travel-slovenia.si\/slo\/wp-json\/wp\/v2\/pages"}],"about":[{"href":"https:\/\/www.travel-slovenia.si\/slo\/wp-json\/wp\/v2\/types\/page"}],"author":[{"embeddable":true,"href":"https:\/\/www.travel-slovenia.si\/slo\/wp-json\/wp\/v2\/users\/111"}],"replies":[{"embeddable":true,"href":"https:\/\/www.travel-slovenia.si\/slo\/wp-json\/wp\/v2\/comments?post=6661"}],"version-history":[{"count":1,"href":"https:\/\/www.travel-slovenia.si\/slo\/wp-json\/wp\/v2\/pages\/6661\/revisions"}],"predecessor-version":[{"id":6667,"href":"https:\/\/www.travel-slovenia.si\/slo\/wp-json\/wp\/v2\/pages\/6661\/revisions\/6667"}],"wp:attachment":[{"href":"https:\/\/www.travel-slovenia.si\/slo\/wp-json\/wp\/v2\/media?parent=6661"}],"curies":[{"name":"wp","href":"https:\/\/api.w.org\/{rel}","templated":true}]}}