{"id":6599,"date":"2017-05-03T17:13:41","date_gmt":"2017-05-03T15:13:41","guid":{"rendered":"https:\/\/www.travel-slovenia.si\/slo\/?page_id=6599"},"modified":"2017-05-03T17:13:41","modified_gmt":"2017-05-03T15:13:41","slug":"narodna-vlada-slovenije","status":"publish","type":"page","link":"https:\/\/www.travel-slovenia.si\/slo\/narodna-vlada-slovenije\/","title":{"rendered":"Narodna vlada Slovenije"},"content":{"rendered":"<figure id=\"attachment_6601\" class=\"wp-caption alignleft\" style=\"max-width: 300px\"><img loading=\"lazy\" decoding=\"async\" class=\"size-medium wp-image-6601\" src=\"https:\/\/www.travel-slovenia.si\/slo\/wp-content\/uploads\/2017\/05\/travel-slovenia-ajdovska-vlada-300x203.jpg\" alt=\"\" width=\"300\" height=\"203\" srcset=\"https:\/\/www.travel-slovenia.si\/slo\/wp-content\/uploads\/2017\/05\/travel-slovenia-ajdovska-vlada-300x203.jpg 300w, https:\/\/www.travel-slovenia.si\/slo\/wp-content\/uploads\/2017\/05\/travel-slovenia-ajdovska-vlada-24x16.jpg 24w, https:\/\/www.travel-slovenia.si\/slo\/wp-content\/uploads\/2017\/05\/travel-slovenia-ajdovska-vlada-36x24.jpg 36w, https:\/\/www.travel-slovenia.si\/slo\/wp-content\/uploads\/2017\/05\/travel-slovenia-ajdovska-vlada-48x32.jpg 48w, https:\/\/www.travel-slovenia.si\/slo\/wp-content\/uploads\/2017\/05\/travel-slovenia-ajdovska-vlada.jpg 400w\" sizes=\"auto, (max-width: 300px) 100vw, 300px\" \/><figcaption class=\"wp-caption-text\">Ajdovska vlada ali Narodna vlada Slovenije<\/figcaption><\/figure>\n<p style=\"text-align: justify;\">Ajdovska vlada, tudi zgodovinski naziv za drugo slovensko vlado, je bila ustanovljena v Ajdov\u0161\u010dini dne 5. maja 1945 pod imenom Narodna vlada Slovenije. Ustanovila jo je jugoslovanska in slovenska revolucionarna elita, kljub temu, da so v njej bili posamezni ministri iz me\u0161\u010danskih strank, s tem pa je tudi posredno razglasila slovensko dr\u017eavo na Primorskem. Imenovana vlada je nastajala \u017ee med narodnoosvobodilnim bojem v okviru nove oziroma druge Jugoslavije. To politi\u010dno dejanje velja za razglasitev Socialisti\u010dne republike Slovenije v okviru tako imenovane nove Jugoslavije, a takrat \u0161e ni imela imena. V \u010dasu razglasitve Ajdovske vlade je bilo ozemlje na katerem so jo razglasili \u0161e vedno formalno pod Italijo, a je z razglasitvijo nova oblast jasno izrazila svoje zahteve po priklju\u010ditvi ozemlja jugoslovanski dr\u017eavi.<\/p>\n<figure id=\"attachment_6604\" class=\"wp-caption alignright\" style=\"max-width: 300px\"><img loading=\"lazy\" decoding=\"async\" class=\"wp-image-6604\" src=\"https:\/\/www.travel-slovenia.si\/slo\/wp-content\/uploads\/2017\/05\/travel-slovenia-boris-kidric.jpg\" alt=\"\" width=\"300\" height=\"420\" srcset=\"https:\/\/www.travel-slovenia.si\/slo\/wp-content\/uploads\/2017\/05\/travel-slovenia-boris-kidric.jpg 400w, https:\/\/www.travel-slovenia.si\/slo\/wp-content\/uploads\/2017\/05\/travel-slovenia-boris-kidric-214x300.jpg 214w, https:\/\/www.travel-slovenia.si\/slo\/wp-content\/uploads\/2017\/05\/travel-slovenia-boris-kidric-17x24.jpg 17w, https:\/\/www.travel-slovenia.si\/slo\/wp-content\/uploads\/2017\/05\/travel-slovenia-boris-kidric-26x36.jpg 26w, https:\/\/www.travel-slovenia.si\/slo\/wp-content\/uploads\/2017\/05\/travel-slovenia-boris-kidric-34x48.jpg 34w\" sizes=\"auto, (max-width: 300px) 100vw, 300px\" \/><figcaption class=\"wp-caption-text\">Boris Kidri\u010d &#8211; ustanovitelj in predsednik prve slovenske vlade<\/figcaption><\/figure>\n<p style=\"text-align: justify;\">Ajdovsko vlado so sestavljali: predsednik vlade Boris Kidri\u010d, podpredsednik vlade Marijan Brecelj, ministrica za socialno politiko Vida Tom\u0161i\u010d, minister za promet Franc Snoj, minister za notranje zadeve Zoran Poli\u010d, minister za pravosodje Jo\u017ee Pokorn, minister za kulturo Ferdo Kozak, minister za finance Ale\u0161 Bebler, minister za industrijo in rudarstvo Franc Lesko\u0161ek, minister za kmetijstvo Janez Hribar, minister za gozdarstvo in lesno industrijo Tone Fajfar, minister za zdravstvo Marjan Ah\u010din, minister za trgovino in preskrbo Lado Vavpeti\u010d in minister za gradnje Miha Kambi\u010d. Prva slovenska Narodna vlada pa je bila ustanovljena 29. oziroma 31. oktobra 1918 v Dr\u017eavi Slovencev, Hrvatov in Srbov.<\/p>\n<p>&nbsp;<\/p>\n<table>\n<tbody>\n<tr>\n<td style=\"text-align: center;\"><a href=\"https:\/\/www.travel-slovenia.si\/slo\/na-danasnji-dan\/\"><img loading=\"lazy\" decoding=\"async\" class=\"alignleft wp-image-4499 size-full\" src=\"https:\/\/www.travel-slovenia.si\/slo\/wp-content\/uploads\/2014\/09\/travel-slovenia-povezava-na-drugo.jpg\" alt=\"travel-slovenia-povezava-na-drugo\" width=\"128\" height=\"22\" srcset=\"https:\/\/www.travel-slovenia.si\/slo\/wp-content\/uploads\/2014\/09\/travel-slovenia-povezava-na-drugo.jpg 128w, https:\/\/www.travel-slovenia.si\/slo\/wp-content\/uploads\/2014\/09\/travel-slovenia-povezava-na-drugo-24x4.jpg 24w, https:\/\/www.travel-slovenia.si\/slo\/wp-content\/uploads\/2014\/09\/travel-slovenia-povezava-na-drugo-36x6.jpg 36w, https:\/\/www.travel-slovenia.si\/slo\/wp-content\/uploads\/2014\/09\/travel-slovenia-povezava-na-drugo-48x8.jpg 48w\" sizes=\"auto, (max-width: 128px) 100vw, 128px\" \/><\/a><a href=\"https:\/\/www.travel-slovenia.si\/slo\/na-danasnji-dan\/\">Poglejte \u0161e druge pomembne dogodke!<\/a><a href=\"https:\/\/www.travel-slovenia.si\/slo\/na-danasnji-dan\/\"><img loading=\"lazy\" decoding=\"async\" class=\"alignright wp-image-4500 size-full\" src=\"https:\/\/www.travel-slovenia.si\/slo\/wp-content\/uploads\/2014\/09\/travel-slovenia-povezava-na-drugo2.jpg\" alt=\"travel-slovenia-povezava-na-drugo2\" width=\"128\" height=\"22\" srcset=\"https:\/\/www.travel-slovenia.si\/slo\/wp-content\/uploads\/2014\/09\/travel-slovenia-povezava-na-drugo2.jpg 128w, https:\/\/www.travel-slovenia.si\/slo\/wp-content\/uploads\/2014\/09\/travel-slovenia-povezava-na-drugo2-24x4.jpg 24w, https:\/\/www.travel-slovenia.si\/slo\/wp-content\/uploads\/2014\/09\/travel-slovenia-povezava-na-drugo2-36x6.jpg 36w, https:\/\/www.travel-slovenia.si\/slo\/wp-content\/uploads\/2014\/09\/travel-slovenia-povezava-na-drugo2-48x8.jpg 48w\" sizes=\"auto, (max-width: 128px) 100vw, 128px\" \/><\/a><\/td>\n<\/tr>\n<\/tbody>\n<\/table>\n","protected":false},"excerpt":{"rendered":"<p>Ajdovska vlada, tudi zgodovinski naziv za drugo slovensko vlado, je bila ustanovljena v Ajdov\u0161\u010dini dne 5. maja 1945 pod imenom Narodna vlada Slovenije. Ustanovila jo je jugoslovanska in slovenska revolucionarna elita, kljub temu, da so v njej bili posamezni ministri iz me\u0161\u010danskih strank, s tem pa je tudi posredno razglasila slovensko dr\u017eavo na Primorskem. Imenovana [&hellip;]<\/p>\n","protected":false},"author":111,"featured_media":0,"parent":0,"menu_order":0,"comment_status":"closed","ping_status":"closed","template":"","meta":{"footnotes":""},"class_list":["post-6599","page","type-page","status-publish","hentry"],"yoast_head":"<!-- This site is optimized with the Yoast SEO plugin v25.4 - https:\/\/yoast.com\/wordpress\/plugins\/seo\/ -->\n<title>Narodna vlada Slovenije : Travel-Slovenia<\/title>\n<meta name=\"description\" content=\"Ajdovska vlada, tudi zgodovinski naziv za drugo slovensko vlado, je bila ustanovljena v Ajdov\u0161\u010dini dne 5. maja 1945 pod imenom Narodna vlada Slovenije.\" \/>\n<meta name=\"robots\" content=\"index, follow, max-snippet:-1, max-image-preview:large, max-video-preview:-1\" \/>\n<link rel=\"canonical\" href=\"https:\/\/www.travel-slovenia.si\/slo\/narodna-vlada-slovenije\/\" \/>\n<meta property=\"og:locale\" content=\"sl_SI\" \/>\n<meta property=\"og:type\" content=\"article\" \/>\n<meta property=\"og:title\" content=\"Narodna vlada Slovenije : Travel-Slovenia\" \/>\n<meta property=\"og:description\" content=\"Ajdovska vlada, tudi zgodovinski naziv za drugo slovensko vlado, je bila ustanovljena v Ajdov\u0161\u010dini dne 5. maja 1945 pod imenom Narodna vlada Slovenije.\" \/>\n<meta property=\"og:url\" content=\"https:\/\/www.travel-slovenia.si\/slo\/narodna-vlada-slovenije\/\" \/>\n<meta property=\"og:site_name\" content=\"Travel Slovenia - Sledite lepotam na\u0161e male dr\u017eavice\" \/>\n<meta property=\"og:image\" content=\"https:\/\/www.travel-slovenia.si\/slo\/wp-content\/uploads\/2017\/05\/travel-slovenia-ajdovska-vlada.jpg\" \/>\n\t<meta property=\"og:image:width\" content=\"400\" \/>\n\t<meta property=\"og:image:height\" content=\"270\" \/>\n\t<meta property=\"og:image:type\" content=\"image\/jpeg\" \/>\n<meta name=\"twitter:card\" content=\"summary_large_image\" \/>\n<meta name=\"twitter:title\" content=\"Narodna vlada Slovenije : Travel-Slovenia\" \/>\n<meta name=\"twitter:description\" content=\"Ajdovska vlada, tudi zgodovinski naziv za drugo slovensko vlado, je bila ustanovljena v Ajdov\u0161\u010dini dne 5. maja 1945 pod imenom Narodna vlada Slovenije.\" \/>\n<meta name=\"twitter:image\" content=\"https:\/\/www.travel-slovenia.si\/slo\/wp-content\/uploads\/2017\/05\/travel-slovenia-ajdovska-vlada.jpg\" \/>\n<meta name=\"twitter:label1\" content=\"Est. reading time\" \/>\n\t<meta name=\"twitter:data1\" content=\"1 minuta\" \/>\n<script type=\"application\/ld+json\" class=\"yoast-schema-graph\">{\"@context\":\"https:\/\/schema.org\",\"@graph\":[{\"@type\":\"WebPage\",\"@id\":\"https:\/\/www.travel-slovenia.si\/slo\/narodna-vlada-slovenije\/\",\"url\":\"https:\/\/www.travel-slovenia.si\/slo\/narodna-vlada-slovenije\/\",\"name\":\"Narodna vlada Slovenije : Travel-Slovenia\",\"isPartOf\":{\"@id\":\"https:\/\/www.travel-slovenia.si\/slo\/#website\"},\"primaryImageOfPage\":{\"@id\":\"https:\/\/www.travel-slovenia.si\/slo\/narodna-vlada-slovenije\/#primaryimage\"},\"image\":{\"@id\":\"https:\/\/www.travel-slovenia.si\/slo\/narodna-vlada-slovenije\/#primaryimage\"},\"thumbnailUrl\":\"https:\/\/www.travel-slovenia.si\/slo\/wp-content\/uploads\/2017\/05\/travel-slovenia-ajdovska-vlada-300x203.jpg\",\"datePublished\":\"2017-05-03T15:13:41+00:00\",\"description\":\"Ajdovska vlada, tudi zgodovinski naziv za drugo slovensko vlado, je bila ustanovljena v Ajdov\u0161\u010dini dne 5. maja 1945 pod imenom Narodna vlada Slovenije.\",\"breadcrumb\":{\"@id\":\"https:\/\/www.travel-slovenia.si\/slo\/narodna-vlada-slovenije\/#breadcrumb\"},\"inLanguage\":\"sl-SI\",\"potentialAction\":[{\"@type\":\"ReadAction\",\"target\":[\"https:\/\/www.travel-slovenia.si\/slo\/narodna-vlada-slovenije\/\"]}]},{\"@type\":\"ImageObject\",\"inLanguage\":\"sl-SI\",\"@id\":\"https:\/\/www.travel-slovenia.si\/slo\/narodna-vlada-slovenije\/#primaryimage\",\"url\":\"https:\/\/www.travel-slovenia.si\/slo\/wp-content\/uploads\/2017\/05\/travel-slovenia-ajdovska-vlada.jpg\",\"contentUrl\":\"https:\/\/www.travel-slovenia.si\/slo\/wp-content\/uploads\/2017\/05\/travel-slovenia-ajdovska-vlada.jpg\",\"width\":400,\"height\":270,\"caption\":\"Ajdovska vlada ali Narodna vlada Slovenije\"},{\"@type\":\"BreadcrumbList\",\"@id\":\"https:\/\/www.travel-slovenia.si\/slo\/narodna-vlada-slovenije\/#breadcrumb\",\"itemListElement\":[{\"@type\":\"ListItem\",\"position\":1,\"name\":\"Home\",\"item\":\"https:\/\/www.travel-slovenia.si\/slo\/\"},{\"@type\":\"ListItem\",\"position\":2,\"name\":\"Narodna vlada Slovenije\"}]},{\"@type\":\"WebSite\",\"@id\":\"https:\/\/www.travel-slovenia.si\/slo\/#website\",\"url\":\"https:\/\/www.travel-slovenia.si\/slo\/\",\"name\":\"Travel Slovenia - Sledite lepotam na\u0161e male dr\u017eavice\",\"description\":\"\",\"potentialAction\":[{\"@type\":\"SearchAction\",\"target\":{\"@type\":\"EntryPoint\",\"urlTemplate\":\"https:\/\/www.travel-slovenia.si\/slo\/?s={search_term_string}\"},\"query-input\":{\"@type\":\"PropertyValueSpecification\",\"valueRequired\":true,\"valueName\":\"search_term_string\"}}],\"inLanguage\":\"sl-SI\"}]}<\/script>\n<!-- \/ Yoast SEO plugin. -->","yoast_head_json":{"title":"Narodna vlada Slovenije : Travel-Slovenia","description":"Ajdovska vlada, tudi zgodovinski naziv za drugo slovensko vlado, je bila ustanovljena v Ajdov\u0161\u010dini dne 5. maja 1945 pod imenom Narodna vlada Slovenije.","robots":{"index":"index","follow":"follow","max-snippet":"max-snippet:-1","max-image-preview":"max-image-preview:large","max-video-preview":"max-video-preview:-1"},"canonical":"https:\/\/www.travel-slovenia.si\/slo\/narodna-vlada-slovenije\/","og_locale":"sl_SI","og_type":"article","og_title":"Narodna vlada Slovenije : Travel-Slovenia","og_description":"Ajdovska vlada, tudi zgodovinski naziv za drugo slovensko vlado, je bila ustanovljena v Ajdov\u0161\u010dini dne 5. maja 1945 pod imenom Narodna vlada Slovenije.","og_url":"https:\/\/www.travel-slovenia.si\/slo\/narodna-vlada-slovenije\/","og_site_name":"Travel Slovenia - Sledite lepotam na\u0161e male dr\u017eavice","og_image":[{"width":400,"height":270,"url":"https:\/\/www.travel-slovenia.si\/slo\/wp-content\/uploads\/2017\/05\/travel-slovenia-ajdovska-vlada.jpg","type":"image\/jpeg"}],"twitter_card":"summary_large_image","twitter_title":"Narodna vlada Slovenije : Travel-Slovenia","twitter_description":"Ajdovska vlada, tudi zgodovinski naziv za drugo slovensko vlado, je bila ustanovljena v Ajdov\u0161\u010dini dne 5. maja 1945 pod imenom Narodna vlada Slovenije.","twitter_image":"https:\/\/www.travel-slovenia.si\/slo\/wp-content\/uploads\/2017\/05\/travel-slovenia-ajdovska-vlada.jpg","twitter_misc":{"Est. reading time":"1 minuta"},"schema":{"@context":"https:\/\/schema.org","@graph":[{"@type":"WebPage","@id":"https:\/\/www.travel-slovenia.si\/slo\/narodna-vlada-slovenije\/","url":"https:\/\/www.travel-slovenia.si\/slo\/narodna-vlada-slovenije\/","name":"Narodna vlada Slovenije : Travel-Slovenia","isPartOf":{"@id":"https:\/\/www.travel-slovenia.si\/slo\/#website"},"primaryImageOfPage":{"@id":"https:\/\/www.travel-slovenia.si\/slo\/narodna-vlada-slovenije\/#primaryimage"},"image":{"@id":"https:\/\/www.travel-slovenia.si\/slo\/narodna-vlada-slovenije\/#primaryimage"},"thumbnailUrl":"https:\/\/www.travel-slovenia.si\/slo\/wp-content\/uploads\/2017\/05\/travel-slovenia-ajdovska-vlada-300x203.jpg","datePublished":"2017-05-03T15:13:41+00:00","description":"Ajdovska vlada, tudi zgodovinski naziv za drugo slovensko vlado, je bila ustanovljena v Ajdov\u0161\u010dini dne 5. maja 1945 pod imenom Narodna vlada Slovenije.","breadcrumb":{"@id":"https:\/\/www.travel-slovenia.si\/slo\/narodna-vlada-slovenije\/#breadcrumb"},"inLanguage":"sl-SI","potentialAction":[{"@type":"ReadAction","target":["https:\/\/www.travel-slovenia.si\/slo\/narodna-vlada-slovenije\/"]}]},{"@type":"ImageObject","inLanguage":"sl-SI","@id":"https:\/\/www.travel-slovenia.si\/slo\/narodna-vlada-slovenije\/#primaryimage","url":"https:\/\/www.travel-slovenia.si\/slo\/wp-content\/uploads\/2017\/05\/travel-slovenia-ajdovska-vlada.jpg","contentUrl":"https:\/\/www.travel-slovenia.si\/slo\/wp-content\/uploads\/2017\/05\/travel-slovenia-ajdovska-vlada.jpg","width":400,"height":270,"caption":"Ajdovska vlada ali Narodna vlada Slovenije"},{"@type":"BreadcrumbList","@id":"https:\/\/www.travel-slovenia.si\/slo\/narodna-vlada-slovenije\/#breadcrumb","itemListElement":[{"@type":"ListItem","position":1,"name":"Home","item":"https:\/\/www.travel-slovenia.si\/slo\/"},{"@type":"ListItem","position":2,"name":"Narodna vlada Slovenije"}]},{"@type":"WebSite","@id":"https:\/\/www.travel-slovenia.si\/slo\/#website","url":"https:\/\/www.travel-slovenia.si\/slo\/","name":"Travel Slovenia - Sledite lepotam na\u0161e male dr\u017eavice","description":"","potentialAction":[{"@type":"SearchAction","target":{"@type":"EntryPoint","urlTemplate":"https:\/\/www.travel-slovenia.si\/slo\/?s={search_term_string}"},"query-input":{"@type":"PropertyValueSpecification","valueRequired":true,"valueName":"search_term_string"}}],"inLanguage":"sl-SI"}]}},"post_mailing_queue_ids":[],"_links":{"self":[{"href":"https:\/\/www.travel-slovenia.si\/slo\/wp-json\/wp\/v2\/pages\/6599","targetHints":{"allow":["GET"]}}],"collection":[{"href":"https:\/\/www.travel-slovenia.si\/slo\/wp-json\/wp\/v2\/pages"}],"about":[{"href":"https:\/\/www.travel-slovenia.si\/slo\/wp-json\/wp\/v2\/types\/page"}],"author":[{"embeddable":true,"href":"https:\/\/www.travel-slovenia.si\/slo\/wp-json\/wp\/v2\/users\/111"}],"replies":[{"embeddable":true,"href":"https:\/\/www.travel-slovenia.si\/slo\/wp-json\/wp\/v2\/comments?post=6599"}],"version-history":[{"count":1,"href":"https:\/\/www.travel-slovenia.si\/slo\/wp-json\/wp\/v2\/pages\/6599\/revisions"}],"predecessor-version":[{"id":6605,"href":"https:\/\/www.travel-slovenia.si\/slo\/wp-json\/wp\/v2\/pages\/6599\/revisions\/6605"}],"wp:attachment":[{"href":"https:\/\/www.travel-slovenia.si\/slo\/wp-json\/wp\/v2\/media?parent=6599"}],"curies":[{"name":"wp","href":"https:\/\/api.w.org\/{rel}","templated":true}]}}