{"id":6594,"date":"2017-05-02T12:47:14","date_gmt":"2017-05-02T10:47:14","guid":{"rendered":"https:\/\/www.travel-slovenia.si\/slo\/?page_id=6594"},"modified":"2017-05-02T12:48:25","modified_gmt":"2017-05-02T10:48:25","slug":"codellijev-grad-weichselbach","status":"publish","type":"page","link":"https:\/\/www.travel-slovenia.si\/slo\/codellijev-grad-weichselbach\/","title":{"rendered":"Codellijev grad (Weichselbach)"},"content":{"rendered":"<figure id=\"attachment_6596\" class=\"wp-caption alignleft\" style=\"max-width: 300px\"><img loading=\"lazy\" decoding=\"async\" class=\"size-full wp-image-6596\" src=\"https:\/\/www.travel-slovenia.si\/slo\/wp-content\/uploads\/2017\/05\/travel-slovenia-visnja-gora-codellijev-grad.jpg\" alt=\"\" width=\"300\" height=\"207\" srcset=\"https:\/\/www.travel-slovenia.si\/slo\/wp-content\/uploads\/2017\/05\/travel-slovenia-visnja-gora-codellijev-grad.jpg 300w, https:\/\/www.travel-slovenia.si\/slo\/wp-content\/uploads\/2017\/05\/travel-slovenia-visnja-gora-codellijev-grad-24x17.jpg 24w, https:\/\/www.travel-slovenia.si\/slo\/wp-content\/uploads\/2017\/05\/travel-slovenia-visnja-gora-codellijev-grad-36x25.jpg 36w, https:\/\/www.travel-slovenia.si\/slo\/wp-content\/uploads\/2017\/05\/travel-slovenia-visnja-gora-codellijev-grad-48x33.jpg 48w\" sizes=\"auto, (max-width: 300px) 100vw, 300px\" \/><figcaption class=\"wp-caption-text\">Codellijev grad<\/figcaption><\/figure>\n<p style=\"text-align: justify;\">Neko\u010d se je v Vi\u0161nji Gori nahajal Codellijev grad, a so ga med vojno po\u017egali. Ostanki gradu danes niso ve\u010d vidni, saj so na njegovem mestu zgradili naselje z dru\u017einskimi hi\u0161ami imenovano Baronov hrib.<\/p>\n<p style=\"text-align: justify;\">Codellijev grad, imenovan tudi Turn ali Vi\u0161nje, kar pomeni, da je na tem mestu prej stal stolp. Vi\u0161nje (cerkev ali kapela) pri gradu se prvi\u010d omenja leta 1433. Zgodnji lastniki gradu so bili gospodje Galli, katerim so sledili Pfeilsbergi. Sledijo jim Tauffererjevi, ki so bili lastniki vse do leta 1645. V letu 1891 je posestvo pre\u0161lo v roke Codellijevih. Zadnja lastnika gradu je bila Rozailja Codelli (1852 &#8211; 1938). Bila je pesnica in dobrotnica mnogih Vi\u0161njanov. Njeni rokopisi so shranjeni v Narodni in univerzitetni knji\u017enici v Ljubljani.<\/p>\n<p>&nbsp;<\/p>\n<table>\n<tbody>\n<tr>\n<td style=\"text-align: center;\"><a href=\"https:\/\/www.travel-slovenia.si\/slo\/gradovi\/\"><img loading=\"lazy\" decoding=\"async\" class=\"alignleft wp-image-4499 size-full\" src=\"https:\/\/www.travel-slovenia.si\/slo\/wp-content\/uploads\/2014\/09\/travel-slovenia-povezava-na-drugo.jpg\" alt=\"travel-slovenia-povezava-na-drugo\" width=\"128\" height=\"22\" srcset=\"https:\/\/www.travel-slovenia.si\/slo\/wp-content\/uploads\/2014\/09\/travel-slovenia-povezava-na-drugo.jpg 128w, https:\/\/www.travel-slovenia.si\/slo\/wp-content\/uploads\/2014\/09\/travel-slovenia-povezava-na-drugo-24x4.jpg 24w, https:\/\/www.travel-slovenia.si\/slo\/wp-content\/uploads\/2014\/09\/travel-slovenia-povezava-na-drugo-36x6.jpg 36w, https:\/\/www.travel-slovenia.si\/slo\/wp-content\/uploads\/2014\/09\/travel-slovenia-povezava-na-drugo-48x8.jpg 48w\" sizes=\"auto, (max-width: 128px) 100vw, 128px\" \/><\/a><a href=\"https:\/\/www.travel-slovenia.si\/slo\/gradovi\/\">Poglejte \u0161e druge gradove po Sloveniji!<\/a><a href=\"https:\/\/www.travel-slovenia.si\/slo\/gradovi\/\"><img loading=\"lazy\" decoding=\"async\" class=\"alignright wp-image-4500 size-full\" src=\"https:\/\/www.travel-slovenia.si\/slo\/wp-content\/uploads\/2014\/09\/travel-slovenia-povezava-na-drugo2.jpg\" alt=\"travel-slovenia-povezava-na-drugo2\" width=\"128\" height=\"22\" srcset=\"https:\/\/www.travel-slovenia.si\/slo\/wp-content\/uploads\/2014\/09\/travel-slovenia-povezava-na-drugo2.jpg 128w, https:\/\/www.travel-slovenia.si\/slo\/wp-content\/uploads\/2014\/09\/travel-slovenia-povezava-na-drugo2-24x4.jpg 24w, https:\/\/www.travel-slovenia.si\/slo\/wp-content\/uploads\/2014\/09\/travel-slovenia-povezava-na-drugo2-36x6.jpg 36w, https:\/\/www.travel-slovenia.si\/slo\/wp-content\/uploads\/2014\/09\/travel-slovenia-povezava-na-drugo2-48x8.jpg 48w\" sizes=\"auto, (max-width: 128px) 100vw, 128px\" \/><\/a><\/td>\n<\/tr>\n<\/tbody>\n<\/table>\n<table>\n<tbody>\n<tr>\n<td style=\"text-align: center;\"><a href=\"http:\/\/forum.travel-slovenia.si\/slo\/index.php?topic=114.0\" target=\"_blank\" rel=\"noopener noreferrer\"><img decoding=\"async\" class=\"alignleft wp-image-4737 size-full\" src=\"https:\/\/www.travel-slovenia.si\/wp-content\/uploads\/2016\/10\/travel-slovenia-forum.jpg\" alt=\"travel-slovenia-link-on-other\" height=\"22\" \/><\/a>Povejte\u00a0va\u0161e mnenje o gradu, njegovi zgodovini, opisu &#8211; <a href=\"http:\/\/forum.travel-slovenia.si\/slo\/index.php?topic=114.0\" target=\"_blank\" rel=\"noopener noreferrer\">tukaj<\/a>!<\/td>\n<\/tr>\n<\/tbody>\n<\/table>\n<p>&nbsp;<\/p>\n<hr \/>\n<p style=\"text-align: justify;\"><a href=\"https:\/\/www.travel-slovenia.si\/slo\/location\/visnja-gora\/\"><img loading=\"lazy\" decoding=\"async\" class=\"alignleft size-full wp-image-6430\" src=\"https:\/\/www.travel-slovenia.si\/slo\/wp-content\/uploads\/2017\/03\/travel-slovenia-visnja-gora-view.jpg\" alt=\"\" width=\"150\" height=\"150\" srcset=\"https:\/\/www.travel-slovenia.si\/slo\/wp-content\/uploads\/2017\/03\/travel-slovenia-visnja-gora-view.jpg 150w, https:\/\/www.travel-slovenia.si\/slo\/wp-content\/uploads\/2017\/03\/travel-slovenia-visnja-gora-view-83x83.jpg 83w, https:\/\/www.travel-slovenia.si\/slo\/wp-content\/uploads\/2017\/03\/travel-slovenia-visnja-gora-view-55x55.jpg 55w, https:\/\/www.travel-slovenia.si\/slo\/wp-content\/uploads\/2017\/03\/travel-slovenia-visnja-gora-view-24x24.jpg 24w, https:\/\/www.travel-slovenia.si\/slo\/wp-content\/uploads\/2017\/03\/travel-slovenia-visnja-gora-view-36x36.jpg 36w, https:\/\/www.travel-slovenia.si\/slo\/wp-content\/uploads\/2017\/03\/travel-slovenia-visnja-gora-view-48x48.jpg 48w\" sizes=\"auto, (max-width: 150px) 100vw, 150px\" \/><\/a><a href=\"https:\/\/www.travel-slovenia.si\/slo\/location\/visnja-gora\/\"><strong><em>Vi\u0161nja gora<\/em><\/strong><\/a><br \/>\nVi\u0161nja Gora je majhno mesto na Dolenjskem, sede\u017e Krajevne skupnosti Vi\u0161nja Gora. Je eno najbolj ohranjenih slovenskih srednjeve\u0161kih naselbin, z ohranjenim obzidjem in stra\u017enim stolpom, imenovanim Pulfer turn. Na tem mestu se je neko\u010d nahaja rimska voja\u0161ka postojanka Magnisa. [<a href=\"https:\/\/www.travel-slovenia.si\/slo\/location\/visnja-gora\/\">_Preberite ve\u010d_<\/a>]\n","protected":false},"excerpt":{"rendered":"<p>Neko\u010d se je v Vi\u0161nji Gori nahajal Codellijev grad, a so ga med vojno po\u017egali. Ostanki gradu danes niso ve\u010d vidni, saj so na njegovem mestu zgradili naselje z dru\u017einskimi hi\u0161ami imenovano Baronov hrib. Codellijev grad, imenovan tudi Turn ali Vi\u0161nje, kar pomeni, da je na tem mestu prej stal stolp. Vi\u0161nje (cerkev ali kapela) [&hellip;]<\/p>\n","protected":false},"author":111,"featured_media":0,"parent":0,"menu_order":0,"comment_status":"closed","ping_status":"closed","template":"","meta":{"footnotes":""},"class_list":["post-6594","page","type-page","status-publish","hentry"],"yoast_head":"<!-- This site is optimized with the Yoast SEO plugin v25.4 - https:\/\/yoast.com\/wordpress\/plugins\/seo\/ -->\n<title>Codellijev grad (Weichselbach) : Travel-Slovenia<\/title>\n<meta name=\"description\" content=\"Codellijev grad, imenovan tudi Turn ali Vi\u0161nje, kar pomeni, da je na tem mestu prej stal stolp. Vi\u0161nje pri gradu se prvi\u010d omenja leta 1433.\" \/>\n<meta name=\"robots\" content=\"index, follow, max-snippet:-1, max-image-preview:large, max-video-preview:-1\" \/>\n<link rel=\"canonical\" href=\"https:\/\/www.travel-slovenia.si\/slo\/codellijev-grad-weichselbach\/\" \/>\n<meta property=\"og:locale\" content=\"sl_SI\" \/>\n<meta property=\"og:type\" content=\"article\" \/>\n<meta property=\"og:title\" content=\"Codellijev grad (Weichselbach) : Travel-Slovenia\" \/>\n<meta property=\"og:description\" content=\"Codellijev grad, imenovan tudi Turn ali Vi\u0161nje, kar pomeni, da je na tem mestu prej stal stolp. Vi\u0161nje pri gradu se prvi\u010d omenja leta 1433.\" \/>\n<meta property=\"og:url\" content=\"https:\/\/www.travel-slovenia.si\/slo\/codellijev-grad-weichselbach\/\" \/>\n<meta property=\"og:site_name\" content=\"Travel Slovenia - Sledite lepotam na\u0161e male dr\u017eavice\" \/>\n<meta property=\"article:modified_time\" content=\"2017-05-02T10:48:25+00:00\" \/>\n<meta property=\"og:image\" content=\"https:\/\/www.travel-slovenia.si\/slo\/wp-content\/uploads\/2017\/05\/travel-slovenia-visnja-gora-codellijev-grad.jpg\" \/>\n\t<meta property=\"og:image:width\" content=\"300\" \/>\n\t<meta property=\"og:image:height\" content=\"207\" \/>\n\t<meta property=\"og:image:type\" content=\"image\/jpeg\" \/>\n<meta name=\"twitter:card\" content=\"summary_large_image\" \/>\n<meta name=\"twitter:title\" content=\"Codellijev grad (Weichselbach) : Travel-Slovenia\" \/>\n<meta name=\"twitter:description\" content=\"Codellijev grad, imenovan tudi Turn ali Vi\u0161nje, kar pomeni, da je na tem mestu prej stal stolp. Vi\u0161nje pri gradu se prvi\u010d omenja leta 1433.\" \/>\n<meta name=\"twitter:image\" content=\"https:\/\/www.travel-slovenia.si\/slo\/wp-content\/uploads\/2017\/05\/travel-slovenia-visnja-gora-codellijev-grad.jpg\" \/>\n<meta name=\"twitter:label1\" content=\"Est. reading time\" \/>\n\t<meta name=\"twitter:data1\" content=\"1 minuta\" \/>\n<script type=\"application\/ld+json\" class=\"yoast-schema-graph\">{\"@context\":\"https:\/\/schema.org\",\"@graph\":[{\"@type\":\"WebPage\",\"@id\":\"https:\/\/www.travel-slovenia.si\/slo\/codellijev-grad-weichselbach\/\",\"url\":\"https:\/\/www.travel-slovenia.si\/slo\/codellijev-grad-weichselbach\/\",\"name\":\"Codellijev grad (Weichselbach) : Travel-Slovenia\",\"isPartOf\":{\"@id\":\"https:\/\/www.travel-slovenia.si\/slo\/#website\"},\"primaryImageOfPage\":{\"@id\":\"https:\/\/www.travel-slovenia.si\/slo\/codellijev-grad-weichselbach\/#primaryimage\"},\"image\":{\"@id\":\"https:\/\/www.travel-slovenia.si\/slo\/codellijev-grad-weichselbach\/#primaryimage\"},\"thumbnailUrl\":\"https:\/\/www.travel-slovenia.si\/slo\/wp-content\/uploads\/2017\/05\/travel-slovenia-visnja-gora-codellijev-grad.jpg\",\"datePublished\":\"2017-05-02T10:47:14+00:00\",\"dateModified\":\"2017-05-02T10:48:25+00:00\",\"description\":\"Codellijev grad, imenovan tudi Turn ali Vi\u0161nje, kar pomeni, da je na tem mestu prej stal stolp. Vi\u0161nje pri gradu se prvi\u010d omenja leta 1433.\",\"breadcrumb\":{\"@id\":\"https:\/\/www.travel-slovenia.si\/slo\/codellijev-grad-weichselbach\/#breadcrumb\"},\"inLanguage\":\"sl-SI\",\"potentialAction\":[{\"@type\":\"ReadAction\",\"target\":[\"https:\/\/www.travel-slovenia.si\/slo\/codellijev-grad-weichselbach\/\"]}]},{\"@type\":\"ImageObject\",\"inLanguage\":\"sl-SI\",\"@id\":\"https:\/\/www.travel-slovenia.si\/slo\/codellijev-grad-weichselbach\/#primaryimage\",\"url\":\"https:\/\/www.travel-slovenia.si\/slo\/wp-content\/uploads\/2017\/05\/travel-slovenia-visnja-gora-codellijev-grad.jpg\",\"contentUrl\":\"https:\/\/www.travel-slovenia.si\/slo\/wp-content\/uploads\/2017\/05\/travel-slovenia-visnja-gora-codellijev-grad.jpg\",\"width\":300,\"height\":207,\"caption\":\"Codellijev grad\"},{\"@type\":\"BreadcrumbList\",\"@id\":\"https:\/\/www.travel-slovenia.si\/slo\/codellijev-grad-weichselbach\/#breadcrumb\",\"itemListElement\":[{\"@type\":\"ListItem\",\"position\":1,\"name\":\"Home\",\"item\":\"https:\/\/www.travel-slovenia.si\/slo\/\"},{\"@type\":\"ListItem\",\"position\":2,\"name\":\"Codellijev grad (Weichselbach)\"}]},{\"@type\":\"WebSite\",\"@id\":\"https:\/\/www.travel-slovenia.si\/slo\/#website\",\"url\":\"https:\/\/www.travel-slovenia.si\/slo\/\",\"name\":\"Travel Slovenia - Sledite lepotam na\u0161e male dr\u017eavice\",\"description\":\"\",\"potentialAction\":[{\"@type\":\"SearchAction\",\"target\":{\"@type\":\"EntryPoint\",\"urlTemplate\":\"https:\/\/www.travel-slovenia.si\/slo\/?s={search_term_string}\"},\"query-input\":{\"@type\":\"PropertyValueSpecification\",\"valueRequired\":true,\"valueName\":\"search_term_string\"}}],\"inLanguage\":\"sl-SI\"}]}<\/script>\n<!-- \/ Yoast SEO plugin. -->","yoast_head_json":{"title":"Codellijev grad (Weichselbach) : Travel-Slovenia","description":"Codellijev grad, imenovan tudi Turn ali Vi\u0161nje, kar pomeni, da je na tem mestu prej stal stolp. Vi\u0161nje pri gradu se prvi\u010d omenja leta 1433.","robots":{"index":"index","follow":"follow","max-snippet":"max-snippet:-1","max-image-preview":"max-image-preview:large","max-video-preview":"max-video-preview:-1"},"canonical":"https:\/\/www.travel-slovenia.si\/slo\/codellijev-grad-weichselbach\/","og_locale":"sl_SI","og_type":"article","og_title":"Codellijev grad (Weichselbach) : Travel-Slovenia","og_description":"Codellijev grad, imenovan tudi Turn ali Vi\u0161nje, kar pomeni, da je na tem mestu prej stal stolp. Vi\u0161nje pri gradu se prvi\u010d omenja leta 1433.","og_url":"https:\/\/www.travel-slovenia.si\/slo\/codellijev-grad-weichselbach\/","og_site_name":"Travel Slovenia - Sledite lepotam na\u0161e male dr\u017eavice","article_modified_time":"2017-05-02T10:48:25+00:00","og_image":[{"width":300,"height":207,"url":"https:\/\/www.travel-slovenia.si\/slo\/wp-content\/uploads\/2017\/05\/travel-slovenia-visnja-gora-codellijev-grad.jpg","type":"image\/jpeg"}],"twitter_card":"summary_large_image","twitter_title":"Codellijev grad (Weichselbach) : Travel-Slovenia","twitter_description":"Codellijev grad, imenovan tudi Turn ali Vi\u0161nje, kar pomeni, da je na tem mestu prej stal stolp. Vi\u0161nje pri gradu se prvi\u010d omenja leta 1433.","twitter_image":"https:\/\/www.travel-slovenia.si\/slo\/wp-content\/uploads\/2017\/05\/travel-slovenia-visnja-gora-codellijev-grad.jpg","twitter_misc":{"Est. reading time":"1 minuta"},"schema":{"@context":"https:\/\/schema.org","@graph":[{"@type":"WebPage","@id":"https:\/\/www.travel-slovenia.si\/slo\/codellijev-grad-weichselbach\/","url":"https:\/\/www.travel-slovenia.si\/slo\/codellijev-grad-weichselbach\/","name":"Codellijev grad (Weichselbach) : Travel-Slovenia","isPartOf":{"@id":"https:\/\/www.travel-slovenia.si\/slo\/#website"},"primaryImageOfPage":{"@id":"https:\/\/www.travel-slovenia.si\/slo\/codellijev-grad-weichselbach\/#primaryimage"},"image":{"@id":"https:\/\/www.travel-slovenia.si\/slo\/codellijev-grad-weichselbach\/#primaryimage"},"thumbnailUrl":"https:\/\/www.travel-slovenia.si\/slo\/wp-content\/uploads\/2017\/05\/travel-slovenia-visnja-gora-codellijev-grad.jpg","datePublished":"2017-05-02T10:47:14+00:00","dateModified":"2017-05-02T10:48:25+00:00","description":"Codellijev grad, imenovan tudi Turn ali Vi\u0161nje, kar pomeni, da je na tem mestu prej stal stolp. Vi\u0161nje pri gradu se prvi\u010d omenja leta 1433.","breadcrumb":{"@id":"https:\/\/www.travel-slovenia.si\/slo\/codellijev-grad-weichselbach\/#breadcrumb"},"inLanguage":"sl-SI","potentialAction":[{"@type":"ReadAction","target":["https:\/\/www.travel-slovenia.si\/slo\/codellijev-grad-weichselbach\/"]}]},{"@type":"ImageObject","inLanguage":"sl-SI","@id":"https:\/\/www.travel-slovenia.si\/slo\/codellijev-grad-weichselbach\/#primaryimage","url":"https:\/\/www.travel-slovenia.si\/slo\/wp-content\/uploads\/2017\/05\/travel-slovenia-visnja-gora-codellijev-grad.jpg","contentUrl":"https:\/\/www.travel-slovenia.si\/slo\/wp-content\/uploads\/2017\/05\/travel-slovenia-visnja-gora-codellijev-grad.jpg","width":300,"height":207,"caption":"Codellijev grad"},{"@type":"BreadcrumbList","@id":"https:\/\/www.travel-slovenia.si\/slo\/codellijev-grad-weichselbach\/#breadcrumb","itemListElement":[{"@type":"ListItem","position":1,"name":"Home","item":"https:\/\/www.travel-slovenia.si\/slo\/"},{"@type":"ListItem","position":2,"name":"Codellijev grad (Weichselbach)"}]},{"@type":"WebSite","@id":"https:\/\/www.travel-slovenia.si\/slo\/#website","url":"https:\/\/www.travel-slovenia.si\/slo\/","name":"Travel Slovenia - Sledite lepotam na\u0161e male dr\u017eavice","description":"","potentialAction":[{"@type":"SearchAction","target":{"@type":"EntryPoint","urlTemplate":"https:\/\/www.travel-slovenia.si\/slo\/?s={search_term_string}"},"query-input":{"@type":"PropertyValueSpecification","valueRequired":true,"valueName":"search_term_string"}}],"inLanguage":"sl-SI"}]}},"post_mailing_queue_ids":[],"_links":{"self":[{"href":"https:\/\/www.travel-slovenia.si\/slo\/wp-json\/wp\/v2\/pages\/6594","targetHints":{"allow":["GET"]}}],"collection":[{"href":"https:\/\/www.travel-slovenia.si\/slo\/wp-json\/wp\/v2\/pages"}],"about":[{"href":"https:\/\/www.travel-slovenia.si\/slo\/wp-json\/wp\/v2\/types\/page"}],"author":[{"embeddable":true,"href":"https:\/\/www.travel-slovenia.si\/slo\/wp-json\/wp\/v2\/users\/111"}],"replies":[{"embeddable":true,"href":"https:\/\/www.travel-slovenia.si\/slo\/wp-json\/wp\/v2\/comments?post=6594"}],"version-history":[{"count":2,"href":"https:\/\/www.travel-slovenia.si\/slo\/wp-json\/wp\/v2\/pages\/6594\/revisions"}],"predecessor-version":[{"id":6598,"href":"https:\/\/www.travel-slovenia.si\/slo\/wp-json\/wp\/v2\/pages\/6594\/revisions\/6598"}],"wp:attachment":[{"href":"https:\/\/www.travel-slovenia.si\/slo\/wp-json\/wp\/v2\/media?parent=6594"}],"curies":[{"name":"wp","href":"https:\/\/api.w.org\/{rel}","templated":true}]}}