{"id":6548,"date":"2017-03-30T22:35:11","date_gmt":"2017-03-30T20:35:11","guid":{"rendered":"https:\/\/www.travel-slovenia.si\/slo\/?page_id=6548"},"modified":"2017-03-30T22:35:55","modified_gmt":"2017-03-30T20:35:55","slug":"31-marec","status":"publish","type":"page","link":"https:\/\/www.travel-slovenia.si\/slo\/31-marec\/","title":{"rendered":"31. marec"},"content":{"rendered":"<p style=\"text-align: justify;\"><a href=\"https:\/\/www.travel-slovenia.si\/slo\/slovenski-meteorit\/\"><img loading=\"lazy\" decoding=\"async\" class=\"alignleft size-full wp-image-6551\" src=\"https:\/\/www.travel-slovenia.si\/slo\/wp-content\/uploads\/2017\/03\/travel-slovenia-avski-meteorit-view.jpg\" alt=\"\" width=\"150\" height=\"150\" srcset=\"https:\/\/www.travel-slovenia.si\/slo\/wp-content\/uploads\/2017\/03\/travel-slovenia-avski-meteorit-view.jpg 150w, https:\/\/www.travel-slovenia.si\/slo\/wp-content\/uploads\/2017\/03\/travel-slovenia-avski-meteorit-view-83x83.jpg 83w, https:\/\/www.travel-slovenia.si\/slo\/wp-content\/uploads\/2017\/03\/travel-slovenia-avski-meteorit-view-55x55.jpg 55w, https:\/\/www.travel-slovenia.si\/slo\/wp-content\/uploads\/2017\/03\/travel-slovenia-avski-meteorit-view-24x24.jpg 24w, https:\/\/www.travel-slovenia.si\/slo\/wp-content\/uploads\/2017\/03\/travel-slovenia-avski-meteorit-view-36x36.jpg 36w, https:\/\/www.travel-slovenia.si\/slo\/wp-content\/uploads\/2017\/03\/travel-slovenia-avski-meteorit-view-48x48.jpg 48w\" sizes=\"auto, (max-width: 150px) 100vw, 150px\" \/><\/a><a href=\"https:\/\/www.travel-slovenia.si\/slo\/slovenski-meteorit\/\"><strong><em>Slovenski meteorit<\/em><\/strong><\/a><br \/>\nV bli\u017eini Av\u010d je 31. marca 1908 ob 9. uri dopoldne padel edini slovenski meteorit. Dogodek je prestra\u0161il veliko prebivalcev, obenem pa spro\u017eil \u017eivahne odmeve v tedanjih \u010dasopisih. Av\u0161ki meteorit je v dol\u017eino meril 11 centimetrov, te\u017eak pa je bil 1230 gramov. [<a href=\"https:\/\/www.travel-slovenia.si\/slo\/slovenski-meteorit\/\">_Preberite ve\u010d_<\/a>]\n","protected":false},"excerpt":{"rendered":"<p>Slovenski meteorit V bli\u017eini Av\u010d je 31. marca 1908 ob 9. uri dopoldne padel edini slovenski meteorit. Dogodek je prestra\u0161il veliko prebivalcev, obenem pa spro\u017eil \u017eivahne odmeve v tedanjih \u010dasopisih. Av\u0161ki meteorit je v dol\u017eino meril 11 centimetrov, te\u017eak pa je bil 1230 gramov. [_Preberite ve\u010d_]<\/p>\n","protected":false},"author":111,"featured_media":0,"parent":0,"menu_order":0,"comment_status":"closed","ping_status":"closed","template":"","meta":{"footnotes":""},"class_list":["post-6548","page","type-page","status-publish","hentry"],"yoast_head":"<!-- This site is optimized with the Yoast SEO plugin v25.4 - https:\/\/yoast.com\/wordpress\/plugins\/seo\/ -->\n<title>31. marec : Travel-Slovenia<\/title>\n<meta name=\"description\" content=\"Pretekli dogodki, ki so se zgodili na datum 31. marca in so v dolo\u010deni meri zaznamovali Slovenijo.\" \/>\n<meta name=\"robots\" content=\"index, follow, max-snippet:-1, max-image-preview:large, max-video-preview:-1\" \/>\n<link rel=\"canonical\" href=\"https:\/\/www.travel-slovenia.si\/slo\/31-marec\/\" \/>\n<meta property=\"og:locale\" content=\"sl_SI\" \/>\n<meta property=\"og:type\" content=\"article\" \/>\n<meta property=\"og:title\" content=\"31. marec : Travel-Slovenia\" \/>\n<meta property=\"og:description\" content=\"Pretekli dogodki, ki so se zgodili na datum 31. marca in so v dolo\u010deni meri zaznamovali Slovenijo.\" \/>\n<meta property=\"og:url\" content=\"https:\/\/www.travel-slovenia.si\/slo\/31-marec\/\" \/>\n<meta property=\"og:site_name\" content=\"Travel Slovenia - Sledite lepotam na\u0161e male dr\u017eavice\" \/>\n<meta property=\"article:modified_time\" content=\"2017-03-30T20:35:55+00:00\" \/>\n<meta property=\"og:image\" content=\"https:\/\/www.travel-slovenia.si\/slo\/wp-content\/uploads\/2017\/03\/travel-slovenia-avski-meteorit.jpg\" \/>\n\t<meta property=\"og:image:width\" content=\"400\" \/>\n\t<meta property=\"og:image:height\" content=\"266\" \/>\n\t<meta property=\"og:image:type\" content=\"image\/jpeg\" \/>\n<meta name=\"twitter:card\" content=\"summary_large_image\" \/>\n<meta name=\"twitter:title\" content=\"31. marec : Travel-Slovenia\" \/>\n<meta name=\"twitter:description\" content=\"Pretekli dogodki, ki so se zgodili na datum 31. marca in so v dolo\u010deni meri zaznamovali Slovenijo.\" \/>\n<meta name=\"twitter:image\" content=\"https:\/\/www.travel-slovenia.si\/slo\/wp-content\/uploads\/2017\/03\/travel-slovenia-avski-meteorit.jpg\" \/>\n<script type=\"application\/ld+json\" class=\"yoast-schema-graph\">{\"@context\":\"https:\/\/schema.org\",\"@graph\":[{\"@type\":\"WebPage\",\"@id\":\"https:\/\/www.travel-slovenia.si\/slo\/31-marec\/\",\"url\":\"https:\/\/www.travel-slovenia.si\/slo\/31-marec\/\",\"name\":\"31. marec : Travel-Slovenia\",\"isPartOf\":{\"@id\":\"https:\/\/www.travel-slovenia.si\/slo\/#website\"},\"primaryImageOfPage\":{\"@id\":\"https:\/\/www.travel-slovenia.si\/slo\/31-marec\/#primaryimage\"},\"image\":{\"@id\":\"https:\/\/www.travel-slovenia.si\/slo\/31-marec\/#primaryimage\"},\"thumbnailUrl\":\"https:\/\/www.travel-slovenia.si\/slo\/wp-content\/uploads\/2017\/03\/travel-slovenia-avski-meteorit-view.jpg\",\"datePublished\":\"2017-03-30T20:35:11+00:00\",\"dateModified\":\"2017-03-30T20:35:55+00:00\",\"description\":\"Pretekli dogodki, ki so se zgodili na datum 31. marca in so v dolo\u010deni meri zaznamovali Slovenijo.\",\"breadcrumb\":{\"@id\":\"https:\/\/www.travel-slovenia.si\/slo\/31-marec\/#breadcrumb\"},\"inLanguage\":\"sl-SI\",\"potentialAction\":[{\"@type\":\"ReadAction\",\"target\":[\"https:\/\/www.travel-slovenia.si\/slo\/31-marec\/\"]}]},{\"@type\":\"ImageObject\",\"inLanguage\":\"sl-SI\",\"@id\":\"https:\/\/www.travel-slovenia.si\/slo\/31-marec\/#primaryimage\",\"url\":\"https:\/\/www.travel-slovenia.si\/slo\/wp-content\/uploads\/2017\/03\/travel-slovenia-avski-meteorit-view.jpg\",\"contentUrl\":\"https:\/\/www.travel-slovenia.si\/slo\/wp-content\/uploads\/2017\/03\/travel-slovenia-avski-meteorit-view.jpg\",\"width\":150,\"height\":150},{\"@type\":\"BreadcrumbList\",\"@id\":\"https:\/\/www.travel-slovenia.si\/slo\/31-marec\/#breadcrumb\",\"itemListElement\":[{\"@type\":\"ListItem\",\"position\":1,\"name\":\"Home\",\"item\":\"https:\/\/www.travel-slovenia.si\/slo\/\"},{\"@type\":\"ListItem\",\"position\":2,\"name\":\"31. marec\"}]},{\"@type\":\"WebSite\",\"@id\":\"https:\/\/www.travel-slovenia.si\/slo\/#website\",\"url\":\"https:\/\/www.travel-slovenia.si\/slo\/\",\"name\":\"Travel Slovenia - Sledite lepotam na\u0161e male dr\u017eavice\",\"description\":\"\",\"potentialAction\":[{\"@type\":\"SearchAction\",\"target\":{\"@type\":\"EntryPoint\",\"urlTemplate\":\"https:\/\/www.travel-slovenia.si\/slo\/?s={search_term_string}\"},\"query-input\":{\"@type\":\"PropertyValueSpecification\",\"valueRequired\":true,\"valueName\":\"search_term_string\"}}],\"inLanguage\":\"sl-SI\"}]}<\/script>\n<!-- \/ Yoast SEO plugin. -->","yoast_head_json":{"title":"31. marec : Travel-Slovenia","description":"Pretekli dogodki, ki so se zgodili na datum 31. marca in so v dolo\u010deni meri zaznamovali Slovenijo.","robots":{"index":"index","follow":"follow","max-snippet":"max-snippet:-1","max-image-preview":"max-image-preview:large","max-video-preview":"max-video-preview:-1"},"canonical":"https:\/\/www.travel-slovenia.si\/slo\/31-marec\/","og_locale":"sl_SI","og_type":"article","og_title":"31. marec : Travel-Slovenia","og_description":"Pretekli dogodki, ki so se zgodili na datum 31. marca in so v dolo\u010deni meri zaznamovali Slovenijo.","og_url":"https:\/\/www.travel-slovenia.si\/slo\/31-marec\/","og_site_name":"Travel Slovenia - Sledite lepotam na\u0161e male dr\u017eavice","article_modified_time":"2017-03-30T20:35:55+00:00","og_image":[{"width":400,"height":266,"url":"https:\/\/www.travel-slovenia.si\/slo\/wp-content\/uploads\/2017\/03\/travel-slovenia-avski-meteorit.jpg","type":"image\/jpeg"}],"twitter_card":"summary_large_image","twitter_title":"31. marec : Travel-Slovenia","twitter_description":"Pretekli dogodki, ki so se zgodili na datum 31. marca in so v dolo\u010deni meri zaznamovali Slovenijo.","twitter_image":"https:\/\/www.travel-slovenia.si\/slo\/wp-content\/uploads\/2017\/03\/travel-slovenia-avski-meteorit.jpg","schema":{"@context":"https:\/\/schema.org","@graph":[{"@type":"WebPage","@id":"https:\/\/www.travel-slovenia.si\/slo\/31-marec\/","url":"https:\/\/www.travel-slovenia.si\/slo\/31-marec\/","name":"31. marec : Travel-Slovenia","isPartOf":{"@id":"https:\/\/www.travel-slovenia.si\/slo\/#website"},"primaryImageOfPage":{"@id":"https:\/\/www.travel-slovenia.si\/slo\/31-marec\/#primaryimage"},"image":{"@id":"https:\/\/www.travel-slovenia.si\/slo\/31-marec\/#primaryimage"},"thumbnailUrl":"https:\/\/www.travel-slovenia.si\/slo\/wp-content\/uploads\/2017\/03\/travel-slovenia-avski-meteorit-view.jpg","datePublished":"2017-03-30T20:35:11+00:00","dateModified":"2017-03-30T20:35:55+00:00","description":"Pretekli dogodki, ki so se zgodili na datum 31. marca in so v dolo\u010deni meri zaznamovali Slovenijo.","breadcrumb":{"@id":"https:\/\/www.travel-slovenia.si\/slo\/31-marec\/#breadcrumb"},"inLanguage":"sl-SI","potentialAction":[{"@type":"ReadAction","target":["https:\/\/www.travel-slovenia.si\/slo\/31-marec\/"]}]},{"@type":"ImageObject","inLanguage":"sl-SI","@id":"https:\/\/www.travel-slovenia.si\/slo\/31-marec\/#primaryimage","url":"https:\/\/www.travel-slovenia.si\/slo\/wp-content\/uploads\/2017\/03\/travel-slovenia-avski-meteorit-view.jpg","contentUrl":"https:\/\/www.travel-slovenia.si\/slo\/wp-content\/uploads\/2017\/03\/travel-slovenia-avski-meteorit-view.jpg","width":150,"height":150},{"@type":"BreadcrumbList","@id":"https:\/\/www.travel-slovenia.si\/slo\/31-marec\/#breadcrumb","itemListElement":[{"@type":"ListItem","position":1,"name":"Home","item":"https:\/\/www.travel-slovenia.si\/slo\/"},{"@type":"ListItem","position":2,"name":"31. marec"}]},{"@type":"WebSite","@id":"https:\/\/www.travel-slovenia.si\/slo\/#website","url":"https:\/\/www.travel-slovenia.si\/slo\/","name":"Travel Slovenia - Sledite lepotam na\u0161e male dr\u017eavice","description":"","potentialAction":[{"@type":"SearchAction","target":{"@type":"EntryPoint","urlTemplate":"https:\/\/www.travel-slovenia.si\/slo\/?s={search_term_string}"},"query-input":{"@type":"PropertyValueSpecification","valueRequired":true,"valueName":"search_term_string"}}],"inLanguage":"sl-SI"}]}},"post_mailing_queue_ids":[],"_links":{"self":[{"href":"https:\/\/www.travel-slovenia.si\/slo\/wp-json\/wp\/v2\/pages\/6548","targetHints":{"allow":["GET"]}}],"collection":[{"href":"https:\/\/www.travel-slovenia.si\/slo\/wp-json\/wp\/v2\/pages"}],"about":[{"href":"https:\/\/www.travel-slovenia.si\/slo\/wp-json\/wp\/v2\/types\/page"}],"author":[{"embeddable":true,"href":"https:\/\/www.travel-slovenia.si\/slo\/wp-json\/wp\/v2\/users\/111"}],"replies":[{"embeddable":true,"href":"https:\/\/www.travel-slovenia.si\/slo\/wp-json\/wp\/v2\/comments?post=6548"}],"version-history":[{"count":2,"href":"https:\/\/www.travel-slovenia.si\/slo\/wp-json\/wp\/v2\/pages\/6548\/revisions"}],"predecessor-version":[{"id":6554,"href":"https:\/\/www.travel-slovenia.si\/slo\/wp-json\/wp\/v2\/pages\/6548\/revisions\/6554"}],"wp:attachment":[{"href":"https:\/\/www.travel-slovenia.si\/slo\/wp-json\/wp\/v2\/media?parent=6548"}],"curies":[{"name":"wp","href":"https:\/\/api.w.org\/{rel}","templated":true}]}}