{"id":6547,"date":"2017-03-30T22:32:47","date_gmt":"2017-03-30T20:32:47","guid":{"rendered":"https:\/\/www.travel-slovenia.si\/slo\/?page_id=6547"},"modified":"2017-03-30T22:32:47","modified_gmt":"2017-03-30T20:32:47","slug":"slovenski-meteorit","status":"publish","type":"page","link":"https:\/\/www.travel-slovenia.si\/slo\/slovenski-meteorit\/","title":{"rendered":"Slovenski meteorit"},"content":{"rendered":"<figure id=\"attachment_6549\" class=\"wp-caption alignleft\" style=\"max-width: 300px\"><img loading=\"lazy\" decoding=\"async\" class=\"size-medium wp-image-6549\" src=\"https:\/\/www.travel-slovenia.si\/slo\/wp-content\/uploads\/2017\/03\/travel-slovenia-avski-meteorit-300x200.jpg\" alt=\"\" width=\"300\" height=\"200\" srcset=\"https:\/\/www.travel-slovenia.si\/slo\/wp-content\/uploads\/2017\/03\/travel-slovenia-avski-meteorit-300x200.jpg 300w, https:\/\/www.travel-slovenia.si\/slo\/wp-content\/uploads\/2017\/03\/travel-slovenia-avski-meteorit-24x16.jpg 24w, https:\/\/www.travel-slovenia.si\/slo\/wp-content\/uploads\/2017\/03\/travel-slovenia-avski-meteorit-36x24.jpg 36w, https:\/\/www.travel-slovenia.si\/slo\/wp-content\/uploads\/2017\/03\/travel-slovenia-avski-meteorit-48x32.jpg 48w, https:\/\/www.travel-slovenia.si\/slo\/wp-content\/uploads\/2017\/03\/travel-slovenia-avski-meteorit.jpg 400w\" sizes=\"auto, (max-width: 300px) 100vw, 300px\" \/><figcaption class=\"wp-caption-text\">Av\u0161ki meteorit<\/figcaption><\/figure>\n<p style=\"text-align: justify;\">V bli\u017eini Av\u010d je 31. marca 1908 ob 9. uri dopoldne padel edini slovenski meteorit. Dogodek je prestra\u0161il veliko prebivalcev, obenem pa spro\u017eil \u017eivahne odmeve v tedanjih \u010dasopisih. V prvih dneh od padca, so meteorit imeli za kos topovske krogle, ki je na avstrijsko ozemlje priletela iz bli\u017enje Italije, zaradi \u010desar so ponj pri\u0161li oro\u017eniki. Zato so ljudje \u017eiveli v strahu pred vojno, nekateri so govorili, da je to kazen za Av\u010dane, ker jih je na volitvah premalo volilo klerikalce. Prebivalci Kamne Gorice pri Radovljici, ki so ob preletu meteorita sli\u0161ali stra\u0161no grmenje, so se zbali potresa. Meteorit naj bi pred vstopom v ozra\u010dje imel 50-krat ve\u010djo maso.<\/p>\n<p style=\"text-align: justify;\">Av\u0161ki meteorit je v dol\u017eino meril 11 centimetrov, te\u017eak pa je bil 1230 gramov. Meteorit je priletel izpod neba, ravno od tu izhaja stara slovenska beseda za meteorit, izpodnebnik. Ima zna\u010dilno kemijsko sestavo, saj vsebuje \u017eelezo, nikelj in sledni element. V preseku se poka\u017ee \u017egalna skorja, \u017egalno obmo\u010dje in tako imenovana Neumannove \u010drte, ki so zna\u010dilne za heksaedrite. Danes ga hranijo v Mineralo\u0161ko-petrografskem oddelku Prirodoslovnega muzeja na Dunaju, kjer je postal eden dragocenej\u0161ih eksponatov. Oddelek obenem hrani eno najve\u010djih zbirk meteoritov na svetu. Odkupili so ga za 60 kron.<\/p>\n<p>&nbsp;<\/p>\n<table>\n<tbody>\n<tr>\n<td style=\"text-align: center;\"><a href=\"https:\/\/www.travel-slovenia.si\/slo\/na-danasnji-dan\/\"><img loading=\"lazy\" decoding=\"async\" class=\"alignleft wp-image-4499 size-full\" src=\"https:\/\/www.travel-slovenia.si\/slo\/wp-content\/uploads\/2014\/09\/travel-slovenia-povezava-na-drugo.jpg\" alt=\"travel-slovenia-povezava-na-drugo\" width=\"128\" height=\"22\" srcset=\"https:\/\/www.travel-slovenia.si\/slo\/wp-content\/uploads\/2014\/09\/travel-slovenia-povezava-na-drugo.jpg 128w, https:\/\/www.travel-slovenia.si\/slo\/wp-content\/uploads\/2014\/09\/travel-slovenia-povezava-na-drugo-24x4.jpg 24w, https:\/\/www.travel-slovenia.si\/slo\/wp-content\/uploads\/2014\/09\/travel-slovenia-povezava-na-drugo-36x6.jpg 36w, https:\/\/www.travel-slovenia.si\/slo\/wp-content\/uploads\/2014\/09\/travel-slovenia-povezava-na-drugo-48x8.jpg 48w\" sizes=\"auto, (max-width: 128px) 100vw, 128px\" \/><\/a><a href=\"https:\/\/www.travel-slovenia.si\/slo\/na-danasnji-dan\/\">Poglejte \u0161e druge pomembne dogodke!<\/a><a href=\"https:\/\/www.travel-slovenia.si\/slo\/na-danasnji-dan\/\"><img loading=\"lazy\" decoding=\"async\" class=\"alignright wp-image-4500 size-full\" src=\"https:\/\/www.travel-slovenia.si\/slo\/wp-content\/uploads\/2014\/09\/travel-slovenia-povezava-na-drugo2.jpg\" alt=\"travel-slovenia-povezava-na-drugo2\" width=\"128\" height=\"22\" srcset=\"https:\/\/www.travel-slovenia.si\/slo\/wp-content\/uploads\/2014\/09\/travel-slovenia-povezava-na-drugo2.jpg 128w, https:\/\/www.travel-slovenia.si\/slo\/wp-content\/uploads\/2014\/09\/travel-slovenia-povezava-na-drugo2-24x4.jpg 24w, https:\/\/www.travel-slovenia.si\/slo\/wp-content\/uploads\/2014\/09\/travel-slovenia-povezava-na-drugo2-36x6.jpg 36w, https:\/\/www.travel-slovenia.si\/slo\/wp-content\/uploads\/2014\/09\/travel-slovenia-povezava-na-drugo2-48x8.jpg 48w\" sizes=\"auto, (max-width: 128px) 100vw, 128px\" \/><\/a><\/td>\n<\/tr>\n<\/tbody>\n<\/table>\n","protected":false},"excerpt":{"rendered":"<p>V bli\u017eini Av\u010d je 31. marca 1908 ob 9. uri dopoldne padel edini slovenski meteorit. Dogodek je prestra\u0161il veliko prebivalcev, obenem pa spro\u017eil \u017eivahne odmeve v tedanjih \u010dasopisih. V prvih dneh od padca, so meteorit imeli za kos topovske krogle, ki je na avstrijsko ozemlje priletela iz bli\u017enje Italije, zaradi \u010desar so ponj pri\u0161li oro\u017eniki. [&hellip;]<\/p>\n","protected":false},"author":111,"featured_media":0,"parent":0,"menu_order":0,"comment_status":"closed","ping_status":"closed","template":"","meta":{"footnotes":""},"class_list":["post-6547","page","type-page","status-publish","hentry"],"yoast_head":"<!-- This site is optimized with the Yoast SEO plugin v25.4 - https:\/\/yoast.com\/wordpress\/plugins\/seo\/ -->\n<title>Slovenski meteorit : Travel-Slovenia<\/title>\n<meta name=\"description\" content=\"V bli\u017eini Av\u010d je 31. marca 1908 ob 9. uri dopoldne padel edini slovenski meteorit. Av\u0161ki meteorit je v dol\u017eino meril 11 cm, te\u017eak pa je bil 1230 gramov.\" \/>\n<meta name=\"robots\" content=\"index, follow, max-snippet:-1, max-image-preview:large, max-video-preview:-1\" \/>\n<link rel=\"canonical\" href=\"https:\/\/www.travel-slovenia.si\/slo\/slovenski-meteorit\/\" \/>\n<meta property=\"og:locale\" content=\"sl_SI\" \/>\n<meta property=\"og:type\" content=\"article\" \/>\n<meta property=\"og:title\" content=\"Slovenski meteorit : Travel-Slovenia\" \/>\n<meta property=\"og:description\" content=\"V bli\u017eini Av\u010d je 31. marca 1908 ob 9. uri dopoldne padel edini slovenski meteorit. Av\u0161ki meteorit je v dol\u017eino meril 11 cm, te\u017eak pa je bil 1230 gramov.\" \/>\n<meta property=\"og:url\" content=\"https:\/\/www.travel-slovenia.si\/slo\/slovenski-meteorit\/\" \/>\n<meta property=\"og:site_name\" content=\"Travel Slovenia - Sledite lepotam na\u0161e male dr\u017eavice\" \/>\n<meta property=\"og:image\" content=\"https:\/\/www.travel-slovenia.si\/slo\/wp-content\/uploads\/2017\/03\/travel-slovenia-avski-meteorit.jpg\" \/>\n\t<meta property=\"og:image:width\" content=\"400\" \/>\n\t<meta property=\"og:image:height\" content=\"266\" \/>\n\t<meta property=\"og:image:type\" content=\"image\/jpeg\" \/>\n<meta name=\"twitter:card\" content=\"summary_large_image\" \/>\n<meta name=\"twitter:title\" content=\"Slovenski meteorit : Travel-Slovenia\" \/>\n<meta name=\"twitter:description\" content=\"V bli\u017eini Av\u010d je 31. marca 1908 ob 9. uri dopoldne padel edini slovenski meteorit. Av\u0161ki meteorit je v dol\u017eino meril 11 cm, te\u017eak pa je bil 1230 gramov.\" \/>\n<meta name=\"twitter:image\" content=\"https:\/\/www.travel-slovenia.si\/slo\/wp-content\/uploads\/2017\/03\/travel-slovenia-avski-meteorit.jpg\" \/>\n<meta name=\"twitter:label1\" content=\"Est. reading time\" \/>\n\t<meta name=\"twitter:data1\" content=\"1 minuta\" \/>\n<script type=\"application\/ld+json\" class=\"yoast-schema-graph\">{\"@context\":\"https:\/\/schema.org\",\"@graph\":[{\"@type\":\"WebPage\",\"@id\":\"https:\/\/www.travel-slovenia.si\/slo\/slovenski-meteorit\/\",\"url\":\"https:\/\/www.travel-slovenia.si\/slo\/slovenski-meteorit\/\",\"name\":\"Slovenski meteorit : Travel-Slovenia\",\"isPartOf\":{\"@id\":\"https:\/\/www.travel-slovenia.si\/slo\/#website\"},\"primaryImageOfPage\":{\"@id\":\"https:\/\/www.travel-slovenia.si\/slo\/slovenski-meteorit\/#primaryimage\"},\"image\":{\"@id\":\"https:\/\/www.travel-slovenia.si\/slo\/slovenski-meteorit\/#primaryimage\"},\"thumbnailUrl\":\"https:\/\/www.travel-slovenia.si\/slo\/wp-content\/uploads\/2017\/03\/travel-slovenia-avski-meteorit-300x200.jpg\",\"datePublished\":\"2017-03-30T20:32:47+00:00\",\"description\":\"V bli\u017eini Av\u010d je 31. marca 1908 ob 9. uri dopoldne padel edini slovenski meteorit. Av\u0161ki meteorit je v dol\u017eino meril 11 cm, te\u017eak pa je bil 1230 gramov.\",\"breadcrumb\":{\"@id\":\"https:\/\/www.travel-slovenia.si\/slo\/slovenski-meteorit\/#breadcrumb\"},\"inLanguage\":\"sl-SI\",\"potentialAction\":[{\"@type\":\"ReadAction\",\"target\":[\"https:\/\/www.travel-slovenia.si\/slo\/slovenski-meteorit\/\"]}]},{\"@type\":\"ImageObject\",\"inLanguage\":\"sl-SI\",\"@id\":\"https:\/\/www.travel-slovenia.si\/slo\/slovenski-meteorit\/#primaryimage\",\"url\":\"https:\/\/www.travel-slovenia.si\/slo\/wp-content\/uploads\/2017\/03\/travel-slovenia-avski-meteorit.jpg\",\"contentUrl\":\"https:\/\/www.travel-slovenia.si\/slo\/wp-content\/uploads\/2017\/03\/travel-slovenia-avski-meteorit.jpg\",\"width\":400,\"height\":266,\"caption\":\"Av\u0161ki meteorit\"},{\"@type\":\"BreadcrumbList\",\"@id\":\"https:\/\/www.travel-slovenia.si\/slo\/slovenski-meteorit\/#breadcrumb\",\"itemListElement\":[{\"@type\":\"ListItem\",\"position\":1,\"name\":\"Home\",\"item\":\"https:\/\/www.travel-slovenia.si\/slo\/\"},{\"@type\":\"ListItem\",\"position\":2,\"name\":\"Slovenski meteorit\"}]},{\"@type\":\"WebSite\",\"@id\":\"https:\/\/www.travel-slovenia.si\/slo\/#website\",\"url\":\"https:\/\/www.travel-slovenia.si\/slo\/\",\"name\":\"Travel Slovenia - Sledite lepotam na\u0161e male dr\u017eavice\",\"description\":\"\",\"potentialAction\":[{\"@type\":\"SearchAction\",\"target\":{\"@type\":\"EntryPoint\",\"urlTemplate\":\"https:\/\/www.travel-slovenia.si\/slo\/?s={search_term_string}\"},\"query-input\":{\"@type\":\"PropertyValueSpecification\",\"valueRequired\":true,\"valueName\":\"search_term_string\"}}],\"inLanguage\":\"sl-SI\"}]}<\/script>\n<!-- \/ Yoast SEO plugin. -->","yoast_head_json":{"title":"Slovenski meteorit : Travel-Slovenia","description":"V bli\u017eini Av\u010d je 31. marca 1908 ob 9. uri dopoldne padel edini slovenski meteorit. Av\u0161ki meteorit je v dol\u017eino meril 11 cm, te\u017eak pa je bil 1230 gramov.","robots":{"index":"index","follow":"follow","max-snippet":"max-snippet:-1","max-image-preview":"max-image-preview:large","max-video-preview":"max-video-preview:-1"},"canonical":"https:\/\/www.travel-slovenia.si\/slo\/slovenski-meteorit\/","og_locale":"sl_SI","og_type":"article","og_title":"Slovenski meteorit : Travel-Slovenia","og_description":"V bli\u017eini Av\u010d je 31. marca 1908 ob 9. uri dopoldne padel edini slovenski meteorit. Av\u0161ki meteorit je v dol\u017eino meril 11 cm, te\u017eak pa je bil 1230 gramov.","og_url":"https:\/\/www.travel-slovenia.si\/slo\/slovenski-meteorit\/","og_site_name":"Travel Slovenia - Sledite lepotam na\u0161e male dr\u017eavice","og_image":[{"width":400,"height":266,"url":"https:\/\/www.travel-slovenia.si\/slo\/wp-content\/uploads\/2017\/03\/travel-slovenia-avski-meteorit.jpg","type":"image\/jpeg"}],"twitter_card":"summary_large_image","twitter_title":"Slovenski meteorit : Travel-Slovenia","twitter_description":"V bli\u017eini Av\u010d je 31. marca 1908 ob 9. uri dopoldne padel edini slovenski meteorit. Av\u0161ki meteorit je v dol\u017eino meril 11 cm, te\u017eak pa je bil 1230 gramov.","twitter_image":"https:\/\/www.travel-slovenia.si\/slo\/wp-content\/uploads\/2017\/03\/travel-slovenia-avski-meteorit.jpg","twitter_misc":{"Est. reading time":"1 minuta"},"schema":{"@context":"https:\/\/schema.org","@graph":[{"@type":"WebPage","@id":"https:\/\/www.travel-slovenia.si\/slo\/slovenski-meteorit\/","url":"https:\/\/www.travel-slovenia.si\/slo\/slovenski-meteorit\/","name":"Slovenski meteorit : Travel-Slovenia","isPartOf":{"@id":"https:\/\/www.travel-slovenia.si\/slo\/#website"},"primaryImageOfPage":{"@id":"https:\/\/www.travel-slovenia.si\/slo\/slovenski-meteorit\/#primaryimage"},"image":{"@id":"https:\/\/www.travel-slovenia.si\/slo\/slovenski-meteorit\/#primaryimage"},"thumbnailUrl":"https:\/\/www.travel-slovenia.si\/slo\/wp-content\/uploads\/2017\/03\/travel-slovenia-avski-meteorit-300x200.jpg","datePublished":"2017-03-30T20:32:47+00:00","description":"V bli\u017eini Av\u010d je 31. marca 1908 ob 9. uri dopoldne padel edini slovenski meteorit. Av\u0161ki meteorit je v dol\u017eino meril 11 cm, te\u017eak pa je bil 1230 gramov.","breadcrumb":{"@id":"https:\/\/www.travel-slovenia.si\/slo\/slovenski-meteorit\/#breadcrumb"},"inLanguage":"sl-SI","potentialAction":[{"@type":"ReadAction","target":["https:\/\/www.travel-slovenia.si\/slo\/slovenski-meteorit\/"]}]},{"@type":"ImageObject","inLanguage":"sl-SI","@id":"https:\/\/www.travel-slovenia.si\/slo\/slovenski-meteorit\/#primaryimage","url":"https:\/\/www.travel-slovenia.si\/slo\/wp-content\/uploads\/2017\/03\/travel-slovenia-avski-meteorit.jpg","contentUrl":"https:\/\/www.travel-slovenia.si\/slo\/wp-content\/uploads\/2017\/03\/travel-slovenia-avski-meteorit.jpg","width":400,"height":266,"caption":"Av\u0161ki meteorit"},{"@type":"BreadcrumbList","@id":"https:\/\/www.travel-slovenia.si\/slo\/slovenski-meteorit\/#breadcrumb","itemListElement":[{"@type":"ListItem","position":1,"name":"Home","item":"https:\/\/www.travel-slovenia.si\/slo\/"},{"@type":"ListItem","position":2,"name":"Slovenski meteorit"}]},{"@type":"WebSite","@id":"https:\/\/www.travel-slovenia.si\/slo\/#website","url":"https:\/\/www.travel-slovenia.si\/slo\/","name":"Travel Slovenia - Sledite lepotam na\u0161e male dr\u017eavice","description":"","potentialAction":[{"@type":"SearchAction","target":{"@type":"EntryPoint","urlTemplate":"https:\/\/www.travel-slovenia.si\/slo\/?s={search_term_string}"},"query-input":{"@type":"PropertyValueSpecification","valueRequired":true,"valueName":"search_term_string"}}],"inLanguage":"sl-SI"}]}},"post_mailing_queue_ids":[],"_links":{"self":[{"href":"https:\/\/www.travel-slovenia.si\/slo\/wp-json\/wp\/v2\/pages\/6547","targetHints":{"allow":["GET"]}}],"collection":[{"href":"https:\/\/www.travel-slovenia.si\/slo\/wp-json\/wp\/v2\/pages"}],"about":[{"href":"https:\/\/www.travel-slovenia.si\/slo\/wp-json\/wp\/v2\/types\/page"}],"author":[{"embeddable":true,"href":"https:\/\/www.travel-slovenia.si\/slo\/wp-json\/wp\/v2\/users\/111"}],"replies":[{"embeddable":true,"href":"https:\/\/www.travel-slovenia.si\/slo\/wp-json\/wp\/v2\/comments?post=6547"}],"version-history":[{"count":1,"href":"https:\/\/www.travel-slovenia.si\/slo\/wp-json\/wp\/v2\/pages\/6547\/revisions"}],"predecessor-version":[{"id":6552,"href":"https:\/\/www.travel-slovenia.si\/slo\/wp-json\/wp\/v2\/pages\/6547\/revisions\/6552"}],"wp:attachment":[{"href":"https:\/\/www.travel-slovenia.si\/slo\/wp-json\/wp\/v2\/media?parent=6547"}],"curies":[{"name":"wp","href":"https:\/\/api.w.org\/{rel}","templated":true}]}}