{"id":6512,"date":"2017-03-26T13:43:28","date_gmt":"2017-03-26T11:43:28","guid":{"rendered":"https:\/\/www.travel-slovenia.si\/slo\/?page_id=6512"},"modified":"2017-03-26T13:43:28","modified_gmt":"2017-03-26T11:43:28","slug":"tolminski-kmecki-upor","status":"publish","type":"page","link":"https:\/\/www.travel-slovenia.si\/slo\/tolminski-kmecki-upor\/","title":{"rendered":"Tolminski kme\u010dki upor"},"content":{"rendered":"<figure id=\"attachment_6514\" class=\"wp-caption alignleft\" style=\"max-width: 300px\"><img loading=\"lazy\" decoding=\"async\" class=\"size-medium wp-image-6514\" src=\"https:\/\/www.travel-slovenia.si\/slo\/wp-content\/uploads\/2017\/03\/Gorica-v-XVIII-stoletju-po-Merianu-300x194.jpg\" alt=\"\" width=\"300\" height=\"194\" srcset=\"https:\/\/www.travel-slovenia.si\/slo\/wp-content\/uploads\/2017\/03\/Gorica-v-XVIII-stoletju-po-Merianu-300x194.jpg 300w, https:\/\/www.travel-slovenia.si\/slo\/wp-content\/uploads\/2017\/03\/Gorica-v-XVIII-stoletju-po-Merianu-232x150.jpg 232w, https:\/\/www.travel-slovenia.si\/slo\/wp-content\/uploads\/2017\/03\/Gorica-v-XVIII-stoletju-po-Merianu-24x15.jpg 24w, https:\/\/www.travel-slovenia.si\/slo\/wp-content\/uploads\/2017\/03\/Gorica-v-XVIII-stoletju-po-Merianu-36x23.jpg 36w, https:\/\/www.travel-slovenia.si\/slo\/wp-content\/uploads\/2017\/03\/Gorica-v-XVIII-stoletju-po-Merianu-48x31.jpg 48w, https:\/\/www.travel-slovenia.si\/slo\/wp-content\/uploads\/2017\/03\/Gorica-v-XVIII-stoletju-po-Merianu.jpg 400w\" sizes=\"auto, (max-width: 300px) 100vw, 300px\" \/><figcaption class=\"wp-caption-text\">Gorica v 17. stoletju po Merianu<\/figcaption><\/figure>\n<p style=\"text-align: justify;\">Tolminski kme\u010dki upor se je za\u010del 27. marca 1713 in je zadnji v vrsti velikih kme\u010dkih uporov na Slovenskem pred reformami Marije Terezije in Jo\u017eefa II. Na Slovenskem je v 15. in 16. stoletju od kmetijstva \u017eivelo okoli 95% prebivalstva. A njihov socialni polo\u017eaj je postajal vedno slab\u0161i, zaradi tur\u0161kih vpadov in vojn, bolezni in ve\u010danja davkov. V obdobju 250 let je pri\u0161lo do pribli\u017eno 140 manj\u0161ih in krajevnih uporov ter do petih ve\u010djih in pomembnej\u0161ih. Med pomembnej\u0161e in velike kme\u010dke upore \u0161tejemo koro\u0161ki upor leta 1478, vseslovenski upor leta 1515, hrva\u0161ko-slovenski upor leta 1573, drugi vseslovenski upor leta 1635 in tolminski upor leta 1713.<\/p>\n<p style=\"text-align: justify;\">Novim dr\u017eavnim davkom, davek na meso in vino, so se upirali kmetje na Gori\u0161kem in delno na Kranjskem (gospostva Devin, Novi grad in Socerb). Tolminski kmetje pa so bili \u017ee dalj \u010dasa v sporu s tolminskim glavarjem grofom Jakobom Antonom Coroninijem. Tu je davke samovoljno in z uporabo nasilja pobiral tedanji gori\u0161ki pisar Jakob Bandel. Bil je zelo strog, obenem pa je pobiral ve\u010d kot je zahtevala dr\u017eava, saj je bogatel na ra\u010dun kmetov. Ravno on je leta 1713 zaprl skupino Tolmincev, s \u010dimer pa je pospe\u0161il nastanek kme\u010dke zveze oziroma punte in povzro\u010dil pohod tolminskega in kanalskega gospostva nad Gorico, 27. marca 1713. Kme\u010dki upor je pripravljal Ivan Miklav\u010di\u010d, nekateri viri navajajo, da je sodeloval tudi Ivan Gradnik s pomo\u010dniki Gregorjem Kobalom, Lovrencem Kraguljem, Martinom Munihom in Andrejem Laharnarjem. Pridru\u017eili so se jim tudi kmetje iz okolice Gorice. Ravno ta pohod je spro\u017eil vrsto uporov, saj so upori sledili v Brdih, na \u010cepovanskem, upirati se za\u010dnejo tudi Brkinci, idrijski rudarji, \u017dirovci in kmetje v rihember\u0161kem, \u0161tanjelskem in svetokri\u0161kem gospostvu. Do najve\u010djega spopada med oblastjo in kmeti je pri\u0161lo v Solkanu junija 1713, a je oblast upor nasilno zatrla.<\/p>\n<figure id=\"attachment_6519\" class=\"wp-caption aligncenter\" style=\"max-width: 600px\"><img loading=\"lazy\" decoding=\"async\" class=\"size-full wp-image-6519\" src=\"https:\/\/www.travel-slovenia.si\/slo\/wp-content\/uploads\/2017\/03\/travel-slovenia-tolminski-kmecki-upor-srecanje.jpg\" alt=\"\" width=\"600\" height=\"287\" srcset=\"https:\/\/www.travel-slovenia.si\/slo\/wp-content\/uploads\/2017\/03\/travel-slovenia-tolminski-kmecki-upor-srecanje.jpg 600w, https:\/\/www.travel-slovenia.si\/slo\/wp-content\/uploads\/2017\/03\/travel-slovenia-tolminski-kmecki-upor-srecanje-300x144.jpg 300w, https:\/\/www.travel-slovenia.si\/slo\/wp-content\/uploads\/2017\/03\/travel-slovenia-tolminski-kmecki-upor-srecanje-24x11.jpg 24w, https:\/\/www.travel-slovenia.si\/slo\/wp-content\/uploads\/2017\/03\/travel-slovenia-tolminski-kmecki-upor-srecanje-36x17.jpg 36w, https:\/\/www.travel-slovenia.si\/slo\/wp-content\/uploads\/2017\/03\/travel-slovenia-tolminski-kmecki-upor-srecanje-48x23.jpg 48w\" sizes=\"auto, (max-width: 600px) 100vw, 600px\" \/><figcaption class=\"wp-caption-text\">Sre\u010danje grofa s tolminskimi puntarji v Solkanu (Tone Kralj, 1972)<\/figcaption><\/figure>\n<h3>POTEK UPORA<\/h3>\n<p style=\"text-align: justify;\">27. marca 1714 se je zbralo 500 Tolmincev za pohod na Gorico in osvoboditev zaprtih kmetov. Na pohodu na Gorico jih je v Solkanu prestregel namestnik de\u017eelnega glavarja Strassoldo s \u010deto konjenikov ter jih na lep na\u010din \u017eelel odvrniti od njihove namere. Tolminci so \u017eeleli videti priprte rojake, nato pa so se bili pripravljeni pogajati. Ob tem jih je Stassoldo napadel, zajel \u0161e petindvajset kmetov, ostale pa razgnal. To je Bandla tako prestra\u0161ilo, da je odstopil z mesta na gori\u0161kem gradu.<\/p>\n<figure id=\"attachment_6515\" class=\"wp-caption alignright\" style=\"max-width: 300px\"><img loading=\"lazy\" decoding=\"async\" class=\"size-medium wp-image-6515\" src=\"https:\/\/www.travel-slovenia.si\/slo\/wp-content\/uploads\/2017\/03\/travel-slovenia-devinski-grad-300x179.jpg\" alt=\"\" width=\"300\" height=\"179\" srcset=\"https:\/\/www.travel-slovenia.si\/slo\/wp-content\/uploads\/2017\/03\/travel-slovenia-devinski-grad-300x179.jpg 300w, https:\/\/www.travel-slovenia.si\/slo\/wp-content\/uploads\/2017\/03\/travel-slovenia-devinski-grad-24x14.jpg 24w, https:\/\/www.travel-slovenia.si\/slo\/wp-content\/uploads\/2017\/03\/travel-slovenia-devinski-grad-36x22.jpg 36w, https:\/\/www.travel-slovenia.si\/slo\/wp-content\/uploads\/2017\/03\/travel-slovenia-devinski-grad-48x29.jpg 48w, https:\/\/www.travel-slovenia.si\/slo\/wp-content\/uploads\/2017\/03\/travel-slovenia-devinski-grad.jpg 400w\" sizes=\"auto, (max-width: 300px) 100vw, 300px\" \/><figcaption class=\"wp-caption-text\">Devinski grad &#8211; na desni je grad v razvalinah, v ozadju Trst<\/figcaption><\/figure>\n<p style=\"text-align: justify;\">Naslednji dan se kmetom pridru\u017eijo \u0161e brambovci in skupaj pre\u017eenejo mu\u0161ketirje. Tako so Tolminci okoli poldneva pri\u0161li na trg oboro\u017eeni z gorja\u010dami, me\u010di, sabljami, pu\u0161kami in drugimi vrstami kme\u010dkega orodja ter oro\u017eja. S tem so grad odrezali od oro\u017earne na gradu in mo\u017enost obrambe, zaradi \u010desar je pri\u0161lo do pogajanj, ki jih je vodil mestni sodnik Brunetti v imenu Strassolda. Na za\u010detku so zahtevali izpustitev ujetih kmetov, a ob prihodu drugih kmetov so svoje zahteve \u0161e zaostrili. Zahtevali so popolno osvoboditev od davkov in razdejali Bandelovo hi\u0161o. V strahu pred novim razdejanjem jim je sodnik izro\u010dil ujetnike pod pogojem, da se vrnejo v svoj kraj. V mestu je ostalo nekaj kmetov, hkrati pa je pri\u0161lo \u0161e nekaj sto vojakov.<\/p>\n<p style=\"text-align: justify;\">Dva dni kasneje, 29. marca 1713 je okoli 1000 upornikov napadlo mitnico v Kobaridu ter zahtevali pisno potrdilo o odpravi novih mitnin. V nekaj tednih so se izbruhi umirili, najverjetneje zaradi prihoda pomladi in nujnega dela na poljih. A se je upor nenapovedano raz\u0161iril ob koncu aprila za\u010detku maja s severa de\u017eele do Tr\u017ea\u0161kega krasa. \u0160lo je za organizirano gibanje, organizirali pa so ga Tolminci. Sledita napada na mitnici v Kanalu in Ro\u010dinju, kot tudi napad na podru\u017enico de\u017eelnega gozdnega mojstra. Upor se tako raz\u0161iri v Brda, kjer so puntarji napadli kmetje, ker se niso \u017eeleli pridru\u017eiti uporu. Pri\u0161lo je do prvih treh smrtnih \u017ertev.<\/p>\n<figure id=\"attachment_6520\" class=\"wp-caption alignleft\" style=\"max-width: 300px\"><img loading=\"lazy\" decoding=\"async\" class=\"size-medium wp-image-6520\" src=\"https:\/\/www.travel-slovenia.si\/slo\/wp-content\/uploads\/2017\/03\/travel-slovenia-Tolmin-upor-300x210.jpg\" alt=\"\" width=\"300\" height=\"210\" srcset=\"https:\/\/www.travel-slovenia.si\/slo\/wp-content\/uploads\/2017\/03\/travel-slovenia-Tolmin-upor-300x210.jpg 300w, https:\/\/www.travel-slovenia.si\/slo\/wp-content\/uploads\/2017\/03\/travel-slovenia-Tolmin-upor-24x17.jpg 24w, https:\/\/www.travel-slovenia.si\/slo\/wp-content\/uploads\/2017\/03\/travel-slovenia-Tolmin-upor-36x25.jpg 36w, https:\/\/www.travel-slovenia.si\/slo\/wp-content\/uploads\/2017\/03\/travel-slovenia-Tolmin-upor-48x34.jpg 48w, https:\/\/www.travel-slovenia.si\/slo\/wp-content\/uploads\/2017\/03\/travel-slovenia-Tolmin-upor.jpg 400w\" sizes=\"auto, (max-width: 300px) 100vw, 300px\" \/><figcaption class=\"wp-caption-text\">Tolmin<\/figcaption><\/figure>\n<p style=\"text-align: justify;\">3. maja so v Idriji oplenili \u017eupni\u0161\u010de, zaradi \u010desar so se pri\u010deli kazati znaki uporni\u0161tva med rudarji. A jih je upravitelj rudnika pomiril s tem, da jih je oprostil pla\u010devanja davka na tobak. Uporni\u0161ki kmetje so tako ustanovili kme\u010dko zvezo in se zavezali, da se ne bodo pokorili zemlji\u0161kim gospodom. Zveza je tako pri\u010dela pobirati puntarski davek, plemi\u010dem pa pokazali, da ne bodo ve\u010d pla\u010devali stare pravde, da raje pri\u010dnejo vojno. Stassoldo je kme\u010dko organizacijo prepovedal, a kot posledica te prepovedi se je v Braniku zbralo 3000 ljudi, kjer razglasijo svojega cesarja in glavarja.<\/p>\n<p style=\"text-align: justify;\">V tr\u017ea\u0161kem mestu Devin je okoli 700 kmetov napadlo grad, so jih s topovi ustavili. Nekaj jih je ob tem napadu tudi umrlo. Upor se je s Tolminskega raz\u0161iril v Kanal, Rihenberk, \u0160tanjel, Devin, Socerb, Novi grad in na spodnji Kras. Zdru\u017eilo se je ve\u010d kot 750 \u017eupanov ali va\u0161kih sodnikov. Zaradi strahu in varovanja lastnega premo\u017eenja je plemstvo pri\u010delo na dvor po\u0161iljati pro\u0161nje za pomo\u010d pri obrambi. Na povelje cesarjevega dvornega vojnega sveta so na Tolminsko \u0161ele 17. maja poslali 600 mo\u017e redne nem\u0161ke pehote in 200 konjenikov.<\/p>\n<p style=\"text-align: justify;\">20. maja je prihod 600 kraj\u0161nikov iz Karlovca in Senja na Gori\u0161kem napovedal \u0161e de\u017eelni vojni komisar, ki so v prvem tednu julija naprej zatrli upornike v Rihemberku. 14. julija so se pri spopadli s kmeti, kjer so bili pora\u017eeni. Pora\u017eeni kmetje se tako vrnejo na svoje domove.<\/p>\n<h3>PO KONCU UPORA<\/h3>\n<figure id=\"attachment_6516\" class=\"wp-caption alignright\" style=\"max-width: 300px\"><img loading=\"lazy\" decoding=\"async\" class=\"size-medium wp-image-6516\" src=\"https:\/\/www.travel-slovenia.si\/slo\/wp-content\/uploads\/2017\/03\/travel-slovenia-grad-nad-rihemberkom-300x214.jpg\" alt=\"\" width=\"300\" height=\"214\" srcset=\"https:\/\/www.travel-slovenia.si\/slo\/wp-content\/uploads\/2017\/03\/travel-slovenia-grad-nad-rihemberkom-300x214.jpg 300w, https:\/\/www.travel-slovenia.si\/slo\/wp-content\/uploads\/2017\/03\/travel-slovenia-grad-nad-rihemberkom-24x17.jpg 24w, https:\/\/www.travel-slovenia.si\/slo\/wp-content\/uploads\/2017\/03\/travel-slovenia-grad-nad-rihemberkom-36x26.jpg 36w, https:\/\/www.travel-slovenia.si\/slo\/wp-content\/uploads\/2017\/03\/travel-slovenia-grad-nad-rihemberkom-48x34.jpg 48w, https:\/\/www.travel-slovenia.si\/slo\/wp-content\/uploads\/2017\/03\/travel-slovenia-grad-nad-rihemberkom.jpg 400w\" sizes=\"auto, (max-width: 300px) 100vw, 300px\" \/><figcaption class=\"wp-caption-text\">Grad nad Rihemberkom, dana\u0161njim Branikom<\/figcaption><\/figure>\n<p style=\"text-align: justify;\">Ker so kmetje na koncu upor izgubili so navadni kmetje morali ponovno prise\u010di zvestobo in se za vedno odre\u010di uporu. Sledile so denarne kazni in odvzem pravice za volitev \u017eupana. Del puntarskih voditeljev je uspel zbe\u017eati in cesarska komisija jih je s tiralicami iskala po Gori\u0161kem in Kranjskem vse do konca septembra. Nekaterim so premo\u017eenje zaplenili \u017ee med iskanjem. Januarja 1714 so ujeli Ivana Gradnika. 150 Tolmincev so obsodili na zaporne kazni, 11 vodilnih upornikov pa so obsodili na smrt. Usmrtili so jih 20., 21. in 23. aprila 1714 na travniku v Gorici. 20. aprila usmrtijo Ivana Miklav\u010di\u010da oziroma Ivana Gradnika, Gregorja Kobala, Lovrenca Kragulja in Martina Muniha. Ivana Gradnika kot poklicnega vojaka niso raz\u010detverili. Naprej so mu odsekali roko, ga obglavili in izpostavili na mu\u010dilnem kolesu na travniku. 21. aprila so usmrtili Mihaela Baloha, Jakoba Velikonjo, Jakoba Grudna in Toneta Pav\u0161lerja. 23. aprila usmrtijo \u0161e Mateja Podgornika, Andreja Laharnarja in Valentina Lapajno. Na Dunaju \u0161e danes hranijo dokument z informacijami o obto\u017ebah in usmrtitvah. Do dokon\u010dne obsodbe je pri\u0161lo leta 1716, takrat se izpustili vse zaprte kmete.\u00a0 Duhovniki, ki so vzpodbujali k uporu so bili izgnani s celotne Gori\u0161ke.<\/p>\n<p>&nbsp;<\/p>\n<table>\n<tbody>\n<tr>\n<td style=\"text-align: center;\"><a href=\"https:\/\/www.travel-slovenia.si\/slo\/na-danasnji-dan\/\"><img loading=\"lazy\" decoding=\"async\" class=\"alignleft wp-image-4499 size-full\" src=\"https:\/\/www.travel-slovenia.si\/slo\/wp-content\/uploads\/2014\/09\/travel-slovenia-povezava-na-drugo.jpg\" alt=\"travel-slovenia-povezava-na-drugo\" width=\"128\" height=\"22\" srcset=\"https:\/\/www.travel-slovenia.si\/slo\/wp-content\/uploads\/2014\/09\/travel-slovenia-povezava-na-drugo.jpg 128w, https:\/\/www.travel-slovenia.si\/slo\/wp-content\/uploads\/2014\/09\/travel-slovenia-povezava-na-drugo-24x4.jpg 24w, https:\/\/www.travel-slovenia.si\/slo\/wp-content\/uploads\/2014\/09\/travel-slovenia-povezava-na-drugo-36x6.jpg 36w, https:\/\/www.travel-slovenia.si\/slo\/wp-content\/uploads\/2014\/09\/travel-slovenia-povezava-na-drugo-48x8.jpg 48w\" sizes=\"auto, (max-width: 128px) 100vw, 128px\" \/><\/a><a href=\"https:\/\/www.travel-slovenia.si\/slo\/na-danasnji-dan\/\">Poglejte \u0161e druge pomembne dogodke!<\/a><a href=\"https:\/\/www.travel-slovenia.si\/slo\/na-danasnji-dan\/\"><img loading=\"lazy\" decoding=\"async\" class=\"alignright wp-image-4500 size-full\" src=\"https:\/\/www.travel-slovenia.si\/slo\/wp-content\/uploads\/2014\/09\/travel-slovenia-povezava-na-drugo2.jpg\" alt=\"travel-slovenia-povezava-na-drugo2\" width=\"128\" height=\"22\" srcset=\"https:\/\/www.travel-slovenia.si\/slo\/wp-content\/uploads\/2014\/09\/travel-slovenia-povezava-na-drugo2.jpg 128w, https:\/\/www.travel-slovenia.si\/slo\/wp-content\/uploads\/2014\/09\/travel-slovenia-povezava-na-drugo2-24x4.jpg 24w, https:\/\/www.travel-slovenia.si\/slo\/wp-content\/uploads\/2014\/09\/travel-slovenia-povezava-na-drugo2-36x6.jpg 36w, https:\/\/www.travel-slovenia.si\/slo\/wp-content\/uploads\/2014\/09\/travel-slovenia-povezava-na-drugo2-48x8.jpg 48w\" sizes=\"auto, (max-width: 128px) 100vw, 128px\" \/><\/a><\/td>\n<\/tr>\n<\/tbody>\n<\/table>\n","protected":false},"excerpt":{"rendered":"<p>Tolminski kme\u010dki upor se je za\u010del 27. marca 1713 in je zadnji v vrsti velikih kme\u010dkih uporov na Slovenskem pred reformami Marije Terezije in Jo\u017eefa II. Na Slovenskem je v 15. in 16. stoletju od kmetijstva \u017eivelo okoli 95% prebivalstva. A njihov socialni polo\u017eaj je postajal vedno slab\u0161i, zaradi tur\u0161kih vpadov in vojn, bolezni in [&hellip;]<\/p>\n","protected":false},"author":111,"featured_media":0,"parent":0,"menu_order":0,"comment_status":"closed","ping_status":"closed","template":"","meta":{"footnotes":""},"class_list":["post-6512","page","type-page","status-publish","hentry"],"yoast_head":"<!-- This site is optimized with the Yoast SEO plugin v25.4 - https:\/\/yoast.com\/wordpress\/plugins\/seo\/ -->\n<title>Tolminski kme\u010dki upor : Travel-Slovenia<\/title>\n<meta name=\"description\" content=\"Tolminski kme\u010dki upor se je za\u010del 27. marca 1713 in je zadnji v vrsti velikih kme\u010dkih uporov na Slovenskem pred reformami Marije Terezije in Jo\u017eefa II.\" \/>\n<meta name=\"robots\" content=\"index, follow, max-snippet:-1, max-image-preview:large, max-video-preview:-1\" \/>\n<link rel=\"canonical\" href=\"https:\/\/www.travel-slovenia.si\/slo\/tolminski-kmecki-upor\/\" \/>\n<meta property=\"og:locale\" content=\"sl_SI\" \/>\n<meta property=\"og:type\" content=\"article\" \/>\n<meta property=\"og:title\" content=\"Tolminski kme\u010dki upor : Travel-Slovenia\" \/>\n<meta property=\"og:description\" content=\"Tolminski kme\u010dki upor se je za\u010del 27. marca 1713 in je zadnji v vrsti velikih kme\u010dkih uporov na Slovenskem pred reformami Marije Terezije in Jo\u017eefa II.\" \/>\n<meta property=\"og:url\" content=\"https:\/\/www.travel-slovenia.si\/slo\/tolminski-kmecki-upor\/\" \/>\n<meta property=\"og:site_name\" content=\"Travel Slovenia - Sledite lepotam na\u0161e male dr\u017eavice\" \/>\n<meta property=\"og:image\" content=\"https:\/\/www.travel-slovenia.si\/slo\/wp-content\/uploads\/2017\/03\/travel-slovenia-tolminski-kmecki-upor-srecanje.jpg\" \/>\n\t<meta property=\"og:image:width\" content=\"600\" \/>\n\t<meta property=\"og:image:height\" content=\"287\" \/>\n\t<meta property=\"og:image:type\" content=\"image\/jpeg\" \/>\n<meta name=\"twitter:card\" content=\"summary_large_image\" \/>\n<meta name=\"twitter:title\" content=\"Tolminski kme\u010dki upor : Travel-Slovenia\" \/>\n<meta name=\"twitter:description\" content=\"Tolminski kme\u010dki upor se je za\u010del 27. marca 1713 in je zadnji v vrsti velikih kme\u010dkih uporov na Slovenskem pred reformami Marije Terezije in Jo\u017eefa II.\" \/>\n<meta name=\"twitter:image\" content=\"https:\/\/www.travel-slovenia.si\/slo\/wp-content\/uploads\/2017\/03\/travel-slovenia-tolminski-kmecki-upor-srecanje.jpg\" \/>\n<meta name=\"twitter:label1\" content=\"Est. reading time\" \/>\n\t<meta name=\"twitter:data1\" content=\"6 minut\" \/>\n<script type=\"application\/ld+json\" class=\"yoast-schema-graph\">{\"@context\":\"https:\/\/schema.org\",\"@graph\":[{\"@type\":\"WebPage\",\"@id\":\"https:\/\/www.travel-slovenia.si\/slo\/tolminski-kmecki-upor\/\",\"url\":\"https:\/\/www.travel-slovenia.si\/slo\/tolminski-kmecki-upor\/\",\"name\":\"Tolminski kme\u010dki upor : Travel-Slovenia\",\"isPartOf\":{\"@id\":\"https:\/\/www.travel-slovenia.si\/slo\/#website\"},\"primaryImageOfPage\":{\"@id\":\"https:\/\/www.travel-slovenia.si\/slo\/tolminski-kmecki-upor\/#primaryimage\"},\"image\":{\"@id\":\"https:\/\/www.travel-slovenia.si\/slo\/tolminski-kmecki-upor\/#primaryimage\"},\"thumbnailUrl\":\"https:\/\/www.travel-slovenia.si\/slo\/wp-content\/uploads\/2017\/03\/Gorica-v-XVIII-stoletju-po-Merianu-300x194.jpg\",\"datePublished\":\"2017-03-26T11:43:28+00:00\",\"description\":\"Tolminski kme\u010dki upor se je za\u010del 27. marca 1713 in je zadnji v vrsti velikih kme\u010dkih uporov na Slovenskem pred reformami Marije Terezije in Jo\u017eefa II.\",\"breadcrumb\":{\"@id\":\"https:\/\/www.travel-slovenia.si\/slo\/tolminski-kmecki-upor\/#breadcrumb\"},\"inLanguage\":\"sl-SI\",\"potentialAction\":[{\"@type\":\"ReadAction\",\"target\":[\"https:\/\/www.travel-slovenia.si\/slo\/tolminski-kmecki-upor\/\"]}]},{\"@type\":\"ImageObject\",\"inLanguage\":\"sl-SI\",\"@id\":\"https:\/\/www.travel-slovenia.si\/slo\/tolminski-kmecki-upor\/#primaryimage\",\"url\":\"https:\/\/www.travel-slovenia.si\/slo\/wp-content\/uploads\/2017\/03\/Gorica-v-XVIII-stoletju-po-Merianu.jpg\",\"contentUrl\":\"https:\/\/www.travel-slovenia.si\/slo\/wp-content\/uploads\/2017\/03\/Gorica-v-XVIII-stoletju-po-Merianu.jpg\",\"width\":400,\"height\":258,\"caption\":\"Gorica v 17. stoletju po Merianu\"},{\"@type\":\"BreadcrumbList\",\"@id\":\"https:\/\/www.travel-slovenia.si\/slo\/tolminski-kmecki-upor\/#breadcrumb\",\"itemListElement\":[{\"@type\":\"ListItem\",\"position\":1,\"name\":\"Home\",\"item\":\"https:\/\/www.travel-slovenia.si\/slo\/\"},{\"@type\":\"ListItem\",\"position\":2,\"name\":\"Tolminski kme\u010dki upor\"}]},{\"@type\":\"WebSite\",\"@id\":\"https:\/\/www.travel-slovenia.si\/slo\/#website\",\"url\":\"https:\/\/www.travel-slovenia.si\/slo\/\",\"name\":\"Travel Slovenia - Sledite lepotam na\u0161e male dr\u017eavice\",\"description\":\"\",\"potentialAction\":[{\"@type\":\"SearchAction\",\"target\":{\"@type\":\"EntryPoint\",\"urlTemplate\":\"https:\/\/www.travel-slovenia.si\/slo\/?s={search_term_string}\"},\"query-input\":{\"@type\":\"PropertyValueSpecification\",\"valueRequired\":true,\"valueName\":\"search_term_string\"}}],\"inLanguage\":\"sl-SI\"}]}<\/script>\n<!-- \/ Yoast SEO plugin. -->","yoast_head_json":{"title":"Tolminski kme\u010dki upor : Travel-Slovenia","description":"Tolminski kme\u010dki upor se je za\u010del 27. marca 1713 in je zadnji v vrsti velikih kme\u010dkih uporov na Slovenskem pred reformami Marije Terezije in Jo\u017eefa II.","robots":{"index":"index","follow":"follow","max-snippet":"max-snippet:-1","max-image-preview":"max-image-preview:large","max-video-preview":"max-video-preview:-1"},"canonical":"https:\/\/www.travel-slovenia.si\/slo\/tolminski-kmecki-upor\/","og_locale":"sl_SI","og_type":"article","og_title":"Tolminski kme\u010dki upor : Travel-Slovenia","og_description":"Tolminski kme\u010dki upor se je za\u010del 27. marca 1713 in je zadnji v vrsti velikih kme\u010dkih uporov na Slovenskem pred reformami Marije Terezije in Jo\u017eefa II.","og_url":"https:\/\/www.travel-slovenia.si\/slo\/tolminski-kmecki-upor\/","og_site_name":"Travel Slovenia - Sledite lepotam na\u0161e male dr\u017eavice","og_image":[{"width":600,"height":287,"url":"https:\/\/www.travel-slovenia.si\/slo\/wp-content\/uploads\/2017\/03\/travel-slovenia-tolminski-kmecki-upor-srecanje.jpg","type":"image\/jpeg"}],"twitter_card":"summary_large_image","twitter_title":"Tolminski kme\u010dki upor : Travel-Slovenia","twitter_description":"Tolminski kme\u010dki upor se je za\u010del 27. marca 1713 in je zadnji v vrsti velikih kme\u010dkih uporov na Slovenskem pred reformami Marije Terezije in Jo\u017eefa II.","twitter_image":"https:\/\/www.travel-slovenia.si\/slo\/wp-content\/uploads\/2017\/03\/travel-slovenia-tolminski-kmecki-upor-srecanje.jpg","twitter_misc":{"Est. reading time":"6 minut"},"schema":{"@context":"https:\/\/schema.org","@graph":[{"@type":"WebPage","@id":"https:\/\/www.travel-slovenia.si\/slo\/tolminski-kmecki-upor\/","url":"https:\/\/www.travel-slovenia.si\/slo\/tolminski-kmecki-upor\/","name":"Tolminski kme\u010dki upor : Travel-Slovenia","isPartOf":{"@id":"https:\/\/www.travel-slovenia.si\/slo\/#website"},"primaryImageOfPage":{"@id":"https:\/\/www.travel-slovenia.si\/slo\/tolminski-kmecki-upor\/#primaryimage"},"image":{"@id":"https:\/\/www.travel-slovenia.si\/slo\/tolminski-kmecki-upor\/#primaryimage"},"thumbnailUrl":"https:\/\/www.travel-slovenia.si\/slo\/wp-content\/uploads\/2017\/03\/Gorica-v-XVIII-stoletju-po-Merianu-300x194.jpg","datePublished":"2017-03-26T11:43:28+00:00","description":"Tolminski kme\u010dki upor se je za\u010del 27. marca 1713 in je zadnji v vrsti velikih kme\u010dkih uporov na Slovenskem pred reformami Marije Terezije in Jo\u017eefa II.","breadcrumb":{"@id":"https:\/\/www.travel-slovenia.si\/slo\/tolminski-kmecki-upor\/#breadcrumb"},"inLanguage":"sl-SI","potentialAction":[{"@type":"ReadAction","target":["https:\/\/www.travel-slovenia.si\/slo\/tolminski-kmecki-upor\/"]}]},{"@type":"ImageObject","inLanguage":"sl-SI","@id":"https:\/\/www.travel-slovenia.si\/slo\/tolminski-kmecki-upor\/#primaryimage","url":"https:\/\/www.travel-slovenia.si\/slo\/wp-content\/uploads\/2017\/03\/Gorica-v-XVIII-stoletju-po-Merianu.jpg","contentUrl":"https:\/\/www.travel-slovenia.si\/slo\/wp-content\/uploads\/2017\/03\/Gorica-v-XVIII-stoletju-po-Merianu.jpg","width":400,"height":258,"caption":"Gorica v 17. stoletju po Merianu"},{"@type":"BreadcrumbList","@id":"https:\/\/www.travel-slovenia.si\/slo\/tolminski-kmecki-upor\/#breadcrumb","itemListElement":[{"@type":"ListItem","position":1,"name":"Home","item":"https:\/\/www.travel-slovenia.si\/slo\/"},{"@type":"ListItem","position":2,"name":"Tolminski kme\u010dki upor"}]},{"@type":"WebSite","@id":"https:\/\/www.travel-slovenia.si\/slo\/#website","url":"https:\/\/www.travel-slovenia.si\/slo\/","name":"Travel Slovenia - Sledite lepotam na\u0161e male dr\u017eavice","description":"","potentialAction":[{"@type":"SearchAction","target":{"@type":"EntryPoint","urlTemplate":"https:\/\/www.travel-slovenia.si\/slo\/?s={search_term_string}"},"query-input":{"@type":"PropertyValueSpecification","valueRequired":true,"valueName":"search_term_string"}}],"inLanguage":"sl-SI"}]}},"post_mailing_queue_ids":[],"_links":{"self":[{"href":"https:\/\/www.travel-slovenia.si\/slo\/wp-json\/wp\/v2\/pages\/6512","targetHints":{"allow":["GET"]}}],"collection":[{"href":"https:\/\/www.travel-slovenia.si\/slo\/wp-json\/wp\/v2\/pages"}],"about":[{"href":"https:\/\/www.travel-slovenia.si\/slo\/wp-json\/wp\/v2\/types\/page"}],"author":[{"embeddable":true,"href":"https:\/\/www.travel-slovenia.si\/slo\/wp-json\/wp\/v2\/users\/111"}],"replies":[{"embeddable":true,"href":"https:\/\/www.travel-slovenia.si\/slo\/wp-json\/wp\/v2\/comments?post=6512"}],"version-history":[{"count":1,"href":"https:\/\/www.travel-slovenia.si\/slo\/wp-json\/wp\/v2\/pages\/6512\/revisions"}],"predecessor-version":[{"id":6521,"href":"https:\/\/www.travel-slovenia.si\/slo\/wp-json\/wp\/v2\/pages\/6512\/revisions\/6521"}],"wp:attachment":[{"href":"https:\/\/www.travel-slovenia.si\/slo\/wp-json\/wp\/v2\/media?parent=6512"}],"curies":[{"name":"wp","href":"https:\/\/api.w.org\/{rel}","templated":true}]}}