{"id":6498,"date":"2017-03-21T23:19:32","date_gmt":"2017-03-21T22:19:32","guid":{"rendered":"https:\/\/www.travel-slovenia.si\/slo\/?page_id=6498"},"modified":"2017-03-21T23:21:11","modified_gmt":"2017-03-21T22:21:11","slug":"kekec","status":"publish","type":"page","link":"https:\/\/www.travel-slovenia.si\/slo\/kekec\/","title":{"rendered":"Kekec"},"content":{"rendered":"<figure id=\"attachment_6504\" class=\"wp-caption alignleft\" style=\"max-width: 300px\"><img loading=\"lazy\" decoding=\"async\" class=\"size-medium wp-image-6504\" src=\"https:\/\/www.travel-slovenia.si\/slo\/wp-content\/uploads\/2017\/03\/travel-slovenia-kekec1-300x212.jpg\" alt=\"\" width=\"300\" height=\"212\" srcset=\"https:\/\/www.travel-slovenia.si\/slo\/wp-content\/uploads\/2017\/03\/travel-slovenia-kekec1-300x212.jpg 300w, https:\/\/www.travel-slovenia.si\/slo\/wp-content\/uploads\/2017\/03\/travel-slovenia-kekec1-24x17.jpg 24w, https:\/\/www.travel-slovenia.si\/slo\/wp-content\/uploads\/2017\/03\/travel-slovenia-kekec1-36x25.jpg 36w, https:\/\/www.travel-slovenia.si\/slo\/wp-content\/uploads\/2017\/03\/travel-slovenia-kekec1-48x34.jpg 48w, https:\/\/www.travel-slovenia.si\/slo\/wp-content\/uploads\/2017\/03\/travel-slovenia-kekec1.jpg 400w\" sizes=\"auto, (max-width: 300px) 100vw, 300px\" \/><figcaption class=\"wp-caption-text\">Slovenski film Kekec<\/figcaption><\/figure>\n<p style=\"text-align: justify;\">Kekec je prvi slovenski mladinski film, kot tudi prvi slovenski film, ki je prejel mednarodno nagrado zlati lev na 16. bene\u0161kem filmskem festivalu v kategoriji otro\u0161kih filmov. Je pustolovsko-pravlji\u010dni otro\u0161ki film re\u017eiserja Jo\u017eeta Galeta iz leta 1951. Posnet je bil po istoimenski zgodbi Josipa Vandota, dogaja pa se v idili\u010dni vasi sredi slovenskih gora. Kekec je prvi del iz trilogije Josipa Vandota, naslova nadaljevanj sta Sre\u010dno, Kekec in Kek\u010deve ukane. Kekec je postal nacionalna znamenitost. Film je bil posnet v \u010drno-beli tehniki na 35 milimetrski trak, izid pa je do\u010dakal 18. decembra 1951.<\/p>\n<h3>ZGODBA<\/h3>\n<figure id=\"attachment_6503\" class=\"wp-caption alignright\" style=\"max-width: 300px\"><img loading=\"lazy\" decoding=\"async\" class=\"size-medium wp-image-6503\" src=\"https:\/\/www.travel-slovenia.si\/slo\/wp-content\/uploads\/2017\/03\/travel-slovenia-kekec-300x153.jpg\" alt=\"\" width=\"300\" height=\"153\" srcset=\"https:\/\/www.travel-slovenia.si\/slo\/wp-content\/uploads\/2017\/03\/travel-slovenia-kekec-300x153.jpg 300w, https:\/\/www.travel-slovenia.si\/slo\/wp-content\/uploads\/2017\/03\/travel-slovenia-kekec-24x12.jpg 24w, https:\/\/www.travel-slovenia.si\/slo\/wp-content\/uploads\/2017\/03\/travel-slovenia-kekec-36x18.jpg 36w, https:\/\/www.travel-slovenia.si\/slo\/wp-content\/uploads\/2017\/03\/travel-slovenia-kekec-48x24.jpg 48w, https:\/\/www.travel-slovenia.si\/slo\/wp-content\/uploads\/2017\/03\/travel-slovenia-kekec.jpg 400w\" sizes=\"auto, (max-width: 300px) 100vw, 300px\" \/><figcaption class=\"wp-caption-text\">Bedanec in Kekec<\/figcaption><\/figure>\n<p style=\"text-align: justify;\">Zgodba se dogaja visoko v gorah, kjer na eni strani le-te v samoti \u017eivi Bedanec, a se ga vsi bojijo zaradi njegove zlobe, na drugi pa dober mo\u017e, dedek in zeli\u0161\u010dar po imenu Kosobrin. Nekega dne Kosobrin sre\u010da Bedan\u010devo deklo, ki mu zaupa, kako te\u017eko je njeno \u017eivljenje. Starec, kljub strahu pred Bedan\u010devim ma\u0161\u010devanjem, Mojco odpelje s seboj. A ju Bedanec ujame in starca prive\u017ee na drevo. Glavni karakter zgodbe je pogumni de\u010dek po imenu Kekec, ki se Bedanca prav ni\u010d ne boji in ko izve za dejanja Bedanca se odlo\u010di, da bo odkril njegovo prebivali\u0161\u010de. Z neizmernim pogumom in pretkanostjo osvobodi Kosobrina in Bedanca prisili, da te kraje za vedno zapusti. Pred odhodom pa je Bedanec \u0161e za\u017egal svojo ko\u010do. Ko se Kekec vrne v svojo vas, je v o\u010deh ljudi pravi junak.<\/p>\n<p>&nbsp;<\/p>\n<table>\n<tbody>\n<tr>\n<td style=\"text-align: center;\"><a href=\"https:\/\/www.travel-slovenia.si\/slo\/slovenski-filmi\/\"><img loading=\"lazy\" decoding=\"async\" class=\"alignleft wp-image-4499 size-full\" src=\"https:\/\/www.travel-slovenia.si\/slo\/wp-content\/uploads\/2014\/09\/travel-slovenia-povezava-na-drugo.jpg\" alt=\"travel-slovenia-povezava-na-drugo\" width=\"128\" height=\"22\" srcset=\"https:\/\/www.travel-slovenia.si\/slo\/wp-content\/uploads\/2014\/09\/travel-slovenia-povezava-na-drugo.jpg 128w, https:\/\/www.travel-slovenia.si\/slo\/wp-content\/uploads\/2014\/09\/travel-slovenia-povezava-na-drugo-24x4.jpg 24w, https:\/\/www.travel-slovenia.si\/slo\/wp-content\/uploads\/2014\/09\/travel-slovenia-povezava-na-drugo-36x6.jpg 36w, https:\/\/www.travel-slovenia.si\/slo\/wp-content\/uploads\/2014\/09\/travel-slovenia-povezava-na-drugo-48x8.jpg 48w\" sizes=\"auto, (max-width: 128px) 100vw, 128px\" \/><\/a><a href=\"https:\/\/www.travel-slovenia.si\/slo\/slovenski-filmi\/\">Poglejte \u0161e druge slovenske filme!<\/a><a href=\"https:\/\/www.travel-slovenia.si\/slo\/slovenski-filmi\/\"><img loading=\"lazy\" decoding=\"async\" class=\"alignright wp-image-4500 size-full\" src=\"https:\/\/www.travel-slovenia.si\/slo\/wp-content\/uploads\/2014\/09\/travel-slovenia-povezava-na-drugo2.jpg\" alt=\"travel-slovenia-povezava-na-drugo2\" width=\"128\" height=\"22\" srcset=\"https:\/\/www.travel-slovenia.si\/slo\/wp-content\/uploads\/2014\/09\/travel-slovenia-povezava-na-drugo2.jpg 128w, https:\/\/www.travel-slovenia.si\/slo\/wp-content\/uploads\/2014\/09\/travel-slovenia-povezava-na-drugo2-24x4.jpg 24w, https:\/\/www.travel-slovenia.si\/slo\/wp-content\/uploads\/2014\/09\/travel-slovenia-povezava-na-drugo2-36x6.jpg 36w, https:\/\/www.travel-slovenia.si\/slo\/wp-content\/uploads\/2014\/09\/travel-slovenia-povezava-na-drugo2-48x8.jpg 48w\" sizes=\"auto, (max-width: 128px) 100vw, 128px\" \/><\/a><\/td>\n<\/tr>\n<\/tbody>\n<\/table>\n<table>\n<tbody>\n<tr>\n<td style=\"text-align: center;\"><a href=\"http:\/\/forum.travel-slovenia.si\/slo\/index.php?topic=100.0\" target=\"_blank\"><img decoding=\"async\" class=\"alignleft wp-image-4737 size-full\" src=\"https:\/\/www.travel-slovenia.si\/wp-content\/uploads\/2016\/10\/travel-slovenia-forum.jpg\" alt=\"travel-slovenia-link-on-other\" height=\"22\" \/><\/a>Napi\u0161ite va\u0161e mnenje o filmu na forumu &#8211; <a href=\"http:\/\/forum.travel-slovenia.si\/slo\/index.php?topic=100.0\" target=\"_blank\">tukaj<\/a>!<\/td>\n<\/tr>\n<\/tbody>\n<\/table>\n","protected":false},"excerpt":{"rendered":"<p>Kekec je prvi slovenski mladinski film, kot tudi prvi slovenski film, ki je prejel mednarodno nagrado zlati lev na 16. bene\u0161kem filmskem festivalu v kategoriji otro\u0161kih filmov. Je pustolovsko-pravlji\u010dni otro\u0161ki film re\u017eiserja Jo\u017eeta Galeta iz leta 1951. Posnet je bil po istoimenski zgodbi Josipa Vandota, dogaja pa se v idili\u010dni vasi sredi slovenskih gora. Kekec [&hellip;]<\/p>\n","protected":false},"author":111,"featured_media":0,"parent":0,"menu_order":0,"comment_status":"closed","ping_status":"closed","template":"","meta":{"footnotes":""},"class_list":["post-6498","page","type-page","status-publish","hentry"],"yoast_head":"<!-- This site is optimized with the Yoast SEO plugin v25.4 - https:\/\/yoast.com\/wordpress\/plugins\/seo\/ -->\n<title>Kekec : Travel-Slovenia<\/title>\n<meta name=\"description\" content=\"Kekec je prvi slovenski mladinski film, kot tudi prvi slovenski film, ki je prejel mednarodno nagrado zlati lev na 16. bene\u0161kem filmskem festivalu.\" \/>\n<meta name=\"robots\" content=\"index, follow, max-snippet:-1, max-image-preview:large, max-video-preview:-1\" \/>\n<link rel=\"canonical\" href=\"https:\/\/www.travel-slovenia.si\/slo\/kekec\/\" \/>\n<meta property=\"og:locale\" content=\"sl_SI\" \/>\n<meta property=\"og:type\" content=\"article\" \/>\n<meta property=\"og:title\" content=\"Kekec : Travel-Slovenia\" \/>\n<meta property=\"og:description\" content=\"Kekec je prvi slovenski mladinski film, kot tudi prvi slovenski film, ki je prejel mednarodno nagrado zlati lev na 16. bene\u0161kem filmskem festivalu.\" \/>\n<meta property=\"og:url\" content=\"https:\/\/www.travel-slovenia.si\/slo\/kekec\/\" \/>\n<meta property=\"og:site_name\" content=\"Travel Slovenia - Sledite lepotam na\u0161e male dr\u017eavice\" \/>\n<meta property=\"article:modified_time\" content=\"2017-03-21T22:21:11+00:00\" \/>\n<meta property=\"og:image\" content=\"https:\/\/www.travel-slovenia.si\/slo\/wp-content\/uploads\/2017\/03\/travel-slovenia-kekec1.jpg\" \/>\n\t<meta property=\"og:image:width\" content=\"400\" \/>\n\t<meta property=\"og:image:height\" content=\"282\" \/>\n\t<meta property=\"og:image:type\" content=\"image\/jpeg\" \/>\n<meta name=\"twitter:card\" content=\"summary_large_image\" \/>\n<meta name=\"twitter:title\" content=\"Kekec : Travel-Slovenia\" \/>\n<meta name=\"twitter:description\" content=\"Kekec je prvi slovenski mladinski film, kot tudi prvi slovenski film, ki je prejel mednarodno nagrado zlati lev na 16. bene\u0161kem filmskem festivalu.\" \/>\n<meta name=\"twitter:image\" content=\"https:\/\/www.travel-slovenia.si\/slo\/wp-content\/uploads\/2017\/03\/travel-slovenia-kekec1.jpg\" \/>\n<meta name=\"twitter:label1\" content=\"Est. reading time\" \/>\n\t<meta name=\"twitter:data1\" content=\"1 minuta\" \/>\n<script type=\"application\/ld+json\" class=\"yoast-schema-graph\">{\"@context\":\"https:\/\/schema.org\",\"@graph\":[{\"@type\":\"WebPage\",\"@id\":\"https:\/\/www.travel-slovenia.si\/slo\/kekec\/\",\"url\":\"https:\/\/www.travel-slovenia.si\/slo\/kekec\/\",\"name\":\"Kekec : Travel-Slovenia\",\"isPartOf\":{\"@id\":\"https:\/\/www.travel-slovenia.si\/slo\/#website\"},\"primaryImageOfPage\":{\"@id\":\"https:\/\/www.travel-slovenia.si\/slo\/kekec\/#primaryimage\"},\"image\":{\"@id\":\"https:\/\/www.travel-slovenia.si\/slo\/kekec\/#primaryimage\"},\"thumbnailUrl\":\"https:\/\/www.travel-slovenia.si\/slo\/wp-content\/uploads\/2017\/03\/travel-slovenia-kekec1-300x212.jpg\",\"datePublished\":\"2017-03-21T22:19:32+00:00\",\"dateModified\":\"2017-03-21T22:21:11+00:00\",\"description\":\"Kekec je prvi slovenski mladinski film, kot tudi prvi slovenski film, ki je prejel mednarodno nagrado zlati lev na 16. bene\u0161kem filmskem festivalu.\",\"breadcrumb\":{\"@id\":\"https:\/\/www.travel-slovenia.si\/slo\/kekec\/#breadcrumb\"},\"inLanguage\":\"sl-SI\",\"potentialAction\":[{\"@type\":\"ReadAction\",\"target\":[\"https:\/\/www.travel-slovenia.si\/slo\/kekec\/\"]}]},{\"@type\":\"ImageObject\",\"inLanguage\":\"sl-SI\",\"@id\":\"https:\/\/www.travel-slovenia.si\/slo\/kekec\/#primaryimage\",\"url\":\"https:\/\/www.travel-slovenia.si\/slo\/wp-content\/uploads\/2017\/03\/travel-slovenia-kekec1.jpg\",\"contentUrl\":\"https:\/\/www.travel-slovenia.si\/slo\/wp-content\/uploads\/2017\/03\/travel-slovenia-kekec1.jpg\",\"width\":400,\"height\":282,\"caption\":\"Slovenski film Kekec\"},{\"@type\":\"BreadcrumbList\",\"@id\":\"https:\/\/www.travel-slovenia.si\/slo\/kekec\/#breadcrumb\",\"itemListElement\":[{\"@type\":\"ListItem\",\"position\":1,\"name\":\"Home\",\"item\":\"https:\/\/www.travel-slovenia.si\/slo\/\"},{\"@type\":\"ListItem\",\"position\":2,\"name\":\"Kekec\"}]},{\"@type\":\"WebSite\",\"@id\":\"https:\/\/www.travel-slovenia.si\/slo\/#website\",\"url\":\"https:\/\/www.travel-slovenia.si\/slo\/\",\"name\":\"Travel Slovenia - Sledite lepotam na\u0161e male dr\u017eavice\",\"description\":\"\",\"potentialAction\":[{\"@type\":\"SearchAction\",\"target\":{\"@type\":\"EntryPoint\",\"urlTemplate\":\"https:\/\/www.travel-slovenia.si\/slo\/?s={search_term_string}\"},\"query-input\":{\"@type\":\"PropertyValueSpecification\",\"valueRequired\":true,\"valueName\":\"search_term_string\"}}],\"inLanguage\":\"sl-SI\"}]}<\/script>\n<!-- \/ Yoast SEO plugin. -->","yoast_head_json":{"title":"Kekec : Travel-Slovenia","description":"Kekec je prvi slovenski mladinski film, kot tudi prvi slovenski film, ki je prejel mednarodno nagrado zlati lev na 16. bene\u0161kem filmskem festivalu.","robots":{"index":"index","follow":"follow","max-snippet":"max-snippet:-1","max-image-preview":"max-image-preview:large","max-video-preview":"max-video-preview:-1"},"canonical":"https:\/\/www.travel-slovenia.si\/slo\/kekec\/","og_locale":"sl_SI","og_type":"article","og_title":"Kekec : Travel-Slovenia","og_description":"Kekec je prvi slovenski mladinski film, kot tudi prvi slovenski film, ki je prejel mednarodno nagrado zlati lev na 16. bene\u0161kem filmskem festivalu.","og_url":"https:\/\/www.travel-slovenia.si\/slo\/kekec\/","og_site_name":"Travel Slovenia - Sledite lepotam na\u0161e male dr\u017eavice","article_modified_time":"2017-03-21T22:21:11+00:00","og_image":[{"width":400,"height":282,"url":"https:\/\/www.travel-slovenia.si\/slo\/wp-content\/uploads\/2017\/03\/travel-slovenia-kekec1.jpg","type":"image\/jpeg"}],"twitter_card":"summary_large_image","twitter_title":"Kekec : Travel-Slovenia","twitter_description":"Kekec je prvi slovenski mladinski film, kot tudi prvi slovenski film, ki je prejel mednarodno nagrado zlati lev na 16. bene\u0161kem filmskem festivalu.","twitter_image":"https:\/\/www.travel-slovenia.si\/slo\/wp-content\/uploads\/2017\/03\/travel-slovenia-kekec1.jpg","twitter_misc":{"Est. reading time":"1 minuta"},"schema":{"@context":"https:\/\/schema.org","@graph":[{"@type":"WebPage","@id":"https:\/\/www.travel-slovenia.si\/slo\/kekec\/","url":"https:\/\/www.travel-slovenia.si\/slo\/kekec\/","name":"Kekec : Travel-Slovenia","isPartOf":{"@id":"https:\/\/www.travel-slovenia.si\/slo\/#website"},"primaryImageOfPage":{"@id":"https:\/\/www.travel-slovenia.si\/slo\/kekec\/#primaryimage"},"image":{"@id":"https:\/\/www.travel-slovenia.si\/slo\/kekec\/#primaryimage"},"thumbnailUrl":"https:\/\/www.travel-slovenia.si\/slo\/wp-content\/uploads\/2017\/03\/travel-slovenia-kekec1-300x212.jpg","datePublished":"2017-03-21T22:19:32+00:00","dateModified":"2017-03-21T22:21:11+00:00","description":"Kekec je prvi slovenski mladinski film, kot tudi prvi slovenski film, ki je prejel mednarodno nagrado zlati lev na 16. bene\u0161kem filmskem festivalu.","breadcrumb":{"@id":"https:\/\/www.travel-slovenia.si\/slo\/kekec\/#breadcrumb"},"inLanguage":"sl-SI","potentialAction":[{"@type":"ReadAction","target":["https:\/\/www.travel-slovenia.si\/slo\/kekec\/"]}]},{"@type":"ImageObject","inLanguage":"sl-SI","@id":"https:\/\/www.travel-slovenia.si\/slo\/kekec\/#primaryimage","url":"https:\/\/www.travel-slovenia.si\/slo\/wp-content\/uploads\/2017\/03\/travel-slovenia-kekec1.jpg","contentUrl":"https:\/\/www.travel-slovenia.si\/slo\/wp-content\/uploads\/2017\/03\/travel-slovenia-kekec1.jpg","width":400,"height":282,"caption":"Slovenski film Kekec"},{"@type":"BreadcrumbList","@id":"https:\/\/www.travel-slovenia.si\/slo\/kekec\/#breadcrumb","itemListElement":[{"@type":"ListItem","position":1,"name":"Home","item":"https:\/\/www.travel-slovenia.si\/slo\/"},{"@type":"ListItem","position":2,"name":"Kekec"}]},{"@type":"WebSite","@id":"https:\/\/www.travel-slovenia.si\/slo\/#website","url":"https:\/\/www.travel-slovenia.si\/slo\/","name":"Travel Slovenia - Sledite lepotam na\u0161e male dr\u017eavice","description":"","potentialAction":[{"@type":"SearchAction","target":{"@type":"EntryPoint","urlTemplate":"https:\/\/www.travel-slovenia.si\/slo\/?s={search_term_string}"},"query-input":{"@type":"PropertyValueSpecification","valueRequired":true,"valueName":"search_term_string"}}],"inLanguage":"sl-SI"}]}},"post_mailing_queue_ids":[],"_links":{"self":[{"href":"https:\/\/www.travel-slovenia.si\/slo\/wp-json\/wp\/v2\/pages\/6498","targetHints":{"allow":["GET"]}}],"collection":[{"href":"https:\/\/www.travel-slovenia.si\/slo\/wp-json\/wp\/v2\/pages"}],"about":[{"href":"https:\/\/www.travel-slovenia.si\/slo\/wp-json\/wp\/v2\/types\/page"}],"author":[{"embeddable":true,"href":"https:\/\/www.travel-slovenia.si\/slo\/wp-json\/wp\/v2\/users\/111"}],"replies":[{"embeddable":true,"href":"https:\/\/www.travel-slovenia.si\/slo\/wp-json\/wp\/v2\/comments?post=6498"}],"version-history":[{"count":3,"href":"https:\/\/www.travel-slovenia.si\/slo\/wp-json\/wp\/v2\/pages\/6498\/revisions"}],"predecessor-version":[{"id":6507,"href":"https:\/\/www.travel-slovenia.si\/slo\/wp-json\/wp\/v2\/pages\/6498\/revisions\/6507"}],"wp:attachment":[{"href":"https:\/\/www.travel-slovenia.si\/slo\/wp-json\/wp\/v2\/media?parent=6498"}],"curies":[{"name":"wp","href":"https:\/\/api.w.org\/{rel}","templated":true}]}}